{"id":5301,"date":"2024-11-12T16:58:37","date_gmt":"2024-11-12T08:58:37","guid":{"rendered":"https:\/\/www.qualitester.com\/?post_type=product&#038;p=5301"},"modified":"2024-12-05T11:16:30","modified_gmt":"2024-12-05T03:16:30","slug":"sale-paper-tearing-tester-manufacturer","status":"publish","type":"product","link":"https:\/\/www.qualitester.com\/sk\/produkt-2\/sale-paper-tearing-tester-manufacturer\/","title":{"rendered":"SLD-02 Tester trhania"},"content":{"rendered":"<h2><strong>Zavedenie testera na trhanie papiera<\/strong><\/h2>\n<p>Str\u00e1nka <strong>SLD-02 Tester na trhanie papiera<\/strong> od spolo\u010dnosti Cell Instruments je navrhnut\u00fd na presn\u00e9 a spo\u013eahliv\u00e9 meranie pevnosti pri roztrhnut\u00ed \u0161irokej \u0161k\u00e1ly materi\u00e1lov vr\u00e1tane papiera, lepenky, textilu, ko\u017ee a plastov\u00fdch f\u00f3li\u00ed. Je vybaven\u00fd pokro\u010dil\u00fdmi funkciami a vyhovuje popredn\u00fdm priemyseln\u00fdm norm\u00e1m vr\u00e1tane <strong>ASTM D689<\/strong>, je tento tester nevyhnutn\u00fd pre odvetvia, ktor\u00e9 klad\u00fa d\u00f4raz na kontrolu kvality, od balenia a tla\u010de a\u017e po zdravotn\u00edcke zariadenia a spotrebn\u00fd tovar. Pomocou tohto n\u00e1stroja m\u00f4\u017eete zabezpe\u010di\u0165, aby va\u0161e materi\u00e1ly sp\u013a\u0148ali pr\u00edsne po\u017eiadavky na odolnos\u0165 proti roztrhnutiu, \u010do pom\u00e1ha udr\u017eiava\u0165 trvanlivos\u0165 a kvalitu v\u00fdrobkov.<\/p>\n<h2><strong>K\u013e\u00fa\u010dov\u00e9 vlastnosti testera na trhanie papiera SLD-02<\/strong><\/h2>\n<ul>\n<li><strong>\u0160irok\u00e1 aplik\u00e1cia<\/strong>: Tester na trhanie papiera SLD-02 presahuje r\u00e1mec testovania papiera a lepenky a pon\u00faka testovanie pevnosti v roztrhnut\u00ed pre listov\u00e9 materi\u00e1ly, ako s\u00fa text\u00edlie, ko\u017ea, plastov\u00e9 f\u00f3lie a dokonca aj kovov\u00e9 f\u00f3lie, v\u010faka \u010domu je ide\u00e1lny pre r\u00f4zne aplik\u00e1cie kontroly kvality.<\/li>\n<li><strong>Inovat\u00edvny dizajn<\/strong>: Model SLD-02 je skon\u0161truovan\u00fd s oh\u013eadom na presnos\u0165 a obsahuje kyvadlov\u00fd mechanizmus a pneumatick\u00fd up\u00ednac\u00ed syst\u00e9m, ktor\u00fd zabezpe\u010duje konzistentn\u00e9 a opakovate\u013en\u00e9 v\u00fdsledky.<\/li>\n<li><strong>Technick\u00e9 \u0161pecifik\u00e1cie<\/strong>: Tento pr\u00edstroj sa m\u00f4\u017ee pochv\u00e1li\u0165 cel\u00fdm radom funkci\u00ed, ktor\u00e9 zvy\u0161uj\u00fa jeho spo\u013eahlivos\u0165 a jednoduchos\u0165 pou\u017e\u00edvania:\n<ul>\n<li><strong>\u0160\u00edrka \u010de\u013euste<\/strong>: 74,8 mm, vhodn\u00e9 pre vzorky s rozmermi 63 \u00d7 76 mm alebo 63 \u00d7 50 mm.<\/li>\n<li><strong>Automatick\u00e9 resetovanie<\/strong>: Po ka\u017edom teste sa kyvadlo automaticky vynuluje, \u010do zjednodu\u0161uje proces testovania.<\/li>\n<li><strong>Pou\u017e\u00edvate\u013esky pr\u00edvetiv\u00e9 rozhranie<\/strong>: 5-palcov\u00e1 farebn\u00e1 dotykov\u00e1 obrazovka pon\u00faka jednoduch\u00e9 a intuit\u00edvne rozhranie na plynul\u00e9 ovl\u00e1danie.<\/li>\n<li><strong>Pneumatick\u00e9 up\u00ednanie vzoriek<\/strong>: Zni\u017euje po\u010det \u013eudsk\u00fdch ch\u00fdb a zabezpe\u010duje konzistentn\u00e9 umiestnenie vzorky.<\/li>\n<li><strong>Viacn\u00e1sobn\u00e9 kapacity kyvadla<\/strong>: R\u00f4zne kapacity umo\u017e\u0148uj\u00fa \u0161irok\u00fa \u0161k\u00e1lu testovac\u00edch aplik\u00e1ci\u00ed, ktor\u00e9 s\u00fa prisp\u00f4soben\u00e9 r\u00f4znym typom materi\u00e1lov a pevnostiam.<\/li>\n<li><strong>Vzduchov\u00fd filter\/regul\u00e1tor<\/strong>: Udr\u017euje integritu komponentov a predl\u017euje \u017eivotnos\u0165 testera filtrovan\u00edm ne\u010dist\u00f4t zo vzduchu.<\/li>\n<\/ul>\n<\/li>\n<\/ul>\n<h2><strong>Ako funguje tester na trhanie papiera<\/strong><\/h2>\n<ul>\n<li><strong>Proces testovania<\/strong>: Tester na trhanie papiera SLD-02 pracuje s presn\u00fdm mechanizmom, ktor\u00fd poskytuje \u0161tandardizovan\u00e9 testovanie trhania:\n<ol>\n<li>Rezac\u00edm no\u017eom sa vytvor\u00ed 43 mm \u0161trbina od vzdialen\u00e9ho okraja vzorky.<\/li>\n<li>Kyvadlov\u00fd mechanizmus po uvo\u013enen\u00ed vyu\u017e\u00edva gravit\u00e1ciu na \u0161\u00edrenie \u0161trbiny, \u010d\u00edm sa vzorka roztrhne na zost\u00e1vaj\u00facej d\u013a\u017eke.<\/li>\n<li>Energia straten\u00e1 po\u010das tohto procesu sa meria a pou\u017e\u00edva na v\u00fdpo\u010det priemernej sily trhania vzorky, \u010d\u00edm sa z\u00edska spo\u013eahliv\u00e1 hodnota odolnosti proti roztrhnutiu.<\/li>\n<\/ol>\n<\/li>\n<\/ul>\n<h2><strong>S\u00falad s hlavn\u00fdmi normami (vr\u00e1tane ASTM D689)<\/strong><\/h2>\n<ul>\n<li><strong>Preh\u013ead noriem<\/strong>: Tester SLD-02 Tear Tester je v s\u00falade s cel\u00fdm radom medzin\u00e1rodn\u00fdch noriem, v\u010faka \u010domu sp\u013a\u0148a pr\u00edsne po\u017eiadavky na testovanie:\n<ul>\n<li><a href=\"https:\/\/www.astm.org\/d1922-15r20.html\" target=\"_blank\" rel=\"noopener nofollow\"><strong>ASTM D1922<\/strong><\/a>: Testovanie odolnosti plastov proti roztrhnutiu.<\/li>\n<li><a href=\"https:\/\/www.astm.org\/d1424-09r19.html\" target=\"_blank\" rel=\"noopener nofollow\"><strong>ASTM D1424<\/strong><\/a>: Norma na meranie odolnosti text\u00edli\u00ed proti roztrhnutiu.<\/li>\n<li><a href=\"https:\/\/www.astm.org\/d0689-17.html\" target=\"_blank\" rel=\"noopener nofollow\"><strong>ASTM D689<\/strong><\/a>: \u0160pecifick\u00e1 norma na meranie odolnosti papiera a lepenky proti roztrhnutiu, ktor\u00e1 je nevyhnutn\u00e1 na kontrolu kvality obalov.<\/li>\n<li><strong>ISO 6383 A ISO 1974<\/strong>: Medzin\u00e1rodn\u00e9 normy pre pevnos\u0165 v roztrhnut\u00ed.<\/li>\n<li><strong>TAPPI T414<\/strong>: Norma na testovanie odolnosti papiera proti roztrhnutiu, ktor\u00e1 sa \u0161iroko pou\u017e\u00edva v papierenskom priemysle.<\/li>\n<\/ul>\n<\/li>\n<li><strong>Zameranie na ASTM D689<\/strong>: Norma ASTM D689 je k\u013e\u00fa\u010dovou normou na meranie odolnosti papiera a lepenky proti roztrhnutiu, ktor\u00e1 zabezpe\u010duje, aby v\u00fdrobky, ako s\u00fa obaly, sp\u013a\u0148ali po\u017eiadavky na kvalitu. V tejto norme sa uv\u00e1dzaj\u00fa \u0161pecifick\u00e9 met\u00f3dy na testovanie odolnosti proti roztrhnutiu, \u010d\u00edm sa zvy\u0161uje presnos\u0165 a spo\u013eahlivos\u0165, najm\u00e4 v aplik\u00e1ci\u00e1ch kontroly kvality. V\u010faka splneniu normy ASTM D689 poskytuje SLD-02 v\u00fdsledky, ktor\u00fdm m\u00f4\u017eete d\u00f4verova\u0165, a u\u013eah\u010duje dodr\u017eiavanie priemyseln\u00fdch noriem.<\/li>\n<\/ul>\n<h2><strong>Technick\u00e9 parametre testera na trhanie papiera<\/strong><\/h2>\n<table>\n<tbody>\n<tr>\n<td style=\"text-align: center;\" width=\"167\">Testovac\u00ed rozsah (mN)<\/td>\n<td style=\"text-align: center;\" width=\"167\">10~8000,8000~16000<\/td>\n<\/tr>\n<tr>\n<td style=\"text-align: center;\" width=\"167\">Zdroj plynu<\/td>\n<td style=\"text-align: center;\" width=\"167\">0,6 MPa<\/td>\n<\/tr>\n<tr>\n<td style=\"text-align: center;\" width=\"167\">Trhacie rameno<\/td>\n<td style=\"text-align: center;\" width=\"167\">104\u00b11mm<\/td>\n<\/tr>\n<tr>\n<td style=\"text-align: center;\" width=\"167\">Po\u010diato\u010dn\u00fd uhol trhania<\/td>\n<td style=\"text-align: center;\" width=\"167\">27.5 \u00b10.5\u00b0<\/td>\n<\/tr>\n<tr>\n<td style=\"text-align: center;\" width=\"167\">Presnos\u0165<\/td>\n<td style=\"text-align: center;\" width=\"167\">0,01 mN<\/td>\n<\/tr>\n<tr>\n<td style=\"text-align: center;\" width=\"167\">Rezacia \u0161trbina<\/td>\n<td style=\"text-align: center;\" width=\"167\">20 mm<\/td>\n<\/tr>\n<tr>\n<td style=\"text-align: center;\" width=\"167\">Povrch svorky<\/td>\n<td style=\"text-align: center;\" width=\"167\">\u226525*15mm<\/td>\n<\/tr>\n<tr>\n<td style=\"text-align: center;\" width=\"167\">Ve\u013ekos\u0165 vzorky<\/td>\n<td style=\"text-align: center;\" width=\"167\">63*50 mm<\/td>\n<\/tr>\n<tr>\n<td style=\"text-align: center;\" width=\"167\">Hr\u00fabka svorky<\/td>\n<td style=\"text-align: center;\" width=\"167\">2,8 \u00b1 0,3 mm<\/td>\n<\/tr>\n<tr>\n<td style=\"text-align: center;\" width=\"167\">Nap\u00e1janie<\/td>\n<td style=\"text-align: center;\" width=\"167\">220 V 50 Hz<\/td>\n<\/tr>\n<\/tbody>\n<\/table>\n<h2><strong>V\u00fdhody testera na trhanie papiera SLD-02<\/strong><\/h2>\n<ul>\n<li><strong>Zv\u00fd\u0161en\u00e1 spo\u013eahlivos\u0165<\/strong>: Pneumatick\u00fd up\u00ednac\u00ed syst\u00e9m minimalizuje chyby sp\u00f4soben\u00e9 manu\u00e1lnou manipul\u00e1ciou, \u010do vedie k dosiahnutiu konzistentn\u00fdch a presn\u00fdch v\u00fdsledkov.<\/li>\n<li><strong>Pou\u017e\u00edvate\u013esky pr\u00edvetiv\u00fd dizajn<\/strong>: 5-palcov\u00fd dotykov\u00fd displej zjednodu\u0161uje ovl\u00e1danie a poskytuje intuit\u00edvne pou\u017e\u00edvate\u013esk\u00e9 prostredie, ktor\u00e9 podporuje efekt\u00edvne testovanie.<\/li>\n<li><strong>Flexibiln\u00e9 mo\u017enosti testovania<\/strong>: Viacer\u00e9 kapacity kyvadla umo\u017e\u0148uj\u00fa testovanie r\u00f4znych materi\u00e1lov, od \u013eahk\u00fdch papierov a\u017e po robustn\u00e9 text\u00edlie a f\u00f3lie.<\/li>\n<li><strong>Trvanlivos\u0165 a \u00fadr\u017eba<\/strong>: Integrovan\u00fd vzduchov\u00fd filter a regul\u00e1tor predl\u017euj\u00fa \u017eivotnos\u0165 pneumatick\u00fdch komponentov, \u010d\u00edm zni\u017euj\u00fa prestoje a n\u00e1klady na \u00fadr\u017ebu.<\/li>\n<\/ul>\n<h2><strong>Pou\u017eitie testera na trhanie papiera<\/strong><\/h2>\n<p>Tester na trhanie papiera SLD-02 sl\u00fa\u017ei v r\u00f4znych priemyseln\u00fdch odvetviach, v ktor\u00fdch je pevnos\u0165 pri trhan\u00ed rozhoduj\u00facim faktorom kvality:<\/p>\n<ul>\n<li><strong>Balenie<\/strong>: Zabezpe\u010duje, aby boli papierov\u00e9 a kart\u00f3nov\u00e9 obaly dostato\u010dne odoln\u00e9 na prepravu a manipul\u00e1ciu.<\/li>\n<li><strong>Lek\u00e1renstvo a farm\u00e1cia<\/strong>: Podporuje vysok\u00e9 \u0161tandardy v oblasti obalov\u00fdch materi\u00e1lov s cie\u013eom zabezpe\u010di\u0165 integritu v\u00fdrobku.<\/li>\n<li><strong>Textil a plasty<\/strong>: Overuje pevnos\u0165 text\u00edli\u00ed, ko\u017ee a plastov\u00fdch f\u00f3li\u00ed pri roztrhnut\u00ed, pri\u010dom dodr\u017eiava normy kvality vo v\u00fdrobn\u00fdch procesoch.<\/li>\n<li><strong>Agent\u00fary na kontrolu kvality<\/strong>: Poskytuje presn\u00e9 merania roztrhnutia a pom\u00e1ha organiz\u00e1ci\u00e1m dodr\u017eiava\u0165 regula\u010dn\u00e9 normy pre pevnos\u0165 a spo\u013eahlivos\u0165 materi\u00e1lu.<\/li>\n<\/ul>\n<h2><strong>\u010casto kladen\u00e9 ot\u00e1zky o teste na trhanie papiera a ASTM D689<\/strong><\/h2>\n<ol>\n<li><strong>\u010co je ASTM D689 a pre\u010do je d\u00f4le\u017eit\u00e1 pre testovanie roztrhnutia?<\/strong><br \/>\n<a href=\"https:\/\/www.qualitester.com\/sk\/kategoria-produktu\/astm\/astm-d689\/\">ASTM D689<\/a> je norma, ktor\u00e1 definuje sk\u00fa\u0161obn\u00e9 met\u00f3dy na meranie odolnosti papiera a lepenky proti roztrhnutiu. Zabezpe\u010duje konzistentnos\u0165 a spo\u013eahlivos\u0165 v\u00fdsledkov testovania, \u010do je nevyhnutn\u00e9 pre kontrolu kvality v priemyseln\u00fdch odvetviach, ktor\u00e9 sa spoliehaj\u00fa na obaly odoln\u00e9 proti roztrhnutiu.<\/li>\n<li><strong>Ako pneumatick\u00fd up\u00ednac\u00ed syst\u00e9m zvy\u0161uje presnos\u0165 testovania?<\/strong><br \/>\nV\u010faka pneumatick\u00e9mu zaisteniu vzoriek zni\u017euje SLD-02 variabilitu \u013eudskej manipul\u00e1cie a poskytuje stabiln\u00e9 uchopenie, ktor\u00e9 zabra\u0148uje sk\u013aznutiu, \u010d\u00edm zabezpe\u010duje konzistentn\u00e9 a presn\u00e9 v\u00fdsledky testov.<\/li>\n<li><strong>M\u00f4\u017ee SLD-02 testova\u0165 aj in\u00e9 materi\u00e1ly ako papier?<\/strong><br \/>\n\u00c1no, SLD-02 je dostato\u010dne univerz\u00e1lny na testovanie r\u00f4znych materi\u00e1lov vr\u00e1tane text\u00edli\u00ed, ko\u017ee a plastov\u00fdch f\u00f3li\u00ed, \u010d\u00edm vyhovuje \u0161irokej \u0161k\u00e1le potrieb kontroly kvality.<\/li>\n<li><strong>Ak\u00fd v\u00fdznam m\u00e1 viacn\u00e1sobn\u00e1 kapacita kyvadla?<\/strong><br \/>\nR\u00f4zne kapacity kyvadla umo\u017e\u0148uj\u00fa modelu SLD-02 pracova\u0165 s materi\u00e1lmi s r\u00f4znou odolnos\u0165ou proti roztrhnutiu, \u010do pon\u00faka flexibilitu pri testovan\u00ed \u013eahk\u00fdch aj \u0165a\u017ek\u00fdch materi\u00e1lov.<\/li>\n<li><strong>Ako je zariadenie SLD-02 v s\u00falade s in\u00fdmi normami okrem normy ASTM D689?<\/strong><br \/>\nOkrem normy ASTM D689 sp\u013a\u0148a aj normy ASTM D1922 pre plasty, ASTM D1424 pre textil, normy ISO a TAPPI T414, \u010do zaru\u010duje jeho vhodnos\u0165 pre medzin\u00e1rodn\u00e9 aplik\u00e1cie kontroly kvality.<\/li>\n<\/ol>","protected":false},"excerpt":{"rendered":"<p>Str\u00e1nka <strong>SLD-02 Tester na trhanie papiera<\/strong> od spolo\u010dnosti Cell Instruments je navrhnut\u00fd na presn\u00e9 a spo\u013eahliv\u00e9 meranie pevnosti pri roztrhnut\u00ed \u0161irokej \u0161k\u00e1ly materi\u00e1lov vr\u00e1tane papiera, lepenky, textilu, ko\u017ee a plastov\u00fdch f\u00f3li\u00ed. Je vybaven\u00fd pokro\u010dil\u00fdmi funkciami a vyhovuje popredn\u00fdm priemyseln\u00fdm norm\u00e1m vr\u00e1tane <strong>ASTM D689<\/strong>, je tento tester nevyhnutn\u00fd pre odvetvia, ktor\u00e9 klad\u00fa d\u00f4raz na kontrolu kvality, od balenia a tla\u010de a\u017e po zdravotn\u00edcke zariadenia a spotrebn\u00fd tovar. Pomocou tohto n\u00e1stroja m\u00f4\u017eete zabezpe\u010di\u0165, aby va\u0161e materi\u00e1ly sp\u013a\u0148ali pr\u00edsne po\u017eiadavky na odolnos\u0165 proti roztrhnutiu, \u010do pom\u00e1ha udr\u017eiava\u0165 trvanlivos\u0165 a kvalitu v\u00fdrobkov.<\/p>","protected":false},"featured_media":6197,"comment_status":"closed","ping_status":"closed","template":"","meta":{"site-sidebar-layout":"default","site-content-layout":"default","ast-global-header-display":"","ast-main-header-display":"","ast-hfb-above-header-display":"","ast-hfb-below-header-display":"","ast-hfb-mobile-header-display":"","site-post-title":"","ast-breadcrumbs-content":"","ast-featured-img":"","footer-sml-layout":"","theme-transparent-header-meta":"default","adv-header-id-meta":"","stick-header-meta":"","header-above-stick-meta":"","header-main-stick-meta":"","header-below-stick-meta":""},"product_cat":[845,953,956,955,954,957,958,952,959,1154,680,44,16,119,121,137,159,165,95],"product_tag":[],"class_list":{"0":"post-5301","1":"product","2":"type-product","3":"status-publish","4":"has-post-thumbnail","6":"product_cat-customization","7":"product_cat-bursting-tester","8":"product_cat-cobb-tester","9":"product_cat-crush-tester","10":"product_cat-paper-tear-tester","11":"product_cat-plybond-tester","12":"product_cat-puncture-tester","13":"product_cat-rub-tester","14":"product_cat-stiffness-tester","15":"product_cat-tappi-t414","16":"product_cat-tear-tester","17":"product_cat-paper-and-board-testers","18":"product_cat-plastic-packaging-testers","19":"product_cat-astm-d1424","20":"product_cat-astm-d1922","21":"product_cat-astm-d689","22":"product_cat-iso-1974","23":"product_cat-iso-6383","24":"product_cat-products","25":"desktop-align-left","26":"tablet-align-left","27":"mobile-align-left","29":"first","30":"instock","31":"shipping-taxable","32":"product-type-simple"},"_links":{"self":[{"href":"https:\/\/www.qualitester.com\/sk\/wp-json\/wp\/v2\/product\/5301","targetHints":{"allow":["GET"]}}],"collection":[{"href":"https:\/\/www.qualitester.com\/sk\/wp-json\/wp\/v2\/product"}],"about":[{"href":"https:\/\/www.qualitester.com\/sk\/wp-json\/wp\/v2\/types\/product"}],"replies":[{"embeddable":true,"href":"https:\/\/www.qualitester.com\/sk\/wp-json\/wp\/v2\/comments?post=5301"}],"version-history":[{"count":0,"href":"https:\/\/www.qualitester.com\/sk\/wp-json\/wp\/v2\/product\/5301\/revisions"}],"wp:featuredmedia":[{"embeddable":true,"href":"https:\/\/www.qualitester.com\/sk\/wp-json\/wp\/v2\/media\/6197"}],"wp:attachment":[{"href":"https:\/\/www.qualitester.com\/sk\/wp-json\/wp\/v2\/media?parent=5301"}],"wp:term":[{"taxonomy":"product_cat","embeddable":true,"href":"https:\/\/www.qualitester.com\/sk\/wp-json\/wp\/v2\/product_cat?post=5301"},{"taxonomy":"product_tag","embeddable":true,"href":"https:\/\/www.qualitester.com\/sk\/wp-json\/wp\/v2\/product_tag?post=5301"}],"curies":[{"name":"wp","href":"https:\/\/api.w.org\/{rel}","templated":true}]}}