{"id":5271,"date":"2024-11-07T10:59:28","date_gmt":"2024-11-07T02:59:28","guid":{"rendered":"https:\/\/www.qualitester.com\/?post_type=product&#038;p=5271"},"modified":"2024-12-05T10:19:31","modified_gmt":"2024-12-05T02:19:31","slug":"sale-corrugated-concora-medium-fluter","status":"publish","type":"product","link":"https:\/\/www.qualitester.com\/sk\/produkt-2\/sale-corrugated-concora-medium-fluter\/","title":{"rendered":"CWY-01 Concora Medium Fluter"},"content":{"rendered":"<h2>\u00davod<\/h2>\n<p>Str\u00e1nka <strong>CWY-01 Concora Medium Fluter<\/strong> je vysokokvalitn\u00fd pr\u00edstroj ur\u010den\u00fd na v\u00fdrobu \u0161tandardizovan\u00fdch dr\u00e1\u017ekovan\u00fdch vzoriek z vlnit\u00e9ho m\u00e9dia. Tento n\u00e1stroj sa pou\u017e\u00edva v obalovom, farmaceutickom, potravin\u00e1rskom, elektronickom priemysle a pri kontrole kvality a je nevyhnutn\u00fd na zabezpe\u010denie pevnosti a trvanlivosti vlnit\u00fdch materi\u00e1lov. Pr\u00edpravou vzoriek pre <strong>Test vlnitosti m\u00e9dia (CMT)<\/strong> a <strong>Sk\u00fa\u0161ka drvenia vlnit\u00e9ho plechu (CCT)<\/strong>, CWY-01 umo\u017e\u0148uje v\u00fdrobcom dodr\u017eiava\u0165 normy kvality a zachov\u00e1va\u0165 konzistenciu v\u00fdrobkov.<\/p>\n<h2>Z\u00e1kladn\u00e9 aplik\u00e1cie stredn\u00e9ho fr\u00e9zovacieho zariadenia CWY-01 Concora<\/h2>\n<p>Str\u00e1nka <strong>CWY-01 Concora Medium Fluter<\/strong> je nevyhnutn\u00e1 na hodnotenie pevnosti vlnit\u00e9ho m\u00e9dia a in\u00fdch materi\u00e1lov pou\u017e\u00edvan\u00fdch pri v\u00fdrobe vlnitej lepenky. Jeho hlavnou funkciou je pripravi\u0165 rovnomern\u00e9 ryhovan\u00e9 vzorky na testovanie pevnosti v tlaku, \u010do pou\u017e\u00edvate\u013eom umo\u017e\u0148uje ur\u010di\u0165, ako dobre materi\u00e1l odol\u00e1va tlaku a zachov\u00e1va \u0161truktur\u00e1lnu integritu pri za\u0165a\u017een\u00ed. Medzi aplik\u00e1cie patria:<\/p>\n<ul>\n<li><strong>CMT<\/strong> na meranie odolnosti proti ploch\u00e9mu stla\u010deniu dr\u00e1\u017ekovan\u00fdch vzoriek<\/li>\n<li><strong>CCT<\/strong> na hodnotenie pevnosti vlnitej lepenky v tlaku na okraji<\/li>\n<\/ul>\n<p>Pou\u017e\u00edva sa vo ve\u013ekej miere v <strong>balenie, zdravotn\u00edcke pom\u00f4cky, lie\u010div\u00e1 a kontrola kvality<\/strong>, CWY-01 podporuje v\u00fdrobcov pri testovan\u00ed materi\u00e1lov s vysokou spo\u013eahlivos\u0165ou a \u00fa\u010dinnos\u0165ou.<\/p>\n<h2>Z\u00e1sady fungovania<\/h2>\n<p>Stredn\u00e1 fr\u00e9za CWY-01 Concora je skon\u0161truovan\u00e1 s oh\u013eadom na presnos\u0165 a jednoduch\u00e9 pou\u017e\u00edvanie. Jeho obsluha zah\u0155\u0148a nieko\u013eko jednoduch\u00fdch krokov:<\/p>\n<ol>\n<li><strong>Nastavenie teploty<\/strong>: Po zapnut\u00ed stroja obsluha nastav\u00ed teplotu tak, aby vlnit\u00e9 kot\u00fa\u010de dosiahli optim\u00e1lnu a stabiln\u00fa teplotu. Toto rovnomern\u00e9 rozlo\u017eenie tepla je rozhoduj\u00face pre vytvorenie presn\u00fdch dr\u00e1\u017eok.<\/li>\n<li><strong>Vzorov\u00e9 k\u0155menie<\/strong>: Vzorka vlnit\u00e9ho m\u00e9dia sa vklad\u00e1 zhora, kde prech\u00e1dza cez vyhrievan\u00e9 disky a vytv\u00e1ra rovnomern\u00fd dr\u00e1\u017ekovan\u00fd tvar.<\/li>\n<li><strong>Pr\u00edprava na testovanie<\/strong>: Vzorka s dr\u00e1\u017ekami sa potom vlo\u017e\u00ed do <strong>Stojan CMT alebo dr\u017eiak CCT<\/strong> a je pripraven\u00fd na sk\u00fa\u0161ku pevnosti v tlaku pomocou vysoko presn\u00e9ho sk\u00fa\u0161obn\u00e9ho zariadenia.<\/li>\n<\/ol>\n<p>Tento systematick\u00fd proces zabezpe\u010duje konzistentn\u00e9 a opakovate\u013en\u00e9 v\u00fdsledky, \u010do umo\u017e\u0148uje presn\u00fa kontrolu kvality v s\u00falade s priemyseln\u00fdmi normami.<\/p>\n<h2>Pr\u00edslu\u0161n\u00e9 normy a sk\u00fa\u0161obn\u00e9 met\u00f3dy<\/h2>\n<p>Stredn\u00e1 fr\u00e9za CWY-01 Concora je v s\u00falade s k\u013e\u00fa\u010dov\u00fdmi priemyseln\u00fdmi normami, \u010do zaru\u010duje vysokokvalitn\u00e9 a \u0161tandardizovan\u00e9 v\u00fdsledky:<\/p>\n<ul>\n<li><strong><a href=\"https:\/\/www.iso.org\/standard\/56171.html\" target=\"_blank\" rel=\"noopener nofollow\">ISO 7263<\/a>: Sk\u00fa\u0161ka vlnitosti m\u00e9dia (CMT)<\/strong>\n<ul>\n<li>Norma ISO 7263 \u0161pecifikuje <strong>Test vlnitosti m\u00e9dia (CMT)<\/strong>, meranie odolnosti vlnit\u00e9ho m\u00e9dia proti plo\u0161n\u00e9mu stla\u010deniu po ryhovan\u00ed. T\u00e1to norma zah\u0155\u0148a aj <a href=\"https:\/\/www.qualitester.com\/sk\/kategoria-produktu\/iso\/iso-7263-1\/\" target=\"_blank\" rel=\"noopener\"><strong>ISO 7263-1<\/strong><\/a> pre kondicionovan\u00e9 vzorky a <strong>ISO 7263-2<\/strong> pre vlhk\u00e9 vzorky. Pr\u00edstroj CWY-01 umo\u017e\u0148uje pr\u00edpravu vzoriek, ktor\u00e9 sp\u013a\u0148aj\u00fa tieto po\u017eiadavky ISO, \u010d\u00edm zabezpe\u010duje presn\u00e9 a spo\u013eahliv\u00e9 v\u00fdsledky testov.<\/li>\n<\/ul>\n<\/li>\n<li><strong><a href=\"https:\/\/www.iso.org\/standard\/57983.html\" target=\"_blank\" rel=\"noopener nofollow\">ISO 16945<\/a>: Sk\u00fa\u0161ka drvenia vlnit\u00e9ho plechu (CCT)<\/strong>\n<ul>\n<li><a href=\"https:\/\/www.qualitester.com\/sk\/kategoria-produktu\/iso\/iso16945\/\" target=\"_blank\" rel=\"noopener\">ISO 16945<\/a> sa zameriava na <strong>Sk\u00fa\u0161ka drvenia vlnit\u00e9ho plechu (CCT)<\/strong>, v ktorom sa hodnot\u00ed odolnos\u0165 vlnitej lepenky vo\u010di rozdrveniu na okrajoch, \u010do je rozhoduj\u00face meradlo trvanlivosti materi\u00e1lu v obaloch. Schopnos\u0165 pr\u00edstroja CWY-01 vytv\u00e1ra\u0165 presn\u00e9 dr\u00e1\u017ekovan\u00e9 vzorky je v s\u00falade s normou ISO 16945, \u010do u\u013eah\u010duje konzistentn\u00e9 testovanie pevnosti v tlaku v s\u00falade s normami.<\/li>\n<\/ul>\n<\/li>\n<li><strong><a href=\"https:\/\/imisrise.tappi.org\/TAPPI\/Products\/01\/T\/0104t843.aspx\" target=\"_blank\" rel=\"noopener nofollow\">TAPPI T843<\/a>: Ploch\u00e1 sk\u00fa\u0161ka drvenia pre vlnit\u00e9 m\u00e9dium<\/strong>\n<ul>\n<li><a href=\"https:\/\/www.qualitester.com\/sk\/kategoria-produktu\/tappi\/tappi-t843\/\" target=\"_blank\" rel=\"noopener\">TAPPI T843<\/a> opisuje postupy testovania <strong>odolnos\u0165 proti stla\u010deniu na plocho<\/strong> z ryhovan\u00e9ho papiera. Pou\u017e\u00edvanie CWY-01 na v\u00fdrobu \u0161tandardizovan\u00fdch vzoriek v s\u00falade s TAPPI T843 zvy\u0161uje presnos\u0165 a porovnate\u013enos\u0165 pri testovan\u00ed, \u010do je rozhoduj\u00face pre zabezpe\u010denie kvality v aplik\u00e1ci\u00e1ch na v\u00fdrobu obalov z vlnitej lepenky.<\/li>\n<\/ul>\n<\/li>\n<\/ul>\n<h2>K\u013e\u00fa\u010dov\u00e9 vlastnosti a v\u00fdhody fr\u00e9zy CWY-01 Concora Medium Fluter<\/h2>\n<ol>\n<li><strong>Odoln\u00e1 a v\u0161estrann\u00e1 kon\u0161trukcia<\/strong>\n<ul>\n<li>Model CWY-01 je skon\u0161truovan\u00fd tak, aby vydr\u017eal vysok\u00e9 za\u0165a\u017eenie, a pon\u00faka spo\u013eahlivos\u0165 po\u010das dlhodobej prev\u00e1dzky, \u010do je ide\u00e1lne pre n\u00e1ro\u010dn\u00e9 testovacie prostredia.<\/li>\n<\/ul>\n<\/li>\n<li><strong>Vymenite\u013en\u00e9 vlnit\u00e9 disky<\/strong>\n<ul>\n<li>Model CWY-01 je \u013eahko prisp\u00f4sobite\u013en\u00fd a umo\u017e\u0148uje pou\u017e\u00edvate\u013eom vymie\u0148a\u0165 disky s r\u00f4znymi profilmi dr\u00e1\u017eok, \u010d\u00edm poskytuje v\u0161estrannos\u0165 pri pr\u00edprave vzoriek.<\/li>\n<\/ul>\n<\/li>\n<li><strong>Nastavite\u013en\u00fd rozsah tlaku s mo\u017enos\u0165ou kalibr\u00e1cie<\/strong>\n<ul>\n<li>Prisp\u00f4sobite\u013en\u00e9 nastavenia tlaku umo\u017e\u0148uj\u00fa presn\u00e9 nastavenie pre r\u00f4zne po\u017eiadavky na testovanie pri zachovan\u00ed s\u00faladu s medzin\u00e1rodn\u00fdmi normami.<\/li>\n<\/ul>\n<\/li>\n<li><strong>Priestorovo efekt\u00edvny vertik\u00e1lny dizajn<\/strong>\n<ul>\n<li>Vertik\u00e1lna kon\u0161trukcia CWY-01 zjednodu\u0161uje pod\u00e1vanie vzoriek, minimalizuje plochu a z\u00e1rove\u0148 maximalizuje jednoduchos\u0165 pou\u017e\u00edvania.<\/li>\n<\/ul>\n<\/li>\n<li><strong>Zabudovan\u00fd vyhrievac\u00ed mechanizmus na rovnomern\u00e9 rozlo\u017eenie teploty<\/strong>\n<ul>\n<li>Integrovan\u00e9 vyhrievanie zabezpe\u010duje rovnomern\u00e9 rozlo\u017eenie teploty na oboch kot\u00fa\u010doch, \u010do je rozhoduj\u00face pre vytvorenie konzistentn\u00fdch a vysokokvalitn\u00fdch dr\u00e1\u017eok.<\/li>\n<\/ul>\n<\/li>\n<li><strong>Presn\u00e1 regul\u00e1cia teploty<\/strong>\n<ul>\n<li>Pou\u017e\u00edvatelia m\u00f4\u017eu presne nastavi\u0165 a kontrolova\u0165 teplotu, \u010d\u00edm sa zabezpe\u010d\u00ed spo\u013eahlivos\u0165 pr\u00edpravy vzorky a zachovanie integrity testu.<\/li>\n<\/ul>\n<\/li>\n<\/ol>\n<h2>Hlavn\u00e9 parametre fr\u00e9zy CWY-01 Concora Medium Fluter<\/h2>\n<ul>\n<li><strong>\u0160\u00edrka vzorky<\/strong>: 0,5 palca (12,7 mm)<\/li>\n<li><strong>Teplotn\u00fd rozsah<\/strong>: Nastavite\u013en\u00e9 pre \u0161pecifick\u00e9 testovacie prostredia<\/li>\n<li><strong>Rozsah tlaku<\/strong>: Nastavite\u013en\u00e9, kalibrovan\u00e9 na splnenie r\u00f4znych testovac\u00edch noriem<\/li>\n<\/ul>\n<h2>\u010casto kladen\u00e9 ot\u00e1zky<\/h2>\n<ol>\n<li><strong>Na \u010do sl\u00fa\u017ei stredn\u00e1 fr\u00e9za CWY-01 Concora?<\/strong>\n<ul>\n<li>CWY-01 pripravuje z vlnit\u00e9ho m\u00e9dia dr\u00e1\u017ekovan\u00e9 vzorky, ktor\u00e9 s\u00fa nevyhnutn\u00e9 na testovanie pevnosti met\u00f3dami CMT a CCT.<\/li>\n<\/ul>\n<\/li>\n<li><strong>Ako je stredn\u00e1 fr\u00e9za CWY-01 Concora v s\u00falade s normou ISO 7263?<\/strong>\n<ul>\n<li>CWY-01 umo\u017e\u0148uje v\u00fdrobu dr\u00e1\u017ekovan\u00fdch vzoriek pod\u013ea normy ISO 7263, \u010d\u00edm zabezpe\u010duje \u0161tandardizovan\u00e9 v\u00fdsledky pri sk\u00fa\u0161kach pevnosti vlnit\u00e9ho m\u00e9dia.<\/li>\n<\/ul>\n<\/li>\n<li><strong>Ak\u00e9 typy materi\u00e1lov mo\u017eno testova\u0165 pomocou CWY-01?<\/strong>\n<ul>\n<li>Pr\u00edstroj CWY-01 je navrhnut\u00fd pre vlnit\u00e9 m\u00e9dium, ale je vhodn\u00fd aj pre in\u00e9 materi\u00e1ly, ktor\u00e9 si vy\u017eaduj\u00fa sk\u00fa\u0161ku pevnosti v tlaku vo vlnit\u00fdch obaloch.<\/li>\n<\/ul>\n<\/li>\n<li><strong>Ako sa reguluje teplota v zariaden\u00ed CWY-01?<\/strong>\n<ul>\n<li>Zabudovan\u00fd ohrievac\u00ed mechanizmus zabezpe\u010duje presn\u00fa kontrolu s rovnomerne rozlo\u017een\u00fdm teplom na diskoch, \u010do zaru\u010duje presn\u00fa tvorbu vzoriek.<\/li>\n<\/ul>\n<\/li>\n<li><strong>M\u00f4\u017ee CWY-01 vyhovova\u0165 r\u00f4znym typom fl\u00e1ut?<\/strong>\n<ul>\n<li>\u00c1no, CWY-01 m\u00e1 vymenite\u013en\u00e9 kot\u00fa\u010de, ktor\u00e9 umo\u017e\u0148uj\u00fa r\u00f4zne profily dr\u00e1\u017eok v z\u00e1vislosti od konkr\u00e9tnych potrieb testovania.<\/li>\n<\/ul>\n<\/li>\n<\/ol>\n<p>Str\u00e1nka <strong>CWY-01 Concora Medium Fluter<\/strong> je robustn\u00fd, prisp\u00f4sobiv\u00fd a presn\u00fd pr\u00edstroj ur\u010den\u00fd na v\u00fdrobu dr\u00e1\u017ekovan\u00fdch vzoriek, ktor\u00e9 sp\u013a\u0148aj\u00fa pr\u00edsne priemyseln\u00e9 normy, ako napr. <strong>ISO 7263<\/strong>, <strong>ISO 16945<\/strong>a <strong>TAPPI T843<\/strong>. Tento univerz\u00e1lny n\u00e1stroj je ide\u00e1lny pre v\u00fdrobcov a t\u00edmy kontroly kvality, ktor\u00e9 sa sna\u017eia zabezpe\u010di\u0165 najvy\u0161\u0161iu \u00farove\u0148 v\u00fdkonu a spo\u013eahlivosti vlnit\u00fdch obalov\u00fdch materi\u00e1lov.<\/p>","protected":false},"excerpt":{"rendered":"<p>Str\u00e1nka <strong>CWY-01 Concora Medium Fluter<\/strong> je vysokokvalitn\u00fd pr\u00edstroj ur\u010den\u00fd na v\u00fdrobu \u0161tandardizovan\u00fdch dr\u00e1\u017ekovan\u00fdch vzoriek z vlnit\u00e9ho m\u00e9dia. Tento n\u00e1stroj sa pou\u017e\u00edva v obalovom, farmaceutickom, potravin\u00e1rskom, elektronickom priemysle a pri kontrole kvality a je nevyhnutn\u00fd na zabezpe\u010denie pevnosti a trvanlivosti vlnit\u00fdch materi\u00e1lov. Pr\u00edpravou vzoriek pre <strong>Test vlnitosti m\u00e9dia (CMT)<\/strong> a <strong>Sk\u00fa\u0161ka drvenia vlnit\u00e9ho plechu (CCT)<\/strong>, CWY-01 umo\u017e\u0148uje v\u00fdrobcom dodr\u017eiava\u0165 normy kvality a zachov\u00e1va\u0165 konzistenciu v\u00fdrobkov.<\/p>","protected":false},"featured_media":6180,"comment_status":"closed","ping_status":"closed","template":"","meta":{"site-sidebar-layout":"default","site-content-layout":"default","ast-global-header-display":"","ast-main-header-display":"","ast-hfb-above-header-display":"","ast-hfb-below-header-display":"","ast-hfb-mobile-header-display":"","site-post-title":"","ast-breadcrumbs-content":"","ast-featured-img":"","footer-sml-layout":"","theme-transparent-header-meta":"default","adv-header-id-meta":"","stick-header-meta":"","header-above-stick-meta":"","header-main-stick-meta":"","header-below-stick-meta":""},"product_cat":[845,953,956,955,1082,1081,954,957,958,952,959,95],"product_tag":[],"class_list":{"0":"post-5271","1":"product","2":"type-product","3":"status-publish","4":"has-post-thumbnail","6":"product_cat-customization","7":"product_cat-bursting-tester","8":"product_cat-cobb-tester","9":"product_cat-crush-tester","10":"product_cat-iso-16945","11":"product_cat-iso-7263-1","12":"product_cat-paper-tear-tester","13":"product_cat-plybond-tester","14":"product_cat-puncture-tester","15":"product_cat-rub-tester","16":"product_cat-stiffness-tester","17":"product_cat-products","18":"desktop-align-left","19":"tablet-align-left","20":"mobile-align-left","22":"first","23":"instock","24":"shipping-taxable","25":"product-type-simple"},"_links":{"self":[{"href":"https:\/\/www.qualitester.com\/sk\/wp-json\/wp\/v2\/product\/5271","targetHints":{"allow":["GET"]}}],"collection":[{"href":"https:\/\/www.qualitester.com\/sk\/wp-json\/wp\/v2\/product"}],"about":[{"href":"https:\/\/www.qualitester.com\/sk\/wp-json\/wp\/v2\/types\/product"}],"replies":[{"embeddable":true,"href":"https:\/\/www.qualitester.com\/sk\/wp-json\/wp\/v2\/comments?post=5271"}],"version-history":[{"count":0,"href":"https:\/\/www.qualitester.com\/sk\/wp-json\/wp\/v2\/product\/5271\/revisions"}],"wp:featuredmedia":[{"embeddable":true,"href":"https:\/\/www.qualitester.com\/sk\/wp-json\/wp\/v2\/media\/6180"}],"wp:attachment":[{"href":"https:\/\/www.qualitester.com\/sk\/wp-json\/wp\/v2\/media?parent=5271"}],"wp:term":[{"taxonomy":"product_cat","embeddable":true,"href":"https:\/\/www.qualitester.com\/sk\/wp-json\/wp\/v2\/product_cat?post=5271"},{"taxonomy":"product_tag","embeddable":true,"href":"https:\/\/www.qualitester.com\/sk\/wp-json\/wp\/v2\/product_tag?post=5271"}],"curies":[{"name":"wp","href":"https:\/\/api.w.org\/{rel}","templated":true}]}}