{"id":5264,"date":"2024-11-07T10:34:56","date_gmt":"2024-11-07T02:34:56","guid":{"rendered":"https:\/\/www.qualitester.com\/?post_type=product&#038;p=5264"},"modified":"2024-12-05T10:12:50","modified_gmt":"2024-12-05T02:12:50","slug":"sale-paper-core-compression-tester","status":"publish","type":"product","link":"https:\/\/www.qualitester.com\/sk\/produkt-2\/sale-paper-core-compression-tester\/","title":{"rendered":"Tester kompresie papierov\u00fdch jadier CST-PC"},"content":{"rendered":"<h2>\u00davod do testera kompresie papierov\u00e9ho jadra<\/h2>\n<p>Str\u00e1nka <strong>Tester kompresie papierov\u00e9ho jadra<\/strong> (CST-PC) je \u0161pecializovan\u00fd pr\u00edstroj ur\u010den\u00fd na meranie pevnosti v tlaku a stohovania r\u00f4znych v\u00fdrobkov na b\u00e1ze papiera, ako s\u00fa papierov\u00e9 r\u00farky, jadr\u00e1, kart\u00f3ny, farebn\u00e9 \u0161katule a palety. Tento testovac\u00ed pr\u00edstroj je nevyhnutn\u00fd v priemyseln\u00fdch odvetviach, ktor\u00e9 vy\u017eaduj\u00fa odoln\u00e9 a spo\u013eahliv\u00e9 obalov\u00e9 rie\u0161enia, preto\u017ee pom\u00e1ha zabezpe\u010di\u0165, aby papierov\u00e9 v\u00fdrobky sp\u013a\u0148ali vysok\u00e9 \u0161tandardy kvality a v\u00fdkonu pod tlakom.<\/p>\n<p>\u010ci u\u017e pracujete v oblasti balenia, potravin\u00e1rstva, zdravotn\u00edctva alebo farmaceutick\u00e9ho priemyslu, pomocou testera na kompresiu papierov\u00fdch jadier m\u00f4\u017eete overi\u0165, \u010di sa papierov\u00e9 r\u00farky alebo jadr\u00e1 pod tlakom neprehn\u00fa, a t\u00fdm ochr\u00e1ni\u0165 v\u00fdrobky vo vn\u00fatri. Okrem toho v\u00fdsledky testovania poskytuj\u00fa v\u00fdrobcom d\u00f4le\u017eit\u00e9 \u00fadaje na optimaliz\u00e1ciu dizajnu v\u00fdrobkov a zlep\u0161enie v\u00fdrobn\u00fdch procesov, \u010do vedie k vy\u0161\u0161ej kvalite a n\u00e1kladovo efekt\u00edvnym rie\u0161eniam.<\/p>\n<h2>Aplik\u00e1cie tlakov\u00e9ho testera papierov\u00fdch jadier<\/h2>\n<p>Tento univerz\u00e1lny tester je ide\u00e1lny na hodnotenie pevnosti a odolnosti r\u00f4znych papierov\u00fdch v\u00fdrobkov vr\u00e1tane:<\/p>\n<ul>\n<li><strong>Testovanie pevnosti v tlaku<\/strong>: Zabezpe\u010duje, aby papierov\u00e9 r\u00farky, jadr\u00e1 a podobn\u00e9 obalov\u00e9 komponenty vydr\u017eali po\u017eadovan\u00e9 tlakov\u00e9 za\u0165a\u017eenie bez deform\u00e1cie.<\/li>\n<li><strong>Testovanie pevnosti pri stohovan\u00ed<\/strong>: Overuje, \u010di si papierov\u00e9 predmety, ako s\u00fa mal\u00e9 kart\u00f3ny a palety, pri stohovan\u00ed zachov\u00e1vaj\u00fa celistvos\u0165, \u010d\u00edm sa chr\u00e1nia pred zr\u00faten\u00edm alebo po\u0161koden\u00edm po\u010das skladovania a prepravy.<\/li>\n<\/ul>\n<p>Vykon\u00e1van\u00edm t\u00fdchto testov pom\u00e1ha tester stla\u010denia jadra papiera v\u00fdrobcom zlep\u0161ova\u0165 ich obalov\u00e9 produkty a sp\u013a\u0148a\u0165 pr\u00edsne priemyseln\u00e9 normy, najm\u00e4 v potravin\u00e1rskom, zdravotn\u00edckom a spotrebnom sektore, kde je integrita obalov ve\u013emi d\u00f4le\u017eit\u00e1.<\/p>\n<h2>K\u013e\u00fa\u010dov\u00e9 v\u00fdhody a vlastnosti tlakov\u00e9ho testera papierov\u00fdch jadier<\/h2>\n<p>Tester na lisovanie papierov\u00fdch jadier CST-PC pon\u00faka cel\u00fd rad funkci\u00ed navrhnut\u00fdch na zjednodu\u0161enie testovac\u00edch procesov a z\u00e1rove\u0148 zaru\u010duje presnos\u0165 a spo\u013eahlivos\u0165:<\/p>\n<ul>\n<li><strong>Pou\u017e\u00edvate\u013esky pr\u00edvetiv\u00e9 ovl\u00e1danie pomocou dotykovej obrazovky<\/strong>: Zjednodu\u0161uje testovanie pomocou preh\u013eadn\u00e9ho rozhrania.<\/li>\n<li><strong>Pokro\u010dil\u00e9 mikropo\u010d\u00edta\u010dov\u00e9 spracovanie<\/strong>: Poskytuje automatizovan\u00e9 meranie, interpret\u00e1ciu v\u00fdsledkov a funkciu samovr\u00e1tenia, v\u010faka ktorej je zber a anal\u00fdza \u00fadajov bezprobl\u00e9mov\u00e1.<\/li>\n<li><strong>Vysoko presn\u00e9 sn\u00edma\u010de<\/strong>: Zaznamen\u00e1va kompresn\u00fa silu a deform\u00e1ciu v re\u00e1lnom \u010dase s mimoriadnou presnos\u0165ou.<\/li>\n<li><strong>Spr\u00e1va \u00fadajov<\/strong>: Zariadenie obsahuje zabudovan\u00fa tepeln\u00fa mikrotla\u010diare\u0148 na okam\u017eit\u00e9 v\u00fdsledky a mo\u017enosti zobrazenia, sledovania a exportu \u00fadajov v re\u00e1lnom \u010dase.<\/li>\n<li><strong>Odoln\u00e1 kon\u0161trukcia so synchr\u00f3nnym motorom<\/strong>: Obsahuje robustn\u00fd pohonn\u00fd syst\u00e9m so synchr\u00f3nnym motorom a vysokokvalitnou z\u00e1vitovou skrutkou, ktor\u00e1 zvy\u0161uje odolnos\u0165 a udr\u017eiava konzistentn\u00e9 testovacie r\u00fdchlosti.<\/li>\n<\/ul>\n<p>V\u010faka t\u00fdmto vlastnostiam je tester stla\u010denia jadra papiera spo\u013eahliv\u00fdm a v\u0161estrann\u00fdm n\u00e1strojom na kontrolu kvality, vhodn\u00fdm na \u010dast\u00e9 a vysoko presn\u00e9 testovanie v priemyselnom prostred\u00ed.<\/p>\n<h2>Princ\u00edp a metodika testovania<\/h2>\n<p>Na zabezpe\u010denie presn\u00fdch a opakovate\u013en\u00fdch v\u00fdsledkov sa proces testovania riadi jednotnou metodikou:<\/p>\n<ul>\n<li><strong>Pr\u00edprava vzorky<\/strong>: Ka\u017ed\u00e1 papierov\u00e1 r\u00farka alebo jadro sa starostlivo priprav\u00ed a umiestni na tester, aby sa zabezpe\u010dila stabilita a rovnomern\u00e9 rozlo\u017eenie tlaku v s\u00falade s priemyseln\u00fdmi normami.<\/li>\n<li><strong>Postup testovania<\/strong>: Horn\u00e1 doska testera p\u00f4sob\u00ed na papierov\u00fa trubicu kontrolovanou vertik\u00e1lnou silou pri kon\u0161tantnej r\u00fdchlosti. Tester vybaven\u00fd vysoko presn\u00fdm sn\u00edma\u010dom zachyt\u00e1va a zaznamen\u00e1va \u00fadaje o stla\u010den\u00ed, \u010d\u00edm odha\u013euje mechanick\u00fa odozvu vzorky pod tlakom. Tieto \u00fadaje poskytuj\u00fa spo\u013eahliv\u00fd z\u00e1klad na pos\u00fadenie pevnosti v tlaku a vyhodnotenie trvanlivosti v\u00fdrobku.<\/li>\n<\/ul>\n<h2>S\u00falad s normami ISO: ISO 12048, ISO 2872, ISO 2874<\/h2>\n<p>Dodr\u017eiavanie noriem ISO je ve\u013emi d\u00f4le\u017eit\u00e9 na zabezpe\u010denie toho, aby obalov\u00e9 materi\u00e1ly sp\u013a\u0148ali glob\u00e1lne krit\u00e9ri\u00e1 kvality. Tester na kompresiu papierov\u00fdch jadier sp\u013a\u0148a nieko\u013eko k\u013e\u00fa\u010dov\u00fdch noriem ISO, \u010do pou\u017e\u00edvate\u013eom poskytuje istotu spo\u013eahlivosti testovania:<\/p>\n<ul>\n<li><a href=\"https:\/\/www.iso.org\/standard\/20810.html\" target=\"_blank\" rel=\"noopener nofollow\"><strong>ISO 12048<\/strong><\/a>: T\u00e1to norma \u0161pecifikuje met\u00f3dy sk\u00fa\u0161ania prepravn\u00fdch obalov v tlaku a stohovania, ktor\u00e9 hodnotia ich kon\u0161truk\u010dn\u00e9 vlastnosti s cie\u013eom zabezpe\u010di\u0165 bezpe\u010dnos\u0165 v\u00fdrobku.<\/li>\n<li><a href=\"https:\/\/www.iso.org\/standard\/7890.html\" target=\"_blank\" rel=\"noopener nofollow\"><strong>ISO 2872<\/strong><\/a>: T\u00e1to norma sa zameriava na lepenkov\u00e9 a papierov\u00e9 obaly a definuje postupy sk\u00fa\u0161ania pevnosti obalov v tlaku po\u010das skladovania.<\/li>\n<li><a href=\"https:\/\/www.iso.org\/standard\/7894.html\" target=\"_blank\" rel=\"noopener nofollow\"><strong>ISO 2874<\/strong><\/a>: V tejto norme s\u00fa uveden\u00e9 po\u017eiadavky na sk\u00fa\u0161ky stohovania pre plne zabalen\u00e9 prepravn\u00e9 obaly, ktor\u00e9 s\u00fa nevyhnutn\u00e9 na osved\u010denie, \u017ee v\u00fdrobky vydr\u017eia stohovanie po\u010das distrib\u00facie.<\/li>\n<\/ul>\n<p>Tieto normy stanovuj\u00fa jednotn\u00e9 krit\u00e9ri\u00e1 testovania, ktor\u00e9 zabezpe\u010duj\u00fa, \u017ee \u00fadaje z testera na stl\u00e1\u010danie papierov\u00fdch jadier s\u00fa presn\u00e9, opakovate\u013en\u00e9 a v s\u00falade s medzin\u00e1rodn\u00fdmi osved\u010den\u00fdmi postupmi pre kvalitu obalov.<\/p>\n<h2>Pre\u010do s\u00fa normy ISO d\u00f4le\u017eit\u00e9 pri testovan\u00ed kompresie<\/h2>\n<p>Dodr\u017eiavanie noriem ISO, ako napr. <a href=\"https:\/\/www.qualitester.com\/sk\/kategoria-produktu\/iso\/iso-12048\/\" target=\"_blank\" rel=\"noopener\">ISO 12048<\/a>, <a href=\"https:\/\/www.qualitester.com\/sk\/kategoria-produktu\/iso\/iso-2872\/\" target=\"_blank\" rel=\"noopener\">ISO 2872<\/a>a <a href=\"https:\/\/www.qualitester.com\/sk\/kategoria-produktu\/iso\/iso-2874\/\" target=\"_blank\" rel=\"noopener\">ISO 2874<\/a> je nevyhnutn\u00e1 na zachovanie kvality a bezpe\u010dnosti balenia. Dodr\u017eiavan\u00edm t\u00fdchto noriem v\u00fdrobcovia a odborn\u00edci na kontrolu kvality zabezpe\u010duj\u00fa, aby obalov\u00e9 v\u00fdrobky vydr\u017eali n\u00e1ro\u010dn\u00e9 podmienky skladovania a prepravy bez toho, aby bola ohrozen\u00e1 bezpe\u010dnos\u0165 obsahu. S\u00falad testera na kompresiu papierov\u00e9ho jadra s t\u00fdmito normami umo\u017e\u0148uje v\u00fdrobcom splni\u0165 o\u010dak\u00e1vania regula\u010dn\u00fdch org\u00e1nov aj z\u00e1kazn\u00edkov, pokia\u013e ide o spo\u013eahliv\u00e9 fungovanie obalov.<\/p>\n<h2>Technick\u00e9 \u0161pecifik\u00e1cie tlakov\u00e9ho testera papierov\u00fdch jadier<\/h2>\n<p>CST-PC pon\u00faka presn\u00e9 a spo\u013eahliv\u00e9 testovanie v\u010faka pokro\u010dil\u00fdm technick\u00fdm \u0161pecifik\u00e1ci\u00e1m:<\/p>\n<ul>\n<li><strong>Rozsah kompresnej sily<\/strong>: Dok\u00e1\u017ee pracova\u0165 so \u0161irok\u00fdm rozsahom \u00farovn\u00ed sily, aby sa prisp\u00f4sobila r\u00f4znym pevnostiam materi\u00e1lu.<\/li>\n<li><strong>Maxim\u00e1lna nosnos\u0165<\/strong>: Zabezpe\u010duje dostato\u010dn\u00fa kapacitu na robustn\u00e9 testovanie r\u00f4znych papierov\u00fdch v\u00fdrobkov.<\/li>\n<li><strong>Vysok\u00e9 \u00farovne presnosti<\/strong>: Poskytuje presn\u00e9 merania sily, minimalizuje chyby a zvy\u0161uje spo\u013eahlivos\u0165 testov.<\/li>\n<li><strong>Meracie jednotky a riadenie r\u00fdchlosti<\/strong>: Poskytuje flexibiln\u00e9 mo\u017enosti riadenia r\u00fdchlosti testovania a merac\u00edch jednotiek, aby zodpovedali konkr\u00e9tnym norm\u00e1m a materi\u00e1lom.<\/li>\n<\/ul>\n<p>Tieto \u0161pecifik\u00e1cie prispievaj\u00fa k celkovej presnosti, trvanlivosti a jednoduchosti pou\u017e\u00edvania pr\u00edstroja, v\u010faka \u010domu sa st\u00e1va z\u00e1kladn\u00fdm n\u00e1strojom na zabezpe\u010denie kvality pri testovan\u00ed obalov\u00fdch materi\u00e1lov.<\/p>\n<h2>\u010casto kladen\u00e9 ot\u00e1zky (FAQ)<\/h2>\n<ol>\n<li><strong>Ak\u00e9 typy v\u00fdrobkov mo\u017eno testova\u0165 pomocou tlakov\u00e9ho testera papierov\u00fdch jadier?<\/strong>\n<ul>\n<li>Tento tester je vhodn\u00fd na r\u00f4zne v\u00fdrobky na b\u00e1ze papiera vr\u00e1tane papierov\u00fdch r\u00far, paliet, kart\u00f3nov a in\u00fdch obalov\u00fdch materi\u00e1lov, ktor\u00e9 si vy\u017eaduj\u00fa testovanie pevnosti v tlaku a stohovania.<\/li>\n<\/ul>\n<\/li>\n<li><strong>Ako tester kompresie papierov\u00e9ho jadra zabezpe\u010duje presnos\u0165?<\/strong>\n<ul>\n<li>Zariadenie je vybaven\u00e9 vysoko presn\u00fdmi sn\u00edma\u010dmi a synchr\u00f3nnym motorom, ktor\u00fd zabezpe\u010duje konzistentn\u00fa aplik\u00e1ciu tlaku a poskytuje spo\u013eahliv\u00e9 \u00fadaje na presn\u00e9 vyhodnotenie v\u00fdkonu.<\/li>\n<\/ul>\n<\/li>\n<li><strong>Pre\u010do s\u00fa normy ISO 12048, ISO 2872 a ISO 2874 d\u00f4le\u017eit\u00e9?<\/strong>\n<ul>\n<li>Tieto normy definuj\u00fa met\u00f3dy testovania stla\u010denia a stohovania a pom\u00e1haj\u00fa v\u00fdrobcom potvrdi\u0165, \u017ee ich obalov\u00e9 v\u00fdrobky sp\u013a\u0148aj\u00fa uzn\u00e1van\u00e9 priemyseln\u00e9 normy kvality a bezpe\u010dnosti.<\/li>\n<\/ul>\n<\/li>\n<li><strong>D\u00e1 sa tester na stl\u00e1\u010danie papierov\u00fdch jadier prisp\u00f4sobi\u0165 pre jedine\u010dn\u00e9 potreby testovania?<\/strong>\n<ul>\n<li>\u00c1no, pon\u00fakame mo\u017enosti prisp\u00f4sobenia, aby sme splnili \u0161pecifick\u00e9 po\u017eiadavky na testovanie a jedine\u010dn\u00e9 aplik\u00e1cie v r\u00f4znych odvetviach.<\/li>\n<\/ul>\n<\/li>\n<li><strong>Ako sa zbieraj\u00fa a uchov\u00e1vaj\u00fa \u00fadaje po\u010das testovania?<\/strong>\n<ul>\n<li>Mikropo\u010d\u00edta\u010dov\u00fd syst\u00e9m testera zaznamen\u00e1va \u00fadaje v re\u00e1lnom \u010dase s mo\u017enos\u0165ou okam\u017eit\u00e9ho v\u00fdtla\u010dku prostredn\u00edctvom zabudovanej tepelnej tla\u010diarne, ako aj exportu a sledovania v\u00fdsledkov na jednoduch\u00fa anal\u00fdzu a dokument\u00e1ciu.<\/li>\n<\/ul>\n<\/li>\n<\/ol>","protected":false},"excerpt":{"rendered":"<p>Str\u00e1nka <strong>Tester kompresie papierov\u00e9ho jadra<\/strong> (CST-PC) je \u0161pecializovan\u00fd pr\u00edstroj ur\u010den\u00fd na meranie pevnosti v tlaku a stohovania r\u00f4znych v\u00fdrobkov na b\u00e1ze papiera, ako s\u00fa papierov\u00e9 r\u00farky, jadr\u00e1, kart\u00f3ny, farebn\u00e9 \u0161katule a palety. Tento testovac\u00ed pr\u00edstroj je nevyhnutn\u00fd v priemyseln\u00fdch odvetviach, ktor\u00e9 vy\u017eaduj\u00fa odoln\u00e9 a spo\u013eahliv\u00e9 obalov\u00e9 rie\u0161enia, preto\u017ee pom\u00e1ha zabezpe\u010di\u0165, aby papierov\u00e9 v\u00fdrobky sp\u013a\u0148ali vysok\u00e9 \u0161tandardy kvality a v\u00fdkonu pod tlakom.<\/p>","protected":false},"featured_media":6178,"comment_status":"closed","ping_status":"closed","template":"","meta":{"site-sidebar-layout":"default","site-content-layout":"default","ast-global-header-display":"","ast-main-header-display":"","ast-hfb-above-header-display":"","ast-hfb-below-header-display":"","ast-hfb-mobile-header-display":"","site-post-title":"","ast-breadcrumbs-content":"","ast-featured-img":"","footer-sml-layout":"","theme-transparent-header-meta":"default","adv-header-id-meta":"","stick-header-meta":"","header-above-stick-meta":"","header-main-stick-meta":"","header-below-stick-meta":""},"product_cat":[845,953,956,955,1065,1067,1066,965,954,957,958,952,959,44,95],"product_tag":[],"class_list":{"0":"post-5264","1":"product","2":"type-product","3":"status-publish","4":"has-post-thumbnail","6":"product_cat-customization","7":"product_cat-bursting-tester","8":"product_cat-cobb-tester","9":"product_cat-crush-tester","10":"product_cat-iso-12048","11":"product_cat-iso-2872","12":"product_cat-iso-2874","13":"product_cat-package-compression-tester","14":"product_cat-paper-tear-tester","15":"product_cat-plybond-tester","16":"product_cat-puncture-tester","17":"product_cat-rub-tester","18":"product_cat-stiffness-tester","19":"product_cat-paper-and-board-testers","20":"product_cat-products","21":"desktop-align-left","22":"tablet-align-left","23":"mobile-align-left","25":"first","26":"instock","27":"shipping-taxable","28":"product-type-simple"},"_links":{"self":[{"href":"https:\/\/www.qualitester.com\/sk\/wp-json\/wp\/v2\/product\/5264","targetHints":{"allow":["GET"]}}],"collection":[{"href":"https:\/\/www.qualitester.com\/sk\/wp-json\/wp\/v2\/product"}],"about":[{"href":"https:\/\/www.qualitester.com\/sk\/wp-json\/wp\/v2\/types\/product"}],"replies":[{"embeddable":true,"href":"https:\/\/www.qualitester.com\/sk\/wp-json\/wp\/v2\/comments?post=5264"}],"version-history":[{"count":0,"href":"https:\/\/www.qualitester.com\/sk\/wp-json\/wp\/v2\/product\/5264\/revisions"}],"wp:featuredmedia":[{"embeddable":true,"href":"https:\/\/www.qualitester.com\/sk\/wp-json\/wp\/v2\/media\/6178"}],"wp:attachment":[{"href":"https:\/\/www.qualitester.com\/sk\/wp-json\/wp\/v2\/media?parent=5264"}],"wp:term":[{"taxonomy":"product_cat","embeddable":true,"href":"https:\/\/www.qualitester.com\/sk\/wp-json\/wp\/v2\/product_cat?post=5264"},{"taxonomy":"product_tag","embeddable":true,"href":"https:\/\/www.qualitester.com\/sk\/wp-json\/wp\/v2\/product_tag?post=5264"}],"curies":[{"name":"wp","href":"https:\/\/api.w.org\/{rel}","templated":true}]}}