{"id":5242,"date":"2024-11-06T12:02:30","date_gmt":"2024-11-06T04:02:30","guid":{"rendered":"https:\/\/www.qualitester.com\/?post_type=product&#038;p=5242"},"modified":"2024-12-05T09:52:23","modified_gmt":"2024-12-05T01:52:23","slug":"sale-internal-bond-tester-iso-16260","status":"publish","type":"product","link":"https:\/\/www.qualitester.com\/sk\/produkt-2\/sale-internal-bond-tester-iso-16260\/","title":{"rendered":"BGT-01 Tester vn\u00fatorn\u00fdch v\u00e4zieb"},"content":{"rendered":"<h2><strong>\u00davod Tester vn\u00fatorn\u00fdch v\u00e4zieb<\/strong><\/h2>\n<p>Str\u00e1nka <strong>BGT-01 Tester vn\u00fatorn\u00fdch v\u00e4zieb<\/strong> je modern\u00fd pr\u00edstroj ur\u010den\u00fd na meranie energie potrebnej na r\u00fdchle rozvrstvenie vzorky papiera alebo lepenky v <strong>Smer Z<\/strong>. Tento test simuluje r\u00fdchle n\u00e1razy a n\u00e1razov\u00e9 za\u0165a\u017eenia, ktor\u00fdm m\u00f4\u017eu by\u0165 v\u00fdrobky z papiera a lepenky vystaven\u00e9 po\u010das procesov, ako je tla\u010d alebo konverzia. Na str\u00e1nke . <strong>Tester vn\u00fatorn\u00fdch v\u00e4zieb<\/strong> vyu\u017e\u00edva kyvadlo s definovanou hmotnos\u0165ou a r\u00fdchlos\u0165ou na iniciovanie roztrhnutia, \u010do z neho rob\u00ed ide\u00e1lny n\u00e1stroj na pos\u00fadenie odolnosti materi\u00e1lu vo\u010di vn\u00fatorn\u00e9mu nam\u00e1haniu.<\/p>\n<p>Pr\u00edstroj BGT-01 je ide\u00e1lny na testovanie r\u00f4znych druhov papiera a lepenky vr\u00e1tane jednovrstvov\u00e9ho a viacvrstvov\u00e9ho papiera, natieran\u00fdch h\u00e1rkov a dosiek laminovan\u00fdch syntetick\u00fdmi polym\u00e9rov\u00fdmi f\u00f3liami. Je obzvl\u00e1\u0161\u0165 vhodn\u00fd pre materi\u00e1ly vystaven\u00e9 <strong>R\u00fdchle n\u00e1razy v smere Z<\/strong>, ako s\u00fa obaly, tla\u010d a in\u00e9 priemyseln\u00e9 aplik\u00e1cie, kde je \u017eivotnos\u0165 ve\u013emi d\u00f4le\u017eit\u00e1.<\/p>\n<h2><strong>Sk\u00fa\u0161obn\u00e9 met\u00f3dy: ISO 16260 a normy<\/strong><\/h2>\n<h3><strong><a href=\"https:\/\/www.iso.org\/standard\/56038.html\" target=\"_blank\" rel=\"noopener nofollow\">ISO 16260<\/a>: Medzin\u00e1rodn\u00e1 norma pre sk\u00fa\u0161ky vn\u00fatorn\u00fdch v\u00e4zieb<\/strong><\/h3>\n<p><a href=\"https:\/\/www.qualitester.com\/sk\/kategoria-produktu\/iso\/iso-16260\/\" target=\"_blank\" rel=\"noopener\"><strong>ISO 16260<\/strong><\/a> \u0161pecifikuje sk\u00fa\u0161obn\u00fa met\u00f3du na meranie pevnosti vn\u00fatorn\u00e9ho spoja papiera a lepenky. T\u00e1to norma definuje postup vykon\u00e1vania sk\u00fa\u0161ok, pri ktor\u00fdch sa na delamin\u00e1ciu vzorky pou\u017e\u00edva kyvadlov\u00fd n\u00e1raz, \u010d\u00edm sa hodnot\u00ed pevnos\u0165 materi\u00e1lu pri r\u00fdchlom, lokalizovanom nam\u00e1han\u00ed. Simul\u00e1ciou re\u00e1lnych podmienok, v ktor\u00fdch s\u00fa papier a lepenka vystaven\u00e9 n\u00e1razov\u00e9mu za\u0165a\u017eeniu, <strong>ISO 16260<\/strong> pom\u00e1ha zabezpe\u010di\u0165, aby boli materi\u00e1ly odoln\u00e9 a spo\u013eahliv\u00e9.<\/p>\n<ul>\n<li><strong>Proces testovania<\/strong>: Pevnos\u0165 vn\u00fatorn\u00e9ho spoja sa meria uvo\u013enen\u00edm kyvadla s pevnou hmotnos\u0165ou, ktor\u00e9 naraz\u00ed na vzorku stanovenou r\u00fdchlos\u0165ou, \u010d\u00edm sa iniciuje delamin\u00e1cia v <strong>Smer Z<\/strong>.<\/li>\n<li><strong>Relevantnos\u0165<\/strong>: T\u00e1to norma m\u00e1 z\u00e1sadn\u00fd v\u00fdznam pre zabezpe\u010denie toho, aby materi\u00e1ly z papiera a lepenky boli schopn\u00e9 odol\u00e1va\u0165 n\u00e1razom, ktor\u00e9 sa vyskytuj\u00fa pri v\u00fdrobe, balen\u00ed a preprave. S\u00falad s <strong>ISO 16260<\/strong> je pre v\u00fdrobcov papiera, obalov a pr\u00edbuzn\u00fdch odvetv\u00ed nevyhnutn\u00e1 na zabezpe\u010denie v\u00fdkonu a kvality v\u00fdrobkov.<\/li>\n<\/ul>\n<h3><strong>\u010eal\u0161ie pr\u00edslu\u0161n\u00e9 normy<\/strong><\/h3>\n<ul>\n<li><strong>TAPPI T569<\/strong>: Norma vypracovan\u00e1 Technickou asoci\u00e1ciou celul\u00f3zovo-papierensk\u00e9ho priemyslu, ktor\u00e1 sa zameriava na delamin\u00e1ciu lepenkov\u00fdch materi\u00e1lov pri riadenom kyvadlovom n\u00e1raze.<\/li>\n<li><strong>GB\/T 26203<\/strong>: \u010c\u00ednska norma, ktor\u00e1 definuje sk\u00fa\u0161ku vn\u00fatornej v\u00e4zby pre papier a lepenkov\u00e9 materi\u00e1ly a je v s\u00falade s medzin\u00e1rodn\u00fdmi sk\u00fa\u0161obn\u00fdmi protokolmi.<\/li>\n<li><strong>QB\/T 5558<\/strong>: \u010c\u00ednska norma, ktor\u00e1 upravuje testovanie pevnosti vn\u00fatornej v\u00e4zby papiera a lepenky, \u010d\u00edm sa zabezpe\u010duje, \u017ee sp\u013a\u0148aj\u00fa po\u017eadovan\u00e9 vlastnosti pre obaly.<\/li>\n<\/ul>\n<h2><strong>Vlastnosti a v\u00fdhody testera vn\u00fatorn\u00fdch v\u00e4zieb BGT-01<\/strong><\/h2>\n<ul>\n<li><strong>Automatick\u00e9 uvo\u013enenie kyvadla<\/strong>: BGT-01 <strong>Tester vn\u00fatorn\u00fdch v\u00e4zieb<\/strong> je vybaven\u00fd automatick\u00fdm uvo\u013e\u0148ovac\u00edm mechanizmom kyvadla, ktor\u00fd zaka\u017ed\u00fdm zabezpe\u010d\u00ed konzistentn\u00e9 a opakovate\u013en\u00e9 v\u00fdsledky testov. T\u00e1to funkcia zvy\u0161uje presnos\u0165 a spo\u013eahlivos\u0165.<\/li>\n<li><strong>Vysok\u00e9 rozl\u00ed\u0161enie a presnos\u0165<\/strong>: Pr\u00edstroj m\u00e1 rozl\u00ed\u0161enie zberu \u00fadajov 0,001 lbf\/in\u00b2 a je nap\u00e1jan\u00fd vysoko presn\u00fdm 5000-impulzn\u00fdm sn\u00edma\u010dom. To umo\u017e\u0148uje podrobn\u00e9 meranie pevnosti vn\u00fatorn\u00e9ho spoja, \u010d\u00edm sa zabezpe\u010duje, \u017ee sa daj\u00fa zisti\u0165 aj mal\u00e9 rozdiely vo v\u00fdkonnosti materi\u00e1lu.<\/li>\n<li><strong>Samokalibra\u010dn\u00fd n\u00e1stroj<\/strong>: BGT-01 <strong>Tester vn\u00fatorn\u00fdch v\u00e4zieb <\/strong>sa dod\u00e1va so \u0161peci\u00e1lnou 5-stup\u0148ovou kalibra\u010dnou s\u00fapravou (doplnkov\u00e9 pr\u00edslu\u0161enstvo), ktor\u00e1 umo\u017e\u0148uje jednoduch\u00fa kalibr\u00e1ciu na udr\u017eanie optim\u00e1lneho v\u00fdkonu a presnosti v priebehu \u010dasu.<\/li>\n<li><strong>Flexibiln\u00e9 prep\u00ednanie jednotiek<\/strong>: Na str\u00e1nke <strong>Tester vn\u00fatorn\u00fdch v\u00e4zieb <\/strong>pon\u00faka v\u0161estrannos\u0165 s mo\u017enos\u0165ou prep\u00ednania medzi merac\u00edmi jednotkami vr\u00e1tane J\/M\u00b2 a lbf\/in\u00b2, v\u010faka \u010domu sa d\u00e1 prisp\u00f4sobi\u0165 r\u00f4znym priemyseln\u00fdm po\u017eiadavk\u00e1m.<\/li>\n<li><strong>Pou\u017e\u00edvate\u013esky pr\u00edvetiv\u00e9 rozhranie<\/strong>: Rozhranie 5,0-palcov\u00e9ho farebn\u00e9ho dotykov\u00e9ho displeja je intuit\u00edvne, zobrazuje \u00fadaje z testov v re\u00e1lnom \u010dase a umo\u017e\u0148uje jednoduch\u00fa navig\u00e1ciu v nastaveniach testov, v\u00fdsledkoch a prev\u00e1dzkov\u00fdch re\u017eimoch.<\/li>\n<li><strong>Pokro\u010dil\u00fd softv\u00e9r na spracovanie \u00fadajov<\/strong>: Na pokro\u010dilej\u0161ie spracovanie \u00fadajov, anal\u00fdzu a tvorbu spr\u00e1v je k dispoz\u00edcii volite\u013en\u00fd softv\u00e9r na pripojenie k po\u010d\u00edta\u010du. Poskytuje jednoduch\u00fd sp\u00f4sob spr\u00e1vy testovac\u00edch \u00fadajov, dokumentovania v\u00fdsledkov a vykon\u00e1vania \u010fal\u0161\u00edch anal\u00fdz na \u00fa\u010dely zabezpe\u010denia kvality alebo v\u00fdskumu a v\u00fdvoja.<\/li>\n<li><strong>Modul\u00e1rna term\u00e1lna tla\u010diare\u0148<\/strong>: V pr\u00edstroji BGT-01 je integrovan\u00e1 termotla\u010diare\u0148, ktor\u00e1 umo\u017e\u0148uje pou\u017e\u00edvate\u013eom okam\u017eite vytla\u010di\u0165 v\u00fdsledky testov. T\u00e1to modul\u00e1rna funkcia u\u013eah\u010duje zaznamen\u00e1vanie a zdie\u013eanie v\u00fdsledkov testov bez potreby extern\u00e9ho zariadenia.<\/li>\n<\/ul>\n<h2><strong>Aplik\u00e1cie<\/strong><\/h2>\n<ul>\n<li><strong>Obalov\u00fd priemysel<\/strong>: Pr\u00edstroj BGT-01 sa be\u017ene pou\u017e\u00edva na testovanie materi\u00e1lov, ako s\u00fa dosky na obaly, siv\u00e9 dosky, dosky zo slonoviny a syntetick\u00e9 papiere potiahnut\u00e9 polym\u00e9rom. Tieto materi\u00e1ly musia vykazova\u0165 vysok\u00fa pevnos\u0165 vn\u00fatorn\u00e9ho spoja, aby odolali mechanick\u00e9mu nam\u00e1haniu, ktor\u00e9 sa vyskytuje po\u010das balenia, skladovania a prepravy.<\/li>\n<li><strong>V\u00fdroba papiera<\/strong>: Pr\u00edstroj BGT-01 je ide\u00e1lny na hodnotenie kvality a trvanlivosti papierov\u00fdch materi\u00e1lov, je vhodn\u00fd na jednovrstvov\u00fd aj viacvrstvov\u00fd papier, ako aj na natieran\u00e9 listy, ktor\u00e9 sa be\u017ene pou\u017e\u00edvaj\u00fa v r\u00f4znych papierov\u00fdch v\u00fdrobkoch a obaloch.<\/li>\n<li><strong>Textil a obaly na zdravotn\u00edcke pom\u00f4cky<\/strong>: Tester vn\u00fatornej v\u00e4zby sa pou\u017e\u00edva v priemyseln\u00fdch odvetviach, v ktor\u00fdch musia materi\u00e1ly z papiera a lepenky preuk\u00e1za\u0165 odolnos\u0165 vo\u010di r\u00fdchlym n\u00e1razom, ako s\u00fa napr\u00edklad obalov\u00e9 materi\u00e1ly pre zdravotn\u00edcke pom\u00f4cky alebo text\u00edlie.<\/li>\n<li><strong>Kontrola a zabezpe\u010denie kvality<\/strong>: Laborat\u00f3ri\u00e1 zabezpe\u010duj\u00face kvalitu sa spoliehaj\u00fa na BGT-01 pri d\u00f4slednom testovan\u00ed a hodnoten\u00ed pevnosti vn\u00fatorn\u00e9ho spoja, \u010d\u00edm sa zabezpe\u010duje, \u017ee v\u00fdrobky sp\u013a\u0148aj\u00fa priemyseln\u00e9 normy a po\u017eiadavky z\u00e1kazn\u00edkov.<\/li>\n<\/ul>\n<h2><strong>Hlavn\u00e9 parametre<\/strong><\/h2>\n<table>\n<tbody>\n<tr>\n<td width=\"224\">Ve\u013ekos\u0165 vzorky<\/td>\n<td width=\"227\">25,4*25,4 mm (p\u00e4\u0165 skup\u00edn)<\/td>\n<\/tr>\n<tr>\n<td width=\"224\">Uk\u00e1\u017eka sily dr\u017eania<\/td>\n<td width=\"227\">0 ~ 400 N (nastavite\u013en\u00e9)<\/td>\n<\/tr>\n<tr>\n<td width=\"224\">Rozsah tlaku vzorky<\/td>\n<td width=\"227\">0 ~ 65 kg\/cm\u00b2<\/td>\n<\/tr>\n<tr>\n<td width=\"224\">Uhol n\u00e1razu<\/td>\n<td width=\"227\">90\u00b0<\/td>\n<\/tr>\n<tr>\n<td width=\"224\">Rozl\u00ed\u0161enie<\/td>\n<td width=\"227\">0,001lbf\/in\u00b2<\/td>\n<\/tr>\n<tr>\n<td colspan=\"1\" rowspan=\"3\" width=\"224\">Rozsah merania<\/td>\n<td width=\"227\">A: 0-500J\/M\u00b2<\/td>\n<\/tr>\n<tr>\n<td width=\"227\">B: 500 ~ 1000J\/M\u00b2<\/td>\n<\/tr>\n<tr>\n<td width=\"227\">C: 1000 ~ 1500J\/M2<\/td>\n<\/tr>\n<tr>\n<td width=\"224\">Chyba indik\u00e1cie<\/td>\n<td width=\"227\">A: \u00b11J\/M\u00b2 B: \u00b12J\/M\u00b2 C: \u00b15J\/M\u00b2<\/td>\n<\/tr>\n<tr>\n<td width=\"224\">Jednotka<\/td>\n<td width=\"227\">lb-ft\/in\u00b2, J\/M\u00b2<\/td>\n<\/tr>\n<tr>\n<td width=\"224\">Rozmery<\/td>\n<td width=\"227\">450 m \u00d7 380 cm \u00d7 600 mm<\/td>\n<\/tr>\n<tr>\n<td width=\"224\">Nap\u00e1janie<\/td>\n<td width=\"227\">AC 220V 50Hz<\/td>\n<\/tr>\n<tr>\n<td width=\"224\"><\/td>\n<td width=\"227\"><\/td>\n<\/tr>\n<tr>\n<td colspan=\"2\" rowspan=\"1\" width=\"451\"><strong>Vzorov\u00e1 \u0161pecifik\u00e1cia fr\u00e9zy<\/strong><\/td>\n<\/tr>\n<tr>\n<td width=\"224\">Ve\u013ekos\u0165 vzorky<\/td>\n<td width=\"227\">25,4 mm * 140 mm<\/td>\n<\/tr>\n<tr>\n<td width=\"224\">Rovnobe\u017enos\u0165 dvoch dlh\u00fdch str\u00e1n<\/td>\n<td width=\"227\">\u22640,015 mm<\/td>\n<\/tr>\n<tr>\n<td width=\"224\">Hr\u00fabka odberu vzorky<\/td>\n<td width=\"227\">(0,05 ~ 1,2) mm<\/td>\n<\/tr>\n<tr>\n<td width=\"224\">Rozmery<\/td>\n<td width=\"227\">Pribli\u017ene 580*150*620 mm<\/td>\n<\/tr>\n<tr>\n<td width=\"224\">Hmotnos\u0165<\/td>\n<td width=\"227\">Pribli\u017ene 15 kg<\/td>\n<\/tr>\n<\/tbody>\n<\/table>\n<h2><strong>V\u00fdhody pou\u017e\u00edvania testera vn\u00fatorn\u00fdch v\u00e4zieb BGT-01<\/strong><\/h2>\n<ul>\n<li><strong>Presnos\u0165 a spo\u013eahlivos\u0165<\/strong>: V\u010faka vysokej presnosti a pokro\u010dil\u00fdm funkci\u00e1m zabezpe\u010duje BGT-01 presn\u00e9 a reprodukovate\u013en\u00e9 v\u00fdsledky, \u010do v\u00fdrobcom umo\u017e\u0148uje splni\u0165 pr\u00edsne priemyseln\u00e9 normy.<\/li>\n<li><strong>S\u00falad s normou ISO 16260<\/strong>: BGT-01 je plne v s\u00falade s <strong>ISO 16260<\/strong>, \u010do z neho rob\u00ed z\u00e1kladn\u00fd n\u00e1stroj pre t\u00fdch, ktor\u00ed potrebuj\u00fa splni\u0165 medzin\u00e1rodn\u00e9 testovacie normy.<\/li>\n<li><strong>V\u0161estrann\u00e9 a jednoduch\u00e9 pou\u017e\u00edvanie<\/strong>: \u010ci u\u017e ide o v\u00fdskum a v\u00fdvoj, kontrolu kvality alebo testovanie vo v\u00fdrobe, BGT-01 pon\u00faka v\u0161estrann\u00e9 a u\u017e\u00edvate\u013esky pr\u00edvetiv\u00e9 sk\u00fasenosti so schopnos\u0165ou spracova\u0165 cel\u00fd rad materi\u00e1lov z papiera a lepenky.<\/li>\n<li><strong>Zlep\u0161en\u00e1 kvalita v\u00fdrobkov<\/strong>: BGT-01 pom\u00e1ha zlep\u0161ova\u0165 kvalitu a trvanlivos\u0165 papiera, lepenky a obalov\u00fdch v\u00fdrobkov t\u00fdm, \u017ee zabezpe\u010duje, aby materi\u00e1ly sp\u013a\u0148ali po\u017eiadavky na pevnos\u0165 vn\u00fatorn\u00e9ho spoja.<\/li>\n<\/ul>\n<h2><strong>Pre\u010do si vybra\u0165 tester vn\u00fatorn\u00fdch v\u00e4zieb BGT-01?<\/strong><\/h2>\n<ul>\n<li><strong>Pre v\u00fdrobcov papiera a obalov<\/strong>: BGT-01 zabezpe\u010duje, aby materi\u00e1ly mali vn\u00fatorn\u00fa pevnos\u0165 potrebn\u00fa na odol\u00e1vanie r\u00fdchlym n\u00e1razom po\u010das manipul\u00e1cie, spracovania a prepravy. To je rozhoduj\u00face pre balenie v\u00fdrobkov, ktor\u00e9 musia fungova\u0165 v stresov\u00fdch podmienkach.<\/li>\n<li><strong>Pre v\u00fdskum a v\u00fdvoj<\/strong>: V\u00fdskumn\u00e9 a v\u00fdvojov\u00e9 t\u00edmy, ktor\u00e9 pracuj\u00fa v oblasti v\u00fdroby papiera alebo materi\u00e1lovej vedy, pova\u017euj\u00fa pr\u00edstroj BGT-01 za nevyhnutn\u00fd na presn\u00e9 meranie pevnosti vn\u00fatornej v\u00e4zby nov\u00fdch recept\u00far papiera a lepenky.<\/li>\n<li><strong>Pre kontrolu a zabezpe\u010denie kvality<\/strong>: V\u010faka jednoduch\u00e9mu pou\u017e\u00edvaniu, automatizovan\u00fdm funkci\u00e1m a vysokej presnosti je BGT-01 ide\u00e1lnou vo\u013ebou pre laborat\u00f3ri\u00e1 kontroly kvality na udr\u017eiavanie konzistentnej kvality v\u00fdrobkov a dodr\u017eiavanie predpisov.<\/li>\n<\/ul>\n<h2><strong>Sekcia \u010dasto kladen\u00fdch ot\u00e1zok<\/strong><\/h2>\n<ol>\n<li><strong>Na \u010do sl\u00fa\u017ei tester vn\u00fatorn\u00fdch v\u00e4zieb?<\/strong>\n<ul>\n<li>Tester vn\u00fatornej v\u00e4zby meria energiu potrebn\u00fa na delamin\u00e1ciu vzoriek papiera alebo lepenky v smere Z. Simuluje n\u00e1razov\u00e9 za\u0165a\u017eenie a n\u00e1razy na vyhodnotenie odolnosti materi\u00e1lu.<\/li>\n<\/ul>\n<\/li>\n<li><strong>V \u010dom sa BGT-01 l\u00ed\u0161i od in\u00fdch testerov vn\u00fatorn\u00fdch v\u00e4zieb?<\/strong>\n<ul>\n<li>BGT-01 pon\u00faka automatick\u00e9 uvo\u013enenie kyvadla, vysok\u00e9 rozl\u00ed\u0161enie (0,001 lbf\/in\u00b2), samokalibr\u00e1ciu a farebn\u00e9 dotykov\u00e9 rozhranie. Tieto vlastnosti zaru\u010duj\u00fa presnos\u0165, spo\u013eahlivos\u0165 a jednoduch\u00e9 pou\u017e\u00edvanie.<\/li>\n<\/ul>\n<\/li>\n<li><strong>Je BGT-01 v s\u00falade s medzin\u00e1rodn\u00fdmi normami?<\/strong>\n<ul>\n<li>\u00c1no, BGT-01 je v s\u00falade s <strong>ISO 16260<\/strong>, TAPPI T569 a \u010fal\u0161ie priemyseln\u00e9 normy, \u010d\u00edm sa zabezpe\u010d\u00ed, \u017ee sp\u013a\u0148a krit\u00e9ri\u00e1 kvality a v\u00fdkonu po\u017eadovan\u00e9 pre r\u00f4zne priemyseln\u00e9 odvetvia.<\/li>\n<\/ul>\n<\/li>\n<li><strong>M\u00f4\u017eem pou\u017e\u00edva\u0165 BGT-01 na testovanie materi\u00e1lov s povrchovou \u00fapravou alebo laminovan\u00fdch materi\u00e1lov?<\/strong>\n<ul>\n<li>\u00c1no, pr\u00edstroj BGT-01 je vhodn\u00fd na testovanie \u0161irokej \u0161k\u00e1ly papierov\u00fdch a lepenkov\u00fdch materi\u00e1lov vr\u00e1tane potiahnut\u00fdch a laminovan\u00fdch v\u00fdrobkov, ako s\u00fa syntetick\u00e9 polym\u00e9rov\u00e9 f\u00f3lie.<\/li>\n<\/ul>\n<\/li>\n<li><strong>M\u00e1 BGT-01 softv\u00e9r na anal\u00fdzu \u00fadajov?<\/strong>\n<ul>\n<li>\u00c1no, pr\u00edstroj BGT-01 mo\u017eno pripoji\u0165 k volite\u013en\u00e9mu po\u010d\u00edta\u010dov\u00e9mu softv\u00e9ru, ktor\u00fd umo\u017e\u0148uje podrobn\u00e9 spracovanie \u00fadajov, anal\u00fdzu a vytv\u00e1ranie spr\u00e1v, \u010do je ide\u00e1lne na \u00fa\u010dely kontroly kvality alebo v\u00fdskumu.<\/li>\n<\/ul>\n<\/li>\n<\/ol>","protected":false},"excerpt":{"rendered":"<p>Str\u00e1nka <strong>BGT-01 Tester vn\u00fatorn\u00fdch v\u00e4zieb<\/strong> je modern\u00fd pr\u00edstroj ur\u010den\u00fd na meranie energie potrebnej na r\u00fdchle rozvrstvenie vzorky papiera alebo lepenky v <strong>Smer Z<\/strong>. Tento test simuluje r\u00fdchle n\u00e1razy a n\u00e1razov\u00e9 za\u0165a\u017eenia, ktor\u00fdm m\u00f4\u017eu by\u0165 v\u00fdrobky z papiera a lepenky vystaven\u00e9 po\u010das procesov, ako je tla\u010d alebo konverzia. Na str\u00e1nke . <strong>Tester vn\u00fatorn\u00fdch v\u00e4zieb<\/strong> vyu\u017e\u00edva kyvadlo s definovanou hmotnos\u0165ou a r\u00fdchlos\u0165ou na iniciovanie roztrhnutia, \u010do z neho rob\u00ed ide\u00e1lny n\u00e1stroj na pos\u00fadenie odolnosti materi\u00e1lu vo\u010di vn\u00fatorn\u00e9mu nam\u00e1haniu.<\/p>","protected":false},"featured_media":6170,"comment_status":"closed","ping_status":"closed","template":"","meta":{"site-sidebar-layout":"default","site-content-layout":"default","ast-global-header-display":"","ast-main-header-display":"","ast-hfb-above-header-display":"","ast-hfb-below-header-display":"","ast-hfb-mobile-header-display":"","site-post-title":"","ast-breadcrumbs-content":"","ast-featured-img":"","footer-sml-layout":"","theme-transparent-header-meta":"default","adv-header-id-meta":"","stick-header-meta":"","header-above-stick-meta":"","header-main-stick-meta":"","header-below-stick-meta":""},"product_cat":[845,1076,1140,44,95],"product_tag":[],"class_list":{"0":"post-5242","1":"product","2":"type-product","3":"status-publish","4":"has-post-thumbnail","6":"product_cat-customization","7":"product_cat-iso-16260","8":"product_cat-tappi-t569","9":"product_cat-paper-and-board-testers","10":"product_cat-products","11":"desktop-align-left","12":"tablet-align-left","13":"mobile-align-left","15":"first","16":"instock","17":"shipping-taxable","18":"product-type-simple"},"_links":{"self":[{"href":"https:\/\/www.qualitester.com\/sk\/wp-json\/wp\/v2\/product\/5242","targetHints":{"allow":["GET"]}}],"collection":[{"href":"https:\/\/www.qualitester.com\/sk\/wp-json\/wp\/v2\/product"}],"about":[{"href":"https:\/\/www.qualitester.com\/sk\/wp-json\/wp\/v2\/types\/product"}],"replies":[{"embeddable":true,"href":"https:\/\/www.qualitester.com\/sk\/wp-json\/wp\/v2\/comments?post=5242"}],"version-history":[{"count":0,"href":"https:\/\/www.qualitester.com\/sk\/wp-json\/wp\/v2\/product\/5242\/revisions"}],"wp:featuredmedia":[{"embeddable":true,"href":"https:\/\/www.qualitester.com\/sk\/wp-json\/wp\/v2\/media\/6170"}],"wp:attachment":[{"href":"https:\/\/www.qualitester.com\/sk\/wp-json\/wp\/v2\/media?parent=5242"}],"wp:term":[{"taxonomy":"product_cat","embeddable":true,"href":"https:\/\/www.qualitester.com\/sk\/wp-json\/wp\/v2\/product_cat?post=5242"},{"taxonomy":"product_tag","embeddable":true,"href":"https:\/\/www.qualitester.com\/sk\/wp-json\/wp\/v2\/product_tag?post=5242"}],"curies":[{"name":"wp","href":"https:\/\/api.w.org\/{rel}","templated":true}]}}