{"id":5218,"date":"2024-11-05T11:57:50","date_gmt":"2024-11-05T03:57:50","guid":{"rendered":"https:\/\/www.qualitester.com\/?post_type=product&#038;p=5218"},"modified":"2025-02-27T14:50:00","modified_gmt":"2025-02-27T06:50:00","slug":"sale-tape-loop-tack-testing-machine","status":"publish","type":"product","link":"https:\/\/www.qualitester.com\/sk\/produkt-2\/sale-tape-loop-tack-testing-machine\/","title":{"rendered":"LTT-01 Tester slu\u010diek"},"content":{"rendered":"<p data-start=\"157\" data-end=\"663\">Str\u00e1nka <strong data-start=\"161\" data-end=\"188\">LTT-01 Tester slu\u010diek<\/strong> je z\u00e1kladn\u00fdm n\u00e1strojom na meranie pr\u00eddr\u017enej sily lepidiel, p\u00e1sok, etikiet a in\u00fdch materi\u00e1lov citliv\u00fdch na tlak. Pr\u00edstroj LTT-01 je navrhnut\u00fd pre presnos\u0165 a spo\u013eahlivos\u0165 a pom\u00e1ha zabezpe\u010di\u0165, aby lepidl\u00e1 v r\u00f4znych podmienkach fungovali pod\u013ea o\u010dak\u00e1vania. Dodr\u017eiava renomovan\u00e9 normy, ako napr. <strong data-start=\"474\" data-end=\"509\">Sk\u00fa\u0161obn\u00e1 met\u00f3da FINAT \u010d. 9 (FTM-9)<\/strong>, <strong data-start=\"511\" data-end=\"532\">PSTC-16 Loop Tack<\/strong>a <strong data-start=\"538\" data-end=\"552\">ASTM D6195<\/strong>, v\u010faka \u010domu je nepostr\u00e1date\u013en\u00fd v r\u00f4znych priemyseln\u00fdch odvetviach od balenia a zdravotn\u00edckych pom\u00f4cok a\u017e po potravin\u00e1rstvo a farmaceutick\u00fd priemysel.<\/p>\n<h2>Princ\u00edp testu testera slu\u010diek<\/h2>\n<p data-start=\"718\" data-end=\"979\">Str\u00e1nka <strong data-start=\"722\" data-end=\"740\">test prichytenia slu\u010dky<\/strong> meria silu potrebn\u00fa na oddelenie vzorky lepidla so slu\u010dkou od adherendu (zvy\u010dajne sklenenej dosky) bezprostredne po kontakte. T\u00e1to sk\u00fa\u0161ka je rozhoduj\u00faca na pochopenie toho, ako r\u00fdchlo a silno sa lepidlo spoj\u00ed pri prvom kontakte.<\/p>\n<p data-start=\"981\" data-end=\"1383\">V pr\u00edstroji LTT-01 sa p\u00e1s lepidla, zvy\u010dajne 25 mm \u0161irok\u00fd a 125 mm dlh\u00fd, vytvor\u00ed do slu\u010dky a umiestni sa na sklenen\u00fa dosku pri riadenej r\u00fdchlosti 300 mm\/min. Po kontakte lepidla so sklom sa rovnakou r\u00fdchlos\u0165ou stiahne a zmeria sa maxim\u00e1lna sila potrebn\u00e1 na jeho odtiahnutie. T\u00e1to sila predstavuje \"pri\u013enavos\u0165 slu\u010dky\", ktor\u00e1 je z\u00e1kladn\u00fdm ukazovate\u013eom okam\u017eitej pevnosti lepidla.<\/p>\n<h2 data-start=\"4338\" data-end=\"4371\"><strong data-start=\"4342\" data-end=\"4371\">Sk\u00fa\u0161obn\u00e1 met\u00f3da a postup<\/strong><\/h2>\n<p data-start=\"4373\" data-end=\"4454\">Str\u00e1nka <strong data-start=\"4377\" data-end=\"4404\">LTT-01 Tester slu\u010diek<\/strong> postupuje pod\u013ea jednoduch\u00e9ho, ale \u00fa\u010dinn\u00e9ho testovacieho postupu:<\/p>\n<ol data-start=\"4455\" data-end=\"4816\">\n<li data-start=\"4455\" data-end=\"4545\">Vzorka lepiacej p\u00e1sky alebo materi\u00e1lu so \u0161\u00edrkou 25 mm a d\u013a\u017ekou 175 mm sa vytvaruje do slu\u010dky.<\/li>\n<li data-start=\"4546\" data-end=\"4626\">Slu\u010dka sa pritla\u010d\u00ed na sklenen\u00fa dosku kontrolovanou r\u00fdchlos\u0165ou 300 mm\/min.<\/li>\n<li data-start=\"4627\" data-end=\"4697\">Po kontakte sa slu\u010dka okam\u017eite stiahne rovnakou r\u00fdchlos\u0165ou.<\/li>\n<li data-start=\"4698\" data-end=\"4816\">Zaznamen\u00e1va sa maxim\u00e1lna sila potrebn\u00e1 na oddelenie slu\u010dky od sklenenej dosky, \u010do je <strong data-start=\"4796\" data-end=\"4809\">pr\u00edchytka na slu\u010dku<\/strong> hodnota.<\/li>\n<\/ol>\n<h3 data-start=\"4818\" data-end=\"4967\">Hlavn\u00fd parameter<\/h3>\n<table>\n<tbody>\n<tr>\n<td style=\"text-align: center;\" width=\"194\">Testovac\u00ed rozsah<\/td>\n<td style=\"text-align: center;\" width=\"178\">200N (alebo in\u00e9)<\/td>\n<\/tr>\n<tr>\n<td style=\"text-align: center;\" width=\"194\">Rozsah r\u00fdchlosti<\/td>\n<td style=\"text-align: center;\" width=\"178\">1-500 mm\/m<\/td>\n<\/tr>\n<tr>\n<td style=\"text-align: center;\" width=\"194\">M\u0155tvica<\/td>\n<td style=\"text-align: center;\" width=\"178\">200 mm<\/td>\n<\/tr>\n<tr>\n<td style=\"text-align: center;\" width=\"194\">Ve\u013ekos\u0165 vzorky<\/td>\n<td style=\"text-align: center;\" width=\"178\">125 mm*25 mm<\/td>\n<\/tr>\n<tr>\n<td style=\"text-align: center;\" width=\"194\">Nap\u00e1janie<\/td>\n<td style=\"text-align: center;\" width=\"178\">STRIEDAV\u00dd PR\u00daD 110 ~ 220 V, 50\/60 HZ<\/td>\n<\/tr>\n<\/tbody>\n<\/table>\n<h2 data-start=\"1390\" data-end=\"1429\"><strong data-start=\"1394\" data-end=\"1429\">Normy pre testovanie slu\u010diek<\/strong><\/h2>\n<ol>\n<li data-start=\"1431\" data-end=\"1471\"><strong data-start=\"1436\" data-end=\"1471\">Sk\u00fa\u0161obn\u00e1 met\u00f3da FINAT \u010d. 9 (FTM-9) Meranie pri\u013enavosti slu\u010dky<br \/>\n<\/strong>Str\u00e1nka <strong data-start=\"1477\" data-end=\"1512\">Sk\u00fa\u0161obn\u00e1 met\u00f3da FINAT \u010d. 9 (FTM-9)<\/strong> je jednou z najuzn\u00e1vanej\u0161\u00edch noriem v odvetv\u00ed etikiet a lepidiel. Hodnot\u00ed pri\u013enavos\u0165 lepidiel citliv\u00fdch na tlak, ako s\u00fa napr\u00edklad lepidl\u00e1 pou\u017e\u00edvan\u00e9 v etiket\u00e1ch a p\u00e1skach. FTM-9 zaru\u010duje, \u017ee lepidl\u00e1 sp\u013a\u0148aj\u00fa potrebn\u00e9 v\u00fdkonnostn\u00e9 krit\u00e9ri\u00e1 na r\u00fdchle lepenie a jednoduch\u00fa aplik\u00e1ciu.<\/li>\n<li data-start=\"1431\" data-end=\"1471\"><strong style=\"font-size: 16px;\" data-start=\"1814\" data-end=\"1835\">PSTC-16 Testovanie pri\u013enavosti p\u00e1sky citlivej na tlak<br \/>\n<\/strong><a href=\"https:\/\/www.qualitester.com\/sk\/kategoria-produktu\/pstc\/pstc-16\/\" target=\"_blank\" rel=\"noopener\"><strong style=\"font-size: 16px;\" data-start=\"1837\" data-end=\"1848\">PSTC-16<\/strong><\/a><span style=\"font-size: 16px;\"> je norma, ktor\u00fa vyvinula Rada pre p\u00e1sky citliv\u00e9 na tlak (PSTC) a ktor\u00e1 sa zameriava na hodnotenie vlastnost\u00ed lepiacich slu\u010diek lepidiel citliv\u00fdch na tlak. Be\u017ene sa pou\u017e\u00edva pri testovan\u00ed p\u00e1sok, etikiet a podobn\u00fdch lepiacich v\u00fdrobkov.<\/span><\/li>\n<li data-start=\"1431\" data-end=\"1471\"><strong style=\"font-size: 16px;\" data-start=\"2234\" data-end=\"2248\">ASTM D6195 \u0160tandardn\u00e9 sk\u00fa\u0161obn\u00e9 met\u00f3dy na testovanie pri\u013enavosti slu\u010dky<br \/>\n<\/strong><a href=\"https:\/\/www.qualitester.com\/sk\/kategoria-produktu\/astm\/astm-d6195\/\" target=\"_blank\" rel=\"noopener\"><strong style=\"font-size: 16px;\" data-start=\"2250\" data-end=\"2264\">ASTM D6195<\/strong><\/a><span style=\"font-size: 16px;\"> poskytuje usmernenia na meranie lepivosti slu\u010diek lepidiel citliv\u00fdch na tlak. T\u00e1to norma sa \u0161iroko pou\u017e\u00edva v r\u00f4znych priemyseln\u00fdch odvetviach vr\u00e1tane balenia, zdravotn\u00edckych pom\u00f4cok a farmaceutick\u00fdch v\u00fdrobkov na overenie, \u010di lepidl\u00e1 sp\u013a\u0148aj\u00fa po\u017eadovan\u00e9 pevnosti spoja.<\/span><\/li>\n<\/ol>\n<h2>Funkcie a technick\u00e9 \u0161pecifik\u00e1cie<\/h2>\n<p>Str\u00e1nka <strong>Tape Loop Tack Testovac\u00ed stroj<\/strong> je vybaven\u00fd pokro\u010dil\u00fdmi funkciami na presn\u00e9 a spo\u013eahliv\u00e9 testovanie pri\u013enavosti.<\/p>\n<ul>\n<li><strong>Pou\u017e\u00edvate\u013esky pr\u00edvetiv\u00fd displej<\/strong>: A <strong>7-palcov\u00e1 dotykov\u00e1 obrazovka HMI<\/strong> rozhranie umo\u017e\u0148uje jednoduch\u00e9 nastavenie, monitorovanie a prev\u00e1dzku, \u010d\u00edm sa zjednodu\u0161uje proces testovania.<\/li>\n<li><strong>Ovl\u00e1danie PLC<\/strong>: Vybaven\u00e9 <strong>Programovate\u013en\u00e9 logick\u00e9 riadenie (PLC)<\/strong> pre vysok\u00fa presnos\u0165 a mo\u017enosti automatizovan\u00e9ho testovania.<\/li>\n<li><strong>\u0160irok\u00fd testovac\u00ed rozsah<\/strong>: N\u00e1stroj pokr\u00fdva <strong>sk\u00fa\u0161obn\u00fd rozsah do 200 N<\/strong>, \u010do umo\u017e\u0148uje flexibilitu pri r\u00f4znych sil\u00e1ch lepidla.<\/li>\n<li><strong>Nastavite\u013en\u00fd rozsah r\u00fdchlosti<\/strong>: Mo\u017enosti r\u00fdchlosti od <strong>1-500 mm\/min<\/strong> podporova\u0165 r\u00f4zne po\u017eiadavky na testovanie.<\/li>\n<li><strong>Presn\u00e1 mechanika<\/strong>: A <strong>presn\u00e1 gu\u013e\u00f4\u010dkov\u00e1 skrutka<\/strong> zabezpe\u010duje plynul\u00e9, konzistentn\u00e9 pohyby a presn\u00e9 meranie r\u00fdchlosti a posunu, \u010d\u00edm sa zachov\u00e1va vysok\u00e1 presnos\u0165 testovania.<\/li>\n<li><strong>Prisp\u00f4sobite\u013en\u00e9 parametre<\/strong>: Oper\u00e1tori m\u00f4\u017eu nastavi\u0165 r\u00fdchlos\u0165, zdvih a \u010das zdr\u017eania tak, aby vyhovovali \u0161pecifick\u00fdm potreb\u00e1m testovania.<\/li>\n<li><strong>Zv\u00fd\u0161en\u00e1 bezpe\u010dnos\u0165<\/strong>: Bezpe\u010dnostn\u00e9 mechanizmy zah\u0155\u0148aj\u00fa <strong>funkcia automatick\u00e9ho n\u00e1vratu<\/strong> a obmedzovacie zariadenie, \u010d\u00edm sa zabezpe\u010d\u00ed bezpe\u010dnos\u0165 obsluhy po\u010das testovania.<\/li>\n<li><strong>Integrovan\u00e1 mikrotla\u010diare\u0148<\/strong>: Zabudovan\u00fd <strong>ihli\u010dkov\u00e1 mikrotla\u010diare\u0148<\/strong> umo\u017e\u0148uje okam\u017eit\u00fd v\u00fdstup v\u00fdsledkov testov na \u00fa\u010dely dokument\u00e1cie a pod\u00e1vania spr\u00e1v.<\/li>\n<li><strong>\u0160tandardn\u00e1 sklenen\u00e1 tabu\u013ea<\/strong>: Zah\u0155\u0148a \u0161tandardne kompatibiln\u00fd <strong>plaven\u00e1 sklenen\u00e1 doska<\/strong>, \u010d\u00edm sa zabezpe\u010dia presn\u00e9 merania pri\u013enavosti a konzistentn\u00e9 sk\u00fa\u0161obn\u00e9 podmienky.<\/li>\n<\/ul>\n<h2>Konfigur\u00e1cia a pr\u00edslu\u0161enstvo<\/h2>\n<p>Str\u00e1nka <strong>Tape Loop Tack Testovac\u00ed stroj<\/strong> je vybaven\u00fd \u0161tandardn\u00fdmi a volite\u013en\u00fdmi komponentmi, ktor\u00e9 zvy\u0161uj\u00fa jeho v\u0161estrannos\u0165 a pohodlie pou\u017e\u00edvate\u013ea.<\/p>\n<ul>\n<li>\n<h3><strong>\u0160tandardn\u00e1 konfigur\u00e1cia<\/strong>:<\/h3>\n<ul>\n<li><strong>LTT-01 Tester slu\u010diek<\/strong> jednotka<\/li>\n<li>Pr\u00edslu\u0161enstvo: Sklenen\u00fd panel, horn\u00e1 \u010de\u013eus\u0165, doln\u00fd pr\u00edpravok, poistky, n\u00e1vod na pou\u017eitie, kalibra\u010dn\u00fd certifik\u00e1t a nap\u00e1jac\u00ed k\u00e1bel.<\/li>\n<\/ul>\n<\/li>\n<li>\n<h3><strong>Volite\u013en\u00e1 konfigur\u00e1cia<\/strong>:<\/h3>\n<ul>\n<li><strong>Panel z nehrdzavej\u00facej ocele<\/strong> pre zv\u00fd\u0161en\u00fa odolnos\u0165<\/li>\n<li><strong>Port RS232<\/strong> na komunik\u00e1ciu a prenos \u00fadajov<\/li>\n<li><strong>Linka COM<\/strong> a \u0161pecializovan\u00fd softv\u00e9r na pokro\u010dil\u00fa anal\u00fdzu \u00fadajov a pod\u00e1vanie spr\u00e1v<\/li>\n<\/ul>\n<\/li>\n<\/ul>\n<h2>Aplik\u00e1cie zariadenia na testovanie pri\u013enavosti p\u00e1sky<\/h2>\n<p>Tento pr\u00edstroj je ide\u00e1lny pre \u0161irok\u00fa \u0161k\u00e1lu priemyseln\u00fdch odvetv\u00ed, kde je spo\u013eahlivos\u0165 lepidla nevyhnutn\u00e1, ako napr\u00edklad:<\/p>\n<ul>\n<li><strong>Balenie a ozna\u010dovanie<\/strong> - Zabezpe\u010denie toho, aby p\u00e1sky, n\u00e1lepky a etikety udr\u017eali svoju v\u00e4zbu bezprostredne po aplik\u00e1cii.<\/li>\n<li><strong>Lek\u00e1renstvo a farm\u00e1cia<\/strong> - Testovanie lepiacich p\u00e1sok a obv\u00e4zov na konzistentn\u00fd v\u00fdkon.<\/li>\n<li><strong>Potraviny a n\u00e1poje<\/strong> - Zabezpe\u010denie kvality tesnen\u00ed obalov a lepiacich uz\u00e1verov.<\/li>\n<li><strong>Elektronika a chemik\u00e1lie dennej spotreby<\/strong> - Overenie lepivosti lepiacich komponentov pre bezpe\u010dn\u00e9 a spo\u013eahliv\u00e9 pou\u017eitie.<\/li>\n<\/ul>\n<p>Str\u00e1nka <strong>Tape Loop Tack Testovac\u00ed stroj<\/strong> je robustn\u00e9 rie\u0161enie pre v\u00fdrobcov, oddelenia kontroly kvality a sk\u00fa\u0161obn\u00e9 laborat\u00f3ri\u00e1, ktor\u00e9 h\u013eadaj\u00fa konzistentn\u00e9 a spo\u013eahliv\u00e9 <strong>hodnotenie v\u00fdkonu lepidla<\/strong>. V\u010faka dodr\u017eiavaniu normy ASTM D6195 a \u010fal\u0161\u00edch medzin\u00e1rodn\u00fdch noriem, prisp\u00f4sobite\u013en\u00fdm nastaveniam a bezpe\u010dnostn\u00fdm funkci\u00e1m je hlavnou vo\u013ebou pre vysoko presn\u00e9 testovanie pri\u013enavosti slu\u010diek.<\/p>","protected":false},"excerpt":{"rendered":"<p>Str\u00e1nka <strong>Tape Loop Tack Testovac\u00ed stroj<\/strong> je robustn\u00e9 rie\u0161enie pre v\u00fdrobcov, oddelenia kontroly kvality a sk\u00fa\u0161obn\u00e9 laborat\u00f3ri\u00e1, ktor\u00e9 h\u013eadaj\u00fa konzistentn\u00e9 a spo\u013eahliv\u00e9 <strong>hodnotenie v\u00fdkonu lepidla<\/strong>. V\u010faka dodr\u017eiavaniu normy ASTM D6195 a \u010fal\u0161\u00edch medzin\u00e1rodn\u00fdch noriem, prisp\u00f4sobite\u013en\u00fdm nastaveniam a bezpe\u010dnostn\u00fdm funkci\u00e1m je hlavnou vo\u013ebou pre vysoko presn\u00e9 testovanie pri\u013enavosti slu\u010diek.<\/p>","protected":false},"featured_media":6259,"comment_status":"closed","ping_status":"closed","template":"","meta":{"site-sidebar-layout":"default","site-content-layout":"default","ast-global-header-display":"","ast-main-header-display":"","ast-hfb-above-header-display":"","ast-hfb-below-header-display":"","ast-hfb-mobile-header-display":"","site-post-title":"","ast-breadcrumbs-content":"","ast-featured-img":"","footer-sml-layout":"","theme-transparent-header-meta":"default","adv-header-id-meta":"","stick-header-meta":"","header-above-stick-meta":"","header-main-stick-meta":"","header-below-stick-meta":""},"product_cat":[845,1075,1074,1162,672,673,95],"product_tag":[],"class_list":{"0":"post-5218","1":"product","2":"type-product","3":"status-publish","4":"has-post-thumbnail","6":"product_cat-customization","7":"product_cat-astm-d6195","8":"product_cat-loop-tack-tester","9":"product_cat-pstc-16","10":"product_cat-applied-materials","11":"product_cat-adhesive-tester","12":"product_cat-products","13":"desktop-align-left","14":"tablet-align-left","15":"mobile-align-left","17":"first","18":"instock","19":"shipping-taxable","20":"product-type-simple"},"_links":{"self":[{"href":"https:\/\/www.qualitester.com\/sk\/wp-json\/wp\/v2\/product\/5218","targetHints":{"allow":["GET"]}}],"collection":[{"href":"https:\/\/www.qualitester.com\/sk\/wp-json\/wp\/v2\/product"}],"about":[{"href":"https:\/\/www.qualitester.com\/sk\/wp-json\/wp\/v2\/types\/product"}],"replies":[{"embeddable":true,"href":"https:\/\/www.qualitester.com\/sk\/wp-json\/wp\/v2\/comments?post=5218"}],"version-history":[{"count":0,"href":"https:\/\/www.qualitester.com\/sk\/wp-json\/wp\/v2\/product\/5218\/revisions"}],"wp:featuredmedia":[{"embeddable":true,"href":"https:\/\/www.qualitester.com\/sk\/wp-json\/wp\/v2\/media\/6259"}],"wp:attachment":[{"href":"https:\/\/www.qualitester.com\/sk\/wp-json\/wp\/v2\/media?parent=5218"}],"wp:term":[{"taxonomy":"product_cat","embeddable":true,"href":"https:\/\/www.qualitester.com\/sk\/wp-json\/wp\/v2\/product_cat?post=5218"},{"taxonomy":"product_tag","embeddable":true,"href":"https:\/\/www.qualitester.com\/sk\/wp-json\/wp\/v2\/product_tag?post=5218"}],"curies":[{"name":"wp","href":"https:\/\/api.w.org\/{rel}","templated":true}]}}