{"id":5157,"date":"2024-10-31T12:00:37","date_gmt":"2024-10-31T04:00:37","guid":{"rendered":"https:\/\/www.qualitester.com\/?post_type=product&#038;p=5157"},"modified":"2024-12-04T16:23:34","modified_gmt":"2024-12-04T08:23:34","slug":"sale-film-shrinkage-tester-iso-14616","status":"publish","type":"product","link":"https:\/\/www.qualitester.com\/sk\/produkt-2\/sale-film-shrinkage-tester-iso-14616\/","title":{"rendered":"FSR-01 Tester zmr\u0161tenia f\u00f3lie"},"content":{"rendered":"<h2>Zavedenie <strong>Tester zmr\u0161tenia f\u00f3lie<\/strong><\/h2>\n<p>Str\u00e1nka <strong>Tester zmr\u0161tenia f\u00f3lie<\/strong> je z\u00e1kladn\u00fd n\u00e1stroj ur\u010den\u00fd na meranie zmr\u0161\u0165ovac\u00edch s\u00edl a <a href=\"https:\/\/www.qualitester.com\/sk\/produkt-2\/film-free-shrink-tester-fst-01\/\" target=\"_blank\" rel=\"noopener\">pomery zmr\u0161tite\u013enosti tepelne zmr\u0161tite\u013en\u00fdch f\u00f3li\u00ed<\/a>. Tieto f\u00f3lie sa be\u017ene pou\u017e\u00edvaj\u00fa v r\u00f4znych priemyseln\u00fdch odvetviach vr\u00e1tane baliaceho, potravin\u00e1rskeho, lek\u00e1rskeho a farmaceutick\u00e9ho priemyslu. Tieto f\u00f3lie sa vyr\u00e1baj\u00fa vytl\u00e1\u010dan\u00edm a na\u0165ahovan\u00edm (\u0165ahan\u00edm za tepla) a udr\u017eiavaj\u00fa sa v natiahnutom stave a\u017e do op\u00e4tovn\u00e9ho zahriatia. Po vystaven\u00ed \u0161pecifick\u00fdm teplot\u00e1m, ktor\u00e9 uvo\u013e\u0148uj\u00fa po\u010diato\u010dn\u00e9 nap\u00e4tie, sa f\u00f3lie zmr\u0161\u0165uj\u00fa alebo \u201czmr\u0161\u0165uj\u00fa sp\u00e4\u0165\u201d, tak\u017ee presn\u00e9 meranie je rozhoduj\u00face pre zabezpe\u010denie kvality.<\/p>\n<h2>Testovacie met\u00f3dy<\/h2>\n<h3>Proces testovania<\/h3>\n<ol>\n<li><strong>Pr\u00edprava<\/strong>: Testovanie sa za\u010d\u00edna v dobre izolovanej vzduchovej peci, ktor\u00e1 sa zahreje na vopred stanoven\u00fa teplotu. Dve vzorky sa umiestnia oddelene na ur\u010den\u00e9 sk\u00fa\u0161obn\u00e9 stanice na pos\u00fadenie miery zmr\u0161tenia a sily zmr\u0161tenia\/kontrakcie.<\/li>\n<li><strong>Nastavenie merania<\/strong>: Teplotn\u00e1 sonda je umiestnen\u00e1 tak, aby monitorovala oblas\u0165 vzorky a poskytovala presn\u00e9 \u00fadaje o teplote. Vzduchov\u00e1 r\u00fara sa automaticky spust\u00ed tak, aby pokryla oblas\u0165 vzorky, \u010do u\u013eah\u010duje presn\u00e9 testovanie.<\/li>\n<li><strong>Zber \u00fadajov<\/strong>: So st\u00fapaj\u00facou teplotou sa meria maxim\u00e1lna zmr\u0161\u0165ovacia sila, ktor\u00e1 indikuje dosiahnutie teploty zmr\u0161tenia. Proces zaznamen\u00e1va okamih, ke\u010f sa t\u00e1to sila zn\u00ed\u017ei pribli\u017ene o 15% a\u017e 30%, pri\u010dom sa zdvihne vzduchov\u00e1 r\u00fara a zaznamen\u00e1 sa uplynut\u00fd \u010das.<\/li>\n<li><strong>Pos\u00fadenie pomeru zmr\u0161tenia<\/strong>: Po\u010das testovacej f\u00e1zy sa vyhodnocuje pomer zmr\u0161tenia, ktor\u00fd poskytuje d\u00f4le\u017eit\u00e9 inform\u00e1cie o v\u00fdkonnostn\u00fdch vlastnostiach f\u00f3lie.<\/li>\n<\/ol>\n<h2>Technick\u00e9 vlastnosti<\/h2>\n<ul>\n<li><strong>Ovl\u00e1danie PLC a dotykov\u00fd displej HMI<\/strong>: T\u00e1to funkcia zabezpe\u010duje stabilitu na priemyselnej \u00farovni a z\u00e1rove\u0148 poskytuje pou\u017e\u00edvate\u013esky pr\u00edvetiv\u00e9 rozhranie na jednoduch\u00e9 ovl\u00e1danie.<\/li>\n<li><strong>Dobre izolovan\u00e1 vzduchov\u00e1 r\u00fara<\/strong>: Vzduchov\u00e1 pec je odborne izolovan\u00e1 a schopn\u00e1 automatick\u00e9ho sp\u00fa\u0161\u0165ania a zdv\u00edhania, \u010do zvy\u0161uje presnos\u0165 testovania.<\/li>\n<li><strong>Bezkontaktn\u00e9 meranie pomeru zmr\u0161tenia<\/strong>: T\u00e1to funkcia dosiahnut\u00e1 bezkontaktnou met\u00f3dou v\u00fdrazne zvy\u0161uje presnos\u0165 a spo\u013eahlivos\u0165 v\u00fdsledkov.<\/li>\n<li><strong>Zobrazenie v re\u00e1lnom \u010dase<\/strong>: Tester poskytuje zobrazenie k\u013e\u00fa\u010dov\u00fdch ukazovate\u013eov v re\u00e1lnom \u010dase vr\u00e1tane sily zmr\u0161tenia, sily kontrakcie a pomeru zmr\u0161tenia, \u010do umo\u017e\u0148uje okam\u017eit\u00fa anal\u00fdzu.<\/li>\n<li><strong>Odstr\u00e1nenie interferen\u010dn\u00fdch faktorov<\/strong>: \u00da\u010dinn\u00fdm odstr\u00e1nen\u00edm nepodstatn\u00fdch ru\u0161iv\u00fdch faktorov, ako je trenie a chladn\u00fd vzduch, syst\u00e9m zabezpe\u010duje presnos\u0165 v\u00fdsledkov testov.<\/li>\n<li><strong>Stabiln\u00fd vykurovac\u00ed syst\u00e9m<\/strong>: Stabiln\u00fd a dobre vyv\u00e1\u017een\u00fd vykurovac\u00ed syst\u00e9m udr\u017eiava konzistentn\u00e9 testovacie podmienky, ktor\u00e9 s\u00fa nevyhnutn\u00e9 pre spo\u013eahliv\u00e9 merania.<\/li>\n<li><strong>Jednoduch\u00e9 vkladanie vzoriek<\/strong>: Kon\u0161trukcia zjednodu\u0161uje vkladanie vzoriek, \u010d\u00edm sa zjednodu\u0161uje proces testovania a skracuje \u010das potrebn\u00fd na nastavenie.<\/li>\n<li><strong>Senzory s vysok\u00fdm rozl\u00ed\u0161en\u00edm<\/strong>: Syst\u00e9m vybaven\u00fd sn\u00edma\u010dmi sily s vysok\u00fdm rozl\u00ed\u0161en\u00edm a teplomermi zaru\u010duje presn\u00e9 merania po\u010das cel\u00e9ho procesu testovania.<\/li>\n<li><strong>Mo\u017enosti pripojenia a softv\u00e9ru<\/strong>: Tester zmr\u0161\u0165ovania f\u00f3li\u00ed obsahuje port RS232 na pripojenie \u00fadajov a pon\u00faka volite\u013en\u00fd profesion\u00e1lny softv\u00e9r na pokro\u010dil\u00fa anal\u00fdzu \u00fadajov a vytv\u00e1ranie spr\u00e1v.<\/li>\n<\/ul>\n<h2>Normy<\/h2>\n<p>Tester zmr\u0161tenia f\u00f3lie je v s\u00falade s k\u013e\u00fa\u010dov\u00fdmi priemyseln\u00fdmi normami, ktor\u00e9 zaru\u010duj\u00fa spo\u013eahliv\u00fd v\u00fdkon:<\/p>\n<ul>\n<li><a href=\"https:\/\/www.iso.org\/standard\/24972.html\" target=\"_blank\" rel=\"noopener nofollow\"><strong>ISO 14616<\/strong><\/a>: T\u00e1to norma sa zameriava na sk\u00fa\u0161obn\u00e9 met\u00f3dy pou\u017eite\u013en\u00e9 pre zmr\u0161\u0165ovacie f\u00f3lie a poskytuje r\u00e1mec pre presn\u00e9 meranie.<\/li>\n<li><strong>DIN 53369<\/strong>: Zaober\u00e1 sa normami na testovanie materi\u00e1lov, ktor\u00e9 sa t\u00fdkaj\u00fa tepelne zmr\u0161tite\u013en\u00fdch f\u00f3li\u00ed, a zabezpe\u010duje s\u00falad s priemyseln\u00fdmi postupmi.<\/li>\n<\/ul>\n<h2>Hlavn\u00e9 parametre<\/h2>\n<table>\n<tbody>\n<tr>\n<td width=\"156\">Rozsah sily<\/td>\n<td width=\"152\">5 N ( alebo pod\u013ea potreby)<\/td>\n<\/tr>\n<tr>\n<td width=\"156\">Presnos\u0165<\/td>\n<td width=\"152\">\u00b10,5%<\/td>\n<\/tr>\n<tr>\n<td width=\"156\">Rozl\u00ed\u0161enie<\/td>\n<td width=\"152\">0.001N<\/td>\n<\/tr>\n<tr>\n<td width=\"156\">Rozsah v\u00fdtlaku<\/td>\n<td width=\"152\">0,1 ~ 95 mm<\/td>\n<\/tr>\n<tr>\n<td width=\"156\">Presnos\u0165<\/td>\n<td width=\"152\">\u00b10,1 mm<\/td>\n<\/tr>\n<tr>\n<td width=\"156\">Teplotn\u00fd rozsah<\/td>\n<td width=\"152\">Okolie ~ 210 \u00b0C<\/td>\n<\/tr>\n<tr>\n<td width=\"156\">Presnos\u0165<\/td>\n<td width=\"152\">\u00b10.5\u00b0C<\/td>\n<\/tr>\n<tr>\n<td width=\"156\">Po\u010det vzoriek<\/td>\n<td width=\"152\">2<\/td>\n<\/tr>\n<tr>\n<td width=\"156\">Ve\u013ekos\u0165 vzorky<\/td>\n<td width=\"152\">110*15 mm, D*\u0160<\/td>\n<\/tr>\n<tr>\n<td width=\"156\">Nap\u00e1janie<\/td>\n<td width=\"152\">220V 50Hz<\/td>\n<\/tr>\n<\/tbody>\n<\/table>\n<p>Str\u00e1nka <strong>Tester zmr\u0161tenia f\u00f3lie<\/strong> je k\u013e\u00fa\u010dov\u00fdm n\u00e1strojom na zabezpe\u010denie kvality a spo\u013eahlivosti teplom zmr\u0161tite\u013en\u00fdch f\u00f3li\u00ed v r\u00f4znych aplik\u00e1ci\u00e1ch. Poskytovan\u00edm presn\u00fdch meran\u00ed zmr\u0161\u0165ovac\u00edch s\u00edl a pomerov pom\u00e1ha v\u00fdrobcom udr\u017eiava\u0165 vysok\u00e9 \u0161tandardy a optimalizova\u0165 ich procesy. T\u00fdm, ktor\u00ed maj\u00fa z\u00e1ujem o zlep\u0161enie svojich opatren\u00ed na kontrolu kvality, odpor\u00fa\u010dame presk\u00fama\u0165 \u010fal\u0161ie mo\u017enosti alebo po\u017eiada\u0165 o predvedenie a vidie\u0165 mo\u017enosti tohto z\u00e1kladn\u00e9ho pr\u00edstroja v praxi.<\/p>\n<h2>S\u00favisiaci produkt<\/h2>\n<blockquote class=\"wp-embedded-content\" data-secret=\"95pGvecun0\"><p><a href=\"https:\/\/www.qualitester.com\/sk\/produkt-2\/film-free-shrink-tester-fst-01\/\">FST-01 Tester zmr\u0161\u0165ovania bez f\u00f3lie<\/a><\/p><\/blockquote>\n<p><iframe class=\"wp-embedded-content\" sandbox=\"allow-scripts\" security=\"restricted\" style=\"position: absolute; visibility: hidden;\" title=\"\u300a FST-01 Film Free Shrink Tester \u300b\u2014Material Quality Tester\" src=\"https:\/\/www.qualitester.com\/product\/film-free-shrink-tester-fst-01\/embed\/#?secret=J7nnnghFFb#?secret=95pGvecun0\" data-secret=\"95pGvecun0\" width=\"500\" height=\"282\" frameborder=\"0\" marginwidth=\"0\" marginheight=\"0\" scrolling=\"no\"><\/iframe><\/p>","protected":false},"excerpt":{"rendered":"<p>Str\u00e1nka <strong>Tester zmr\u0161tenia f\u00f3lie<\/strong> je k\u013e\u00fa\u010dov\u00fdm n\u00e1strojom na zabezpe\u010denie kvality a spo\u013eahlivosti teplom zmr\u0161tite\u013en\u00fdch f\u00f3li\u00ed v r\u00f4znych aplik\u00e1ci\u00e1ch. Poskytovan\u00edm presn\u00fdch meran\u00ed zmr\u0161\u0165ovac\u00edch s\u00edl a pomerov pom\u00e1ha v\u00fdrobcom udr\u017eiava\u0165 vysok\u00e9 \u0161tandardy a optimalizova\u0165 ich procesy. T\u00fdm, ktor\u00ed maj\u00fa z\u00e1ujem o zlep\u0161enie svojich opatren\u00ed na kontrolu kvality, odpor\u00fa\u010dame presk\u00fama\u0165 \u010fal\u0161ie mo\u017enosti alebo po\u017eiada\u0165 o predvedenie a vidie\u0165 mo\u017enosti tohto z\u00e1kladn\u00e9ho pr\u00edstroja v praxi.<\/p>","protected":false},"featured_media":6141,"comment_status":"closed","ping_status":"closed","template":"","meta":{"site-sidebar-layout":"default","site-content-layout":"default","ast-global-header-display":"","ast-main-header-display":"","ast-hfb-above-header-display":"","ast-hfb-below-header-display":"","ast-hfb-mobile-header-display":"","site-post-title":"","ast-breadcrumbs-content":"","ast-featured-img":"","footer-sml-layout":"","theme-transparent-header-meta":"default","adv-header-id-meta":"","stick-header-meta":"","header-above-stick-meta":"","header-main-stick-meta":"","header-below-stick-meta":""},"product_cat":[953,956,955,845,1134,954,957,958,952,959,686,16,158,95],"product_tag":[],"class_list":{"0":"post-5157","1":"product","2":"type-product","3":"status-publish","4":"has-post-thumbnail","6":"product_cat-bursting-tester","7":"product_cat-cobb-tester","8":"product_cat-crush-tester","9":"product_cat-customization","10":"product_cat-din-53369","11":"product_cat-paper-tear-tester","12":"product_cat-plybond-tester","13":"product_cat-puncture-tester","14":"product_cat-rub-tester","15":"product_cat-stiffness-tester","16":"product_cat-shrink-tester","17":"product_cat-plastic-packaging-testers","18":"product_cat-iso-14616","19":"product_cat-products","20":"desktop-align-left","21":"tablet-align-left","22":"mobile-align-left","24":"first","25":"instock","26":"shipping-taxable","27":"product-type-simple"},"_links":{"self":[{"href":"https:\/\/www.qualitester.com\/sk\/wp-json\/wp\/v2\/product\/5157","targetHints":{"allow":["GET"]}}],"collection":[{"href":"https:\/\/www.qualitester.com\/sk\/wp-json\/wp\/v2\/product"}],"about":[{"href":"https:\/\/www.qualitester.com\/sk\/wp-json\/wp\/v2\/types\/product"}],"replies":[{"embeddable":true,"href":"https:\/\/www.qualitester.com\/sk\/wp-json\/wp\/v2\/comments?post=5157"}],"version-history":[{"count":0,"href":"https:\/\/www.qualitester.com\/sk\/wp-json\/wp\/v2\/product\/5157\/revisions"}],"wp:featuredmedia":[{"embeddable":true,"href":"https:\/\/www.qualitester.com\/sk\/wp-json\/wp\/v2\/media\/6141"}],"wp:attachment":[{"href":"https:\/\/www.qualitester.com\/sk\/wp-json\/wp\/v2\/media?parent=5157"}],"wp:term":[{"taxonomy":"product_cat","embeddable":true,"href":"https:\/\/www.qualitester.com\/sk\/wp-json\/wp\/v2\/product_cat?post=5157"},{"taxonomy":"product_tag","embeddable":true,"href":"https:\/\/www.qualitester.com\/sk\/wp-json\/wp\/v2\/product_tag?post=5157"}],"curies":[{"name":"wp","href":"https:\/\/api.w.org\/{rel}","templated":true}]}}