{"id":5149,"date":"2024-10-31T11:42:15","date_gmt":"2024-10-31T03:42:15","guid":{"rendered":"https:\/\/www.qualitester.com\/?post_type=product&#038;p=5149"},"modified":"2024-12-04T16:20:18","modified_gmt":"2024-12-04T08:20:18","slug":"sale-film-friction-peel-tester","status":"publish","type":"product","link":"https:\/\/www.qualitester.com\/sk\/produkt-2\/sale-film-friction-peel-tester\/","title":{"rendered":"FPT-01 Tester trenia\/\u0161myku f\u00f3lie"},"content":{"rendered":"<h2>Zavedenie testera trenia f\u00f3lie\/peel<\/h2>\n<p>Tester trenia\/odlupovania f\u00f3lie je modern\u00fd pr\u00edstroj ur\u010den\u00fd na presn\u00e9 meranie odporu proti treniu a odlupovaniu v \u0161irokom rozsahu materi\u00e1lov. Tento univerz\u00e1lny pr\u00edstroj, ktor\u00fd sa pou\u017e\u00edva v odvetviach ako balenie, zdravotn\u00edcke pom\u00f4cky, farmaceutick\u00fd priemysel a textil, zohr\u00e1va k\u013e\u00fa\u010dov\u00fa \u00falohu pri kontrole kvality, v\u00fdvoji v\u00fdrobkov a v\u00fdskume.<\/p>\n<h2>Z\u00e1kladn\u00e9 vlastnosti testera trenia\/\u0161myku f\u00f3lie<\/h2>\n<h3>Testovanie COF<\/h3>\n<p>Tento tester presne meria statick\u00e9 aj kinetick\u00e9 koeficienty trenia, ktor\u00e9 s\u00fa nevyhnutn\u00e9 na pochopenie vz\u00e1jomn\u00e9ho p\u00f4sobenia materi\u00e1lov.<\/p>\n<h3>Testovanie odlupovania<\/h3>\n<p>Vykon\u00e1va tie\u017e jemn\u00e9 testy sily odlupovania r\u00f4znych materi\u00e1lov vr\u00e1tane separa\u010dn\u00fdch papierov, lepiacich p\u00e1sok a ochrann\u00fdch f\u00f3li\u00ed.<\/p>\n<h2>Technick\u00e9 \u0161pecifik\u00e1cie<\/h2>\n<ul>\n<li>N\u00e1vrh syst\u00e9mu: Tester obsahuje pevn\u00fa polohu sn\u00edma\u010da za\u0165a\u017eenia s ochrann\u00fdm krytom, ktor\u00fd zabezpe\u010duje bezpe\u010dn\u00fa prev\u00e1dzku. Mechanizmus san\u00ed u\u013eah\u010duje presn\u00e9 testovanie, pri ktorom s\u00fa vzorky bezpe\u010dne upnut\u00e9 a po\u010das odde\u013eovania sa zaznamen\u00e1vaj\u00fa sily odlupovania.<\/li>\n<li>Pou\u017e\u00edvate\u013esky pr\u00edvetiv\u00e9 rozhranie: V\u010faka syst\u00e9mu riaden\u00e9mu PLC sa tester trenia f\u00f3li\u00ed a \u0161up\u00edn ovl\u00e1da prostredn\u00edctvom intuit\u00edvneho dotykov\u00e9ho displeja HMI, ktor\u00fd pou\u017e\u00edvate\u013eom u\u013eah\u010duje navig\u00e1ciu a obsluhu.<\/li>\n<\/ul>\n<h3>Hlavn\u00fd parameter<\/h3>\n<table>\n<tbody>\n<tr>\n<td width=\"156\">Rozsah sily<\/td>\n<td width=\"152\">5 N ( alebo pod\u013ea potreby)<\/td>\n<\/tr>\n<tr>\n<td width=\"156\">Presnos\u0165<\/td>\n<td width=\"152\">\u00b10,5%<\/td>\n<\/tr>\n<tr>\n<td width=\"156\">Rozl\u00ed\u0161enie<\/td>\n<td width=\"152\">0.001N<\/td>\n<\/tr>\n<tr>\n<td width=\"156\">Rozsah v\u00fdtlaku<\/td>\n<td width=\"152\">0,1 ~ 95 mm<\/td>\n<\/tr>\n<tr>\n<td width=\"156\">Presnos\u0165<\/td>\n<td width=\"152\">\u00b10,1 mm<\/td>\n<\/tr>\n<tr>\n<td width=\"156\">Teplotn\u00fd rozsah<\/td>\n<td width=\"152\">Okolie ~ 210 \u00b0C<\/td>\n<\/tr>\n<tr>\n<td width=\"156\">Presnos\u0165<\/td>\n<td width=\"152\">\u00b10.5\u00b0C<\/td>\n<\/tr>\n<tr>\n<td width=\"156\">Po\u010det vzoriek<\/td>\n<td width=\"152\">2<\/td>\n<\/tr>\n<tr>\n<td width=\"156\">Ve\u013ekos\u0165 vzorky<\/td>\n<td width=\"152\">110*15 mm, D*\u0160<\/td>\n<\/tr>\n<tr>\n<td width=\"156\">Nap\u00e1janie<\/td>\n<td width=\"152\">220V 50Hz<\/td>\n<\/tr>\n<\/tbody>\n<\/table>\n<h2>S\u00falad s priemyseln\u00fdmi normami<\/h2>\n<ul>\n<li><a href=\"https:\/\/www.astm.org\/d1894-14.html\" target=\"_blank\" rel=\"noopener nofollow\"><strong>ASTM D1894<\/strong><\/a>: Koeficient trenia pre plasty<\/li>\n<li><strong>ASTM D3330<\/strong>: Pri\u013enavos\u0165 p\u00e1sky citlivej na tlak (180\u00b0)<\/li>\n<li><strong>ISO 8295<\/strong>: Koeficient trenia pre plasty, zabezpe\u010denie kvality materi\u00e1lu pri v\u00fdrobe.<\/li>\n<li><strong>TAPPI T816<\/strong>: Koeficient trenia pre vlnit\u00fa lepenku a kart\u00f3n.<\/li>\n<li><strong>TAPPI T549<\/strong>: Koeficient trenia pre nenatieran\u00fd papier na p\u00edsanie a tla\u010d.<\/li>\n<\/ul>\n<h2>Pou\u017eitie testera trenia\/\u0161myku f\u00f3lie<\/h2>\n<p>Tester trenia f\u00f3lie sa pou\u017e\u00edva v r\u00f4znych odvetviach vr\u00e1tane:<\/p>\n<ol>\n<li><strong>Balenie<\/strong>: Zabezpe\u010denie toho, aby obalov\u00e9 materi\u00e1ly sp\u013a\u0148ali v\u00fdkonnostn\u00e9 normy.<\/li>\n<li><strong>Lepidlo<\/strong>: Testovanie spo\u013eahlivosti lepidiel a bari\u00e9rov\u00fdch materi\u00e1lov.<\/li>\n<li><strong>Potravin\u00e1rsky priemysel<\/strong>: Hodnotenie pevnosti tesnenia a interakcie materi\u00e1lov z h\u013eadiska bezpe\u010dnosti a kvality.<\/li>\n<li><strong>Textil<\/strong> <strong>a spotrebite\u013e<\/strong> <strong>Tovar<\/strong>: Posudzovanie vlastnost\u00ed materi\u00e1lov s cie\u013eom zv\u00fd\u0161i\u0165 odolnos\u0165 a funk\u010dnos\u0165 v\u00fdrobkov.<\/li>\n<\/ol>\n<h2>V\u00fdhody testera trenia\/\u0161myku f\u00f3lie<\/h2>\n<ul>\n<li><strong>Vylep\u0161en\u00fd v\u00fdkon v\u00fdrobku<\/strong>: Presn\u00fdm meran\u00edm pevnosti v tren\u00ed a odlupovan\u00ed m\u00f4\u017eu v\u00fdrobcovia zlep\u0161i\u0165 kvalitu a trvanlivos\u0165 v\u00fdrobkov.<\/li>\n<li><strong>Anal\u00fdza \u00fadajov v re\u00e1lnom \u010dase<\/strong>: Syst\u00e9m poskytuje okam\u017eit\u00e9 v\u00fdsledky vr\u00e1tane grafick\u00e9ho zn\u00e1zornenia \u00fadajov na jednoduch\u00fa interpret\u00e1ciu.<\/li>\n<li><strong>Pokro\u010dil\u00e9 funkcie<\/strong>: Medzi \u010fal\u0161ie funkcie patr\u00ed integrovan\u00e1 tla\u010d a volite\u013en\u00fd softv\u00e9r na komplexn\u00fa spr\u00e1vu \u00fadajov.<\/li>\n<\/ul>\n<p>Str\u00e1nka <strong><a href=\"https:\/\/www.qualitester.com\/sk\/produkt-2\/coefficient-of-friction-tester-cof-01\/\" target=\"_blank\" rel=\"noopener\">Trenie f\u00f3lie<\/a>\/Tester hrotov<\/strong> je z\u00e1kladn\u00fdm n\u00e1strojom pre ka\u017ed\u00fa organiz\u00e1ciu, ktor\u00e1 sa zameriava na kvalitu materi\u00e1lu a dodr\u017eiavanie priemyseln\u00fdch noriem. V\u010faka presn\u00fdm meraniam a dodr\u017eiavaniu uzn\u00e1van\u00fdch sk\u00fa\u0161obn\u00fdch protokolov tento tester podporuje v\u00fdrobcov pri dosahovan\u00ed optim\u00e1lneho v\u00fdkonu v\u00fdrobkov. Presk\u00famajte mo\u017enosti testera trenia f\u00f3lie\/\u0161up\u00edn e\u0161te dnes a zabezpe\u010dte, aby va\u0161e materi\u00e1ly sp\u013a\u0148ali najvy\u0161\u0161ie \u0161tandardy kvality.<\/p>\n<h2>S\u00favisiace produkty<\/h2>\n<blockquote class=\"wp-embedded-content\" data-secret=\"hdCaSFydsl\"><p><a href=\"https:\/\/www.qualitester.com\/sk\/produkt-2\/coefficient-of-friction-tester-cof-01\/\">Tester koeficientu trenia COF-01<\/a><\/p><\/blockquote>\n<p><iframe class=\"wp-embedded-content\" sandbox=\"allow-scripts\" security=\"restricted\" style=\"position: absolute; visibility: hidden;\" title=\"\u300a Tester koeficientu trenia COF-01 \u300b-Tester kvality materi\u00e1lu\" src=\"https:\/\/www.qualitester.com\/product\/coefficient-of-friction-tester-cof-01\/embed\/#?secret=KfrAZiIKcT#?secret=hdCaSFydsl\" data-secret=\"hdCaSFydsl\" width=\"500\" height=\"282\" frameborder=\"0\" marginwidth=\"0\" marginheight=\"0\" scrolling=\"no\"><\/iframe><\/p>","protected":false},"excerpt":{"rendered":"<p>Tester trenia\/odlupovania f\u00f3lie je modern\u00fd pr\u00edstroj ur\u010den\u00fd na presn\u00e9 meranie odporu proti treniu a odlupovaniu v \u0161irokom rozsahu materi\u00e1lov. Tento univerz\u00e1lny pr\u00edstroj, ktor\u00fd sa pou\u017e\u00edva v odvetviach ako balenie, zdravotn\u00edcke pom\u00f4cky, farmaceutick\u00fd priemysel a textil, zohr\u00e1va k\u013e\u00fa\u010dov\u00fa \u00falohu pri kontrole kvality, v\u00fdvoji v\u00fdrobkov a v\u00fdskume.<\/p>","protected":false},"featured_media":6139,"comment_status":"closed","ping_status":"closed","template":"","meta":{"site-sidebar-layout":"default","site-content-layout":"default","ast-global-header-display":"","ast-main-header-display":"","ast-hfb-above-header-display":"","ast-hfb-below-header-display":"","ast-hfb-mobile-header-display":"","site-post-title":"","ast-breadcrumbs-content":"","ast-featured-img":"","footer-sml-layout":"","theme-transparent-header-meta":"default","adv-header-id-meta":"","stick-header-meta":"","header-above-stick-meta":"","header-main-stick-meta":"","header-below-stick-meta":""},"product_cat":[945,953,956,955,845,954,957,958,952,959,1063,1062,683,681,106,126,132,170,171,95],"product_tag":[],"class_list":{"0":"post-5149","1":"product","2":"type-product","3":"status-publish","4":"has-post-thumbnail","6":"product_cat-180-peeling-tester","7":"product_cat-bursting-tester","8":"product_cat-cobb-tester","9":"product_cat-crush-tester","10":"product_cat-customization","11":"product_cat-paper-tear-tester","12":"product_cat-plybond-tester","13":"product_cat-puncture-tester","14":"product_cat-rub-tester","15":"product_cat-stiffness-tester","16":"product_cat-tappi-t549","17":"product_cat-tappi-t816","18":"product_cat-coefficient-of-friction-tester","19":"product_cat-peel-tester","20":"product_cat-astm-d1894","21":"product_cat-astm-d3330","22":"product_cat-astm-d4917","23":"product_cat-iso-8295","24":"product_cat-iso-8510-2","25":"product_cat-products","26":"desktop-align-left","27":"tablet-align-left","28":"mobile-align-left","30":"first","31":"instock","32":"shipping-taxable","33":"product-type-simple"},"_links":{"self":[{"href":"https:\/\/www.qualitester.com\/sk\/wp-json\/wp\/v2\/product\/5149","targetHints":{"allow":["GET"]}}],"collection":[{"href":"https:\/\/www.qualitester.com\/sk\/wp-json\/wp\/v2\/product"}],"about":[{"href":"https:\/\/www.qualitester.com\/sk\/wp-json\/wp\/v2\/types\/product"}],"replies":[{"embeddable":true,"href":"https:\/\/www.qualitester.com\/sk\/wp-json\/wp\/v2\/comments?post=5149"}],"version-history":[{"count":0,"href":"https:\/\/www.qualitester.com\/sk\/wp-json\/wp\/v2\/product\/5149\/revisions"}],"wp:featuredmedia":[{"embeddable":true,"href":"https:\/\/www.qualitester.com\/sk\/wp-json\/wp\/v2\/media\/6139"}],"wp:attachment":[{"href":"https:\/\/www.qualitester.com\/sk\/wp-json\/wp\/v2\/media?parent=5149"}],"wp:term":[{"taxonomy":"product_cat","embeddable":true,"href":"https:\/\/www.qualitester.com\/sk\/wp-json\/wp\/v2\/product_cat?post=5149"},{"taxonomy":"product_tag","embeddable":true,"href":"https:\/\/www.qualitester.com\/sk\/wp-json\/wp\/v2\/product_tag?post=5149"}],"curies":[{"name":"wp","href":"https:\/\/api.w.org\/{rel}","templated":true}]}}