{"id":5133,"date":"2024-10-30T17:09:27","date_gmt":"2024-10-30T09:09:27","guid":{"rendered":"https:\/\/www.qualitester.com\/?post_type=product&#038;p=5133"},"modified":"2024-12-06T09:53:47","modified_gmt":"2024-12-06T01:53:47","slug":"sale-medical-device-packaging-testing-machine","status":"publish","type":"product","link":"https:\/\/www.qualitester.com\/sk\/produkt-2\/sale-medical-device-packaging-testing-machine\/","title":{"rendered":"MPT-01 Tester lek\u00e1rskych obalov"},"content":{"rendered":"<h2><strong>\u00davod<\/strong><\/h2>\n<p>Str\u00e1nka <strong>Testovac\u00ed stroj na balenie zdravotn\u00edckych pom\u00f4cok<\/strong> je z\u00e1kladn\u00fdm n\u00e1strojom v lek\u00e1rskom a farmaceutickom priemysle, ktor\u00fd je ur\u010den\u00fd na hodnotenie mechanick\u00fdch vlastnost\u00ed obalov\u00fdch materi\u00e1lov pre zdravotn\u00edcke pom\u00f4cky a farmaceutick\u00e9 v\u00fdrobky. Tento stroj zohr\u00e1va k\u013e\u00fa\u010dov\u00fa \u00falohu pri zabezpe\u010dovan\u00ed integrity a bezpe\u010dnosti obalov a pom\u00e1ha v\u00fdrobcom dodr\u017eiava\u0165 pr\u00edsne regula\u010dn\u00e9 normy.<\/p>\n<h2><strong>Aplik\u00e1cie<\/strong><\/h2>\n<p>Tento v\u0161estrann\u00fd pr\u00edstroj dok\u00e1\u017ee testova\u0165 \u0161irok\u00fa \u0161k\u00e1lu materi\u00e1lov be\u017ene pou\u017e\u00edvan\u00fdch v lek\u00e1rskych obaloch vr\u00e1tane polym\u00e9rov, vreciek, ampuliek, gumov\u00fdch z\u00e1tok, injek\u010dn\u00fdch strieka\u010diek a ihiel. Hodnoten\u00edm t\u00fdchto materi\u00e1lov pom\u00e1ha testovac\u00ed stroj na balenie zdravotn\u00edckych pom\u00f4cok zaru\u010di\u0165, \u017ee obaly vydr\u017eia r\u00f4zne podmienky po\u010das prepravy a skladovania.<\/p>\n<h2><strong>Testovacie met\u00f3dy<\/strong><\/h2>\n<p>Zariadenie na testovanie obalov zdravotn\u00edckych pom\u00f4cok vykon\u00e1va nieko\u013eko k\u013e\u00fa\u010dov\u00fdch testov na zabezpe\u010denie kvality obalov\u00fdch materi\u00e1lov:<\/p>\n<ul>\n<li><strong>\u0164ahov\u00e9 sk\u00fa\u0161ky:<\/strong> Zmerajte silu potrebn\u00fa na roztiahnutie materi\u00e1lov.<\/li>\n<li><strong>Kompresn\u00e9 testy:<\/strong> Pos\u00fa\u010fte schopnos\u0165 obalu odol\u00e1va\u0165 vonkaj\u0161iemu tlaku.<\/li>\n<li><strong>Testy na slzy:<\/strong> Zhodno\u0165te odolnos\u0165 materi\u00e1lov vo\u010di roztrhnutiu.<\/li>\n<li><strong>Otv\u00e1racie testy sily:<\/strong> Ur\u010dite silu potrebn\u00fa na otvorenie uzavret\u00e9ho obalu.<\/li>\n<li><strong>Penetra\u010dn\u00e9 testy:<\/strong> Testujte neporu\u0161enos\u0165 gumov\u00fdch z\u00e1tok a tesnen\u00ed.<\/li>\n<li><strong>Sk\u00fa\u0161ky pevnosti pri pretrhnut\u00ed:<\/strong> Pos\u00fa\u010fte, ak\u00e9 maxim\u00e1lne za\u0165a\u017eenie m\u00f4\u017ee materi\u00e1l znies\u0165, ne\u017e d\u00f4jde k jeho zlyhaniu.<\/li>\n<li><strong>\u0164ahov\u00e9 testy:<\/strong> Meranie pevnosti spojov v baliacich komponentoch.<\/li>\n<\/ul>\n<h2><strong>V\u0161estrannos\u0165<\/strong><\/h2>\n<p>Tento stroj podporuje r\u00f4zne testy nevyhnutn\u00e9 na zabezpe\u010denie kvality v lek\u00e1rskych obaloch. Medzi k\u013e\u00fa\u010dov\u00e9 testy patria:<\/p>\n<ul>\n<li><strong>Sk\u00fa\u0161ka penetr\u00e1cie gumov\u00fdch z\u00e1tok<\/strong> vo f\u013ea\u0161ti\u010dk\u00e1ch s antibiotikami a podko\u017en\u00fdmi ihlami: Zabezpe\u010duje, aby si z\u00e1tky pri penetr\u00e1cii zachovali svoju celistvos\u0165.<\/li>\n<li><strong>Sk\u00fa\u0161ka lomovej pevnosti<\/strong> ampuliek: Testuje odolnos\u0165 flia\u0161 vo\u010di rozbitiu.<\/li>\n<li><strong>Test \u00faniku<\/strong> plastov\u00fdch obalov pod vonkaj\u0161\u00edm tlakom: Overuje tesnos\u0165 obalov.<\/li>\n<li><strong>Test sily pripojenia<\/strong> medzi injek\u010dn\u00fdmi ihlami a n\u00e1bojmi\/uz\u00e1vermi ihiel: Posudzuje spo\u013eahlivos\u0165 t\u00fdchto spojen\u00ed.<\/li>\n<li><strong>Test tuhosti f\u013ea\u0161e:<\/strong> Meria tuhos\u0165 flia\u0161, aby sa zabr\u00e1nilo ich deform\u00e1cii.<\/li>\n<li><strong>Test prepichnutia veka f\u013ea\u0161e<\/strong> animovan\u00fdm prstom: Hodnot\u00ed odolnos\u0165 vie\u010dok proti prepichnutiu.<\/li>\n<li><strong>Sk\u00fa\u0161ka odolnosti proti posunu<\/strong> piestov: Testuje v\u00fdkon pohybliv\u00fdch komponentov v zdravotn\u00edckych pom\u00f4ckach.<\/li>\n<\/ul>\n<h2><strong>Technick\u00e9 vlastnosti<\/strong><\/h2>\n<p>Testovac\u00ed stroj na balenie zdravotn\u00edckych pom\u00f4cok je vybaven\u00fd pokro\u010dil\u00fdmi technick\u00fdmi funkciami na zv\u00fd\u0161enie jeho v\u00fdkonu:<\/p>\n<ul>\n<li><strong>Programovate\u013en\u00fd logick\u00fd regul\u00e1tor (PLC):<\/strong> Poskytuje stabiln\u00e9 a spo\u013eahliv\u00e9 ovl\u00e1danie.<\/li>\n<li><strong>Dotykov\u00fd displej rozhrania \u010dlovek-stroj (HMI):<\/strong> Zabezpe\u010duje pou\u017e\u00edvate\u013esky pr\u00edvetiv\u00fa prev\u00e1dzku.<\/li>\n<li><strong>Mechanizmus presnej gu\u013e\u00f4\u010dkovej skrutky:<\/strong> Zaru\u010duje presn\u00e9 a konzistentn\u00e9 riadenie r\u00fdchlosti a posunu.<\/li>\n<li><strong>Prisp\u00f4sobite\u013en\u00e9 programy:<\/strong> Navrhnut\u00e9 tak, aby sp\u013a\u0148ali \u0161pecifick\u00e9 po\u017eiadavky na testovanie.<\/li>\n<li><strong>Nastavite\u013en\u00e1 r\u00fdchlos\u0165 testu:<\/strong> Umo\u017e\u0148uje flexibilitu testovac\u00edch podmienok.<\/li>\n<li><strong>Viacero svietidiel:<\/strong> K dispoz\u00edcii pre sk\u00fa\u0161ky \u0165ahom a tlakom, prisp\u00f4soben\u00e9 konkr\u00e9tnym materi\u00e1lom.<\/li>\n<li><strong>Bezpe\u010dnostn\u00e9 prvky:<\/strong> Zah\u0155\u0148aj\u00fa ochranu pred obmedzen\u00edm a automatick\u00e9 vr\u00e1tenie pre bezpe\u010dn\u00fa prev\u00e1dzku.<\/li>\n<\/ul>\n<h2><strong>Hlavn\u00e9 parametre<\/strong><\/h2>\n<table>\n<tbody>\n<tr>\n<td style=\"text-align: center;\" width=\"175\">Testovac\u00ed rozsah<\/td>\n<td style=\"text-align: center;\" width=\"277\">500N (alebo pod\u013ea potreby)<\/td>\n<\/tr>\n<tr>\n<td style=\"text-align: center;\" width=\"175\">M\u0155tvica<\/td>\n<td style=\"text-align: center;\" width=\"277\">200 mm (bez svorky)<\/td>\n<\/tr>\n<tr>\n<td style=\"text-align: center;\" width=\"175\">Testovacia r\u00fdchlos\u0165<\/td>\n<td style=\"text-align: center;\" width=\"277\">1 ~ 500 mm\/min<\/td>\n<\/tr>\n<tr>\n<td style=\"text-align: center;\" width=\"175\">Presnos\u0165 posunu<\/td>\n<td style=\"text-align: center;\" width=\"277\">0,01 mm<\/td>\n<\/tr>\n<tr>\n<td style=\"text-align: center;\" width=\"175\">Presnos\u0165<\/td>\n<td style=\"text-align: center;\" width=\"277\">0,5% F.S.<\/td>\n<\/tr>\n<tr>\n<td style=\"text-align: center;\" width=\"175\">Kontrola<\/td>\n<td style=\"text-align: center;\" width=\"277\">PLC a rozhranie \u010dlovek-stroj<\/td>\n<\/tr>\n<tr>\n<td style=\"text-align: center;\" width=\"175\">V\u00fdstup<\/td>\n<td style=\"text-align: center;\" width=\"277\">Obrazovka, mikrotla\u010diare\u0148, RS232 (volite\u013en\u00e9)<\/td>\n<\/tr>\n<tr>\n<td style=\"text-align: center;\" width=\"175\">Nap\u00e1janie<\/td>\n<td style=\"text-align: center;\" width=\"277\">110~220V<\/td>\n<\/tr>\n<\/tbody>\n<\/table>","protected":false},"excerpt":{"rendered":"<p>Str\u00e1nka <strong>Testovac\u00ed stroj na balenie zdravotn\u00edckych pom\u00f4cok<\/strong> je z\u00e1kladn\u00fdm n\u00e1strojom v lek\u00e1rskom a farmaceutickom priemysle, ktor\u00fd je ur\u010den\u00fd na hodnotenie mechanick\u00fdch vlastnost\u00ed obalov\u00fdch materi\u00e1lov pre zdravotn\u00edcke pom\u00f4cky a farmaceutick\u00e9 v\u00fdrobky. Tento stroj zohr\u00e1va k\u013e\u00fa\u010dov\u00fa \u00falohu pri zabezpe\u010dovan\u00ed integrity a bezpe\u010dnosti obalov a pom\u00e1ha v\u00fdrobcom dodr\u017eiava\u0165 pr\u00edsne regula\u010dn\u00e9 normy.<\/p>","protected":false},"featured_media":6319,"comment_status":"closed","ping_status":"closed","template":"","meta":{"site-sidebar-layout":"default","site-content-layout":"default","ast-global-header-display":"","ast-main-header-display":"","ast-hfb-above-header-display":"","ast-hfb-below-header-display":"","ast-hfb-mobile-header-display":"","site-post-title":"","ast-breadcrumbs-content":"","ast-featured-img":"","footer-sml-layout":"","theme-transparent-header-meta":"default","adv-header-id-meta":"","stick-header-meta":"","header-above-stick-meta":"","header-main-stick-meta":"","header-below-stick-meta":""},"product_cat":[95,933,845,679,149],"product_tag":[],"class_list":{"0":"post-5133","1":"product","2":"type-product","3":"status-publish","4":"has-post-thumbnail","6":"product_cat-products","7":"product_cat-ampoule-breaking-tester","8":"product_cat-customization","9":"product_cat-tensile-tester","10":"product_cat-pharma-and-medical-testers","11":"desktop-align-left","12":"tablet-align-left","13":"mobile-align-left","15":"first","16":"instock","17":"shipping-taxable","18":"product-type-simple"},"_links":{"self":[{"href":"https:\/\/www.qualitester.com\/sk\/wp-json\/wp\/v2\/product\/5133","targetHints":{"allow":["GET"]}}],"collection":[{"href":"https:\/\/www.qualitester.com\/sk\/wp-json\/wp\/v2\/product"}],"about":[{"href":"https:\/\/www.qualitester.com\/sk\/wp-json\/wp\/v2\/types\/product"}],"replies":[{"embeddable":true,"href":"https:\/\/www.qualitester.com\/sk\/wp-json\/wp\/v2\/comments?post=5133"}],"version-history":[{"count":0,"href":"https:\/\/www.qualitester.com\/sk\/wp-json\/wp\/v2\/product\/5133\/revisions"}],"wp:featuredmedia":[{"embeddable":true,"href":"https:\/\/www.qualitester.com\/sk\/wp-json\/wp\/v2\/media\/6319"}],"wp:attachment":[{"href":"https:\/\/www.qualitester.com\/sk\/wp-json\/wp\/v2\/media?parent=5133"}],"wp:term":[{"taxonomy":"product_cat","embeddable":true,"href":"https:\/\/www.qualitester.com\/sk\/wp-json\/wp\/v2\/product_cat?post=5133"},{"taxonomy":"product_tag","embeddable":true,"href":"https:\/\/www.qualitester.com\/sk\/wp-json\/wp\/v2\/product_tag?post=5133"}],"curies":[{"name":"wp","href":"https:\/\/api.w.org\/{rel}","templated":true}]}}