{"id":5110,"date":"2024-10-29T16:23:12","date_gmt":"2024-10-29T08:23:12","guid":{"rendered":"https:\/\/www.qualitester.com\/?post_type=product&#038;p=5110"},"modified":"2024-12-05T11:31:23","modified_gmt":"2024-12-05T03:31:23","slug":"sale-soft-gel-capsule-hardness-tester","status":"publish","type":"product","link":"https:\/\/www.qualitester.com\/sk\/produkt-2\/sale-soft-gel-capsule-hardness-tester\/","title":{"rendered":"CHT-01 Tester tvrdosti m\u00e4kk\u00fdch g\u00e9lov\u00fdch kaps\u00fal"},"content":{"rendered":"<h2><strong>\u00davod do testera tvrdosti m\u00e4kk\u00fdch g\u00e9lov\u00fdch kaps\u00fal<\/strong><\/h2>\n<p>Vo farmaceutickom a nutraceutickom priemysle je kontrola kvality prvorad\u00e1. Zabezpe\u010denie toho, aby si m\u00e4kk\u00e9 g\u00e9lov\u00e9 kapsuly zachovali svoju \u0161truktur\u00e1lnu integritu po\u010das procesov balenia, skladovania a distrib\u00facie, je ve\u013emi d\u00f4le\u017eit\u00e9. Na str\u00e1nke <strong>Tester tvrdosti m\u00e4kk\u00fdch g\u00e9lov\u00fdch kaps\u00fal<\/strong>, konkr\u00e9tne <strong>CHT-01 Tester tvrdosti kaps\u00fal a m\u00e4kk\u00fdch g\u00e9lov<\/strong>, je vysoko presn\u00fd pr\u00edstroj ur\u010den\u00fd na meranie pevnosti, pru\u017enosti a celkovej pevnosti kaps\u00fal. Posudzovan\u00edm k\u013e\u00fa\u010dov\u00fdch faktorov, ako je tvrdos\u0165, deform\u00e1cia a pevnos\u0165 tesnenia, tento tester pom\u00e1ha v\u00fdrobcom zaru\u010di\u0165, \u017ee ich v\u00fdrobky s\u00fa bezpe\u010dn\u00e9, \u00fa\u010dinn\u00e9 a kvalitn\u00e9.<\/p>\n<h2><strong>Pre\u010do testova\u0165 tvrdos\u0165 a pevnos\u0165 m\u00e4kk\u00fdch g\u00e9lov\u00fdch kaps\u00fal?<\/strong><\/h2>\n<p>M\u00e4kk\u00e9 g\u00e9lov\u00e9 kapsuly sa be\u017ene pou\u017e\u00edvaj\u00fa na dod\u00e1vanie vitam\u00ednov, miner\u00e1lov a liekov v stabilnom a ochrannom \u017eelat\u00ednovom obale. Pri t\u00fdchto kapsul\u00e1ch je nevyhnutn\u00e9 udr\u017eiava\u0165 ide\u00e1lnu \u00farove\u0148 pevnosti - nielen na ochranu \u00fa\u010dinn\u00fdch l\u00e1tok vo vn\u00fatri, ale aj na zabezpe\u010denie kontrolovan\u00e9ho uvo\u013e\u0148ovania obsahu pri po\u017eit\u00ed. Testovanie tvrdosti odha\u013euje, ako bude kapsula fungova\u0165 v r\u00f4znych podmienkach, od balenia a prepravy a\u017e po sk\u00fasenosti spotrebite\u013ea. Na str\u00e1nke . <strong>Tester tvrdosti m\u00e4kk\u00fdch g\u00e9lov\u00fdch kaps\u00fal<\/strong> je ve\u013emi d\u00f4le\u017eit\u00e1 na identifik\u00e1ciu ak\u00fdchko\u013evek nedostatkov v sten\u00e1ch kaps\u00fal alebo tesnen\u00ed, \u010d\u00edm sa predch\u00e1dza probl\u00e9mom sk\u00f4r, ako sa dostan\u00fa na trh.<\/p>\n<h2><strong>K\u013e\u00fa\u010dov\u00e9 vlastnosti testera tvrdosti m\u00e4kk\u00fdch g\u00e9lov\u00fdch kaps\u00fal<\/strong><\/h2>\n<ul>\n<li><strong>Mo\u017enosti vysoko presn\u00e9ho testovania<\/strong><br \/>\nTento tester, vybaven\u00fd pokro\u010dilou technol\u00f3giou, ako je riadiaca jednotka PLC, presn\u00e1 gu\u013e\u00f4\u010dkov\u00e1 skrutka a krokov\u00fd motor, poskytuje spo\u013eahliv\u00e9 a presn\u00e9 v\u00fdsledky, ktor\u00e9 podporuj\u00fa pr\u00edsne normy kvality.<\/li>\n<li><strong>V\u0161estrann\u00e9 testovacie programy<\/strong><br \/>\nPonuka viacer\u00fdch \u0161tandardn\u00fdch programov -<strong>Sila<\/strong> (pou\u017eitie ur\u010ditej sily a meranie vzdialenosti), <strong>Vrchol<\/strong> (meranie maxim\u00e1lnej sily pri prasknut\u00ed kapsuly) a <strong>Vzdialenos\u0165<\/strong> (meranie sily v pevne stanovenej vzdialenosti) - tester tvrdosti m\u00e4kk\u00fdch g\u00e9lov\u00fdch kaps\u00fal umo\u017e\u0148uje komplexn\u00e9 testovanie, ktor\u00e9 umo\u017e\u0148uje pochopi\u0165 ka\u017ed\u00fd aspekt integrity kaps\u00fal.<\/li>\n<li><strong>Pou\u017e\u00edvate\u013esky pr\u00edvetiv\u00e9 rozhranie a ovl\u00e1danie<\/strong><br \/>\n7-palcov\u00e1 dotykov\u00e1 obrazovka HMI umo\u017e\u0148uje pou\u017e\u00edvate\u013eom \u013eahko konfigurova\u0165 nastavenia, spravova\u0165 testovacie programy a vizualizova\u0165 v\u00fdsledky. Tento intuit\u00edvny dizajn zlep\u0161uje pracovn\u00e9 postupy a u\u013eah\u010duje r\u00fdchle \u00fapravy na z\u00e1klade po\u017eiadaviek na testovanie.<\/li>\n<li><strong>Zv\u00fd\u0161en\u00e1 \u00fa\u010dinnos\u0165 a bezpe\u010dnostn\u00e9 funkcie<\/strong><br \/>\nOto\u010dn\u00fd st\u00f4l, automatick\u00e1 statika na zber \u00fadajov a ochrana proti pre\u0165a\u017eeniu zvy\u0161uj\u00fa \u00fa\u010dinnos\u0165 a bezpe\u010dnos\u0165. Tieto funkcie zjednodu\u0161uj\u00fa testovanie a chr\u00e1nia pr\u00edstroj pred nadmern\u00fdm pou\u017e\u00edvan\u00edm, \u010d\u00edm maximalizuj\u00fa jeho \u017eivotnos\u0165 a spo\u013eahlivos\u0165.<\/li>\n<\/ul>\n<h2><strong>Podrobn\u00e9 sk\u00fa\u0161obn\u00e9 met\u00f3dy pre tvrdos\u0165 a pevnos\u0165 m\u00e4kk\u00fdch g\u00e9lov\u00fdch kaps\u00fal<\/strong><\/h2>\n<ul>\n<li><strong>Test kompresie<\/strong><br \/>\nPri kompresnej sk\u00fa\u0161ke sa na kapsulu vyv\u00edja tlak valcovou sondou s priemerom 10 mm alebo plochou 10 mm\u00b2, k\u00fdm ned\u00f4jde k deform\u00e1cii alebo prasknutiu. T\u00fdm sa simuluje fyzik\u00e1lne nam\u00e1hanie, ktor\u00e9mu m\u00f4\u017ee by\u0165 kapsula vystaven\u00e1 v re\u00e1lnych podmienkach, napr\u00edklad pri balen\u00ed a preprave. Testovan\u00edm stla\u010denia z\u00edskaj\u00fa v\u00fdrobcovia inform\u00e1cie o trvanlivosti a odolnosti kapsuly vo\u010di po\u0161kodeniu.<\/li>\n<li><strong>Testovanie pevnosti a pevnosti tesnenia<\/strong><br \/>\nTestovanie pevnosti hodnot\u00ed, ako ve\u013emi sa kapsula deformuje pri ur\u010ditom tlakovom za\u0165a\u017een\u00ed, a poskytuje tak inform\u00e1cie o jej pru\u017enosti a odolnosti. Okrem toho sa testom pevnosti tesnenia meria sila potrebn\u00e1 na poru\u0161enie tesnenia kapsuly, \u010d\u00edm sa zabezpe\u010d\u00ed, \u017ee sa kapsula pred\u010dasne neroztrhne a uvo\u013en\u00ed svoj obsah len za ur\u010den\u00fdch podmienok.<\/li>\n<\/ul>\n<h2><strong>Technick\u00e9 \u0161pecifik\u00e1cie a parametre<\/strong><\/h2>\n<table>\n<tbody>\n<tr>\n<td width=\"184\">Testovac\u00ed rozsah<\/td>\n<td width=\"289\">0 ~ 200 N (alebo pod\u013ea potreby)<\/td>\n<\/tr>\n<tr>\n<td width=\"184\">M\u0155tvica<\/td>\n<td width=\"289\">200 mm (bez svorky)<\/td>\n<\/tr>\n<tr>\n<td width=\"184\">R\u00fdchlos\u0165<\/td>\n<td width=\"289\">1 ~ 300 mm\/min (alebo pod\u013ea potreby)<\/td>\n<\/tr>\n<tr>\n<td width=\"184\">Presnos\u0165 posunu<\/td>\n<td width=\"289\">0,01 mm<\/td>\n<\/tr>\n<tr>\n<td width=\"184\">Presnos\u0165<\/td>\n<td width=\"289\">0,5% F.S.<\/td>\n<\/tr>\n<tr>\n<td width=\"184\">V\u00fdstup<\/td>\n<td width=\"289\">Obrazovka, mikrotla\u010diare\u0148, RS232 (volite\u013en\u00e9)<\/td>\n<\/tr>\n<tr>\n<td width=\"184\">Nap\u00e1janie<\/td>\n<td width=\"289\">110~ 220V 50\/60Hz<\/td>\n<\/tr>\n<\/tbody>\n<\/table>\n<h2><strong>V\u00fdhody testera tvrdosti m\u00e4kk\u00fdch g\u00e9lov\u00fdch kaps\u00fal<\/strong><\/h2>\n<ul>\n<li><strong>Komplexn\u00e9 testovanie zabezpe\u010denia kvality<\/strong><br \/>\nTento tester s mo\u017enos\u0165ou viacer\u00fdch testov umo\u017e\u0148uje v\u00fdrobcom pos\u00fadi\u0165 odolnos\u0165, rovnomernos\u0165 a pevnos\u0165 kon\u0161trukcie kaps\u00fal. V\u00fdsledkom je vy\u0161\u0161ia kvalita v\u00fdrobkov a spokojnos\u0165 z\u00e1kazn\u00edkov.<\/li>\n<li><strong>Prisp\u00f4sobite\u013en\u00e9 mo\u017enosti pr\u00edpravkov na v\u0161estrann\u00e9 testovanie<\/strong><br \/>\nTester pon\u00faka r\u00f4zne pr\u00edpravky a pr\u00edpravky, v\u010faka \u010domu sa prisp\u00f4sob\u00ed r\u00f4znym ve\u013ekostiam a tvarom kaps\u00fal a je univerz\u00e1lny pre \u0161irok\u00fa \u0161k\u00e1lu aplik\u00e1ci\u00ed m\u00e4kk\u00e9ho g\u00e9lu.<\/li>\n<li><strong>Vyroben\u00e9 pre dlhodob\u00fa odolnos\u0165<\/strong><br \/>\nTester je skon\u0161truovan\u00fd z robustn\u00fdch komponentov a pokro\u010dil\u00fdch mechanizmov, aby poskytoval dlh\u00fa \u017eivotnos\u0165, maximalizoval n\u00e1vratnos\u0165 invest\u00edci\u00ed a z\u00e1rove\u0148 skr\u00e1til prestoje a \u00fadr\u017ebu.<\/li>\n<\/ul>\n<h2><strong>Pou\u017eitie testera tvrdosti m\u00e4kk\u00fdch g\u00e9lov\u00fdch kaps\u00fal<\/strong><\/h2>\n<p>Tento pr\u00edstroj je nevyhnutn\u00fd vo farmaceutickom a nutraceutickom v\u00fdrobnom prostred\u00ed, kde si m\u00e4kk\u00e9 g\u00e9lov\u00e9 kapsuly obsahuj\u00face vitam\u00edny, miner\u00e1ly a in\u00e9 tekut\u00e9 lieky vy\u017eaduj\u00fa pr\u00edsnu kontrolu kvality. Tester tvrdosti m\u00e4kk\u00fdch g\u00e9lov\u00fdch kaps\u00fal zohr\u00e1va k\u013e\u00fa\u010dov\u00fa \u00falohu pri zabezpe\u010dovan\u00ed kvality v\u00fdroby, balenia a manipul\u00e1cie, \u010d\u00edm zabezpe\u010duje, \u017ee kapsuly si zachovaj\u00fa svoju integritu a \u00fa\u010dinnos\u0165, k\u00fdm sa dostan\u00fa k spotrebite\u013eovi.<\/p>\n<hr \/>\n<h2><strong>Sekcia \u010dasto kladen\u00fdch ot\u00e1zok<\/strong><\/h2>\n<ul>\n<li><strong>Q1<\/strong>: <em>Ak\u00e9 typy kaps\u00fal mo\u017eno testova\u0165 pomocou tohto pr\u00edstroja?<\/em><br \/>\n<strong>A<\/strong>: Tester tvrdosti m\u00e4kk\u00fdch g\u00e9lov\u00fdch kaps\u00fal je ide\u00e1lny na testovanie m\u00e4kk\u00fdch g\u00e9lov\u00fdch kaps\u00fal pou\u017e\u00edvan\u00fdch vo farmaceutick\u00fdch a nutraceutick\u00fdch v\u00fdrobkoch vr\u00e1tane t\u00fdch, ktor\u00e9 obsahuj\u00fa vitam\u00edny a tekut\u00e9 lieky.<\/li>\n<li><strong>Q2<\/strong>: <em>Ak\u00fd v\u00fdznam m\u00e1 test pevnosti?<\/em><br \/>\n<strong>A<\/strong>: Testovanie pevnosti hodnot\u00ed pevnos\u0165 a pru\u017enos\u0165 steny kapsuly, \u010d\u00edm pom\u00e1ha zabezpe\u010di\u0165, aby sa kapsula pri be\u017enej manipul\u00e1cii, skladovan\u00ed alebo balen\u00ed neroztrhla.<\/li>\n<li><strong>Q3<\/strong>: <em>Dok\u00e1\u017ee tento tester mera\u0165 elasticitu?<\/em><br \/>\n<strong>A<\/strong>: \u00c1no, kvantifikuje pru\u017enos\u0165 kapsuly meran\u00edm deform\u00e1cie steny pri stanovenom tlakovom za\u0165a\u017een\u00ed, \u010d\u00edm zabezpe\u010duje, \u017ee kapsule s\u00fa pru\u017en\u00e9 a z\u00e1rove\u0148 odoln\u00e9.<\/li>\n<li><strong>Q4<\/strong>: <em>D\u00e1 sa zariadenie CHT-01 prisp\u00f4sobi\u0165 pre konkr\u00e9tne typy kaps\u00fal?<\/em><br \/>\n<strong>A<\/strong>: \u00c1no, tester je mo\u017en\u00e9 prisp\u00f4sobi\u0165 pomocou r\u00f4znych pr\u00edpravkov a pr\u00edpravkov na prisp\u00f4sobenie r\u00f4znym tvarom a ve\u013ekostiam kaps\u00fal, v\u010faka \u010domu je vhodn\u00fd pre r\u00f4zne potreby testovania.<\/li>\n<li><strong>Q5<\/strong>: <em>Ak\u00e9 mo\u017enosti v\u00fdstupu s\u00fa k dispoz\u00edcii pre zaznamen\u00e1vanie \u00fadajov?<\/em><br \/>\n<strong>A<\/strong>: Tester zobrazuje \u00fadaje na obrazovke, umo\u017e\u0148uje tla\u010d prostredn\u00edctvom mikrotla\u010diarne a pon\u00faka volite\u013en\u00e9 pripojenie RS232 na export digit\u00e1lnych \u00fadajov.<\/li>\n<\/ul>","protected":false},"excerpt":{"rendered":"<p>Vo farmaceutickom a nutraceutickom priemysle je kontrola kvality prvorad\u00e1. Zabezpe\u010denie toho, aby si m\u00e4kk\u00e9 g\u00e9lov\u00e9 kapsuly zachovali svoju \u0161truktur\u00e1lnu integritu po\u010das procesov balenia, skladovania a distrib\u00facie, je ve\u013emi d\u00f4le\u017eit\u00e9. Na str\u00e1nke <strong>Tester tvrdosti m\u00e4kk\u00fdch g\u00e9lov\u00fdch kaps\u00fal<\/strong>, konkr\u00e9tne <strong>CHT-01 Tester tvrdosti kaps\u00fal a m\u00e4kk\u00fdch g\u00e9lov<\/strong>, je vysoko presn\u00fd pr\u00edstroj ur\u010den\u00fd na meranie pevnosti, pru\u017enosti a celkovej pevnosti kaps\u00fal. Posudzovan\u00edm k\u013e\u00fa\u010dov\u00fdch faktorov, ako je tvrdos\u0165, deform\u00e1cia a pevnos\u0165 tesnenia, tento tester pom\u00e1ha v\u00fdrobcom zaru\u010di\u0165, \u017ee ich v\u00fdrobky s\u00fa bezpe\u010dn\u00e9, \u00fa\u010dinn\u00e9 a kvalitn\u00e9.<\/p>","protected":false},"featured_media":6205,"comment_status":"closed","ping_status":"closed","template":"","meta":{"site-sidebar-layout":"default","site-content-layout":"default","ast-global-header-display":"","ast-main-header-display":"","ast-hfb-above-header-display":"","ast-hfb-below-header-display":"","ast-hfb-mobile-header-display":"","site-post-title":"","ast-breadcrumbs-content":"","ast-featured-img":"","footer-sml-layout":"","theme-transparent-header-meta":"default","adv-header-id-meta":"","stick-header-meta":"","header-above-stick-meta":"","header-main-stick-meta":"","header-below-stick-meta":""},"product_cat":[845,953,956,955,1054,954,957,958,952,959,149,95],"product_tag":[],"class_list":{"0":"post-5110","1":"product","2":"type-product","3":"status-publish","4":"has-post-thumbnail","6":"product_cat-customization","7":"product_cat-bursting-tester","8":"product_cat-cobb-tester","9":"product_cat-crush-tester","10":"product_cat-hardness-tester","11":"product_cat-paper-tear-tester","12":"product_cat-plybond-tester","13":"product_cat-puncture-tester","14":"product_cat-rub-tester","15":"product_cat-stiffness-tester","16":"product_cat-pharma-and-medical-testers","17":"product_cat-products","18":"desktop-align-left","19":"tablet-align-left","20":"mobile-align-left","22":"first","23":"instock","24":"shipping-taxable","25":"product-type-simple"},"_links":{"self":[{"href":"https:\/\/www.qualitester.com\/sk\/wp-json\/wp\/v2\/product\/5110","targetHints":{"allow":["GET"]}}],"collection":[{"href":"https:\/\/www.qualitester.com\/sk\/wp-json\/wp\/v2\/product"}],"about":[{"href":"https:\/\/www.qualitester.com\/sk\/wp-json\/wp\/v2\/types\/product"}],"replies":[{"embeddable":true,"href":"https:\/\/www.qualitester.com\/sk\/wp-json\/wp\/v2\/comments?post=5110"}],"version-history":[{"count":0,"href":"https:\/\/www.qualitester.com\/sk\/wp-json\/wp\/v2\/product\/5110\/revisions"}],"wp:featuredmedia":[{"embeddable":true,"href":"https:\/\/www.qualitester.com\/sk\/wp-json\/wp\/v2\/media\/6205"}],"wp:attachment":[{"href":"https:\/\/www.qualitester.com\/sk\/wp-json\/wp\/v2\/media?parent=5110"}],"wp:term":[{"taxonomy":"product_cat","embeddable":true,"href":"https:\/\/www.qualitester.com\/sk\/wp-json\/wp\/v2\/product_cat?post=5110"},{"taxonomy":"product_tag","embeddable":true,"href":"https:\/\/www.qualitester.com\/sk\/wp-json\/wp\/v2\/product_tag?post=5110"}],"curies":[{"name":"wp","href":"https:\/\/api.w.org\/{rel}","templated":true}]}}