{"id":4677,"date":"2024-09-09T13:40:04","date_gmt":"2024-09-09T05:40:04","guid":{"rendered":"https:\/\/www.qualitester.com\/?post_type=product&#038;p=4677"},"modified":"2024-12-05T15:53:20","modified_gmt":"2024-12-05T07:53:20","slug":"tensile-strength-testing-machine","status":"publish","type":"product","link":"https:\/\/www.qualitester.com\/sk\/produkt-2\/tensile-strength-testing-machine\/","title":{"rendered":"ASTM D882 Zariadenie na testovanie pevnosti v \u0165ahu pre plastov\u00e9 plechy"},"content":{"rendered":"<h2>1. <strong>Zavedenie stroja na sk\u00fa\u0161anie pevnosti v \u0165ahu<\/strong><\/h2>\n<p>Str\u00e1nka <strong>ASTM D882 Zariadenie na testovanie pevnosti v \u0165ahu<\/strong> je \u0161pecializovan\u00fd pr\u00edstroj ur\u010den\u00fd na meranie \u0165ahov\u00fdch vlastnost\u00ed tenk\u00fdch plastov\u00fdch f\u00f3li\u00ed a f\u00f3li\u00ed. Hr\u00e1 d\u00f4le\u017eit\u00fa \u00falohu pri zabezpe\u010dovan\u00ed kvality a spo\u013eahlivosti v\u00fdrobkov v r\u00f4znych priemyseln\u00fdch odvetviach vr\u00e1tane balenia, plastov a zdravotn\u00edckych pom\u00f4cok. Tento <a href=\"https:\/\/www.qualitester.com\/sk\/kategoria-produktu\/test-items\/tensile-tester\/\" target=\"_blank\" rel=\"noopener\"><strong>\u0165ahov\u00fd tester<\/strong><\/a> je \u0161peci\u00e1lne navrhnut\u00fd na hodnotenie pevnosti a pred\u013a\u017eenia materi\u00e1lov, \u010do z neho rob\u00ed nepostr\u00e1date\u013en\u00fd n\u00e1stroj pre v\u00fdrobcov, ktor\u00ed sa sna\u017eia zlep\u0161i\u0165 odolnos\u0165 a v\u00fdkonnos\u0165 svojich v\u00fdrobkov.<\/p>\n<p>V\u010faka dodr\u017eiavaniu normy ASTM D882 poskytuje tento pr\u00edstroj presn\u00e9 a spo\u013eahliv\u00e9 \u00fadaje o pevnosti materi\u00e1lu v \u0165ahu, medze klzu, pred\u013a\u017eenia pri pretrhnut\u00ed a modulu pru\u017enosti. Tieto parametre s\u00fa ve\u013emi d\u00f4le\u017eit\u00e9 pre priemyseln\u00e9 odvetvia, ktor\u00e9 sa pri v\u00fdrobe svojich produktov spoliehaj\u00fa na pru\u017en\u00e9 plastov\u00e9 f\u00f3lie a dosky.<\/p>\n<h3>Hlavn\u00fd parameter<\/h3>\n<table width=\"475\">\n<tbody>\n<tr>\n<td width=\"179\">Testovac\u00ed rozsah<\/td>\n<td width=\"296\">0-500N (alebo 50N, 100N, 200N at\u010f.)<\/td>\n<\/tr>\n<tr>\n<td>M\u0155tvica<\/td>\n<td>800 mm (prisp\u00f4sobite\u013en\u00e9 pre in\u00e9 zdvihy)<\/td>\n<\/tr>\n<tr>\n<td>Testovacia r\u00fdchlos\u0165<\/td>\n<td>1 ~ 500 mm\/min<\/td>\n<\/tr>\n<tr>\n<td>Presnos\u0165 posunu<\/td>\n<td>0,01 mm<\/td>\n<\/tr>\n<tr>\n<td>Presnos\u0165<\/td>\n<td>0,5% Pln\u00e1 stupnica<\/td>\n<\/tr>\n<tr>\n<td>\u0160\u00edrka vzorky<\/td>\n<td>27 mm (k dispoz\u00edcii je volite\u013en\u00e1 \u0161\u00edrka)<\/td>\n<\/tr>\n<tr>\n<td>Kontrola<\/td>\n<td>Obrazovka PLC a HMI<\/td>\n<\/tr>\n<tr>\n<td>V\u00fdstup \u00fadajov<\/td>\n<td>Mikrotla\u010diare\u0148 (volite\u013en\u00e1), RS232 (volite\u013en\u00e1)<\/td>\n<\/tr>\n<\/tbody>\n<\/table>\n<h3><strong>V\u00fdrobca a \u0161pecializ\u00e1cia<\/strong><\/h3>\n<p>Spolo\u010dnos\u0165 Cell Instruments je popredn\u00fdm v\u00fdrobcom pr\u00edstrojov na testovanie materi\u00e1lov, ktor\u00fd je zn\u00e1my svoj\u00edm odhodlan\u00edm vyr\u00e1ba\u0165 vysokokvalitn\u00e9 a presn\u00e9 zariadenia. \u0160pecializuje sa na <strong>prisp\u00f4sobenie a automatiz\u00e1cia transform\u00e1cie<\/strong>, Cell Instruments sl\u00fa\u017ei r\u00f4znym priemyseln\u00fdm odvetviam vr\u00e1tane obalov\u00e9ho, zdravotn\u00edckeho, textiln\u00e9ho, plastov\u00e9ho a elektronick\u00e9ho priemyslu. V\u010faka n\u00e1\u0161mu zameraniu na testovacie rie\u0161enia zabezpe\u010dujeme, aby na\u0161e stroje nielen sp\u013a\u0148ali priemyseln\u00e9 normy, ale aj poskytovali pokro\u010dil\u00e9 funkcie, ktor\u00e9 sp\u013a\u0148aj\u00fa vyv\u00edjaj\u00face sa potreby v\u00fdrobcov.<\/p>\n<p><img fetchpriority=\"high\" decoding=\"async\" class=\"aligncenter size-full wp-image-3943\" src=\"https:\/\/www.qualitester.com\/wp-content\/uploads\/2023\/04\/TST-01-Tensile-Tester-06.jpg\" alt=\"ASTM D882 Zariadenie na testovanie pevnosti v \u0165ahu pre plastov\u00e9 plechy\" width=\"750\" height=\"750\" srcset=\"https:\/\/www.qualitester.com\/wp-content\/uploads\/2023\/04\/TST-01-Tensile-Tester-06.jpg 750w, https:\/\/www.qualitester.com\/wp-content\/uploads\/2023\/04\/TST-01-Tensile-Tester-06-300x300.jpg 300w, https:\/\/www.qualitester.com\/wp-content\/uploads\/2023\/04\/TST-01-Tensile-Tester-06-150x150.jpg 150w, https:\/\/www.qualitester.com\/wp-content\/uploads\/2023\/04\/TST-01-Tensile-Tester-06-600x600.jpg 600w, https:\/\/www.qualitester.com\/wp-content\/uploads\/2023\/04\/TST-01-Tensile-Tester-06-100x100.jpg 100w\" sizes=\"(max-width: 750px) 100vw, 750px\" \/><\/p>\n<h2>2. <strong>\u010co je ASTM D882?<\/strong><\/h2>\n<h3><strong>Defin\u00edcia a \u00fa\u010del<\/strong><\/h3>\n<p><a href=\"https:\/\/www.astm.org\/standards\/d882\" target=\"_blank\" rel=\"noopener nofollow\"><strong>ASTM D882<\/strong><\/a> je \u0161tandardn\u00e1 sk\u00fa\u0161obn\u00e1 met\u00f3da pou\u017e\u00edvan\u00e1 na stanovenie \u0165ahov\u00fdch vlastnost\u00ed tenk\u00fdch plastov\u00fdch f\u00f3li\u00ed a f\u00f3li\u00ed s hr\u00fabkou men\u0161ou ako 1,0 mm. Sk\u00fa\u0161ka je nevyhnutn\u00e1 na hodnotenie pevnosti, pru\u017enosti a trvanlivosti plastov\u00fdch materi\u00e1lov, ktor\u00e9 sa \u0161iroko pou\u017e\u00edvaj\u00fa v baliacich, zdravotn\u00edckych a lepiacich aplik\u00e1ci\u00e1ch.<\/p>\n<p>Str\u00e1nka <strong>pevnos\u0165 v \u0165ahu<\/strong> test meria, ak\u00e9 nam\u00e1hanie materi\u00e1l vydr\u017e\u00ed, k\u00fdm sa zlom\u00ed, zatia\u013e \u010do <strong>pred\u013a\u017eenie pri pretrhnut\u00ed<\/strong> parameter ukazuje, ako ve\u013emi sa materi\u00e1l natiahne, k\u00fdm zlyh\u00e1. . <strong>modul pru\u017enosti<\/strong> ud\u00e1va tuhos\u0165 materi\u00e1lu. Tieto merania s\u00fa rozhoduj\u00face pri kontrole kvality a v\u00fdvoji v\u00fdrobkov, aby sa zabezpe\u010dilo, \u017ee materi\u00e1ly sp\u013a\u0148aj\u00fa o\u010dak\u00e1van\u00e9 parametre.<\/p>\n<h3><strong>Rozsah aplik\u00e1cie<\/strong><\/h3>\n<p>Norma ASTM D882 je \u0161iroko pou\u017eite\u013en\u00e1 v priemyseln\u00fdch odvetviach, ktor\u00e9 pou\u017e\u00edvaj\u00fa flexibiln\u00e9 plastov\u00e9 f\u00f3lie a f\u00f3lie, vr\u00e1tane:<\/p>\n<ul>\n<li><strong>Balenie<\/strong>: Zabezpe\u010denie toho, aby f\u00f3lie vydr\u017eali nam\u00e1hanie po\u010das prepravy a manipul\u00e1cie.<\/li>\n<li><strong>Lek\u00e1rske<\/strong>: Hodnotenie f\u00f3li\u00ed pou\u017e\u00edvan\u00fdch v lek\u00e1rskych obaloch na zabezpe\u010denie sterility a trvanlivosti.<\/li>\n<li><strong>Lepidl\u00e1<\/strong>: Meranie \u0165ahov\u00fdch vlastnost\u00ed v\u00fdrobkov, ako s\u00fa p\u00e1sky a lamin\u00e1ty.<\/li>\n<li><strong>Plastik\u00e1rsky a potravin\u00e1rsky priemysel<\/strong>: Zabezpe\u010denie integrity v\u00fdrobku pri balen\u00ed a skladovan\u00ed.<\/li>\n<\/ul>\n<h2>3. <strong>K\u013e\u00fa\u010dov\u00e9 vlastnosti zariadenia na testovanie pevnosti v \u0165ahu ASTM D882<\/strong><\/h2>\n<p>Stroj na sk\u00fa\u0161anie pevnosti v \u0165ahu je vybaven\u00fd funkciami, ktor\u00e9 zvy\u0161uj\u00fa jeho pou\u017eite\u013enos\u0165 a presnos\u0165:<\/p>\n<ul>\n<li><strong>7-palcov\u00fd dotykov\u00fd displej HMI<\/strong>: Intuit\u00edvne rozhranie umo\u017e\u0148uje jednoduch\u00e9 ovl\u00e1danie a presn\u00e9 riadenie testovac\u00edch parametrov.<\/li>\n<li><strong>Riadiaci syst\u00e9m PLC<\/strong>: Zabezpe\u010duje efekt\u00edvne, stabiln\u00e9 a spo\u013eahliv\u00e9 testovacie oper\u00e1cie.<\/li>\n<li><strong>Presn\u00e1 gu\u013e\u00f4\u010dkov\u00e1 oloven\u00e1 skrutka<\/strong>: Poskytuje presn\u00e9 a konzistentn\u00e9 v\u00fdsledky po\u010das sk\u00fa\u0161ky pevnosti v \u0165ahu.<\/li>\n<li><strong>Nastavite\u013en\u00e1 r\u00fdchlos\u0165 testu<\/strong>: Umo\u017e\u0148uje pou\u017e\u00edvate\u013eom prisp\u00f4sobi\u0165 r\u00fdchlos\u0165 testu tak, aby sp\u013a\u0148al \u0161pecifick\u00e9 po\u017eiadavky na materi\u00e1l.<\/li>\n<li><strong>Kompatibilita s viacer\u00fdmi svietidlami<\/strong>: Stroj je mo\u017en\u00e9 vybavi\u0165 r\u00f4znymi \u00fachytmi a pr\u00edpravkami, v\u010faka \u010domu je univerz\u00e1lny pre r\u00f4zne typy materi\u00e1lov.<\/li>\n<li><strong>Obmedzovacie zariadenie a funkcia automatick\u00e9ho n\u00e1vratu<\/strong>: Tieto funkcie pom\u00e1haj\u00fa chr\u00e1ni\u0165 vzorku a stroj po\u010das testovania a z\u00e1rove\u0148 zefekt\u00edv\u0148uj\u00fa pr\u00e1cu.<\/li>\n<li><strong>Volite\u013en\u00e1 mikrotla\u010diare\u0148<\/strong>: Pou\u017e\u00edvatelia sa m\u00f4\u017eu rozhodn\u00fa\u0165, \u017ee bud\u00fa ma\u0165 k dispoz\u00edcii mikrotla\u010diare\u0148 na okam\u017eit\u00fa tla\u010d v\u00fdsledkov testov.<\/li>\n<\/ul>\n<p>V\u010faka t\u00fdmto vlastnostiam je stroj ide\u00e1lnou vo\u013ebou pre v\u00fdrobcov, ktor\u00ed chc\u00fa vykon\u00e1va\u0165 konzistentn\u00e9 a spo\u013eahliv\u00e9 sk\u00fa\u0161ky pevnosti v \u0165ahu.<\/p>\n<h2>4. <strong>Sk\u00fa\u0161obn\u00e9 met\u00f3dy ASTM D882<\/strong><\/h2>\n<div class=\"ast-oembed-container\" style=\"height: 100%;\"><iframe title=\"ASTM D882 \u0165ahov\u00fd tester pre pru\u017en\u00e9 materi\u00e1ly model TST-01 Sk\u00fa\u0161ka pevnosti v \u0165ahu pri odlupovan\u00ed\" width=\"500\" height=\"281\" src=\"https:\/\/www.youtube.com\/embed\/DVxj_f6DNmI?feature=oembed\" frameborder=\"0\" allow=\"accelerometer; autoplay; clipboard-write; encrypted-media; gyroscope; picture-in-picture; web-share\" referrerpolicy=\"strict-origin-when-cross-origin\" allowfullscreen><\/iframe><\/div>\n<h3><strong>Preh\u013ead testovacieho postupu<\/strong><\/h3>\n<p>Sk\u00fa\u0161ka pevnosti v \u0165ahu pod\u013ea normy ASTM D882 sa vykon\u00e1va pod\u013ea \u0161tandardn\u00e9ho postupu, aby sa zabezpe\u010dili konzistentn\u00e9 v\u00fdsledky. Tu je preh\u013ead k\u013e\u00fa\u010dov\u00fdch krokov:<\/p>\n<ol>\n<li><strong>Pr\u00edprava vzorky<\/strong>: Tenk\u00e9 plastov\u00e9 f\u00f3lie s\u00fa narezan\u00e9 na ur\u010dit\u00fa ve\u013ekos\u0165 pod\u013ea noriem ASTM D882. Vzorka je zvy\u010dajne 25 mm \u0161irok\u00e1 a dostato\u010dne dlh\u00e1, aby sa zabezpe\u010dilo presn\u00e9 meranie.<\/li>\n<li><strong>Mont\u00e1\u017e vzorky<\/strong>: Pripraven\u00e1 vzorka sa upevn\u00ed medzi dve rukov\u00e4te \u0165ahovej sk\u00fa\u0161ky, pri\u010dom jedna rukov\u00e4\u0165 je pevn\u00e1 a druh\u00e1 sa pohybuje riadenou r\u00fdchlos\u0165ou.<\/li>\n<li><strong>Pou\u017eitie sily<\/strong>: Stroj p\u00f4sob\u00ed jednoosovou \u0165ahovou silou, a\u017e k\u00fdm vzorka nezlyh\u00e1. Po\u010das tohto procesu zaznamen\u00e1va pevnos\u0165 v \u0165ahu, pred\u013a\u017eenie, medzu klzu a modul pru\u017enosti.<\/li>\n<\/ol>\n<h3><strong>Parametre merania<\/strong><\/h3>\n<ul>\n<li><strong>Pevnos\u0165 v \u0165ahu<\/strong>: Maxim\u00e1lne nam\u00e1hanie, ktor\u00e9 materi\u00e1l znesie, k\u00fdm sa nezlom\u00ed.<\/li>\n<li><strong>V\u00fd\u0165a\u017enos\u0165<\/strong>: Nap\u00e4tie, pri ktorom sa materi\u00e1l za\u010d\u00edna plasticky deformova\u0165.<\/li>\n<li><strong>Pred\u013a\u017eenie pri pretrhnut\u00ed<\/strong>: Ve\u013ekos\u0165 deform\u00e1cie (natiahnutia), ktorej je materi\u00e1l vystaven\u00fd pred poru\u0161en\u00edm.<\/li>\n<li><strong>Modul pru\u017enosti<\/strong>: T\u00e1to hodnota predstavuje tuhos\u0165 materi\u00e1lu, ktor\u00e1 sa vypo\u010d\u00edta vydelen\u00edm nap\u00e4tia deform\u00e1ciou v pru\u017enej oblasti krivky nap\u00e4tie-deform\u00e1cia.<\/li>\n<\/ul>\n<h2>5. <strong>Opis sk\u00fa\u0161ky pevnosti v \u0165ahu v plastickom materi\u00e1li pod\u013ea normy ASTM D882<\/strong><\/h2>\n<h3><strong>\u00da\u010del sk\u00fa\u0161ky \u0165ahom plastov<\/strong><\/h3>\n<p>Testovanie pevnosti v \u0165ahu je rozhoduj\u00face pre <strong>plastov\u00e9 materi\u00e1ly<\/strong> preto\u017ee poskytuje inform\u00e1cie o tom, ako bude materi\u00e1l fungova\u0165 pri nam\u00e1han\u00ed. V priemyseln\u00fdch odvetviach, ako je balenie, kde sa plastov\u00e9 f\u00f3lie pou\u017e\u00edvaj\u00fa na ochranu v\u00fdrobkov, pom\u00e1ha pochopenie \u0165ahov\u00fdch vlastnost\u00ed v\u00fdrobcom zabezpe\u010di\u0165, aby materi\u00e1l po\u010das pou\u017e\u00edvania nezlyhal.<\/p>\n<h3><strong>V\u00fdznam normy ASTM D882 pri kontrole kvality<\/strong><\/h3>\n<p>Norma ASTM D882 zaru\u010duje, \u017ee materi\u00e1ly sp\u013a\u0148aj\u00fa \u0161pecifick\u00e9 po\u017eiadavky na pevnos\u0165 a odolnos\u0165. T\u00e1to norma je nevyhnutn\u00e1 pre v\u00fdrobcov, ktor\u00ed chc\u00fa vyr\u00e1ba\u0165 spo\u013eahliv\u00e9 a vysoko v\u00fdkonn\u00e9 v\u00fdrobky. Napr\u00edklad:<\/p>\n<ul>\n<li><strong>V obaloch na potraviny<\/strong>, testovanie v \u0165ahu pom\u00e1ha potvrdi\u0165, \u017ee plastov\u00e1 f\u00f3lia vydr\u017e\u00ed n\u00e1ro\u010dn\u00fa prepravu bez roztrhnutia alebo straty celistvosti.<\/li>\n<li><strong>V zdravotn\u00edckych pom\u00f4ckach<\/strong>, testovanie pevnosti v \u0165ahu zaru\u010duje, \u017ee obalov\u00e9 materi\u00e1ly chr\u00e1nia steriln\u00fd obsah po\u010das prepravy a skladovania.<\/li>\n<\/ul>\n<h3><strong>V\u00fdhody pou\u017e\u00edvania zariadenia na testovanie pevnosti v \u0165ahu ASTM D882<\/strong><\/h3>\n<ul>\n<li><strong>S\u00falad s medzin\u00e1rodn\u00fdmi normami<\/strong>: Pou\u017e\u00edvanie tohto \u0165ahov\u00e9ho testera zaru\u010duje, \u017ee v\u00fdrobcovia sp\u013a\u0148aj\u00fa po\u017eiadavky normy ASTM D882, v\u010faka \u010domu s\u00fa ich v\u00fdrobky d\u00f4veryhodnej\u0161ie a prijate\u013enej\u0161ie na svetov\u00fdch trhoch.<\/li>\n<li><strong>Vylep\u0161en\u00fd dizajn v\u00fdrobku<\/strong>: Pochopen\u00edm materi\u00e1lov\u00fdch limitov m\u00f4\u017eu v\u00fdrobcovia upravi\u0165 zlo\u017eenie tak, aby zv\u00fd\u0161ili v\u00fdkon a trvanlivos\u0165 svojich v\u00fdrobkov.<\/li>\n<li><strong>Zv\u00fd\u0161en\u00e1 efekt\u00edvnos\u0165<\/strong>: Automatizovan\u00e9 funkcie stroja skracuj\u00fa \u010das manu\u00e1lnej obsluhy a zlep\u0161uj\u00fa celkov\u00fd proces testovania.<\/li>\n<\/ul>\n<h2><strong>6. Pre\u010do si vybra\u0165 stroj na sk\u00fa\u0161ku pevnosti v \u0165ahu D882 od spolo\u010dnosti Cell Instruments?<\/strong><\/h2>\n<p>Cell Instruments pon\u00faka robustn\u00fd <strong>ASTM D882 Zariadenie na testovanie pevnosti v \u0165ahu<\/strong> navrhnut\u00e9 tak, aby sp\u013a\u0148ali najvy\u0161\u0161ie priemyseln\u00e9 normy. V\u010faka presn\u00fdm merac\u00edm schopnostiam, mo\u017enostiam prisp\u00f4sobenia a jednoduch\u00e9mu pou\u017e\u00edvaniu je tento \u0165ahov\u00fd tester dokonal\u00fdm rie\u0161en\u00edm pre v\u00fdrobcov, ktor\u00ed chc\u00fa zlep\u0161i\u0165 svoje procesy testovania materi\u00e1lov.<\/p>\n<p>Ak sa chcete dozvedie\u0165 viac o tom, ako m\u00f4\u017ee n\u00e1\u0161 stroj na testovanie pevnosti v \u0165ahu pod\u013ea normy ASTM D882 podpori\u0165 v\u00e1\u0161 v\u00fdrobn\u00fd proces, alebo sa informova\u0165 o mo\u017enostiach prisp\u00f4sobenia, kontaktujte n\u00e1s e\u0161te dnes.<\/p>\n<h3><strong>\u010cASTO KLADEN\u00c9 OT\u00c1ZKY<\/strong><\/h3>\n<ol>\n<li><strong>Ak\u00e9 typy materi\u00e1lov m\u00f4\u017ee testova\u0165 stroj na testovanie pevnosti v \u0165ahu?<\/strong><br \/>\nStroj je ur\u010den\u00fd na testovanie tenk\u00fdch plastov\u00fdch f\u00f3li\u00ed a f\u00f3li\u00ed, zvy\u010dajne s hr\u00fabkou men\u0161ou ako 1,0 mm.<\/li>\n<li><strong>V \u010dom sa norma ASTM D882 l\u00ed\u0161i od in\u00fdch noriem pevnosti v \u0165ahu?<\/strong><br \/>\nNorma ASTM D882 sa zameriava konkr\u00e9tne na tenk\u00e9 plastov\u00e9 f\u00f3lie, zatia\u013e \u010do in\u00e9 normy sa m\u00f4\u017eu vz\u0165ahova\u0165 na r\u00f4zne typy materi\u00e1lov, ako s\u00fa kovy alebo hrub\u0161ie plasty.<\/li>\n<li><strong>Pre\u010do je sk\u00fa\u0161ka pevnosti v \u0165ahu d\u00f4le\u017eit\u00e1 pre obalov\u00e9 materi\u00e1ly?<\/strong><br \/>\nTestovanie pevnosti v \u0165ahu zaru\u010duje, \u017ee obalov\u00e9 materi\u00e1ly vydr\u017eia nam\u00e1hanie, ktor\u00e9mu \u010delia po\u010das prepravy a manipul\u00e1cie, bez toho, aby sa poru\u0161ili.<\/li>\n<li><strong>D\u00e1 sa stroj prisp\u00f4sobi\u0165 \u0161pecifick\u00fdm po\u017eiadavk\u00e1m na testovanie?<\/strong><br \/>\n\u00c1no, spolo\u010dnos\u0165 Cell Instruments pon\u00faka mo\u017enosti prisp\u00f4sobenia, aby splnila jedine\u010dn\u00e9 potreby testovania v r\u00f4znych odvetviach.<\/li>\n<li><strong>Ak\u00e9 \u010fal\u0161ie funkcie s\u00fa k dispoz\u00edcii s t\u00fdmto zariaden\u00edm?<\/strong><br \/>\nMedzi volite\u013en\u00e9 funkcie patr\u00ed mikrotla\u010diare\u0148 na okam\u017eit\u00fa tla\u010d v\u00fdsledkov a kompatibilita s viacer\u00fdmi pr\u00edpravkami na v\u0161estrann\u00e9 testovanie.<\/li>\n<\/ol>\n<h2>S\u00favisiace \u010dl\u00e1nky<\/h2>\n<p>&nbsp;<\/p>","protected":false},"excerpt":{"rendered":"<p>Str\u00e1nka <strong>ASTM D882 Zariadenie na testovanie pevnosti v \u0165ahu<\/strong> je \u0161pecializovan\u00fd pr\u00edstroj ur\u010den\u00fd na meranie \u0165ahov\u00fdch vlastnost\u00ed tenk\u00fdch plastov\u00fdch f\u00f3li\u00ed a f\u00f3li\u00ed.<\/p>","protected":false},"featured_media":0,"comment_status":"closed","ping_status":"closed","template":"","meta":{"site-sidebar-layout":"default","site-content-layout":"default","ast-global-header-display":"","ast-main-header-display":"","ast-hfb-above-header-display":"","ast-hfb-below-header-display":"","ast-hfb-mobile-header-display":"","site-post-title":"","ast-breadcrumbs-content":"","ast-featured-img":"","footer-sml-layout":"","theme-transparent-header-meta":"default","adv-header-id-meta":"","stick-header-meta":"","header-above-stick-meta":"","header-main-stick-meta":"","header-below-stick-meta":""},"product_cat":[845,679,672,16,99,110,95],"product_tag":[],"class_list":{"0":"post-4677","1":"product","2":"type-product","3":"status-publish","5":"product_cat-customization","6":"product_cat-tensile-tester","7":"product_cat-applied-materials","8":"product_cat-plastic-packaging-testers","9":"product_cat-astm","10":"product_cat-astm-d882","11":"product_cat-products","12":"desktop-align-left","13":"tablet-align-left","14":"mobile-align-left","16":"first","17":"instock","18":"shipping-taxable","19":"product-type-simple"},"_links":{"self":[{"href":"https:\/\/www.qualitester.com\/sk\/wp-json\/wp\/v2\/product\/4677","targetHints":{"allow":["GET"]}}],"collection":[{"href":"https:\/\/www.qualitester.com\/sk\/wp-json\/wp\/v2\/product"}],"about":[{"href":"https:\/\/www.qualitester.com\/sk\/wp-json\/wp\/v2\/types\/product"}],"replies":[{"embeddable":true,"href":"https:\/\/www.qualitester.com\/sk\/wp-json\/wp\/v2\/comments?post=4677"}],"version-history":[{"count":0,"href":"https:\/\/www.qualitester.com\/sk\/wp-json\/wp\/v2\/product\/4677\/revisions"}],"wp:attachment":[{"href":"https:\/\/www.qualitester.com\/sk\/wp-json\/wp\/v2\/media?parent=4677"}],"wp:term":[{"taxonomy":"product_cat","embeddable":true,"href":"https:\/\/www.qualitester.com\/sk\/wp-json\/wp\/v2\/product_cat?post=4677"},{"taxonomy":"product_tag","embeddable":true,"href":"https:\/\/www.qualitester.com\/sk\/wp-json\/wp\/v2\/product_tag?post=4677"}],"curies":[{"name":"wp","href":"https:\/\/api.w.org\/{rel}","templated":true}]}}