{"id":4162,"date":"2024-04-15T16:39:45","date_gmt":"2024-04-15T08:39:45","guid":{"rendered":"https:\/\/www.qualitester.com\/?post_type=product&#038;p=4162"},"modified":"2024-12-05T13:03:46","modified_gmt":"2024-12-05T05:03:46","slug":"medical-needle-puncture-tester","status":"publish","type":"product","link":"https:\/\/www.qualitester.com\/sk\/produkt-2\/medical-needle-puncture-tester\/","title":{"rendered":"NPT-01 Tester vpichu ihly"},"content":{"rendered":"<h2>Predstavenie NPT-01 lek\u00e1rskeho vpichovacieho testera<\/h2>\n<p>V oblasti testovania zdravotn\u00edckych pom\u00f4cok s\u00fa presnos\u0165 a spo\u013eahlivos\u0165 ve\u013emi d\u00f4le\u017eit\u00e9. Spolo\u010dnos\u0165 Cell Instruments, modern\u00fd v\u00fdrobca pr\u00edstrojov na testovanie materi\u00e1lov, predstavuje rie\u0161enie v oblasti zdravotn\u00edckej bezpe\u010dnosti - pr\u00edstroj <strong>Lek\u00e1rsky tester vpichov ihlou<\/strong>. Toto \u0161pi\u010dkov\u00e9 zariadenie, ktor\u00e9 je prisp\u00f4soben\u00e9 pr\u00edsnym po\u017eiadavk\u00e1m lek\u00e1rskeho priemyslu, zabezpe\u010duje integritu a bezpe\u010dnos\u0165 lek\u00e1rskych ihiel po\u010das pou\u017e\u00edvania, \u010d\u00edm zlep\u0161uje starostlivos\u0165 o pacientov a d\u00f4veru v lek\u00e1rske postupy.<\/p>\n<h2>Pre\u010do si vybra\u0165 NPT-01 lek\u00e1rsky vpichovac\u00ed tester?<\/h2>\n<p>Lek\u00e1rsky tester vpichov ihiel je nepostr\u00e1date\u013en\u00fdm n\u00e1strojom pre v\u00fdrobcov zdravotn\u00edckych pom\u00f4cok, agent\u00fary na kontrolu kvality a zdravotn\u00edcke zariadenia. Tu s\u00fa v\u00fdhody, ktor\u00e9 lek\u00e1rsky ihlov\u00fd punk\u010dn\u00fd tester prin\u00e1\u0161a\uff1a<\/p>\n<p><img fetchpriority=\"high\" decoding=\"async\" class=\"wp-image-4166 size-woocommerce_single aligncenter\" src=\"https:\/\/www.qualitester.com\/wp-content\/uploads\/2024\/04\/usp-381-needle-puncture-tester-600x600.jpg\" alt=\"usp 381 tester vpichu ihly\" width=\"600\" height=\"600\" srcset=\"https:\/\/www.qualitester.com\/wp-content\/uploads\/2024\/04\/usp-381-needle-puncture-tester-600x600.jpg 600w, https:\/\/www.qualitester.com\/wp-content\/uploads\/2024\/04\/usp-381-needle-puncture-tester-300x300.jpg 300w, https:\/\/www.qualitester.com\/wp-content\/uploads\/2024\/04\/usp-381-needle-puncture-tester-150x150.jpg 150w, https:\/\/www.qualitester.com\/wp-content\/uploads\/2024\/04\/usp-381-needle-puncture-tester-100x100.jpg 100w, https:\/\/www.qualitester.com\/wp-content\/uploads\/2024\/04\/usp-381-needle-puncture-tester.jpg 750w\" sizes=\"(max-width: 600px) 100vw, 600px\" \/><\/p>\n<h3>1. Kontrola kvality<\/h3>\n<p>Dodr\u017eiavanie pr\u00edsnych predpisov v oblasti zdravotn\u00edckych pom\u00f4cok, aby sa zaru\u010dila spo\u013eahlivos\u0165 a bezpe\u010dnos\u0165 zdravotn\u00edckych ihiel. Tester vpichov lek\u00e1rskych ihiel umo\u017e\u0148uje spolo\u010dnostiam dodr\u017eiava\u0165 priemyseln\u00e9 normy a udr\u017eiava\u0165 \u0161pi\u010dkov\u00fa kvalitu.<\/p>\n<h3>2. Presn\u00e9 vy\u0161etrenie<\/h3>\n<p>Presnos\u0165 m\u00e1 v lek\u00e1rskej diagnostike a terapii mimoriadny v\u00fdznam. Pou\u017eit\u00edm tohto pokro\u010dil\u00e9ho testovacieho zariadenia mo\u017eno vykon\u00e1va\u0165 d\u00f4kladn\u00e9 hodnotenie vpichov lek\u00e1rskych ihiel, \u010d\u00edm sa zabezpe\u010d\u00ed ich maxim\u00e1lna funk\u010dnos\u0165 a zn\u00ed\u017ei sa pravdepodobnos\u0165 ne\u0161\u0165astia po\u010das lek\u00e1rskych z\u00e1krokov.<\/p>\n<h2>Hlavn\u00e9 funkcie<\/h2>\n<p><img decoding=\"async\" class=\"wp-image-4165 size-woocommerce_single aligncenter\" src=\"https:\/\/www.qualitester.com\/wp-content\/uploads\/2024\/04\/medical-needle-puncture-tester-600x600.jpg\" alt=\"lek\u00e1rsky tester vpichov ihiel\" width=\"600\" height=\"600\" srcset=\"https:\/\/www.qualitester.com\/wp-content\/uploads\/2024\/04\/medical-needle-puncture-tester-600x600.jpg 600w, https:\/\/www.qualitester.com\/wp-content\/uploads\/2024\/04\/medical-needle-puncture-tester-300x300.jpg 300w, https:\/\/www.qualitester.com\/wp-content\/uploads\/2024\/04\/medical-needle-puncture-tester-150x150.jpg 150w, https:\/\/www.qualitester.com\/wp-content\/uploads\/2024\/04\/medical-needle-puncture-tester-100x100.jpg 100w, https:\/\/www.qualitester.com\/wp-content\/uploads\/2024\/04\/medical-needle-puncture-tester.jpg 750w\" sizes=\"(max-width: 600px) 100vw, 600px\" \/><\/p>\n<h3>1. Pou\u017eitie testera odolnosti proti vpichu ihlou<\/h3>\n<p>Tento tester je \u0161peci\u00e1lne navrhnut\u00fd na hodnotenie odolnosti proti prepichnutiu <strong>lek\u00e1rske ihly<\/strong>, okrem in\u00e9ho vr\u00e1tane <strong>podko\u017en\u00e9 ihly<\/strong>, i<strong>injek\u010dn\u00e9 ihly<\/strong>, <strong>akupunkt\u00farne ihly<\/strong>a <strong>bioptick\u00e9 ihly<\/strong>. Jeho v\u0161estrannos\u0165 umo\u017e\u0148uje komplexn\u00e9 testovanie r\u00f4znych typov a ve\u013ekost\u00ed ihiel, \u010d\u00edm sa zabezpe\u010d\u00ed d\u00f4kladn\u00e9 hodnotenie v\u00fdkonnosti v\u00fdrobku.<\/p>\n<h3>2. Ak\u00e9 v\u00fdhody mo\u017eno z\u00edska\u0165?<\/h3>\n<p>Pou\u017e\u00edvan\u00edm lek\u00e1rskeho vpichovacieho testera m\u00f4\u017eu pou\u017e\u00edvatelia z\u00edska\u0165 nieko\u013eko pozoruhodn\u00fdch v\u00fdhod:<\/p>\n<ul>\n<li>Zv\u00fd\u0161en\u00e1 bezpe\u010dnos\u0165: Tento n\u00e1stroj, ktor\u00fd kladie d\u00f4raz na bezpe\u010dnos\u0165 pacienta, pom\u00e1ha odhali\u0165 ak\u00e9ko\u013evek probl\u00e9my alebo nedostatky lek\u00e1rskych ihiel, \u010d\u00edm zni\u017euje pravdepodobnos\u0165 zlomenia alebo nespr\u00e1vneho fungovania ihiel po\u010das lek\u00e1rskych z\u00e1krokov.<\/li>\n<li>Rokovac\u00ed poriadok: V oblasti, ktor\u00e1 je \u010doraz viac regulovan\u00e1, je nevyhnutn\u00e9 dodr\u017eiava\u0165 pr\u00edsne normy. Tento tester u\u013eah\u010duje dodr\u017eiavanie pravidiel a noriem, \u010d\u00edm predch\u00e1dza mo\u017en\u00fdm pr\u00e1vnym probl\u00e9mom a udr\u017eiava v\u00fdrobok spo\u013eahliv\u00fd.<\/li>\n<li>\u00daspora n\u00e1kladov: V\u010dasn\u00e9 odhalenie probl\u00e9mov s ihlami prostredn\u00edctvom d\u00f4kladn\u00e9ho testovania \u0161etr\u00ed firm\u00e1m peniaze. Zni\u017euje riziko, \u017ee bud\u00fa musie\u0165 stiahnu\u0165 v\u00fdrobky z trhu, rie\u0161i\u0165 s\u00fadne spory a po\u0161kodi\u0165 svoju poves\u0165.<\/li>\n<\/ul>\n<h2>Ako pou\u017e\u00edva\u0165 NPT-01 lek\u00e1rsky tester vpichov ihiel<\/h2>\n<h3>1. Prev\u00e1dzkov\u00fd proces<\/h3>\n<p>In\u017einieri implementovali \u013eahko ovl\u00e1date\u013en\u00e9 rozhranie interakcie \u010dloveka s po\u010d\u00edta\u010dom prostredn\u00edctvom riadiacej jednotky PLC. Preto je ovl\u00e1danie testera na lek\u00e1rske vpichy ve\u013emi jednoduch\u00e9:<\/p>\n<ol>\n<li>Zabezpe\u010dte vzorku lek\u00e1rskej ihly a prepichnut\u00e9 vzorky v ur\u010denom pr\u00edpravku.<\/li>\n<li>Upravte parametre testovania vr\u00e1tane sily a r\u00fdchlosti prepichnutia tak, aby zodpovedali \u0161pecifick\u00fdm po\u017eiadavk\u00e1m testovania.<\/li>\n<li>Spustite proces testovania, \u010d\u00edm umo\u017en\u00edte zariadeniu vyhodnoti\u0165 odolnos\u0165 vo\u010di vpichu ihly.<\/li>\n<li>Vyhodno\u0165te v\u00fdsledky testov s cie\u013eom ur\u010di\u0165 v\u00fdkonnos\u0165 ihly a identifikova\u0165 pr\u00edpadn\u00e9 odch\u00fdlky od o\u010dak\u00e1van\u00fdch noriem.<\/li>\n<\/ol>\n<h3>2. Referen\u010dn\u00e9 video o NPT-01 lek\u00e1rskom ihlovom punk\u010dnom testeri<\/h3>\n<div class=\"ast-oembed-container\" style=\"height: 100%;\"><iframe title=\"Testovanie vpichu lek\u00e1rskej strieka\u010dky | Prisp\u00f4sobenie testovac\u00edch n\u00e1strojov\" width=\"500\" height=\"281\" src=\"https:\/\/www.youtube.com\/embed\/6D2saICCxCA?feature=oembed\" frameborder=\"0\" allow=\"accelerometer; autoplay; clipboard-write; encrypted-media; gyroscope; picture-in-picture; web-share\" referrerpolicy=\"strict-origin-when-cross-origin\" allowfullscreen><\/iframe><\/div>\n<h2>Be\u017en\u00e9 aplik\u00e1cie<\/h2>\n<p>V\u0161estrannos\u0165 lek\u00e1rskeho ihlov\u00e9ho vpichovacieho testera ho rob\u00ed nepostr\u00e1date\u013en\u00fdm v r\u00f4znych aplik\u00e1ci\u00e1ch v zdravotn\u00edckom priemysle:<\/p>\n<ul>\n<li>Kontrola kvality vo v\u00fdrobe: V\u00fdrobcovia zdravotn\u00edckych pom\u00f4cok sa spoliehaj\u00fa na tento tester pri vykon\u00e1van\u00ed d\u00f4kladn\u00e9ho hodnotenia kvality zdravotn\u00edckych ihiel, \u010d\u00edm sa zabezpe\u010duje s\u00falad s regula\u010dn\u00fdmi normami a zachov\u00e1va sa dokonalos\u0165 v\u00fdrobkov.<\/li>\n<li>V\u00fdskum a v\u00fdvoj: V snahe o inov\u00e1cie v\u00fdskumn\u00edci vyu\u017e\u00edvaj\u00fa tester na hodnotenie nov\u00fdch kon\u0161trukci\u00ed ihiel a materi\u00e1lov, \u010d\u00edm zvy\u0161uj\u00fa \u00fa\u010dinnos\u0165 a bezpe\u010dnos\u0165 zdravotn\u00edckych pom\u00f4cok.<\/li>\n<\/ul>\n<p><img decoding=\"async\" class=\"wp-image-4164 size-woocommerce_single aligncenter\" src=\"https:\/\/www.qualitester.com\/wp-content\/uploads\/2024\/04\/NPT-01-needle-puncture-tester-600x600.jpg\" alt=\"NPT-01 tester vpichu ihly\" width=\"600\" height=\"600\" srcset=\"https:\/\/www.qualitester.com\/wp-content\/uploads\/2024\/04\/NPT-01-needle-puncture-tester-600x600.jpg 600w, https:\/\/www.qualitester.com\/wp-content\/uploads\/2024\/04\/NPT-01-needle-puncture-tester-300x300.jpg 300w, https:\/\/www.qualitester.com\/wp-content\/uploads\/2024\/04\/NPT-01-needle-puncture-tester-150x150.jpg 150w, https:\/\/www.qualitester.com\/wp-content\/uploads\/2024\/04\/NPT-01-needle-puncture-tester-100x100.jpg 100w, https:\/\/www.qualitester.com\/wp-content\/uploads\/2024\/04\/NPT-01-needle-puncture-tester.jpg 750w\" sizes=\"(max-width: 600px) 100vw, 600px\" \/><\/p>\n<h2>Hlavn\u00fd parameter<\/h2>\n<table style=\"height: 262px;\" width=\"429\">\n<tbody>\n<tr>\n<td width=\"181\">Testovac\u00ed rozsah<\/td>\n<td width=\"284\">0 ~ 200 N (alebo pod\u013ea potreby)<\/td>\n<\/tr>\n<tr>\n<td>M\u0155tvica<\/td>\n<td>200 mm (bez svorky)<\/td>\n<\/tr>\n<tr>\n<td>R\u00fdchlos\u0165<\/td>\n<td>1 ~ 500 mm\/min (alebo pod\u013ea potreby)<\/td>\n<\/tr>\n<tr>\n<td>Presnos\u0165 posunu<\/td>\n<td>0,01 mm<\/td>\n<\/tr>\n<tr>\n<td>Presnos\u0165<\/td>\n<td>0,5% F.S.<\/td>\n<\/tr>\n<tr>\n<td>V\u00fdstup<\/td>\n<td>Obrazovka, mikrotla\u010diare\u0148, RS232 (volite\u013en\u00e9)<\/td>\n<\/tr>\n<tr>\n<td>Nap\u00e1janie<\/td>\n<td>110~ 220V 50\/60Hz<\/td>\n<\/tr>\n<\/tbody>\n<\/table>\n<h2>V\u00fdrobn\u00fd proces<\/h2>\n<p>&nbsp;<\/p>\n<h2>Predpredajn\u00e1 podpora<\/h2>\n<p>&nbsp;<\/p>\n<h2>Popredajn\u00fd servis<\/h2>\n<p>&nbsp;<\/p>\n<p><img loading=\"lazy\" decoding=\"async\" class=\"wp-image-4163 size-woocommerce_single aligncenter\" src=\"https:\/\/www.qualitester.com\/wp-content\/uploads\/2024\/04\/needle-puncture-resistance-test-600x600.jpg\" alt=\"sk\u00fa\u0161ka odolnosti proti vpichu ihly\" width=\"600\" height=\"600\" srcset=\"https:\/\/www.qualitester.com\/wp-content\/uploads\/2024\/04\/needle-puncture-resistance-test-600x600.jpg 600w, https:\/\/www.qualitester.com\/wp-content\/uploads\/2024\/04\/needle-puncture-resistance-test-300x300.jpg 300w, https:\/\/www.qualitester.com\/wp-content\/uploads\/2024\/04\/needle-puncture-resistance-test-150x150.jpg 150w, https:\/\/www.qualitester.com\/wp-content\/uploads\/2024\/04\/needle-puncture-resistance-test-100x100.jpg 100w, https:\/\/www.qualitester.com\/wp-content\/uploads\/2024\/04\/needle-puncture-resistance-test.jpg 750w\" sizes=\"(max-width: 600px) 100vw, 600px\" \/><\/p>\n<h2>Hlavn\u00fd \u0161tandard<\/h2>\n<p><a href=\"https:\/\/www.uspnf.com\/sites\/default\/files\/usp_pdf\/EN\/USPNF\/revisions\/381_elastomeric_closure_for_injections_rb_notice.pdf\" target=\"_blank\" rel=\"noopener nofollow\">USP 381<\/a><\/p>\n<p><a href=\"https:\/\/www.iso.org\/standard\/68560.html\" target=\"_blank\" rel=\"noopener nofollow\">ISO 8871-5<\/a><\/p>\n<h2>Odpor\u00fa\u010dan\u00fd \u010dl\u00e1nok<\/h2>\n<p><span style=\"text-decoration: underline;\"><span style=\"color: #99ccff; text-decoration: underline;\"><a style=\"color: #99ccff; text-decoration: underline;\" title=\"testovanie odolnosti proti vpichu ihly\" href=\"https:\/\/www.qualitester.com\/sk\/3-reasons-to-test-needle-puncture-resistance\/\" target=\"_blank\" rel=\"noopener\">3 d\u00f4vody na testovanie odolnosti proti vpichu ihly<\/a><\/span><\/span><\/p>\n<p><span style=\"text-decoration: underline;\"><span style=\"color: #99ccff; text-decoration: underline;\"><a class=\"row-title\" style=\"color: #99ccff; text-decoration: underline;\" href=\"https:\/\/www.qualitester.com\/sk\/what-is-penetrability-testing-iso-8871-5\/\" target=\"_blank\" rel=\"noopener\" aria-label=\"\u300c\u010co je testovanie priepustnosti? | ISO 8871-5\u300d\uff08\u7f16\u8f91\uff09\">\u010co je testovanie priepustnosti? | ISO 8871-5<\/a><\/span><\/span><\/p>\n<p><span style=\"text-decoration: underline;\"><span style=\"color: #99ccff; text-decoration: underline;\"><a class=\"row-title\" style=\"color: #99ccff; text-decoration: underline;\" href=\"https:\/\/www.qualitester.com\/sk\/penetrability-tester-for-vial-stopper-iso-8871-5\/\" target=\"_blank\" rel=\"noopener\" aria-label=\"\u300cTester priepustnosti pre z\u00e1tku f\u013ea\u0161ti\u010dky | ISO 8871-5\u300d\uff08\u7f16\u8f91\uff09\">Tester penetra\u010dnej schopnosti pre z\u00e1tku f\u013ea\u0161ti\u010dky | ISO 8871-5<\/a><\/span><\/span><\/p>\n<p><span style=\"text-decoration: underline;\"><span style=\"color: #99ccff; text-decoration: underline;\"><a class=\"row-title\" style=\"color: #99ccff; text-decoration: underline;\" href=\"https:\/\/www.qualitester.com\/sk\/needle-penetrability-tester-for-vial-stopper\/\" aria-label=\"\u300cTester priepustnosti ihly pre z\u00e1tku f\u013ea\u0161ti\u010dky | ISO 8871-5\u300d\uff08\u7f16\u8f91\uff09\">Tester priepustnosti ihly pre z\u00e1tku injek\u010dnej liekovky | ISO 8871-5<\/a><\/span><\/span><\/p>\n<p><span style=\"text-decoration: underline;\"><span style=\"color: #99ccff; text-decoration: underline;\"><a class=\"row-title\" style=\"color: #99ccff; text-decoration: underline;\" href=\"https:\/\/www.qualitester.com\/sk\/needle-penetration-test-equipment\/\" target=\"_blank\" rel=\"noopener\" aria-label=\"\u300cNajlep\u0161ie zariadenie na testovanie penetr\u00e1cie ihlou ISO 8771-5\u300d\uff08\u7f16\u8f91\uff09\">Najlep\u0161ie zariadenie na testovanie penetr\u00e1cie ihlou ISO 8771-5<\/a><\/span><\/span><\/p>\n<p><span style=\"text-decoration: underline;\"><span style=\"color: #99ccff; text-decoration: underline;\"><a class=\"row-title\" style=\"color: #99ccff; text-decoration: underline;\" href=\"https:\/\/www.qualitester.com\/sk\/penetration-force-tester-to-meet-iso-8871-5\/\" target=\"_blank\" rel=\"noopener\" aria-label=\"\u300cAko pou\u017e\u00edva\u0165 tester penetra\u010dnej sily na splnenie normy ISO 8871-5\u300d\uff08\u7f16\u8f91\uff09\">Ako pou\u017e\u00edva\u0165 tester penetra\u010dnej sily na splnenie normy ISO 8871-5<\/a><\/span><\/span><\/p>\n<p><span style=\"text-decoration: underline;\"><span style=\"color: #99ccff; text-decoration: underline;\"><a class=\"row-title\" style=\"color: #99ccff; text-decoration: underline;\" href=\"https:\/\/www.qualitester.com\/sk\/needle-penetration-test-for-vial-stopper\/\" aria-label=\"\u300cTest penetr\u00e1cie ihlou pre zabezpe\u010denie kvality z\u00e1tky f\u013ea\u0161ti\u010dky ISO 8871-5\u300d\uff08\u7f16\u8f91\uff09\">Sk\u00fa\u0161ka penetr\u00e1cie ihlou na zabezpe\u010denie kvality z\u00e1tky injek\u010dnej liekovky ISO 8871-5<\/a><\/span><\/span><\/p>\n<p><span style=\"text-decoration: underline;\"><span style=\"color: #99ccff; text-decoration: underline;\"><a class=\"row-title\" style=\"color: #99ccff; text-decoration: underline;\" href=\"https:\/\/www.qualitester.com\/sk\/rubber-stoppers-needle-penetration-test-method\/\" aria-label=\"\u300cMet\u00f3da sk\u00fa\u0161ky penetr\u00e1cie ihlou pre gumov\u00e9 z\u00e1tky\u300d\uff08\u7f16\u8f91\uff09\">Met\u00f3da sk\u00fa\u0161ky penetr\u00e1cie ihlou pre gumov\u00e9 z\u00e1tky<\/a><\/span><\/span><\/p>\n<div id=\"gtx-anchor\" style=\"position: absolute; visibility: hidden; left: 20px; top: 5443.94px; width: 80.4062px; height: 64.7031px;\"><\/div>\n<div class=\"jfk-bubble gtx-bubble\" style=\"visibility: visible; left: 45px; top: 5276px; opacity: 1;\" role=\"alertdialog\" aria-describedby=\"bubble-7\">\n<div id=\"bubble-7\" class=\"jfk-bubble-content-id\">\n<div id=\"gtx-host\" style=\"min-width: 200px; max-width: 400px;\"><\/div>\n<\/div>\n<div class=\"jfk-bubble-closebtn-id jfk-bubble-closebtn\" tabindex=\"0\" role=\"button\" aria-label=\"Zatvori\u0165\"><\/div>\n<div class=\"jfk-bubble-arrow-id jfk-bubble-arrow jfk-bubble-arrowdown\" style=\"left: 60px;\">\n<div class=\"jfk-bubble-arrowimplbefore\"><\/div>\n<div class=\"jfk-bubble-arrowimplafter\"><\/div>\n<\/div>\n<\/div>","protected":false},"excerpt":{"rendered":"<p>Sk\u00fa\u0161a\u010dka vpichov ihiel je ur\u010den\u00e1 na hodnotenie odolnosti r\u00f4znych typov lek\u00e1rskych ihiel vr\u00e1tane injek\u010dn\u00fdch ihiel, injek\u010dn\u00fdch ihiel at\u010f.<\/p>","protected":false},"featured_media":6226,"comment_status":"closed","ping_status":"closed","template":"","meta":{"site-sidebar-layout":"default","site-content-layout":"default","ast-global-header-display":"","ast-main-header-display":"","ast-hfb-above-header-display":"","ast-hfb-below-header-display":"","ast-hfb-mobile-header-display":"","site-post-title":"","ast-breadcrumbs-content":"","ast-featured-img":"","footer-sml-layout":"","theme-transparent-header-meta":"default","adv-header-id-meta":"","stick-header-meta":"","header-above-stick-meta":"","header-main-stick-meta":"","header-below-stick-meta":""},"product_cat":[958,845,1038,1158,672,149,100,95],"product_tag":[1036,1028,1031,1033],"class_list":{"0":"post-4162","1":"product","2":"type-product","3":"status-publish","4":"has-post-thumbnail","6":"product_cat-puncture-tester","7":"product_cat-customization","8":"product_cat-iso-8871-5","9":"product_cat-usp-381","10":"product_cat-applied-materials","11":"product_cat-pharma-and-medical-testers","12":"product_cat-iso","13":"product_cat-products","14":"product_tag-iso-8871-5","15":"product_tag-needle-puncture-testesr","16":"product_tag-penetrability-tester","17":"product_tag-usp-381","18":"desktop-align-left","19":"tablet-align-left","20":"mobile-align-left","22":"first","23":"instock","24":"featured","25":"shipping-taxable","26":"product-type-simple"},"_links":{"self":[{"href":"https:\/\/www.qualitester.com\/sk\/wp-json\/wp\/v2\/product\/4162","targetHints":{"allow":["GET"]}}],"collection":[{"href":"https:\/\/www.qualitester.com\/sk\/wp-json\/wp\/v2\/product"}],"about":[{"href":"https:\/\/www.qualitester.com\/sk\/wp-json\/wp\/v2\/types\/product"}],"replies":[{"embeddable":true,"href":"https:\/\/www.qualitester.com\/sk\/wp-json\/wp\/v2\/comments?post=4162"}],"version-history":[{"count":0,"href":"https:\/\/www.qualitester.com\/sk\/wp-json\/wp\/v2\/product\/4162\/revisions"}],"wp:featuredmedia":[{"embeddable":true,"href":"https:\/\/www.qualitester.com\/sk\/wp-json\/wp\/v2\/media\/6226"}],"wp:attachment":[{"href":"https:\/\/www.qualitester.com\/sk\/wp-json\/wp\/v2\/media?parent=4162"}],"wp:term":[{"taxonomy":"product_cat","embeddable":true,"href":"https:\/\/www.qualitester.com\/sk\/wp-json\/wp\/v2\/product_cat?post=4162"},{"taxonomy":"product_tag","embeddable":true,"href":"https:\/\/www.qualitester.com\/sk\/wp-json\/wp\/v2\/product_tag?post=4162"}],"curies":[{"name":"wp","href":"https:\/\/api.w.org\/{rel}","templated":true}]}}