{"id":3281,"date":"2023-08-14T08:28:02","date_gmt":"2023-08-14T00:28:02","guid":{"rendered":"https:\/\/www.qualitester.com\/?post_type=product&#038;p=3281"},"modified":"2024-12-05T09:19:19","modified_gmt":"2024-12-05T01:19:19","slug":"heat-seal-material-film-hot-tack-property-test","status":"publish","type":"product","link":"https:\/\/www.qualitester.com\/sk\/produkt-2\/heat-seal-material-film-hot-tack-property-test\/","title":{"rendered":"HTT-01 Tester na hor\u00face lepenie"},"content":{"rendered":"<h2><strong>\u00davod do sk\u00fa\u0161ky za hor\u00faca<\/strong><\/h2>\n<p>Str\u00e1nka <strong>sk\u00fa\u0161ka lepivosti za tepla<\/strong> je kritick\u00e1 met\u00f3da hodnotenia, ktorou sa meria pevnos\u0165 tepeln\u00fdch uz\u00e1verov bezprostredne po uzavret\u00ed a pred vychladnut\u00edm uz\u00e1veru. T\u00e1to sk\u00fa\u0161ka je nevyhnutn\u00e1 v odvetviach, kde sa vy\u017eaduje r\u00fdchle a spo\u013eahliv\u00e9 utesnenie, najm\u00e4 v <strong>vertik\u00e1lne tesnenie (VFFS)<\/strong> procesy. Siln\u00e1 pri\u013enavos\u0165 za tepla zabezpe\u010duje, \u017ee tesnenie zostane neporu\u0161en\u00e9, ke\u010f sa balenie napln\u00ed v\u00fdrobkami, \u010d\u00edm sa zabr\u00e1ni vyliatiu a zachov\u00e1 sa celistvos\u0165 v\u00fdrobku.<\/p>\n<p>Testovanie lepivosti za hor\u00faca sa \u0161iroko pou\u017e\u00edva v priemyseln\u00fdch odvetviach, ako s\u00fa balenie potrav\u00edn, farmaceutick\u00fd priemysel, v\u00fdroba lepidiel a elektroniky, kde v\u00fdkonnos\u0165 obalov priamo ovplyv\u0148uje bezpe\u010dnos\u0165 a kvalitu v\u00fdrobkov.<\/p>\n<h2><strong>Preh\u013ead testovania tepeln\u00e9ho tesnenia<\/strong><\/h2>\n<p><strong>Testovanie tepeln\u00e9ho tesnenia<\/strong> hodnot\u00ed celkov\u00fa pevnos\u0165, trvanlivos\u0165 a pru\u017enos\u0165 termoplastick\u00fdch materi\u00e1lov po utesnen\u00ed. Zabezpe\u010duje, aby tesnenia vydr\u017eali podmienky manipul\u00e1cie, skladovania a prepravy. Medzi k\u013e\u00fa\u010dov\u00e9 faktory ovplyv\u0148uj\u00face v\u00fdkonnos\u0165 tepeln\u00e9ho tesnenia patria:<\/p>\n<ul>\n<li><strong>Teplota tesnenia<\/strong><\/li>\n<li><strong>Tlak<\/strong><\/li>\n<li><strong>\u010cas zdr\u017eania<\/strong><\/li>\n<li><strong>\u010cas chladenia<\/strong><\/li>\n<\/ul>\n<p>Presn\u00e1 kontrola t\u00fdchto parametrov je rozhoduj\u00faca pre dosiahnutie konzistentn\u00fdch a spo\u013eahliv\u00fdch tesnen\u00ed, v\u010faka \u010domu je testovanie tepeln\u00e9ho tesnenia z\u00e1kladom zabezpe\u010denia kvality v oblasti flexibiln\u00fdch obalov.<\/p>\n<h2><strong><a href=\"https:\/\/www.astm.org\/f1921_f1921m-12r18.html\" rel=\"nofollow noopener\" target=\"_blank\">ASTM F1921<\/a> a <a href=\"https:\/\/www.astm.org\/f2029-16r21.html\" rel=\"nofollow noopener\" target=\"_blank\">ASTM F2029<\/a> Normy<\/strong><\/h2>\n<ul>\n<li><a href=\"https:\/\/www.qualitester.com\/sk\/kategoria-produktu\/astm\/astm-f1921\/\"><strong>ASTM F1921<\/strong><\/a>:<br \/>\nT\u00e1to norma uv\u00e1dza sk\u00fa\u0161obn\u00e9 met\u00f3dy na stanovenie <strong>pevnos\u0165 tesnenia za tepla<\/strong> (lepenie za tepla) termoplastick\u00fdch materi\u00e1lov. Poskytuje usmernenia t\u00fdkaj\u00face sa podmienok tesnenia, sk\u00fa\u0161obn\u00fdch postupov a merania sily potrebnej na oddelenie tesnen\u00ed.<\/li>\n<li><a href=\"https:\/\/www.qualitester.com\/sk\/kategoria-produktu\/astm\/astm-f2029\/\"><strong>ASTM F2029<\/strong><\/a>:<br \/>\nT\u00e1to norma opisuje <strong>postupy na v\u00fdrobu tepeln\u00fdch plomb<\/strong> a hodnotenie ich sily. Zabezpe\u010duje, aby materi\u00e1ly, ktor\u00e9 sa daj\u00fa tepelne utesni\u0165, sp\u013a\u0148ali v\u00fdkonnostn\u00e9 krit\u00e9ri\u00e1 t\u00fdm, \u017ee \u0161pecifikuje parametre utes\u0148ovania a testovania.<\/li>\n<\/ul>\n<p>Obidve normy maj\u00fa z\u00e1sadn\u00fd v\u00fdznam pre udr\u017eanie kontroly kvality a zabezpe\u010denie s\u00faladu s priemyseln\u00fdmi predpismi.<\/p>\n<h2><strong>HTT-01 Tester na testovanie pri\u013enavosti a \u0165ahu za tepla<\/strong><\/h2>\n<p>Str\u00e1nka <strong>HTT-01 Tester na testovanie pri\u013enavosti a \u0165ahu za tepla<\/strong> je univerz\u00e1lny n\u00e1stroj ur\u010den\u00fd na hodnotenie <strong>hor\u00faca pr\u00edchytka<\/strong> a celkovo <strong>pevnos\u0165 tesnenia<\/strong> termoplastick\u00fdch materi\u00e1lov. Poskytuje spo\u013eahliv\u00e9 \u00fadaje na zabezpe\u010denie kvality v baliacich aplik\u00e1ci\u00e1ch a pom\u00e1ha v\u00fdrobcom optimalizova\u0165 ich tesniace procesy.<\/p>\n<p><strong>K\u013e\u00fa\u010dov\u00e9 aplik\u00e1cie:<\/strong><\/p>\n<ul>\n<li>Testovanie lepivosti za tepla pre obaly VFFS.<\/li>\n<li>Hodnotenie pevnosti tepeln\u00e9ho tesnenia pre pru\u017en\u00e9 p\u00e1sy.<\/li>\n<li>Testovanie termoplastick\u00fdch materi\u00e1lov v \u0165ahu a sile odlupovania.<\/li>\n<\/ul>\n<h2><strong>Princ\u00edp a proces testovania<\/strong><\/h2>\n<p>Sk\u00fa\u0161ka lepivosti za tepla zah\u0155\u0148a utesnenie p\u00e1su vzorky medzi dvoma vyhrievan\u00fdmi \u010de\u013eus\u0165ami za kontrolovan\u00fdch podmienok:<\/p>\n<ol>\n<li><strong>Parametre tesnenia<\/strong>: Teplota, \u010das zdr\u017eania, tlak a \u010das chladenia sa nastavuj\u00fa pod\u013ea \u0161pecifik\u00e1ci\u00ed materi\u00e1lu.<\/li>\n<li><strong>Separa\u010dn\u00fd test<\/strong>: Po zape\u010daten\u00ed sa vzorka oddel\u00ed pri stanovenej r\u00fdchlosti a zmeria sa sila potrebn\u00e1 na poru\u0161enie pe\u010date.<\/li>\n<\/ol>\n<p>V\u00fdsledn\u00e1 sila ud\u00e1va <strong>pevnos\u0165 pri\u013enavosti za tepla<\/strong>, \u010do je rozhoduj\u00face pre zabezpe\u010denie v\u00fdkonu obalov v re\u00e1lnych aplik\u00e1ci\u00e1ch.<\/p>\n<h2><strong>K\u013e\u00fa\u010dov\u00e9 technick\u00e9 vlastnosti HTT-01<\/strong><\/h2>\n<ul>\n<li><strong>Pokro\u010dil\u00e9 ovl\u00e1danie a rozhranie<\/strong>:<br \/>\nHTT-01 je vybaven\u00fd <strong>Syst\u00e9m riaden\u00fd PLC<\/strong> s <strong>Dotykov\u00fd displej HMI<\/strong> rozhranie, ktor\u00e9 zabezpe\u010duje stabilitu na priemyselnej \u00farovni a pou\u017e\u00edvate\u013esky pr\u00edvetiv\u00e9 ovl\u00e1danie.<\/li>\n<li><strong>V\u0161estrann\u00e9 mo\u017enosti testovania<\/strong>:<br \/>\nPodporuje <strong>sk\u00fa\u0161ky lepivosti za tepla, \u0165ahu a odlupovania<\/strong>, \u010do z neho rob\u00ed multifunk\u010dn\u00e9 rie\u0161enie pre r\u00f4zne aplik\u00e1cie.<\/li>\n<li><strong>Presnos\u0165 teploty<\/strong>:<br \/>\nTester pou\u017e\u00edva <strong>Regul\u00e1tor teploty Delta P.I.D.<\/strong> a <strong>Senzor PT100<\/strong> na presn\u00fa kontrolu teploty, \u010d\u00edm sa zabezpe\u010dia opakovate\u013en\u00e9 v\u00fdsledky.<\/li>\n<li><strong>Nastavite\u013en\u00e9 parametre<\/strong>:<br \/>\nPou\u017e\u00edvatelia si m\u00f4\u017eu prisp\u00f4sobi\u0165 teplotu tesnenia, tlak a \u010das zdr\u017eania, pri\u010dom r\u00fdchlos\u0165 testovania sa pohybuje od <strong>1 a\u017e 2000 mm\/min<\/strong>.<\/li>\n<li><strong>Bezpe\u010dnos\u0165 a spr\u00e1va \u00fadajov<\/strong>:<br \/>\nHTT-01 obsahuje bezpe\u010dnostn\u00e9 prvky, ako napr. <strong>automatick\u00e9 vynulovanie<\/strong>, <strong>ochrana proti pre\u0165a\u017eeniu<\/strong>a <strong>ochrana proti prekro\u010deniu<\/strong>. \u00dadaje mo\u017eno spravova\u0165 prostredn\u00edctvom <strong>Port RS 232<\/strong> a volite\u013en\u00fd profesion\u00e1lny softv\u00e9r.<\/li>\n<\/ul>\n<h2><strong>Hlavn\u00e9 technick\u00e9 \u0161pecifik\u00e1cie<\/strong><\/h2>\n<table>\n<tbody>\n<tr>\n<td width=\"123\">Teplota tesnenia<\/td>\n<td width=\"251\">Okolie ~ 250 \u2103<\/td>\n<\/tr>\n<tr>\n<td width=\"123\">Presnos\u0165 teploty<\/td>\n<td width=\"251\">\u00b10.2\u2103<\/td>\n<\/tr>\n<tr>\n<td width=\"123\">\u010cas zdr\u017eania<\/td>\n<td width=\"251\">0,1 ~ 9999s (tepeln\u00e9 tesnenie)<\/td>\n<\/tr>\n<tr>\n<td width=\"123\">\u010cas zdr\u017eania<\/td>\n<td width=\"251\">0,1 ~ 9999s (Hot Tack )<\/td>\n<\/tr>\n<tr>\n<td width=\"123\">Tesniaci tlak<\/td>\n<td width=\"251\">0,15 MPa ~ 0,7 MPa<\/td>\n<\/tr>\n<tr>\n<td width=\"123\">Tesniace \u010de\u013euste<\/td>\n<td width=\"251\">50 mmx10 mm s tefl\u00f3nov\u00fdm povlakom<\/td>\n<\/tr>\n<tr>\n<td width=\"123\">\u010ce\u013euste Vykurovanie<\/td>\n<td width=\"251\">Dvojit\u00e9 vykurovanie<\/td>\n<\/tr>\n<tr>\n<td width=\"123\">Za\u0165a\u017eovacia bunka<\/td>\n<td width=\"251\">200N (volite\u013en\u00e9: 30N50N100N at\u010f.)<\/td>\n<\/tr>\n<tr>\n<td width=\"123\">Presnos\u0165<\/td>\n<td width=\"251\">0,5 F.S.<\/td>\n<\/tr>\n<tr>\n<td width=\"123\">Rozl\u00ed\u0161enie<\/td>\n<td width=\"251\">0.01N<\/td>\n<\/tr>\n<tr>\n<td width=\"123\">Nap\u00e1janie<\/td>\n<td width=\"251\">220 V, 50 HZ<\/td>\n<\/tr>\n<\/tbody>\n<\/table>\n<h2><strong>V\u00fdznam testovania lepenia za tepla a tepeln\u00e9ho tesnenia<\/strong><\/h2>\n<ul>\n<li><strong>Zabezpe\u010denie kvality a bezpe\u010dnosti<\/strong>:<br \/>\nTesty lepenia za tepla a tepeln\u00e9ho tesnenia zohr\u00e1vaj\u00fa d\u00f4le\u017eit\u00fa \u00falohu pri udr\u017eiavan\u00ed kvality a bezpe\u010dnosti balen\u00e9ho tovaru. Posudzovan\u00edm pevnosti tesnenia v r\u00f4znych f\u00e1zach m\u00f4\u017eu v\u00fdrobcovia predch\u00e1dza\u0165 \u00fanikom a zlyhaniam v\u00fdrobkov.<\/li>\n<li><strong>Dodr\u017eiavanie predpisov v odvetv\u00ed<\/strong>:<br \/>\nDodr\u017eiavanie <strong>ASTM F1921<\/strong> a <strong>ASTM F2029<\/strong> zabezpe\u010duje, aby v\u00fdrobky sp\u013a\u0148ali priemyseln\u00e9 normy a o\u010dak\u00e1vania z\u00e1kazn\u00edkov.<\/li>\n<li><strong>Optimaliz\u00e1cia procesov<\/strong>:<br \/>\n\u00dadaje z\u00edskan\u00e9 z testov lepenia za tepla a tepeln\u00e9ho tesnenia pom\u00e1haj\u00fa optimalizova\u0165 procesy balenia, zvy\u0161ova\u0165 efekt\u00edvnos\u0165 a zni\u017eova\u0165 mno\u017estvo odpadu.<\/li>\n<\/ul>\n<p>Str\u00e1nka <strong>HTT-01 Tester na testovanie pri\u013enavosti a \u0165ahu za tepla<\/strong> je z\u00e1kladn\u00fdm n\u00e1strojom na zabezpe\u010denie integrity a spo\u013eahlivosti tepeln\u00fdch uz\u00e1verov v pru\u017en\u00fdch obaloch. Dodr\u017eiavan\u00edm <strong>ASTM F1921<\/strong> a <strong>ASTM F2029<\/strong> noriem, tento tester pom\u00e1ha v\u00fdrobcom dosiahnu\u0165 konzistentn\u00fa kvalitu a splni\u0165 po\u017eiadavky odvetvia. Jeho pokro\u010dil\u00e9 funkcie, presn\u00e9 ovl\u00e1danie a v\u0161estrannos\u0165 z neho robia cenn\u00fd pr\u00ednos pri zabezpe\u010dovan\u00ed kvality balenia.<\/p>\n<h2><strong>\u010casto kladen\u00e9 ot\u00e1zky<\/strong><\/h2>\n<ol>\n<li><strong>\u010co je to sk\u00fa\u0161ka lepivosti za hor\u00faca a pre\u010do je d\u00f4le\u017eit\u00e1?<\/strong><br \/>\nTestom lepivosti za tepla sa meria pevnos\u0165 tepeln\u00e9ho tesnenia bezprostredne po zataven\u00ed, \u010do je rozhoduj\u00face pre zachovanie integrity obalu pri vysokor\u00fdchlostn\u00fdch procesoch.<\/li>\n<li><strong>Ako sa l\u00ed\u0161i testovanie tepeln\u00e9ho tesnenia od testovania lepenia za tepla?<\/strong><br \/>\nSk\u00fa\u0161kou tepeln\u00e9ho tesnenia sa hodnot\u00ed celkov\u00e1 pevnos\u0165 tesnenia po ochladen\u00ed, zatia\u013e \u010do sk\u00fa\u0161kou lepivosti za tepla sa hodnot\u00ed pevnos\u0165 tesnenia pred ochladen\u00edm.<\/li>\n<li><strong>V ktor\u00fdch priemyseln\u00fdch odvetviach sa pou\u017e\u00edva testovanie lepenia za tepla a tepeln\u00e9ho tesnenia?<\/strong><br \/>\nOdvetvia ako balenie potrav\u00edn, farmaceutick\u00fd priemysel, v\u00fdroba lepidiel a elektroniky sa spoliehaj\u00fa na tieto testy, aby zabezpe\u010dili bezpe\u010dnos\u0165 a kvalitu v\u00fdrobkov.<\/li>\n<li><strong>\u010co s\u00fa ASTM F1921 a ASTM F2029?<\/strong><br \/>\nNorma ASTM F1921 poskytuje met\u00f3dy na hodnotenie pevnosti pri\u013enavosti za tepla, zatia\u013e \u010do norma ASTM F2029 opisuje postupy na v\u00fdrobu a hodnotenie tepeln\u00fdch tesnen\u00ed.<\/li>\n<li><strong>Ak\u00e9 s\u00fa k\u013e\u00fa\u010dov\u00e9 vlastnosti testera HTT-01 Hot Tack?<\/strong><br \/>\nHTT-01 pon\u00faka pokro\u010dil\u00e9 ovl\u00e1danie, v\u0161estrann\u00e9 testovacie mo\u017enosti, presn\u00fa regul\u00e1ciu teploty a robustn\u00e9 bezpe\u010dnostn\u00e9 funkcie, v\u010faka \u010domu je ide\u00e1lny na komplexn\u00e9 testovanie tepeln\u00e9ho tesnenia.<\/li>\n<\/ol>","protected":false},"excerpt":{"rendered":"<p>Str\u00e1nka <strong>sk\u00fa\u0161ka lepivosti za tepla<\/strong> je kritick\u00e1 met\u00f3da hodnotenia, ktorou sa meria pevnos\u0165 tepeln\u00fdch uz\u00e1verov bezprostredne po uzavret\u00ed a pred vychladnut\u00edm uz\u00e1veru. T\u00e1to sk\u00fa\u0161ka je nevyhnutn\u00e1 v odvetviach, kde sa vy\u017eaduje r\u00fdchle a spo\u013eahliv\u00e9 utesnenie, najm\u00e4 v <strong>vertik\u00e1lne tesnenie (VFFS)<\/strong> procesy. Siln\u00e1 pri\u013enavos\u0165 za tepla zabezpe\u010duje, \u017ee tesnenie zostane neporu\u0161en\u00e9, ke\u010f sa balenie napln\u00ed v\u00fdrobkami, \u010d\u00edm sa zabr\u00e1ni vyliatiu a zachov\u00e1 sa celistvos\u0165 v\u00fdrobku.<\/p>","protected":false},"featured_media":5966,"comment_status":"closed","ping_status":"closed","template":"","meta":{"site-sidebar-layout":"default","site-content-layout":"default","ast-global-header-display":"","ast-main-header-display":"","ast-hfb-above-header-display":"","ast-hfb-below-header-display":"","ast-hfb-mobile-header-display":"","site-post-title":"disabled","ast-breadcrumbs-content":"","ast-featured-img":"disabled","footer-sml-layout":"","theme-transparent-header-meta":"default","adv-header-id-meta":"","stick-header-meta":"","header-above-stick-meta":"","header-main-stick-meta":"","header-below-stick-meta":""},"product_cat":[953,956,955,845,954,957,958,952,959,677,678,149,16,141,142,95],"product_tag":[],"class_list":{"0":"post-3281","1":"product","2":"type-product","3":"status-publish","4":"has-post-thumbnail","6":"product_cat-bursting-tester","7":"product_cat-cobb-tester","8":"product_cat-crush-tester","9":"product_cat-customization","10":"product_cat-paper-tear-tester","11":"product_cat-plybond-tester","12":"product_cat-puncture-tester","13":"product_cat-rub-tester","14":"product_cat-stiffness-tester","15":"product_cat-heat-seal-tester","16":"product_cat-hot-tack-tester","17":"product_cat-pharma-and-medical-testers","18":"product_cat-plastic-packaging-testers","19":"product_cat-astm-f1921","20":"product_cat-astm-f2029","21":"product_cat-products","22":"desktop-align-left","23":"tablet-align-left","24":"mobile-align-left","26":"first","27":"instock","28":"shipping-taxable","29":"product-type-simple"},"_links":{"self":[{"href":"https:\/\/www.qualitester.com\/sk\/wp-json\/wp\/v2\/product\/3281","targetHints":{"allow":["GET"]}}],"collection":[{"href":"https:\/\/www.qualitester.com\/sk\/wp-json\/wp\/v2\/product"}],"about":[{"href":"https:\/\/www.qualitester.com\/sk\/wp-json\/wp\/v2\/types\/product"}],"replies":[{"embeddable":true,"href":"https:\/\/www.qualitester.com\/sk\/wp-json\/wp\/v2\/comments?post=3281"}],"version-history":[{"count":0,"href":"https:\/\/www.qualitester.com\/sk\/wp-json\/wp\/v2\/product\/3281\/revisions"}],"wp:featuredmedia":[{"embeddable":true,"href":"https:\/\/www.qualitester.com\/sk\/wp-json\/wp\/v2\/media\/5966"}],"wp:attachment":[{"href":"https:\/\/www.qualitester.com\/sk\/wp-json\/wp\/v2\/media?parent=3281"}],"wp:term":[{"taxonomy":"product_cat","embeddable":true,"href":"https:\/\/www.qualitester.com\/sk\/wp-json\/wp\/v2\/product_cat?post=3281"},{"taxonomy":"product_tag","embeddable":true,"href":"https:\/\/www.qualitester.com\/sk\/wp-json\/wp\/v2\/product_tag?post=3281"}],"curies":[{"name":"wp","href":"https:\/\/api.w.org\/{rel}","templated":true}]}}