{"id":3223,"date":"2023-08-07T08:52:04","date_gmt":"2023-08-07T00:52:04","guid":{"rendered":"https:\/\/www.qualitester.com\/?post_type=product&#038;p=3223"},"modified":"2024-12-04T16:01:26","modified_gmt":"2024-12-04T08:01:26","slug":"how-to-test-the-force-about-ampoule-breaking","status":"publish","type":"product","link":"https:\/\/www.qualitester.com\/sk\/produkt-2\/how-to-test-the-force-about-ampoule-breaking\/","title":{"rendered":"BST-01 Tester na l\u00e1manie ampuliek"},"content":{"rendered":"<h2><strong>\u00davod do testera sily pretrhnutia ampuliek<\/strong><\/h2>\n<p>Str\u00e1nka <strong>tester sily zlomu ampuliek<\/strong> je d\u00f4le\u017eit\u00fdm n\u00e1strojom vo farmaceutickom a lek\u00e1rskom priemysle, ktor\u00fd je ur\u010den\u00fd na meranie sily potrebnej na pretrhnutie hrdla ampulky. Ampulky s\u00fa hermeticky uzavret\u00e9 n\u00e1doby pou\u017e\u00edvan\u00e9 na skladovanie citliv\u00fdch farmaceutick\u00fdch l\u00e1tok. Pevnos\u0165 pri zlomen\u00ed hrdla zohr\u00e1va rozhoduj\u00facu \u00falohu pri zabezpe\u010dovan\u00ed bezpe\u010dnosti a integrity v\u00fdrobku vo vn\u00fatri. Presn\u00fd a spo\u013eahliv\u00fd tester je nevyhnutn\u00fd na zabezpe\u010denie toho, aby ampulky sp\u013a\u0148ali potrebn\u00e9 normy na bezpe\u010dn\u00e9 pou\u017e\u00edvanie a manipul\u00e1ciu.<\/p>\n<h2><strong>Pochopenie normy ISO 9187: Norma pre testovanie sily pretrhnutia ampuliek<\/strong><\/h2>\n<p><a href=\"https:\/\/www.iso.org\/standard\/55920.html\" target=\"_blank\" rel=\"noopener nofollow\">ISO 9187<\/a> je medzin\u00e1rodn\u00e1 norma, ktor\u00e1 \u0161pecifikuje met\u00f3du sk\u00fa\u0161ania sily pretrhnutia ampuliek. Poskytuje podrobn\u00e9 usmernenia o tom, ako by sa mal vykon\u00e1va\u0165 proces sk\u00fa\u0161ania, o potrebnom vybaven\u00ed a parametroch, ktor\u00e9 sa maj\u00fa mera\u0165, aby sa zabezpe\u010dili konzistentn\u00e9 a presn\u00e9 v\u00fdsledky. Dodr\u017eiavan\u00edm normy ISO 9187 si v\u00fdrobcovia m\u00f4\u017eu by\u0165 ist\u00ed, \u017ee ich ampulky bud\u00fa sp\u013a\u0148a\u0165 bezpe\u010dnostn\u00e9 po\u017eiadavky, \u010d\u00edm sa zn\u00ed\u017ei riziko rozbitia po\u010das skladovania a manipul\u00e1cie.<\/p>\n<h3><strong>Sk\u00fa\u0161obn\u00e1 met\u00f3da pod\u013ea <a href=\"https:\/\/www.qualitester.com\/sk\/kategoria-produktu\/iso\/iso-9187\/\" target=\"_blank\" rel=\"noopener\">ISO 9187<\/a><\/strong><\/h3>\n<p>Test zah\u0155\u0148a umiestnenie ampulky na pr\u00edpravok a p\u00f4sobenie sily na hrdlo smerom nadol pomocou testovacieho stroja. Na str\u00e1nke <strong>BST-01 Ampulov\u00fd tester sily pretrhnutia<\/strong> pou\u017e\u00edva vysoko presn\u00fd sn\u00edma\u010d za\u0165a\u017eenia na meranie sily potrebnej na zlomenie hrdla ampulky. Tento test zaru\u010duje, \u017ee ampulky s\u00fa nielen bezpe\u010dn\u00e9 na manipul\u00e1ciu, ale sp\u013a\u0148aj\u00fa aj po\u017eadovan\u00e9 normy pre farmaceutick\u00e9 aplik\u00e1cie.<\/p>\n<h2><strong>Testovac\u00ed proces testera sily pretrhnutia ampulky<\/strong><\/h2>\n<ul>\n<li><strong>Krok 1<\/strong>: Ampulku umiestnite na \u0161peci\u00e1lny dr\u017eiak ur\u010den\u00fd pre r\u00f4zne ve\u013ekosti ampuliek (1 ml, 2 ml, 5 ml, 10 ml, 20 ml).<\/li>\n<li><strong>Krok 2<\/strong>: Spustite test, pri ktorom sa lisovacia hlava pohybuje nadol kon\u0161tantnou r\u00fdchlos\u0165ou 10 mm\/min (nastavite\u013en\u00e1 v rozsahu 1-500 mm\/min).<\/li>\n<li><strong>Krok 3<\/strong>: Vysoko presn\u00fd sn\u00edma\u010d za\u0165a\u017eenia zis\u0165uje silu potrebn\u00fa na zlomenie hrdla ampulky.<\/li>\n<li><strong>Krok 4<\/strong>: Sila pri l\u00e1man\u00ed sa zaznamen\u00e1va a v\u00fdsledky sa zobrazuj\u00fa na dotykovej obrazovke HMI alebo sa vytla\u010dia pomocou integrovanej mikrotla\u010diarne.<\/li>\n<\/ul>\n<p>Tento proces zabezpe\u010duje presn\u00e9 meranie zlomovej sily ampuliek v s\u00falade s priemyseln\u00fdmi normami.<\/p>\n<h2><strong>Technick\u00e9 vlastnosti ampulov\u00e9ho testera pevnosti v \u0165ahu BST-01<\/strong><\/h2>\n<p>Str\u00e1nka <strong>BST-01 Ampulov\u00fd tester pevnosti pri pretrhnut\u00ed<\/strong> je vybaven\u00fd radom pokro\u010dil\u00fdch funkci\u00ed, ktor\u00e9 zvy\u0161uj\u00fa jeho presnos\u0165 a v\u0161estrannos\u0165:<\/p>\n<ul>\n<li><strong>Vysoko presn\u00e1 za\u0165a\u017eovacia bunka<\/strong>: Zabezpe\u010duje spo\u013eahliv\u00e9 a presn\u00e9 meranie sily s rozl\u00ed\u0161en\u00edm 0,1 N.<\/li>\n<li><strong>Viacero mo\u017enost\u00ed upevnenia<\/strong>: Testovacie pr\u00edpravky pre ampulky s objemom 1 ml, 2 ml, 5 ml, 10 ml a 20 ml umo\u017e\u0148uj\u00fa tester prisp\u00f4sobi\u0165 r\u00f4znym ve\u013ekostiam ampuliek.<\/li>\n<li><strong>Nastavite\u013en\u00e1 r\u00fdchlos\u0165 testu<\/strong>: Testovacia r\u00fdchlos\u0165 je nastavite\u013en\u00e1 v rozmedz\u00ed od 1 do 500 mm\/min, \u010do vyhovuje r\u00f4znym po\u017eiadavk\u00e1m na testovanie.<\/li>\n<li><strong>Ovl\u00e1danie PLC a dotykov\u00fd displej HMI<\/strong>: Na jednoduch\u00e9 ovl\u00e1danie a automatiz\u00e1ciu testovacieho procesu.<\/li>\n<li><strong>Krokov\u00fd motor s presnou gu\u013e\u00f4\u010dkovou skrutkou<\/strong>: Poskytuje presn\u00fa regul\u00e1ciu ot\u00e1\u010dok na presn\u00e9 testovanie.<\/li>\n<li><strong>Bezpe\u010dnostn\u00e9 funkcie<\/strong>: Obsahuje ochrann\u00fd kryt, ktor\u00fd zabra\u0148uje presko\u010deniu vzorky, zbern\u00fa trubicu na vzorky z rozbit\u00fdch ampuliek a funkciu automatick\u00e9ho n\u00e1vratu.<\/li>\n<li><strong>Volite\u013en\u00e9 pripojenie<\/strong>: Pripojenie RS 232 na integr\u00e1ciu s profesion\u00e1lnym softv\u00e9rom a syst\u00e9mami.<\/li>\n<\/ul>\n<h2><strong>\u010eal\u0161ie pr\u00edslu\u0161n\u00e9 normy a s\u00falad<\/strong><\/h2>\n<p>Okrem <strong>ISO 9187<\/strong>, ,. <strong>BST-01 Ampulov\u00fd tester sily pretrhnutia<\/strong> sp\u013a\u0148a nieko\u013eko \u010fal\u0161\u00edch priemyseln\u00fdch noriem vr\u00e1tane:<\/p>\n<ul>\n<li><strong>GB 2637<\/strong>: \u010c\u00ednska n\u00e1rodn\u00e1 norma na testovanie ampuliek.<\/li>\n<li><strong>YBB00332002<\/strong>: \u010c\u00ednska norma pre ampulky pou\u017e\u00edvan\u00e9 vo farmaceutickom balen\u00ed.<\/li>\n<\/ul>\n<p>Tieto normy zabezpe\u010duj\u00fa v\u0161estrannos\u0165 zariadenia a s\u00falad s glob\u00e1lnymi po\u017eiadavkami na testovanie.<\/p>\n<h2><strong>Hlavn\u00e9 parametre testera sily zlomu ampuliek<\/strong><\/h2>\n<table>\n<tbody>\n<tr>\n<td style=\"text-align: center;\" width=\"87\">Testovac\u00ed rozsah<\/td>\n<td style=\"text-align: center;\" width=\"188\">0 ~ 200 N (alebo pod\u013ea potreby)<\/td>\n<\/tr>\n<tr>\n<td style=\"text-align: center;\" width=\"87\">R\u00fdchlos\u0165<\/td>\n<td style=\"text-align: center;\" width=\"188\">1 ~ 500 mm\/min<\/td>\n<\/tr>\n<tr>\n<td style=\"text-align: center;\" width=\"87\">Rozl\u00ed\u0161enie<\/td>\n<td style=\"text-align: center;\" width=\"188\">0.1N<\/td>\n<\/tr>\n<tr>\n<td style=\"text-align: center;\" width=\"87\">Presnos\u0165<\/td>\n<td style=\"text-align: center;\" width=\"188\">0,5% F.S.<\/td>\n<\/tr>\n<tr>\n<td style=\"text-align: center;\" width=\"87\">Nap\u00e1janie<\/td>\n<td style=\"text-align: center;\" width=\"188\">110~ 220V 50\/60Hz<\/td>\n<\/tr>\n<\/tbody>\n<\/table>\n<p>Str\u00e1nka <strong>BST-01 Ampulov\u00fd tester sily pretrhnutia<\/strong> je spo\u013eahliv\u00e9, v\u0161estrann\u00e9 a ve\u013emi presn\u00e9 zariadenie navrhnut\u00e9 tak, aby sp\u013a\u0148alo pr\u00edsne po\u017eiadavky na testovanie vo farmaceutickom a lek\u00e1rskom priemysle. Dodr\u017eiavan\u00edm medzin\u00e1rodn\u00fdch noriem, ako napr. <strong>ISO 9187<\/strong>, tester zaru\u010duje, \u017ee ampulky s\u00fa bezpe\u010dn\u00e9 na pou\u017e\u00edvanie a sp\u013a\u0148aj\u00fa potrebn\u00e9 \u0161pecifik\u00e1cie prelomovej sily. V\u010faka pokro\u010dil\u00fdm funkci\u00e1m, flexibilite pri testovan\u00ed r\u00f4znych ve\u013ekost\u00ed ampuliek a jednoduch\u00e9mu pou\u017e\u00edvaniu je tester BST-01 nepostr\u00e1date\u013en\u00fdm n\u00e1strojom pre v\u00fdrobcov a laborat\u00f3ri\u00e1 kontroly kvality.<\/p>\n<h4><strong>Sekcia \u010dasto kladen\u00fdch ot\u00e1zok<\/strong><\/h4>\n<ol>\n<li><strong>Na \u010do sl\u00fa\u017ei tester sily pretrhnutia ampulky?<\/strong><br \/>\nTester meria silu potrebn\u00fa na zlomenie hrdla ampulky, \u010d\u00edm zabezpe\u010duje jej pevnos\u0165 a bezpe\u010dnos\u0165 pri manipul\u00e1cii a pou\u017e\u00edvan\u00ed.<\/li>\n<li><strong>Ako s\u00favis\u00ed norma ISO 9187 s testovan\u00edm ampuliek?<\/strong><br \/>\nV norme ISO 9187 sa uv\u00e1dza met\u00f3da a usmernenia na testovanie sily pretrhnutia ampuliek, \u010d\u00edm sa zabezpe\u010duje konzistentnos\u0165 a spo\u013eahlivos\u0165 testovacieho procesu.<\/li>\n<li><strong>Ak\u00e9 s\u00fa hlavn\u00e9 technick\u00e9 vlastnosti testera BST-01 Ampoule Break Force Tester?<\/strong><br \/>\nTester je vybaven\u00fd vysoko presn\u00fdm sn\u00edma\u010dom za\u0165a\u017eenia, viacer\u00fdmi ve\u013ekos\u0165ami pr\u00edpravkov, nastavite\u013enou r\u00fdchlos\u0165ou testovania, riaden\u00edm PLC a bezpe\u010dnostn\u00fdmi prvkami, ako s\u00fa ochrann\u00e9 kryty a zbern\u00e9 trubice.<\/li>\n<li><strong>Mo\u017eno pr\u00edstroj BST-01 pou\u017ei\u0165 na testovanie in\u00fdch materi\u00e1lov ako ampuliek?<\/strong><br \/>\n\u00c1no, pr\u00edstroj BST-01 je univerz\u00e1lny a m\u00f4\u017ee testova\u0165 in\u00e9 zdravotn\u00edcke obalov\u00e9 materi\u00e1ly, ako s\u00fa injek\u010dn\u00e9 strieka\u010dky, uz\u00e1very a z\u00e1tky.<\/li>\n<li><strong>Ak\u00e1 je presnos\u0165 ampulometra BST-01?<\/strong><br \/>\nTester pon\u00faka presnos\u0165 0,5% v plnom rozsahu (F.S.), \u010d\u00edm poskytuje presn\u00e9 a spo\u013eahliv\u00e9 v\u00fdsledky testov.<\/li>\n<\/ol>","protected":false},"excerpt":{"rendered":"<p>Str\u00e1nka <strong>tester sily zlomu ampuliek<\/strong> je d\u00f4le\u017eit\u00fdm n\u00e1strojom vo farmaceutickom a lek\u00e1rskom priemysle, ktor\u00fd je ur\u010den\u00fd na meranie sily potrebnej na pretrhnutie hrdla ampulky. Ampulky s\u00fa hermeticky uzavret\u00e9 n\u00e1doby pou\u017e\u00edvan\u00e9 na skladovanie citliv\u00fdch farmaceutick\u00fdch l\u00e1tok. Pevnos\u0165 pri zlomen\u00ed hrdla zohr\u00e1va rozhoduj\u00facu \u00falohu pri zabezpe\u010dovan\u00ed bezpe\u010dnosti a integrity v\u00fdrobku vo vn\u00fatri. Presn\u00fd a spo\u013eahliv\u00fd tester je nevyhnutn\u00fd na zabezpe\u010denie toho, aby ampulky sp\u013a\u0148ali potrebn\u00e9 normy na bezpe\u010dn\u00e9 pou\u017e\u00edvanie a manipul\u00e1ciu.<\/p>","protected":false},"featured_media":6120,"comment_status":"closed","ping_status":"closed","template":"","meta":{"site-sidebar-layout":"default","site-content-layout":"default","ast-global-header-display":"","ast-main-header-display":"","ast-hfb-above-header-display":"","ast-hfb-below-header-display":"","ast-hfb-mobile-header-display":"","site-post-title":"","ast-breadcrumbs-content":"","ast-featured-img":"","footer-sml-layout":"","theme-transparent-header-meta":"default","adv-header-id-meta":"","stick-header-meta":"","header-above-stick-meta":"","header-main-stick-meta":"","header-below-stick-meta":""},"product_cat":[933,845,149,173,95],"product_tag":[],"class_list":{"0":"post-3223","1":"product","2":"type-product","3":"status-publish","4":"has-post-thumbnail","6":"product_cat-ampoule-breaking-tester","7":"product_cat-customization","8":"product_cat-pharma-and-medical-testers","9":"product_cat-iso-9187","10":"product_cat-products","11":"desktop-align-left","12":"tablet-align-left","13":"mobile-align-left","15":"first","16":"instock","17":"shipping-taxable","18":"product-type-simple"},"_links":{"self":[{"href":"https:\/\/www.qualitester.com\/sk\/wp-json\/wp\/v2\/product\/3223","targetHints":{"allow":["GET"]}}],"collection":[{"href":"https:\/\/www.qualitester.com\/sk\/wp-json\/wp\/v2\/product"}],"about":[{"href":"https:\/\/www.qualitester.com\/sk\/wp-json\/wp\/v2\/types\/product"}],"replies":[{"embeddable":true,"href":"https:\/\/www.qualitester.com\/sk\/wp-json\/wp\/v2\/comments?post=3223"}],"version-history":[{"count":0,"href":"https:\/\/www.qualitester.com\/sk\/wp-json\/wp\/v2\/product\/3223\/revisions"}],"wp:featuredmedia":[{"embeddable":true,"href":"https:\/\/www.qualitester.com\/sk\/wp-json\/wp\/v2\/media\/6120"}],"wp:attachment":[{"href":"https:\/\/www.qualitester.com\/sk\/wp-json\/wp\/v2\/media?parent=3223"}],"wp:term":[{"taxonomy":"product_cat","embeddable":true,"href":"https:\/\/www.qualitester.com\/sk\/wp-json\/wp\/v2\/product_cat?post=3223"},{"taxonomy":"product_tag","embeddable":true,"href":"https:\/\/www.qualitester.com\/sk\/wp-json\/wp\/v2\/product_tag?post=3223"}],"curies":[{"name":"wp","href":"https:\/\/api.w.org\/{rel}","templated":true}]}}