{"id":3012,"date":"2023-07-31T16:39:52","date_gmt":"2023-07-31T08:39:52","guid":{"rendered":"https:\/\/www.qualitester.com\/?post_type=product&#038;p=3012"},"modified":"2025-01-07T17:06:31","modified_gmt":"2025-01-07T09:06:31","slug":"gelbo-flex-tester-astm-f392","status":"publish","type":"product","link":"https:\/\/www.qualitester.com\/sk\/produkt-2\/gelbo-flex-tester-astm-f392\/","title":{"rendered":"GFT Gelbo Flex Tester"},"content":{"rendered":"<p>Str\u00e1nka <strong>Tester Gelbo Flex<\/strong> je z\u00e1kladn\u00fdm n\u00e1strojom na hodnotenie ohybovej odolnosti pru\u017en\u00fdch bari\u00e9rov\u00fdch materi\u00e1lov, ako s\u00fa f\u00f3lie, kompozity a n\u00e1terov\u00e9 f\u00f3lie. T\u00fdmto pr\u00edstrojom sa testuje schopnos\u0165 materi\u00e1lu odol\u00e1va\u0165 opakovan\u00e9mu nam\u00e1haniu, \u010do je rozhoduj\u00face pre prevenciu praskl\u00edn pri oh\u00fdban\u00ed a zabezpe\u010denie integrity obalov po\u010das distrib\u00facie. Odolnos\u0165 vo\u010di ohybov\u00fdm trhlin\u00e1m je ve\u013emi d\u00f4le\u017eit\u00e1 vlastnos\u0165, preto\u017ee minimalizuje riziko perfor\u00e1cie obalu, \u010d\u00edm sa zabezpe\u010d\u00ed, \u017ee obsah zostane neporu\u0161en\u00fd po\u010das cel\u00e9ho \u017eivotn\u00e9ho cyklu obalu.<\/p>\n<h2>ASTM F392 - Ohybn\u00e1 odolnos\u0165 pru\u017en\u00fdch bari\u00e9rov\u00fdch materi\u00e1lov<\/h2>\n<p><a href=\"https:\/\/www.astm.org\/f0392_f0392m-21.html\" target=\"_blank\" rel=\"noopener nofollow\"><strong>ASTM F392<\/strong><\/a> je \u0161tandardn\u00e1 \u0161pecifik\u00e1cia, ktor\u00e1 opisuje postup ur\u010dovania <strong>trvanlivos\u0165 ohybu<\/strong> pru\u017en\u00fdch bari\u00e9rov\u00fdch materi\u00e1lov. T\u00e1to sk\u00fa\u0161obn\u00e1 met\u00f3da je \u0161peci\u00e1lne navrhnut\u00e1 na hodnotenie schopnosti materi\u00e1lov, ako s\u00fa f\u00f3lie a povlaky, odol\u00e1va\u0165 opakovan\u00e9mu oh\u00fdbaniu, kr\u00fateniu a oh\u00fdbaniu pod tlakom, \u010do simuluje skuto\u010dn\u00e9 podmienky po\u010das prepravy a manipul\u00e1cie. Test zah\u0155\u0148a vystavenie vzorky s\u00e9rii ohybov\u00fdch pohybov a ur\u010denie schopnosti materi\u00e1lu odol\u00e1va\u0165 t\u00fdmto nam\u00e1haniam bez toho, aby sa v \u0148om vytvorili diery alebo trhliny.<\/p>\n<h2>\u0160tandardn\u00fd postup na kondicionovanie pru\u017en\u00fdch bari\u00e9rov\u00fdch materi\u00e1lov testovan\u00edm odolnosti flexi<\/h2>\n<p>Str\u00e1nka <strong>Tester Gelbo Flex<\/strong> dodr\u017eiava testovacie postupy uveden\u00e9 v <strong>ASTM F392<\/strong> pre <strong>testovanie odolnosti pri oh\u00fdban\u00ed<\/strong>. Proces zah\u0155\u0148a mont\u00e1\u017e vzorky s rozmermi 200 mm x 280 mm na sk\u00fa\u0161obn\u00e9 t\u0155ne. Vzorka je potom vystaven\u00e1 kr\u00fatiacim a horizont\u00e1lnym tlakov\u00fdm pohybom, ktor\u00e9 s\u00fa navrhnut\u00e9 tak, aby simulovali nam\u00e1hanie obalov\u00fdch materi\u00e1lov po\u010das distrib\u00facie. Konkr\u00e9tne syst\u00e9m iniciuje kr\u00fatenie, ktor\u00e9 sa v prv\u00fdch 90 mm zdvihu pohybuje v uhle 440\u00b0, po ktorom nasleduje horizont\u00e1lne stla\u010denie v d\u013a\u017eke 65 mm.<\/p>\n<div class=\"ast-oembed-container\" style=\"height: 100%;\"><iframe title=\"Gelbo Flex Tester ASTM F392\" width=\"500\" height=\"281\" src=\"https:\/\/www.youtube.com\/embed\/n2u7WCjVRTk?feature=oembed\" frameborder=\"0\" allow=\"accelerometer; autoplay; clipboard-write; encrypted-media; gyroscope; picture-in-picture; web-share\" referrerpolicy=\"strict-origin-when-cross-origin\" allowfullscreen><\/iframe><\/div>\n<p>Test sa vykon\u00e1va r\u00fdchlos\u0165ou <strong>45 cyklov za min\u00fatu<\/strong> s piatimi predprogramovan\u00fdmi testovac\u00edmi re\u017eimami:<\/p>\n<ul>\n<li><strong>Re\u017eim A<\/strong>: Pln\u00e1 flexia po\u010das 1 hodiny (2 700 cyklov)<\/li>\n<li><strong>Re\u017eim B<\/strong>: Pln\u00fd ohyb po\u010das 20 min\u00fat (900 cyklov)<\/li>\n<li><strong>Re\u017eim C<\/strong>: Pln\u00fd ohyb po\u010das 6 min\u00fat (270 cyklov)<\/li>\n<li><strong>Re\u017eim D<\/strong>: Pln\u00fd ohyb po\u010das 20 cyklov<\/li>\n<li><strong>Re\u017eim E<\/strong>: \u010ciasto\u010dn\u00fd ohyb po\u010das 20 cyklov<\/li>\n<\/ul>\n<p>Tento flexibiln\u00fd testovac\u00ed proces umo\u017e\u0148uje pou\u017e\u00edvate\u013eom simulova\u0165 r\u00f4zne re\u00e1lne z\u00e1\u0165a\u017eov\u00e9 scen\u00e1re, \u010do umo\u017e\u0148uje presn\u00e9 pos\u00fadenie odolnosti proti ohybov\u00fdm trhlin\u00e1m.<\/p>\n<h2>Technick\u00e9 vlastnosti testera Gelbo Flex<\/h2>\n<ul>\n<li><strong>Ovl\u00e1danie PLC<\/strong>: Tester Gelbo Flex je vybaven\u00fd <strong>Riadenie PLC<\/strong> na konzistentn\u00e9, automatizovan\u00e9 testovanie.<\/li>\n<li><strong>Intuit\u00edvne rozhranie dotykovej obrazovky HMI<\/strong>: Pou\u017e\u00edvate\u013esky pr\u00edvetiv\u00e9 rozhranie u\u013eah\u010duje monitorovanie a kontrolu testovac\u00edch parametrov.<\/li>\n<li><strong>P\u00e4\u0165 \u0161tandardn\u00fdch testovac\u00edch re\u017eimov<\/strong>: Syst\u00e9m pon\u00faka flexibilitu v\u010faka piatim predprogramovan\u00fdm re\u017eimom, ktor\u00e9 umo\u017e\u0148uj\u00fa pou\u017e\u00edvate\u013eom vybra\u0165 si ide\u00e1lne sk\u00fa\u0161obn\u00e9 podmienky pre ich materi\u00e1ly.<\/li>\n<li><strong>Viacero testovac\u00edch stan\u00edc<\/strong>: Tester je vybaven\u00fd 3 a\u017e 4 stanicami na s\u00fabe\u017en\u00e9 testovanie, \u010do zvy\u0161uje efektivitu pri testovan\u00ed ve\u013ek\u00fdch objemov materi\u00e1lov.<\/li>\n<li><strong>R\u00fdchle prep\u00ednanie re\u017eimov<\/strong>: \u013dahko prep\u00ednajte medzi re\u017eimami dlh\u00e9ho a kr\u00e1tkeho zdvihu, \u010d\u00edm si m\u00f4\u017eete prisp\u00f4sobi\u0165 podmienky testovania.<\/li>\n<li><strong>Mikrotla\u010diare\u0148 na v\u00fdstup \u00fadajov<\/strong>: Zabudovan\u00e1 mikrotla\u010diare\u0148 umo\u017e\u0148uje pohodln\u00fa tla\u010d v\u00fdsledkov testov, \u010d\u00edm sa zabezpe\u010d\u00ed presnos\u0165 a sledovate\u013enos\u0165 \u00fadajov.<\/li>\n<\/ul>\n<h2>Oblasti pou\u017eitia testera odolnosti Flex<\/h2>\n<p>Tester ohybnosti sa \u0161iroko pou\u017e\u00edva v odvetviach, kde s\u00fa obalov\u00e9 materi\u00e1ly vystaven\u00e9 opakovan\u00e9mu nam\u00e1haniu po\u010das prepravy a manipul\u00e1cie. Patria medzi ne:<\/p>\n<ul>\n<li><strong>Balenie<\/strong>: <em><span style=\"text-decoration: underline;\"><strong>Pru\u017en\u00e9 f\u00f3lie<\/strong><\/span><\/em> a lamin\u00e1ty pou\u017e\u00edvan\u00e9 na v\u00fdrobu potrav\u00edn, n\u00e1pojov, liekov a zdravotn\u00edckych v\u00fdrobkov.<\/li>\n<li><strong>Balenie zdravotn\u00edckych pom\u00f4cok<\/strong>: Zabezpe\u010denie trvanlivosti <em><span style=\"text-decoration: underline;\"><strong>obalov\u00e9 materi\u00e1ly<\/strong><\/span><\/em> pou\u017e\u00edvan\u00e9 pre steriln\u00e9 zdravotn\u00edcke pom\u00f4cky.<\/li>\n<li><strong>Farmaceutick\u00e9 v\u00fdrobky<\/strong>: Testovanie <em><span style=\"text-decoration: underline;\"><strong>bari\u00e9rov\u00e9 materi\u00e1ly<\/strong><\/span><\/em> ktor\u00e9 chr\u00e1nia citliv\u00e9 lieky a lie\u010div\u00e1.<\/li>\n<li><strong>Potraviny a n\u00e1poje<\/strong>: <strong><em><span style=\"text-decoration: underline;\">Obalov\u00e9 materi\u00e1ly<\/span><\/em><\/strong> ur\u010den\u00e9 na zachovanie \u010derstvosti a neporu\u0161enosti potravinov\u00fdch v\u00fdrobkov.<\/li>\n<\/ul>\n<h2>Hlavn\u00e9 parametre testera Gelbo Flex<\/h2>\n<table>\n<tbody>\n<tr>\n<td width=\"132\">Flex Frekvencia<\/td>\n<td width=\"228\">45 \/min\u00fata<\/td>\n<\/tr>\n<tr>\n<td width=\"132\">Uhol ohybu<\/td>\n<td width=\"228\">440\u00b0 (90 mm) alebo 400\u00b0 (80 mm)<\/td>\n<\/tr>\n<tr>\n<td width=\"132\">Kapacita<\/td>\n<td width=\"228\">3,5 N.m<\/td>\n<\/tr>\n<tr>\n<td width=\"132\">Horizont\u00e1lny \u0165ah<\/td>\n<td width=\"228\">155 mm alebo 80 mm<\/td>\n<\/tr>\n<tr>\n<td width=\"132\">Stanice<\/td>\n<td width=\"228\">3\/4<\/td>\n<\/tr>\n<tr>\n<td width=\"132\">Ve\u013ekos\u0165 vzorky<\/td>\n<td width=\"228\">280 mm x 200 mm<\/td>\n<\/tr>\n<tr>\n<td width=\"132\">Nap\u00e1janie<\/td>\n<td width=\"228\">110~220V<\/td>\n<\/tr>\n<\/tbody>\n<\/table>\n<h2>Prisp\u00f4sobenie a \u0161peci\u00e1lne po\u017eiadavky na testovanie<\/h2>\n<p>Spolo\u010dnos\u0165 Cell Instruments sa \u0161pecializuje na prisp\u00f4sobovanie testovac\u00edch zariaden\u00ed \u0161pecifick\u00fdm potreb\u00e1m testovania materi\u00e1lov. Na str\u00e1nke <strong>Tester Gelbo Flex<\/strong> mo\u017eno prisp\u00f4sobi\u0165 tak, aby vyhovoval \u0161irokej \u0161k\u00e1le po\u017eiadaviek na flexibiln\u00e9 testovanie materi\u00e1lov, a pon\u00faka rie\u0161enia pre \u0161tandardn\u00e9 aj jedine\u010dn\u00e9 podmienky testovania. (Napr\u00edklad sk\u00fa\u0161obn\u00e9 postupy a pr\u00edpravky na vzorky)<\/p>\n<h2>\u010cASTO KLADEN\u00c9 OT\u00c1ZKY<\/h2>\n<ol>\n<li><strong>Ak\u00e9 materi\u00e1ly mo\u017eno testova\u0165 pomocou testera Gelbo Flex?<\/strong><br \/>\nTester Gelbo Flex je ide\u00e1lny na testovanie pru\u017en\u00fdch bari\u00e9rov\u00fdch materi\u00e1lov, ako s\u00fa f\u00f3lie, kompozitn\u00e9 materi\u00e1ly a n\u00e1terov\u00e9 f\u00f3lie pou\u017e\u00edvan\u00e9 v obaloch, zdravotn\u00edckych pom\u00f4ckach, potravin\u00e1rskych v\u00fdrobkoch a \u010fal\u0161\u00edch.<\/li>\n<li><strong>\u010co je <a href=\"https:\/\/www.qualitester.com\/sk\/kategoria-produktu\/astm\/astm-f392\/\">ASTM F392<\/a>a pre\u010do je to d\u00f4le\u017eit\u00e9 pre testovanie?<\/strong><br \/>\nASTM F392 je \u0161tandardn\u00e1 \u0161pecifik\u00e1cia na testovanie ohybovej odolnosti pru\u017en\u00fdch materi\u00e1lov. Pom\u00e1ha zabezpe\u010di\u0165, aby obalov\u00e9 materi\u00e1ly vydr\u017eali opakovan\u00e9 nam\u00e1hanie po\u010das distrib\u00facie, \u010d\u00edm sa zni\u017euje riziko perfor\u00e1cie alebo poruchy.<\/li>\n<li><strong>D\u00e1 sa tester Gelbo Flex Tester prisp\u00f4sobi\u0165 \u0161pecifick\u00fdm potreb\u00e1m testovania?<\/strong><br \/>\n\u00c1no, spolo\u010dnos\u0165 Cell Instruments pon\u00faka mo\u017enosti prisp\u00f4sobenia, aby tester Gelbo Flex Tester sp\u013a\u0148al jedine\u010dn\u00e9 po\u017eiadavky na testovanie v r\u00f4znych odvetviach.<\/li>\n<li><strong>Ako tester Gelbo Flex Tester simuluje skuto\u010dn\u00e9 za\u0165a\u017eenie obalov?<\/strong><br \/>\nTester vyu\u017e\u00edva kombin\u00e1ciu kr\u00fatenia a horizont\u00e1lneho stl\u00e1\u010dania, aby sa zopakovalo opakovan\u00e9 nam\u00e1hanie, ktor\u00e9mu s\u00fa obalov\u00e9 materi\u00e1ly vystaven\u00e9 po\u010das prepravy a manipul\u00e1cie.<\/li>\n<\/ol>","protected":false},"excerpt":{"rendered":"<p>Str\u00e1nka <strong>Tester Gelbo Flex<\/strong> je z\u00e1kladn\u00fdm n\u00e1strojom na hodnotenie ohybovej odolnosti pru\u017en\u00fdch bari\u00e9rov\u00fdch materi\u00e1lov, ako s\u00fa f\u00f3lie, kompozity a n\u00e1terov\u00e9 f\u00f3lie. T\u00fdmto pr\u00edstrojom sa testuje schopnos\u0165 materi\u00e1lu odol\u00e1va\u0165 opakovan\u00e9mu nam\u00e1haniu, \u010do je rozhoduj\u00face pre prevenciu praskl\u00edn pri oh\u00fdban\u00ed a zabezpe\u010denie integrity obalov po\u010das distrib\u00facie. Odolnos\u0165 vo\u010di ohybov\u00fdm trhlin\u00e1m je ve\u013emi d\u00f4le\u017eit\u00e1 vlastnos\u0165, preto\u017ee minimalizuje riziko perfor\u00e1cie obalu, \u010d\u00edm sa zabezpe\u010d\u00ed, \u017ee obsah zostane neporu\u0161en\u00fd po\u010das cel\u00e9ho \u017eivotn\u00e9ho cyklu obalu.<\/p>","protected":false},"featured_media":5873,"comment_status":"closed","ping_status":"closed","template":"","meta":{"site-sidebar-layout":"default","site-content-layout":"default","ast-global-header-display":"","ast-main-header-display":"","ast-hfb-above-header-display":"","ast-hfb-below-header-display":"","ast-hfb-mobile-header-display":"","site-post-title":"disabled","ast-breadcrumbs-content":"","ast-featured-img":"disabled","footer-sml-layout":"","theme-transparent-header-meta":"default","adv-header-id-meta":"","stick-header-meta":"","header-above-stick-meta":"","header-main-stick-meta":"","header-below-stick-meta":""},"product_cat":[845,977,149,16,107,95],"product_tag":[1174,1175],"class_list":{"0":"post-3012","1":"product","2":"type-product","3":"status-publish","4":"has-post-thumbnail","6":"product_cat-customization","7":"product_cat-gelbo-flex-tester","8":"product_cat-pharma-and-medical-testers","9":"product_cat-plastic-packaging-testers","10":"product_cat-astm-f392","11":"product_cat-products","12":"product_tag-flex-durability-tester","13":"product_tag-gelbo-flex-tester","14":"desktop-align-left","15":"tablet-align-left","16":"mobile-align-left","18":"first","19":"instock","20":"shipping-taxable","21":"product-type-simple"},"_links":{"self":[{"href":"https:\/\/www.qualitester.com\/sk\/wp-json\/wp\/v2\/product\/3012","targetHints":{"allow":["GET"]}}],"collection":[{"href":"https:\/\/www.qualitester.com\/sk\/wp-json\/wp\/v2\/product"}],"about":[{"href":"https:\/\/www.qualitester.com\/sk\/wp-json\/wp\/v2\/types\/product"}],"replies":[{"embeddable":true,"href":"https:\/\/www.qualitester.com\/sk\/wp-json\/wp\/v2\/comments?post=3012"}],"version-history":[{"count":0,"href":"https:\/\/www.qualitester.com\/sk\/wp-json\/wp\/v2\/product\/3012\/revisions"}],"wp:featuredmedia":[{"embeddable":true,"href":"https:\/\/www.qualitester.com\/sk\/wp-json\/wp\/v2\/media\/5873"}],"wp:attachment":[{"href":"https:\/\/www.qualitester.com\/sk\/wp-json\/wp\/v2\/media?parent=3012"}],"wp:term":[{"taxonomy":"product_cat","embeddable":true,"href":"https:\/\/www.qualitester.com\/sk\/wp-json\/wp\/v2\/product_cat?post=3012"},{"taxonomy":"product_tag","embeddable":true,"href":"https:\/\/www.qualitester.com\/sk\/wp-json\/wp\/v2\/product_tag?post=3012"}],"curies":[{"name":"wp","href":"https:\/\/api.w.org\/{rel}","templated":true}]}}