{"id":2743,"date":"2023-07-17T15:11:03","date_gmt":"2023-07-17T07:11:03","guid":{"rendered":"https:\/\/www.qualitester.com\/?post_type=product&#038;p=2743"},"modified":"2025-06-12T13:59:32","modified_gmt":"2025-06-12T05:59:32","slug":"fdt-01-polypropylene-film-drop-dart-tester","status":"publish","type":"product","link":"https:\/\/www.qualitester.com\/sk\/produkt-2\/fdt-01-polypropylene-film-drop-dart-tester\/","title":{"rendered":"FDT-01 Tester n\u00e1razov padaj\u00facich \u0161\u00edpok"},"content":{"rendered":"<p>Str\u00e1nka\u00a0<strong>Tester n\u00e1razov padaj\u00facich \u0161\u00edpok <\/strong>je kritick\u00fd pr\u00edstroj ur\u010den\u00fd na hodnotenie r\u00e1zovej pevnosti plastov\u00fdch f\u00f3li\u00ed, dosiek, kompozitn\u00fdch f\u00f3li\u00ed, f\u00f3li\u00ed a papiera s hr\u00fabkou men\u0161ou ako 1 mm. T\u00e1to sk\u00fa\u0161ka je nevyhnutn\u00e1 na pos\u00fadenie schopnosti materi\u00e1lu odol\u00e1va\u0165 vonkaj\u0161\u00edm sil\u00e1m, \u010do priamo ovplyv\u0148uje v\u00fdkonnos\u0165 a trvanlivos\u0165 v\u00fdrobku po\u010das manipul\u00e1cie, prepravy a skladovania. V\u010faka simul\u00e1cii re\u00e1lnych podmienok poskytuje tester cenn\u00e9 \u00fadaje, ktor\u00e9 pom\u00e1haj\u00fa pri v\u00fdbere materi\u00e1lu, n\u00e1vrhu v\u00fdrobku a kontrole kvality.<\/p>\n<h2><strong>\u010co je to n\u00e1razov\u00fd test \u0161\u00edpkou?<\/strong><\/h2>\n<p>Sk\u00fa\u0161ka n\u00e1razom padaj\u00facou \u0161\u00edpkou je v\u0161eobecne uzn\u00e1vanou met\u00f3dou na stanovenie odolnosti materi\u00e1lov proti n\u00e1razu. Zah\u0155\u0148a p\u00fa\u0161\u0165anie za\u0165a\u017eenej strely z ur\u010denej v\u00fd\u0161ky na testovan\u00fd materi\u00e1l s cie\u013eom zmera\u0165 energiu potrebn\u00fa na sp\u00f4sobenie poruchy. V\u00fdsledky pom\u00e1haj\u00fa v\u00fdrobcom vyhodnoti\u0165 h\u00fa\u017eevnatos\u0165 materi\u00e1lu, \u010d\u00edm sa zabezpe\u010d\u00ed, \u017ee v\u00fdrobky vydr\u017eia nam\u00e1hanie pri manipul\u00e1cii a zachovaj\u00fa si integritu pri pou\u017eit\u00ed.<\/p>\n<div class=\"ast-oembed-container\" style=\"height: 100%;\"><iframe title=\"Tester n\u00e1razu padaj\u00facou \u0161\u00edpkou na platov\u00e9 f\u00f3lie a listy Met\u00f3da A a Met\u00f3da B ASTM D1709 ISO 7765-1\" width=\"500\" height=\"281\" src=\"https:\/\/www.youtube.com\/embed\/a3_9M0x3w7U?feature=oembed\" frameborder=\"0\" allow=\"accelerometer; autoplay; clipboard-write; encrypted-media; gyroscope; picture-in-picture; web-share\" referrerpolicy=\"strict-origin-when-cross-origin\" allowfullscreen><\/iframe><\/div>\n<h2><strong>Dodr\u017eiavanie noriem<\/strong><\/h2>\n<p>N\u00e1razov\u00fd tester Drop Dart je v s\u00falade s viacer\u00fdmi medzin\u00e1rodn\u00fdmi normami, \u010do zaru\u010duje spo\u013eahliv\u00e9 a presn\u00e9 v\u00fdsledky:<\/p>\n<ul>\n<li><span style=\"color: #00ccff;\"><a style=\"color: #00ccff;\" href=\"https:\/\/www.qualitester.com\/sk\/standards\/astm-d1709\/\" target=\"_blank\" rel=\"noopener\"><strong><span style=\"color: #75c22c;\">ASTM <\/span><span style=\"color: #75c22c;\">D1709<\/span><\/strong><\/a><\/span>: V tejto norme sa uv\u00e1dza postup na ur\u010denie <strong>odolnos\u0165 plastov\u00fdch f\u00f3li\u00ed proti n\u00e1razu<\/strong> pomocou vo\u013ene padaj\u00facej strely.<\/li>\n<li><a href=\"https:\/\/www.qualitester.com\/sk\/standards\/iso\/iso-7765-1\/\" target=\"_blank\" rel=\"noopener\"><strong><span style=\"color: #75c22c;\">ISO 7765-1<\/span><\/strong><\/a>: Medzin\u00e1rodn\u00e1 norma pre<strong> sk\u00fa\u0161ky n\u00e1razom plastov\u00fdch f\u00f3li\u00ed<\/strong>.<\/li>\n<li><strong>JIS K7124-1<\/strong>: Japonsk\u00e1 priemyseln\u00e1 norma na hodnotenie <strong>vplyv v\u00fdkonu filmov<\/strong>.<\/li>\n<li><strong>GB\/T 9639.1<\/strong>: \u010c\u00ednska n\u00e1rodn\u00e1 norma, ktor\u00e1 je v s\u00falade s celosvetov\u00fdmi postupmi pre <strong>odolnos\u0165 materi\u00e1lu proti n\u00e1razu<\/strong>.<\/li>\n<\/ul>\n<h2><strong>K\u013e\u00fa\u010dov\u00e9 vlastnosti n\u00e1razov\u00e9ho testera Drop Dart<\/strong><\/h2>\n<ol>\n<li><strong>Ovl\u00e1danie pomocou PLC a dotykovej obrazovky<\/strong><\/li>\n<li><strong>Dvojit\u00e9 testovacie met\u00f3dy<\/strong>\n<ul>\n<li><strong>Met\u00f3da A<\/strong>: Vhodn\u00e9 pre priemer \u0161\u00edpky 38 \u00b1 1 mm a v\u00fd\u0161ku p\u00e1du 660 mm.<\/li>\n<li><strong>Met\u00f3da B<\/strong>\u00a0(volite\u013en\u00e9): Navrhnut\u00e9 pre priemer \u0161\u00edpky 50 \u00b1 1 mm a v\u00fd\u0161ku p\u00e1du 1500 mm.<\/li>\n<\/ul>\n<\/li>\n<li><strong>Bezpe\u010dn\u00e1 a pohodln\u00e1 prev\u00e1dzka: <\/strong>Vybaven\u00fd testovac\u00edm tla\u010didlom aj no\u017en\u00fdm sp\u00edna\u010dom.<\/li>\n<li><strong>Automatizovan\u00e9 v\u00fdpo\u010dty: <\/strong>Vstavan\u00fd program automaticky vypo\u010d\u00edta v\u00fdsledky v gramoch a jouloch.<\/li>\n<li><strong>Pozorovacie svetlo a pneumatick\u00e9 up\u00ednanie: <\/strong>Pozorovacie svetlo pom\u00e1ha pri monitorovan\u00ed vzorky po\u010das testov, zatia\u013e \u010do pneumatick\u00e1 svorka zabezpe\u010duje bezpe\u010dn\u00e9 uchytenie vzorky.<\/li>\n<li><strong>V\u00fdstup \u00fadajov: <\/strong>Tester obsahuje bodov\u00fa maticov\u00fa mikrotla\u010diare\u0148 na priamy v\u00fdstup \u00fadajov.<\/li>\n<li><strong>Integr\u00e1cia softv\u00e9ru: <\/strong>Volite\u013en\u00fd profesion\u00e1lny softv\u00e9r zlep\u0161uje mo\u017enosti spr\u00e1vy \u00fadajov a pod\u00e1vania spr\u00e1v.<\/li>\n<\/ol>\n<h2><strong>Technick\u00e9 \u0161pecifik\u00e1cie<\/strong><\/h2>\n<table style=\"height: 433px;\" width=\"799\">\n<tbody>\n<tr>\n<td width=\"162\">\n<p style=\"text-align: center;\">Testovacia met\u00f3da Met\u00f3da<\/p>\n<\/td>\n<td width=\"274\">\n<p style=\"text-align: center;\">A alebo met\u00f3da B (volite\u013en\u00e1)<\/p>\n<\/td>\n<\/tr>\n<tr>\n<td width=\"162\">\n<p style=\"text-align: center;\">Testovac\u00ed rozsah<\/p>\n<\/td>\n<td style=\"text-align: center;\" width=\"274\">Met\u00f3da A: 50~2000g\/<br \/>\nMet\u00f3da B: 300 ~ 2000 g<\/td>\n<\/tr>\n<tr>\n<td width=\"162\">\n<p style=\"text-align: center;\">Priemer \u0161\u00edpky<\/p>\n<\/td>\n<td style=\"text-align: center;\" width=\"274\">Met\u00f3da A: 38\u00b11mm<br \/>\nMet\u00f3da B: 50 \u00b1 1 mm<\/td>\n<\/tr>\n<tr>\n<td style=\"text-align: center;\" width=\"162\">V\u00fd\u0161ka n\u00e1razu<\/td>\n<td width=\"274\">\n<p style=\"text-align: center;\">660 mm\/1500 mm<\/p>\n<\/td>\n<\/tr>\n<tr>\n<td width=\"162\">\n<p style=\"text-align: center;\">Presnos\u0165<\/p>\n<\/td>\n<td style=\"text-align: center;\" width=\"274\">0,1 g (0,1 J)<\/td>\n<\/tr>\n<tr>\n<td style=\"text-align: center;\" width=\"162\">Svorka<\/td>\n<td width=\"274\">\n<p style=\"text-align: center;\">Pneumatick\u00e1 svorka<\/p>\n<\/td>\n<\/tr>\n<tr>\n<td width=\"162\">\n<p style=\"text-align: center;\">Dod\u00e1vka plynu<\/p>\n<\/td>\n<td style=\"text-align: center;\" width=\"274\">0,6 MPa \u03a68 mm PU r\u00farky<\/td>\n<\/tr>\n<tr>\n<td style=\"text-align: center;\" width=\"162\">Ve\u013ekos\u0165 vzorky<\/td>\n<td width=\"274\">\n<p style=\"text-align: center;\">&gt; 150 mm x 150 mm<\/p>\n<\/td>\n<\/tr>\n<tr>\n<td width=\"162\">\n<p style=\"text-align: center;\">Nap\u00e1janie<\/p>\n<\/td>\n<td style=\"text-align: center;\" width=\"274\">AC 110~220V 50Hz<\/td>\n<\/tr>\n<tr>\n<td style=\"text-align: center;\" width=\"162\">Rozmer<\/td>\n<td width=\"274\">\n<p style=\"text-align: center;\">Met\u00f3da A: 500*450*1200 mm (LWH)<br \/>\nMet\u00f3da B: 500*450*2200 mm (LWH)<\/p>\n<\/td>\n<\/tr>\n<\/tbody>\n<\/table>\n<h2><strong>Aplik\u00e1cie strojov na testovanie n\u00e1razov padaj\u00facich \u0161\u00edpok<\/strong><\/h2>\n<p>N\u00e1razov\u00fd tester Drop Dart je ide\u00e1lny na:<\/p>\n<ul>\n<li><strong>Plastov\u00e9 f\u00f3lie a dosky<\/strong>\u00a0pou\u017e\u00edvan\u00e9 pri balen\u00ed a ochrane v\u00fdrobkov.<\/li>\n<li><strong>Kompozitn\u00e9 filmy a f\u00f3lie<\/strong>\u00a0vy\u017eaduj\u00face hodnotenie odolnosti proti n\u00e1razu.<\/li>\n<li><strong>Papierov\u00e9 materi\u00e1ly<\/strong>\u00a0vystaven\u00e9 manipula\u010dn\u00e9mu nam\u00e1haniu.<\/li>\n<\/ul>\n<h2><strong>V\u00fdhody n\u00e1razov\u00e9ho testera Dart Drop<\/strong><\/h2>\n<ul>\n<li><strong>Zlep\u0161en\u00e1 kontrola kvality<\/strong>: Pred pou\u017eit\u00edm zabezpe\u010duje, aby materi\u00e1ly sp\u013a\u0148ali normy odolnosti.<\/li>\n<li><strong>Vylep\u0161en\u00fd dizajn v\u00fdrobku<\/strong>: Poskytuje preh\u013ead o v\u00fdkonnosti materi\u00e1lu a pom\u00e1ha pri optim\u00e1lnom n\u00e1vrhu.<\/li>\n<li><strong>Efekt\u00edvnos\u0165 n\u00e1kladov<\/strong>: Zni\u017euje plytvanie materi\u00e1lom v\u010dasnou identifik\u00e1ciou slab\u00fdch miest.<\/li>\n<\/ul>\n<h2><strong>\u010casto kladen\u00e9 ot\u00e1zky o n\u00e1razovom teste Drop Dart<\/strong><\/h2>\n<ol>\n<li><strong>Pre\u010do je d\u00f4le\u017eit\u00fd n\u00e1razov\u00fd test kvapkou \u0161\u00edpky?<\/strong><br \/>\nUr\u010duje h\u00fa\u017eevnatos\u0165 materi\u00e1lov simul\u00e1ciou skuto\u010dn\u00fdch n\u00e1razov\u00fdch podmienok, \u010d\u00edm pom\u00e1ha zabezpe\u010di\u0165 spo\u013eahlivos\u0165 v\u00fdrobkov.<\/li>\n<li><strong>Ktor\u00e9 odvetvia profituj\u00fa z pou\u017e\u00edvania tohto testera?<\/strong><br \/>\nOdvetvia, ako s\u00fa obalov\u00fd, potravin\u00e1rsky, lek\u00e1rsky a farmaceutick\u00fd priemysel, profituj\u00fa z hodnotenia r\u00e1zovej pevnosti materi\u00e1lov.<\/li>\n<li><strong>Ak\u00fd v\u00fdznam m\u00e1 norma ASTM D1709?<\/strong><br \/>\n<a href=\"https:\/\/www.astm.org\/d1709-22.html\" target=\"_blank\" rel=\"nofollow noopener\">ASTM D1709<\/a> poskytuje \u0161tandardizovan\u00e9 postupy na vykon\u00e1vanie n\u00e1razov\u00fdch sk\u00fa\u0161ok kvapkou \u0161\u00edpky, \u010d\u00edm zabezpe\u010duje konzistentnos\u0165 a spo\u013eahlivos\u0165 v\u00fdsledkov.<\/li>\n<li><strong>Ako funguje pneumatick\u00fd up\u00ednac\u00ed syst\u00e9m?<\/strong><br \/>\nPneumatick\u00fd syst\u00e9m bezpe\u010dne dr\u017e\u00ed vzorku na mieste, \u010d\u00edm zabra\u0148uje jej pohybu po\u010das testovania a zabezpe\u010duje presn\u00e9 v\u00fdsledky.<\/li>\n<li><strong>Mo\u017eno v\u00fdsledky exportova\u0165 na \u010fal\u0161iu anal\u00fdzu?<\/strong><br \/>\n\u00c1no, tester obsahuje zabudovan\u00fa tla\u010diare\u0148 na okam\u017eit\u00e9 v\u00fdsledky a volite\u013en\u00fd softv\u00e9r na podrobn\u00fa spr\u00e1vu \u00fadajov.<\/li>\n<\/ol>","protected":false},"excerpt":{"rendered":"<p>Str\u00e1nka <strong>Tester n\u00e1razov vo\u013ene padaj\u00facich \u0161\u00edpok<\/strong> sa pou\u017e\u00edva na meranie odolnosti plastov\u00fdch f\u00f3li\u00ed, obalov\u00fdch materi\u00e1lov a in\u00fdch tenk\u00fdch materi\u00e1lov proti n\u00e1razu. Sk\u00fa\u0161kou sa ur\u010duje energia potrebn\u00e1 na sp\u00f4sobenie poruchy p\u00e1dom za\u0165a\u017eenej strely z ur\u010denej v\u00fd\u0161ky na materi\u00e1l. Vykon\u00e1va sa pod\u013ea noriem, ako napr. <strong>ASTM D1709<\/strong> a <strong>ISO 7765-1<\/strong>.<\/p>","protected":false},"featured_media":5961,"comment_status":"closed","ping_status":"closed","template":"","meta":{"site-sidebar-layout":"default","site-content-layout":"default","ast-global-header-display":"","ast-main-header-display":"","ast-hfb-above-header-display":"","ast-hfb-below-header-display":"","ast-hfb-mobile-header-display":"","site-post-title":"disabled","ast-breadcrumbs-content":"","ast-featured-img":"disabled","footer-sml-layout":"","theme-transparent-header-meta":"default","adv-header-id-meta":"","stick-header-meta":"","header-above-stick-meta":"","header-main-stick-meta":"","header-below-stick-meta":""},"product_cat":[845,684,44,149,16,111,169,95],"product_tag":[],"class_list":{"0":"post-2743","1":"product","2":"type-product","3":"status-publish","4":"has-post-thumbnail","6":"product_cat-customization","7":"product_cat-impact-tester","8":"product_cat-paper-and-board-testers","9":"product_cat-pharma-and-medical-testers","10":"product_cat-plastic-packaging-testers","11":"product_cat-astm-d1709","12":"product_cat-iso-7765-1","13":"product_cat-products","14":"desktop-align-left","15":"tablet-align-left","16":"mobile-align-left","18":"first","19":"instock","20":"shipping-taxable","21":"product-type-simple"},"_links":{"self":[{"href":"https:\/\/www.qualitester.com\/sk\/wp-json\/wp\/v2\/product\/2743","targetHints":{"allow":["GET"]}}],"collection":[{"href":"https:\/\/www.qualitester.com\/sk\/wp-json\/wp\/v2\/product"}],"about":[{"href":"https:\/\/www.qualitester.com\/sk\/wp-json\/wp\/v2\/types\/product"}],"replies":[{"embeddable":true,"href":"https:\/\/www.qualitester.com\/sk\/wp-json\/wp\/v2\/comments?post=2743"}],"version-history":[{"count":0,"href":"https:\/\/www.qualitester.com\/sk\/wp-json\/wp\/v2\/product\/2743\/revisions"}],"wp:featuredmedia":[{"embeddable":true,"href":"https:\/\/www.qualitester.com\/sk\/wp-json\/wp\/v2\/media\/5961"}],"wp:attachment":[{"href":"https:\/\/www.qualitester.com\/sk\/wp-json\/wp\/v2\/media?parent=2743"}],"wp:term":[{"taxonomy":"product_cat","embeddable":true,"href":"https:\/\/www.qualitester.com\/sk\/wp-json\/wp\/v2\/product_cat?post=2743"},{"taxonomy":"product_tag","embeddable":true,"href":"https:\/\/www.qualitester.com\/sk\/wp-json\/wp\/v2\/product_tag?post=2743"}],"curies":[{"name":"wp","href":"https:\/\/api.w.org\/{rel}","templated":true}]}}