{"id":2525,"date":"2023-06-21T13:51:49","date_gmt":"2023-06-21T05:51:49","guid":{"rendered":"https:\/\/www.qualitester.com\/?post_type=product&#038;p=2525"},"modified":"2024-12-05T13:11:38","modified_gmt":"2024-12-05T05:11:38","slug":"per-01-glass-bottle-verticality-testing-machine","status":"publish","type":"product","link":"https:\/\/www.qualitester.com\/sk\/produkt-2\/per-01-glass-bottle-verticality-testing-machine\/","title":{"rendered":"PER-01 Tester kolmosti flia\u0161"},"content":{"rendered":"<h2>Zavedenie produktu Tester kolmosti flia\u0161<\/h2>\n<p>V spolo\u010dnosti Cell Instruments sa \u0161pecializujeme na poskytovanie vysokokvalitn\u00fdch pr\u00edstrojov na testovanie materi\u00e1lov pre r\u00f4zne priemyseln\u00e9 odvetvia. Na\u0161e <strong><em><span style=\"text-decoration: underline;\">Tester kolmosti flia\u0161<\/span><\/em><\/strong> je najmodernej\u0161ie zariadenie ur\u010den\u00e9 na zabezpe\u010denie presnej kolmosti flia\u0161, ktor\u00e1 je rozhoduj\u00faca pre zachovanie celistvosti a kvality f\u013ea\u0161ovan\u00fdch v\u00fdrobkov. Tento pr\u00edstroj je nevyhnutn\u00fd pre priemyseln\u00e9 odvetvia, ako je balenie, potravin\u00e1rsky a n\u00e1pojov\u00fd priemysel, farmaceutick\u00fd priemysel a agent\u00fary na kontrolu kvality. V\u010faka svojim pokro\u010dil\u00fdm funkci\u00e1m a zhode s normami ISO 9008 je tester kolmosti flia\u0161 cenn\u00fdm n\u00e1strojom pre ka\u017ed\u00fd proces kontroly kvality.<\/p>\n<p><img fetchpriority=\"high\" decoding=\"async\" class=\"wp-image-4283 aligncenter\" src=\"https:\/\/www.qualitester.com\/wp-content\/uploads\/2023\/06\/PER-01-Bottle-Perpendicularity-Tester-2.png\" alt=\"Tester kolmosti flia\u0161\" width=\"500\" height=\"540\" srcset=\"https:\/\/www.qualitester.com\/wp-content\/uploads\/2023\/06\/PER-01-Bottle-Perpendicularity-Tester-2.png 2426w, https:\/\/www.qualitester.com\/wp-content\/uploads\/2023\/06\/PER-01-Bottle-Perpendicularity-Tester-2-278x300.png 278w, https:\/\/www.qualitester.com\/wp-content\/uploads\/2023\/06\/PER-01-Bottle-Perpendicularity-Tester-2-949x1024.png 949w, https:\/\/www.qualitester.com\/wp-content\/uploads\/2023\/06\/PER-01-Bottle-Perpendicularity-Tester-2-768x829.png 768w, https:\/\/www.qualitester.com\/wp-content\/uploads\/2023\/06\/PER-01-Bottle-Perpendicularity-Tester-2-1423x1536.png 1423w, https:\/\/www.qualitester.com\/wp-content\/uploads\/2023\/06\/PER-01-Bottle-Perpendicularity-Tester-2-1898x2048.png 1898w, https:\/\/www.qualitester.com\/wp-content\/uploads\/2023\/06\/PER-01-Bottle-Perpendicularity-Tester-2-600x647.png 600w\" sizes=\"(max-width: 500px) 100vw, 500px\" \/><\/p>\n<h2><strong>K\u013e\u00fa\u010dov\u00e9 vlastnosti<\/strong><\/h2>\n<h3>1. Pohodln\u00e9 nastavenie sondy<\/h3>\n<p>Tester kolmosti flia\u0161 je vybaven\u00fd vysoko nastavite\u013enou sondou, ktor\u00e1 umo\u017e\u0148uje jednoduch\u00e9 a presn\u00e9 zarovnanie s f\u013ea\u0161ou. T\u00e1to funkcia zabezpe\u010duje konzistentn\u00e9 a presn\u00e9 merania, \u010d\u00edm sa zni\u017euje pravdepodobnos\u0165 ch\u00fdb.<\/p>\n<h3>2. V\u00fdnimo\u010dn\u00e1 presnos\u0165 \u010d\u00edtania<\/h3>\n<p>Pri kontrole kvality je najd\u00f4le\u017eitej\u0161ia presnos\u0165 a n\u00e1\u0161 tester poskytuje v\u00fdnimo\u010dn\u00fa presnos\u0165. Poskytuje ve\u013emi presn\u00e9 merania kolmosti flia\u0161, \u010d\u00edm zabezpe\u010duje, \u017ee ka\u017ed\u00e1 f\u013ea\u0161a sp\u013a\u0148a po\u017eadovan\u00e9 \u0161pecifik\u00e1cie a normy.<\/p>\n<h3>3. D\u00f4sledn\u00e1 rot\u00e1cia vzoriek<\/h3>\n<p>Na zabezpe\u010denie rovnomern\u00e9ho testovania je tester kolmosti flia\u0161 vybaven\u00fd funkciou konzistentn\u00e9ho ot\u00e1\u010dania vzorky. T\u00fdm sa zabezpe\u010d\u00ed, \u017ee f\u013ea\u0161a sa meria v r\u00f4znych bodoch, \u010do poskytuje komplexn\u00e9 pos\u00fadenie jej kolmosti.<\/p>\n<h3>4. Dodr\u017eiavanie \u0161pecifik\u00e1ci\u00ed vzorky<\/h3>\n<p>Tester pr\u00edsne dodr\u017eiava \u0161pecifik\u00e1cie vzoriek a zabezpe\u010duje, aby v\u0161etky merania boli v s\u00falade s priemyseln\u00fdmi normami. To je d\u00f4le\u017eit\u00e9 najm\u00e4 z h\u013eadiska dodr\u017eiavania normy ISO 9008, ktor\u00e1 \u0161pecifikuje po\u017eiadavky na obalov\u00e9 materi\u00e1ly a obaly.<\/p>\n<h3>5. Volite\u013en\u00fd export \u00fadajov do programu Excel<\/h3>\n<p>Na lep\u0161iu spr\u00e1vu \u00fadajov pon\u00faka tester kolmosti flia\u0161 volite\u013en\u00fa funkciu exportu \u00fadajov. T\u00e1 umo\u017e\u0148uje pou\u017e\u00edvate\u013eom exportova\u0165 v\u00fdsledky testov priamo do programu PC Excel, \u010do u\u013eah\u010duje anal\u00fdzu \u00fadajov a ich vykazovanie.<\/p>\n<h2>Met\u00f3dy testovania<\/h2>\n<h3>Princ\u00edp fungovania<\/h3>\n<p>Tester kolmosti flia\u0161 funguje na z\u00e1klade merania odch\u00fdlky vertik\u00e1lnej osi f\u013ea\u0161e od jej skuto\u010dnej kolmej polohy. Dosahuje sa to pomocou presnej sondy, ktor\u00e1 sa dot\u00fdka f\u013ea\u0161e v ur\u010dit\u00fdch bodoch, a rota\u010dn\u00e9ho mechanizmu, ktor\u00fd zabezpe\u010duje komplexn\u00e9 meranie.<\/p>\n<div class=\"ast-oembed-container\" style=\"height: 100%;\"><iframe title=\"Tester kolmosti PET flia\u0161 a plechoviek PER-01\" width=\"500\" height=\"281\" src=\"https:\/\/www.youtube.com\/embed\/MEJYiFl7Pzo?feature=oembed\" frameborder=\"0\" allow=\"accelerometer; autoplay; clipboard-write; encrypted-media; gyroscope; picture-in-picture; web-share\" referrerpolicy=\"strict-origin-when-cross-origin\" allowfullscreen><\/iframe><\/div>\n<h3>Nastavenie a kalibr\u00e1cia<\/h3>\n<p>Nastavenie testera kolmosti flia\u0161 je jednoduch\u00e9. Za\u010dnite umiestnen\u00edm testera na stabiln\u00fd povrch a jeho pripojen\u00edm k zdroju nap\u00e1jania. Kalibrujte zariadenie nastaven\u00edm sondy na zn\u00e1my \u0161tandard, \u010d\u00edm zabezpe\u010d\u00edte presnos\u0165 meran\u00ed.<\/p>\n<h3>Postup testovania<\/h3>\n<ol>\n<li><strong>Pr\u00edprava vzorky:<\/strong> Uistite sa, \u017ee je f\u013ea\u0161a \u010dist\u00e1 a nie s\u00fa v nej \u017eiadne prek\u00e1\u017eky.<\/li>\n<li><strong>Umiestnenie f\u013ea\u0161e:<\/strong> Umiestnite f\u013ea\u0161u na ur\u010den\u00e9 miesto na testeri a zaistite, aby bola bezpe\u010dn\u00e1.<\/li>\n<li><strong>Vykonanie testu:<\/strong> Aktiv\u00e1ciou testera spustite proces merania. Sonda sa dotkne f\u013ea\u0161e a ot\u00e1\u010dac\u00ed mechanizmus zabezpe\u010d\u00ed viacero bodov merania.<\/li>\n<li><strong>Interpret\u00e1cia v\u00fdsledkov:<\/strong> Tester zobraz\u00ed v\u00fdsledky a uvedie v\u0161etky odch\u00fdlky od kolmosti.<\/li>\n<\/ol>\n<h2>S\u00falad s normou ISO 9008<\/h2>\n<p>ISO 9008 je medzin\u00e1rodn\u00e1 norma, ktor\u00e1 \u0161pecifikuje po\u017eiadavky na syst\u00e9my mana\u017e\u00e9rstva kvality, najm\u00e4 so zameran\u00edm na obalov\u00fd a prepravn\u00fd priemysel. Stanovuje krit\u00e9ri\u00e1 na zabezpe\u010denie toho, aby obalov\u00e9 materi\u00e1ly a obaly sp\u013a\u0148ali \u0161pecifick\u00e9 normy kvality a bezpe\u010dnosti.<\/p>\n<h2>Aplik\u00e1cie<\/h2>\n<h3>1. Obalov\u00fd priemysel<\/h3>\n<p>V obalovom priemysle je zabezpe\u010denie kolmosti flia\u0161 nevyhnutn\u00e9 na efekt\u00edvne balenie a prepravu. Tester kolmosti flia\u0161 pom\u00e1ha udr\u017eiava\u0165 rovnomernos\u0165, \u010d\u00edm zni\u017euje riziko po\u0161kodenia po\u010das manipul\u00e1cie a prepravy.<\/p>\n<h3>2. Potravin\u00e1rsky a n\u00e1pojov\u00fd priemysel<\/h3>\n<p>V potravin\u00e1rskom a n\u00e1pojovom priemysle je kolmos\u0165 flia\u0161 rozhoduj\u00faca pre zachovanie integrity a vzh\u013eadu v\u00fdrobku. N\u00e1\u0161 tester zabezpe\u010duje, aby boli f\u013ea\u0161e spr\u00e1vne zarovnan\u00e9, \u010d\u00edm sa predch\u00e1dza \u00fanikom a rozliatiu, ktor\u00e9 by mohli ohrozi\u0165 kvalitu v\u00fdrobku.<\/p>\n<h3>3. Farmaceutick\u00fd priemysel<\/h3>\n<p>Vo farmaceutickom priemysle je presnos\u0165 kolmosti flia\u0161 nevyhnutn\u00e1 na zachovanie integrity liekov. N\u00e1\u0161 tester zabezpe\u010duje, aby f\u013ea\u0161e sp\u013a\u0148ali pr\u00edsne normy kvality a chr\u00e1nili \u00fa\u010dinnos\u0165 obsahu.<\/p>\n<h3>4. Agent\u00fary na kontrolu kvality<\/h3>\n<p>Agent\u00fary na kontrolu kvality sa spoliehaj\u00fa na presn\u00e9 merania pri osved\u010dovan\u00ed zhody v\u00fdrobkov s priemyseln\u00fdmi normami. Tester kolmosti flia\u0161 poskytuje presnos\u0165 a spo\u013eahlivos\u0165 potrebn\u00fa na d\u00f4kladn\u00e9 pos\u00fadenie kvality.<\/p>\n<h2>Prisp\u00f4sobenie<\/h2>\n<p>V spolo\u010dnosti Cell Instruments si uvedomujeme, \u017ee r\u00f4zne odvetvia maj\u00fa jedine\u010dn\u00e9 po\u017eiadavky na testovanie. N\u00e1\u0161 tester kolmosti flia\u0161 je mo\u017en\u00e9 prisp\u00f4sobi\u0165 \u0161pecifick\u00fdm potreb\u00e1m a zabezpe\u010di\u0165 tak presn\u00e9 merania po\u017eadovan\u00e9 pre va\u0161e v\u00fdrobky.<\/p>\n<h2><strong>V\u00fdhody<\/strong><\/h2>\n<h3>Zabezpe\u010denie kvality<\/h3>\n<p>Zaisten\u00edm presnej kolmosti flia\u0161 n\u00e1\u0161 tester zvy\u0161uje kvalitu v\u00fdrobkov a bezpe\u010dnos\u0165 spotrebite\u013eov. To je ve\u013emi d\u00f4le\u017eit\u00e9 pre udr\u017eanie dobr\u00e9ho mena zna\u010dky a spokojnosti z\u00e1kazn\u00edkov.<\/p>\n<h3>Efekt\u00edvnos\u0165 n\u00e1kladov<\/h3>\n<p>Presn\u00e9 meranie kolmosti zni\u017euje mno\u017estvo odpadu a zvy\u0161uje efektivitu v\u00fdroby. V\u010faka v\u010dasnej identifik\u00e1cii a korekcii odch\u00fdlok pom\u00e1ha n\u00e1\u0161 tester minimalizova\u0165 n\u00e1klady na materi\u00e1l a prestoje vo v\u00fdrobe.<\/p>\n<h3>Dodr\u017eiavanie predpisov<\/h3>\n<p>Dodr\u017eiavanie priemyseln\u00fdch noriem a predpisov je nevyhnutn\u00e9 pre obchodn\u00fd \u00faspech. N\u00e1\u0161 tester kolmosti flia\u0161 zaru\u010duje, \u017ee va\u0161e v\u00fdrobky s\u00fa v s\u00falade s normou ISO 9008 a \u010fal\u0161\u00edmi pr\u00edslu\u0161n\u00fdmi normami, \u010d\u00edm sa zni\u017euje riziko probl\u00e9mov s nedodr\u017ean\u00edm predpisov.<\/p>\n<p><em><span style=\"text-decoration: underline;\"><strong><a href=\"https:\/\/www.qualitester.com\/sk\/produkt-2\/why-measuring-bottle-perpendicularity-is-important%ef%bc%9f\/\" target=\"_blank\" rel=\"noopener\">Pre\u010do je d\u00f4le\u017eit\u00e9 mera\u0165 kolmos\u0165 f\u013ea\u0161e?<\/a><\/strong><\/span><\/em><\/p>\n<h2>\u010cASTO KLADEN\u00c9 OT\u00c1ZKY<\/h2>\n<ol>\n<li><strong>\u010co je to kolmos\u0165 f\u013ea\u0161e?<\/strong>\n<ul>\n<li>Kolmos\u0165 f\u013ea\u0161e sa vz\u0165ahuje na vyrovnanie vertik\u00e1lnej osi f\u013ea\u0161e s jej skuto\u010dnou kolmou polohou. Je nevyhnutn\u00e1 na zabezpe\u010denie stability a bezpe\u010dnosti flia\u0161.<\/li>\n<\/ul>\n<\/li>\n<li><strong>Ako funguje tester kolmosti flia\u0161?<\/strong>\n<ul>\n<li>Tester meria odch\u00fdlku vertik\u00e1lnej osi f\u013ea\u0161e od jej skuto\u010dnej kolmej polohy pomocou presnej sondy a rota\u010dn\u00e9ho mechanizmu na komplexn\u00e9 pos\u00fadenie.<\/li>\n<\/ul>\n<\/li>\n<li><strong>Pre\u010do je d\u00f4le\u017eit\u00e1 kolmos\u0165 f\u013ea\u0161e?<\/strong>\n<ul>\n<li>Zabezpe\u010denie kolmosti flia\u0161 je k\u013e\u00fa\u010dov\u00e9 pre zachovanie kvality v\u00fdrobku, zabr\u00e1nenie \u00faniku a rozliatiu a zabezpe\u010denie efekt\u00edvneho balenia a prepravy.<\/li>\n<\/ul>\n<\/li>\n<li><strong>D\u00e1 sa tester prisp\u00f4sobi\u0165 \u0161pecifick\u00fdm potreb\u00e1m?<\/strong>\n<ul>\n<li>\u00c1no, tester kolmosti flia\u0161 je mo\u017en\u00e9 prisp\u00f4sobi\u0165 tak, aby sp\u013a\u0148al \u0161pecifick\u00e9 po\u017eiadavky na testovanie, \u010d\u00edm sa zabezpe\u010d\u00ed, \u017ee bude poskytova\u0165 presn\u00e9 merania potrebn\u00e9 pre va\u0161e v\u00fdrobky.<\/li>\n<\/ul>\n<\/li>\n<li><strong>Pre ktor\u00e9 odvetvia je v\u00fdhodn\u00e9 pou\u017e\u00edva\u0165 tester kolmosti flia\u0161?<\/strong>\n<ul>\n<li>Odvetvia ako balenie, potraviny a n\u00e1poje, farmaceutick\u00fd priemysel a agent\u00fary na kontrolu kvality vyu\u017e\u00edvaj\u00fa tester na zabezpe\u010denie kvality v\u00fdrobkov a s\u00faladu s priemyseln\u00fdmi normami.<\/li>\n<\/ul>\n<\/li>\n<\/ol>\n<h2>S\u00favisiaci \u010dl\u00e1nok<\/h2>\n<p><a href=\"https:\/\/www.qualitester.com\/sk\/produkt-2\/why-measuring-bottle-perpendicularity-is-important%ef%bc%9f\/\" target=\"_blank\" rel=\"noopener\">Kolmos\u0165 f\u013ea\u0161e<\/a><\/p>\n<p><a href=\"https:\/\/www.qualitester.com\/sk\/beverage-bottle-perpendicularity-tester\/\" target=\"_blank\" rel=\"noopener\">Tester kolmosti flia\u0161<\/a><\/p>\n<p><a href=\"https:\/\/www.qualitester.com\/sk\/plastic-bottle-perpendicularity-test-iso-9008\/\" target=\"_blank\" rel=\"noopener\">Test kolmosti f\u013ea\u0161e<\/a><\/p>\n<p><a href=\"https:\/\/www.qualitester.com\/sk\/important-glass-bottle-perpendicularity-test\/\" target=\"_blank\" rel=\"noopener\">Test kolmosti sklenen\u00fdch flia\u0161<\/a><\/p>","protected":false},"excerpt":{"rendered":"<p><strong><em><span style=\"text-decoration: underline;\">Tester kolmosti flia\u0161<\/span><\/em><\/strong> je najmodernej\u0161ie zariadenie ur\u010den\u00e9 na zabezpe\u010denie presnej kolmosti flia\u0161, ktor\u00e1 je rozhoduj\u00faca pre zachovanie celistvosti a kvality plnen\u00fdch v\u00fdrobkov. V\u010faka svojim pokro\u010dil\u00fdm funkci\u00e1m a zhode s normami ISO 9008 je tester kolmosti flia\u0161 cenn\u00fdm n\u00e1strojom pre ka\u017ed\u00fd proces kontroly kvality.<\/p>","protected":false},"featured_media":6233,"comment_status":"closed","ping_status":"closed","template":"","meta":{"site-sidebar-layout":"default","site-content-layout":"default","ast-global-header-display":"","ast-main-header-display":"","ast-hfb-above-header-display":"","ast-hfb-below-header-display":"","ast-hfb-mobile-header-display":"","site-post-title":"disabled","ast-breadcrumbs-content":"","ast-featured-img":"disabled","footer-sml-layout":"","theme-transparent-header-meta":"default","adv-header-id-meta":"","stick-header-meta":"","header-above-stick-meta":"","header-main-stick-meta":"","header-below-stick-meta":""},"product_cat":[845,1136,17,149,16,95],"product_tag":[],"class_list":{"0":"post-2525","1":"product","2":"type-product","3":"status-publish","4":"has-post-thumbnail","6":"product_cat-customization","7":"product_cat-iso-9008","8":"product_cat-package-container-testers","9":"product_cat-pharma-and-medical-testers","10":"product_cat-plastic-packaging-testers","11":"product_cat-products","12":"desktop-align-left","13":"tablet-align-left","14":"mobile-align-left","16":"first","17":"instock","18":"shipping-taxable","19":"product-type-simple"},"_links":{"self":[{"href":"https:\/\/www.qualitester.com\/sk\/wp-json\/wp\/v2\/product\/2525","targetHints":{"allow":["GET"]}}],"collection":[{"href":"https:\/\/www.qualitester.com\/sk\/wp-json\/wp\/v2\/product"}],"about":[{"href":"https:\/\/www.qualitester.com\/sk\/wp-json\/wp\/v2\/types\/product"}],"replies":[{"embeddable":true,"href":"https:\/\/www.qualitester.com\/sk\/wp-json\/wp\/v2\/comments?post=2525"}],"version-history":[{"count":0,"href":"https:\/\/www.qualitester.com\/sk\/wp-json\/wp\/v2\/product\/2525\/revisions"}],"wp:featuredmedia":[{"embeddable":true,"href":"https:\/\/www.qualitester.com\/sk\/wp-json\/wp\/v2\/media\/6233"}],"wp:attachment":[{"href":"https:\/\/www.qualitester.com\/sk\/wp-json\/wp\/v2\/media?parent=2525"}],"wp:term":[{"taxonomy":"product_cat","embeddable":true,"href":"https:\/\/www.qualitester.com\/sk\/wp-json\/wp\/v2\/product_cat?post=2525"},{"taxonomy":"product_tag","embeddable":true,"href":"https:\/\/www.qualitester.com\/sk\/wp-json\/wp\/v2\/product_tag?post=2525"}],"curies":[{"name":"wp","href":"https:\/\/api.w.org\/{rel}","templated":true}]}}