{"id":2371,"date":"2023-06-02T13:53:04","date_gmt":"2023-06-02T05:53:04","guid":{"rendered":"https:\/\/www.qualitester.com\/?post_type=product&#038;p=2371"},"modified":"2024-11-27T16:45:32","modified_gmt":"2024-11-27T08:45:32","slug":"hst-01-flexible-packaging-material-heat-sealing-data-testing-machine","status":"publish","type":"product","link":"https:\/\/www.qualitester.com\/sk\/produkt-2\/hst-01-flexible-packaging-material-heat-sealing-data-testing-machine\/","title":{"rendered":"HST-02 Tester tepeln\u00e9ho tesnenia"},"content":{"rendered":"<h2><strong>\u00davod do testera tepeln\u00e9ho tesnenia pre obaly<\/strong><\/h2>\n<p>Str\u00e1nka <strong>Tester tepeln\u00e9ho tesnenia pre obaly<\/strong> je z\u00e1kladn\u00fdm n\u00e1strojom na testovanie tepelnej tesnosti r\u00f4znych obalov\u00fdch materi\u00e1lov, ako s\u00fa flexibiln\u00e9 f\u00f3lie, lamin\u00e1ty, polym\u00e9ry a kompozity. Tento laborat\u00f3rny pr\u00edstroj je navrhnut\u00fd tak, aby simuloval skuto\u010dn\u00fd proces tesnenia, \u010do umo\u017e\u0148uje v\u00fdrobcom zabezpe\u010di\u0165 pevnos\u0165, spo\u013eahlivos\u0165 a funk\u010dnos\u0165 ich obalov\u00fdch tesnen\u00ed. \u00da\u010dinn\u00e9 tepeln\u00e9 tesnenie je nevyhnutn\u00e9 na zabezpe\u010denie integrity obalov potrav\u00edn, zdravotn\u00edckych, farmaceutick\u00fdch a spotrebn\u00fdch v\u00fdrobkov, kde zlyhanie obalu m\u00f4\u017ee vies\u0165 k ohrozeniu bezpe\u010dnosti, trvanlivosti a pou\u017eite\u013enosti v\u00fdrobku.<\/p>\n<p>Tester tepeln\u00e9ho tesnenia reprodukuje k\u013e\u00fa\u010dov\u00e9 parametre tepeln\u00e9ho tesnenia, konkr\u00e9tne \u010das, teplotu a tlak, aby simuloval skuto\u010dn\u00e9 podmienky balenia. To pom\u00e1ha v\u00fdrobcom overi\u0165, \u010di s\u00fa ich materi\u00e1ly schopn\u00e9 dosiahnu\u0165 potrebn\u00fa pevnos\u0165 tesnenia na zabezpe\u010denie vzduchotesn\u00e9ho, odoln\u00e9ho a trvanliv\u00e9ho tesnenia.<\/p>\n<h2><strong><a href=\"https:\/\/www.astm.org\/f2029-16r21.html\" target=\"_blank\" rel=\"noopener nofollow\">ASTM F2029<\/a>: Norma pre sk\u00fa\u0161ky tepelnej tesnosti<\/strong><\/h2>\n<p><strong><a href=\"https:\/\/www.qualitester.com\/sk\/kategoria-produktu\/astm\/astm-f2029\/\" target=\"_blank\" rel=\"noopener\">ASTM F2029<\/a>-16(2021)<\/strong> \u2013 <strong>\u0160tandardn\u00e9 postupy na zhotovovanie laborat\u00f3rnych tepeln\u00fdch tesnen\u00ed na stanovenie tepelnej tesnosti pru\u017en\u00fdch bari\u00e9rov\u00fdch materi\u00e1lov meranej pevnos\u0165ou tesnenia<\/strong> - je k\u013e\u00fa\u010dov\u00fdm priemyseln\u00fdm \u0161tandardom na testovanie tepelnej tesnosti flexibiln\u00fdch obalov\u00fdch materi\u00e1lov. V tejto norme s\u00fa uveden\u00e9 postupy a podmienky, za ktor\u00fdch by sa mali laborat\u00f3rne tepeln\u00e9 uz\u00e1very vykon\u00e1va\u0165 s cie\u013eom vyhodnoti\u0165 pevnos\u0165 a trvanlivos\u0165 uz\u00e1verov. Dodr\u017eiavan\u00edm tejto normy m\u00f4\u017eu v\u00fdrobcovia zabezpe\u010di\u0165, aby ich v\u00fdrobky sp\u013a\u0148ali po\u017eadovan\u00e9 \u0161pecifik\u00e1cie obalov.<\/p>\n<p><strong>K\u013e\u00fa\u010dov\u00e9 aspekty normy ASTM F2029<\/strong>:<\/p>\n<ul>\n<li><strong>Meranie pevnosti tesnenia<\/strong>: Norma ASTM F2029 sa zameriava na stanovenie pevnosti tepeln\u00fdch uz\u00e1verov, ktor\u00e1 je nevyhnutn\u00e1 pre ochranu a trvanlivos\u0165 v\u00fdrobku. Pom\u00e1ha pos\u00fadi\u0165, \u010di obal vydr\u017e\u00ed za\u0165a\u017eenie po\u010das prepravy, skladovania a manipul\u00e1cie.<\/li>\n<li><strong>Metodika testovania<\/strong>: Norma \u0161pecifikuje kontrolovan\u00e9 pou\u017eitie \u010dasu, teploty a tlaku po\u010das procesu pe\u010datenia s cie\u013eom presne simulova\u0165 podmienky balenia.<\/li>\n<li><strong>Rozsah p\u00f4sobnosti<\/strong>: T\u00e1to norma sa vz\u0165ahuje na r\u00f4zne priemyseln\u00e9 odvetvia vr\u00e1tane potravin\u00e1rskeho, farmaceutick\u00e9ho, zdravotn\u00edckeho a \u010fal\u0161\u00edch, v ktor\u00fdch je obal rozhoduj\u00faci pre bezpe\u010dnos\u0165 v\u00fdrobku.<\/li>\n<\/ul>\n<h2><strong>Technick\u00e9 vlastnosti HST-02 Heat Seal Tester<\/strong><\/h2>\n<p>Str\u00e1nka <strong>HST-02 Tester tepeln\u00e9ho tesnenia<\/strong> je prec\u00edzne skon\u0161truovan\u00fd tak, aby poskytoval vysoko v\u00fdkonn\u00e9 tesniace schopnosti. Tento kompaktn\u00fd a spo\u013eahliv\u00fd pr\u00edstroj je navrhnut\u00fd tak, aby presne simuloval proces tepeln\u00e9ho pe\u010datenia, \u010do z neho rob\u00ed cenn\u00fd n\u00e1stroj pre t\u00edmy zabezpe\u010duj\u00face kvalitu.<\/p>\n<ol>\n<li><strong>Hlin\u00edkov\u00e9 tesniace \u010de\u013euste<\/strong>:<br \/>\nHorn\u00e1 a doln\u00e1 tesniaca \u010de\u013eus\u0165 s\u00fa vyroben\u00e9 z hlin\u00edka, aby sa minimalizovali tepeln\u00e9 straty a zabezpe\u010dila sa rovnomernos\u0165 teploty po\u010das tesnenia. To pom\u00e1ha udr\u017eiava\u0165 konzistentn\u00fd a efekt\u00edvny proces tesnenia.<\/li>\n<li><strong>PID regul\u00e1tor teploty<\/strong>:<br \/>\nHST-02 je vybaven\u00fd proporcion\u00e1lnym integr\u00e1lnym deriva\u010dn\u00fdm (PID) regul\u00e1torom teploty, ktor\u00fd zabezpe\u010duje presn\u00fa a stabiln\u00fa regul\u00e1ciu teploty, \u010do vedie k presnej kontrole procesu tesnenia.<\/li>\n<li><strong>Synchronizovan\u00fd \u010dasova\u010d a pohyb \u010de\u013euste<\/strong>:<br \/>\nTester je vybaven\u00fd presnou synchroniz\u00e1ciou medzi \u010dasova\u010dom a pohybom \u010de\u013euste. T\u00fdm sa zabezpe\u010d\u00ed spr\u00e1vne p\u00f4sobenie tesniaceho tlaku a \u010dasu na vzorku, \u010do vedie k presn\u00fdm a opakovate\u013en\u00fdm podmienkam testovania.<\/li>\n<li><strong>Kontrola tlaku<\/strong>:<br \/>\nTrojcestne veden\u00e1 tesniaca li\u0161ta udr\u017eiava st\u00e1ly tesniaci tlak, \u010do umo\u017e\u0148uje rovnomern\u00e9 pou\u017eitie v \u0161irokom rozsahu materi\u00e1lov. V\u010faka tomu sa integrita tesnenia testuje v re\u00e1lnych podmienkach.<\/li>\n<li><strong>Bezpe\u010dnostn\u00e9 funkcie<\/strong>:<br \/>\nHST-02 uprednost\u0148uje bezpe\u010dnos\u0165 pou\u017e\u00edvate\u013ea v\u010faka predn\u00e9mu krytu proti pop\u00e1leniu, ktor\u00fd zabra\u0148uje pop\u00e1leniu, ako aj v\u010faka mo\u017enostiam manu\u00e1lneho a no\u017en\u00e9ho sp\u00edna\u010da na bezpe\u010dn\u00fa a jednoduch\u00fa obsluhu.<\/li>\n<\/ol>\n<h2><strong>Proces testovania a metodika<\/strong><\/h2>\n<p>Proces tepeln\u00e9ho tesnenia pomocou <strong>HST-02 Tester tepeln\u00e9ho tesnenia<\/strong> postupuje pod\u013ea jednoduchej postupnosti krokov, ktor\u00e9 starostlivo kop\u00edruj\u00fa podmienky potrebn\u00e9 na \u00fa\u010dinn\u00e9 utesnenie obalov:<\/p>\n<ol>\n<li><strong>Umiestnenie vzorky<\/strong>:<br \/>\nUmiestnite sk\u00fa\u0161obn\u00fa vzorku (zvy\u010dajne f\u00f3liu alebo kompozitn\u00fd materi\u00e1l) medzi dve paraleln\u00e9 tesniace \u010de\u013euste.<\/li>\n<li><strong>Nastavenie teploty a tlaku<\/strong>:<br \/>\nNastavte po\u017eadovan\u00fa teplotu, \u010das a tlak tesnenia na z\u00e1klade \u0161pecifik\u00e1ci\u00ed materi\u00e1lu a podmienok uveden\u00fdch v norme ASTM F2029.<\/li>\n<li><strong>Proces tesnenia<\/strong>:<br \/>\nKe\u010f syst\u00e9m dosiahne rovnov\u00e1hu, horn\u00e1 tesniaca \u010de\u013eus\u0165, ovl\u00e1dan\u00e1 plynov\u00fdm valcom, sa zatla\u010d\u00ed nadol, aby na materi\u00e1l p\u00f4sobil tlak po\u010das nastaven\u00e9ho \u010dasu.<\/li>\n<li><strong>Koniec testu<\/strong>:<br \/>\nPo uplynut\u00ed nastaven\u00e9ho \u010dasu tesnenia sa horn\u00e1 tesniaca \u010de\u013eus\u0165 vr\u00e1ti do p\u00f4vodnej polohy a pevnos\u0165 tesnenia sa vyhodnot\u00ed pomocou r\u00f4znych testovac\u00edch met\u00f3d.<\/li>\n<\/ol>\n<h2><strong>Hodnotenie pevnosti tepeln\u00e9ho tesnenia<\/strong><\/h2>\n<p>Po dokon\u010den\u00ed procesu tepeln\u00e9ho tesnenia sa vyhodnot\u00ed pevnos\u0165 tesnenia, aby sa zabezpe\u010dila jeho neporu\u0161enos\u0165 a trvanlivos\u0165. Met\u00f3dy hodnotenia m\u00f4\u017eu zah\u0155\u0148a\u0165:<\/p>\n<ul>\n<li><strong>Testy kontinuity tesnenia<\/strong>:<br \/>\nTieto testy, ako napr\u00edklad testovanie \u00faniku vzduchu, penetr\u00e1cia farbivom a vizu\u00e1lna kontrola, zabezpe\u010duj\u00fa, \u017ee tesnenie je s\u00favisl\u00e9 a nem\u00e1 \u017eiadne slab\u00e9 miesta.<\/li>\n<li><strong>Mikrobiologick\u00e9 a bari\u00e9rov\u00e9 testovanie<\/strong>:<br \/>\n\u010eal\u0161ie testovanie m\u00f4\u017ee zah\u0155\u0148a\u0165 hodnotenie odolnosti materi\u00e1lu proti prenikaniu mikroorganizmov, \u010d\u00edm sa zabezpe\u010d\u00ed, \u017ee tesnenie poskytuje primeran\u00fa ochranu v\u00fdrobku vo vn\u00fatri.<\/li>\n<\/ul>\n<p>Str\u00e1nka <strong>HST-02 Tester tepeln\u00e9ho tesnenia<\/strong> pon\u00faka podrobn\u00e9 \u00fadaje, ktor\u00e9 v\u00fdrobcom pom\u00e1haj\u00fa pos\u00fadi\u0165, \u010di ich obalov\u00e9 materi\u00e1ly sp\u013a\u0148aj\u00fa priemyseln\u00e9 normy pre integritu a v\u00fdkonnos\u0165 obalov.<\/p>\n<h2><strong>Hlavn\u00e9 parametre HST-02 Heat Seal Tester<\/strong><\/h2>\n<table>\n<tbody>\n<tr>\n<td style=\"text-align: center;\" width=\"123\">Teplota tesnenia<\/td>\n<td style=\"text-align: center;\" width=\"126\">Okolit\u00e9 prostredie ~ 300 \u2103<\/td>\n<\/tr>\n<tr>\n<td style=\"text-align: center;\" width=\"123\">Odch\u00fdlka<\/td>\n<td style=\"text-align: center;\" width=\"126\">\u00b10.2\u2103<\/td>\n<\/tr>\n<tr>\n<td style=\"text-align: center;\" width=\"123\">\u010cas tesnenia<\/td>\n<td style=\"text-align: center;\" width=\"126\">0,1S~9999S<\/td>\n<\/tr>\n<tr>\n<td style=\"text-align: center;\" width=\"123\">Tesniaci tlak<\/td>\n<td style=\"text-align: center;\" width=\"126\">0,15 ~ 0,7 MPa<\/td>\n<\/tr>\n<tr>\n<td style=\"text-align: center;\" width=\"123\">\u010ce\u013euste tule\u0148ov<\/td>\n<td style=\"text-align: center;\" width=\"126\">330*10 mm D*\u0160<\/td>\n<\/tr>\n<tr>\n<td style=\"text-align: center;\" width=\"123\">Tlak plynu<\/td>\n<td style=\"text-align: center;\" width=\"126\">0,7 MPa<\/td>\n<\/tr>\n<tr>\n<td style=\"text-align: center;\" width=\"123\">Ve\u013ekos\u0165 pr\u00edstavu<\/td>\n<td style=\"text-align: center;\" width=\"126\">PU hadica s priemerom 6 mm<\/td>\n<\/tr>\n<tr>\n<td style=\"text-align: center;\" width=\"123\">Nap\u00e1janie<\/td>\n<td style=\"text-align: center;\" width=\"126\">AC 220V 50Hz<\/td>\n<\/tr>\n<\/tbody>\n<\/table>\n<p>Tieto parametre umo\u017e\u0148uj\u00fa testovanie \u0161irokej \u0161k\u00e1ly materi\u00e1lov za kontrolovan\u00fdch podmienok, \u010d\u00edm sa zabezpe\u010duj\u00fa konzistentn\u00e9 v\u00fdsledky pri r\u00f4znych baliacich aplik\u00e1ci\u00e1ch.<\/p>\n<h4><strong>V\u00fdhody pou\u017e\u00edvania HST-02 Heat Seal Tester<\/strong><\/h4>\n<ul>\n<li><strong>Presnos\u0165 a opakovate\u013enos\u0165<\/strong>: HST-02 je navrhnut\u00fd tak, aby poskytoval presn\u00e9 a reprodukovate\u013en\u00e9 v\u00fdsledky testov v\u010faka presnej kontrole kritick\u00fdch parametrov tesnenia.<\/li>\n<li><strong>V\u0161estrannos\u0165<\/strong>: Tester je vhodn\u00fd na pou\u017eitie s r\u00f4znymi materi\u00e1lmi a typmi obalov, od z\u00e1kladn\u00fdch plastov\u00fdch f\u00f3li\u00ed a\u017e po zlo\u017eit\u00e9 kompozitn\u00e9 materi\u00e1ly.<\/li>\n<li><strong>S\u00falad s priemyseln\u00fdmi normami<\/strong>: Plne vyhovuje norme ASTM F2029, \u010do zaru\u010duje, \u017ee v\u00fdsledky testov sp\u013a\u0148aj\u00fa priemyselne uzn\u00e1van\u00e9 krit\u00e9ri\u00e1 pevnosti tesnenia.<\/li>\n<li><strong>N\u00e1kladovo efekt\u00edvna kontrola kvality<\/strong>: Pom\u00e1ha v\u00fdrobcom identifikova\u0165 slab\u00e9 miesta v tesneniach obalov pred ich hromadnou v\u00fdrobou, \u010d\u00edm sa predch\u00e1dza n\u00e1kladn\u00fdm poruch\u00e1m obalov a strat\u00e1m v\u00fdrobkov.<\/li>\n<\/ul>\n<p>Str\u00e1nka <strong>HST-02 Tester tepeln\u00e9ho tesnenia pre obaly<\/strong> je d\u00f4le\u017eit\u00fdm n\u00e1strojom na zabezpe\u010denie kvality a spo\u013eahlivosti tepelne zataven\u00fdch obalov\u00fdch materi\u00e1lov. Replikovan\u00edm skuto\u010dn\u00fdch podmienok tesnenia umo\u017e\u0148uje HST-02 v\u00fdrobcom d\u00f4kladne otestova\u0165 schopnos\u0165 tepeln\u00e9ho tesnenia materi\u00e1lov a zabezpe\u010di\u0165, aby ich v\u00fdrobky sp\u013a\u0148ali potrebn\u00e9 normy pre pevnos\u0165 a integritu. Bez oh\u013eadu na to, \u010di pracujete v potravin\u00e1rskom, farmaceutickom alebo zdravotn\u00edckom priemysle, HST-02 v\u00e1m pom\u00f4\u017ee dosiahnu\u0165 najvy\u0161\u0161iu \u00farove\u0148 kvality a v\u00fdkonu obalov.<\/p>\n<p>Tento pr\u00edstroj je nevyhnutnou invest\u00edciou pre spolo\u010dnosti, ktor\u00fdch cie\u013eom je udr\u017eiava\u0165 kontrolu kvality, minimalizova\u0165 poruchy balenia a zlep\u0161i\u0165 celkov\u00fa bezpe\u010dnos\u0165 a trvanlivos\u0165 svojich v\u00fdrobkov.<\/p>","protected":false},"excerpt":{"rendered":"<p>Str\u00e1nka <strong>Tester tepeln\u00e9ho tesnenia pre obaly<\/strong> je z\u00e1kladn\u00fdm n\u00e1strojom na testovanie tepelnej tesnosti r\u00f4znych obalov\u00fdch materi\u00e1lov, ako s\u00fa flexibiln\u00e9 f\u00f3lie, lamin\u00e1ty, polym\u00e9ry a kompozity. Tento laborat\u00f3rny pr\u00edstroj je navrhnut\u00fd tak, aby simuloval skuto\u010dn\u00fd proces tesnenia, \u010do umo\u017e\u0148uje v\u00fdrobcom zabezpe\u010di\u0165 pevnos\u0165, spo\u013eahlivos\u0165 a funk\u010dnos\u0165 ich obalov\u00fdch tesnen\u00ed. \u00da\u010dinn\u00e9 tepeln\u00e9 tesnenie je nevyhnutn\u00e9 na zabezpe\u010denie integrity obalov potrav\u00edn, zdravotn\u00edckych, farmaceutick\u00fdch a spotrebn\u00fdch v\u00fdrobkov, kde zlyhanie obalu m\u00f4\u017ee vies\u0165 k ohrozeniu bezpe\u010dnosti, trvanlivosti a pou\u017eite\u013enosti v\u00fdrobku.<\/p>","protected":false},"featured_media":5905,"comment_status":"closed","ping_status":"closed","template":"","meta":{"site-sidebar-layout":"default","site-content-layout":"default","ast-global-header-display":"","ast-main-header-display":"","ast-hfb-above-header-display":"","ast-hfb-below-header-display":"","ast-hfb-mobile-header-display":"","site-post-title":"disabled","ast-breadcrumbs-content":"","ast-featured-img":"","footer-sml-layout":"","theme-transparent-header-meta":"default","adv-header-id-meta":"","stick-header-meta":"","header-above-stick-meta":"","header-main-stick-meta":"","header-below-stick-meta":""},"product_cat":[845,677,149,16,142,95],"product_tag":[],"class_list":{"0":"post-2371","1":"product","2":"type-product","3":"status-publish","4":"has-post-thumbnail","6":"product_cat-customization","7":"product_cat-heat-seal-tester","8":"product_cat-pharma-and-medical-testers","9":"product_cat-plastic-packaging-testers","10":"product_cat-astm-f2029","11":"product_cat-products","12":"desktop-align-left","13":"tablet-align-left","14":"mobile-align-left","16":"first","17":"instock","18":"featured","19":"shipping-taxable","20":"product-type-simple"},"_links":{"self":[{"href":"https:\/\/www.qualitester.com\/sk\/wp-json\/wp\/v2\/product\/2371","targetHints":{"allow":["GET"]}}],"collection":[{"href":"https:\/\/www.qualitester.com\/sk\/wp-json\/wp\/v2\/product"}],"about":[{"href":"https:\/\/www.qualitester.com\/sk\/wp-json\/wp\/v2\/types\/product"}],"replies":[{"embeddable":true,"href":"https:\/\/www.qualitester.com\/sk\/wp-json\/wp\/v2\/comments?post=2371"}],"version-history":[{"count":0,"href":"https:\/\/www.qualitester.com\/sk\/wp-json\/wp\/v2\/product\/2371\/revisions"}],"wp:featuredmedia":[{"embeddable":true,"href":"https:\/\/www.qualitester.com\/sk\/wp-json\/wp\/v2\/media\/5905"}],"wp:attachment":[{"href":"https:\/\/www.qualitester.com\/sk\/wp-json\/wp\/v2\/media?parent=2371"}],"wp:term":[{"taxonomy":"product_cat","embeddable":true,"href":"https:\/\/www.qualitester.com\/sk\/wp-json\/wp\/v2\/product_cat?post=2371"},{"taxonomy":"product_tag","embeddable":true,"href":"https:\/\/www.qualitester.com\/sk\/wp-json\/wp\/v2\/product_tag?post=2371"}],"curies":[{"name":"wp","href":"https:\/\/api.w.org\/{rel}","templated":true}]}}