{"id":1752,"date":"2023-04-26T14:42:13","date_gmt":"2023-04-26T06:42:13","guid":{"rendered":"https:\/\/www.qualitester.com\/?post_type=product&#038;p=1752"},"modified":"2024-12-04T11:12:27","modified_gmt":"2024-12-04T03:12:27","slug":"motorized-cap-torque-tester-mct-01","status":"publish","type":"product","link":"https:\/\/www.qualitester.com\/sk\/produkt-2\/motorized-cap-torque-tester-mct-01\/","title":{"rendered":"MCT-01 Motorizovan\u00e1 sk\u00fa\u0161a\u010dka kr\u00fatiaceho momentu uz\u00e1veru"},"content":{"rendered":"<h2>\u00davod<\/h2>\n<p>Str\u00e1nka <strong>Automatick\u00fd tester kr\u00fatiaceho momentu uz\u00e1veru (MCT-01)<\/strong> je ve\u013emi presn\u00fd a \u00fa\u010dinn\u00fd pr\u00edstroj ur\u010den\u00fd na meranie sily otvorenia a uzamknutia uz\u00e1verov na r\u00f4znych typoch n\u00e1dob. Toto testovanie je ve\u013emi d\u00f4le\u017eit\u00e9 pri aplik\u00e1ci\u00e1ch v oblasti balenia v r\u00f4znych priemyseln\u00fdch odvetviach, ako s\u00fa farmaceutick\u00fd priemysel, potravin\u00e1rsky priemysel, v\u00fdroba zdravotn\u00edckych pom\u00f4cok a spotrebn\u00fdch v\u00fdrobkov. Spr\u00e1vne meranie kr\u00fatiaceho momentu zabezpe\u010duje, \u017ee uz\u00e1very s\u00fa bezpe\u010dne uzavret\u00e9 na \u00fa\u010dely prepravy, ale z\u00e1rove\u0148 sa spotrebite\u013eom \u013eahko otv\u00e1raj\u00fa, \u010do poskytuje bezpe\u010dnos\u0165 a pohodlie. V\u010faka pokro\u010dilej technol\u00f3gii poskytuje MCT-01 spo\u013eahliv\u00e9 a presn\u00e9 merania kr\u00fatiaceho momentu, ktor\u00e9 s\u00fa nevyhnutn\u00e9 pre kontrolu kvality a dodr\u017eiavanie priemyseln\u00fdch noriem.<\/p>\n<h2>Oblasti pou\u017eitia<\/h2>\n<p>Str\u00e1nka <strong>Automatick\u00fd tester kr\u00fatiaceho momentu uz\u00e1veru<\/strong> je \u0161iroko pou\u017e\u00edvan\u00fd vo viacer\u00fdch odvetviach vr\u00e1tane:<\/p>\n<ul>\n<li><strong>Obalov\u00fd priemysel<\/strong>: Zabezpe\u010duje, aby obaly, ako s\u00fa PET f\u013ea\u0161e, vreck\u00e1 s v\u00fdlevkou, f\u013ea\u0161e s liekmi a obaly s flexibiln\u00fdmi r\u00farkami, sp\u013a\u0148ali potrebn\u00e9 po\u017eiadavky na tesniacu a otv\u00e1raciu silu.<\/li>\n<li><strong>Farmaceutick\u00e9 a zdravotn\u00edcke pom\u00f4cky<\/strong>: Zabezpe\u010duje, aby boli n\u00e1doby s liekmi \u00fa\u010dinne uzavret\u00e9, \u010d\u00edm sa zni\u017euje riziko kontamin\u00e1cie alebo manipul\u00e1cie.<\/li>\n<li><strong>Potraviny a n\u00e1poje<\/strong>: Overuje kr\u00fatiaci moment uz\u00e1verov flia\u0161, aby sa zabezpe\u010dilo jednoduch\u00e9 otv\u00e1ranie pri zachovan\u00ed integrity v\u00fdrobku.<\/li>\n<li><strong>Spotrebn\u00fd tovar<\/strong>: Pom\u00e1ha testova\u0165 funk\u010dnos\u0165 uz\u00e1verov pre r\u00f4zne spotrebite\u013esk\u00e9 balenia a zabezpe\u010duje spr\u00e1vnu rovnov\u00e1hu medzi pevnos\u0165ou tesnenia a pohodl\u00edm pou\u017e\u00edvate\u013ea.<\/li>\n<li><strong>Vlastn\u00e9 testovacie rie\u0161enia<\/strong>: Spolo\u010dnos\u0165 Cell Instruments sa tie\u017e \u0161pecializuje na poskytovanie testovac\u00edch po\u017eiadaviek na mieru, aby splnila jedine\u010dn\u00e9 potreby r\u00f4znych priemyseln\u00fdch odvetv\u00ed.<\/li>\n<\/ul>\n<h2>Proces testovania<\/h2>\n<p>Testovac\u00ed proces s <strong>Automatick\u00fd tester kr\u00fatiaceho momentu uz\u00e1veru<\/strong> (MCT-01) je plne automatizovan\u00fd pre jednoduch\u00e9 pou\u017e\u00edvanie:<\/p>\n<ul>\n<li><strong>Za\u0165a\u017eenie vzorky<\/strong>: F\u013ea\u0161a a uz\u00e1ver sa vlo\u017eia do testera, pri\u010dom pneumatick\u00e1 svorka f\u013ea\u0161e aj pneumatick\u00e1 svorka uz\u00e1veru sa automaticky zapoja, aby sa vzorka zabezpe\u010dila.<\/li>\n<li><strong>Za\u010datie testu<\/strong>: Stla\u010den\u00edm tla\u010didla <strong>TEST<\/strong> Spodn\u00e1 svorka sa za\u010dne ot\u00e1\u010da\u0165 a v z\u00e1vislosti od po\u017eiadaviek testu f\u013ea\u0161u bu\u010f otvor\u00ed, alebo zatvor\u00ed.<\/li>\n<li><strong>Meranie kr\u00fatiaceho momentu<\/strong>: Po\u010das ot\u00e1\u010dania sa sila kr\u00fatiaceho momentu presne meria a zaznamen\u00e1va v re\u00e1lnom \u010dase. Syst\u00e9m automaticky uchov\u00e1va \u0161pi\u010dkov\u00e9 hodnoty kr\u00fatiaceho momentu pre otv\u00e1raciu aj blokovaciu silu.<\/li>\n<li><strong>Anal\u00fdza \u00fadajov<\/strong>: Nameran\u00e9 \u00fadaje o kr\u00fatiacom momente sa zobrazuj\u00fa vo viacer\u00fdch jednotk\u00e1ch vr\u00e1tane Kgf.cm, N.cm, daN.cm, Inch.lbs a N.m, \u010do umo\u017e\u0148uje komplexn\u00fa anal\u00fdzu a kontrolu kvality.<\/li>\n<\/ul>\n<h2>Technick\u00e9 vlastnosti<\/h2>\n<ul>\n<li><strong>Jednotka riaden\u00e1 PLC<\/strong>: Pre stabilitu na priemyselnej \u00farovni tester pracuje s jednotkou riadenou PLC a intuit\u00edvnym dotykov\u00fdm rozhran\u00edm HMI.<\/li>\n<li><strong>Dvojit\u00e9 pneumatick\u00e9 up\u00ednanie<\/strong>: Horn\u00e9 a doln\u00e9 pneumatick\u00e9 svorky zabezpe\u010duj\u00fa bezpe\u010dn\u00e9 testovanie bez po\u0161kodenia f\u013ea\u0161e alebo uz\u00e1veru.<\/li>\n<li><strong>Automatick\u00e9 meranie ot\u00e1\u010dania a kr\u00fatiaceho momentu<\/strong>: Simuluje re\u00e1lne v\u00fdrobn\u00e9 podmienky s automatick\u00fdm ot\u00e1\u010dan\u00edm, v\u010faka \u010domu je syst\u00e9m ide\u00e1lny na zabezpe\u010denie kvality.<\/li>\n<li><strong>Meranie viacer\u00fdch jednotiek<\/strong>: Zobrazuje kr\u00fatiaci moment v Kgf.cm, N.cm, daN.cm, Inch.lbs a N.m pre flexibiln\u00fa anal\u00fdzu.<\/li>\n<li><strong>Ochrana proti pre\u0165a\u017eeniu a automatick\u00e9 vynulovanie<\/strong>: Syst\u00e9m obsahuje ochranu proti pre\u0165a\u017eeniu, ktor\u00e1 zabezpe\u010duje spo\u013eahliv\u00e9 a konzistentn\u00e9 merania, a funkciu automatick\u00e9ho vynulovania na presn\u00e9 meranie.<\/li>\n<li><strong>Port RS232 a softv\u00e9r<\/strong>: Volite\u013ene je k dispoz\u00edcii s portom RS232 a profesion\u00e1lnym po\u010d\u00edta\u010dov\u00fdm softv\u00e9rom na podrobn\u00e9 vykazovanie a spr\u00e1vu \u00fadajov.<\/li>\n<li><strong>Mikrotla\u010diare\u0148<\/strong>: Poskytuje okam\u017eit\u00e9 v\u00fdtla\u010dky na r\u00fdchlu referenciu po\u010das v\u00fdroby a testovania.<\/li>\n<\/ul>\n<h2>Hlavn\u00e9 normy<\/h2>\n<p>Str\u00e1nka <strong>Automatick\u00fd tester kr\u00fatiaceho momentu uz\u00e1veru (MCT-01)<\/strong> sp\u013a\u0148a priemyseln\u00e9 normy a zaru\u010duje, \u017ee sp\u013a\u0148a pr\u00edsne po\u017eiadavky na zabezpe\u010denie kvality:<\/p>\n<ul>\n<li><strong><a href=\"https:\/\/www.astm.org\/d2063_d2063m-10r18.html\" target=\"_blank\" rel=\"noopener nofollow\">ASTM D2063<\/a>: \u0160tandardn\u00e1 sk\u00fa\u0161obn\u00e1 met\u00f3da na meranie kr\u00fatiaceho momentu (sily) uzatv\u00e1rac\u00edch syst\u00e9mov pre asepticky balen\u00e9 n\u00e1doby<\/strong><br \/>\n<a href=\"https:\/\/www.qualitester.com\/sk\/kategoria-produktu\/astm\/astm-d2063\/\" target=\"_blank\" rel=\"noopener\">ASTM D2063<\/a> opisuje met\u00f3du na ur\u010denie kr\u00fatiaceho momentu potrebn\u00e9ho na otvorenie a zatvorenie aseptick\u00fdch uz\u00e1verov, \u010do je obzvl\u00e1\u0161\u0165 d\u00f4le\u017eit\u00e9 pri balen\u00ed liekov a potrav\u00edn. T\u00e1to norma zabezpe\u010duje, aby bol kr\u00fatiaci moment dostato\u010dn\u00fd na zabezpe\u010denie vzduchotesn\u00e9ho tesnenia a z\u00e1rove\u0148 umo\u017e\u0148oval \u013eahk\u00e9 otvorenie spotrebite\u013eom.<\/li>\n<li><strong><a href=\"https:\/\/www.astm.org\/d3198-97r02.html\" target=\"_blank\" rel=\"noopener nofollow\">ASTM D3198<\/a>: \u0160tandardn\u00e1 sk\u00fa\u0161obn\u00e1 met\u00f3da na meranie kr\u00fatiaceho momentu (sily) uzatv\u00e1rac\u00edch syst\u00e9mov flia\u0161 a n\u00e1dob<\/strong><br \/>\n<a href=\"https:\/\/www.qualitester.com\/sk\/kategoria-produktu\/astm\/astm-d3198\/\" target=\"_blank\" rel=\"noopener\">ASTM D3198<\/a> poskytuje usmernenia na testovanie kr\u00fatiaceho momentu uz\u00e1verov a uzatv\u00e1rac\u00edch syst\u00e9mov na n\u00e1dob\u00e1ch, ako s\u00fa f\u013ea\u0161e a poh\u00e1re. Zameriava sa na zabezpe\u010denie toho, aby boli uz\u00e1very po\u010das v\u00fdroby spr\u00e1vne uzavret\u00e9 a aby ich spotrebitelia mohli bezpe\u010dne otvori\u0165.<\/li>\n<li><strong><a href=\"https:\/\/www.astm.org\/d3474-90r18.html\" target=\"_blank\" rel=\"noopener nofollow\">ASTM D3474<\/a>: \u0160tandardn\u00e1 sk\u00fa\u0161obn\u00e1 met\u00f3da na stanovenie kr\u00fatiaceho momentu (sily) uz\u00e1verov na n\u00e1dob\u00e1ch<\/strong><br \/>\n<a href=\"https:\/\/www.qualitester.com\/sk\/kategoria-produktu\/astm\/astm-d3474\/\">ASTM D3474<\/a> definuje met\u00f3du na testovanie kr\u00fatiaceho momentu uz\u00e1veru na r\u00f4znych n\u00e1dob\u00e1ch, \u010d\u00edm sa zabezpe\u010d\u00ed, \u017ee uz\u00e1very sa po\u010das v\u00fdroby nasadzuj\u00fa so spr\u00e1vnym kr\u00fatiacim momentom. T\u00e1to norma pom\u00e1ha udr\u017eiava\u0165 konzistentn\u00e9 vlastnosti v\u00fdrobku a bezpe\u010dnos\u0165 balenia.<\/li>\n<li><strong>\u010eal\u0161ie pr\u00edslu\u0161n\u00e9 normy<\/strong>:<br \/>\nMCT-01 dodr\u017eiava aj \u010fal\u0161ie normy, ako napr. <strong>GB\/T17876<\/strong>, <strong>BB\/T0025<\/strong>a <strong>BB\/T0034<\/strong>, ktor\u00e9 poskytuj\u00fa usmernenia pre testovanie obalov a uz\u00e1verov na r\u00f4znych trhoch a v r\u00f4znych regi\u00f3noch.<\/li>\n<\/ul>\n<h2>V\u00fdhody pou\u017e\u00edvania <strong>Automatick\u00fd tester kr\u00fatiaceho momentu uz\u00e1veru<\/strong><\/h2>\n<ul>\n<li><strong>Presnos\u0165 a spo\u013eahlivos\u0165<\/strong>: MCT-01 poskytuje ve\u013emi presn\u00e9 a opakovate\u013en\u00e9 meranie kr\u00fatiaceho momentu, ktor\u00e9 je nevyhnutn\u00e9 na zabezpe\u010denie spr\u00e1vneho utesnenia n\u00e1dob a jednoduch\u00e9ho pou\u017e\u00edvania spotrebite\u013emi.<\/li>\n<li><strong>Jednoduchos\u0165 pou\u017e\u00edvania<\/strong>: V\u010faka intuit\u00edvnemu rozhraniu dotykovej obrazovky a plne automatizovan\u00fdm testovac\u00edm funkci\u00e1m sa syst\u00e9m \u013eahko ovl\u00e1da, tak\u017ee je ide\u00e1lny pre nov\u00fdch aj sk\u00fasen\u00fdch oper\u00e1torov.<\/li>\n<li><strong>Zv\u00fd\u0161en\u00e1 kontrola kvality<\/strong>: Pom\u00e1ha v\u00fdrobcom dodr\u017eiava\u0165 pr\u00edsne priemyseln\u00e9 normy presn\u00fdm vyhodnocovan\u00edm sily kr\u00fatiaceho momentu uz\u00e1veru, zlep\u0161ovan\u00edm kvality v\u00fdrobkov a zabezpe\u010dovan\u00edm bezpe\u010dnosti spotrebite\u013eov.<\/li>\n<li><strong>S\u00falad s priemyseln\u00fdmi normami<\/strong>: Tester sp\u013a\u0148a po\u017eiadavky noriem ASTM D2063, ASTM D3198 a ASTM D3474, \u010d\u00edm poskytuje istotu, \u017ee v\u00fdrobky s\u00fa v s\u00falade s celosvetov\u00fdmi predpismi na zabezpe\u010denie kvality.<\/li>\n<\/ul>","protected":false},"excerpt":{"rendered":"<p>Str\u00e1nka <strong>Automatick\u00fd tester kr\u00fatiaceho momentu uz\u00e1veru (MCT-01)<\/strong> je ve\u013emi presn\u00fd a \u00fa\u010dinn\u00fd pr\u00edstroj ur\u010den\u00fd na meranie sily otvorenia a uzamknutia uz\u00e1verov na r\u00f4znych typoch n\u00e1dob. Toto testovanie je ve\u013emi d\u00f4le\u017eit\u00e9 pri aplik\u00e1ci\u00e1ch v oblasti balenia v r\u00f4znych priemyseln\u00fdch odvetviach, ako s\u00fa farmaceutick\u00fd priemysel, potravin\u00e1rsky priemysel, v\u00fdroba zdravotn\u00edckych pom\u00f4cok a spotrebn\u00fdch v\u00fdrobkov. Spr\u00e1vne meranie kr\u00fatiaceho momentu zabezpe\u010duje, \u017ee uz\u00e1very s\u00fa bezpe\u010dne uzavret\u00e9 na \u00fa\u010dely prepravy, ale z\u00e1rove\u0148 sa spotrebite\u013eom \u013eahko otv\u00e1raj\u00fa, \u010do poskytuje bezpe\u010dnos\u0165 a pohodlie. V\u010faka pokro\u010dilej technol\u00f3gii poskytuje MCT-01 spo\u013eahliv\u00e9 a presn\u00e9 merania kr\u00fatiaceho momentu, ktor\u00e9 s\u00fa nevyhnutn\u00e9 pre kontrolu kvality a dodr\u017eiavanie priemyseln\u00fdch noriem.<\/p>","protected":false},"featured_media":6020,"comment_status":"closed","ping_status":"closed","template":"","meta":{"site-sidebar-layout":"default","site-content-layout":"default","ast-global-header-display":"","ast-main-header-display":"","ast-hfb-above-header-display":"","ast-hfb-below-header-display":"","ast-hfb-mobile-header-display":"","site-post-title":"disabled","ast-breadcrumbs-content":"","ast-featured-img":"disabled","footer-sml-layout":"","theme-transparent-header-meta":"default","adv-header-id-meta":"","stick-header-meta":"","header-above-stick-meta":"","header-main-stick-meta":"","header-below-stick-meta":""},"product_cat":[845,687,17,124,125,128,95],"product_tag":[],"class_list":{"0":"post-1752","1":"product","2":"type-product","3":"status-publish","4":"has-post-thumbnail","6":"product_cat-customization","7":"product_cat-torque-tester","8":"product_cat-package-container-testers","9":"product_cat-astm-d2063","10":"product_cat-astm-d3198","11":"product_cat-astm-d3474","12":"product_cat-products","13":"desktop-align-left","14":"tablet-align-left","15":"mobile-align-left","17":"first","18":"instock","19":"shipping-taxable","20":"product-type-simple"},"_links":{"self":[{"href":"https:\/\/www.qualitester.com\/sk\/wp-json\/wp\/v2\/product\/1752","targetHints":{"allow":["GET"]}}],"collection":[{"href":"https:\/\/www.qualitester.com\/sk\/wp-json\/wp\/v2\/product"}],"about":[{"href":"https:\/\/www.qualitester.com\/sk\/wp-json\/wp\/v2\/types\/product"}],"replies":[{"embeddable":true,"href":"https:\/\/www.qualitester.com\/sk\/wp-json\/wp\/v2\/comments?post=1752"}],"version-history":[{"count":0,"href":"https:\/\/www.qualitester.com\/sk\/wp-json\/wp\/v2\/product\/1752\/revisions"}],"wp:featuredmedia":[{"embeddable":true,"href":"https:\/\/www.qualitester.com\/sk\/wp-json\/wp\/v2\/media\/6020"}],"wp:attachment":[{"href":"https:\/\/www.qualitester.com\/sk\/wp-json\/wp\/v2\/media?parent=1752"}],"wp:term":[{"taxonomy":"product_cat","embeddable":true,"href":"https:\/\/www.qualitester.com\/sk\/wp-json\/wp\/v2\/product_cat?post=1752"},{"taxonomy":"product_tag","embeddable":true,"href":"https:\/\/www.qualitester.com\/sk\/wp-json\/wp\/v2\/product_tag?post=1752"}],"curies":[{"name":"wp","href":"https:\/\/api.w.org\/{rel}","templated":true}]}}