{"id":1668,"date":"2023-04-25T15:00:29","date_gmt":"2023-04-25T07:00:29","guid":{"rendered":"https:\/\/www.qualitester.com\/?post_type=product&#038;p=1668"},"modified":"2024-11-27T16:53:03","modified_gmt":"2024-11-27T08:53:03","slug":"gradient-heat-seal-tester-ghs-01","status":"publish","type":"product","link":"https:\/\/www.qualitester.com\/sk\/produkt-2\/gradient-heat-seal-tester-ghs-01\/","title":{"rendered":"GHS-01 Tester gradientn\u00e9ho tepeln\u00e9ho tesnenia"},"content":{"rendered":"<h2>\u00davod<\/h2>\n<p>V obalovom priemysle je zabezpe\u010denie toho, aby materi\u00e1ly, ako s\u00fa f\u00f3lie, lamin\u00e1ty a pru\u017en\u00e9 bari\u00e9ry, vytv\u00e1rali pevn\u00e9 a odoln\u00e9 tesnenia, ve\u013emi d\u00f4le\u017eit\u00e9 pre zachovanie integrity a bezpe\u010dnosti balen\u00e9ho v\u00fdrobku. \u010ci u\u017e bal\u00edte potraviny, lieky, zdravotn\u00edcke pom\u00f4cky alebo elektroniku, <strong>pevnos\u0165 tepeln\u00e9ho tesnenia<\/strong> zohr\u00e1va k\u013e\u00fa\u010dov\u00fa \u00falohu pri ochrane va\u0161ich v\u00fdrobkov pred kontamin\u00e1ciou, \u00fanikom a znehodnoten\u00edm.<\/p>\n<p>Str\u00e1nka <strong>Tester pevnosti tepeln\u00e9ho tesnenia<\/strong> je presn\u00fd pr\u00edstroj ur\u010den\u00fd na vyhodnocovanie tepeln\u00fdch tesniacich vlastnost\u00ed obalov\u00fdch materi\u00e1lov, ktor\u00fd zabezpe\u010duje, aby boli tesnenia pevn\u00e9, spo\u013eahliv\u00e9 a konzistentn\u00e9. Tento tester simuluje skuto\u010dn\u00fd proces tepeln\u00e9ho tesnenia, nastavuje teplotu, tlak a \u010das tesnenia s cie\u013eom ur\u010di\u0165 ide\u00e1lne podmienky na vytvorenie dokonal\u00fdch tesnen\u00ed.<\/p>\n<p>Str\u00e1nka <strong>Sk\u00fa\u0161ka tesnenia gradientn\u00fdm teplom<\/strong> je pokro\u010dil\u00e1 met\u00f3da, ktor\u00e1 zvy\u0161uje \u00fa\u010dinnos\u0165 testovania t\u00fdm, \u017ee v oblasti tesnenia sa uplat\u0148uje riaden\u00fd teplotn\u00fd gradient, \u010do umo\u017e\u0148uje vykon\u00e1va\u0165 viacero testov pri r\u00f4znych nastaveniach teploty s\u00fa\u010dasne.<\/p>\n<h2>K\u013e\u00fa\u010dov\u00e9 vlastnosti testera pevnosti tepeln\u00e9ho tesnenia<\/h2>\n<h3>Kontrolovan\u00e9 podmienky testovania presn\u00fdch tesnen\u00ed<\/h3>\n<p>Str\u00e1nka <strong>Tester pevnosti tepeln\u00e9ho tesnenia<\/strong> je navrhnut\u00fd s oh\u013eadom na flexibilitu a presnos\u0165. Jeho nastavite\u013en\u00e9 nastavenia pre <strong>teplota<\/strong>, <strong>tlak<\/strong>a <strong>\u010das tesnenia<\/strong> umo\u017e\u0148uj\u00fa simulova\u0165 r\u00f4zne podmienky utesnenia pou\u017e\u00edvan\u00e9 v procese balenia. Tieto nastavenia umo\u017e\u0148uj\u00fa v\u00fdrobcom testova\u0165 a optimalizova\u0165 svoje materi\u00e1ly s cie\u013eom dosiahnu\u0165 \u010do najspo\u013eahlivej\u0161ie a najpevnej\u0161ie tesnenia v re\u00e1lnych v\u00fdrobn\u00fdch podmienkach.<\/p>\n<h3>Teplotn\u00fd gradient pre optim\u00e1lne testovanie<\/h3>\n<p>Jednou z najv\u00fdraznej\u0161\u00edch funkci\u00ed tohto testera je <strong>Sk\u00fa\u0161ka tesnenia gradientn\u00fdm teplom<\/strong> funkcia, ktor\u00e1 aplikuje kontrolovan\u00fd <strong>teplotn\u00fd gradient<\/strong> v celej oblasti tesnenia. T\u00e1to mo\u017enos\u0165 umo\u017e\u0148uje testova\u0165 viacero podmienok tesnenia naraz, \u010d\u00edm sa zvy\u0161uje efekt\u00edvnos\u0165 testovania a skracuje \u010das prestojov medzi testami. S\u00fa\u010dasn\u00fdm testovan\u00edm pri r\u00f4znych teplot\u00e1ch m\u00f4\u017eu v\u00fdrobcovia efekt\u00edvnej\u0161ie ur\u010di\u0165 najlep\u0161ie podmienky na utesnenie r\u00f4znych materi\u00e1lov a zlep\u0161i\u0165 celkov\u00fa kvalitu balenia.<\/p>\n<p>V podstate <strong>Sk\u00fa\u0161ka tesnenia gradientn\u00fdm teplom<\/strong> umo\u017e\u0148uje <strong>Tester pevnosti tepeln\u00e9ho tesnenia<\/strong> a <strong>Viacero stan\u00edc<\/strong> testovacie zariadenie, ktor\u00e9 dok\u00e1\u017ee vykon\u00e1va\u0165 nieko\u013eko testov pri r\u00f4znych teplot\u00e1ch s\u00fa\u010dasne, \u010d\u00edm \u0161etr\u00ed \u010das a zvy\u0161uje efekt\u00edvnos\u0165 testovacieho procesu.<\/p>\n<h2>ASTM F2029: Norma pre sk\u00fa\u0161ky pevnosti tepeln\u00e9ho tesnenia<\/h2>\n<h3>Preh\u013ead normy ASTM F2029-16(2021)<\/h3>\n<p><strong><a href=\"https:\/\/www.astm.org\/f2029-16r21.html\" target=\"_blank\" rel=\"noopener nofollow\">ASTM F2029<\/a>-16(2021)<\/strong> je <strong>\u0160tandardn\u00fd postup na v\u00fdrobu laborat\u00f3rnych tepeln\u00fdch tesnen\u00ed<\/strong> na ur\u010denie <strong>tepeln\u00e1 tesnos\u0165 pru\u017en\u00fdch bari\u00e9rov\u00fdch materi\u00e1lov<\/strong>. T\u00e1to norma sa pou\u017e\u00edva na hodnotenie pevnosti tepeln\u00fdch uz\u00e1verov vyroben\u00fdch na r\u00f4znych obalov\u00fdch materi\u00e1loch v laborat\u00f3rnych podmienkach.<\/p>\n<p>Str\u00e1nka <a href=\"https:\/\/www.qualitester.com\/sk\/kategoria-produktu\/astm\/astm-f2029\/\" target=\"_blank\" rel=\"noopener\"><strong>ASTM F2029<\/strong><\/a> Norma stanovuje postupy a po\u017eiadavky na vytv\u00e1ranie spo\u013eahliv\u00fdch tepeln\u00fdch uz\u00e1verov a meranie ich pevnosti, \u010do je nevyhnutn\u00e9 na pos\u00fadenie integrity a kvality obalov\u00fdch materi\u00e1lov. Dodr\u017eiavanie tejto normy zaru\u010duje, \u017ee v\u00fdrobcovia vyr\u00e1baj\u00fa obaly, ktor\u00e9 sp\u013a\u0148aj\u00fa po\u017eadovan\u00fa odolnos\u0165 a tesniace vlastnosti na zaistenie bezpe\u010dnosti v\u00fdrobkov.<\/p>\n<h3>Sk\u00fa\u0161obn\u00e9 met\u00f3dy pod\u013ea normy ASTM F2029<\/h3>\n<p>Str\u00e1nka <strong>Tester pevnosti tepeln\u00e9ho tesnenia<\/strong> postupuje pod\u013ea postupov uveden\u00fdch v norme ASTM F2029 pri vytv\u00e1ran\u00ed laborat\u00f3rnych tepeln\u00fdch tesnen\u00ed a meran\u00ed ich pevnosti. Postup je nasledovn\u00fd:<\/p>\n<ol>\n<li><strong>Pr\u00edprava vzorky<\/strong>: Vzorka obalov\u00e9ho materi\u00e1lu sa umiestni medzi dve paraleln\u00e9 vyhrievan\u00e9 tesniace \u010de\u013euste.<\/li>\n<li><strong>Proces tesnenia<\/strong>: Tester pou\u017e\u00edva nastavenia tepla, tlaku a \u010dasu na simul\u00e1ciu skuto\u010dn\u00fdch podmienok tesnenia. Horn\u00e1 \u010de\u013eus\u0165 sa pohybuje smerom nadol, \u010d\u00edm vyv\u00edja tlak na materi\u00e1l a z\u00e1rove\u0148 p\u00f4sob\u00ed teplom.<\/li>\n<li><strong>\u010cas testovania<\/strong>: \u010cas tesnenia je nastavite\u013en\u00fd od 0,1 sekundy do nieko\u013ek\u00fdch hod\u00edn, \u010do umo\u017e\u0148uje testovanie v r\u00f4znych \u010dasov\u00fdch intervaloch.<\/li>\n<li><strong>Hodnotenie tesnenia<\/strong>: Po uplynut\u00ed \u010dasu tesnenia sa \u010de\u013euste zdvihn\u00fa a test sa ukon\u010d\u00ed. Potom sa analyzuje pevnos\u0165 tesnenia pomocou met\u00f3d, ako s\u00fa testy \u00faniku vzduchu, penetr\u00e1cia farbiva, vizu\u00e1lna kontrola alebo penetr\u00e1cia mikroorganizmov.<\/li>\n<\/ol>\n<p>Tento proces napodob\u0148uje podmienky, v ktor\u00fdch sa po\u010das procesu balenia vytv\u00e1raj\u00fa tepeln\u00e9 uz\u00e1very, a pom\u00e1ha v\u00fdrobcom ur\u010di\u0165, \u010di ich obalov\u00e9 materi\u00e1ly vydr\u017eia po\u017eadovan\u00e9 za\u0165a\u017eenie v re\u00e1lnych podmienkach.<\/p>\n<h2>Technick\u00e9 vlastnosti testera pevnosti tepeln\u00e9ho tesnenia (GHS-01 Gradient Heat Seal Tester)<\/h2>\n<ul>\n<li><strong>Tesniace \u010de\u013euste a vyhrievac\u00ed mechanizmus<\/strong>: Horn\u00e9 a doln\u00e9 \u010de\u013euste s\u00fa vyroben\u00e9 z vysokokvalitn\u00e9ho hlin\u00edka a maj\u00fa nez\u00e1visl\u00e9 vykurovacie syst\u00e9my, ktor\u00e9 eliminuj\u00fa tepeln\u00e9 straty a zabezpe\u010duj\u00fa plynul\u00e9 a rovnomern\u00e9 rozlo\u017eenie teploty po\u010das testovania.<\/li>\n<li><strong>PID regul\u00e1tor teploty<\/strong>: Pokro\u010dil\u00fd <strong>PID (proporcion\u00e1lna integr\u00e1lna deriv\u00e1cia)<\/strong> regul\u00e1tor teploty zabezpe\u010duje presn\u00e9 riadenie teploty, \u010do umo\u017e\u0148uje konzistentn\u00e9 a spo\u013eahliv\u00e9 ohrievanie po\u010das cel\u00e9ho testovacieho procesu.<\/li>\n<li><strong>\u010casova\u010d a sn\u00edma\u010d pribl\u00ed\u017eenia<\/strong>: Kombin\u00e1cia presn\u00e9ho \u010dasova\u010da a sn\u00edma\u010da pribl\u00ed\u017eenia synchronizuje za\u010diatok procesu tesnenia s pohybom \u010de\u013euste, \u010d\u00edm sa zabezpe\u010d\u00ed, \u017ee test sa za\u010dne v spr\u00e1vnom okamihu a bude trva\u0165 presne po\u017eadovan\u00fd \u010das.<\/li>\n<li><strong>Prisp\u00f4sobenie tesniaceho tlaku a \u010de\u013eust\u00ed<\/strong>: Tester vyv\u00edja rovnomern\u00fd tesniaci tlak medzi <strong>0,15-0,7 MPa<\/strong> a pon\u00faka prisp\u00f4sobite\u013en\u00e9 tesniace \u010de\u013euste (rozmery, tvary a vzory), aby vyhovovali r\u00f4znym potreb\u00e1m testovania a obalov\u00fdm materi\u00e1lom.<\/li>\n<li><strong>Bezpe\u010dnostn\u00e9 funkcie<\/strong>: Bezpe\u010dnos\u0165 pou\u017e\u00edvate\u013ea je prioritou v\u010faka funkci\u00e1m, ako je predn\u00fd kryt proti pop\u00e1leniu a ru\u010dn\u00e9\/no\u017en\u00e9 sp\u00edna\u010de na ochranu obsluhy po\u010das testovania.<\/li>\n<\/ul>\n<h2>Hlavn\u00e9 parametre<\/h2>\n<table>\n<tbody>\n<tr>\n<td style=\"text-align: center;\" width=\"127\">Teplota tesnenia<\/td>\n<td style=\"text-align: center;\" width=\"196\">Okolie ~ 250 \u2103<\/td>\n<\/tr>\n<tr>\n<td style=\"text-align: center;\" width=\"127\">Teplota. Gradient<\/td>\n<td style=\"text-align: center;\" width=\"196\">\u226420\u2103<\/td>\n<\/tr>\n<tr>\n<td style=\"text-align: center;\" width=\"127\">Odch\u00fdlka<\/td>\n<td style=\"text-align: center;\" width=\"196\">\u00b10.2\u2103<\/td>\n<\/tr>\n<tr>\n<td style=\"text-align: center;\" width=\"127\">\u010cas tesnenia<\/td>\n<td style=\"text-align: center;\" width=\"196\">0,1S~9999S<\/td>\n<\/tr>\n<tr>\n<td style=\"text-align: center;\" width=\"127\">Tesniaci tlak<\/td>\n<td style=\"text-align: center;\" width=\"196\">0,15 ~ 0,7 MPa<\/td>\n<\/tr>\n<tr>\n<td style=\"text-align: center;\" width=\"127\">\u010ce\u013euste tesnenia (mm)<\/td>\n<td style=\"text-align: center;\" width=\"196\">U:40*10 5KS\/L:330 1KS<\/td>\n<\/tr>\n<tr>\n<td style=\"text-align: center;\" width=\"127\">Pr\u00edkon plynu<\/td>\n<td style=\"text-align: center;\" width=\"196\">0,7 MPa s r\u00farkou \u04246 mm<\/td>\n<\/tr>\n<tr>\n<td style=\"text-align: center;\" width=\"127\">Nap\u00e1janie<\/td>\n<td style=\"text-align: center;\" width=\"196\">AC 220V 50Hz<\/td>\n<\/tr>\n<\/tbody>\n<\/table>\n<h2>Proces testovania<\/h2>\n<ol>\n<li><strong>Umiestnenie vzorky<\/strong>: Umiestnite materi\u00e1l vzorky medzi dve paraleln\u00e9 vyhrievan\u00e9 \u010de\u013euste.<\/li>\n<li><strong>Vykurovanie a tesnenie<\/strong>: Nastavte teplotu, tlak a \u010das a potom nechajte vyhrievacie \u010de\u013euste p\u00f4sobi\u0165 na vzorku tlakom a teplom.<\/li>\n<li><strong>Ukon\u010denie a hodnotenie<\/strong>: Po uplynut\u00ed nastaven\u00e9ho \u010dasu tesnenia sa \u010de\u013euste otvoria a pevnos\u0165 tesnenia sa vyhodnot\u00ed pomocou r\u00f4znych met\u00f3d, ako je napr\u00edklad sk\u00fa\u0161ka \u00faniku vzduchu alebo vizu\u00e1lna kontrola.<\/li>\n<\/ol>\n<h2>Aplik\u00e1cie a obsluhovan\u00e9 odvetvia<\/h2>\n<p>Str\u00e1nka <strong>Tester pevnosti tepeln\u00e9ho tesnenia<\/strong> je nevyhnutn\u00fd pre zabezpe\u010denie kvality v r\u00f4znych priemyseln\u00fdch odvetviach:<\/p>\n<ul>\n<li><strong>Obalov\u00fd priemysel<\/strong>: Zabezpe\u010duje integritu obalov\u00fdch materi\u00e1lov pre potraviny, n\u00e1poje a spotrebn\u00fd tovar.<\/li>\n<li><strong>Farmaceutick\u00e9 v\u00fdrobky<\/strong>: Overuje, \u010di plomby na obaloch liekov sp\u013a\u0148aj\u00fa regula\u010dn\u00e9 normy a zachov\u00e1vaj\u00fa sterilitu v\u00fdrobkov.<\/li>\n<li><strong>Zdravotn\u00edcke pom\u00f4cky<\/strong>: Testuje obalov\u00e9 materi\u00e1ly z h\u013eadiska pevnosti a ochrany citliv\u00fdch zdravotn\u00edckych pom\u00f4cok.<\/li>\n<li><strong>Elektronika a in\u00e9 odvetvia<\/strong>: Posudzuje obalov\u00e9 materi\u00e1ly pre elektroniku a r\u00f4zne in\u00e9 priemyseln\u00e9 odvetvia, ktor\u00e9 vy\u017eaduj\u00fa pevn\u00e9 a spo\u013eahliv\u00e9 tesnenia.<\/li>\n<\/ul>\n<p>Str\u00e1nka <strong>Tester pevnosti tepeln\u00e9ho tesnenia<\/strong> je z\u00e1kladn\u00fdm n\u00e1strojom pre v\u00fdrobcov, ktor\u00ed chc\u00fa zabezpe\u010di\u0165 kvalitu, bezpe\u010dnos\u0165 a trvanlivos\u0165 svojich obalov\u00fdch materi\u00e1lov. Tento tester poskytuje presn\u00e9 a spo\u013eahliv\u00e9 v\u00fdsledky pre optim\u00e1lny v\u00fdkon obalov, \u010di u\u017e ide o utesnenie potrav\u00edn, liekov alebo zdravotn\u00edckych pom\u00f4cok. Je vybaven\u00fd <strong>Sk\u00fa\u0161ka tesnenia gradientn\u00fdm teplom<\/strong> funk\u010dnos\u0165 a s\u00falad s <strong>ASTM F2029<\/strong>, je to dokonal\u00e9 rie\u0161enie na dosiahnutie v\u017edy vynikaj\u00faceho tepeln\u00e9ho tesnenia.<\/p>\n<h2>Sekcia \u010casto kladen\u00e9 ot\u00e1zky: \u010cast\u00e9 ot\u00e1zky o testeroch pevnosti tepeln\u00e9ho tesnenia<\/h2>\n<ol>\n<li><strong>Ak\u00e9 materi\u00e1ly mo\u017eno testova\u0165 pomocou testera pevnosti tepeln\u00e9ho tesnenia?<\/strong>\n<ul>\n<li>Tester je ide\u00e1lny na testovanie \u0161irokej \u0161k\u00e1ly obalov\u00fdch materi\u00e1lov vr\u00e1tane f\u00f3li\u00ed, lamin\u00e1tov a flexibiln\u00fdch bari\u00e9rov\u00fdch materi\u00e1lov.<\/li>\n<\/ul>\n<\/li>\n<li><strong>Ak\u00e1 je \u00faloha gradientnej tepelnej sk\u00fa\u0161ky?<\/strong>\n<ul>\n<li>Str\u00e1nka <strong>Sk\u00fa\u0161ka tesnenia gradientn\u00fdm teplom<\/strong> umo\u017e\u0148uje testovanie pri r\u00f4znych teplotn\u00fdch nastaveniach s\u00fa\u010dasne, \u010d\u00edm sa zvy\u0161uje efektivita skr\u00e1ten\u00edm \u010dasu testovania a zlep\u0161en\u00edm v\u00fdkonu tesnenia.<\/li>\n<\/ul>\n<\/li>\n<li><strong>Ak\u00e9 odvetvia m\u00f4\u017eu ma\u0165 prospech z testovania tepeln\u00e9ho tesnenia?<\/strong>\n<ul>\n<li>Odvetvia ako balenie potrav\u00edn, farmaceutick\u00fd priemysel, v\u00fdroba zdravotn\u00edckych pom\u00f4cok, elektronika a spotrebn\u00fd tovar profituj\u00fa z pou\u017e\u00edvania testera pevnosti tepeln\u00e9ho tesnenia.<\/li>\n<\/ul>\n<\/li>\n<li><strong>Ako tester pevnosti tepeln\u00e9ho tesnenia zabezpe\u010duje presnos\u0165?<\/strong>\n<ul>\n<li>V\u010faka funkci\u00e1m, ako je presn\u00e1 regul\u00e1cia teploty, nastavite\u013en\u00fd tesniaci tlak a prisp\u00f4sobite\u013en\u00e9 nastavenia testu, tester zaka\u017ed\u00fdm zaru\u010duje spo\u013eahliv\u00e9 a opakovate\u013en\u00e9 v\u00fdsledky.<\/li>\n<\/ul>\n<\/li>\n<li><strong>Je tester pevnosti tepeln\u00e9ho tesnenia v s\u00falade s normami ASTM?<\/strong>\n<ul>\n<li>\u00c1no, tester sp\u013a\u0148a <strong>ASTM F2029<\/strong>, \u010d\u00edm sa zabezpe\u010d\u00ed s\u00falad s priemyseln\u00fdmi normami na testovanie pevnosti tepeln\u00e9ho tesnenia a trvanlivosti materi\u00e1lu.<\/li>\n<\/ul>\n<\/li>\n<\/ol>","protected":false},"excerpt":{"rendered":"<p>V obalovom priemysle je zabezpe\u010denie toho, aby materi\u00e1ly, ako s\u00fa f\u00f3lie, lamin\u00e1ty a pru\u017en\u00e9 bari\u00e9ry, vytv\u00e1rali pevn\u00e9 a odoln\u00e9 tesnenia, ve\u013emi d\u00f4le\u017eit\u00e9 pre zachovanie integrity a bezpe\u010dnosti balen\u00e9ho v\u00fdrobku. \u010ci u\u017e bal\u00edte potraviny, lieky, zdravotn\u00edcke pom\u00f4cky alebo elektroniku, <strong>pevnos\u0165 tepeln\u00e9ho tesnenia<\/strong> zohr\u00e1va k\u013e\u00fa\u010dov\u00fa \u00falohu pri ochrane va\u0161ich v\u00fdrobkov pred kontamin\u00e1ciou, \u00fanikom a znehodnoten\u00edm.<\/p>","protected":false},"featured_media":5911,"comment_status":"closed","ping_status":"closed","template":"","meta":{"site-sidebar-layout":"default","site-content-layout":"default","ast-global-header-display":"","ast-main-header-display":"","ast-hfb-above-header-display":"","ast-hfb-below-header-display":"","ast-hfb-mobile-header-display":"","site-post-title":"disabled","ast-breadcrumbs-content":"","ast-featured-img":"disabled","footer-sml-layout":"","theme-transparent-header-meta":"default","adv-header-id-meta":"","stick-header-meta":"","header-above-stick-meta":"","header-main-stick-meta":"","header-below-stick-meta":""},"product_cat":[845,677,149,16,142,95],"product_tag":[65,31,55],"class_list":{"0":"post-1668","1":"product","2":"type-product","3":"status-publish","4":"has-post-thumbnail","6":"product_cat-customization","7":"product_cat-heat-seal-tester","8":"product_cat-pharma-and-medical-testers","9":"product_cat-plastic-packaging-testers","10":"product_cat-astm-f2029","11":"product_cat-products","12":"product_tag-heat-seal","13":"product_tag-heat-sealing","14":"product_tag-heat-seals","15":"desktop-align-left","16":"tablet-align-left","17":"mobile-align-left","19":"first","20":"instock","21":"shipping-taxable","22":"product-type-simple"},"_links":{"self":[{"href":"https:\/\/www.qualitester.com\/sk\/wp-json\/wp\/v2\/product\/1668","targetHints":{"allow":["GET"]}}],"collection":[{"href":"https:\/\/www.qualitester.com\/sk\/wp-json\/wp\/v2\/product"}],"about":[{"href":"https:\/\/www.qualitester.com\/sk\/wp-json\/wp\/v2\/types\/product"}],"replies":[{"embeddable":true,"href":"https:\/\/www.qualitester.com\/sk\/wp-json\/wp\/v2\/comments?post=1668"}],"version-history":[{"count":0,"href":"https:\/\/www.qualitester.com\/sk\/wp-json\/wp\/v2\/product\/1668\/revisions"}],"wp:featuredmedia":[{"embeddable":true,"href":"https:\/\/www.qualitester.com\/sk\/wp-json\/wp\/v2\/media\/5911"}],"wp:attachment":[{"href":"https:\/\/www.qualitester.com\/sk\/wp-json\/wp\/v2\/media?parent=1668"}],"wp:term":[{"taxonomy":"product_cat","embeddable":true,"href":"https:\/\/www.qualitester.com\/sk\/wp-json\/wp\/v2\/product_cat?post=1668"},{"taxonomy":"product_tag","embeddable":true,"href":"https:\/\/www.qualitester.com\/sk\/wp-json\/wp\/v2\/product_tag?post=1668"}],"curies":[{"name":"wp","href":"https:\/\/api.w.org\/{rel}","templated":true}]}}