{"id":1484,"date":"2023-04-20T14:00:05","date_gmt":"2023-04-20T06:00:05","guid":{"rendered":"https:\/\/www.qualitester.com\/?post_type=product&#038;p=1484"},"modified":"2024-12-03T13:53:39","modified_gmt":"2024-12-03T05:53:39","slug":"inclined-coefficient-of-friction-tester-cof-03","status":"publish","type":"product","link":"https:\/\/www.qualitester.com\/sk\/produkt-2\/inclined-coefficient-of-friction-tester-cof-03\/","title":{"rendered":"COF-03 Tester \u0161ikm\u00e9ho koeficientu trenia"},"content":{"rendered":"<h2><strong>\u00davod do testera \u0161ikm\u00e9ho koeficientu trenia<\/strong><\/h2>\n<p>Str\u00e1nka <strong>Tester \u0161ikm\u00e9ho koeficientu trenia<\/strong> je modern\u00fd pr\u00edstroj ur\u010den\u00fd na meranie statick\u00e9ho koeficientu trenia (COF) \u0161irokej \u0161k\u00e1ly materi\u00e1lov. Pomocou variabilnej naklonenej roviny a posuvn\u00e9ho bloku tento tester ur\u010duje uhol, pri ktorom sa jeden testovac\u00ed povrch za\u010dne pos\u00fava\u0165 proti druh\u00e9mu, ke\u010f sa sklon postupne zvy\u0161uje. Zariadenie je ide\u00e1lne na testovanie r\u00f4znych materi\u00e1lov vr\u00e1tane plastov\u00fdch f\u00f3li\u00ed, gumy, papiera, dosiek, tkan\u00edn, n\u00e1terov, brzdov\u00fdch do\u0161ti\u010diek, text\u00edli\u00ed a \u010fal\u0161\u00edch.<\/p>\n<p>Tento v\u0161estrann\u00fd tester je nevyhnutn\u00fd pre odvetvia, ako je balenie, automobilov\u00fd priemysel, textiln\u00fd priemysel, farmaceutick\u00fd priemysel a balenie potrav\u00edn, kde je presn\u00e9 meranie trenia rozhoduj\u00face pre zabezpe\u010denie kvality, bezpe\u010dnosti a optim\u00e1lneho v\u00fdkonu. \u010ci u\u017e potrebujete mera\u0165 trenie f\u00f3li\u00ed, listov alebo priemyseln\u00fdch komponentov, toto zariadenie poskytuje spo\u013eahliv\u00e9 v\u00fdsledky a pom\u00e1ha pou\u017e\u00edvate\u013eom zlep\u0161i\u0165 manipul\u00e1ciu s materi\u00e1lom, dizajn obalov a funk\u010dnos\u0165 v\u00fdrobkov.<\/p>\n<h2><strong>Princ\u00edp fungovania<\/strong><\/h2>\n<p>Str\u00e1nka <strong>Naklonen\u00e1 str\u00e1nka <a href=\"https:\/\/www.qualitester.com\/sk\/produkt-2\/coefficient-of-friction-tester-cof-01\/\" target=\"_blank\" rel=\"noopener\">Tester koeficientu trenia<\/a><\/strong> meria statick\u00fa hodnotu COF ur\u010den\u00edm uhla, pri ktorom sa jeden materi\u00e1l za\u010d\u00edna k\u013aza\u0165 po inom naklonenom povrchu. Ke\u010f sa sklon postupne zvy\u0161uje kon\u0161tantnou r\u00fdchlos\u0165ou, povrch testovan\u00e9ho materi\u00e1lu sa za\u010dne k\u013aza\u0165. Meria sa uhol, pri ktorom sa to stane, a statick\u00e1 COF je \u010d\u00edselne ekvivalentn\u00e1 tangente tohto uhla.<\/p>\n<p>T\u00e1to met\u00f3da poskytuje presn\u00e9 hodnoty trenia, ktor\u00e9 s\u00fa rozhoduj\u00face pre pochopenie spr\u00e1vania sa materi\u00e1lov v re\u00e1lnych aplik\u00e1ci\u00e1ch, napr\u00edklad pri manipul\u00e1cii s materi\u00e1lom, balen\u00ed a mont\u00e1\u017ei. Na str\u00e1nke . <strong>Tester uhla sklzu<\/strong> Tento pr\u00edstroj zabezpe\u010duje presn\u00e9 meranie COF pre \u0161irok\u00fa \u0161k\u00e1lu materi\u00e1lov.<\/p>\n<h2><strong>Preh\u013ead pr\u00edslu\u0161n\u00fdch testovac\u00edch noriem<\/strong><\/h2>\n<ul>\n<li><a href=\"https:\/\/www.astm.org\/d0202-17.html\" target=\"_blank\" rel=\"noopener nofollow\"><strong>ASTM D202<\/strong><\/a>: T\u00e1to norma poskytuje usmernenia na meranie statick\u00e9ho COF materi\u00e1lov, najm\u00e4 f\u00f3li\u00ed a obalov\u00fdch materi\u00e1lov. Zabezpe\u010duje, aby tester sp\u013a\u0148al po\u017eadovan\u00fa presnos\u0165 pre cel\u00fd rad materi\u00e1lov, \u010d\u00edm pom\u00e1ha v\u00fdrobcom vyhodnoti\u0165, ako \u013eahko sa materi\u00e1ly navz\u00e1jom pos\u00favaj\u00fa, \u010do je k\u013e\u00fa\u010dov\u00fd faktor pri navrhovan\u00ed obalov a v\u00fdbere materi\u00e1lov.<\/li>\n<li><a href=\"https:\/\/www.astm.org\/d4918-97r07.html\" target=\"_blank\" rel=\"noopener nofollow\"><strong>ASTM D4918<\/strong><\/a>: Norma ASTM D4918 je \u0161peci\u00e1lne navrhnut\u00e1 na testovanie papiera a lepenky a opisuje postupy na stanovenie statickej COF medzi papierov\u00fdmi materi\u00e1lmi. T\u00e1to norma je d\u00f4le\u017eit\u00e1 pre priemyseln\u00e9 odvetvia, ako je v\u00fdroba obalov a papiera, preto\u017ee zabezpe\u010duje, aby materi\u00e1ly mali spr\u00e1vne trecie vlastnosti na bezprobl\u00e9mov\u00fa manipul\u00e1ciu a balenie.<\/li>\n<li><strong>TAPPI T815<\/strong>: T\u00e1to norma, ktor\u00e1 je v\u0161eobecne uzn\u00e1van\u00e1 v papierenskom a celul\u00f3zovom priemysle, \u0161pecifikuje met\u00f3du stanovenia COF papiera, lepenky a pr\u00edbuzn\u00fdch materi\u00e1lov. Pom\u00e1ha v\u00fdrobcom zabezpe\u010di\u0165, aby v\u00fdrobky na b\u00e1ze papiera mali konzistentn\u00e9 trecie vlastnosti, ktor\u00e9 s\u00fa nevyhnutn\u00e9 pre \u00faspe\u0161n\u00fa prev\u00e1dzku baliacich strojov a kvalitu kone\u010dn\u00e9ho v\u00fdrobku.<\/li>\n<\/ul>\n<p>Tieto normy zabezpe\u010duj\u00fa, \u017ee <strong>Tester \u0161ikm\u00e9ho koeficientu trenia<\/strong> sp\u013a\u0148a potrebn\u00e9 krit\u00e9ri\u00e1 pre presn\u00e9 a spo\u013eahliv\u00e9 v\u00fdsledky, ktor\u00e9 s\u00fa v s\u00falade s priemyseln\u00fdmi predpismi a celosvetov\u00fdmi osved\u010den\u00fdmi postupmi.<\/p>\n<h2><strong>K\u013e\u00fa\u010dov\u00e9 vlastnosti testera \u0161ikm\u00e9ho koeficientu trenia<\/strong><\/h2>\n<ul>\n<li><strong>Ovl\u00e1danie PLC a HMI dotykovou obrazovkou<\/strong>: Tester je vybaven\u00fd intuit\u00edvnym rozhran\u00edm \u010dlovek-stroj (HMI) a programovate\u013en\u00fdm logick\u00fdm regul\u00e1torom (PLC), \u010do u\u013eah\u010duje ovl\u00e1danie a monitorovanie testovania. Dotykov\u00fd displej umo\u017e\u0148uje jednoduch\u00fa navig\u00e1ciu a ovl\u00e1danie, \u010d\u00edm zvy\u0161uje efektivitu a u\u017e\u00edvate\u013esk\u00fd komfort.<\/li>\n<li><strong>Zobrazenie v\u00fdsledkov testov v re\u00e1lnom \u010dase<\/strong>: Toto zariadenie zobrazuje na obrazovke \u00fadaje v re\u00e1lnom \u010dase vr\u00e1tane maxim\u00e1lnych, minim\u00e1lnych, priemern\u00fdch hodn\u00f4t a \u0161tandardnej odch\u00fdlky (SD) v\u00fdsledkov testov. V\u010faka tomu m\u00f4\u017eete sledova\u0165 konzistenciu a presnos\u0165 testov po\u010das ich vykon\u00e1vania.<\/li>\n<li><strong>S\u00falad s medzin\u00e1rodn\u00fdmi normami<\/strong>: Na str\u00e1nke <strong>Tester \u0161ikm\u00e9ho koeficientu trenia<\/strong> je skon\u0161truovan\u00fd tak, aby sp\u013a\u0148al viacer\u00e9 medzin\u00e1rodn\u00e9 normy vr\u00e1tane ASTM D202, ASTM D4918 a TAPPI T815, \u010do zaru\u010duje presnos\u0165 a spo\u013eahlivos\u0165 v\u00fdsledkov va\u0161ich testov.<\/li>\n<li><strong>Meranie uhlovej aj statickej COF<\/strong>: Okrem merania uhla sklonu, pri ktorom doch\u00e1dza ku k\u013azaniu, tento tester vypo\u010d\u00edta aj statick\u00fd koeficient trenia, \u010d\u00edm poskytuje komplexn\u00fd poh\u013ead na vlastnosti materi\u00e1lu.<\/li>\n<li><strong>Mikrotla\u010d na jednoduch\u00fa dokument\u00e1ciu v\u00fdsledkov testu<\/strong>: Tester m\u00f4\u017ee generova\u0165 v\u00fdsledky testov v tla\u010denej forme, \u010do pou\u017e\u00edvate\u013eom umo\u017e\u0148uje \u013eahko zdokumentova\u0165 a zdie\u013ea\u0165 zistenia. T\u00e1to funkcia je obzvl\u00e1\u0161\u0165 u\u017eito\u010dn\u00e1 pri kontrole kvality, pod\u00e1van\u00ed spr\u00e1v a overovan\u00ed zhody.<\/li>\n<li><strong>Volite\u013en\u00fd RS232 a profesion\u00e1lny softv\u00e9r<\/strong>: Pou\u017e\u00edvate\u013eom, ktor\u00ed vy\u017eaduj\u00fa pokro\u010dil\u00fa anal\u00fdzu \u00fadajov, pon\u00faka tester pripojenie RS232 a volite\u013en\u00fd profesion\u00e1lny softv\u00e9r, ktor\u00fd umo\u017e\u0148uje bezprobl\u00e9mov\u00fa integr\u00e1ciu s in\u00fdmi syst\u00e9mami a poskytuje robustnej\u0161ie mo\u017enosti spr\u00e1vy \u00fadajov a vytv\u00e1rania spr\u00e1v.<\/li>\n<\/ul>\n<h2><strong>Technick\u00e9 \u0161pecifik\u00e1cie<\/strong><\/h2>\n<table>\n<tbody>\n<tr>\n<td style=\"text-align: center;\" width=\"104\">Rozsah uhlov<\/td>\n<td style=\"text-align: center;\" width=\"328\">0\u00b0 ~ 60\u00b0<\/td>\n<\/tr>\n<tr>\n<td style=\"text-align: center;\" width=\"104\">Presnos\u0165<\/td>\n<td style=\"text-align: center;\" width=\"328\">0.01\u00b0<\/td>\n<\/tr>\n<tr>\n<td style=\"text-align: center;\" width=\"104\">M\u0155tvica<\/td>\n<td style=\"text-align: center;\" width=\"328\">0,1\u00b0\/s \uff5e 10,0\u00b0\/s<\/td>\n<\/tr>\n<tr>\n<td style=\"text-align: center;\" width=\"104\">Sane<\/td>\n<td style=\"text-align: center;\" width=\"328\">200 g, 235 g alebo 1300 g (vyberte si jednu alebo in\u00e9)<\/td>\n<\/tr>\n<\/tbody>\n<\/table>\n<h2><strong>Aplik\u00e1cie \u0161ikm\u00e9ho testera koeficientu trenia<\/strong><\/h2>\n<p>Str\u00e1nka <strong>Tester \u0161ikm\u00e9ho koeficientu trenia<\/strong> sa pou\u017e\u00edva v \u0161irokom spektre priemyseln\u00fdch odvetv\u00ed na testovanie materi\u00e1lov z h\u013eadiska trec\u00edch vlastnost\u00ed. Tu s\u00fa niektor\u00e9 k\u013e\u00fa\u010dov\u00e9 aplik\u00e1cie:<\/p>\n<ul>\n<li><strong>Balenie<\/strong>: Posudzujte trecie vlastnosti f\u00f3li\u00ed, papiera, kart\u00f3nu a in\u00fdch obalov\u00fdch materi\u00e1lov s cie\u013eom zabezpe\u010di\u0165 bezprobl\u00e9mov\u00fa prev\u00e1dzku baliacich liniek.<\/li>\n<li><strong>Automobilov\u00fd priemysel<\/strong>: Hodnotenie brzdov\u00fdch do\u0161ti\u010diek a in\u00fdch komponentov z h\u013eadiska v\u00fdkonu, \u017eivotnosti a bezpe\u010dnosti.<\/li>\n<li><strong>Textil<\/strong>: Testujte tkaniny, tkan\u00e9 materi\u00e1ly a povlaky z h\u013eadiska ich trec\u00edch vlastnost\u00ed, ktor\u00e9 s\u00fa d\u00f4le\u017eit\u00e9 pre manipul\u00e1ciu s tkaninami a ich spracovanie.<\/li>\n<li><strong>Zdravotn\u00edcke pom\u00f4cky<\/strong>: Zabezpe\u010dte, aby zdravotn\u00edcke obalov\u00e9 materi\u00e1ly sp\u013a\u0148ali potrebn\u00e9 po\u017eiadavky COF, aby sa predi\u0161lo probl\u00e9mom po\u010das balenia a distrib\u00facie.<\/li>\n<li><strong>Farmaceutick\u00e9 v\u00fdrobky<\/strong>: Meranie trec\u00edch vlastnost\u00ed farmaceutick\u00fdch obalov\u00fdch materi\u00e1lov na zabezpe\u010denie spr\u00e1vnej manipul\u00e1cie a skladovania.<\/li>\n<\/ul>","protected":false},"excerpt":{"rendered":"<p>Str\u00e1nka <strong>Tester \u0161ikm\u00e9ho koeficientu trenia<\/strong> je modern\u00fd pr\u00edstroj ur\u010den\u00fd na meranie statick\u00e9ho koeficientu trenia (COF) \u0161irokej \u0161k\u00e1ly materi\u00e1lov. Pomocou variabilnej naklonenej roviny a posuvn\u00e9ho bloku tento tester ur\u010duje uhol, pri ktorom sa jeden testovac\u00ed povrch za\u010dne pos\u00fava\u0165 proti druh\u00e9mu, ke\u010f sa sklon postupne zvy\u0161uje. Zariadenie je ide\u00e1lne na testovanie r\u00f4znych materi\u00e1lov vr\u00e1tane plastov\u00fdch f\u00f3li\u00ed, gumy, papiera, dosiek, tkan\u00edn, n\u00e1terov, brzdov\u00fdch do\u0161ti\u010diek, text\u00edli\u00ed a \u010fal\u0161\u00edch.<\/p>","protected":false},"featured_media":5990,"comment_status":"closed","ping_status":"closed","template":"","meta":{"site-sidebar-layout":"default","site-content-layout":"default","ast-global-header-display":"","ast-main-header-display":"","ast-hfb-above-header-display":"","ast-hfb-below-header-display":"","ast-hfb-mobile-header-display":"","site-post-title":"","ast-breadcrumbs-content":"","ast-featured-img":"","footer-sml-layout":"","theme-transparent-header-meta":"default","adv-header-id-meta":"","stick-header-meta":"","header-above-stick-meta":"","header-main-stick-meta":"","header-below-stick-meta":""},"product_cat":[845,1130,938,683,44,16,123,133,95],"product_tag":[],"class_list":{"0":"post-1484","1":"product","2":"type-product","3":"status-publish","4":"has-post-thumbnail","6":"product_cat-customization","7":"product_cat-tappi-t815","8":"product_cat-textile-tester","9":"product_cat-coefficient-of-friction-tester","10":"product_cat-paper-and-board-testers","11":"product_cat-plastic-packaging-testers","12":"product_cat-astm-d202","13":"product_cat-astm-d4918","14":"product_cat-products","15":"desktop-align-left","16":"tablet-align-left","17":"mobile-align-left","19":"first","20":"instock","21":"shipping-taxable","22":"product-type-simple"},"_links":{"self":[{"href":"https:\/\/www.qualitester.com\/sk\/wp-json\/wp\/v2\/product\/1484","targetHints":{"allow":["GET"]}}],"collection":[{"href":"https:\/\/www.qualitester.com\/sk\/wp-json\/wp\/v2\/product"}],"about":[{"href":"https:\/\/www.qualitester.com\/sk\/wp-json\/wp\/v2\/types\/product"}],"replies":[{"embeddable":true,"href":"https:\/\/www.qualitester.com\/sk\/wp-json\/wp\/v2\/comments?post=1484"}],"version-history":[{"count":0,"href":"https:\/\/www.qualitester.com\/sk\/wp-json\/wp\/v2\/product\/1484\/revisions"}],"wp:featuredmedia":[{"embeddable":true,"href":"https:\/\/www.qualitester.com\/sk\/wp-json\/wp\/v2\/media\/5990"}],"wp:attachment":[{"href":"https:\/\/www.qualitester.com\/sk\/wp-json\/wp\/v2\/media?parent=1484"}],"wp:term":[{"taxonomy":"product_cat","embeddable":true,"href":"https:\/\/www.qualitester.com\/sk\/wp-json\/wp\/v2\/product_cat?post=1484"},{"taxonomy":"product_tag","embeddable":true,"href":"https:\/\/www.qualitester.com\/sk\/wp-json\/wp\/v2\/product_tag?post=1484"}],"curies":[{"name":"wp","href":"https:\/\/api.w.org\/{rel}","templated":true}]}}