{"id":7816,"date":"2026-01-04T09:05:28","date_gmt":"2026-01-04T01:05:28","guid":{"rendered":"https:\/\/www.qualitester.com\/?page_id=7816"},"modified":"2026-01-04T09:05:28","modified_gmt":"2026-01-04T01:05:28","slug":"top-load-strength-test-method","status":"publish","type":"page","link":"https:\/\/www.qualitester.com\/sk\/applications\/top-load-strength-test-method\/","title":{"rendered":"Met\u00f3da sk\u00fa\u0161ky pevnosti pri hornom za\u0165a\u017een\u00ed"},"content":{"rendered":"<h1 style=\"text-align: center\" data-start=\"370\" data-end=\"882\">Met\u00f3da sk\u00fa\u0161ky pevnosti pri hornom za\u0165a\u017een\u00ed<br \/>\nISO 8113<\/h1>\n<hr \/>\n<h2 data-start=\"945\" data-end=\"1195\">\u00davod<\/h2>\n<p><img fetchpriority=\"high\" decoding=\"async\" class=\"size-medium wp-image-7813 alignright\" src=\"https:\/\/www.qualitester.com\/wp-content\/uploads\/2026\/01\/ISO-8113-Top-Load-Test-300x300.webp\" alt=\"ISO 8113 Test horn\u00e9ho za\u0165a\u017eenia\" width=\"300\" height=\"300\" srcset=\"https:\/\/www.qualitester.com\/wp-content\/uploads\/2026\/01\/ISO-8113-Top-Load-Test-300x300.webp 300w, https:\/\/www.qualitester.com\/wp-content\/uploads\/2026\/01\/ISO-8113-Top-Load-Test-150x150.webp 150w, https:\/\/www.qualitester.com\/wp-content\/uploads\/2026\/01\/ISO-8113-Top-Load-Test-12x12.webp 12w, https:\/\/www.qualitester.com\/wp-content\/uploads\/2026\/01\/ISO-8113-Top-Load-Test-100x100.webp 100w, https:\/\/www.qualitester.com\/wp-content\/uploads\/2026\/01\/ISO-8113-Top-Load-Test.webp 600w\" sizes=\"(max-width: 300px) 100vw, 300px\" \/><\/p>\n<p>Str\u00e1nka <strong data-start=\"483\" data-end=\"516\">Met\u00f3da sk\u00fa\u0161ky pevnosti pri hornom za\u0165a\u017een\u00ed<\/strong> je nevyhnutn\u00fd na hodnotenie odolnosti a \u0161truktur\u00e1lnej integrity sklenen\u00fdch n\u00e1dob pri vonkaj\u0161om vertik\u00e1lnom tlaku.<\/p>\n<p>T\u00e1to met\u00f3da <span style=\"font-size: 16px\">je \u0161iroko pou\u017e\u00edvan\u00fd v priemyseln\u00fdch odvetviach, ktor\u00e9 sa spoliehaj\u00fa na sklenen\u00e9 obaly, ako napr\u00edklad v n\u00e1pojovom, farmaceutickom a potravin\u00e1rskom priemysle. Zabezpe\u010denie toho, aby obaly vydr\u017eali stohovanie a prepravn\u00fd tlak, je ve\u013emi d\u00f4le\u017eit\u00e9 a test pevnosti pri hornom za\u0165a\u017een\u00ed je d\u00f4le\u017eitou s\u00fa\u010das\u0165ou tohto hodnotenia.<\/span><\/p>\n<h2>Pochopenie normy ISO 8113: Norma pre odolnos\u0165 sklenen\u00fdch n\u00e1dob vo\u010di vertik\u00e1lnemu za\u0165a\u017eeniu<\/h2>\n<p data-start=\"1024\" data-end=\"1413\">Norma ISO 8113 uv\u00e1dza <strong data-start=\"1051\" data-end=\"1067\">sk\u00fa\u0161obn\u00e9 met\u00f3dy<\/strong> na ur\u010denie <strong data-start=\"1088\" data-end=\"1141\">odolnos\u0165 sklenen\u00fdch n\u00e1dob vo\u010di vonkaj\u0161\u00edm sil\u00e1m<\/strong> aplikovan\u00e9 pozd\u013a\u017e vertik\u00e1lnej osi. T\u00e1to met\u00f3da pom\u00e1ha v\u00fdrobcom pos\u00fadi\u0165, ako dobre ich sklenen\u00e9 obaly zn\u00e1\u0161aj\u00fa fyzick\u00e9 nam\u00e1hanie pri manipul\u00e1cii, stohovan\u00ed a preprave. To je ve\u013emi d\u00f4le\u017eit\u00e9 na zabr\u00e1nenie rozbitiu po\u010das prepravy, ktor\u00e9 by mohlo ma\u0165 za n\u00e1sledok stratu alebo po\u0161kodenie v\u00fdrobku.<\/p>\n<p data-start=\"1415\" data-end=\"1660\">Norma ISO 8113 sa zameriava najm\u00e4 na sk\u00fa\u0161anie sklenen\u00fdch n\u00e1dob, ktor\u00e9 neboli podroben\u00e9 in\u00fdm mechanick\u00fdm alebo tepeln\u00fdm sk\u00fa\u0161kam. Norma stanovuje parametre pr\u00edpravy vzoriek, sk\u00fa\u0161obn\u00fdch pr\u00edstrojov a postupov na dosiahnutie presn\u00fdch a opakovate\u013en\u00fdch v\u00fdsledkov.<\/p>\n<hr \/>\n<h2 data-start=\"1415\" data-end=\"1660\">Test pevnosti pri maxim\u00e1lnom za\u0165a\u017een\u00ed: \u010co potrebujete vedie\u0165<\/h2>\n<h3>Testovacie zariadenie<\/h3>\n<p data-start=\"1742\" data-end=\"2135\">Pr\u00edstroj na vykon\u00e1vanie <strong data-start=\"1775\" data-end=\"1801\">Sk\u00fa\u0161ka pevnosti pri maxim\u00e1lnom za\u0165a\u017een\u00ed<\/strong> pozost\u00e1va z dvoch horizont\u00e1lnych ploch\u00fdch oce\u013eov\u00fdch pr\u00edtla\u010dn\u00fdch dosiek. Tieto dosky p\u00f4sobia na sklenen\u00fa n\u00e1dobu tlakovou silou, k\u00fdm sa n\u00e1doba nedeformuje alebo nerozbije. Pr\u00edstroj je vybaven\u00fd <strong data-start=\"2016\" data-end=\"2036\">ochrann\u00fd kryt<\/strong> aby sa zabr\u00e1nilo rozbitiu n\u00e1doby a aby sa n\u00e1doba po\u010das testu bezpe\u010dne zadr\u017eala.<\/p>\n<p data-start=\"2137\" data-end=\"2421\">Okrem toho pr\u00edstroj obsahuje <strong data-start=\"2173\" data-end=\"2181\">podlo\u017eky<\/strong> (ako s\u00fa gumen\u00e9 f\u00f3lie alebo zlo\u017een\u00fd papier) umiestnen\u00e9 medzi sklom a kovov\u00fdmi doskami. Tieto podlo\u017eky zabezpe\u010duj\u00fa rovnomern\u00e9 rozlo\u017eenie sily a zabra\u0148uj\u00fa priamemu kontaktu skla s kovom, ktor\u00fd by mohol vies\u0165 k nepresn\u00fdm v\u00fdsledkom alebo pred\u010dasn\u00e9mu zlyhaniu.<\/p>\n<h3 data-start=\"2137\" data-end=\"2421\">Sk\u00fa\u0161obn\u00fd postup pre sk\u00fa\u0161ku pevnosti pri hornom za\u0165a\u017een\u00ed<\/h3>\n<ul>\n<li data-start=\"2476\" data-end=\"2759\">\n<h4><strong data-start=\"2476\" data-end=\"2508\">Pr\u00edprava sk\u00fa\u0161obn\u00fdch vzoriek:<\/strong><\/h4>\n<p>Sklenen\u00e9 n\u00e1doby, ktor\u00e9 sa maj\u00fa testova\u0165, by mali by\u0165 zbaven\u00e9 ak\u00fdchko\u013evek sklenen\u00fdch \u010dast\u00edc alebo \u00falomkov. Teplota vzorky by sa nemala l\u00ed\u0161i\u0165 od teploty okolia o viac ako 5 \u00b0C, aby sa predi\u0161lo teplotn\u00e9mu nam\u00e1haniu, ktor\u00e9 by mohlo ovplyvni\u0165 v\u00fdsledok testu.<\/li>\n<li data-start=\"2764\" data-end=\"2995\">\n<h4><strong data-start=\"2764\" data-end=\"2779\">Nastavenie testu:<\/strong><\/h4>\n<p>Umiestnite n\u00e1dobu do stredu spodnej pr\u00edtla\u010dnej dosky a zarovnajte ju s osou pr\u00edstroja. N\u00e1doba by mala by\u0165 zakryt\u00e1 ochrann\u00fdm vie\u010dkom a podlo\u017ekami, aby sa po\u010das sk\u00fa\u0161ky nepo\u0161kodila.<\/li>\n<li data-start=\"3000\" data-end=\"3127\">\n<h4><strong data-start=\"3000\" data-end=\"3022\">Pou\u017eitie z\u00e1\u0165a\u017ee:<\/strong><\/h4>\n<p>Sk\u00fa\u0161ka sa vykon\u00e1va postupn\u00fdm zvy\u0161ovan\u00edm vertik\u00e1lneho za\u0165a\u017eenia. Existuj\u00fa dva typy postupov:<\/p>\n<ul data-start=\"3131\" data-end=\"3449\">\n<li data-start=\"3131\" data-end=\"3299\">\n<p data-start=\"3133\" data-end=\"3299\"><strong data-start=\"3133\" data-end=\"3146\">Absolvovanie testu<\/strong>: Sila sa zvy\u0161uje, k\u00fdm sa nedosiahne zadan\u00e1 hodnota. Potom sa dosky stiahnu. Toto sa vykon\u00e1va pre vopred stanoven\u00fd po\u010det n\u00e1dob.<\/p>\n<\/li>\n<li data-start=\"3303\" data-end=\"3449\">\n<p data-start=\"3305\" data-end=\"3449\"><strong data-start=\"3305\" data-end=\"3331\">Celkov\u00fd progres\u00edvny test<\/strong>: Sila p\u00f4sob\u00ed postupne, a\u017e k\u00fdm sa n\u00e1doba nerozbije. T\u00e1to sk\u00fa\u0161ka sa vykon\u00e1va na v\u0161etk\u00fdch n\u00e1dob\u00e1ch vo vzorke.<\/p>\n<\/li>\n<\/ul>\n<\/li>\n<li data-start=\"3454\" data-end=\"3767\">\n<h4><strong data-start=\"3454\" data-end=\"3480\">Zaznamen\u00e1vanie v\u00fdsledkov:<\/strong><\/h4>\n<p>Pre <strong data-start=\"3492\" data-end=\"3505\">\u00faspe\u0161ne absolvova\u0165 test<\/strong>, zaznamen\u00e1va sa dosiahnut\u00e1 sila a po\u010det kontajnerov, ktor\u00e9 zlyhali. V <strong data-start=\"3588\" data-end=\"3614\">celkov\u00fd progres\u00edvny test<\/strong>, sila potrebn\u00e1 na rozbitie ka\u017edej n\u00e1doby sa zaznamen\u00e1 a vykon\u00e1 sa \u0161tatistick\u00e1 anal\u00fdza s cie\u013eom zisti\u0165 priemer a \u0161tandardn\u00fa odch\u00fdlku v\u00fdsledkov.<\/li>\n<\/ul>\n<hr \/>\n<h2>Vertik\u00e1lny test za\u0165a\u017eenia sklenen\u00fdch flia\u0161: Pre\u010do je to d\u00f4le\u017eit\u00e9<\/h2>\n<p data-start=\"3832\" data-end=\"4252\">Str\u00e1nka <strong data-start=\"3836\" data-end=\"3858\">vertik\u00e1lna z\u00e1\u0165a\u017eov\u00e1 sk\u00fa\u0161ka<\/strong> je d\u00f4le\u017eitou s\u00fa\u010das\u0165ou zabezpe\u010denia toho, aby <strong data-start=\"3895\" data-end=\"3912\">sklenen\u00e9 f\u013ea\u0161e<\/strong> vydr\u017eia z\u00e1\u0165a\u017e, s ktorou sa stretn\u00fa v re\u00e1lnych podmienkach. V priemyseln\u00fdch odvetviach, ako s\u00fa n\u00e1poje a lie\u010div\u00e1, sa v\u00fdrobky po\u010das prepravy a skladovania \u010dasto ukladaj\u00fa na seba, \u010d\u00edm sa na n\u00e1doby vyv\u00edja zna\u010dn\u00fd tlak. Ak kontajner nie je schopn\u00fd odola\u0165 tomuto tlaku, m\u00f4\u017ee praskn\u00fa\u0165, zdeformova\u0165 sa alebo sa zlomi\u0165, \u010do sp\u00f4sob\u00ed stratu v\u00fdrobku.<\/p>\n<p data-start=\"4254\" data-end=\"4527\">Sklenen\u00e9 f\u013ea\u0161e sa testuj\u00fa na <strong data-start=\"4283\" data-end=\"4314\">odolnos\u0165 vo\u010di vertik\u00e1lnemu za\u0165a\u017eeniu<\/strong> postupn\u00fdm vyv\u00edjan\u00edm tlaku pozd\u013a\u017e vertik\u00e1lnej osi, k\u00fdm sa n\u00e1doba nedeformuje alebo nepraskne. T\u00e1to sk\u00fa\u0161ka simuluje podmienky stohovania a zabezpe\u010duje, \u017ee obal sp\u013a\u0148a potrebn\u00e9 normy na odolnos\u0165.<\/p>\n<h2 data-start=\"4529\" data-end=\"4595\"><strong data-start=\"4529\" data-end=\"4595\">Test vertik\u00e1lnej kompresie: Posudzovanie integrity sklenen\u00fdch n\u00e1dob<\/strong><\/h2>\n<p data-start=\"4597\" data-end=\"5041\">A <strong data-start=\"4599\" data-end=\"4628\">vertik\u00e1lna kompresn\u00e1 sk\u00fa\u0161ka<\/strong> je met\u00f3da pou\u017e\u00edvan\u00e1 na vyhodnotenie <strong data-start=\"4662\" data-end=\"4698\">odolnos\u0165 vo\u010di tlakov\u00fdm sil\u00e1m<\/strong> na sklenen\u00fa n\u00e1dobu. Po\u010das sk\u00fa\u0161ky je n\u00e1doba vystaven\u00e1 rast\u00facemu tlaku pozd\u013a\u017e vertik\u00e1lnej osi. Cie\u013eom je pos\u00fadi\u0165, ak\u00fa vertik\u00e1lnu tlakov\u00fa silu m\u00f4\u017ee n\u00e1doba vydr\u017ea\u0165, ne\u017e d\u00f4jde k jej poru\u0161eniu. Tento test pom\u00e1ha v\u00fdrobcom ur\u010di\u0165 \u0161truktur\u00e1lnu integritu obalu a identifikova\u0165 potenci\u00e1lne slab\u00e9 miesta.<\/p>\n<h2 data-start=\"5043\" data-end=\"5113\"><strong data-start=\"5043\" data-end=\"5113\">Met\u00f3da sk\u00fa\u0161ky odolnosti proti vertik\u00e1lnemu za\u0165a\u017eeniu pre baliace aplik\u00e1cie<\/strong><\/h2>\n<p data-start=\"5115\" data-end=\"5574\">Str\u00e1nka <strong data-start=\"5119\" data-end=\"5150\">odolnos\u0165 vo\u010di vertik\u00e1lnemu za\u0165a\u017eeniu<\/strong> Testovacia met\u00f3da je pou\u017eite\u013en\u00e1 na r\u00f4zne baliace aplik\u00e1cie. Pos\u00faden\u00edm schopnosti sklenen\u00fdch obalov odol\u00e1va\u0165 vertik\u00e1lnym sil\u00e1m m\u00f4\u017eu v\u00fdrobcovia zabezpe\u010di\u0165, aby ich obaly po\u010das prepravy a skladovania nezlyhali. T\u00e1to sk\u00fa\u0161ka je obzvl\u00e1\u0161\u0165 d\u00f4le\u017eit\u00e1 pre priemyseln\u00e9 odvetvia, ktor\u00e9 sa spoliehaj\u00fa na sklenen\u00e9 obaly, ako s\u00fa n\u00e1poje, potraviny a lie\u010div\u00e1, kde je integrita v\u00fdrobku nevyhnutn\u00e1 z h\u013eadiska bezpe\u010dnosti aj kvality.<\/p>\n<hr \/>\n<h2 data-start=\"5115\" data-end=\"5574\">Hlavn\u00e9 v\u00fdhody vykon\u00e1vania testov pevnosti pri hornom za\u0165a\u017een\u00ed<\/h2>\n<ul>\n<li><strong data-start=\"5639\" data-end=\"5665\">Zabezpe\u010duje bezpe\u010dnos\u0165 v\u00fdrobku<\/strong>: Identifikovan\u00edm slab\u00fdch miest v sklenen\u00fdch obaloch m\u00f4\u017eu v\u00fdrobcovia zlep\u0161i\u0165 odolnos\u0165 obalov a zabr\u00e1ni\u0165 ich rozbitiu po\u010das prepravy, \u010d\u00edm sa zabezpe\u010d\u00ed bezpe\u010dnos\u0165 v\u00fdrobkov.<\/li>\n<li data-start=\"5830\" data-end=\"5999\"><strong data-start=\"5830\" data-end=\"5846\">\u00daspora n\u00e1kladov<\/strong>: Identifikovan\u00edm probl\u00e9mov s pevnos\u0165ou kontajnerov v ranom \u0161t\u00e1diu v\u00fdrobn\u00e9ho procesu m\u00f4\u017eu v\u00fdrobcovia pred\u00eds\u0165 n\u00e1kladn\u00fdm strat\u00e1m v\u00fdrobkov a ich stiahnutiu z trhu.<\/li>\n<li data-start=\"6002\" data-end=\"6241\"><strong data-start=\"6002\" data-end=\"6027\">Dodr\u017eiavanie pr\u00e1vnych predpisov<\/strong>: Mnoh\u00e9 priemyseln\u00e9 odvetvia maj\u00fa pr\u00edsne predpisy t\u00fdkaj\u00face sa trvanlivosti obalov. Vykon\u00e1vanie testov horn\u00e9ho za\u0165a\u017eenia zaru\u010duje, \u017ee sklenen\u00e9 obaly sp\u013a\u0148aj\u00fa tieto regula\u010dn\u00e9 po\u017eiadavky, \u010d\u00edm sa predch\u00e1dza pokut\u00e1m a zachov\u00e1va d\u00f4veryhodnos\u0165 na trhu.<\/li>\n<li data-start=\"6244\" data-end=\"6446\"><strong data-start=\"6244\" data-end=\"6271\">Zv\u00fd\u0161en\u00e1 d\u00f4vera spotrebite\u013eov<\/strong>: Vysokokvalitn\u00e9 a spo\u013eahliv\u00e9 obaly prispievaj\u00fa k spokojnosti z\u00e1kazn\u00edkov a vernosti zna\u010dke, najm\u00e4 v odvetviach, ako s\u00fa potraviny a n\u00e1poje, kde je bezpe\u010dnos\u0165 v\u00fdrobkov prvorad\u00e1.<\/li>\n<\/ul>\n<hr \/>\n<h2>V\u00fdznam met\u00f3dy sk\u00fa\u0161ky pevnosti pri hornom za\u0165a\u017een\u00ed<\/h2>\n<p data-start=\"6522\" data-end=\"6900\">Str\u00e1nka <strong data-start=\"6526\" data-end=\"6559\">Met\u00f3da sk\u00fa\u0161ky pevnosti pri hornom za\u0165a\u017een\u00ed<\/strong> m\u00e1 z\u00e1sadn\u00fd v\u00fdznam pre ur\u010denie schopnosti <strong data-start=\"6604\" data-end=\"6624\">sklenen\u00e9 n\u00e1doby<\/strong> aby odolali sil\u00e1m, ktor\u00fdm bud\u00fa vystaven\u00e9 po\u010das manipul\u00e1cie, prepravy a skladovania. Dodr\u017eiavan\u00edm noriem, ako napr. <strong data-start=\"6740\" data-end=\"6752\">ISO 8113<\/strong>, m\u00f4\u017eu v\u00fdrobcovia zabezpe\u010di\u0165, aby ich obaly dobre fungovali pri vertik\u00e1lnom za\u0165a\u017een\u00ed, \u010do priamo ovplyv\u0148uje bezpe\u010dnos\u0165 v\u00fdrobkov a bezpe\u010dnos\u0165 spotrebite\u013eov.<\/p>\n<p style=\"font-size: 16px;font-style: normal;font-weight: 400\"><a href=\"https:\/\/www.qualitester.com\/sk\/produkt-2\/sale-container-top-load-testing-machine-astm-d2659\/\" target=\"_blank\" rel=\"noopener\"><img decoding=\"async\" class=\"size-medium wp-image-7819 alignright\" src=\"https:\/\/www.qualitester.com\/wp-content\/uploads\/2026\/01\/Top-Load-Strength-Test-Method-ISO-8113-300x300.webp\" alt=\"Met\u00f3da sk\u00fa\u0161ky pevnosti pri hornom za\u0165a\u017een\u00ed - ISO 8113\" width=\"300\" height=\"300\" srcset=\"https:\/\/www.qualitester.com\/wp-content\/uploads\/2026\/01\/Top-Load-Strength-Test-Method-ISO-8113-300x300.webp 300w, https:\/\/www.qualitester.com\/wp-content\/uploads\/2026\/01\/Top-Load-Strength-Test-Method-ISO-8113-150x150.webp 150w, https:\/\/www.qualitester.com\/wp-content\/uploads\/2026\/01\/Top-Load-Strength-Test-Method-ISO-8113-12x12.webp 12w, https:\/\/www.qualitester.com\/wp-content\/uploads\/2026\/01\/Top-Load-Strength-Test-Method-ISO-8113-100x100.webp 100w, https:\/\/www.qualitester.com\/wp-content\/uploads\/2026\/01\/Top-Load-Strength-Test-Method-ISO-8113.webp 600w\" sizes=\"(max-width: 300px) 100vw, 300px\" \/><\/a><\/p>\n<p data-start=\"6522\" data-end=\"6900\">spokojnos\u0165.<\/p>\n<p data-start=\"6902\" data-end=\"7121\">Na presn\u00e9 a efekt\u00edvne testovanie zv\u00e1\u017ete pou\u017eitie <strong data-start=\"6953\" data-end=\"6990\"><a href=\"https:\/\/www.qualitester.com\/sk\/\" target=\"_blank\" rel=\"noopener\">Mobiln\u00e9 n\u00e1stroje<\/a>\u2018 Tester hornej z\u00e1\u0165a\u017ee<\/strong>, ktor\u00fd je navrhnut\u00fd v s\u00falade s normami ISO a poskytuje spo\u013eahliv\u00e9, opakovate\u013en\u00e9 v\u00fdsledky.<\/p>\n<p><span style=\"font-size: 16px\">pre v\u0161etky va\u0161e potreby testovania vertik\u00e1lneho za\u0165a\u017eenia.<\/span><\/p>\n<hr \/>\n<h2 data-start=\"6902\" data-end=\"7121\">\u010cASTO KLADEN\u00c9 OT\u00c1ZKY<\/h2>\n<p data-start=\"7146\" data-end=\"7343\"><strong data-start=\"7146\" data-end=\"7207\">Ot\u00e1zka 1: \u010co sa hodnot\u00ed met\u00f3dou sk\u00fa\u0161ky pevnosti pri hornom za\u0165a\u017een\u00ed?<\/strong><br data-start=\"7207\" data-end=\"7210\" \/>A1: Hodnot\u00ed schopnos\u0165 sklenen\u00fdch n\u00e1dob odol\u00e1va\u0165 vonkaj\u0161\u00edm vertik\u00e1lnym tlakov\u00fdm sil\u00e1m po\u010das prepravy a skladovania.<\/p>\n<p data-start=\"7345\" data-end=\"7567\"><strong data-start=\"7345\" data-end=\"7407\">Ot\u00e1zka 2: Pre\u010do je norma ISO 8113 d\u00f4le\u017eit\u00e1 pre testovanie sklenen\u00fdch n\u00e1dob?<\/strong><br data-start=\"7407\" data-end=\"7410\" \/>A2: Norma ISO 8113 poskytuje \u0161tandardizovan\u00fa met\u00f3du na testovanie odolnosti sklenen\u00fdch n\u00e1dob vo\u010di vertik\u00e1lnemu za\u0165a\u017eeniu, \u010d\u00edm sa zabezpe\u010duje ich s\u00falad s po\u017eiadavkami na bezpe\u010dnos\u0165 a kvalitu.<\/p>\n<p data-start=\"7569\" data-end=\"7777\"><strong data-start=\"7569\" data-end=\"7621\">Ot\u00e1zka 3: Ako sa vykon\u00e1va test pevnosti pri hornom za\u0165a\u017een\u00ed?<\/strong><br data-start=\"7621\" data-end=\"7624\" \/>A3: Sk\u00fa\u0161ka spo\u010d\u00edva v p\u00f4soben\u00ed rast\u00faceho vertik\u00e1lneho za\u0165a\u017eenia na sklenen\u00fa n\u00e1dobu, k\u00fdm sa nedeformuje alebo nerozbije, \u010do pom\u00e1ha ur\u010di\u0165 jej odolnos\u0165 vo\u010di stla\u010deniu.<\/p>\n<p data-start=\"7779\" data-end=\"8010\"><strong data-start=\"7779\" data-end=\"7863\">Ot\u00e1zka \u010d. 4: Ak\u00fd je rozdiel medzi testom \u00faspe\u0161nosti a celkov\u00fdm progres\u00edvnym testom?<\/strong><br data-start=\"7863\" data-end=\"7866\" \/>A4: Sk\u00fa\u0161ka vyhovenia zah\u0155\u0148a p\u00f4sobenie ur\u010den\u00e9ho za\u0165a\u017eenia, zatia\u013e \u010do pri tot\u00e1lnej progres\u00edvnej sk\u00fa\u0161ke sa sila postupne zvy\u0161uje, a\u017e k\u00fdm sa n\u00e1doba nerozbije.<\/p>\n<p data-start=\"8012\" data-end=\"8278\"><strong data-start=\"8012\" data-end=\"8081\">Ot\u00e1zka 5: Ako m\u00f4\u017eem zabezpe\u010di\u0165, aby moje sklenen\u00e9 n\u00e1doby sp\u013a\u0148ali priemyseln\u00e9 normy?<\/strong><br data-start=\"8081\" data-end=\"8084\" \/>A5: Vykon\u00e1van\u00edm <strong data-start=\"8102\" data-end=\"8129\">Sk\u00fa\u0161ky pevnosti pri maxim\u00e1lnom za\u0165a\u017een\u00ed<\/strong> a dodr\u017eiavanie <strong data-start=\"8146\" data-end=\"8158\">ISO 8113<\/strong>, m\u00f4\u017eu v\u00fdrobcovia zabezpe\u010di\u0165, aby ich kontajnery sp\u013a\u0148ali potrebn\u00e9 normy odolnosti na bezpe\u010dn\u00fa prepravu a skladovanie.<\/p>","protected":false},"excerpt":{"rendered":"<p>Top-Load Strength Test Method ISO 8113 Introduction The Top-Load Strength Test Method is essential for evaluating the durability and structural integrity of glass containers under external vertical pressure. This method is widely used across industries that rely on glass packaging, such as the beverage, pharmaceutical, and food industries. Ensuring that containers can withstand stacking and &hellip;<\/p>\n<p class=\"read-more\"> <a class=\"\" href=\"https:\/\/www.qualitester.com\/sk\/applications\/top-load-strength-test-method\/\"> <span class=\"screen-reader-text\">Met\u00f3da sk\u00fa\u0161ky pevnosti pri hornom za\u0165a\u017een\u00ed<\/span> \u010c\u00edtajte viac \"<\/a><\/p>","protected":false},"author":7,"featured_media":0,"parent":6794,"menu_order":0,"comment_status":"closed","ping_status":"closed","template":"","meta":{"site-sidebar-layout":"default","site-content-layout":"default","ast-global-header-display":"","ast-main-header-display":"","ast-hfb-above-header-display":"","ast-hfb-below-header-display":"","ast-hfb-mobile-header-display":"","site-post-title":"disabled","ast-breadcrumbs-content":"","ast-featured-img":"","footer-sml-layout":"","theme-transparent-header-meta":"default","adv-header-id-meta":"","stick-header-meta":"","header-above-stick-meta":"","header-main-stick-meta":"","header-below-stick-meta":"","footnotes":""},"class_list":["post-7816","page","type-page","status-publish","hentry"],"_links":{"self":[{"href":"https:\/\/www.qualitester.com\/sk\/wp-json\/wp\/v2\/pages\/7816","targetHints":{"allow":["GET"]}}],"collection":[{"href":"https:\/\/www.qualitester.com\/sk\/wp-json\/wp\/v2\/pages"}],"about":[{"href":"https:\/\/www.qualitester.com\/sk\/wp-json\/wp\/v2\/types\/page"}],"author":[{"embeddable":true,"href":"https:\/\/www.qualitester.com\/sk\/wp-json\/wp\/v2\/users\/7"}],"replies":[{"embeddable":true,"href":"https:\/\/www.qualitester.com\/sk\/wp-json\/wp\/v2\/comments?post=7816"}],"version-history":[{"count":0,"href":"https:\/\/www.qualitester.com\/sk\/wp-json\/wp\/v2\/pages\/7816\/revisions"}],"up":[{"embeddable":true,"href":"https:\/\/www.qualitester.com\/sk\/wp-json\/wp\/v2\/pages\/6794"}],"wp:attachment":[{"href":"https:\/\/www.qualitester.com\/sk\/wp-json\/wp\/v2\/media?parent=7816"}],"curies":[{"name":"wp","href":"https:\/\/api.w.org\/{rel}","templated":true}]}}