{"id":7455,"date":"2025-09-15T13:38:07","date_gmt":"2025-09-15T05:38:07","guid":{"rendered":"https:\/\/www.qualitester.com\/?page_id=7455"},"modified":"2025-09-15T13:42:20","modified_gmt":"2025-09-15T05:42:20","slug":"bloom-gel-strength","status":"publish","type":"page","link":"https:\/\/www.qualitester.com\/sk\/applications\/bloom-gel-strength\/","title":{"rendered":"Sila g\u00e9lu Bloom: Zabezpe\u010denie konzistencie, kvality a bezpe\u010dnosti mokr\u00e9ho krmiva pre dom\u00e1ce zvierat\u00e1"},"content":{"rendered":"<p><strong data-start=\"383\" data-end=\"405\"><a href=\"https:\/\/www.qualitester.com\/sk\/?s=GST-01\"><img fetchpriority=\"high\" decoding=\"async\" class=\"alignleft wp-image-7458 size-medium\" src=\"https:\/\/www.qualitester.com\/wp-content\/uploads\/2025\/09\/GST-01-Gel-Strength-Tester-01-300x300.webp\" alt=\"sila kvetov\u00e9ho g\u00e9lu\" width=\"300\" height=\"300\" srcset=\"https:\/\/www.qualitester.com\/wp-content\/uploads\/2025\/09\/GST-01-Gel-Strength-Tester-01-300x300.webp 300w, https:\/\/www.qualitester.com\/wp-content\/uploads\/2025\/09\/GST-01-Gel-Strength-Tester-01-150x150.webp 150w, https:\/\/www.qualitester.com\/wp-content\/uploads\/2025\/09\/GST-01-Gel-Strength-Tester-01-12x12.webp 12w, https:\/\/www.qualitester.com\/wp-content\/uploads\/2025\/09\/GST-01-Gel-Strength-Tester-01-100x100.webp 100w, https:\/\/www.qualitester.com\/wp-content\/uploads\/2025\/09\/GST-01-Gel-Strength-Tester-01.webp 600w\" sizes=\"(max-width: 300px) 100vw, 300px\" \/><\/a>Sila g\u00e9lu Bloom<\/strong> je z\u00e1kladn\u00fdm parametrom kvality v krmiv\u00e1ch pre dom\u00e1ce zvierat\u00e1 a v \u0161ir\u0161om potravin\u00e1rskom priemysle, preto\u017ee sl\u00fa\u017ei ako meradlo pevnosti a \u0161trukt\u00fary g\u00e9lu. Pre v\u00fdrobcov mokr\u00fdch krm\u00edv pre dom\u00e1ce zvierat\u00e1 je kontrola pevnosti g\u00e9lu v rozkvete nevyhnutn\u00e1 na zabezpe\u010denie konzistencie v\u00fdrobku, \u0161truktur\u00e1lnej integrity a spokojnosti spotrebite\u013eov. Mokr\u00e9 krmiv\u00e1 obsahuj\u00face \u017eelat\u00ednu sa vo ve\u013ekej miere spoliehaj\u00fa na pevnos\u0165 g\u00e9lu, aby sa zachovala spr\u00e1vna \u0161trukt\u00fara, udr\u017eanie vlhkosti a stabilita po\u010das celej doby trvanlivosti v\u00fdrobku.<\/p>\n<hr \/>\n<h2>V\u00fdznam sily g\u00e9lu Bloom v mokrom krmive pre dom\u00e1ce zvierat\u00e1<\/h2>\n<p data-start=\"916\" data-end=\"1303\">Vo vlhkom krmive pre dom\u00e1ce zvierat\u00e1 na b\u00e1ze \u017eelat\u00edny <strong data-start=\"951\" data-end=\"985\">Test pevnosti g\u00e9lu pre mokr\u00e9 krmivo pre dom\u00e1ce zvierat\u00e1<\/strong> je nevyhnutn\u00fd na hodnotenie kvality v\u00fdrobku. \u017delat\u00edna funguje ako \u0161trukt\u00farovacie \u010dinidlo, ktor\u00e9 pom\u00e1ha udr\u017eiava\u0165 tvar k\u00faskov a zabra\u0148uje nadmern\u00e9mu odde\u013eovaniu vody. Meranie pevnosti g\u00e9lu v kvete umo\u017e\u0148uje v\u00fdrobcom predpoveda\u0165 vlastnosti v\u00fdrobku za r\u00f4znych podmienok, ako je skladovanie, preprava a k\u0155menie.<\/p>\n<p data-start=\"1305\" data-end=\"1621\">Vy\u0161\u0161ia sila g\u00e9lov\u00e9ho v\u00fdkvetu znamen\u00e1 pevnej\u0161ie g\u00e9ly, ktor\u00e9 pom\u00e1haj\u00fa zachova\u0165 celistvos\u0165 k\u00faskov v plechovk\u00e1ch alebo vreck\u00e1ch, zatia\u013e \u010do ni\u017e\u0161ia hodnota v\u00fdkvetu vytv\u00e1ra m\u00e4k\u0161ie, poddajnej\u0161ie text\u00fary. Dosiahnutie spr\u00e1vnej hodnoty bloomu zabezpe\u010duje, \u017ee vlhk\u00e9 krmivo zostane chutn\u00e9 a \u013eahko konzumovate\u013en\u00e9 pre dom\u00e1ce zvierat\u00e1, pri\u010dom sa vyv\u00e1\u017ei pevnos\u0165 a str\u00e1vite\u013enos\u0165.<\/p>\n<hr \/>\n<h2 data-start=\"1305\" data-end=\"1621\">Faktory ovplyv\u0148uj\u00face silu kvetov\u00e9ho g\u00e9lu<\/h2>\n<p data-start=\"1667\" data-end=\"1732\">Silu g\u00e9lu v mokrom krmive pre dom\u00e1ce zvierat\u00e1 ovplyv\u0148uje nieko\u013eko premenn\u00fdch:<\/p>\n<ul data-start=\"1734\" data-end=\"2270\">\n<li data-start=\"1734\" data-end=\"1837\">\n<p data-start=\"1736\" data-end=\"1837\"><strong data-start=\"1736\" data-end=\"1755\">Zdroj \u017eelat\u00edny:<\/strong> Hov\u00e4dzia, brav\u010dov\u00e1 alebo rybia \u017eelat\u00edna maj\u00fa odli\u0161n\u00e9 g\u00e9lotvorn\u00e9 vlastnosti.<\/p>\n<\/li>\n<li data-start=\"1838\" data-end=\"1947\">\n<p data-start=\"1840\" data-end=\"1947\"><strong data-start=\"1840\" data-end=\"1866\">Koncentr\u00e1cia \u017eelat\u00edny:<\/strong> Vy\u0161\u0161ie koncentr\u00e1cie maj\u00fa vo v\u0161eobecnosti za n\u00e1sledok vy\u0161\u0161ie hodnoty kvitnutia a pevnej\u0161ie g\u00e9ly.<\/p>\n<\/li>\n<li data-start=\"1948\" data-end=\"2060\">\n<p data-start=\"1950\" data-end=\"2060\"><strong data-start=\"1950\" data-end=\"1976\">Podmienky spracovania:<\/strong> Zahrievanie, r\u00fdchlos\u0165 chladenia a mie\u0161anie maj\u00fa v\u00fdznamn\u00fd vplyv na \u0161trukt\u00faru g\u00e9lovej siete.<\/p>\n<\/li>\n<li data-start=\"2061\" data-end=\"2162\">\n<p data-start=\"2063\" data-end=\"2162\"><strong data-start=\"2063\" data-end=\"2093\">Zlo\u017eky a pr\u00edsady:<\/strong> Soli, prote\u00edny, pH a kyseliny m\u00f4\u017eu zmeni\u0165 \u0161trukt\u00faru a pevnos\u0165 g\u00e9lu.<\/p>\n<\/li>\n<li data-start=\"2163\" data-end=\"2270\">\n<p data-start=\"2165\" data-end=\"2270\"><strong data-start=\"2165\" data-end=\"2188\">Podmienky skladovania:<\/strong> Kol\u00edsanie teploty m\u00f4\u017ee \u010dasom ovplyvni\u0165 stabilitu g\u00e9lu a pevnos\u0165 v\u00fdkvetu.<\/p>\n<\/li>\n<\/ul>\n<p data-start=\"2272\" data-end=\"2392\">Kontrolou t\u00fdchto faktorov m\u00f4\u017eu v\u00fdrobcovia d\u00f4sledne dosiahnu\u0165 po\u017eadovan\u00fa \u0161trukt\u00faru a zachova\u0165 kvalitu v\u00fdrobku.<\/p>\n<hr \/>\n<h2 data-start=\"2272\" data-end=\"2392\">Pokro\u010dil\u00e9 zariadenie na testovanie pevnosti g\u00e9lu<\/h2>\n<p data-start=\"2441\" data-end=\"2763\">Presn\u00e9 meranie pevnosti kvetov\u00e9ho g\u00e9lu si vy\u017eaduje \u0161pecializovan\u00e9 <strong data-start=\"2505\" data-end=\"2539\">Zariadenia na testovanie pevnosti g\u00e9lu<\/strong>, ako napr. <strong data-start=\"2553\" data-end=\"2606\">Cell Instruments GST-01 tester pevnosti kvetinov\u00e9ho g\u00e9lu<\/strong>. Toto zariadenie p\u00f4sob\u00ed \u0161tandardizovanou silou na \u017eelat\u00ednov\u00fd g\u00e9l pri kontrolovanej teplote a meria silu potrebn\u00fa na stla\u010denie g\u00e9lu do ur\u010ditej h\u013abky.<\/p>\n<p data-start=\"2765\" data-end=\"2806\">GST-01 poskytuje nieko\u013eko v\u00fdhod:<\/p>\n<ul data-start=\"2808\" data-end=\"3159\">\n<li data-start=\"2808\" data-end=\"2889\">\n<p data-start=\"2810\" data-end=\"2889\"><strong data-start=\"2810\" data-end=\"2842\">Presnos\u0165 a opakovate\u013enos\u0165:<\/strong> Zabezpe\u010duje spo\u013eahliv\u00e9 porovn\u00e1vanie jednotliv\u00fdch d\u00e1vok.<\/p>\n<\/li>\n<li data-start=\"2890\" data-end=\"2991\">\n<p data-start=\"2892\" data-end=\"2991\"><strong data-start=\"2892\" data-end=\"2924\">Kontrola kvality na z\u00e1klade \u00fadajov:<\/strong> U\u013eah\u010duje \u00fapravy zlo\u017eenia a optimaliz\u00e1ciu v\u00fdroby.<\/p>\n<\/li>\n<li data-start=\"2992\" data-end=\"3077\">\n<p data-start=\"2994\" data-end=\"3077\"><strong data-start=\"2994\" data-end=\"3024\">Dodr\u017eiavanie noriem:<\/strong> Podporuje testovacie protokoly ASTM D748 a ISO 9665.<\/p>\n<\/li>\n<li data-start=\"3078\" data-end=\"3159\">\n<p data-start=\"3080\" data-end=\"3159\"><strong data-start=\"3080\" data-end=\"3095\">\u00da\u010dinnos\u0165:<\/strong> Zni\u017euje po\u010det \u013eudsk\u00fdch ch\u00fdb a zjednodu\u0161uje rutinn\u00e9 pracovn\u00e9 postupy testovania.<\/p>\n<\/li>\n<\/ul>\n<p data-start=\"3161\" data-end=\"3345\">Integr\u00e1cia tak\u00e9hoto zariadenia do v\u00fdrobn\u00fdch procesov a procesov kontroly kvality zabezpe\u010duje, \u017ee sa d\u00f4sledne monitoruje pevnos\u0165 g\u00e9lu v kvete, \u010d\u00edm sa predch\u00e1dza odch\u00fdlkam, ktor\u00e9 by mohli ohrozi\u0165 kvalitu v\u00fdrobku.<\/p>\n<hr \/>\n<h2 data-start=\"3161\" data-end=\"3345\">Praktick\u00e9 aplik\u00e1cie a v\u00fdhody<\/h2>\n<p data-start=\"3390\" data-end=\"3462\">Testovanie sily kvetov\u00e9ho g\u00e9lu vo vlhkom krmive pre dom\u00e1ce zvierat\u00e1 prin\u00e1\u0161a mnoh\u00e9 v\u00fdhody:<\/p>\n<ol data-start=\"3464\" data-end=\"4069\">\n<li data-start=\"3464\" data-end=\"3545\">\n<p data-start=\"3467\" data-end=\"3545\"><strong data-start=\"3467\" data-end=\"3483\">Konzistentnos\u0165:<\/strong> Zabezpe\u010duje jednotn\u00fa \u0161trukt\u00faru a celistvos\u0165 k\u00faskov v jednotliv\u00fdch d\u00e1vkach.<\/p>\n<\/li>\n<li data-start=\"3546\" data-end=\"3650\">\n<p data-start=\"3549\" data-end=\"3650\"><strong data-start=\"3549\" data-end=\"3573\">V\u00fdvoj produktu:<\/strong> Usmer\u0148uje formul\u00e1ciu nov\u00fdch mokr\u00fdch potravinov\u00fdch v\u00fdrobkov s predv\u00eddate\u013en\u00fdm spr\u00e1van\u00edm g\u00e9lu.<\/p>\n<\/li>\n<li data-start=\"3651\" data-end=\"3739\">\n<p data-start=\"3654\" data-end=\"3739\"><strong data-start=\"3654\" data-end=\"3676\">Zabezpe\u010denie kvality:<\/strong> Zis\u0165uje rozdiely v zdrojoch \u017eelat\u00edny alebo v met\u00f3dach spracovania.<\/p>\n<\/li>\n<li data-start=\"3740\" data-end=\"3832\">\n<p data-start=\"3743\" data-end=\"3832\"><strong data-start=\"3743\" data-end=\"3769\">Spokojnos\u0165 spotrebite\u013eov:<\/strong> Zachov\u00e1va optim\u00e1lnu pevnos\u0165, \u010d\u00edm zvy\u0161uje chutnos\u0165 pre dom\u00e1ce zvierat\u00e1.<\/p>\n<\/li>\n<li data-start=\"3833\" data-end=\"3935\">\n<p data-start=\"3836\" data-end=\"3935\"><strong data-start=\"3836\" data-end=\"3862\">Dodr\u017eiavanie pr\u00e1vnych predpisov:<\/strong> Podporuje dodr\u017eiavanie medzin\u00e1rodn\u00fdch noriem bezpe\u010dnosti a kvality potrav\u00edn.<\/p>\n<\/li>\n<li data-start=\"3936\" data-end=\"4069\">\n<p data-start=\"3939\" data-end=\"4069\"><strong data-start=\"3939\" data-end=\"3968\">V\u00fdznam pre r\u00f4zne odvetvia:<\/strong> Pou\u017e\u00edva sa na potraviny pre \u013eud\u00ed, \u017eelat\u00ednov\u00e9 dezerty, v\u00fd\u017eivov\u00e9 doplnky a farmaceutick\u00e9 v\u00fdrobky.<\/p>\n<\/li>\n<\/ol>\n<hr \/>\n<h2>Z\u00e1ver<\/h2>\n<p data-start=\"46\" data-end=\"474\">Pochopenie a kontrola <strong data-start=\"76\" data-end=\"98\">sila kvetov\u00e9ho g\u00e9lu<\/strong> je pre v\u00fdrobcov mokr\u00fdch krm\u00edv pre dom\u00e1ce zvierat\u00e1, t\u00edmy kontroly kvality a odborn\u00edkov na zlo\u017eenie ve\u013emi d\u00f4le\u017eit\u00fd. Zabezpe\u010duje konzistentn\u00fa text\u00faru, spr\u00e1vnu celistvos\u0165 k\u00faskov a stabiln\u00e9 vlastnosti v\u00fdrobku, ktor\u00e9 s\u00fa nevyhnutn\u00e9 pre spokojnos\u0165 dom\u00e1cich zvierat aj spo\u013eahlivos\u0165 zna\u010dky. Pri odch\u00fdlkach v sile g\u00e9lu m\u00f4\u017eu v\u00fdrobky strati\u0165 zam\u00fd\u0161\u013ean\u00fa text\u00faru, \u010do m\u00e1 za n\u00e1sledok ich zl\u00e9 prijatie dom\u00e1cimi zvieratami a zn\u00ed\u017een\u00fa d\u00f4veru majite\u013eov zvierat.<\/p>\n<p data-start=\"476\" data-end=\"958\">Vyu\u017e\u00edvan\u00edm pokro\u010dil\u00fdch <strong data-start=\"498\" data-end=\"532\">Zariadenia na testovanie pevnosti g\u00e9lu<\/strong> ako napr. <strong data-start=\"545\" data-end=\"572\">Mobiln\u00e9 n\u00e1stroje <a href=\"https:\/\/www.qualitester.com\/sk\/?s=GST-01\">GST-01<\/a><\/strong>, m\u00f4\u017eu v\u00fdrobcovia optimalizova\u0165 zlo\u017eenie, minimalizova\u0165 variabilitu \u0161ar\u017e\u00ed a dod\u00e1va\u0165 vysokokvalitn\u00e9 a spo\u013eahliv\u00e9 v\u00fdrobky, ktor\u00e9 sp\u013a\u0148aj\u00fa regula\u010dn\u00e9 normy aj o\u010dak\u00e1vania spotrebite\u013eov. GST-01 nielen\u017ee poskytuje presn\u00e9 a opakovate\u013en\u00e9 merania, ale pom\u00e1ha v\u00fdrobcom zefekt\u00edvni\u0165 procesy kontroly kvality, \u010d\u00edm zni\u017euje n\u00e1klady spojen\u00e9 s odmietnut\u00fdmi \u0161ar\u017eami alebo s\u0165ahovan\u00edm v\u00fdrobkov z trhu.<\/p>\n<p data-start=\"960\" data-end=\"1372\">Investovanie do presn\u00fdch <strong data-start=\"981\" data-end=\"1011\">testovanie pevnosti kvetov\u00e9ho g\u00e9lu<\/strong> presahuje r\u00e1mec udr\u017eiavania kvality - je tie\u017e hnacou silou inov\u00e1ci\u00ed. V\u010faka spo\u013eahliv\u00fdm testovac\u00edm \u00fadajom m\u00f4\u017eu v\u00fdskumn\u00e9 a v\u00fdvojov\u00e9 t\u00edmy bez ob\u00e1v sk\u00fama\u0165 nov\u00e9 recept\u00fary, text\u00fary a produktov\u00e9 rady prisp\u00f4soben\u00e9 vyv\u00edjaj\u00facim sa po\u017eiadavk\u00e1m spotrebite\u013eov. V kone\u010dnom d\u00f4sledku t\u00e1to invest\u00edcia posil\u0148uje poves\u0165 zna\u010dky, zvy\u0161uje d\u00f4veru spotrebite\u013eov a zabezpe\u010duje konkuren\u010dn\u00fa v\u00fdhodu na rast\u00facom glob\u00e1lnom trhu s krmivom pre dom\u00e1ce zvierat\u00e1.<\/p>","protected":false},"excerpt":{"rendered":"<p>Pevnos\u0165 g\u00e9lu Bloom je z\u00e1kladn\u00fdm parametrom kvality v krmiv\u00e1ch pre dom\u00e1ce zvierat\u00e1 a v \u0161ir\u0161om potravin\u00e1rskom priemysle, preto\u017ee sl\u00fa\u017ei ako meradlo pevnosti a \u0161trukt\u00fary g\u00e9lu. Pre v\u00fdrobcov mokr\u00fdch krm\u00edv pre dom\u00e1ce zvierat\u00e1 je kontrola pevnosti g\u00e9lov\u00e9ho v\u00fdkvetu nevyhnutn\u00e1 na zabezpe\u010denie konzistencie v\u00fdrobku, \u0161truktur\u00e1lnej integrity a spokojnosti spotrebite\u013eov. Mokr\u00e9 krmiv\u00e1 obsahuj\u00face \u017eelat\u00ednu sa vo ve\u013ekej miere spoliehaj\u00fa na pevnos\u0165 v\u00fdkvetu, aby sa zachovala ...<\/p>\n<p class=\"read-more\"> <a class=\"\" href=\"https:\/\/www.qualitester.com\/sk\/applications\/bloom-gel-strength\/\"> <span class=\"screen-reader-text\">Sila g\u00e9lu Bloom: Zabezpe\u010denie konzistencie, kvality a bezpe\u010dnosti mokr\u00e9ho krmiva pre dom\u00e1ce zvierat\u00e1<\/span> \u010c\u00edtajte viac \"<\/a><\/p>","protected":false},"author":3,"featured_media":0,"parent":6794,"menu_order":0,"comment_status":"closed","ping_status":"closed","template":"","meta":{"site-sidebar-layout":"default","site-content-layout":"default","ast-global-header-display":"","ast-main-header-display":"","ast-hfb-above-header-display":"","ast-hfb-below-header-display":"","ast-hfb-mobile-header-display":"","site-post-title":"","ast-breadcrumbs-content":"","ast-featured-img":"","footer-sml-layout":"","theme-transparent-header-meta":"default","adv-header-id-meta":"","stick-header-meta":"","header-above-stick-meta":"","header-main-stick-meta":"","header-below-stick-meta":"","footnotes":""},"class_list":["post-7455","page","type-page","status-publish","hentry"],"_links":{"self":[{"href":"https:\/\/www.qualitester.com\/sk\/wp-json\/wp\/v2\/pages\/7455","targetHints":{"allow":["GET"]}}],"collection":[{"href":"https:\/\/www.qualitester.com\/sk\/wp-json\/wp\/v2\/pages"}],"about":[{"href":"https:\/\/www.qualitester.com\/sk\/wp-json\/wp\/v2\/types\/page"}],"author":[{"embeddable":true,"href":"https:\/\/www.qualitester.com\/sk\/wp-json\/wp\/v2\/users\/3"}],"replies":[{"embeddable":true,"href":"https:\/\/www.qualitester.com\/sk\/wp-json\/wp\/v2\/comments?post=7455"}],"version-history":[{"count":0,"href":"https:\/\/www.qualitester.com\/sk\/wp-json\/wp\/v2\/pages\/7455\/revisions"}],"up":[{"embeddable":true,"href":"https:\/\/www.qualitester.com\/sk\/wp-json\/wp\/v2\/pages\/6794"}],"wp:attachment":[{"href":"https:\/\/www.qualitester.com\/sk\/wp-json\/wp\/v2\/media?parent=7455"}],"curies":[{"name":"wp","href":"https:\/\/api.w.org\/{rel}","templated":true}]}}