{"id":7328,"date":"2025-07-31T13:49:15","date_gmt":"2025-07-31T05:49:15","guid":{"rendered":"https:\/\/www.qualitester.com\/?page_id=7328"},"modified":"2025-07-31T13:52:22","modified_gmt":"2025-07-31T05:52:22","slug":"usp-1217","status":"publish","type":"page","link":"https:\/\/www.qualitester.com\/sk\/standards\/usp-1217\/","title":{"rendered":"USP 1217"},"content":{"rendered":"<h1 style=\"text-align: center;\" data-start=\"529\" data-end=\"1070\"><strong data-start=\"529\" data-end=\"599\">\u00a0USP 1217<\/strong><\/h1>\n<h2 style=\"text-align: center;\" data-start=\"529\" data-end=\"1070\"><strong data-start=\"529\" data-end=\"599\">\u0160tandard pre testovanie pevnosti tabliet<\/strong><\/h2>\n<p data-start=\"529\" data-end=\"1070\"><br data-start=\"599\" data-end=\"602\" \/>Vo farmaceutickej v\u00fdrobe, <strong data-start=\"632\" data-end=\"652\">celistvos\u0165 tabliet<\/strong> nejde len o vzh\u013ead - priamo ovplyv\u0148uje \u00fa\u010dinnos\u0165, stabilitu a sk\u00fasenosti pacientov. <strong data-start=\"750\" data-end=\"764\">USP<\/strong> vytv\u00e1ra komplexn\u00fd r\u00e1mec na hodnotenie mechanickej pevnosti tabliet so zameran\u00edm na <strong data-start=\"858\" data-end=\"877\">tvrdos\u0165 tabliet<\/strong>, <strong data-start=\"879\" data-end=\"897\">l\u00e1macia sila<\/strong>, a odolnos\u0165 kon\u0161trukcie. Tieto ukazovatele usmer\u0148uj\u00fa zlo\u017eenie, poskytuj\u00fa inform\u00e1cie pre kontrolu kvality a zabezpe\u010duj\u00fa, aby tablety vydr\u017eali v\u00fdrobu a re\u00e1lne zaobch\u00e1dzanie bez poruchy.<\/p>\n<p data-start=\"1072\" data-end=\"1318\">Modern\u00e9 pr\u00edstrojov\u00e9 vybavenie, ako je Cell Instruments\u2019 <strong data-start=\"1118\" data-end=\"1151\">MPT-02 Tester tvrdosti tabliet<\/strong>-umo\u017e\u0148uje v\u00fdrobcom vykon\u00e1va\u0165 tieto testy s presnos\u0165ou a opakovate\u013enos\u0165ou, \u010do je v s\u00falade s USP  a z\u00e1rove\u0148 podporuje efekt\u00edvnos\u0165 procesov a dodr\u017eiavanie predpisov.<\/p>\n<hr data-start=\"1320\" data-end=\"1323\" \/>\n<h2 data-start=\"1325\" data-end=\"1398\"><strong data-start=\"1325\" data-end=\"1396\">Kritick\u00e9 testovacie protokoly: Od sk\u00fa\u0161ky tvrdosti tabliet po l\u00e1mavos\u0165<\/strong><\/h2>\n<p>&nbsp;<\/p>\n<h3 data-start=\"1400\" data-end=\"1810\"><strong data-start=\"1400\" data-end=\"1467\">Test tvrdosti a test l\u00e1mavosti tabliet: Pre\u010do z\u00e1le\u017e\u00ed na sile l\u00e1mania?<\/strong><\/h3>\n<h2 style=\"text-align: center;\" data-start=\"529\" data-end=\"1070\"><strong style=\"font-size: 27.2px;\" data-start=\"529\" data-end=\"599\"><img decoding=\"async\" class=\"wp-image-7332 alignright\" src=\"https:\/\/www.qualitester.com\/wp-content\/uploads\/2025\/07\/usp1217-tablet-hardness_11zon-150x150.webp\" alt=\"USP 1217 s testerom tvrdosti tabliet\" width=\"212\" height=\"212\" srcset=\"https:\/\/www.qualitester.com\/wp-content\/uploads\/2025\/07\/usp1217-tablet-hardness_11zon-150x150.webp 150w, https:\/\/www.qualitester.com\/wp-content\/uploads\/2025\/07\/usp1217-tablet-hardness_11zon-300x300.webp 300w, https:\/\/www.qualitester.com\/wp-content\/uploads\/2025\/07\/usp1217-tablet-hardness_11zon-100x100.webp 100w\" sizes=\"(max-width: 212px) 100vw, 212px\" \/><\/strong><\/h2>\n<p data-start=\"1400\" data-end=\"1810\">Str\u00e1nka <strong data-start=\"1474\" data-end=\"1498\">test tvrdosti tabliet<\/strong> nie je len o meran\u00ed povrchov\u00e9ho odporu. V kontexte USP  sa vz\u0165ahuje na <strong data-start=\"1595\" data-end=\"1609\">test preru\u0161enia<\/strong>-tlakov\u00e1 sila potrebn\u00e1 na zlomenie tablety. T\u00e1to sila, naz\u00fdvan\u00e1 aj <strong data-start=\"1689\" data-end=\"1717\">pevnos\u0165 pri drven\u00ed tabliet<\/strong>, pon\u00faka poznatky o vn\u00fatornej v\u00e4zbe, rovnomernosti stla\u010denia a v\u00fdkonnosti recept\u00fary.<\/p>\n<p data-start=\"1812\" data-end=\"2215\">Str\u00e1nka <a href=\"https:\/\/www.qualitester.com\/sk\/tablet-hardness-test\/\" target=\"_blank\" rel=\"noopener\"><strong data-start=\"1816\" data-end=\"1849\">MPT-02 Tester tvrdosti tabliet<\/strong><\/a>, s digit\u00e1lnym sn\u00edma\u010dom sily a kon\u0161tantn\u00fdm pohybom platne je prisp\u00f4soben\u00fd na tak\u00fato anal\u00fdzu. Zaznamen\u00e1va \u0161pi\u010dkov\u00fa silu p\u00f4sobiacu na vzorku umiestnen\u00fa medzi dvoma plat\u0148ami a pom\u00e1ha pou\u017e\u00edvate\u013eom ur\u010di\u0165, \u010di tableta sp\u013a\u0148a po\u017eadovan\u00e9 normy pevnosti. Tento test je d\u00f4le\u017eit\u00fd najm\u00e4 v pr\u00edpade \u017euvac\u00edch, obalen\u00fdch alebo delen\u00fdch tabliet, pri ktor\u00fdch m\u00f4\u017ee zlomenie zmeni\u0165 pod\u00e1vanie lie\u010diva alebo presnos\u0165 d\u00e1vkovania.<\/p>\n<hr data-start=\"2217\" data-end=\"2220\" \/>\n<h2 data-start=\"2222\" data-end=\"2578\"><strong data-start=\"2222\" data-end=\"2288\">Krehkos\u0165 tablety: Mechanick\u00e1 odolnos\u0165 nad r\u00e1mec stla\u010denia\u00a0\u00a0<\/strong><\/h2>\n<p data-start=\"2222\" data-end=\"2578\"><br data-start=\"2288\" data-end=\"2291\" \/>Zatia\u013e \u010do l\u00e1mav\u00e1 sila testuje odolnos\u0165 vo\u010di priamemu tlaku, <strong data-start=\"2353\" data-end=\"2373\">sk\u00fa\u0161ky drobivosti<\/strong> simulova\u0165 odieranie a nam\u00e1hanie povrchu po\u010das manipul\u00e1cie. Pod\u013ea USP , ktor\u00e1 dop\u013a\u0148a USP , sa tablety ot\u00e1\u010daj\u00fa v rotuj\u00facom bubne, aby sa zmerali <strong data-start=\"2537\" data-end=\"2577\">\u00fabytok hmotnosti v d\u00f4sledku odlupovania alebo er\u00f3zie<\/strong>.<\/p>\n<p data-start=\"2580\" data-end=\"2841\">Pri hodnoten\u00ed krehk\u00fdch pr\u00edpravkov alebo tabliet s povrchovou \u00fapravou je rozhoduj\u00faca ich l\u00e1mavos\u0165. Nadmern\u00e1 l\u00e1mavos\u0165 nazna\u010duje, \u017ee tableta sa m\u00f4\u017ee po\u010das balenia, prepravy alebo pod\u00e1vania rozpadn\u00fa\u0165. A <strong data-start=\"2781\" data-end=\"2814\">\u00fabytok hmotnosti v\u00e4\u010d\u0161\u00ed ako 1,0%<\/strong> je zvy\u010dajne neprijate\u013en\u00e9.<\/p>\n<p data-start=\"2843\" data-end=\"3138\">Pre v\u00fdrobcov, ktor\u00ed sa sna\u017eia minimalizova\u0165 probl\u00e9my s drobivos\u0165ou, je rozhoduj\u00face upravi\u0165 koncentr\u00e1ciu spojiva, optimalizova\u0165 lisovacie sily alebo vylep\u0161i\u0165 tvar tabliet. Tieto \u00fapravy by sa mali v\u017edy overi\u0165 pomocou <strong data-start=\"3048\" data-end=\"3078\">kalibrovan\u00fd tester na tablety<\/strong> aby sa zabr\u00e1nilo nadmernej korekcii, ktor\u00e1 by mohla br\u00e1ni\u0165 dezintegr\u00e1cii.<\/p>\n<hr data-start=\"3140\" data-end=\"3143\" \/>\n<h2 data-start=\"3145\" data-end=\"3595\"><strong data-start=\"3145\" data-end=\"3218\">Test ohybnosti a test krehkosti tabliet: Pokro\u010dil\u00fd \u0161truktur\u00e1lny poh\u013ead<\/strong><\/h2>\n<p data-start=\"3145\" data-end=\"3595\"><br data-start=\"3218\" data-end=\"3221\" \/>Nie v\u0161etky tablety zlyh\u00e1vaj\u00fa rovnak\u00fdm sp\u00f4sobom. Niektor\u00e9 vykazuj\u00fa <strong data-start=\"3272\" data-end=\"3291\">krehk\u00e9 zlyhanie<\/strong>, praskaj\u00fa pri minim\u00e1lnom nam\u00e1han\u00ed, zatia\u013e \u010do in\u00e9 sa oh\u00fdbaj\u00fa alebo deformuj\u00fa. V tomto pr\u00edpade je <strong data-start=\"3369\" data-end=\"3385\">sk\u00fa\u0161ka ohybom<\/strong>-\u010dasto <strong data-start=\"3394\" data-end=\"3422\">trojbodov\u00e1 sk\u00fa\u0161ka ohybom<\/strong>-stane sa cenn\u00fdm. Vyhodnocuje, ako sa tablety spr\u00e1vaj\u00fa pri p\u00f4soben\u00ed ohybov\u00fdch s\u00edl, pri\u010dom simuluje scen\u00e1re manipul\u00e1cie, pri ktor\u00fdch sa tablet na jednej strane stla\u010d\u00ed a na druhej strane roztiahne.<\/p>\n<p data-start=\"3597\" data-end=\"3937\">Str\u00e1nka <strong data-start=\"3601\" data-end=\"3628\">test l\u00e1mavosti tabliet<\/strong> hodnot\u00ed spr\u00e1vanie sa pri lome pri r\u00f4znych r\u00fdchlostiach deform\u00e1cie. Ak je zlo\u017eenie n\u00e1chyln\u00e9 na krehk\u00e9 poru\u0161enie, m\u00f4\u017ee po\u010das automatick\u00e9ho pod\u00e1vania alebo balenia do blistrov praskn\u00fa\u0165. Testovanie ohybom sa odpor\u00fa\u010da najm\u00e4 v pr\u00edpade podlhovast\u00fdch tabliet alebo tabliet v tvare kaps\u00fal, pri ktor\u00fdch priemern\u00e1 kompresia nemus\u00ed poskytn\u00fa\u0165 spo\u013eahliv\u00e9 v\u00fdsledky.<\/p>\n<div class=\"ast-oembed-container\" style=\"height: 100%;\"><iframe title=\"Testovanie tvrdosti tabliet Sk\u00fa\u0161ka tvrdosti v tlaku pre tablety liekov\" width=\"500\" height=\"281\" src=\"https:\/\/www.youtube.com\/embed\/uYgafVVSvpY?feature=oembed\" frameborder=\"0\" allow=\"accelerometer; autoplay; clipboard-write; encrypted-media; gyroscope; picture-in-picture; web-share\" referrerpolicy=\"strict-origin-when-cross-origin\" allowfullscreen><\/iframe><\/div>\n<hr data-start=\"3939\" data-end=\"3942\" \/>\n<h2 data-start=\"3944\" data-end=\"4293\"><strong data-start=\"3944\" data-end=\"4007\">Testovanie pevnosti pri drven\u00ed tabliet: Spr\u00e1vne nastavenie metr\u00edk<\/strong><\/h2>\n<p data-start=\"3944\" data-end=\"4293\"><br data-start=\"4007\" data-end=\"4010\" \/>Zatia\u013e \u010do norma USP neodpor\u00fa\u010da pou\u017e\u00edva\u0165 \u201ctvrdos\u0165\u201d ako v\u0161eobecn\u00fd term\u00edn, <strong data-start=\"4075\" data-end=\"4096\">pevnos\u0165 v tlaku<\/strong> zost\u00e1va v\u0161eobecne uzn\u00e1van\u00fdm deskriptorom na meranie <strong data-start=\"4154\" data-end=\"4204\">sila potrebn\u00e1 na stla\u010denie a zlomenie tablety<\/strong>. K\u013e\u00fa\u010dov\u00fdmi premenn\u00fdmi v tomto teste s\u00fa r\u00fdchlos\u0165 platne, geometria tablety a podporn\u00e9 pr\u00edpravky.<\/p>\n<p data-start=\"4295\" data-end=\"4602\">K\u013e\u00fa\u010dom k \u00faspechu je d\u00f4slednos\u0165. V\u00fdsledky sa musia zaznamen\u00e1va\u0165 v newtone (N) a zariadenie mus\u00ed udr\u017eiava\u0165 <strong data-start=\"4386\" data-end=\"4411\">kon\u0161tantn\u00e1 miera za\u0165a\u017eenia<\/strong>. N\u00e1stroje ako napr. <strong data-start=\"4434\" data-end=\"4467\">MPT-02 <\/strong>\u00a0automaticky upravuj\u00fa r\u00fdchlos\u0165 a zaznamen\u00e1vaj\u00fa \u00fadaje v re\u00e1lnom \u010dase, \u010d\u00edm minimalizuj\u00fa chyby obsluhy a zabezpe\u010duj\u00fa s\u00falad s liekopisn\u00fdmi protokolmi.<\/p>\n<hr data-start=\"4604\" data-end=\"4607\" \/>\n<h2 data-start=\"4609\" data-end=\"4960\"><strong data-start=\"4609\" data-end=\"4662\">Pre\u010do je testovanie tabletov pre va\u0161u prev\u00e1dzku k\u013e\u00fa\u010dov\u00e9<\/strong><\/h2>\n<p data-start=\"4609\" data-end=\"4960\"><br data-start=\"4662\" data-end=\"4665\" \/>Pre t\u00edmy QA, oddelenia v\u00fdskumu a v\u00fdvoja a v\u00fdrobn\u00fdch in\u017einierov je pochopenie a uplat\u0148ovanie <strong data-start=\"4749\" data-end=\"4763\">USP<\/strong>\u00a0 testovacie met\u00f3dy pom\u00e1haj\u00fa identifikova\u0165 nedostatky zlo\u017eenia e\u0161te predt\u00fdm, ako sa tablety dostan\u00fa na trh. Spr\u00e1vne testovanie tie\u017e zni\u017euje po\u010det vr\u00e1ten\u00fdch v\u00fdrobkov, podporuje regula\u010dn\u00e9 audity a zvy\u0161uje d\u00f4veru v kvalitu v\u00fdrobku.<\/p>\n<p data-start=\"4962\" data-end=\"5333\">V spolo\u010dnosti Cell Instruments pon\u00fakame viac ne\u017e len spo\u013eahliv\u00e9 testery - dod\u00e1vame <strong data-start=\"5035\" data-end=\"5057\">rie\u0161enia na mieru<\/strong> pre klientov z farmaceutick\u00e9ho, lek\u00e1rskeho a vedeck\u00e9ho sektora. \u010ci u\u017e hodnot\u00edte <strong data-start=\"5168\" data-end=\"5190\">krehkos\u0165 tabliet<\/strong>, vedenie <strong data-start=\"5203\" data-end=\"5223\">sk\u00fa\u0161ky drobivosti<\/strong>, alebo overovanie <strong data-start=\"5239\" data-end=\"5260\">pevnos\u0165 v tlaku<\/strong>, na\u0161e pr\u00edstroje umo\u017e\u0148uj\u00fa v\u017edy presn\u00e9 a reprodukovate\u013en\u00e9 merania.<\/p>\n<hr data-start=\"5335\" data-end=\"5338\" \/>\n<h2 data-start=\"5340\" data-end=\"5793\"><strong data-start=\"5340\" data-end=\"5416\">Z\u00e1ver: Zv\u00fd\u0161te presnos\u0165 testovania tabletov pomocou pr\u00edstrojov Cell Instruments<\/strong><\/h2>\n<p data-start=\"5340\" data-end=\"5793\"><br data-start=\"5416\" data-end=\"5419\" \/>Z adresy <strong data-start=\"5424\" data-end=\"5438\">test preru\u0161enia<\/strong> na <strong data-start=\"5442\" data-end=\"5458\">sk\u00fa\u0161ka ohybom<\/strong>, a od <strong data-start=\"5469\" data-end=\"5488\">tvrdos\u0165<\/strong> na <strong data-start=\"5492\" data-end=\"5506\">drobivos\u0165<\/strong>, ka\u017ed\u00e9 mechanick\u00e9 hodnotenie poskytuje kritick\u00fd poh\u013ead na fyzik\u00e1lne vlastnosti tuh\u00fdch liekov\u00fdch foriem. Sledovan\u00edm <strong data-start=\"5628\" data-end=\"5642\">USP<\/strong> a integr\u00e1cia pokro\u010dil\u00fdch rie\u0161en\u00ed, ako je <a href=\"https:\/\/www.celtec.cn\/newsinfo\/7623506.html\" target=\"_blank\" rel=\"noopener nofollow\"><strong data-start=\"5687\" data-end=\"5720\">MPT-02 Tester tvrdosti tabliet<\/strong><\/a>, m\u00f4\u017eu v\u00fdrobcovia zabezpe\u010di\u0165, aby boli tablety robustn\u00e9, konzistentn\u00e9 a vyhovuj\u00face.<\/p>\n<p data-start=\"5795\" data-end=\"6005\">Ak optimalizujete v\u00fdrobn\u00fa linku alebo vyv\u00edjate nov\u00e9 pr\u00edpravky, kontaktujte <strong data-start=\"5874\" data-end=\"5904\">Cell Instruments Co., Ltd.<\/strong> pre profesion\u00e1lnu podporu a vysoko v\u00fdkonn\u00e9 testovacie pr\u00edstroje, ktor\u00e9 sa prisp\u00f4sobia va\u0161im vyv\u00edjaj\u00facim sa potreb\u00e1m.<\/p>\n<p data-start=\"5795\" data-end=\"6005\">","protected":false},"excerpt":{"rendered":"<p>\u00a0USP 1217 Norma pre testovanie pevnosti tabliet Pri v\u00fdrobe liekov nie je integrita tabliet len ot\u00e1zkou vzh\u013eadu - priamo ovplyv\u0148uje \u00fa\u010dinnos\u0165, stabilitu a sk\u00fasenosti pacientov. USP  stanovuje komplexn\u00fd r\u00e1mec na hodnotenie mechanickej pevnosti tabliet so zameran\u00edm na tvrdos\u0165, l\u00e1mavos\u0165 a \u0161truktur\u00e1lnu odolnos\u0165 tabliet. Tieto ukazovatele usmer\u0148uj\u00fa formul\u00e1ciu, poskytuj\u00fa inform\u00e1cie pre kontrolu kvality a zabezpe\u010duj\u00fa, aby tablety ...<\/p>\n<p class=\"read-more\"> <a class=\"\" href=\"https:\/\/www.qualitester.com\/sk\/standards\/usp-1217\/\"> <span class=\"screen-reader-text\">USP 1217<\/span> \u010c\u00edtajte viac \"<\/a><\/p>","protected":false},"author":3,"featured_media":0,"parent":4948,"menu_order":0,"comment_status":"closed","ping_status":"closed","template":"","meta":{"site-sidebar-layout":"default","site-content-layout":"default","ast-global-header-display":"","ast-main-header-display":"","ast-hfb-above-header-display":"","ast-hfb-below-header-display":"","ast-hfb-mobile-header-display":"","site-post-title":"","ast-breadcrumbs-content":"","ast-featured-img":"","footer-sml-layout":"","theme-transparent-header-meta":"default","adv-header-id-meta":"","stick-header-meta":"","header-above-stick-meta":"","header-main-stick-meta":"","header-below-stick-meta":"","footnotes":""},"class_list":["post-7328","page","type-page","status-publish","hentry"],"_links":{"self":[{"href":"https:\/\/www.qualitester.com\/sk\/wp-json\/wp\/v2\/pages\/7328","targetHints":{"allow":["GET"]}}],"collection":[{"href":"https:\/\/www.qualitester.com\/sk\/wp-json\/wp\/v2\/pages"}],"about":[{"href":"https:\/\/www.qualitester.com\/sk\/wp-json\/wp\/v2\/types\/page"}],"author":[{"embeddable":true,"href":"https:\/\/www.qualitester.com\/sk\/wp-json\/wp\/v2\/users\/3"}],"replies":[{"embeddable":true,"href":"https:\/\/www.qualitester.com\/sk\/wp-json\/wp\/v2\/comments?post=7328"}],"version-history":[{"count":0,"href":"https:\/\/www.qualitester.com\/sk\/wp-json\/wp\/v2\/pages\/7328\/revisions"}],"up":[{"embeddable":true,"href":"https:\/\/www.qualitester.com\/sk\/wp-json\/wp\/v2\/pages\/4948"}],"wp:attachment":[{"href":"https:\/\/www.qualitester.com\/sk\/wp-json\/wp\/v2\/media?parent=7328"}],"curies":[{"name":"wp","href":"https:\/\/api.w.org\/{rel}","templated":true}]}}