{"id":6558,"date":"2025-03-17T16:04:02","date_gmt":"2025-03-17T08:04:02","guid":{"rendered":"https:\/\/www.qualitester.com\/?page_id=6558"},"modified":"2025-03-17T16:56:01","modified_gmt":"2025-03-17T08:56:01","slug":"iso-8510-2","status":"publish","type":"page","link":"https:\/\/www.qualitester.com\/sk\/standards\/iso-8510-2\/","title":{"rendered":"ISO 8510-2"},"content":{"rendered":"<h1 style=\"text-align: center;\">ISO 8510-2<\/h1>\n<p data-pm-slice=\"1 1 []\">Norma ISO 8510-2 \u0161pecifikuje 180-stup\u0148ov\u00fa sk\u00fa\u0161ku adh\u00e9zie pri odlupovan\u00ed na hodnotenie <strong>pevnos\u0165 lepidla v odlupovan\u00ed<\/strong> lepen\u00fdch materi\u00e1lov. T\u00e1to norma je nevyhnutn\u00e1 v odvetviach, ako s\u00fa <strong>obaly, zdravotn\u00edcke pom\u00f4cky, elektronika a lepidl\u00e1<\/strong>, kde je rozhoduj\u00faca siln\u00e1 a spo\u013eahliv\u00e1 pri\u013enavos\u0165. Test poskytuje kritick\u00e9 poznatky o <strong>v\u00fdkonnos\u0165 a trvanlivos\u0165 lepidiel<\/strong> meran\u00edm sily potrebnej na oddelenie pru\u017en\u00e9ho adherendu od pevn\u00e9ho adherendu za kontrolovan\u00fdch podmienok.<\/p>\n<h2>Sk\u00fa\u0161obn\u00fd postup pod\u013ea normy ISO 8510-2<\/h2>\n<p>Str\u00e1nka <strong><a href=\"https:\/\/www.qualitester.com\/sk\/kategoria-produktu\/iso\/iso-8510-2\/\" target=\"_blank\" rel=\"noopener\">ISO 8510-<\/a>2 sk\u00fa\u0161obn\u00e1 met\u00f3da<\/strong> zah\u0155\u0148a pr\u00edpravu a testovanie lepen\u00fdch vzoriek za \u0161tandardizovan\u00fdch podmienok. Tieto kroky zah\u0155\u0148aj\u00fa:<\/p>\n<h3>1. Pr\u00edprava sk\u00fa\u0161obnej vzorky<\/h3>\n<ul data-spread=\"false\">\n<li>A viazan\u00e9 <strong>flexibiln\u00e9 na tuh\u00e9<\/strong> zostava je pripraven\u00e1 s pou\u017eit\u00edm hodnoten\u00e9ho lepidla.<\/li>\n<li>Str\u00e1nka <strong>pevn\u00fd adherend<\/strong> m\u00f4\u017ee by\u0165 <strong>kov, plast, drevo alebo guma<\/strong> s ur\u010denou hr\u00fabkou.<\/li>\n<li>Str\u00e1nka <strong>pru\u017en\u00fd adherend<\/strong> by mal vydr\u017ea\u0165 <strong>180-stup\u0148ov\u00fd ohyb<\/strong> bez deform\u00e1cie.<\/li>\n<li>Nasleduje aplik\u00e1cia lepidla <strong>ISO 17212<\/strong> alebo pokyny v\u00fdrobcu.<\/li>\n<li>Linka v\u00e4zby mus\u00ed by\u0165 <strong>rovnomerne nanesen\u00e9 a \u00faplne vytvrdnut\u00e9<\/strong> pred testovan\u00edm.<\/li>\n<\/ul>\n<p><img fetchpriority=\"high\" decoding=\"async\" class=\"wp-image-6591 aligncenter\" src=\"https:\/\/www.qualitester.com\/wp-content\/uploads\/2025\/03\/ISO-8510-2-180-Degree-Peel-Adhesion-Test.png\" alt=\"ISO 8510-2 180-stup\u0148ov\u00e1 sk\u00fa\u0161ka pri\u013enavosti\" width=\"171\" height=\"366\" srcset=\"https:\/\/www.qualitester.com\/wp-content\/uploads\/2025\/03\/ISO-8510-2-180-Degree-Peel-Adhesion-Test.png 278w, https:\/\/www.qualitester.com\/wp-content\/uploads\/2025\/03\/ISO-8510-2-180-Degree-Peel-Adhesion-Test-140x300.png 140w, https:\/\/www.qualitester.com\/wp-content\/uploads\/2025\/03\/ISO-8510-2-180-Degree-Peel-Adhesion-Test-6x12.png 6w\" sizes=\"(max-width: 171px) 100vw, 171px\" \/><\/p>\n<h3>2. Po\u017eiadavky na sk\u00fa\u0161obn\u00e9 pr\u00edstroje<\/h3>\n<ul data-spread=\"false\">\n<li>A <strong>stroj na testovanie odlupovania<\/strong> (<a href=\"https:\/\/www.qualitester.com\/sk\/produkt-2\/tst-01-tensile-tester\/\" target=\"_blank\" rel=\"noopener\">stroj na sk\u00fa\u0161anie v \u0165ahu<\/a>) je potrebn\u00fd.<\/li>\n<li>Stroj mus\u00ed udr\u017eiava\u0165 <strong>kon\u0161tantn\u00e1 r\u00fdchlos\u0165 odde\u013eovania uchopenia<\/strong> (typicky <strong>100 mm\/min \u00b1 10 mm\/min<\/strong>).<\/li>\n<li>Rukov\u00e4te musia bezpe\u010dne dr\u017ea\u0165 <strong>tuh\u00e9 a pru\u017en\u00e9 lepidl\u00e1<\/strong>.<\/li>\n<li>Meranie sily mus\u00ed by\u0165 presn\u00e9 v r\u00e1mci <strong>\u00b12%<\/strong>.<\/li>\n<\/ul>\n<h3>3. Postup testovania<\/h3>\n<ul data-spread=\"false\">\n<li>Str\u00e1nka <strong>pevn\u00fd adherend<\/strong> sa up\u00edna do pevnej rukov\u00e4te stroja.<\/li>\n<li>Str\u00e1nka <strong>pru\u017en\u00fd adherend<\/strong> sa up\u00edna do samonastavite\u013en\u00e9ho \u00fachytu.<\/li>\n<li>Stroj p\u00f4sob\u00ed silou rovnobe\u017ene s rovinou lepenia a \u0165ah\u00e1 pru\u017en\u00fd adherend v <strong>180-stup\u0148ov\u00fd uhol<\/strong>.<\/li>\n<li>Test pokra\u010duje aspo\u0148 dovtedy, k\u00fdm <strong>125 mm z d\u013a\u017eky spoja sa oddelilo<\/strong>.<\/li>\n<li>Sila odlupovania sa zaznamen\u00e1va v priebehu <strong>100 mm<\/strong>, okrem prv\u00e9ho <strong>25 mm<\/strong>.<\/li>\n<li>Zaznamen\u00e1 sa sp\u00f4sob poruchy (adh\u00e9zna, koh\u00e9zna alebo adh\u00e9zna porucha).<\/li>\n<\/ul>\n<h3>4. Zaznamen\u00e1vanie v\u00fdsledkov testovania l\u00fapania<\/h3>\n<ul data-spread=\"false\">\n<li>Test ur\u010duje <strong>priemern\u00e1 odlupovacia sila v newtnoch<\/strong> po\u010das celej d\u013a\u017eky testu.<\/li>\n<li><strong>Maxim\u00e1lne a minim\u00e1lne sily<\/strong> s\u00fa zaznamenan\u00e9.<\/li>\n<li>V\u00fdsledky pom\u00e1haj\u00fa pri <strong>porovnanie lepiacich pr\u00edpravkov<\/strong> a <strong>zabezpe\u010denie konzistentnosti v\u00fdroby<\/strong>.<\/li>\n<\/ul>\n<h2 data-pm-slice=\"1 3 []\">V\u00fdznam testu adh\u00e9zie pri odlupovan\u00ed pri 180 stup\u0148och<\/h2>\n<p>Str\u00e1nka <strong>180-stup\u0148ov\u00fd test pri\u013enavosti<\/strong> sa be\u017ene pou\u017e\u00edva na hodnotenie <strong>odolnos\u0165 proti odlupovaniu<\/strong> lepidiel. Pom\u00e1ha v\u00fdrobcom zabezpe\u010di\u0165, aby ich lepiace v\u00fdrobky sp\u013a\u0148ali o\u010dak\u00e1vania v odvetv\u00ed. K\u013e\u00fa\u010dov\u00e9 aplik\u00e1cie zah\u0155\u0148aj\u00fa:<\/p>\n<ul data-spread=\"false\">\n<li><strong>Kontrola kvality<\/strong> pre lepidl\u00e1 pou\u017e\u00edvan\u00e9 v baliacich a zdravotn\u00edckych aplik\u00e1ci\u00e1ch<\/li>\n<li><strong>V\u00fdskum a v\u00fdvoj<\/strong> na zlep\u0161enie adhez\u00edvnych pr\u00edpravkov<\/li>\n<li><strong>Dodr\u017eiavanie predpisov<\/strong> s medzin\u00e1rodn\u00fdmi normami na testovanie lepidiel<\/li>\n<\/ul>\n<h2>Presn\u00fd testovac\u00ed stroj na odlepovanie lepiacej p\u00e1sky<\/h2>\n<ul data-spread=\"false\">\n<li><strong>Presnos\u0165 a spr\u00e1vnos\u0165<\/strong> (meranie sily v r\u00e1mci <strong>Tolerancia 2%<\/strong>)<\/li>\n<li><strong>Nastavite\u013en\u00e1 miera odde\u013eovania \u00fachopu<\/strong><\/li>\n<li><strong>Riadenie PLC<\/strong><\/li>\n<li><strong>Mo\u017enosti zaznamen\u00e1vania \u00fadajov<\/strong> na anal\u00fdzu<\/li>\n<li>Viac o <a href=\"https:\/\/www.qualitester.com\/sk\/produkt-2\/tst-01-tensile-tester\/\" target=\"_blank\" rel=\"noopener\">Stroj na testovanie odlupovania<\/a>...<\/li>\n<\/ul>\n<p style=\"text-align: center;\"><big><big>Pre vysok\u00fa presnos\u0165 <a href=\"https:\/\/www.qualitester.com\/sk\/produkt-2\/tst-01-tensile-tester\/\"><strong>testovanie pevnosti lepidla v odlupovan\u00ed<\/strong><\/a>, kontakt <a href=\"https:\/\/www.qualitester.com\/sk\/\"><strong>Mobiln\u00e9 n\u00e1stroje<\/strong><\/a> dnes!<\/big><\/big><\/p>\n<h2>\u010casto kladen\u00e9 ot\u00e1zky<\/h2>\n<p><strong>1. \u010co je ISO 8510-2?<br \/>\n<\/strong>ISO 8510-2 je medzin\u00e1rodn\u00e1 norma, ktor\u00e1 definuje <strong>180-stup\u0148ov\u00fd test pri\u013enavosti<\/strong> na meranie <strong>pevnos\u0165 lepidla v odlupovan\u00ed<\/strong>.<\/p>\n<p><strong>2. Pre\u010do je d\u00f4le\u017eit\u00fd 180-stup\u0148ov\u00fd test pri\u013enavosti?<br \/>\n<\/strong>Tento test hodnot\u00ed <strong>pevnos\u0165 spojenia<\/strong> lepidiel a zabezpe\u010duje, aby sp\u013a\u0148ali priemyseln\u00e9 po\u017eiadavky na <strong>trvanlivos\u0165 a spo\u013eahlivos\u0165<\/strong>.<\/p>\n<p><strong>3. Ak\u00e9 vybavenie je potrebn\u00e9 na test ISO 8510-2?<br \/>\n<\/strong>A <strong>stroj na testovanie odlupovania<\/strong>, schopn\u00e9 udr\u017eiava\u0165 kon\u0161tantn\u00fa r\u00fdchlos\u0165 odde\u013eovania \u00fachopu, presn\u00e9 meranie sily a bezpe\u010dn\u00e9 \u00fachopy.<\/p>\n<p><strong>4. Ak\u00e9 faktory ovplyv\u0148uj\u00fa pevnos\u0165 v odlupovan\u00ed pri tomto teste?<br \/>\n<\/strong>Medzi tieto faktory patr\u00ed <strong>typ lepidla, pr\u00edprava povrchu, adh\u00e9zny materi\u00e1l a sk\u00fa\u0161obn\u00e1 r\u00fdchlos\u0165<\/strong>.<\/p>\n<p><strong>5. Kde sa pou\u017e\u00edva test ISO 8510-2?<br \/>\n<\/strong>Medzi be\u017en\u00e9 priemyseln\u00e9 odvetvia patria <strong>balenie, medic\u00edna, elektronika, automobilov\u00fd priemysel a v\u00fdroba lepidiel<\/strong>.<\/p>","protected":false},"excerpt":{"rendered":"<p>ISO 8510-2 ISO 8510-2 specifies the 180-degree peel adhesion test for evaluating the adhesive peel strength of bonded materials. This standard is essential in industries such as packaging, medical devices, electronics, and adhesives, where strong and reliable adhesion is crucial. The test provides critical insights into the performance and durability of adhesives by measuring the &hellip;<\/p>\n<p class=\"read-more\"> <a class=\"\" href=\"https:\/\/www.qualitester.com\/sk\/standards\/iso-8510-2\/\"> <span class=\"screen-reader-text\">ISO 8510-2<\/span> \u010c\u00edtajte viac \"<\/a><\/p>","protected":false},"author":4,"featured_media":0,"parent":4948,"menu_order":0,"comment_status":"closed","ping_status":"closed","template":"","meta":{"site-sidebar-layout":"default","site-content-layout":"default","ast-global-header-display":"","ast-main-header-display":"","ast-hfb-above-header-display":"","ast-hfb-below-header-display":"","ast-hfb-mobile-header-display":"","site-post-title":"disabled","ast-breadcrumbs-content":"","ast-featured-img":"","footer-sml-layout":"","theme-transparent-header-meta":"default","adv-header-id-meta":"","stick-header-meta":"","header-above-stick-meta":"","header-main-stick-meta":"","header-below-stick-meta":"","footnotes":""},"class_list":["post-6558","page","type-page","status-publish","hentry"],"_links":{"self":[{"href":"https:\/\/www.qualitester.com\/sk\/wp-json\/wp\/v2\/pages\/6558","targetHints":{"allow":["GET"]}}],"collection":[{"href":"https:\/\/www.qualitester.com\/sk\/wp-json\/wp\/v2\/pages"}],"about":[{"href":"https:\/\/www.qualitester.com\/sk\/wp-json\/wp\/v2\/types\/page"}],"author":[{"embeddable":true,"href":"https:\/\/www.qualitester.com\/sk\/wp-json\/wp\/v2\/users\/4"}],"replies":[{"embeddable":true,"href":"https:\/\/www.qualitester.com\/sk\/wp-json\/wp\/v2\/comments?post=6558"}],"version-history":[{"count":0,"href":"https:\/\/www.qualitester.com\/sk\/wp-json\/wp\/v2\/pages\/6558\/revisions"}],"up":[{"embeddable":true,"href":"https:\/\/www.qualitester.com\/sk\/wp-json\/wp\/v2\/pages\/4948"}],"wp:attachment":[{"href":"https:\/\/www.qualitester.com\/sk\/wp-json\/wp\/v2\/media?parent=6558"}],"curies":[{"name":"wp","href":"https:\/\/api.w.org\/{rel}","templated":true}]}}