{"id":6644,"date":"2025-05-07T11:30:19","date_gmt":"2025-05-07T03:30:19","guid":{"rendered":"https:\/\/www.qualitester.com\/?post_type=product&#038;p=6644"},"modified":"2025-05-07T11:30:19","modified_gmt":"2025-05-07T03:30:19","slug":"medical-needle-tubing-stiffness-tester","status":"publish","type":"product","link":"https:\/\/www.qualitester.com\/ro\/produs\/medical-needle-tubing-stiffness-tester\/","title":{"rendered":"TS-01 Tester de rigiditate a tuburilor"},"content":{"rendered":"<h2 data-start=\"393\" data-end=\"1063\">Introducere \u00een Testerul de rigiditate a tubului acului medical<\/h2>\n<p class=\"\" data-start=\"393\" data-end=\"1063\">Asigurarea integrit\u0103\u021bii mecanice a acelor hipodermice este esen\u021bial\u0103 \u00een domeniul medical. O proprietate esen\u021bial\u0103 care influen\u021beaz\u0103 performan\u021ba, siguran\u021ba \u0219i capacitatea de utilizare este <em data-start=\"621\" data-end=\"639\">rigiditatea tubului<\/em>. The <strong data-start=\"645\" data-end=\"687\">tester de rigiditate a tubului acului medical<\/strong> ofer\u0103 o metod\u0103 standardizat\u0103 \u0219i precis\u0103 de evaluare a rigidit\u0103\u021bii tuburilor din o\u021bel inoxidabil utilizate \u00een fabricarea acelor. Odat\u0103 cu cre\u0219terea standardelor medicale globale, \u00een special conformitatea cu <a href=\"https:\/\/www.qualitester.com\/ro\/standards\/iso-9626\/\"><strong data-start=\"880\" data-end=\"892\">ISO 9626<\/strong><\/a> \u0219i <strong data-start=\"897\" data-end=\"917\">ISO 9626 Anexa B<\/strong>, solu\u021biile de testare fiabile au devenit indispensabile pentru produc\u0103torii de dispozitive medicale, profesioni\u0219tii din domeniul controlului calit\u0103\u021bii \u0219i institu\u021biile de cercetare.<\/p>\n<hr class=\"\" data-start=\"1065\" data-end=\"1068\" \/>\n<h2 data-start=\"1070\" data-end=\"1624\">Importan\u021ba rigidit\u0103\u021bii tubului acului \u00een aplica\u021biile medicale<\/h2>\n<p class=\"\" data-start=\"1070\" data-end=\"1624\">Rigiditatea afecteaz\u0103 \u00een mod direct <strong data-start=\"1176\" data-end=\"1219\">capacitatea de inser\u021bie, integritatea structural\u0103<\/strong>, \u0219i <strong data-start=\"1225\" data-end=\"1241\">controlul utilizatorului<\/strong>. Un ac prea moale se poate \u00eendoi sau rupe, risc\u00e2nd r\u0103nirea pacientului sau administrarea necorespunz\u0103toare a medicamentelor. \u00cen schimb, un ac prea rigid se poate rupe sau poate provoca traume inutile \u00een timpul inser\u021biei. Prin urmare, ob\u021binerea unui echilibru optim este esen\u021bial\u0103. Acul <strong data-start=\"1497\" data-end=\"1539\">tester de rigiditate a tubului acului medical<\/strong> joac\u0103 un rol esen\u021bial \u00een cuantificarea acestui echilibru \u0219i \u00een men\u021binerea standardelor de produc\u021bie.<\/p>\n<hr class=\"\" data-start=\"1626\" data-end=\"1629\" \/>\n<h2 data-start=\"1631\" data-end=\"1921\"><strong data-start=\"1631\" data-end=\"1697\">Testarea ISO 9626 - <\/strong><strong data-start=\"1631\" data-end=\"1697\">ISO 9626 Anexa B<\/strong><\/h2>\n<p class=\"\" data-start=\"1631\" data-end=\"1921\">Standardul interna\u021bional <strong data-start=\"1727\" data-end=\"1744\">ISO 9626:2016<\/strong> prezint\u0103 cerin\u021bele mecanice \u0219i dimensionale pentru tuburile din o\u021bel inoxidabil destinate acelor hipodermice. <strong data-start=\"1858\" data-end=\"1869\">Anexa B<\/strong> ofer\u0103 o metod\u0103 specific\u0103 pentru m\u0103surarea rigidit\u0103\u021bii:<\/p>\n<ul data-start=\"1923\" data-end=\"2213\">\n<li class=\"\" data-start=\"1923\" data-end=\"2014\">\n<p class=\"\" data-start=\"1925\" data-end=\"2014\">A <strong data-start=\"1927\" data-end=\"1955\">for\u021b\u0103 cunoscut\u0103 (p\u00e2n\u0103 la 60 N)<\/strong> se aplic\u0103 central tubului sus\u021binut la ambele capete.<\/p>\n<\/li>\n<li class=\"\" data-start=\"2015\" data-end=\"2085\">\n<p class=\"\" data-start=\"2017\" data-end=\"2085\">Rezultatul <strong data-start=\"2031\" data-end=\"2045\">deviere<\/strong> se m\u0103soar\u0103 cu <strong data-start=\"2063\" data-end=\"2084\">Precizie de 0,01 mm<\/strong>.<\/p>\n<\/li>\n<li class=\"\" data-start=\"2086\" data-end=\"2213\">\n<p class=\"\" data-start=\"2088\" data-end=\"2213\">Aparatul trebuie s\u0103 includ\u0103 o form\u0103 de cu\u021bit rotund <strong data-start=\"2136\" data-end=\"2147\">piston<\/strong>, \u00eenclinat la <strong data-start=\"2161\" data-end=\"2168\">60\u00b0<\/strong>, cu o <strong data-start=\"2177\" data-end=\"2212\">Suprafa\u021b\u0103 cilindric\u0103 cu raza de 1 mm<\/strong>.<\/p>\n<\/li>\n<\/ul>\n<p class=\"\" data-start=\"2215\" data-end=\"2371\">The <strong data-start=\"2219\" data-end=\"2267\">TS-01 Tester de rigiditate a tubului acului medical<\/strong> este proiectat special pentru a \u00eendeplini aceast\u0103 metod\u0103 de testare, asigur\u00e2nd conformitatea strict\u0103 cu standardele ISO.<\/p>\n<hr class=\"\" data-start=\"2373\" data-end=\"2376\" \/>\n<h2 data-start=\"2378\" data-end=\"2515\"><strong data-start=\"2378\" data-end=\"2418\">Principiul de testare \u0219i mecanismul de func\u021bionare<\/strong><\/h2>\n<p class=\"\" data-start=\"2378\" data-end=\"2515\">The <strong data-start=\"2425\" data-end=\"2467\">tester de rigiditate a tubului acului medical<\/strong> func\u021bioneaz\u0103 pe baza unui principiu simplu, dar eficient:<\/p>\n<p class=\"\" data-start=\"2517\" data-end=\"2702\"><em data-start=\"2517\" data-end=\"2702\">O for\u021b\u0103 precis\u0103 este aplicat\u0103 punctului median al tubului, care este sus\u021binut simetric. Instrumentul \u00eenregistreaz\u0103 apoi devia\u021bia vertical\u0103, furniz\u00e2nd date cantitative privind rigiditatea.<\/em><\/p>\n<p class=\"\" data-start=\"2704\" data-end=\"2753\">The <strong data-start=\"2708\" data-end=\"2723\">Model TS-01<\/strong> de Cell Instruments caracteristici:<\/p>\n<ul data-start=\"2754\" data-end=\"3112\">\n<li class=\"\" data-start=\"2754\" data-end=\"2864\">\n<p class=\"\" data-start=\"2756\" data-end=\"2864\">O form\u0103 de cu\u021bit bont <strong data-start=\"2777\" data-end=\"2788\">piston<\/strong> conectat la un <strong data-start=\"2804\" data-end=\"2817\">celul\u0103 de sarcin\u0103<\/strong>, asigur\u00e2nd o precizie ridicat\u0103 de m\u0103surare (\u00b10,01 N).<\/p>\n<\/li>\n<li class=\"\" data-start=\"2865\" data-end=\"2930\">\n<p class=\"\" data-start=\"2867\" data-end=\"2930\">O cruce mobil\u0103 ac\u021bionat\u0103 de un <strong data-start=\"2900\" data-end=\"2929\">\u0219urub cu bile de precizie<\/strong>.<\/p>\n<\/li>\n<li class=\"\" data-start=\"2931\" data-end=\"3018\">\n<p class=\"\" data-start=\"2933\" data-end=\"3018\">Un suport pentru tuburi (panou) care aliniaz\u0103 cu precizie proba de testare sub pistonul de for\u021b\u0103.<\/p>\n<\/li>\n<li class=\"\" data-start=\"3019\" data-end=\"3112\">\n<p class=\"\" data-start=\"3021\" data-end=\"3112\">Variabil\u0103 <strong data-start=\"3030\" data-end=\"3044\">viteza de testare<\/strong> (1-500 mm\/min) pentru a se adapta la diferite dimensiuni \u0219i materiale ale tuburilor.<\/p>\n<\/li>\n<\/ul>\n<hr class=\"\" data-start=\"3114\" data-end=\"3117\" \/>\n<h2 data-start=\"3119\" data-end=\"3349\">De ce s\u0103 alege\u021bi TS-01 Tester de rigiditate a tubului acului medical<\/h2>\n<p class=\"\" data-start=\"3119\" data-end=\"3349\">\u00cen calitate de produc\u0103tor de instrumente de testare de precizie, <strong data-start=\"3237\" data-end=\"3257\">Instrumente celulare<\/strong> a proiectat <strong data-start=\"3271\" data-end=\"3280\">TS-01<\/strong> special pentru produc\u0103torii de ace medicale. Beneficiile cheie includ:<\/p>\n<ul data-start=\"3351\" data-end=\"3682\">\n<li class=\"\" data-start=\"3351\" data-end=\"3408\">\n<p class=\"\" data-start=\"3353\" data-end=\"3408\"><strong data-start=\"3353\" data-end=\"3407\">Conformitate deplin\u0103 cu ISO 9626 \u0219i ISO 9626 Anexa B<\/strong>.<\/p>\n<\/li>\n<li class=\"\" data-start=\"3409\" data-end=\"3468\">\n<p class=\"\" data-start=\"3411\" data-end=\"3468\">\u00cenalt\u0103 rezolu\u021bie <strong data-start=\"3427\" data-end=\"3453\">m\u0103surarea devia\u021biei<\/strong> p\u00e2n\u0103 la 0,01 mm.<\/p>\n<\/li>\n<li class=\"\" data-start=\"3469\" data-end=\"3549\">\n<p class=\"\" data-start=\"3471\" data-end=\"3549\">Proiectare robust\u0103 cu <strong data-start=\"3490\" data-end=\"3513\">protec\u021bie la suprasarcin\u0103<\/strong> \u0219i <strong data-start=\"3518\" data-end=\"3538\">revenire automat\u0103<\/strong> func\u021bii.<\/p>\n<\/li>\n<li class=\"\" data-start=\"3550\" data-end=\"3627\">\n<p class=\"\" data-start=\"3552\" data-end=\"3627\">U\u0219or de utilizat <strong data-start=\"3566\" data-end=\"3593\">HMI cu ecran tactil de 7 inch<\/strong> pentru controlul testelor \u0219i revizuirea datelor.<\/p>\n<\/li>\n<li class=\"\" data-start=\"3628\" data-end=\"3682\">\n<p class=\"\" data-start=\"3630\" data-end=\"3682\">Built-in <strong data-start=\"3639\" data-end=\"3655\">microimprimant\u0103<\/strong> pentru ie\u0219irea instantanee a raportului.<\/p>\n<\/li>\n<\/ul>\n<p class=\"\" data-start=\"3684\" data-end=\"3857\">Aceste caracteristici nu numai c\u0103 simplific\u0103 testarea, dar \u00eembun\u0103t\u0103\u021besc \u0219i <strong data-start=\"3748\" data-end=\"3794\">acurate\u021be, repetabilitate \u0219i documentare<\/strong> necesare pentru validarea produselor medicale \u0219i auditurile de reglementare.<\/p>\n<hr class=\"\" data-start=\"3859\" data-end=\"3862\" \/>\n<h2 data-start=\"3864\" data-end=\"3996\">Aplica\u021bii \u00een produc\u021bia \u0219i cercetarea medical\u0103<\/h2>\n<p class=\"\" data-start=\"3864\" data-end=\"3996\">The <strong data-start=\"3929\" data-end=\"3971\">tester de rigiditate a tubului acului medical<\/strong> este aplicabil pe scar\u0103 larg\u0103 \u00een:<\/p>\n<ul data-start=\"3997\" data-end=\"4271\">\n<li class=\"\" data-start=\"3997\" data-end=\"4038\">\n<p class=\"\" data-start=\"3999\" data-end=\"4038\">Fabricarea acelor hipodermice \u0219i a stilourilor<\/p>\n<\/li>\n<li class=\"\" data-start=\"4039\" data-end=\"4097\">\n<p class=\"\" data-start=\"4041\" data-end=\"4097\">Departamente de control al calit\u0103\u021bii \u00een produc\u021bia de dispozitive medicale<\/p>\n<\/li>\n<li class=\"\" data-start=\"4098\" data-end=\"4166\">\n<p class=\"\" data-start=\"4100\" data-end=\"4166\">Laboratoare de cercetare \u0219i dezvoltare care lucreaz\u0103 la modele inovatoare de ace<\/p>\n<\/li>\n<li class=\"\" data-start=\"4167\" data-end=\"4218\">\n<p class=\"\" data-start=\"4169\" data-end=\"4218\">Agen\u021bii de testare de reglementare \u0219i organisme de inspec\u021bie<\/p>\n<\/li>\n<li class=\"\" data-start=\"4219\" data-end=\"4271\">\n<p class=\"\" data-start=\"4221\" data-end=\"4271\">OEM \u0219i furnizori de componente medicale de marc\u0103 proprie<\/p>\n<\/li>\n<\/ul>\n<p class=\"\" data-start=\"4273\" data-end=\"4388\">Acesta furnizeaz\u0103 date mecanice critice care asigur\u0103 c\u0103 fiecare tub cu ac func\u021bioneaz\u0103 fiabil \u00een condi\u021bii de utilizare clinic\u0103.<\/p>\n<hr class=\"\" data-start=\"4390\" data-end=\"4393\" \/>\n<h2 data-start=\"4395\" data-end=\"4437\">Specifica\u021bii tehnice la o privire de ansamblu<\/h2>\n<div class=\"_tableContainer_16hzy_1\">\n<div class=\"_tableWrapper_16hzy_14 group flex w-fit flex-col-reverse\" tabindex=\"-1\">\n<table class=\"w-fit min-w-(--thread-content-width)\" data-start=\"4438\" data-end=\"4972\">\n<thead data-start=\"4438\" data-end=\"4503\">\n<tr data-start=\"4438\" data-end=\"4503\">\n<th data-start=\"4438\" data-end=\"4466\" data-col-size=\"sm\"><strong data-start=\"4440\" data-end=\"4453\">Parametru<\/strong><\/th>\n<th data-start=\"4466\" data-end=\"4503\" data-col-size=\"sm\"><strong data-start=\"4468\" data-end=\"4485\">Specifica\u021bii<\/strong><\/th>\n<\/tr>\n<\/thead>\n<tbody data-start=\"4570\" data-end=\"4972\">\n<tr data-start=\"4570\" data-end=\"4635\">\n<td data-start=\"4570\" data-end=\"4598\" data-col-size=\"sm\">For\u021ba maxim\u0103 de testare<\/td>\n<td data-col-size=\"sm\" data-start=\"4598\" data-end=\"4635\">60 N (personalizabil)<\/td>\n<\/tr>\n<tr data-start=\"4636\" data-end=\"4701\">\n<td data-start=\"4636\" data-end=\"4664\" data-col-size=\"sm\">Gama de viteze<\/td>\n<td data-col-size=\"sm\" data-start=\"4664\" data-end=\"4701\">1-500 mm\/min<\/td>\n<\/tr>\n<tr data-start=\"4702\" data-end=\"4767\">\n<td data-start=\"4702\" data-end=\"4730\" data-col-size=\"sm\">Acurate\u021bea m\u0103sur\u0103rii<\/td>\n<td data-col-size=\"sm\" data-start=\"4730\" data-end=\"4767\">\u00b10,01 mm<\/td>\n<\/tr>\n<tr data-start=\"4768\" data-end=\"4833\">\n<td data-start=\"4768\" data-end=\"4796\" data-col-size=\"sm\">Surs\u0103 de alimentare<\/td>\n<td data-col-size=\"sm\" data-start=\"4796\" data-end=\"4833\">110~220V<\/td>\n<\/tr>\n<tr data-start=\"4834\" data-end=\"4899\">\n<td data-start=\"4834\" data-end=\"4862\" data-col-size=\"sm\">Interfa\u021b\u0103 de control<\/td>\n<td data-col-size=\"sm\" data-start=\"4862\" data-end=\"4899\">PLC cu ecran tactil HMI de 7\u201d<\/td>\n<\/tr>\n<tr data-start=\"4900\" data-end=\"4972\">\n<td data-start=\"4900\" data-end=\"4928\" data-col-size=\"sm\">Accesorii incluse<\/td>\n<td data-col-size=\"sm\" data-start=\"4928\" data-end=\"4972\">Plunger, suport pentru tuburi, cablu de alimentare, siguran\u021b\u0103<\/td>\n<\/tr>\n<\/tbody>\n<\/table>\n<div class=\"sticky end-(--thread-content-margin) h-0 self-end select-none\">\n<div class=\"absolute end-0 flex items-end\"><span style=\"font-size: 16px;\">Testarea rigidit\u0103\u021bii este esen\u021bial\u0103 pentru a garanta <\/span><strong style=\"font-size: 16px;\" data-start=\"5044\" data-end=\"5090\">fiabilitatea mecanic\u0103 \u0219i siguran\u021ba clinic\u0103<\/strong><span style=\"font-size: 16px;\"> de ace hipodermice. Prin respectarea <\/span><strong style=\"font-size: 16px;\" data-start=\"5132\" data-end=\"5152\"><a href=\"https:\/\/www.iso.org\/standard\/60480.html\" target=\"_blank\" rel=\"noopener nofollow\">ISO 9626<\/a> testare<\/strong><span style=\"font-size: 16px;\"> produc\u0103torii se pot asigura c\u0103 tubulatura lor respect\u0103 standardele de performan\u021b\u0103 globale. Modelul <\/span><strong style=\"font-size: 16px;\" data-start=\"5247\" data-end=\"5295\">TS-01 tester de rigiditate a tubului acului medical<\/strong><span style=\"font-size: 16px;\"> de la <\/span><strong style=\"font-size: 16px;\" data-start=\"5301\" data-end=\"5321\">Instrumente celulare<\/strong><span style=\"font-size: 16px;\"> ofer\u0103 o solu\u021bie profesional\u0103, precis\u0103 \u0219i u\u0219or de utilizat pentru m\u0103surarea rigidit\u0103\u021bii. Fie pentru conformitate, cercetare \u0219i dezvoltare sau asigurarea calit\u0103\u021bii, TS-01 este alegerea de \u00eencredere pentru evaluarea tuburilor cu ace.<\/span><\/div>\n<\/div>\n<\/div>\n<\/div>\n<hr class=\"\" data-start=\"5520\" data-end=\"5523\" \/>\n<h2 data-start=\"5525\" data-end=\"5572\">\u00ceNTREB\u0102RI FRECVENTE: Tester de rigiditate a tubului acului medical<\/h2>\n<p class=\"\" data-start=\"5755\" data-end=\"5933\"><strong data-start=\"5755\" data-end=\"5829\">Q1: Ce tip de ace sau tuburi pot fi testate cu acest instrument?<\/strong><br data-start=\"5829\" data-end=\"5832\" \/>A1: Este potrivit pentru tubulatura acului din o\u021bel inoxidabil utilizat \u00een ace hipodermice, stilouri sau intravenoase.<\/p>\n<p class=\"\" data-start=\"6096\" data-end=\"6253\"><strong data-start=\"6096\" data-end=\"6138\">Q2: Pot testa tuburi de dimensiuni diferite?<\/strong><br data-start=\"6138\" data-end=\"6141\" \/>A2: Da, testerul include dispozitive de fixare reglabile \u0219i suport\u0103 diferite deschideri \u00een conformitate cu specifica\u021biile ISO Tabelul 2.<\/p>","protected":false},"excerpt":{"rendered":"<p>Introduction to Medical Needle Tubing Stiffness Tester Ensuring the mechanical integrity of hypodermic needles is critical in the medical field. One essential property that influences performance, safety, and usability is tubing stiffness. The medical needle tubing stiffness tester provides a standardized, precise method to evaluate the stiffness of stainless steel tubing used in needle manufacturing. &hellip;<\/p>\n<p class=\"read-more\"> <a class=\"\" href=\"https:\/\/www.qualitester.com\/ro\/produs\/medical-needle-tubing-stiffness-tester\/\"> <span class=\"screen-reader-text\">TS-01 Tester de rigiditate a tuburilor<\/span> Cite\u0219te mai mult \"<\/a><\/p>","protected":false},"featured_media":6646,"comment_status":"closed","ping_status":"closed","template":"","meta":{"site-sidebar-layout":"default","site-content-layout":"default","ast-global-header-display":"","ast-main-header-display":"","ast-hfb-above-header-display":"","ast-hfb-below-header-display":"","ast-hfb-mobile-header-display":"","site-post-title":"","ast-breadcrumbs-content":"","ast-featured-img":"","footer-sml-layout":"","theme-transparent-header-meta":"default","adv-header-id-meta":"","stick-header-meta":"","header-above-stick-meta":"","header-main-stick-meta":"","header-below-stick-meta":""},"product_cat":[1180,845,934,149],"product_tag":[],"class_list":{"0":"post-6644","1":"product","2":"type-product","3":"status-publish","4":"has-post-thumbnail","6":"product_cat-iso-9626","7":"product_cat-customization","8":"product_cat-medical-packaging-tester","9":"product_cat-pharma-and-medical-testers","10":"desktop-align-left","11":"tablet-align-left","12":"mobile-align-left","14":"first","15":"instock","16":"shipping-taxable","17":"product-type-simple"},"_links":{"self":[{"href":"https:\/\/www.qualitester.com\/ro\/wp-json\/wp\/v2\/product\/6644","targetHints":{"allow":["GET"]}}],"collection":[{"href":"https:\/\/www.qualitester.com\/ro\/wp-json\/wp\/v2\/product"}],"about":[{"href":"https:\/\/www.qualitester.com\/ro\/wp-json\/wp\/v2\/types\/product"}],"replies":[{"embeddable":true,"href":"https:\/\/www.qualitester.com\/ro\/wp-json\/wp\/v2\/comments?post=6644"}],"version-history":[{"count":0,"href":"https:\/\/www.qualitester.com\/ro\/wp-json\/wp\/v2\/product\/6644\/revisions"}],"wp:featuredmedia":[{"embeddable":true,"href":"https:\/\/www.qualitester.com\/ro\/wp-json\/wp\/v2\/media\/6646"}],"wp:attachment":[{"href":"https:\/\/www.qualitester.com\/ro\/wp-json\/wp\/v2\/media?parent=6644"}],"wp:term":[{"taxonomy":"product_cat","embeddable":true,"href":"https:\/\/www.qualitester.com\/ro\/wp-json\/wp\/v2\/product_cat?post=6644"},{"taxonomy":"product_tag","embeddable":true,"href":"https:\/\/www.qualitester.com\/ro\/wp-json\/wp\/v2\/product_tag?post=6644"}],"curies":[{"name":"wp","href":"https:\/\/api.w.org\/{rel}","templated":true}]}}