{"id":6624,"date":"2025-04-23T10:13:39","date_gmt":"2025-04-23T02:13:39","guid":{"rendered":"https:\/\/www.qualitester.com\/?post_type=product&#038;p=6624"},"modified":"2025-04-23T10:16:05","modified_gmt":"2025-04-23T02:16:05","slug":"syringe-air-leakage-tester-iso-7886-1","status":"publish","type":"product","link":"https:\/\/www.qualitester.com\/ro\/produs\/syringe-air-leakage-tester-iso-7886-1\/","title":{"rendered":"SLT-02 Tester de scurgere a aerului din sering\u0103"},"content":{"rendered":"<p class=\"\" data-start=\"489\" data-end=\"995\">Pentru a asigura siguran\u021ba \u0219i performan\u021ba seringilor medicale, metodele de testare riguroase sunt esen\u021biale. Printre acestea, testele <strong data-start=\"602\" data-end=\"632\">tester de scurgere a aerului cu sering\u0103<\/strong> este un instrument vital care joac\u0103 un rol central \u00een identificarea scurgerilor poten\u021biale \u0219i a deta\u0219\u0103rii pistonului \u00een timpul aspira\u021biei. Conceput pentru a fi \u00een conformitate cu <em data-start=\"778\" data-end=\"790\">ISO 7886-1<\/em> \u0219i \u00een special <em data-start=\"808\" data-end=\"817\">Anexa B<\/em>, a <strong data-start=\"823\" data-end=\"853\">SLT-02 Tester de scurgere a seringii<\/strong> de la <strong data-start=\"859\" data-end=\"879\">Instrumente celulare<\/strong> ofer\u0103 rezultate extrem de fiabile pentru profesioni\u0219tii implica\u021bi \u00een <strong data-start=\"943\" data-end=\"969\">detectarea scurgerilor din sering\u0103<\/strong> \u0219i <strong data-start=\"974\" data-end=\"994\">Testarea ISO 7886<\/strong>.<\/p>\n<h2 data-start=\"1002\" data-end=\"1065\">\u00cen\u021belegerea ISO 7886-1 Anexa B \u0219i detectarea scurgerilor din seringi<\/h2>\n<p class=\"\" data-start=\"1067\" data-end=\"1442\"><a href=\"https:\/\/www.qualitester.com\/ro\/categorie-produs\/iso\/iso-7886-1\/\" target=\"_blank\" rel=\"noopener\"><strong><em data-start=\"1067\" data-end=\"1079\">ISO 7886-1<\/em><\/strong><\/a>, intitulat \"Seringi hipodermice sterile de unic\u0103 folosin\u021b\u0103 - Partea 1: Seringi pentru utilizare manual\u0103\", este standardul global care define\u0219te cerin\u021bele de performan\u021b\u0103 \u0219i siguran\u021b\u0103 pentru seringile medicale. \u00cen cadrul acestui standard, <strong data-start=\"1281\" data-end=\"1292\">Anexa B<\/strong> descrie <strong data-start=\"1307\" data-end=\"1371\">metod\u0103 de testare a scurgerilor de aer prin obturatorul pistonului seringii<\/strong> \u00een timpul aspira\u021biei, precum \u0219i <strong data-start=\"1406\" data-end=\"1441\">detectarea separ\u0103rii pistonului<\/strong>.<\/p>\n<p class=\"\" data-start=\"1444\" data-end=\"1588\">Aceast\u0103 metod\u0103 este esen\u021bial\u0103 deoarece scurgerile de aer dintr-o sering\u0103 ar putea compromite sterilitatea, precizia dozei \u0219i siguran\u021ba pacientului. Procedura implic\u0103:<\/p>\n<ul data-start=\"1590\" data-end=\"1809\">\n<li class=\"\" data-start=\"1590\" data-end=\"1675\">\n<p class=\"\" data-start=\"1592\" data-end=\"1675\">Umplerea seringii cu cel pu\u021bin 25% din capacitatea sa nominal\u0103 cu ap\u0103 (18-28\u00b0C),<\/p>\n<\/li>\n<li class=\"\" data-start=\"1676\" data-end=\"1742\">\n<p class=\"\" data-start=\"1678\" data-end=\"1742\">Crearea unui <strong data-start=\"1689\" data-end=\"1718\">presiune de vid de 88 kPa<\/strong> sub presiunea ambiant\u0103,<\/p>\n<\/li>\n<li class=\"\" data-start=\"1743\" data-end=\"1809\">\n<p class=\"\" data-start=\"1745\" data-end=\"1809\">Observarea oric\u0103rei scurgeri de aer sau <strong data-start=\"1778\" data-end=\"1808\">deta\u0219area dopului pistonului<\/strong>.<\/p>\n<\/li>\n<\/ul>\n<p class=\"\" data-start=\"1811\" data-end=\"1926\">SLT-02 este proiectat cu precizie pentru a reproduce aceste condi\u021bii \u00eentr-un mod controlat, automatizat \u0219i repetabil.<\/p>\n<h2 data-start=\"1933\" data-end=\"1985\">SLT-02 Tester de scurgere a aerului din sering\u0103<\/h2>\n<p class=\"\" data-start=\"1987\" data-end=\"2247\">The <strong data-start=\"1991\" data-end=\"2028\">SLT-02 Tester de scurgere a aerului din sering\u0103<\/strong> integreaz\u0103 un sistem sofisticat de generare a vidului \u0219i un mecanism de control stabil, permi\u021b\u00e2nd operatorilor s\u0103 efectueze \u00een mod eficient teste de etan\u0219eitate a seringilor cu acurate\u021be \u0219i consecven\u021b\u0103. Iat\u0103 ce \u00eel face o solu\u021bie remarcabil\u0103:<\/p>\n<h3 data-start=\"2249\" data-end=\"2266\">Caracteristici principale:<\/h3>\n<ol data-start=\"2267\" data-end=\"2625\">\n<li class=\"\" data-start=\"2267\" data-end=\"2319\">\n<p class=\"\" data-start=\"2269\" data-end=\"2319\"><strong data-start=\"2269\" data-end=\"2294\">Men\u021binere stabil\u0103 a vidului<\/strong> pentru m\u0103sur\u0103tori precise.<\/p>\n<\/li>\n<li class=\"\" data-start=\"2320\" data-end=\"2393\">\n<p class=\"\" data-start=\"2322\" data-end=\"2393\"><strong data-start=\"2322\" data-end=\"2349\">Tehnologia tubului Venturi<\/strong> pentru generarea unei presiuni negative eficiente.<\/p>\n<\/li>\n<li class=\"\" data-start=\"2394\" data-end=\"2464\">\n<p class=\"\" data-start=\"2396\" data-end=\"2464\"><strong data-start=\"2396\" data-end=\"2426\">Sistem de prindere reglabil<\/strong> acomodeaz\u0103 diferite volume de sering\u0103.<\/p>\n<\/li>\n<li class=\"\" data-start=\"2465\" data-end=\"2548\">\n<p class=\"\" data-start=\"2467\" data-end=\"2548\"><strong data-start=\"2467\" data-end=\"2490\">Func\u021bionare automat\u0103<\/strong> dup\u0103 ini\u021bierea testului - este necesar\u0103 o interven\u021bie minim\u0103 din partea utilizatorului.<\/p>\n<\/li>\n<li class=\"\" data-start=\"2549\" data-end=\"2625\">\n<p class=\"\" data-start=\"2551\" data-end=\"2625\"><strong data-start=\"2551\" data-end=\"2575\">Construc\u021bie durabil\u0103<\/strong> asigur\u0103 o durat\u0103 lung\u0103 de via\u021b\u0103 \u00een laboratoarele QC cu volume mari.<\/p>\n<\/li>\n<\/ol>\n<h3 data-start=\"2627\" data-end=\"2656\">Specifica\u021bii tehnice:<\/h3>\n<table style=\"height: 167px;\" width=\"1088\">\n<tbody>\n<tr>\n<td style=\"text-align: center;\" width=\"83\"><strong data-start=\"2659\" data-end=\"2674\">Intervalul de testare<\/strong><\/td>\n<td style=\"text-align: center;\" width=\"91\">0~-90KPa<\/td>\n<\/tr>\n<tr>\n<td style=\"text-align: center;\" width=\"83\"><strong data-start=\"2691\" data-end=\"2714\">Presiunea de intrare a aerului<\/strong><\/td>\n<td style=\"text-align: center;\" width=\"91\">0,6 ~ 0,7 Mpa<\/td>\n<\/tr>\n<tr>\n<td style=\"text-align: center;\" width=\"83\"><strong data-start=\"2760\" data-end=\"2778\">Durata testului<\/strong><\/td>\n<td style=\"text-align: center;\" width=\"91\">P\u00e2n\u0103 la 9999 ore (programabil)<\/td>\n<\/tr>\n<tr>\n<td style=\"text-align: center;\" width=\"83\"><strong data-start=\"2733\" data-end=\"2750\">Surs\u0103 de alimentare<\/strong><\/td>\n<td style=\"text-align: center;\" width=\"91\">220V<\/td>\n<\/tr>\n<\/tbody>\n<\/table>\n<p class=\"\" data-start=\"2812\" data-end=\"3018\">Testerul include o unitate de control a testerului de scurgeri, un suport pentru sering\u0103, tuburi de conectare \u0219i accesoriile necesare, toate construite pentru a \u00eendeplini cerin\u021bele stricte de conformitate din <strong data-start=\"2978\" data-end=\"2990\">GB 15810<\/strong> \u0219i <strong data-start=\"2995\" data-end=\"3017\">ISO 7886-1 Anexa B<\/strong>.<\/p>\n<h2 data-start=\"3025\" data-end=\"3087\">Aplica\u021bii \u00een controlul calit\u0103\u021bii medicale \u0219i farmaceutice<\/h2>\n<p class=\"\" data-start=\"3089\" data-end=\"3176\">The <strong data-start=\"3093\" data-end=\"3123\">tester de scurgere a aerului cu sering\u0103<\/strong> este indispensabil \u00een mai multe sectoare, inclusiv:<\/p>\n<ul data-start=\"3178\" data-end=\"3478\">\n<li class=\"\" data-start=\"3178\" data-end=\"3261\">\n<p class=\"\" data-start=\"3180\" data-end=\"3261\"><strong data-start=\"3180\" data-end=\"3212\">Fabricarea dispozitivelor medicale<\/strong>, asigur\u00e2nd conformitatea cu standardele de reglementare,<\/p>\n<\/li>\n<li class=\"\" data-start=\"3262\" data-end=\"3329\">\n<p class=\"\" data-start=\"3264\" data-end=\"3329\"><strong data-start=\"3264\" data-end=\"3297\">Laboratoare de ambalare farmaceutic\u0103<\/strong>, pentru asigurarea produselor sterile,<\/p>\n<\/li>\n<li class=\"\" data-start=\"3330\" data-end=\"3407\">\n<p class=\"\" data-start=\"3332\" data-end=\"3407\"><strong data-start=\"3332\" data-end=\"3364\">Agen\u021bii de testare ter\u021b\u0103 parte<\/strong>, verific\u00e2nd siguran\u021ba \u0219i coeren\u021ba produselor,<\/p>\n<\/li>\n<li class=\"\" data-start=\"3408\" data-end=\"3478\">\n<p class=\"\" data-start=\"3410\" data-end=\"3478\"><strong data-start=\"3410\" data-end=\"3422\">Laboratoare de cercetare \u0219i dezvoltare<\/strong>, pentru evaluarea prototipurilor de seringi sau a materialelor.<\/p>\n<\/li>\n<\/ul>\n<p class=\"\" data-start=\"3480\" data-end=\"3711\">Profesioni\u0219ti implica\u021bi \u00een asigurarea calit\u0103\u021bii \u0219i <strong data-start=\"3528\" data-end=\"3554\">detectarea scurgerilor din sering\u0103<\/strong> se bazeaz\u0103 pe instrumente precum SLT-02 nu numai pentru a \u00eendeplini cerin\u021bele de conformitate, ci \u0219i pentru a-\u0219i spori credibilitatea \u0219i a reduce riscurile de e\u0219ec ale produselor pe pia\u021b\u0103.<\/p>\n<h2 data-start=\"3718\" data-end=\"3778\">De ce s\u0103 alege\u021bi SLT-02 de la Cell Instruments pentru testarea ISO 7886<\/h2>\n<p class=\"\" data-start=\"3780\" data-end=\"3941\">Ca lider \u00een solu\u021bii de testare a materialelor \u0219i ambalajelor, <strong data-start=\"3838\" data-end=\"3868\">Cell Instruments Co., Ltd.<\/strong> ofer\u0103 nu numai hardware robust, ci \u0219i servicii excep\u021bionale, inclusiv:<\/p>\n<ul data-start=\"3943\" data-end=\"4174\">\n<li class=\"\" data-start=\"3943\" data-end=\"4013\">\n<p class=\"\" data-start=\"3945\" data-end=\"4013\">Corpuri personalizabile pentru <strong data-start=\"3971\" data-end=\"4012\">dimensiuni sau cerin\u021be speciale ale seringilor<\/strong>,<\/p>\n<\/li>\n<li class=\"\" data-start=\"4014\" data-end=\"4076\">\n<p class=\"\" data-start=\"4016\" data-end=\"4076\"><strong data-start=\"4016\" data-end=\"4045\">Transformarea automatiz\u0103rii<\/strong> servicii pentru liniile de produc\u021bie,<\/p>\n<\/li>\n<li class=\"\" data-start=\"4077\" data-end=\"4174\">\n<p class=\"\" data-start=\"4079\" data-end=\"4174\">Asisten\u021b\u0103 tehnic\u0103 bazat\u0103 pe o cunoa\u0219tere aprofundat\u0103 a <strong data-start=\"4125\" data-end=\"4139\">ISO 7886-1<\/strong> \u0219i alte standarde interna\u021bionale.<\/p>\n<\/li>\n<\/ul>\n<p class=\"\" data-start=\"4176\" data-end=\"4300\">Angajamentul nostru fa\u021b\u0103 de calitate, precizie \u0219i satisfac\u021bia clien\u021bilor asigur\u0103 c\u0103 testarea seringilor dvs. \u00eendepline\u0219te cele mai \u00eenalte a\u0219tept\u0103ri.<\/p>\n<p class=\"\" data-start=\"4323\" data-end=\"4624\">The <strong data-start=\"4327\" data-end=\"4364\">SLT-02 sering\u0103 de testare a scurgerilor de aer<\/strong> este mai mult dec\u00e2t un dispozitiv - este o solu\u021bie complet\u0103 adaptat\u0103 pentru precizie \u0219i fiabilitate de grad medical. Cu respectarea deplin\u0103 a <strong data-start=\"4494\" data-end=\"4516\">ISO 7886-1 Anexa B<\/strong>, sprijin\u0103 profesioni\u0219tii \u00een realizarea de activit\u0103\u021bi eficiente, trasabile \u0219i standardizate <strong data-start=\"4597\" data-end=\"4623\">detectarea scurgerilor din sering\u0103<\/strong>.<\/p>\n<p class=\"\" data-start=\"4626\" data-end=\"4734\">Echipa\u021bi-v\u0103 laboratorul cu SLT-02 de la <strong data-start=\"4662\" data-end=\"4682\">Instrumente celulare<\/strong>-pentru c\u0103 siguran\u021ba seringii nu ar trebui compromis\u0103 niciodat\u0103.<\/p>\n<p class=\"\" data-start=\"4741\" data-end=\"4749\"><strong data-start=\"4741\" data-end=\"4749\">\u00centreb\u0103ri frecvente<\/strong><\/p>\n<p class=\"\" data-start=\"4751\" data-end=\"4949\"><strong data-start=\"4751\" data-end=\"4812\">1. Care este scopul testerului de scurgeri de aer cu sering\u0103?<\/strong><br data-start=\"4812\" data-end=\"4815\" \/>Acesta este utilizat pentru a detecta scurgerile de aer pe l\u00e2ng\u0103 opritorul pistonului seringii \u0219i pentru a verifica dac\u0103 opritorul pistonului se desprinde \u00een timpul aspira\u021biei.<\/p>\n<p class=\"\" data-start=\"4951\" data-end=\"5145\"><strong data-start=\"4951\" data-end=\"5015\">2. Care standard reglementeaz\u0103 testul de scurgere a aerului pentru seringi?<\/strong><br data-start=\"5015\" data-end=\"5018\" \/>Testul este definit \u00een <strong data-start=\"5041\" data-end=\"5063\">ISO 7886-1 Anexa B<\/strong>, care ofer\u0103 o metod\u0103 detaliat\u0103 pentru testarea scurgerilor de aer \u0219i a separ\u0103rii pistonului.<\/p>\n<p class=\"\" data-start=\"5147\" data-end=\"5321\"><strong data-start=\"5147\" data-end=\"5207\">3. Ce tip de seringi pot fi testate folosind SLT-02?<\/strong><br data-start=\"5207\" data-end=\"5210\" \/>SLT-02 suport\u0103 o gam\u0103 larg\u0103 de dimensiuni \u0219i tipuri de seringi concepute pentru utilizare manual\u0103, dup\u0103 cum se subliniaz\u0103 \u00een <a href=\"https:\/\/www.iso.org\/standard\/64790.html\" target=\"_blank\" rel=\"noopener nofollow\">ISO 7886-1<\/a>.<\/p>\n<p class=\"\" data-start=\"5323\" data-end=\"5476\"><strong data-start=\"5323\" data-end=\"5375\">4. Cum genereaz\u0103 SLT-02 presiunea de vid?<\/strong><br data-start=\"5375\" data-end=\"5378\" \/>Acesta utilizeaz\u0103 aer comprimat \u0219i tehnologia tubului Venturi pentru a crea un vid controlat de p\u00e2n\u0103 la -90 kPa.<\/p>\n<p class=\"\" data-start=\"5478\" data-end=\"5692\"><strong data-start=\"5478\" data-end=\"5549\">5. Testerul poate fi personalizat pentru configura\u021bii speciale de seringi?<\/strong><br data-start=\"5549\" data-end=\"5552\" \/>Da, Cell Instruments este specializat\u0103 \u00een <strong data-start=\"5589\" data-end=\"5617\">solu\u021bii de testare personalizate<\/strong> \u0219i poate adapta dispozitivul pentru modele unice de seringi sau cerin\u021be de testare.<\/p>","protected":false},"excerpt":{"rendered":"<p>The <strong data-start=\"1991\" data-end=\"2028\">SLT-02 Tester de scurgere a aerului din sering\u0103<\/strong> integreaz\u0103 un sistem sofisticat de generare a vidului \u0219i un mecanism de control stabil, permi\u021b\u00e2nd operatorilor s\u0103 efectueze \u00een mod eficient teste de etan\u0219eitate a seringii cu acurate\u021be \u0219i consecven\u021b\u0103.<\/p>","protected":false},"featured_media":6628,"comment_status":"closed","ping_status":"closed","template":"","meta":{"site-sidebar-layout":"default","site-content-layout":"default","ast-global-header-display":"","ast-main-header-display":"","ast-hfb-above-header-display":"","ast-hfb-below-header-display":"","ast-hfb-mobile-header-display":"","site-post-title":"","ast-breadcrumbs-content":"","ast-featured-img":"","footer-sml-layout":"","theme-transparent-header-meta":"default","adv-header-id-meta":"","stick-header-meta":"","header-above-stick-meta":"","header-main-stick-meta":"","header-below-stick-meta":""},"product_cat":[845,1053,675,149,95],"product_tag":[],"class_list":{"0":"post-6624","1":"product","2":"type-product","3":"status-publish","4":"has-post-thumbnail","6":"product_cat-customization","7":"product_cat-iso-7886-1","8":"product_cat-leak-tester","9":"product_cat-pharma-and-medical-testers","10":"product_cat-products","11":"desktop-align-left","12":"tablet-align-left","13":"mobile-align-left","15":"first","16":"instock","17":"shipping-taxable","18":"product-type-simple"},"_links":{"self":[{"href":"https:\/\/www.qualitester.com\/ro\/wp-json\/wp\/v2\/product\/6624","targetHints":{"allow":["GET"]}}],"collection":[{"href":"https:\/\/www.qualitester.com\/ro\/wp-json\/wp\/v2\/product"}],"about":[{"href":"https:\/\/www.qualitester.com\/ro\/wp-json\/wp\/v2\/types\/product"}],"replies":[{"embeddable":true,"href":"https:\/\/www.qualitester.com\/ro\/wp-json\/wp\/v2\/comments?post=6624"}],"version-history":[{"count":0,"href":"https:\/\/www.qualitester.com\/ro\/wp-json\/wp\/v2\/product\/6624\/revisions"}],"wp:featuredmedia":[{"embeddable":true,"href":"https:\/\/www.qualitester.com\/ro\/wp-json\/wp\/v2\/media\/6628"}],"wp:attachment":[{"href":"https:\/\/www.qualitester.com\/ro\/wp-json\/wp\/v2\/media?parent=6624"}],"wp:term":[{"taxonomy":"product_cat","embeddable":true,"href":"https:\/\/www.qualitester.com\/ro\/wp-json\/wp\/v2\/product_cat?post=6624"},{"taxonomy":"product_tag","embeddable":true,"href":"https:\/\/www.qualitester.com\/ro\/wp-json\/wp\/v2\/product_tag?post=6624"}],"curies":[{"name":"wp","href":"https:\/\/api.w.org\/{rel}","templated":true}]}}