{"id":6521,"date":"2025-02-27T16:21:52","date_gmt":"2025-02-27T08:21:52","guid":{"rendered":"https:\/\/www.qualitester.com\/?post_type=product&#038;p=6521"},"modified":"2025-02-27T16:43:52","modified_gmt":"2025-02-27T08:43:52","slug":"crumple-flex-tester-astm-f392","status":"publish","type":"product","link":"https:\/\/www.qualitester.com\/ro\/produs\/crumple-flex-tester-astm-f392\/","title":{"rendered":"GFT Crumple Flex Tester"},"content":{"rendered":"<p data-start=\"1048\" data-end=\"1473\">The <strong data-start=\"1052\" data-end=\"1075\">tester de flexie<\/strong> este conceput pentru a simula solicit\u0103rile mecanice pe care le suport\u0103 materialele de ambalare atunci c\u00e2nd sunt supuse la flexare, r\u0103sucire \u0219i compresie. Aceste ac\u021biuni duc adesea la fisuri \u0219i perfora\u021bii de flexie, care pot compromite integritatea ambalajului \u0219i siguran\u021ba produsului. Aparatul de testare \u00eei ajut\u0103 pe produc\u0103tori s\u0103 m\u0103soare rezisten\u021ba materialului la aceste solicit\u0103ri \u0219i s\u0103 evalueze performan\u021ba acestuia la solicit\u0103ri repetate.<\/p>\n<p data-start=\"1475\" data-end=\"1883\">Scopul principal al <strong data-start=\"1502\" data-end=\"1525\">tester de flexie<\/strong> este de a evalua durabilitatea la flexie a materialelor de barier\u0103 flexibile, cum ar fi foliile de plastic, h\u00e2rtiile acoperite \u0219i laminatele, care sunt utilizate \u00een mod obi\u0219nuit \u00een ambalaje. Testerul func\u021bioneaz\u0103 prin supunerea probelor la o combina\u021bie de mi\u0219c\u0103ri de torsiune \u0219i compresie liniar\u0103 care simuleaz\u0103 for\u021bele fizice cu care se poate confrunta un ambalaj \u00een timpul manipul\u0103rii, transportului \u0219i distribu\u021biei.<\/p>\n<h3 data-start=\"1890\" data-end=\"1934\">ASTM F392 \u0219i metoda de testare Gelbo Flex<\/h3>\n<p data-start=\"1936\" data-end=\"2310\">The <a href=\"https:\/\/www.qualitester.com\/ro\/categorie-produs\/astm\/astm-f392\/\" target=\"_blank\" rel=\"noopener\"><strong data-start=\"1940\" data-end=\"1953\">ASTM F392<\/strong><\/a> intitulat \u201cStandard Test Method for Flex Durability of Flexible Barrier Materials\u201d (Metod\u0103 de testare standard pentru durabilitatea la flexie a materialelor de protec\u021bie flexibile), este punctul de referin\u021b\u0103 pentru evaluarea durabilit\u0103\u021bii la flexie a materialelor utilizate \u00een ambalajele flexibile. Aparatul de testare a flexibilit\u0103\u021bii la deformare este conform cu acest standard \u0219i utilizeaz\u0103 <strong data-start=\"2203\" data-end=\"2229\">Metoda de testare Gelbo Flex<\/strong> pentru a cuantifica c\u00e2t de bine rezist\u0103 materialele la deteriorare atunci c\u00e2nd sunt supuse la flexiuni repetate.<\/p>\n<p data-start=\"2312\" data-end=\"2729\">The <strong data-start=\"2316\" data-end=\"2342\">Metoda de testare Gelbo Flex<\/strong> evalueaz\u0103 capacitatea materialului de a rezista la \u00eendoire \u00een timp, ceea ce este esen\u021bial pentru prevenirea defec\u021biunilor ambalajelor. Metoda presupune flexarea repetat\u0103 a unei probe, de obicei o pelicul\u0103 sau un strat de acoperire, printr-o mi\u0219care de r\u0103sucire \u0219i compresie. \u00cen timp, aceast\u0103 flexare poate provoca fisuri sau perfora\u021bii microscopice, pe care testerul le identific\u0103, furniz\u00e2nd date esen\u021biale privind durabilitatea materialului.<\/p>\n<h3 data-start=\"2736\" data-end=\"2773\">Cum func\u021bioneaz\u0103 testerul Crumple Flex<\/h3>\n<p data-start=\"2775\" data-end=\"3163\">Testerul de deformare prin flexie func\u021bioneaz\u0103 prin montarea unei probe, care m\u0103soar\u0103 de obicei 200 mm pe 280 mm, pe mandrine. Aceste mandrine ini\u021biaz\u0103 apoi procesul de flexare, care implic\u0103 o mi\u0219care de r\u0103sucire de 440 de grade pe 90 mm din curs\u0103, urmat\u0103 de compresie orizontal\u0103. Acest proces se repet\u0103 la o vitez\u0103 de 45 de cicluri pe minut, permi\u021b\u00e2nd testerului s\u0103 simuleze cu acurate\u021be condi\u021biile din lumea real\u0103.<\/p>\n<p data-start=\"3165\" data-end=\"3243\">Testerul ofer\u0103 diferite moduri de testare pe baza <strong data-start=\"3220\" data-end=\"3233\">ASTM F392<\/strong> standard:<\/p>\n<ul data-start=\"3245\" data-end=\"3476\">\n<li data-start=\"3245\" data-end=\"3294\"><strong data-start=\"3247\" data-end=\"3257\">Modul A<\/strong>: Flexibilitate maxim\u0103 timp de 1 or\u0103 (2.700 de cicluri)<\/li>\n<li data-start=\"3295\" data-end=\"3346\"><strong data-start=\"3297\" data-end=\"3307\">Modul B<\/strong>: Flexibilitate maxim\u0103 timp de 20 de minute (900 de cicluri)<\/li>\n<li data-start=\"3347\" data-end=\"3397\"><strong data-start=\"3349\" data-end=\"3359\">Modul C<\/strong>: Flexibilitate maxim\u0103 timp de 6 minute (270 de cicluri)<\/li>\n<li data-start=\"3398\" data-end=\"3435\"><strong data-start=\"3400\" data-end=\"3410\">Modul D<\/strong>: Flexibilitate maxim\u0103 timp de 20 de cicluri<\/li>\n<li data-start=\"3436\" data-end=\"3476\"><strong data-start=\"3438\" data-end=\"3448\">Modul E<\/strong>: Flexie par\u021bial\u0103 timp de 20 de cicluri<\/li>\n<\/ul>\n<p data-start=\"3478\" data-end=\"3592\">Aceste moduri ofer\u0103 flexibilitate, permi\u021b\u00e2nd utilizatorilor s\u0103 personalizeze condi\u021biile de testare \u00een func\u021bie de nevoile lor specifice.<\/p>\n<h3 data-start=\"3599\" data-end=\"3642\">Aplica\u021bii ale testerului Crumple Flex<\/h3>\n<p data-start=\"3644\" data-end=\"3767\">The <strong data-start=\"3648\" data-end=\"3671\">tester de flexie<\/strong> este esen\u021bial\u0103 pentru produc\u0103torii din industriile care se bazeaz\u0103 foarte mult pe materiale de ambalare, cum ar fi:<\/p>\n<ul data-start=\"3769\" data-end=\"4209\">\n<li data-start=\"3769\" data-end=\"3895\"><strong data-start=\"3771\" data-end=\"3784\">Ambalaje<\/strong>: Pentru a asigura rezisten\u021ba \u0219i integritatea filmelor barier\u0103 flexibile utilizate \u00een ambalarea alimentelor, b\u0103uturilor \u0219i medicamentelor.<\/li>\n<li data-start=\"3896\" data-end=\"4034\"><strong data-start=\"3898\" data-end=\"3923\">Materiale plastice \u0219i textile<\/strong>: Pentru a testa durabilitatea filmelor din plastic, a laminatelor \u0219i a acoperirilor textile utilizate \u00een ambalajele flexibile.<\/li>\n<li data-start=\"4035\" data-end=\"4209\"><strong data-start=\"4037\" data-end=\"4070\">Produse farmaceutice \u0219i cosmetice<\/strong>: Pentru a evalua performan\u021ba materialelor de ambalare care trebuie s\u0103 reziste la flexiuni repetate f\u0103r\u0103 a compromite siguran\u021ba con\u021binutului.<\/li>\n<\/ul>\n<p data-start=\"4211\" data-end=\"4431\">De exemplu, produc\u0103torii pot utiliza testerul pentru a evalua performan\u021ba filmelor utilizate \u00een ambalaje medicale, asigur\u00e2ndu-se c\u0103 acestea nu se rup sau nu se perforeaz\u0103 \u00een timpul distribu\u021biei, ceea ce ar putea duce la contaminare sau deteriorare.<\/p>\n<h2 data-start=\"4211\" data-end=\"4431\">Parametru principal<\/h2>\n<p><a href=\"https:\/\/www.qualitester.com\/ro\/produs\/gelbo-flex-tester-astm-f392\/\" target=\"_blank\" rel=\"noopener\"><span style=\"color: #1d3f99;\">Tester flexibil de deformare - Parametru principal<\/span><\/a><\/p>\n<h2 data-start=\"4211\" data-end=\"4431\">Caracteristic\u0103 tehnic\u0103<\/h2>\n<p><a href=\"https:\/\/www.qualitester.com\/ro\/produs\/gelbo-flex-tester-astm-f392\/\" target=\"_blank\" rel=\"noopener\"><span style=\"color: #1d3f99;\">Tester flexibil de deformare - caracteristic\u0103 tehnic\u0103<\/span><\/a><\/p>\n<p data-start=\"5183\" data-end=\"5647\">The <strong data-start=\"5187\" data-end=\"5210\">tester de flexie<\/strong> este un instrument esen\u021bial pentru testarea durabilit\u0103\u021bii la flexie a materialelor utilizate \u00een ambalajele flexibile. Prin aderarea la <strong data-start=\"5324\" data-end=\"5337\">ASTM F392<\/strong> \u0219i utiliz\u00e2nd standardul <strong data-start=\"5361\" data-end=\"5387\">Metoda de testare Gelbo Flex<\/strong>, produc\u0103torii se pot asigura c\u0103 materialele lor de ambalare vor func\u021biona fiabil \u00een condi\u021bii reale. Acest lucru nu numai c\u0103 ajut\u0103 la protejarea produselor, dar asigur\u0103 \u0219i conformitatea cu standardele industriale, contribuind la cre\u0219terea satisfac\u021biei \u0219i siguran\u021bei clien\u021bilor.<\/p>\n<p data-start=\"5649\" data-end=\"5851\">Pentru companiile din industria ambalajelor, investi\u021bia \u00eentr-un <strong data-start=\"5705\" data-end=\"5728\">tester de flexie<\/strong> de la Cell Instruments asigur\u0103 c\u0103 materialele dvs. sunt supuse unor teste riguroase, \u00eembun\u0103t\u0103\u021bind fiabilitatea \u0219i performan\u021ba produsului.<\/p>","protected":false},"excerpt":{"rendered":"<p data-start=\"379\" data-end=\"952\">\u00cen industria ambalajelor, asigurarea durabilit\u0103\u021bii materialelor este esen\u021bial\u0103 pentru a preveni deteriorarea \u00een timpul transportului \u0219i manipul\u0103rii. Caracteristicile <strong data-start=\"514\" data-end=\"537\">tester de flexie<\/strong> este un instrument vital utilizat pentru a evalua durabilitatea la flexie a materialelor, inclusiv a filmelor, compozitelor \u0219i acoperirilor. Prin simularea tensiunilor repetitive cu care se confrunt\u0103 materialele de ambalare \u00een timpul distribu\u021biei, acest tester ajut\u0103 produc\u0103torii s\u0103 asigure integritatea structural\u0103 a produselor lor.<\/p>","protected":false},"featured_media":6524,"comment_status":"closed","ping_status":"closed","template":"","meta":{"site-sidebar-layout":"default","site-content-layout":"default","ast-global-header-display":"","ast-main-header-display":"","ast-hfb-above-header-display":"","ast-hfb-below-header-display":"","ast-hfb-mobile-header-display":"","site-post-title":"","ast-breadcrumbs-content":"","ast-featured-img":"","footer-sml-layout":"","theme-transparent-header-meta":"default","adv-header-id-meta":"","stick-header-meta":"","header-above-stick-meta":"","header-main-stick-meta":"","header-below-stick-meta":""},"product_cat":[845,977,16,107,95],"product_tag":[],"class_list":{"0":"post-6521","1":"product","2":"type-product","3":"status-publish","4":"has-post-thumbnail","6":"product_cat-customization","7":"product_cat-gelbo-flex-tester","8":"product_cat-plastic-packaging-testers","9":"product_cat-astm-f392","10":"product_cat-products","11":"desktop-align-left","12":"tablet-align-left","13":"mobile-align-left","15":"first","16":"instock","17":"shipping-taxable","18":"product-type-simple"},"_links":{"self":[{"href":"https:\/\/www.qualitester.com\/ro\/wp-json\/wp\/v2\/product\/6521","targetHints":{"allow":["GET"]}}],"collection":[{"href":"https:\/\/www.qualitester.com\/ro\/wp-json\/wp\/v2\/product"}],"about":[{"href":"https:\/\/www.qualitester.com\/ro\/wp-json\/wp\/v2\/types\/product"}],"replies":[{"embeddable":true,"href":"https:\/\/www.qualitester.com\/ro\/wp-json\/wp\/v2\/comments?post=6521"}],"version-history":[{"count":0,"href":"https:\/\/www.qualitester.com\/ro\/wp-json\/wp\/v2\/product\/6521\/revisions"}],"wp:featuredmedia":[{"embeddable":true,"href":"https:\/\/www.qualitester.com\/ro\/wp-json\/wp\/v2\/media\/6524"}],"wp:attachment":[{"href":"https:\/\/www.qualitester.com\/ro\/wp-json\/wp\/v2\/media?parent=6521"}],"wp:term":[{"taxonomy":"product_cat","embeddable":true,"href":"https:\/\/www.qualitester.com\/ro\/wp-json\/wp\/v2\/product_cat?post=6521"},{"taxonomy":"product_tag","embeddable":true,"href":"https:\/\/www.qualitester.com\/ro\/wp-json\/wp\/v2\/product_tag?post=6521"}],"curies":[{"name":"wp","href":"https:\/\/api.w.org\/{rel}","templated":true}]}}