{"id":5348,"date":"2024-11-14T11:21:52","date_gmt":"2024-11-14T03:21:52","guid":{"rendered":"https:\/\/www.qualitester.com\/?post_type=product&#038;p=5348"},"modified":"2024-12-05T15:24:30","modified_gmt":"2024-12-05T07:24:30","slug":"sale-crush-resistance-tester","status":"publish","type":"product","link":"https:\/\/www.qualitester.com\/ro\/produs\/sale-crush-resistance-tester\/","title":{"rendered":"YSD-01 Tester de strivire"},"content":{"rendered":"<h2>Prezentare general\u0103 a aparatului de testare a rezisten\u021bei la strivire<\/h2>\n<p>Testerul de rezisten\u021b\u0103 la strivire (YSD-01) este un instrument de testare de \u00eenalt\u0103 precizie conceput pentru a evalua rezisten\u021ba la strivire a materialelor de ambalare, \u00een special a cartonului \u0219i a h\u00e2rtiei ondulate. Acest tester este esen\u021bial pentru industriile care se bazeaz\u0103 pe ambalaje durabile \u0219i rezistente pentru a proteja produsele \u00een timpul depozit\u0103rii \u0219i transportului. Prin m\u0103surarea precis\u0103 a for\u021belor de compresie \u00een plan la care materialele pot rezista, YSD-01 asigur\u0103 c\u0103 ambalajele \u00eendeplinesc standardele de performan\u021b\u0103 necesare, reduc\u00e2nd riscul de deteriorare a produselor \u00een timpul transportului.<\/p>\n<h2>Principalele aplica\u021bii ale testerului de rezisten\u021b\u0103 la strivire<\/h2>\n<ul>\n<li>Industria ambalajelor \u0219i transporturilor: Acest aparat de testare este extrem de util \u00een evaluarea containerelor din fibr\u0103 de sticl\u0103 \u0219i carton ondulat utilizate \u00een sectorul ambalajelor. Prin evaluarea rezisten\u021bei la strivire a acestor materiale, produc\u0103torii pot optimiza proiectarea ambalajelor pentru a rezista diferitelor for\u021be de compresie \u00eent\u00e2lnite \u00een timpul manipul\u0103rii, stivuirii \u0219i expedierii.<\/li>\n<li>Industrii care beneficiaz\u0103 de testarea rezisten\u021bei la strivire: Testerul de rezisten\u021b\u0103 la strivire sprijin\u0103 controlul calit\u0103\u021bii \u00een mai multe industrii, inclusiv alimente \u0219i b\u0103uturi, produse farmaceutice, electronice, produse chimice zilnice \u0219i multe altele. Contribuind la asigurarea durabilit\u0103\u021bii ambalajului, acesta ajut\u0103 la p\u0103strarea integrit\u0103\u021bii produsului de la produc\u021bie p\u00e2n\u0103 la utilizarea final\u0103.<\/li>\n<\/ul>\n<h2>\u00cen\u021belegerea tipurilor \u0219i metodelor de testare a rezisten\u021bei la strivire<\/h2>\n<p>YSD-01 este versatil \u0219i echipat pentru a efectua o gam\u0103 larg\u0103 de teste de rezisten\u021b\u0103 la strivire. Fiecare test evalueaz\u0103 caracteristicile specifice ale materialelor de ambalare pentru a se asigura c\u0103 acestea \u00eendeplinesc cerin\u021bele riguroase ale industriei.<\/p>\n<ul>\n<li>Testul de strivire a marginilor (ECT): Acest test evalueaz\u0103 rezisten\u021ba la compresiune pe margini, perpendicular pe axa canelurilor din pl\u0103cile din fibre. ECT este o m\u0103sur\u0103 critic\u0103 pentru evaluarea rezisten\u021bei la stivuire a materialelor de ambalare din carton ondulat.<\/li>\n<li>Testul de strivire inelar\u0103 (RCT): RCT determin\u0103 rezisten\u021ba la compresiune pe margine sau rezisten\u021ba la strivirea inelar\u0103 a h\u00e2rtiei \u0219i cartonului. Acest test ofer\u0103 o perspectiv\u0103 asupra integrit\u0103\u021bii structurale a materialului \u0219i a rezisten\u021bei la for\u021bele de strivire.<\/li>\n<li>Testul de aderen\u021b\u0103 cu pini (PAT): Folosit pentru a m\u0103sura for\u021ba necesar\u0103 pentru a separa cartonul ondulat \u00eentre v\u00e2rfurile canelurilor \u0219i fe\u021bele cartonului de c\u0103ptu\u0219eal\u0103, PAT este esen\u021bial pentru asigurarea rezisten\u021bei de lipire \u00een straturile de carton ondulat.<\/li>\n<li>Testul de strivire plat\u0103 (FCT): Acest test m\u0103soar\u0103 rezisten\u021ba la strivire plan\u0103 a cartonului ondulat cu o singur\u0103 fa\u021b\u0103 \u0219i cu un singur perete. FCT este esen\u021bial pentru a \u00een\u021belege c\u00e2t de bine poate rezista materialul la for\u021bele de compresiune aplicate pe suprafa\u021ba sa.<\/li>\n<li>Testul mediu ondulat (CMT): Testul CMT evalueaz\u0103 rezisten\u021ba la strivire plan\u0103 a mediului ondulat dup\u0103 canelarea \u00een laborator, contribuind la asigurarea durabilit\u0103\u021bii mediului \u00een aplica\u021bii reale.<\/li>\n<li>Testul de strivire Concora (CCT): Acest test m\u0103soar\u0103 for\u021ba maxim\u0103 de compresie pe muchie pe care o pies\u0103 de testare cu caneluri de laborator o poate suporta \u00eenainte de a ceda, ceea ce este esen\u021bial pentru evaluarea rezisten\u021bei la sarcin\u0103 a mediului ondulat.<\/li>\n<\/ul>\n<h2>Standarde relevante pentru testarea rezisten\u021bei la strivire<\/h2>\n<p>Testerul de rezisten\u021b\u0103 la strivire ader\u0103 la mai multe standarde industriale, care asigur\u0103 rezultate de testare consecvente, precise \u0219i fiabile:<\/p>\n<ul>\n<li>Standarde RCT: GB\/T 2679.8, <a href=\"https:\/\/www.iso.org\/standard\/51263.html\" target=\"_blank\" rel=\"noopener nofollow\">ISO 12192<\/a>, TAPPI T822 - Aceste standarde stabilesc protocoale pentru m\u0103surarea rezisten\u021bei la strivire a inelelor.<\/li>\n<li>Standarde ECT: GB\/T 6546, <a href=\"https:\/\/www.iso.org\/standard\/80310.html\" target=\"_blank\" rel=\"noopener nofollow\">ISO 3037<\/a>, TAPPI T811, T838, T839 - Asigur\u0103 acurate\u021bea test\u0103rii rezisten\u021bei la strivire pe margine pentru aplica\u021bii de ambalare.<\/li>\n<li>Standarde PAT: GB\/T 6548, TAPPI T821, JIS Z 0402 - Define\u0219te metodele de testare pentru m\u0103surarea aderen\u021bei dintre v\u00e2rfurile canelurilor \u0219i cartonul de c\u0103ptu\u0219eal\u0103 \u00een materialele ondulate.<\/li>\n<li>Standarde FCT: GB\/T 22874, ISO 3035, TAPPI T825 - reglementeaz\u0103 procedurile pentru testarea rezisten\u021bei la strivire a pl\u0103cilor din fibr\u0103 ondulat\u0103.<\/li>\n<li>Standarde CMT: ISO 7263-1, TAPPI T809, QB\/T 1061, GB 2679.6 - Ofer\u0103 orient\u0103ri standardizate pentru evaluarea rezisten\u021bei la strivire a suportului ondulat.<\/li>\n<li>Standarde CCT: ISO 16945, TAPPI T843 - Stabile\u0219te punctul de referin\u021b\u0103 pentru evaluarea for\u021bei de compresie pe muchie \u00een probele de laborator cu caneluri.<\/li>\n<\/ul>\n<p>Aceste standarde sprijin\u0103 asigurarea calit\u0103\u021bii prin validarea performan\u021belor testerului pentru diferite m\u0103sur\u0103tori ale rezisten\u021bei la strivire, asigur\u00e2nd c\u0103 materialele \u00eendeplinesc standardele industriale ridicate de durabilitate \u0219i rezisten\u021b\u0103.<\/p>\n<h2>Specifica\u021bii tehnice ale testerului de rezisten\u021b\u0103 la strivire (YSD-01)<\/h2>\n<table>\n<tbody>\n<tr>\n<td style=\"text-align: center;\" width=\"167\">Intervalul de testare<\/td>\n<td style=\"text-align: center;\" width=\"167\">5~3000N<\/td>\n<\/tr>\n<tr>\n<td style=\"text-align: center;\" width=\"167\">Acurate\u021be<\/td>\n<td style=\"text-align: center;\" width=\"167\">\u2264\u00b11%<\/td>\n<\/tr>\n<tr>\n<td style=\"text-align: center;\" width=\"167\">Rezolu\u021bie<\/td>\n<td style=\"text-align: center;\" width=\"167\">0.01N<\/td>\n<\/tr>\n<tr>\n<td style=\"text-align: center;\" width=\"167\">Paralelismul pl\u0103cilor<\/td>\n<td style=\"text-align: center;\" width=\"167\">\u22640.05mm<\/td>\n<\/tr>\n<tr>\n<td style=\"text-align: center;\" width=\"167\">Viteza de testare<\/td>\n<td style=\"text-align: center;\" width=\"167\">12.5\u00b11mm\/min<\/td>\n<\/tr>\n<tr>\n<td style=\"text-align: center;\" width=\"167\">Diametrul platinei<\/td>\n<td style=\"text-align: center;\" width=\"167\">125mm<\/td>\n<\/tr>\n<tr>\n<td style=\"text-align: center;\" width=\"167\">Accident vascular cerebral<\/td>\n<td style=\"text-align: center;\" width=\"167\">80mm<\/td>\n<\/tr>\n<tr>\n<td style=\"text-align: center;\" width=\"167\">Mod test<\/td>\n<td style=\"text-align: center;\" width=\"167\">RCT, ECT, FCT, PAT, CMT, CCT<\/td>\n<\/tr>\n<tr>\n<td style=\"text-align: center;\" width=\"167\">HMI<\/td>\n<td style=\"text-align: center;\" width=\"167\">Afi\u0219aj cu ecran tactil de 7 inci<\/td>\n<\/tr>\n<tr>\n<td style=\"text-align: center;\" width=\"167\">Imprimare ie\u0219ire<\/td>\n<td style=\"text-align: center;\" width=\"167\">Imprimant\u0103 termic\u0103 integrat\u0103<\/td>\n<\/tr>\n<tr>\n<td style=\"text-align: center;\" width=\"167\">Dimensiuni<\/td>\n<td style=\"text-align: center;\" width=\"167\">400*360*550mm<\/td>\n<\/tr>\n<tr>\n<td style=\"text-align: center;\" width=\"167\">Greutate<\/td>\n<td style=\"text-align: center;\" width=\"167\">Aproximativ 45 kg<\/td>\n<\/tr>\n<\/tbody>\n<\/table>\n<h2>Avantajele testerului de rezisten\u021b\u0103 la strivire<\/h2>\n<ul>\n<li>Precizie \u0219i fiabilitate: Proiectat pentru acurate\u021be, YSD-01 ofer\u0103 m\u0103sur\u0103tori precise cu erori minime, fiind ideal pentru mediile exigente de control al calit\u0103\u021bii.<\/li>\n<li>Versatilitate \u00een toate metodele de testare: Cu capacit\u0103\u021bi pentru diverse teste de zdrobire, testerul permite companiilor s\u0103 efectueze evalu\u0103ri complete ale rezisten\u021bei \u0219i performan\u021bei materialelor \u00eentr-o singur\u0103 unitate.<\/li>\n<li>Func\u021bionare u\u0219or de utilizat: Ecranul tactil de 7 inch \u0219i imprimanta termic\u0103 \u00eencorporat\u0103 simplific\u0103 procesele de testare, permi\u021b\u00e2nd utilizatorilor s\u0103 configureze, s\u0103 execute \u0219i s\u0103 documenteze rapid rezultatele.<\/li>\n<\/ul>\n<p>Testerul de rezisten\u021b\u0103 la strivire (YSD-01) este un instrument esen\u021bial pentru industriile axate pe men\u021binerea unor standarde ridicate de calitate a ambalajelor. Capacit\u0103\u021bile sale versatile de testare, respectarea standardelor industriale \u0219i rezultatele de \u00eenalt\u0103 precizie \u00eel transform\u0103 \u00eentr-un instrument valoros pentru companiile care trebuie s\u0103 asigure siguran\u021ba produselor \u0219i integritatea ambalajelor de-a lungul lan\u021bului de aprovizionare.<\/p>","protected":false},"excerpt":{"rendered":"<p>The <strong>Tester de rezisten\u021b\u0103 la strivire (YSD-01)<\/strong> este un instrument de testare de \u00eenalt\u0103 precizie conceput pentru a evalua rezisten\u021ba la strivire a materialelor de ambalare, \u00een special a cartonului \u0219i a h\u00e2rtiei ondulate. Acest tester este esen\u021bial pentru industriile care se bazeaz\u0103 pe ambalaje durabile \u0219i rezistente pentru a proteja produsele \u00een timpul depozit\u0103rii \u0219i transportului. Prin m\u0103surarea precis\u0103 a for\u021belor de compresie \u00een plan la care materialele pot rezista, YSD-01 asigur\u0103 c\u0103 ambalajele \u00eendeplinesc standardele de performan\u021b\u0103 necesare, reduc\u00e2nd riscul de deteriorare a produselor \u00een timpul transportului.<\/p>","protected":false},"featured_media":6293,"comment_status":"closed","ping_status":"closed","template":"","meta":{"site-sidebar-layout":"default","site-content-layout":"default","ast-global-header-display":"","ast-main-header-display":"","ast-hfb-above-header-display":"","ast-hfb-below-header-display":"","ast-hfb-mobile-header-display":"","site-post-title":"","ast-breadcrumbs-content":"","ast-featured-img":"","footer-sml-layout":"","theme-transparent-header-meta":"default","adv-header-id-meta":"","stick-header-meta":"","header-above-stick-meta":"","header-main-stick-meta":"","header-below-stick-meta":""},"product_cat":[845,953,956,955,1100,1107,1110,1102,954,957,958,952,959,1104,1109,1103,1106,1101,1108,1105,1111,44,95],"product_tag":[],"class_list":{"0":"post-5348","1":"product","2":"type-product","3":"status-publish","4":"has-post-thumbnail","6":"product_cat-customization","7":"product_cat-bursting-tester","8":"product_cat-cobb-tester","9":"product_cat-crush-tester","10":"product_cat-iso-12192","11":"product_cat-iso-3035","12":"product_cat-iso16945","13":"product_cat-iso3037","14":"product_cat-paper-tear-tester","15":"product_cat-plybond-tester","16":"product_cat-puncture-tester","17":"product_cat-rub-tester","18":"product_cat-stiffness-tester","19":"product_cat-tappi-t-838","20":"product_cat-tappi-t809","21":"product_cat-tappi-t811","22":"product_cat-tappi-t821","23":"product_cat-tappi-t822","24":"product_cat-tappi-t825","25":"product_cat-tappi-t839","26":"product_cat-tappi-t843","27":"product_cat-paper-and-board-testers","28":"product_cat-products","29":"desktop-align-left","30":"tablet-align-left","31":"mobile-align-left","33":"first","34":"instock","35":"shipping-taxable","36":"product-type-simple"},"_links":{"self":[{"href":"https:\/\/www.qualitester.com\/ro\/wp-json\/wp\/v2\/product\/5348","targetHints":{"allow":["GET"]}}],"collection":[{"href":"https:\/\/www.qualitester.com\/ro\/wp-json\/wp\/v2\/product"}],"about":[{"href":"https:\/\/www.qualitester.com\/ro\/wp-json\/wp\/v2\/types\/product"}],"replies":[{"embeddable":true,"href":"https:\/\/www.qualitester.com\/ro\/wp-json\/wp\/v2\/comments?post=5348"}],"version-history":[{"count":0,"href":"https:\/\/www.qualitester.com\/ro\/wp-json\/wp\/v2\/product\/5348\/revisions"}],"wp:featuredmedia":[{"embeddable":true,"href":"https:\/\/www.qualitester.com\/ro\/wp-json\/wp\/v2\/media\/6293"}],"wp:attachment":[{"href":"https:\/\/www.qualitester.com\/ro\/wp-json\/wp\/v2\/media?parent=5348"}],"wp:term":[{"taxonomy":"product_cat","embeddable":true,"href":"https:\/\/www.qualitester.com\/ro\/wp-json\/wp\/v2\/product_cat?post=5348"},{"taxonomy":"product_tag","embeddable":true,"href":"https:\/\/www.qualitester.com\/ro\/wp-json\/wp\/v2\/product_tag?post=5348"}],"curies":[{"name":"wp","href":"https:\/\/api.w.org\/{rel}","templated":true}]}}