{"id":5339,"date":"2024-11-14T10:55:57","date_gmt":"2024-11-14T02:55:57","guid":{"rendered":"https:\/\/www.qualitester.com\/?post_type=product&#038;p=5339"},"modified":"2024-12-05T15:14:48","modified_gmt":"2024-12-05T07:14:48","slug":"sale-laboratory-valley-beater-pulp","status":"publish","type":"product","link":"https:\/\/www.qualitester.com\/ro\/produs\/sale-laboratory-valley-beater-pulp\/","title":{"rendered":"VB-01 B\u0103t\u0103tor de vale"},"content":{"rendered":"<p>The <strong>B\u0103taie de laborator Valley (VB-01)<\/strong> este un instrument de ultim\u0103 genera\u021bie conceput pentru rafinarea precis\u0103 a celulozei \u00een laboratoarele de fabricare a h\u00e2rtiei. Construit pentru a respecta standardele interna\u021bionale stricte, acest model Valley Beater de 23 de litri este esen\u021bial pentru dezvoltarea \u0219i testarea propriet\u0103\u021bilor fibrelor necesare pentru produc\u021bia de h\u00e2rtie de \u00eenalt\u0103 calitate. VB-01 utilizeaz\u0103 for\u021be mecanice \u00eentre un cilindru de b\u0103tut \u0219i un cu\u021bit inferior pentru a rafina, fr\u0103m\u00e2nta \u0219i prelucra diferite tipuri de fibre, asigur\u00e2nd o produc\u021bie de past\u0103 controlat\u0103 \u0219i constant\u0103 pentru aplica\u021bii industriale \u0219i de cercetare.<\/p>\n<h2>Aplica\u021bii cheie \u0219i importan\u021ba b\u0103t\u0103torului de vale de laborator<\/h2>\n<p>B\u0103t\u0103torul Valley de laborator este esen\u021bial \u00een optimizarea propriet\u0103\u021bilor pastei de h\u00e2rtie din diferite materiale fibroase, inclusiv fibre vegetale, fibre sintetice, fibre de carbon \u0219i fibre de sticl\u0103. Acesta joac\u0103 un rol fundamental \u00een:<\/p>\n<ul>\n<li><strong>\u00cembun\u0103t\u0103\u021birea calit\u0103\u021bii h\u00e2rtiei<\/strong>: Prin reglarea fin\u0103 a propriet\u0103\u021bilor fibrelor, VB-01 ajut\u0103 la ob\u021binerea rezisten\u021bei la trac\u021biune, a texturii suprafe\u021bei \u0219i a consisten\u021bei calit\u0103\u021bii dorite \u00een produsele din h\u00e2rtie.<\/li>\n<li><strong>Cercetare \u0219i dezvoltare<\/strong>: Ideal pentru testarea \u0219i studierea caracteristicilor fibrelor, b\u0103t\u0103torul Valley este nepre\u021buit pentru cercetarea \u0219tiin\u021bific\u0103, formularea celulozei \u0219i dezvoltarea proceselor.<\/li>\n<li><strong>Controlul calit\u0103\u021bii<\/strong>: Fiind un dispozitiv de laborator fiabil, VB-01 sus\u021bine evalu\u0103ri precise ale calit\u0103\u021bii, asigur\u00e2nd consisten\u021ba pulpei \u0219i contribuind la respectarea standardelor de produc\u021bie.<\/li>\n<\/ul>\n<h2>Conformitatea cu ISO 5264-1 \u0219i standardele conexe<\/h2>\n<p>The <strong>VB-01 B\u0103taie de laborator din vale<\/strong> se aliniaz\u0103 cu <a href=\"https:\/\/www.iso.org\/standard\/11258.html\" target=\"_blank\" rel=\"noopener nofollow\"><strong>ISO 5264-1<\/strong><\/a> un ghid interna\u021bional cheie pentru baterea \u0219i testarea celulozei. <a href=\"https:\/\/www.qualitester.com\/ro\/categorie-produs\/iso\/iso-5264-1\/\" target=\"_blank\" rel=\"noopener\">ISO 5264-1<\/a> stabile\u0219te proceduri uniforme pentru a asigura repetabilitatea \u0219i acurate\u021bea prelucr\u0103rii pastei de h\u00e2rtie \u00een laborator, ceea ce \u00eel face esen\u021bial pentru compara\u021bii fiabile \u00eentre diferite laboratoare \u0219i centre de cercetare. Acest standard spore\u0219te credibilitatea cercet\u0103rii prin furnizarea unui cadru coerent pentru rafinarea pastei \u0219i evaluarea propriet\u0103\u021bilor acesteia.<\/p>\n<p>\u00cen plus fa\u021b\u0103 de ISO 5264-1, VB-01 ader\u0103 \u0219i la alte standarde industriale relevante:<\/p>\n<ul>\n<li><strong>TAPPI T200<\/strong>: Define\u0219te procedurile de evaluare a rafin\u0103rii \u0219i calit\u0103\u021bii pastei de h\u00e2rtie.<\/li>\n<li><strong>GB\/T 24325<\/strong>: Un standard chinez care reglementeaz\u0103 consisten\u021ba pastei de h\u00e2rtie \u0219i metodele de control.<\/li>\n<li><strong>QBT 3702<\/strong>: Stabile\u0219te criterii de referin\u021b\u0103 pentru procesele de batere \u00een laborator, sprijinind at\u00e2t utilizarea academic\u0103, c\u00e2t \u0219i cea industrial\u0103.<\/li>\n<\/ul>\n<h2>Caracteristici \u0219i specifica\u021bii tehnice ale b\u0103t\u0103torului de laborator Valley (VB-01)<\/h2>\n<p>VB-01 este proiectat cu caracteristici de precizie \u0219i componente de \u00eenalt\u0103 calitate, f\u0103c\u00e2ndu-l versatil \u0219i eficient pentru testele de laborator. Specifica\u021biile cheie includ:<\/p>\n<ul>\n<li><strong>Capacitate<\/strong>: Standard 23 litri, cu o capacitate a rezervorului de pulp\u0103 de 47 litri pentru volume mari de probe.<\/li>\n<li><strong>Cantitatea \u0219i consisten\u021ba pulpei<\/strong>: Admite 200-700 g de pulp\u0103 uscat\u0103 la cuptor, cu o consisten\u021b\u0103 tipic\u0103 a pulpei de 1,57%.<\/li>\n<li><strong>Configura\u021bia lamei \u0219i a rolei de b\u0103tut<\/strong>: Rola m\u0103soar\u0103 \u03c6 194 mm \u00d7 155 mm, func\u021bioneaz\u0103 la o vitez\u0103 de (8,3\u00b10,2) r\/s sau (500\u00b110) r\/min \u0219i include 32 de lame pe rola de b\u0103tut \u0219i 7 lame pe partea inferioar\u0103.<\/li>\n<li><strong>Distan\u021b\u0103 reglabil\u0103 a lamei<\/strong>: Pozi\u021bionarea lamei poate fi reglat\u0103 manual, permi\u021b\u00e2nd operatorilor s\u0103 rafineze pulpa la specifica\u021bii precise.<\/li>\n<li><strong>Caracteristici de siguran\u021b\u0103 \u0219i \u00eentre\u021binere<\/strong>: VB-01 include un dispozitiv de protec\u021bie la ie\u0219irea pulpei, o func\u021bie de cur\u0103\u021bare automat\u0103 a fagurelui \u0219i un capac deta\u0219abil al rezervorului de pulp\u0103 pentru o cur\u0103\u021bare u\u0219oar\u0103.<\/li>\n<\/ul>\n<p>Ace\u0219ti parametri tehnici asigur\u0103 faptul c\u0103 VB-01 ofer\u0103 rezultate precise, eficiente \u0219i repetabile \u00een orice mediu de laborator.<\/p>\n<h2>Metode \u0219i proceduri de testare pentru baterea pastei de h\u00e2rtie<\/h2>\n<p>Aparatul de laborator Valley Beater (VB-01) rafineaz\u0103 pasta printr-o serie de procese mecanice controlate, inclusiv t\u0103ierea, zdrobirea \u0219i fr\u0103m\u00e2ntarea. Aceste ac\u021biuni afecteaz\u0103 pere\u021bii celulari ai fibrelor prin:<\/p>\n<ul>\n<li>Modificarea structurii celulare \u0219i cre\u0219terea flexibilit\u0103\u021bii fibrelor.<\/li>\n<li>Promovarea absorb\u021biei apei pentru optimizarea lipirii fibrelor.<\/li>\n<li>Reglarea deform\u0103rii fibrelor pentru a \u00eembun\u0103t\u0103\u021bi rezisten\u021ba \u0219i calitatea h\u00e2rtiei.<\/li>\n<\/ul>\n<p>Gradul de batere a pastei poate fi adaptat prin ajustarea presiunii pe cu\u021bitul inferior \u0219i prin setarea unor timpi specifici de batere, asigur\u00e2nd versatilitatea pentru o gam\u0103 larg\u0103 de tipuri de past\u0103.<\/p>\n<h2>Avantajele utiliz\u0103rii b\u0103tutului de laborator VB-01<\/h2>\n<p>VB-01 ofer\u0103 avantaje distincte \u00een testarea celulozei \u0219i h\u00e2rtiei:<\/p>\n<ul>\n<li><strong>Calitate \u00eembun\u0103t\u0103\u021bit\u0103 a h\u00e2rtiei<\/strong>: Prin controlul rafin\u0103rii fibrelor, b\u0103t\u0103torul Valley Beater \u00eembun\u0103t\u0103\u021be\u0219te rezisten\u021ba, textura \u0219i uniformitatea celulozei, conduc\u00e2nd la produse de h\u00e2rtie superioare.<\/li>\n<li><strong>Testarea consisten\u021bei<\/strong>: Respectarea standardelor ISO 5264-1 \u0219i a altor standarde asigur\u0103 c\u0103 fiecare test de b\u0103t\u0103i produce rezultate consecvente, vitale at\u00e2t pentru cercetare, c\u00e2t \u0219i pentru controlul calit\u0103\u021bii.<\/li>\n<li><strong>Versatilitatea materialelor<\/strong>: Capabil s\u0103 rafineze fibre vegetale, sintetice, de carbon \u0219i de sticl\u0103, VB-01 este adaptabil la diverse industrii, inclusiv ambalaje, textile \u0219i altele.<\/li>\n<\/ul>\n<h2>Tabelul recapitulativ al parametrilor tehnici<\/h2>\n<table>\n<thead>\n<tr>\n<th>Specifica\u021bii<\/th>\n<th>Detalii<\/th>\n<\/tr>\n<\/thead>\n<tbody>\n<tr>\n<td style=\"text-align: center;\"><strong>Capacitate standard<\/strong><\/td>\n<td style=\"text-align: center;\">23 litri (rezervor de pulp\u0103 de 47 litri)<\/td>\n<\/tr>\n<tr>\n<td style=\"text-align: center;\"><strong>Cantitatea de past\u0103 de h\u00e2rtie<\/strong><\/td>\n<td style=\"text-align: center;\">200-700 g pulp\u0103 uscat\u0103 la cuptor (consisten\u021b\u0103 1,57%)<\/td>\n<\/tr>\n<tr>\n<td style=\"text-align: center;\"><strong>Dimensiunea rolei de b\u0103tut<\/strong><\/td>\n<td style=\"text-align: center;\">\u03c6 194 mm \u00d7 155 mm<\/td>\n<\/tr>\n<tr>\n<td style=\"text-align: center;\"><strong>Configura\u021bie lam\u0103<\/strong><\/td>\n<td style=\"text-align: center;\">32 de lamele pentru rola de b\u0103tut, 7 lamele inferioare<\/td>\n<\/tr>\n<tr>\n<td style=\"text-align: center;\"><strong>Viteza rolei de b\u0103tut<\/strong><\/td>\n<td style=\"text-align: center;\">(8,3\u00b10,2) r\/s; (500\u00b110) r\/min<\/td>\n<\/tr>\n<tr>\n<td style=\"text-align: center;\"><strong>Distan\u021ba lamei<\/strong><\/td>\n<td style=\"text-align: center;\">Reglabil (manual)<\/td>\n<\/tr>\n<tr>\n<td style=\"text-align: center;\"><strong>Caracteristici de siguran\u021b\u0103<\/strong><\/td>\n<td style=\"text-align: center;\">Dispozitiv de protec\u021bie la ie\u0219irea pulpei, capac de rezervor deta\u0219abil<\/td>\n<\/tr>\n<tr>\n<td style=\"text-align: center;\"><strong>Func\u021bia de cur\u0103\u021bare<\/strong><\/td>\n<td style=\"text-align: center;\">Cur\u0103\u021bare automat\u0103 cu fagure de miere<\/td>\n<\/tr>\n<tr>\n<td style=\"text-align: center;\"><strong>Cerin\u021be de alimentare<\/strong><\/td>\n<td style=\"text-align: center;\">750W\/380V<\/td>\n<\/tr>\n<tr>\n<td style=\"text-align: center;\"><strong>Dimensiuni<\/strong><\/td>\n<td style=\"text-align: center;\">1240 mm \u00d7 650 mm \u00d7 1180 mm<\/td>\n<\/tr>\n<tr>\n<td style=\"text-align: center;\"><strong>Greutate<\/strong><\/td>\n<td style=\"text-align: center;\">200 kg<\/td>\n<\/tr>\n<tr>\n<td style=\"text-align: center;\"><strong>Accesorii<\/strong><\/td>\n<td style=\"text-align: center;\">Include furtun de aer \u0219i furtun de ap\u0103<\/td>\n<\/tr>\n<\/tbody>\n<\/table>\n<h3>\u00centreb\u0103ri frecvente (FAQ)<\/h3>\n<p><strong>1. Ce materiale poate procesa aparatul Laboratory Valley Beater?<\/strong><br \/>\nVB-01 este proiectat pentru a procesa diferite fibre, inclusiv fibre vegetale, fibre sintetice, fibre de carbon \u0219i fibre de sticl\u0103, fiind versatil pentru o gam\u0103 larg\u0103 de aplica\u021bii.<\/p>\n<p><strong>2. Cum afecteaz\u0103 ISO 5264-1 standardele de batere a pastei de h\u00e2rtie?<\/strong><br \/>\nISO 5264-1 standardizeaz\u0103 metodele de batere a celulozei, asigur\u00e2nd rezultate consecvente \u0219i repetabile, ceea ce este esen\u021bial pentru cercetarea fiabil\u0103 \u0219i controlul calit\u0103\u021bii \u00een fabricarea h\u00e2rtiei.<\/p>\n<p><strong>3. Care este timpul tipic de b\u0103tut pentru o consisten\u021b\u0103 optim\u0103 a pastei?<\/strong><br \/>\nTimpul de b\u0103taie depinde de nivelul dorit de rafinare a pastei. Prin reglarea rolei de b\u0103tut \u0219i a presiunii cu\u021bitului inferior, operatorii pot ob\u021bine diferite grade de prelucrare a fibrelor.<\/p>\n<p><strong>4. Cum asigur\u0103 VB-01 o func\u021bionare sigur\u0103 \u0219i o \u00eentre\u021binere u\u0219oar\u0103?<\/strong><br \/>\nVB-01 include un dispozitiv de protec\u021bie la ie\u0219irea pulpei pentru a preveni accidentele. De asemenea, are o func\u021bie de cur\u0103\u021bare automat\u0103 \u00een form\u0103 de fagure de miere \u0219i un capac de rezervor deta\u0219abil pentru o \u00eentre\u021binere u\u0219oar\u0103.<\/p>\n<p><strong>5. De ce este important\u0103 consecven\u021ba \u00een testele de laborator privind b\u0103t\u0103ile?<\/strong><br \/>\nConsecven\u021ba \u00een baterea pastei este esen\u021bial\u0103 pentru a ob\u021bine rezultate fiabile pentru cercetare \u0219i produc\u021bie. VB-01 ader\u0103 la standardele ISO, asigur\u00e2nd precizia \u0219i repetabilitatea fiec\u0103rui test.<\/p>\n<p>The <strong>VB-01 B\u0103taie de laborator din vale<\/strong> ofer\u0103 o rafinare fiabil\u0103 \u0219i standardizat\u0103 a celulozei pentru \u00eembun\u0103t\u0103\u021birea calit\u0103\u021bii h\u00e2rtiei \u0219i a acurate\u021bei cercet\u0103rii. Cu specifica\u021biile sale tehnice precise \u0219i conformitatea cu <strong>ISO 5264-1<\/strong>, VB-01 este un instrument indispensabil pentru orice laborator care dore\u0219te s\u0103 optimizeze procesul de fabricare a h\u00e2rtiei. Descoperi\u021bi cum VB-01 v\u0103 poate satisface nevoile de testare a celulozei \u0219i cum poate cre\u0219te calitatea produselor dumneavoastr\u0103 din h\u00e2rtie.<\/p>","protected":false},"excerpt":{"rendered":"<p>The <strong>B\u0103taie de laborator Valley (VB-01)<\/strong> este un instrument de ultim\u0103 genera\u021bie conceput pentru rafinarea precis\u0103 a celulozei \u00een laboratoarele de fabricare a h\u00e2rtiei. Construit pentru a respecta standardele interna\u021bionale stricte, acest model Valley Beater de 23 de litri este esen\u021bial pentru dezvoltarea \u0219i testarea propriet\u0103\u021bilor fibrelor necesare pentru produc\u021bia de h\u00e2rtie de \u00eenalt\u0103 calitate. VB-01 utilizeaz\u0103 for\u021be mecanice \u00eentre un cilindru de b\u0103tut \u0219i un cu\u021bit inferior pentru a rafina, fr\u0103m\u00e2nta \u0219i prelucra diferite tipuri de fibre, asigur\u00e2nd o produc\u021bie de past\u0103 controlat\u0103 \u0219i constant\u0103 pentru aplica\u021bii industriale \u0219i de cercetare.<\/p>","protected":false},"featured_media":6285,"comment_status":"closed","ping_status":"closed","template":"","meta":{"site-sidebar-layout":"default","site-content-layout":"default","ast-global-header-display":"","ast-main-header-display":"","ast-hfb-above-header-display":"","ast-hfb-below-header-display":"","ast-hfb-mobile-header-display":"","site-post-title":"","ast-breadcrumbs-content":"","ast-featured-img":"","footer-sml-layout":"","theme-transparent-header-meta":"default","adv-header-id-meta":"","stick-header-meta":"","header-above-stick-meta":"","header-main-stick-meta":"","header-below-stick-meta":""},"product_cat":[845,1169,1170,44,95],"product_tag":[],"class_list":{"0":"post-5339","1":"product","2":"type-product","3":"status-publish","4":"has-post-thumbnail","6":"product_cat-customization","7":"product_cat-iso-5264-1","8":"product_cat-tappi-t200","9":"product_cat-paper-and-board-testers","10":"product_cat-products","11":"desktop-align-left","12":"tablet-align-left","13":"mobile-align-left","15":"first","16":"instock","17":"shipping-taxable","18":"product-type-simple"},"_links":{"self":[{"href":"https:\/\/www.qualitester.com\/ro\/wp-json\/wp\/v2\/product\/5339","targetHints":{"allow":["GET"]}}],"collection":[{"href":"https:\/\/www.qualitester.com\/ro\/wp-json\/wp\/v2\/product"}],"about":[{"href":"https:\/\/www.qualitester.com\/ro\/wp-json\/wp\/v2\/types\/product"}],"replies":[{"embeddable":true,"href":"https:\/\/www.qualitester.com\/ro\/wp-json\/wp\/v2\/comments?post=5339"}],"version-history":[{"count":0,"href":"https:\/\/www.qualitester.com\/ro\/wp-json\/wp\/v2\/product\/5339\/revisions"}],"wp:featuredmedia":[{"embeddable":true,"href":"https:\/\/www.qualitester.com\/ro\/wp-json\/wp\/v2\/media\/6285"}],"wp:attachment":[{"href":"https:\/\/www.qualitester.com\/ro\/wp-json\/wp\/v2\/media?parent=5339"}],"wp:term":[{"taxonomy":"product_cat","embeddable":true,"href":"https:\/\/www.qualitester.com\/ro\/wp-json\/wp\/v2\/product_cat?post=5339"},{"taxonomy":"product_tag","embeddable":true,"href":"https:\/\/www.qualitester.com\/ro\/wp-json\/wp\/v2\/product_tag?post=5339"}],"curies":[{"name":"wp","href":"https:\/\/api.w.org\/{rel}","templated":true}]}}