{"id":5298,"date":"2024-11-12T16:52:09","date_gmt":"2024-11-12T08:52:09","guid":{"rendered":"https:\/\/www.qualitester.com\/?post_type=product&#038;p=5298"},"modified":"2024-12-05T11:12:04","modified_gmt":"2024-12-05T03:12:04","slug":"sale-short-span-compression-tester","status":"publish","type":"product","link":"https:\/\/www.qualitester.com\/ro\/produs\/sale-short-span-compression-tester\/","title":{"rendered":"SCT-01 Tester de compresie de scurt\u0103 durat\u0103"},"content":{"rendered":"<h2>Introducere \u00een Testerul de compresie de scurt\u0103 durat\u0103<\/h2>\n<p>The <strong>SCT-01 Tester de compresie de scurt\u0103 durat\u0103<\/strong> este un instrument de \u00eenalt\u0103 precizie proiectat pentru a evalua rezisten\u021ba la compresiune a h\u00e2rtiei \u0219i cartonului, oferind informa\u021bii esen\u021biale privind calitatea materialelor utilizate \u00een produc\u021bia de containere \u0219i cutii. Acest tester este potrivit \u00een special pentru h\u00e2rtii \u0219i cartoane cu un gramaj cuprins \u00eentre 100 g\/m\u00b2 \u0219i 400 g\/m\u00b2, asigur\u00e2ndu-se c\u0103 numai materialele care \u00eendeplinesc nivelurile de rezisten\u021b\u0103 necesare sunt aprobate pentru produc\u021bie. Datorit\u0103 designului s\u0103u robust \u0219i caracteristicilor avansate, SCT-01 contribuie la optimizarea durabilit\u0103\u021bii produselor, ceea ce \u00eel face un instrument valoros pentru controlul calit\u0103\u021bii \u00een diverse industrii, inclusiv ambalaje, fabricarea h\u00e2rtiei \u0219i agen\u021bii de inspec\u021bie a calit\u0103\u021bii.<\/p>\n<h2>Aplica\u021bii cheie<\/h2>\n<p>SCT-01 <strong>Tester de compresie cu durat\u0103 scurt\u0103 <\/strong>este aplicabil pe scar\u0103 larg\u0103 \u00een toate industriile care necesit\u0103 rezisten\u021b\u0103 \u0219i fiabilitate constant\u0103 a materialelor:<\/p>\n<ul>\n<li><strong>Industria ambalajelor:<\/strong> Verificarea calit\u0103\u021bii materialelor pentru produc\u021bia de cutii \u0219i containere, esen\u021biale pentru transport \u0219i depozitare.<\/li>\n<li><strong>Fabricarea h\u00e2rtiei \u0219i a cartonului:<\/strong> Asigurarea faptului c\u0103 materialele sunt capabile s\u0103 reziste la solicit\u0103ri at\u00e2t \u00een direc\u021bia ma\u0219inii, c\u00e2t \u0219i \u00een direc\u021bia transversal\u0103, sporind durabilitatea.<\/li>\n<li><strong>Agen\u021bii de inspec\u021bie a calit\u0103\u021bii:<\/strong> Furnizarea unei metode de testare standardizat\u0103 pentru verific\u0103rile conformit\u0103\u021bii \u00een conformitate cu ISO 9895.<\/li>\n<\/ul>\n<h2>Descrierea sistemului testerului de compresie SCT-01 Short Span<\/h2>\n<p>The <strong>SCT-01 Tester de compresie de scurt\u0103 durat\u0103<\/strong> este proiectat cu cleme de precizie \u0219i un mecanism de prindere robust pentru a asigura o testare precis\u0103:<\/p>\n<ul>\n<li><strong>Cleme:<\/strong> Testerul are dou\u0103 cleme, fiecare de 30 mm lungime, cu f\u0103lci fixe \u0219i mobile. Aceste f\u0103lci sunt realizate cu o suprafa\u021b\u0103 cu frecare ridicat\u0103 pentru a asigura o prindere ferm\u0103 \u0219i constant\u0103 \u00een timpul testelor.<\/li>\n<li><strong>For\u021ba de str\u00e2ngere:<\/strong> Acesta aplic\u0103 o for\u021b\u0103 de str\u00e2ngere constant\u0103 de 2300 \u00b1 500 N, \u021bin\u00e2nd \u00een siguran\u021b\u0103 piesa de testare pe \u00eentreaga sa l\u0103\u021bime.<\/li>\n<li><strong>Alinierea maxilarului:<\/strong> F\u0103lcile sta\u021bionare \u0219i mobile sunt paralele, men\u021bin\u00e2nd uniformitatea pe parcursul fiec\u0103rui test \u0219i sus\u021bin\u00e2nd m\u0103sur\u0103tori precise.<\/li>\n<li><strong>Prindere pneumatic\u0103 \u0219i vitez\u0103 de testare reglabil\u0103:<\/strong> Sistemul pneumatic de prindere al testerului cu for\u021b\u0103 personalizabil\u0103 \u0219i vitez\u0103 reglabil\u0103 permite flexibilitate, adapt\u00e2ndu-se la diverse cerin\u021be de testare \u0219i tipuri de materiale.<\/li>\n<\/ul>\n<h2>Principiul de testare al \u00eencerc\u0103rii la compresiune pe distan\u021be scurte<\/h2>\n<p>SCT-01 <strong>Tester de compresie cu durat\u0103 scurt\u0103 <\/strong>func\u021bioneaz\u0103 pe baza unui principiu de testare simplu, dar fiabil:<\/p>\n<ul>\n<li>O prob\u0103 de testare cu l\u0103\u021bimea de 15 mm este prins\u0103 \u00eentre dou\u0103 f\u0103lci care sunt distan\u021bate ini\u021bial cu 0,70 mm.<\/li>\n<li>F\u0103lcile comprim\u0103 apoi proba de testare p\u00e2n\u0103 c\u00e2nd aceasta cedeaz\u0103 sub for\u021ba aplicat\u0103.<\/li>\n<li>For\u021ba maxim\u0103 aplicat\u0103 \u00eenainte de cedarea la compresiune este \u00eenregistrat\u0103, iar aceast\u0103 valoare este utilizat\u0103 pentru a calcula rezisten\u021ba la compresiune a materialului.<\/li>\n<\/ul>\n<p>Aceast\u0103 metod\u0103 ofer\u0103 rezultate fiabile \u0219i repetabile, ajut\u00e2nd produc\u0103torii s\u0103 determine rezisten\u021ba materialului \u00een condi\u021bii reale de utilizare.<\/p>\n<h2>Prezentare general\u0103 a ISO 9895 \u0219i a metodelor sale de testare<\/h2>\n<p>SCT-01 Short Span Compression Tester \u00eendepline\u0219te cerin\u021bele <a href=\"https:\/\/www.iso.org\/standard\/41400.html\" target=\"_blank\" rel=\"noopener nofollow\"><strong>ISO 9895<\/strong><\/a> un punct de referin\u021b\u0103 recunoscut la nivel mondial pentru evaluarea rezisten\u021bei la compresiune pe distan\u021be scurte a h\u00e2rtiei \u0219i cartonului.<\/p>\n<ul>\n<li><strong>Introducere \u00een <a href=\"https:\/\/www.qualitester.com\/ro\/categorie-produs\/iso\/iso-9895\/\" target=\"_blank\" rel=\"noopener\">ISO 9895<\/a>:<\/strong> ISO 9895 specific\u0103 procedurile pentru determinarea rezisten\u021bei la compresiune, ghid\u00e2nd procesul de configurare \u0219i testare pentru a asigura consecven\u021ba \u00eentre diferite laboratoare \u0219i industrii.<\/li>\n<li><strong>Cerin\u021be privind metoda de testare:<\/strong> ISO 9895 descrie dimensiunile pieselor de testare, for\u021bele de str\u00e2ngere specifice, viteza de str\u00e2ngere \u0219i calculele pentru rezisten\u021ba la compresiune, permi\u021b\u00e2nd testarea standardizat\u0103 pentru rezultate exacte \u0219i comparabile.<\/li>\n<li><strong>Importan\u021ba conformit\u0103\u021bii cu ISO 9895:<\/strong> Conformitatea cu ISO 9895 garanteaz\u0103 c\u0103 SCT-01 ofer\u0103 m\u0103sur\u0103tori fiabile \u0219i precise ale rezisten\u021bei la compresiune, esen\u021biale pentru industriile care urm\u0103resc s\u0103 \u00eendeplineasc\u0103 standardele interna\u021bionale de calitate \u0219i durabilitate.<\/li>\n<\/ul>\n<h2>Avantajele testerului de compresie SCT-01 Short Span<\/h2>\n<p>SCT-01 <strong>Tester de compresie cu durat\u0103 scurt\u0103 <\/strong>ofer\u0103 mai multe avantaje care \u00eel transform\u0103 \u00eentr-o alegere ideal\u0103 pentru testele de compresie de scurt\u0103 durat\u0103:<\/p>\n<ul>\n<li><strong>Func\u021bionare prietenoas\u0103:<\/strong> Echipat cu un sistem de control PLC \u0219i HMI pentru operare simpl\u0103, SCT-01 minimizeaz\u0103 erorile operatorului.<\/li>\n<li><strong>Caracteristici de siguran\u021b\u0103 \u00eembun\u0103t\u0103\u021bite:<\/strong> Include un buton de oprire de urgen\u021b\u0103 \u0219i o protec\u021bie \u00eempotriva dep\u0103\u0219irii limitei pentru a asigura func\u021bionarea \u00een siguran\u021b\u0103.<\/li>\n<li><strong>Op\u021biuni de afi\u0219are multiunitate:<\/strong> Afi\u0219eaz\u0103 rezultatele testelor \u00een unit\u0103\u021bi multiple (N, kgf, lbf) pentru flexibilitate \u00een func\u021bie de cerin\u021bele utilizatorului.<\/li>\n<li><strong>Gestionarea avansat\u0103 a datelor:<\/strong> Dispune de o imprimant\u0103 matriceal\u0103 \u00eencorporat\u0103 pentru imprimarea imediat\u0103 a rezultatelor \u0219i un port op\u021bional RS-232 COM cu software pentru transferul \u0219i stocarea eficient\u0103 a datelor.<\/li>\n<\/ul>\n<h2>Specifica\u021bii tehnice ale SCT-01<\/h2>\n<p>Mai jos este prezentat un rezumat al principalilor parametri tehnici ai SCT-01:<\/p>\n<table>\n<thead>\n<tr>\n<th>Parametru<\/th>\n<th>Specifica\u021bii<\/th>\n<\/tr>\n<\/thead>\n<tbody>\n<tr>\n<td style=\"text-align: center;\">Intervalul de testare<\/td>\n<td style=\"text-align: center;\">1 ~ 500N (0,06 ~ 33,3 KN\/m)<\/td>\n<\/tr>\n<tr>\n<td style=\"text-align: center;\">Distan\u021ba de compresie<\/td>\n<td style=\"text-align: center;\">0,3~0,7 mm<\/td>\n<\/tr>\n<tr>\n<td style=\"text-align: center;\">Lungime de str\u00e2ngere<\/td>\n<td style=\"text-align: center;\">30 \u00b1 0,5 mm<\/td>\n<\/tr>\n<tr>\n<td style=\"text-align: center;\">Viteza de testare<\/td>\n<td style=\"text-align: center;\">3 \u00b1 0,1 mm\/min<\/td>\n<\/tr>\n<tr>\n<td style=\"text-align: center;\">Rezolu\u021bie<\/td>\n<td style=\"text-align: center;\">0.01 N<\/td>\n<\/tr>\n<tr>\n<td style=\"text-align: center;\">M\u0103rimea e\u0219antionului<\/td>\n<td style=\"text-align: center;\">15 mm (l\u0103\u021bime) x 75 mm (lungime)<\/td>\n<\/tr>\n<tr>\n<td style=\"text-align: center;\">Presiunea de gaz necesar\u0103<\/td>\n<td style=\"text-align: center;\">0,5 MPa<\/td>\n<\/tr>\n<tr>\n<td style=\"text-align: center;\">Dimensiunea orificiului de gaz<\/td>\n<td style=\"text-align: center;\">\u04246 mm<\/td>\n<\/tr>\n<tr>\n<td style=\"text-align: center;\">Cerin\u021ba de putere<\/td>\n<td style=\"text-align: center;\">AC 110~220V, 50Hz<\/td>\n<\/tr>\n<\/tbody>\n<\/table>\n<p>Aceste specifica\u021bii asigur\u0103 c\u0103 SCT-01 este versatil, precis \u0219i adaptabil, f\u0103c\u00e2ndu-l ideal pentru utilizarea industrial\u0103 riguroas\u0103.<\/p>\n<h2>Conformitate \u0219i standarde de <strong>Tester de compresie cu durat\u0103 scurt\u0103<\/strong><\/h2>\n<p>SCT-01 Short Span Compression Tester este conform cu mai multe standarde, sporindu-i credibilitatea \u0219i relevan\u021ba \u00een mediile profesionale:<\/p>\n<ul>\n<li><strong><a href=\"https:\/\/www.iso.org\/standard\/41400.html\" target=\"_blank\" rel=\"noopener nofollow\">ISO 9895<\/a>:<\/strong> Garanteaz\u0103 m\u0103sur\u0103tori fiabile ale rezisten\u021bei la compresiune pe distan\u021be scurte.<\/li>\n<li><strong>GB\/T 2679.10:<\/strong> Asigur\u0103 conformitatea regional\u0103, asigur\u00e2nd compatibilitatea cu standardele industriei pe diferite pie\u021be.<\/li>\n<\/ul>\n<h2>\u00centreb\u0103ri frecvente (FAQ)<\/h2>\n<ol>\n<li><strong>Ce tipuri de materiale pot fi testate cu SCT-01?<\/strong>\n<ul>\n<li>SCT-01 este potrivit pentru h\u00e2rtii \u0219i cartoane cu un gramaj cuprins \u00eentre 100 g\/m\u00b2 \u0219i 400 g\/m\u00b2, utilizate frecvent \u00een produc\u021bia de ambalaje \u0219i cutii.<\/li>\n<\/ul>\n<\/li>\n<li><strong>Cum asigur\u0103 SCT-01 rezultate precise ale testelor de compresie?<\/strong>\n<ul>\n<li>F\u0103lcile paralele \u0219i cu frecare ridicat\u0103 ale SCT-01, for\u021ba de str\u00e2ngere constant\u0103 \u0219i conformitatea cu standardele ISO 9895 asigur\u0103 rezultate de testare foarte precise \u0219i repetabile.<\/li>\n<\/ul>\n<\/li>\n<li><strong>De ce este important\u0103 conformitatea cu ISO 9895 pentru testele de compresie?<\/strong>\n<ul>\n<li>ISO 9895 stabile\u0219te standarde globale pentru metodele de testare, asigur\u00e2nd c\u0103 rezultatele sunt fiabile \u0219i comparabile \u00een toate industriile.<\/li>\n<\/ul>\n<\/li>\n<li><strong>Cum \u00eembun\u0103t\u0103\u021be\u0219te fixarea pneumatic\u0103 precizia testului?<\/strong>\n<ul>\n<li>Prinderea pneumatic\u0103 asigur\u0103 o presiune constant\u0103 pe prob\u0103, prevenind alunecarea sau deteriorarea, care ar putea afecta rezultatele testelor.<\/li>\n<\/ul>\n<\/li>\n<li><strong>Care sunt avantajele utiliz\u0103rii unui software de afi\u0219are \u0219i gestionare a datelor pentru mai multe unit\u0103\u021bi?<\/strong>\n<ul>\n<li>Afi\u0219ajul multi-unitate permite utilizatorilor s\u0103 vizualizeze rezultatele \u00een unit\u0103\u021bi diferite, \u00een timp ce software-ul de gestionare a datelor faciliteaz\u0103 analiza rezultatelor \u0219i p\u0103strarea \u00eenregistr\u0103rilor pe termen lung, sporind eficien\u021ba test\u0103rii.<\/li>\n<\/ul>\n<\/li>\n<\/ol>","protected":false},"excerpt":{"rendered":"<p>The <strong>SCT-01 Tester de compresie de scurt\u0103 durat\u0103<\/strong> este un instrument de \u00eenalt\u0103 precizie proiectat pentru a evalua rezisten\u021ba la compresiune a h\u00e2rtiei \u0219i cartonului, oferind informa\u021bii esen\u021biale privind calitatea materialelor utilizate \u00een produc\u021bia de containere \u0219i cutii. Acest tester este potrivit \u00een special pentru h\u00e2rtii \u0219i cartoane cu un gramaj cuprins \u00eentre 100 g\/m\u00b2 \u0219i 400 g\/m\u00b2, asigur\u00e2ndu-se c\u0103 numai materialele care \u00eendeplinesc nivelurile de rezisten\u021b\u0103 necesare sunt aprobate pentru produc\u021bie. Datorit\u0103 designului s\u0103u robust \u0219i caracteristicilor avansate, SCT-01 contribuie la optimizarea durabilit\u0103\u021bii produselor, ceea ce \u00eel face un instrument valoros pentru controlul calit\u0103\u021bii \u00een diverse industrii, inclusiv ambalaje, fabricarea h\u00e2rtiei \u0219i agen\u021bii de inspec\u021bie a calit\u0103\u021bii.<\/p>","protected":false},"featured_media":6195,"comment_status":"closed","ping_status":"closed","template":"","meta":{"site-sidebar-layout":"default","site-content-layout":"default","ast-global-header-display":"","ast-main-header-display":"","ast-hfb-above-header-display":"","ast-hfb-below-header-display":"","ast-hfb-mobile-header-display":"","site-post-title":"","ast-breadcrumbs-content":"","ast-featured-img":"","footer-sml-layout":"","theme-transparent-header-meta":"default","adv-header-id-meta":"","stick-header-meta":"","header-above-stick-meta":"","header-main-stick-meta":"","header-below-stick-meta":""},"product_cat":[964,845,1088,965,44,95],"product_tag":[],"class_list":{"0":"post-5298","1":"product","2":"type-product","3":"status-publish","4":"has-post-thumbnail","6":"product_cat-box-compression-tester","7":"product_cat-customization","8":"product_cat-iso-9895","9":"product_cat-package-compression-tester","10":"product_cat-paper-and-board-testers","11":"product_cat-products","12":"desktop-align-left","13":"tablet-align-left","14":"mobile-align-left","16":"first","17":"instock","18":"shipping-taxable","19":"product-type-simple"},"_links":{"self":[{"href":"https:\/\/www.qualitester.com\/ro\/wp-json\/wp\/v2\/product\/5298","targetHints":{"allow":["GET"]}}],"collection":[{"href":"https:\/\/www.qualitester.com\/ro\/wp-json\/wp\/v2\/product"}],"about":[{"href":"https:\/\/www.qualitester.com\/ro\/wp-json\/wp\/v2\/types\/product"}],"replies":[{"embeddable":true,"href":"https:\/\/www.qualitester.com\/ro\/wp-json\/wp\/v2\/comments?post=5298"}],"version-history":[{"count":0,"href":"https:\/\/www.qualitester.com\/ro\/wp-json\/wp\/v2\/product\/5298\/revisions"}],"wp:featuredmedia":[{"embeddable":true,"href":"https:\/\/www.qualitester.com\/ro\/wp-json\/wp\/v2\/media\/6195"}],"wp:attachment":[{"href":"https:\/\/www.qualitester.com\/ro\/wp-json\/wp\/v2\/media?parent=5298"}],"wp:term":[{"taxonomy":"product_cat","embeddable":true,"href":"https:\/\/www.qualitester.com\/ro\/wp-json\/wp\/v2\/product_cat?post=5298"},{"taxonomy":"product_tag","embeddable":true,"href":"https:\/\/www.qualitester.com\/ro\/wp-json\/wp\/v2\/product_tag?post=5298"}],"curies":[{"name":"wp","href":"https:\/\/api.w.org\/{rel}","templated":true}]}}