{"id":5289,"date":"2024-11-13T09:14:26","date_gmt":"2024-11-13T01:14:26","guid":{"rendered":"https:\/\/www.qualitester.com\/?post_type=product&#038;p=5289"},"modified":"2024-12-04T16:29:42","modified_gmt":"2024-12-04T08:29:42","slug":"sale-vertical-motorized-test-stand","status":"publish","type":"product","link":"https:\/\/www.qualitester.com\/ro\/produs\/sale-vertical-motorized-test-stand\/","title":{"rendered":"Stand de testare motorizat vertical DTS-01"},"content":{"rendered":"<h2><strong>Prezentare general\u0103 a standului de testare motorizat vertical<\/strong><\/h2>\n<p>The <strong>Stand de testare motorizat vertical (DTS-01)<\/strong> este un instrument de testare de \u00eenalt\u0103 precizie conceput pentru a furniza rezultate fiabile \u0219i precise ale testelor pentru rezisten\u021ba \u0219i durabilitatea materialelor. Construit cu o structur\u0103 robust\u0103 cu doi st\u00e2lpi, acest stand de testare asigur\u0103 o stabilitate excep\u021bional\u0103 \u00een timpul test\u0103rii, f\u0103c\u00e2ndu-l potrivit pentru aplica\u021bii solicitante din diverse industrii. Cu caracteristici avansate precum reglarea continu\u0103 a vitezei \u0219i moduri duble de control - manual (jog) \u0219i automat - acest stand este versatil, u\u0219or de utilizat \u0219i adaptabil la o gam\u0103 larg\u0103 de scenarii de testare.<\/p>\n<h2><strong>Aplica\u021bii ale standului de testare motorizat vertical<\/strong><\/h2>\n<p>Standul de testare motorizat vertical DTS-01 este ideal pentru o gam\u0103 larg\u0103 de aplica\u021bii de testare, \u00een special:<\/p>\n<ul>\n<li><strong>\u00cencercarea la trac\u021biune a materialelor<\/strong>: Proiectat special pentru a sprijini testarea la trac\u021biune a materialelor, acest stand permite m\u0103sur\u0103tori precise ale rezisten\u021bei la trac\u021biune, alungirea \u0219i elasticitatea. Acesta furnizeaz\u0103 date esen\u021biale cu privire la performan\u021ba unui material sub tensiune, ceea ce este esen\u021bial pentru controlul calit\u0103\u021bii \u0219i al conformit\u0103\u021bii.<\/li>\n<li><strong>Alte aplica\u021bii de testare<\/strong>: Pe l\u00e2ng\u0103 testele de trac\u021biune, DTS-01 poate efectua teste de sarcin\u0103 push-pull, m\u0103sur\u0103tori ale for\u021bei de inser\u021bie \u0219i de extragere \u0219i teste de deteriorare. Versatilitatea sa \u00eel face un instrument valoros \u00een toate industriile, inclusiv cauciuc, mase plastice, textile industriale u\u0219oare, materiale de construc\u021bii, piese auto, ma\u0219ini electrice \u0219i cercetare \u0219tiin\u021bific\u0103.<\/li>\n<\/ul>\n<h2><strong>Specifica\u021bii tehnice \u0219i caracteristici<\/strong><\/h2>\n<p>DTS-01 este proiectat pentru a oferi func\u021bionalitate optim\u0103 \u0219i u\u0219urin\u021b\u0103 \u00een utilizare:<\/p>\n<ul>\n<li><strong>Structur\u0103 robust\u0103 \u0219i stabilitate<\/strong>: Cu designul s\u0103u dublu pol \u0219i sistemul de transmisie cu angrenaje, standul de testare men\u021bine o func\u021bionare stabil\u0103 pe parcursul procedurilor de testare, asigur\u00e2nd acurate\u021bea \u0219i repetabilitatea rezultatelor.<\/li>\n<li><strong>Func\u021bii de control intuitive<\/strong>: DTS-01 este prev\u0103zut cu un panou de control accesibil pentru o utilizare u\u0219oar\u0103:\n<ul>\n<li><strong>Comutator de alimentare<\/strong>: Activeaz\u0103 alimentarea, indicat\u0103 de o lumin\u0103 pe afi\u0219ajul contorului.<\/li>\n<li><strong>Buton de reglare a vitezei<\/strong>: Permite controlul continuu al vitezei \u00eentr-un interval de la 60 la 500 mm\/min, permi\u021b\u00e2nd operatorilor s\u0103 adapteze viteza de testare \u00een func\u021bie de cerin\u021bele specifice de testare.<\/li>\n<li><strong>Butoane UP\/STOP\/DOWN<\/strong>: Ofer\u0103 o mi\u0219care precis\u0103 a manometrului \u00een orice direc\u021bie, permi\u021b\u00e2nd aplicarea precis\u0103 a for\u021bei.<\/li>\n<li><strong>Comutare manual\u0103\/automat\u0103<\/strong>: \u00cembun\u0103t\u0103\u021be\u0219te flexibilitatea permi\u021b\u00e2nd operatorilor s\u0103 aleag\u0103 \u00eentre modurile de control manual \u0219i automat, \u00een func\u021bie de nevoile de testare.<\/li>\n<\/ul>\n<\/li>\n<li><strong>Personalizare \u0219i compatibilitate<\/strong>: Proiectat pentru a func\u021biona cu o varietate de dispozitive de fixare \u0219i manometre, DTS-01 poate fi u\u0219or personalizat pentru a \u00eendeplini cerin\u021bele specifice de testare, oferind flexibilitate sporit\u0103 pentru diverse scenarii de testare.<\/li>\n<\/ul>\n<h2>Parametru principal<\/h2>\n<table style=\"height: 141px;\" width=\"1173\">\n<tbody>\n<tr>\n<td style=\"text-align: center;\" width=\"125\">Sarcina maxim\u0103<\/td>\n<td style=\"text-align: center;\" colspan=\"3\" rowspan=\"1\" width=\"228\">500N<\/td>\n<td style=\"text-align: center;\" colspan=\"3\" rowspan=\"1\" width=\"228\">1000N<\/td>\n<\/tr>\n<tr>\n<td style=\"text-align: center;\" width=\"125\">Stoke eficient<\/td>\n<td style=\"text-align: center;\" width=\"73\">200mm<\/td>\n<td style=\"text-align: center;\" width=\"73\">400mm<\/td>\n<td style=\"text-align: center;\" width=\"82\">700mm<\/td>\n<td style=\"text-align: center;\" width=\"82\">200mm<\/td>\n<td style=\"text-align: center;\" width=\"73\">400mm<\/td>\n<td style=\"text-align: center;\" width=\"73\">700mm<\/td>\n<\/tr>\n<tr>\n<td style=\"text-align: center;\" width=\"125\">Dimensiune cm<\/td>\n<td style=\"text-align: center;\" width=\"73\">28*34*78<\/td>\n<td style=\"text-align: center;\" width=\"73\">28*34*98<\/td>\n<td style=\"text-align: center;\" width=\"82\">28*34*127<\/td>\n<td style=\"text-align: center;\" width=\"82\">28*34*127<\/td>\n<td style=\"text-align: center;\" width=\"73\">28*34*78<\/td>\n<td style=\"text-align: center;\" width=\"73\">28*34*98<\/td>\n<\/tr>\n<tr>\n<td style=\"text-align: center;\" width=\"125\">Greutate net\u0103<\/td>\n<td style=\"text-align: center;\" width=\"73\">38KG<\/td>\n<td style=\"text-align: center;\" width=\"73\">40KG<\/td>\n<td style=\"text-align: center;\" width=\"82\">42KG<\/td>\n<td style=\"text-align: center;\" width=\"82\">42KG<\/td>\n<td style=\"text-align: center;\" width=\"73\">38KG<\/td>\n<td style=\"text-align: center;\" width=\"73\">40KG<\/td>\n<\/tr>\n<tr>\n<td style=\"text-align: center;\" width=\"125\">Viteza de testare<\/td>\n<td style=\"text-align: center;\" colspan=\"6\" rowspan=\"1\" width=\"456\">70~270mm\/min<\/td>\n<\/tr>\n<tr>\n<td style=\"text-align: center;\" width=\"125\">Putere<\/td>\n<td style=\"text-align: center;\" colspan=\"6\" rowspan=\"1\" width=\"456\">AC110\/220V<\/td>\n<\/tr>\n<\/tbody>\n<\/table>\n<h2><strong>Procesul de instalare \u0219i montare pentru manometrul de for\u021b\u0103<\/strong><\/h2>\n<p>Instalarea manometrului pe DTS-01 este simpl\u0103, asigur\u00e2nd o potrivire sigur\u0103 pentru rezultate precise ale testelor. Urma\u021bi ace\u0219ti pa\u0219i pentru instalare:<\/p>\n<ol>\n<li>Introduce\u021bi patru \u0219uruburi M6 \u00een g\u0103urile desemnate \u03c66.2 ale blocului fix, plas\u00e2nd \u0219aibe \u00een fiecare direc\u021bie filetat\u0103.<\/li>\n<li>Str\u00e2nge\u021bi \u0219uruburile pentru a fixa manometrul la placa de montare. Placa de montare ofer\u0103 dou\u0103 seturi de g\u0103uri de montare (30\u00d7145 mm \u0219i 40\u00d790 mm) pentru compatibilitate cu diferite configura\u021bii de manometre.<\/li>\n<\/ol>\n<h2><strong>\u00cencercarea la trac\u021biune a materialelor: Metode de \u00eencercare \u0219i standarde<\/strong><\/h2>\n<p>Testarea la trac\u021biune a materialelor este esen\u021bial\u0103 pentru evaluarea rezisten\u021bei, elasticit\u0103\u021bii \u0219i durabilit\u0103\u021bii generale a unui material. Standul de testare motorizat vertical DTS-01 efectueaz\u0103 teste de trac\u021biune prin aplicarea unei for\u021be precise \u0219i controlate, \u00eenregistr\u00e2nd m\u0103sur\u0103tori care indic\u0103 modul \u00een care un material r\u0103spunde la for\u021bele de \u00eentindere sau de trac\u021biune.<\/p>\n<h3><strong>Metodologia de testare<\/strong><\/h3>\n<p>Procesul de testare la trac\u021biune include, \u00een general, preg\u0103tirea specimenului de material, fixarea acestuia pe standul de testare, aplicarea for\u021bei prin intermediul manometrului \u0219i \u00eenregistrarea datelor. Viteza \u0219i for\u021ba aplicat\u0103 pot fi ajustate pentru a se potrivi specifica\u021biilor materialului, asigur\u00e2ndu-se c\u0103 rezultatele sunt precise \u0219i reprezentative pentru performan\u021bele reale.<\/p>\n<h3><strong>Standarde relevante<\/strong><\/h3>\n<p>Urm\u0103toarele standarde ASTM sunt utilizate \u00een mod obi\u0219nuit pentru \u00eencercarea la trac\u021biune, fiecare specific\u00e2nd orient\u0103ri pentru diferite tipuri de materiale:<\/p>\n<ul>\n<li><strong>ASTM D638<\/strong>: Metoda standard de testare a propriet\u0103\u021bilor la trac\u021biune ale materialelor plastice, care detaliaz\u0103 procedurile de determinare a rezisten\u021bei la trac\u021biune, alungirea \u0219i modulul.<\/li>\n<li><strong>ASTM D882<\/strong>: Se refer\u0103 la foliile sub\u021biri de plastic, prezent\u00e2nd metodele de evaluare a propriet\u0103\u021bilor de trac\u021biune ale foliilor \u0219i foliilor de plastic.<\/li>\n<li><strong>ASTM D412<\/strong>: Specific\u0103 procedurile de testare pentru cauciuc \u0219i materiale elastomerice, inclusiv metodele de m\u0103surare a rezisten\u021bei la trac\u021biune, alungirea \u0219i tensiunea.<\/li>\n<\/ul>\n<h3><strong>Avantajele tehnice ale standului de testare vertical motorizat<\/strong><\/h3>\n<ul>\n<li><strong>Precizie \u0219i stabilitate \u00eembun\u0103t\u0103\u021bite<\/strong>: Cu caracteristici precum transmisia prin angrenaje \u0219i reglarea continu\u0103 a vitezei, DTS-01 ofer\u0103 o precizie ridicat\u0103, sus\u021bin\u00e2nd cerin\u021bele stricte de testare.<\/li>\n<li><strong>Func\u021bionare u\u0219or de utilizat<\/strong>: Operatorii pot comuta cu u\u0219urin\u021b\u0103 \u00eentre modurile manual \u0219i automat \u0219i pot regla viteza de testare, simplific\u00e2nd procesul de testare \u0219i asigur\u00e2nd un control flexibil asupra condi\u021biilor de testare.<\/li>\n<\/ul>\n<h3><strong>Aplica\u021bii recomandate \u00een toate industriile<\/strong><\/h3>\n<p>Datorit\u0103 versatilit\u0103\u021bii sale, DTS-01 este utilizat \u00een numeroase sectoare, inclusiv:<\/p>\n<ul>\n<li><strong>Ambalarea \u0219i inspec\u021bia calit\u0103\u021bii<\/strong>: Ideal pentru asigurarea durabilit\u0103\u021bii \u0219i conformit\u0103\u021bii produselor \u00een materialele de ambalare.<\/li>\n<li><strong>Automobile \u0219i electronic\u0103<\/strong>: Folosit pentru a testa rezisten\u021ba \u0219i flexibilitatea componentelor \u00een piesele auto \u0219i dispozitivele electronice.<\/li>\n<li><strong>Produse farmaceutice \u0219i alimentare<\/strong>: Se asigur\u0103 c\u0103 materialele \u00eendeplinesc standardele de reglementare \u00een domeniul ambalajelor farmaceutice \u0219i alimentare.<\/li>\n<li><strong>Textile \u0219i adezivi<\/strong>: Utilizat \u00een evaluarea performan\u021bei materialelor pentru fabricarea textilelor \u0219i a produselor adezive.<\/li>\n<\/ul>\n<h3><strong>\u00centreb\u0103ri frecvente (FAQ)<\/strong><\/h3>\n<ol>\n<li><strong>Ce tipuri de teste poate efectua standul de testare motorizat vertical?<\/strong><br \/>\nStandul de testare poate efectua teste de trac\u021biune a materialelor, teste de sarcin\u0103 push-pull, teste plug-in \u0219i pull-out \u0219i teste de deteriorare pentru diverse materiale.<\/li>\n<li><strong>Cum se regleaz\u0103 viteza pe standul de testare?<\/strong><br \/>\nButonul de reglare a vitezei de pe panoul de control permite utilizatorilor s\u0103 seteze viteza de mi\u0219care a manometrului \u00eentre 60 \u0219i 500 mm\/min pentru condi\u021bii optime de testare.<\/li>\n<li><strong>Ce industrii beneficiaz\u0103 cel mai mult de acest stand de testare?<\/strong><br \/>\nIndustrii precum cea a ambalajelor, auto, alimentar\u0103, farmaceutic\u0103, a adezivilor \u0219i textil\u0103 utilizeaz\u0103 frecvent acest stand pentru controlul calit\u0103\u021bii \u0219i testarea conformit\u0103\u021bii.<\/li>\n<li><strong>Standul de testare motorizat vertical este compatibil cu diverse manometre?<\/strong><br \/>\nDa, DTS-01 este compatibil cu o gam\u0103 de manometre \u0219i dispozitive de fixare, permi\u021b\u00e2nd personalizarea \u00een func\u021bie de cerin\u021bele de testare.<\/li>\n<li><strong>Cum \u00eembun\u0103t\u0103\u021be\u0219te func\u021bia de comutare manual\u0103\/automat\u0103 flexibilitatea test\u0103rii?<\/strong><br \/>\nComutatorul manual\/automat permite utilizatorilor s\u0103 aleag\u0103 modul de control cel mai potrivit pentru nevoile lor de testare, fie ajust\u0103ri manuale precise, fie testarea automat\u0103, f\u0103r\u0103 m\u00e2ini.<\/li>\n<\/ol>","protected":false},"excerpt":{"rendered":"<p>The <strong>Stand de testare motorizat vertical (DTS-01)<\/strong> este un instrument de testare de \u00eenalt\u0103 precizie conceput pentru a furniza rezultate fiabile \u0219i precise ale testelor pentru rezisten\u021ba \u0219i durabilitatea materialelor. Construit cu o structur\u0103 robust\u0103 cu doi st\u00e2lpi, acest stand de testare asigur\u0103 o stabilitate excep\u021bional\u0103 \u00een timpul test\u0103rii, f\u0103c\u00e2ndu-l potrivit pentru aplica\u021bii solicitante din diverse industrii. Cu caracteristici avansate precum reglarea continu\u0103 a vitezei \u0219i moduri duble de control - manual (jog) \u0219i automat - acest stand este versatil, u\u0219or de utilizat \u0219i adaptabil la o gam\u0103 larg\u0103 de scenarii de testare.<\/p>","protected":false},"featured_media":6146,"comment_status":"closed","ping_status":"closed","template":"","meta":{"site-sidebar-layout":"default","site-content-layout":"default","ast-global-header-display":"","ast-main-header-display":"","ast-hfb-above-header-display":"","ast-hfb-below-header-display":"","ast-hfb-mobile-header-display":"","site-post-title":"","ast-breadcrumbs-content":"","ast-featured-img":"","footer-sml-layout":"","theme-transparent-header-meta":"default","adv-header-id-meta":"","stick-header-meta":"","header-above-stick-meta":"","header-main-stick-meta":"","header-below-stick-meta":""},"product_cat":[845,938,679,673,17,44,149,16,95],"product_tag":[],"class_list":{"0":"post-5289","1":"product","2":"type-product","3":"status-publish","4":"has-post-thumbnail","6":"product_cat-customization","7":"product_cat-textile-tester","8":"product_cat-tensile-tester","9":"product_cat-adhesive-tester","10":"product_cat-package-container-testers","11":"product_cat-paper-and-board-testers","12":"product_cat-pharma-and-medical-testers","13":"product_cat-plastic-packaging-testers","14":"product_cat-products","15":"desktop-align-left","16":"tablet-align-left","17":"mobile-align-left","19":"first","20":"instock","21":"shipping-taxable","22":"product-type-simple"},"_links":{"self":[{"href":"https:\/\/www.qualitester.com\/ro\/wp-json\/wp\/v2\/product\/5289","targetHints":{"allow":["GET"]}}],"collection":[{"href":"https:\/\/www.qualitester.com\/ro\/wp-json\/wp\/v2\/product"}],"about":[{"href":"https:\/\/www.qualitester.com\/ro\/wp-json\/wp\/v2\/types\/product"}],"replies":[{"embeddable":true,"href":"https:\/\/www.qualitester.com\/ro\/wp-json\/wp\/v2\/comments?post=5289"}],"version-history":[{"count":0,"href":"https:\/\/www.qualitester.com\/ro\/wp-json\/wp\/v2\/product\/5289\/revisions"}],"wp:featuredmedia":[{"embeddable":true,"href":"https:\/\/www.qualitester.com\/ro\/wp-json\/wp\/v2\/media\/6146"}],"wp:attachment":[{"href":"https:\/\/www.qualitester.com\/ro\/wp-json\/wp\/v2\/media?parent=5289"}],"wp:term":[{"taxonomy":"product_cat","embeddable":true,"href":"https:\/\/www.qualitester.com\/ro\/wp-json\/wp\/v2\/product_cat?post=5289"},{"taxonomy":"product_tag","embeddable":true,"href":"https:\/\/www.qualitester.com\/ro\/wp-json\/wp\/v2\/product_tag?post=5289"}],"curies":[{"name":"wp","href":"https:\/\/api.w.org\/{rel}","templated":true}]}}