{"id":5283,"date":"2024-11-08T10:12:37","date_gmt":"2024-11-08T02:12:37","guid":{"rendered":"https:\/\/www.qualitester.com\/?post_type=product&#038;p=5283"},"modified":"2024-12-05T10:40:19","modified_gmt":"2024-12-05T02:40:19","slug":"sale-paper-dirt-tester-iso-5350-pulps","status":"publish","type":"product","link":"https:\/\/www.qualitester.com\/ro\/produs\/sale-paper-dirt-tester-iso-5350-pulps\/","title":{"rendered":"PDT-01 Tester de murd\u0103rie de h\u00e2rtie"},"content":{"rendered":"<h2><strong>Introducere \u00een testerul de murd\u0103rie de h\u00e2rtie<\/strong><\/h2>\n<p>The <strong>PDT-01 Tester de murd\u0103rie de h\u00e2rtie<\/strong> este un instrument esen\u021bial pentru m\u0103surarea con\u021binutului de murd\u0103rie din h\u00e2rtie \u0219i carton. Proiectat \u00een conformitate cu standarde de calitate stricte, inclusiv <strong>ISO 5350<\/strong>, acest tester ofer\u0103 detectarea precis\u0103 a impurit\u0103\u021bilor pentru a asigura materiale de imprimare \u0219i ambalare de \u00eenalt\u0103 calitate. Prin identificarea impurit\u0103\u021bilor care ar putea degrada aspectul \u0219i performan\u021ba produselor din h\u00e2rtie, PDT-01 \u00eembun\u0103t\u0103\u021be\u0219te controlul calit\u0103\u021bii \u00een industriile \u00een care prezentarea este esen\u021bial\u0103.<\/p>\n<h2><strong>Importan\u021ba test\u0103rii murd\u0103riei \u00een h\u00e2rtie \u0219i carton<\/strong><\/h2>\n<p>Murd\u0103ria \u0219i alte impurit\u0103\u021bi din h\u00e2rtie pot afecta semnificativ calitatea produselor, \u00een special \u00een industriile care se bazeaz\u0103 pe imprimarea clar\u0103 \u0219i precis\u0103. Prezen\u021ba petelor negre, galbene sau maro poate compromite valoarea estetic\u0103 \u0219i func\u021bional\u0103 a h\u00e2rtiei, afect\u00e2nd totul, de la ambalarea produselor la materialele imprimate. Pentru aplica\u021biile care implic\u0103 h\u00e2rtie cretat\u0103, carton \u0219i carton alb, \u00een special \u00een imprimarea color, men\u021binerea unor niveluri sc\u0103zute de murd\u0103rie este esen\u021bial\u0103 pentru rezultate vibrante \u0219i clare. PDT-01 Paper Dirt Tester este un instrument esen\u021bial \u00een detectarea \u0219i cuantificarea acestor impurit\u0103\u021bi, permi\u021b\u00e2nd produc\u0103torilor s\u0103 men\u021bin\u0103 cele mai \u00eenalte standarde de calitate.<\/p>\n<h2><strong>Prezentare general\u0103 a <a href=\"https:\/\/www.iso.org\/standard\/39716.html\" target=\"_blank\" rel=\"noopener nofollow\">ISO 5350<\/a> \u0219i standarde conexe<\/strong><\/h2>\n<p><a href=\"https:\/\/www.qualitester.com\/ro\/categorie-produs\/iso\/iso-5350\/\" target=\"_blank\" rel=\"noopener\">ISO 5350<\/a> este un standard interna\u021bional care specific\u0103 metodele de determinare a nivelului de murd\u0103rie \u00een celuloz\u0103, h\u00e2rtie \u0219i carton. Prin respectarea liniilor directoare ISO 5350, produc\u0103torii pot asigura o m\u0103surare consecvent\u0103 \u0219i fiabil\u0103 a murd\u0103riei, sus\u021bin\u00e2nd produc\u021bia de \u00eenalt\u0103 calitate \u0219i satisfac\u021bia clien\u021bilor. Alte standarde relevante pentru m\u0103surarea murd\u0103riei \u00een h\u00e2rtie includ:<\/p>\n<ul>\n<li><strong>TAPPI\/ANSI T437<\/strong>: Define\u0219te metodele americane pentru determinarea vizual\u0103 a murd\u0103riei \u00een h\u00e2rtie \u0219i carton.<\/li>\n<li><strong>TAPPI T213<\/strong>: Se concentreaz\u0103 pe metodele de num\u0103rare a murd\u0103riei specifice h\u00e2rtiei neacoperite, contribuind la o calitate ridicat\u0103 a imprim\u0103rii.<\/li>\n<li><strong>GB\/T 1541<\/strong>: Un standard chinez pentru evaluarea nivelurilor de murd\u0103rie din h\u00e2rtie \u0219i carton, care ofer\u0103 repere pentru produc\u021bia intern\u0103.<\/li>\n<\/ul>\n<p>Prin alinierea la aceste standarde, PDT-01 Paper Dirt Tester ofer\u0103 conformitate \u0219i fiabilitate pe pie\u021bele globale.<\/p>\n<h2><strong>Caracteristici \u0219i specifica\u021bii ale PDT-01 Paper Dirt Tester<\/strong><\/h2>\n<p><strong>Iluminat<\/strong>: Echipat cu o lamp\u0103 fluorescent\u0103 AC 220V, 20W, care asigur\u0103 o iluminare puternic\u0103 \u0219i uniform\u0103 pentru identificarea clar\u0103 a particulelor de murd\u0103rie.<\/p>\n<ul>\n<li><strong>Unghi de iluminare<\/strong>: Seta\u021bi la un unghi de 60\u00b0 pentru a men\u021bine o distribu\u021bie uniform\u0103 a luminii pe prob\u0103.<\/li>\n<li><strong>Zona de lucru<\/strong>: O zon\u0103 de testare spa\u021bioas\u0103 de 0,0625 m\u00b2, complet rotativ\u0103 la 360\u00b0, care permite utilizatorilor s\u0103 inspecteze fiecare sec\u021biune a probei \u00een detaliu.<\/li>\n<li><strong>Gama standard de imagini Dirt<\/strong>: Capabil s\u0103 m\u0103soare particule de murd\u0103rie cuprinse \u00eentre 0,05 \u0219i 5,0 mm\u00b2, oferind o detec\u021bie precis\u0103 pentru o varietate de tipuri \u0219i dimensiuni de murd\u0103rie.<\/li>\n<li><strong>Surs\u0103 de alimentare<\/strong>: Func\u021bioneaz\u0103 pe AC 220V, 50Hz, compatibil cu sistemele de alimentare standard pentru o utilizare u\u0219oar\u0103 \u00een laborator \u0219i \u00een mediul industrial.<\/li>\n<\/ul>\n<p>Aceste caracteristici fac din PDT-01 o solu\u021bie eficient\u0103 \u0219i precis\u0103 pentru testare \u0219i asigurarea calit\u0103\u021bii.<\/p>\n<h2><strong>Domenii de aplicare<\/strong><\/h2>\n<p>Testerul de murd\u0103rie pentru h\u00e2rtie PDT-01 deserve\u0219te o gam\u0103 larg\u0103 de industrii, inclusiv:<\/p>\n<ul>\n<li><strong>Ambalaje<\/strong>: Verific\u0103 calitatea h\u00e2rtiei din cutii, ambalaje \u0219i alte solu\u021bii de ambalare.<\/li>\n<li><strong>Imprimare<\/strong>: Asigur\u0103 aplica\u021bii de imprimare de \u00eenalt\u0103 calitate prin verificarea purit\u0103\u021bii h\u00e2rtiei \u0219i minimizarea imperfec\u021biunilor.<\/li>\n<li><strong>Agen\u021bii de inspec\u021bie a calit\u0103\u021bii<\/strong>: Asist\u0103 la men\u021binerea conformit\u0103\u021bii cu standardele industriei, asigur\u00e2nd o calitate constant\u0103 a h\u00e2rtiei \u0219i a cartonului.<\/li>\n<\/ul>\n<h2><strong>Metodologie de testare pentru testerul de murd\u0103rie de h\u00e2rtie<\/strong><\/h2>\n<p>Procesul de testare a murd\u0103riei h\u00e2rtiei este simplu, dar cuprinz\u0103tor. Metodologia de testare include:<\/p>\n<ul>\n<li>Preg\u0103tirea unui e\u0219antion de h\u00e2rtie sau carton pentru testare.<\/li>\n<li>Pozi\u021bionarea probei \u00een zona de lucru a testerului, care este complet rotativ\u0103 pentru o vizibilitate complet\u0103.<\/li>\n<li>Iluminarea probei sub lumina fluorescent\u0103 de 60\u00b0 \u0219i inspec\u021bia vizual\u0103 pentru impurit\u0103\u021bi.<\/li>\n<li>Compararea oric\u0103ror particule de murd\u0103rie observate cu imagini standard de murd\u0103rie \u00een conformitate cu <strong>ISO 5350<\/strong> orient\u0103ri.<\/li>\n<\/ul>\n<p>Urm\u00e2nd aceast\u0103 procedur\u0103, PDT-01 permite m\u0103surarea \u0219i clasificarea precis\u0103 a particulelor de murd\u0103rie.<\/p>\n<h2><strong>Avantajele utiliz\u0103rii testerului de murd\u0103rie pe h\u00e2rtie PDT-01<\/strong><\/h2>\n<ul>\n<li><strong>Precizie ridicat\u0103<\/strong>: Detecteaz\u0103 chiar \u0219i cele mai mici particule de murd\u0103rie pentru a asigura o m\u0103surare precis\u0103 \u0219i o calitate mai bun\u0103 a imprim\u0103rii.<\/li>\n<li><strong>Conformitate standard<\/strong>: Ader\u0103 la <strong>ISO 5350<\/strong> \u0219i alte standarde interna\u021bionale, sus\u021bin\u00e2nd cerin\u021bele pie\u021bei globale \u0219i asigur\u00e2nd o produc\u021bie de \u00eenalt\u0103 calitate.<\/li>\n<li><strong>Design u\u0219or de utilizat<\/strong>: Proiectat pentru teste frecvente, cu o construc\u021bie durabil\u0103 \u0219i o interfa\u021b\u0103 intuitiv\u0103 care simplific\u0103 procesul de m\u0103surare a murd\u0103riei.<\/li>\n<\/ul>\n<h2><strong>De ce este important\u0103 conformitatea cu ISO 5350<\/strong><\/h2>\n<p><a href=\"https:\/\/www.iso.org\/standard\/39716.html\" target=\"_blank\" rel=\"noopener nofollow\">ISO 5350<\/a> este esen\u021bial\u0103 pentru orice produc\u0103tor care dore\u0219te s\u0103 produc\u0103 produse din h\u00e2rtie \u0219i carton de \u00eenalt\u0103 calitate. Acest standard asigur\u0103 metode de testare coerente, oferind produc\u0103torilor un mijloc fiabil de evaluare a con\u021binutului de murd\u0103rie. Conformitatea cu ISO 5350 \u0219i cu standardele conexe spore\u0219te, de asemenea, \u00eencrederea clien\u021bilor, deoarece produsele care \u00eendeplinesc aceste standarde sunt cunoscute pentru calitatea \u0219i fiabilitatea lor superioar\u0103.<\/p>\n<h2><strong>\u00centreb\u0103ri frecvente<\/strong><\/h2>\n<ul>\n<li><strong>Q1: Ce impurit\u0103\u021bi poate detecta Paper Dirt Tester?<\/strong><br \/>\nPDT-01 poate detecta particule de murd\u0103rie \u0219i impurit\u0103\u021bi, cum ar fi petele negre, galbene \u0219i maro, care sunt vizibil distincte de culoarea h\u00e2rtiei.<\/li>\n<li><strong>Q2: De ce este important\u0103 m\u0103surarea murd\u0103riei \u00een industria h\u00e2rtiei \u0219i a cartonului?<\/strong><br \/>\nM\u0103surarea impurit\u0103\u021bilor este esen\u021bial\u0103 pentru asigurarea unor rezultate de imprimare de \u00eenalt\u0103 calitate, deoarece impurit\u0103\u021bile pot compromite calitatea vizual\u0103 \u0219i func\u021bional\u0103 a materialelor imprimate.<\/li>\n<li><strong>Q3: Cum influen\u021beaz\u0103 ISO 5350 standardele de testare a murd\u0103riei?<\/strong><br \/>\nISO 5350 stabile\u0219te repere globale pentru m\u0103surarea murd\u0103riei, oferind consecven\u021b\u0103 \u0219i fiabilitate \u00een metodele de testare pentru produsele din celuloz\u0103, h\u00e2rtie \u0219i carton.<\/li>\n<li><strong>Q4: Poate testul PDT-01 s\u0103 testeze murd\u0103ria at\u00e2t pe h\u00e2rtie cretat\u0103, c\u00e2t \u0219i pe h\u00e2rtie necretat\u0103?<\/strong><br \/>\nDa, PDT-01 este potrivit at\u00e2t pentru h\u00e2rtie acoperit\u0103, c\u00e2t \u0219i pentru h\u00e2rtie neacoperit\u0103, oferind flexibilitate pentru diferite tipuri de h\u00e2rtie \u0219i carton.<\/li>\n<li><strong>\u00ce5: Care sunt cerin\u021bele de iluminare pentru PDT-01 Paper Dirt Tester?<\/strong><br \/>\nPDT-01 este echipat cu o lamp\u0103 fluorescent\u0103 de 20W, care asigur\u0103 o iluminare uniform\u0103 la un unghi de 60\u00b0 pentru o detec\u021bie precis\u0103.<\/li>\n<\/ul>\n<div id=\"gtx-anchor\" style=\"position: absolute; visibility: hidden; left: 414.703px; top: 128.922px; width: 75.7188px; height: 19px;\"><\/div>\n<div class=\"jfk-bubble gtx-bubble\" style=\"visibility: visible; left: -215px; top: 158px; opacity: 1;\" role=\"alertdialog\" aria-describedby=\"bubble-4\">\n<div id=\"bubble-4\" class=\"jfk-bubble-content-id\">\n<div id=\"gtx-host\" style=\"min-width: 200px; max-width: 400px;\"><\/div>\n<\/div>\n<div class=\"jfk-bubble-closebtn-id jfk-bubble-closebtn\" tabindex=\"0\" role=\"button\" aria-label=\"\u00cenchidere\"><\/div>\n<div class=\"jfk-bubble-arrow-id jfk-bubble-arrow jfk-bubble-arrowup\" style=\"left: 452.703px;\">\n<div class=\"jfk-bubble-arrowimplbefore\"><\/div>\n<div class=\"jfk-bubble-arrowimplafter\"><\/div>\n<\/div>\n<\/div>","protected":false},"excerpt":{"rendered":"<p>The <strong>PDT-01 Tester de murd\u0103rie de h\u00e2rtie<\/strong> este un instrument esen\u021bial pentru m\u0103surarea con\u021binutului de murd\u0103rie din h\u00e2rtie \u0219i carton. Proiectat \u00een conformitate cu standarde de calitate stricte, inclusiv <strong>ISO 5350<\/strong>, acest tester ofer\u0103 detectarea precis\u0103 a impurit\u0103\u021bilor pentru a asigura materiale de imprimare \u0219i ambalare de \u00eenalt\u0103 calitate. Prin identificarea impurit\u0103\u021bilor care ar putea degrada aspectul \u0219i performan\u021ba produselor din h\u00e2rtie, PDT-01 \u00eembun\u0103t\u0103\u021be\u0219te controlul calit\u0103\u021bii \u00een industriile \u00een care prezentarea este esen\u021bial\u0103.<\/p>","protected":false},"featured_media":6189,"comment_status":"closed","ping_status":"closed","template":"","meta":{"site-sidebar-layout":"default","site-content-layout":"default","ast-global-header-display":"","ast-main-header-display":"","ast-hfb-above-header-display":"","ast-hfb-below-header-display":"","ast-hfb-mobile-header-display":"","site-post-title":"","ast-breadcrumbs-content":"","ast-featured-img":"","footer-sml-layout":"","theme-transparent-header-meta":"default","adv-header-id-meta":"","stick-header-meta":"","header-above-stick-meta":"","header-main-stick-meta":"","header-below-stick-meta":""},"product_cat":[845,953,956,955,1148,954,957,958,952,959,1150,1149,95],"product_tag":[],"class_list":{"0":"post-5283","1":"product","2":"type-product","3":"status-publish","4":"has-post-thumbnail","6":"product_cat-customization","7":"product_cat-bursting-tester","8":"product_cat-cobb-tester","9":"product_cat-crush-tester","10":"product_cat-iso-5350","11":"product_cat-paper-tear-tester","12":"product_cat-plybond-tester","13":"product_cat-puncture-tester","14":"product_cat-rub-tester","15":"product_cat-stiffness-tester","16":"product_cat-tappi-t213","17":"product_cat-tappi-t437","18":"product_cat-products","19":"desktop-align-left","20":"tablet-align-left","21":"mobile-align-left","23":"first","24":"instock","25":"shipping-taxable","26":"product-type-simple"},"_links":{"self":[{"href":"https:\/\/www.qualitester.com\/ro\/wp-json\/wp\/v2\/product\/5283","targetHints":{"allow":["GET"]}}],"collection":[{"href":"https:\/\/www.qualitester.com\/ro\/wp-json\/wp\/v2\/product"}],"about":[{"href":"https:\/\/www.qualitester.com\/ro\/wp-json\/wp\/v2\/types\/product"}],"replies":[{"embeddable":true,"href":"https:\/\/www.qualitester.com\/ro\/wp-json\/wp\/v2\/comments?post=5283"}],"version-history":[{"count":0,"href":"https:\/\/www.qualitester.com\/ro\/wp-json\/wp\/v2\/product\/5283\/revisions"}],"wp:featuredmedia":[{"embeddable":true,"href":"https:\/\/www.qualitester.com\/ro\/wp-json\/wp\/v2\/media\/6189"}],"wp:attachment":[{"href":"https:\/\/www.qualitester.com\/ro\/wp-json\/wp\/v2\/media?parent=5283"}],"wp:term":[{"taxonomy":"product_cat","embeddable":true,"href":"https:\/\/www.qualitester.com\/ro\/wp-json\/wp\/v2\/product_cat?post=5283"},{"taxonomy":"product_tag","embeddable":true,"href":"https:\/\/www.qualitester.com\/ro\/wp-json\/wp\/v2\/product_tag?post=5283"}],"curies":[{"name":"wp","href":"https:\/\/api.w.org\/{rel}","templated":true}]}}