{"id":5154,"date":"2024-10-31T11:51:07","date_gmt":"2024-10-31T03:51:07","guid":{"rendered":"https:\/\/www.qualitester.com\/?post_type=product&#038;p=5154"},"modified":"2025-08-12T11:39:30","modified_gmt":"2025-08-12T03:39:30","slug":"sale-gross-bubble-leak-test-equipment","status":"publish","type":"product","link":"https:\/\/www.qualitester.com\/ro\/produs\/sale-gross-bubble-leak-test-equipment\/","title":{"rendered":"GLT-01 Echipament de testare a scurgerilor cu bule brute"},"content":{"rendered":"<h2>Introducere \u00een echipamentul de testare a scurgerilor cu bule<\/h2>\n<p><strong>Echipament de testare a scurgerilor cu bule<\/strong> este esen\u021bial\u0103 pentru evaluarea integrit\u0103\u021bii sigiliilor ambalajelor, asigur\u00e2nd c\u0103 produsele r\u0103m\u00e2n protejate \u00een timpul depozit\u0103rii \u0219i transportului. Aceast\u0103 metod\u0103 de testare, standardizat\u0103 sub <a href=\"https:\/\/www.qualitester.com\/ro\/standards\/astm-f2096\/\" target=\"_blank\" rel=\"noopener\"><strong data-start=\"558\" data-end=\"572\">ASTM F2096<\/strong><\/a>, detecteaz\u0103 <strong data-start=\"582\" data-end=\"597\">scurgeri brute<\/strong> \u00een ambalaje poroase \u0219i neporoase prin observarea fluxurilor de bule de aer atunci c\u00e2nd ambalajul este presurizat sub ap\u0103. Prin detectarea precis\u0103 a scurgerilor, acest echipament joac\u0103 un rol vital \u00een men\u021binerea calit\u0103\u021bii \u0219i siguran\u021bei produselor \u00een diverse industrii, inclusiv produse farmaceutice, dispozitive medicale, ambalaje alimentare \u0219i altele.<\/p>\n<h2>Importan\u021ba test\u0103rii scurgerilor<\/h2>\n<p>Evaluarea integrit\u0103\u021bii sigiliului ambalajului este esen\u021bial\u0103 pentru a verifica dac\u0103 ambalajul poate asigura protec\u021bia necesar\u0103 a produsului. Testarea scurgerilor ajut\u0103 la evaluarea alternativelor de ambalare durabile \u0219i a op\u021biunilor de ambalare rentabile, precum \u0219i a varia\u021biilor \u00een parametrii de etan\u0219are a liniei de produc\u021bie. Prin men\u021binerea fiabilit\u0103\u021bii sigiliilor ambalajelor, \u00eentreprinderile pot sus\u021bine calitatea \u0219i siguran\u021ba produselor lor, protej\u00e2ndu-\u0219i \u00een cele din urm\u0103 reputa\u021bia m\u0103rcii.<\/p>\n<h2 data-start=\"885\" data-end=\"925\">Aplica\u021bii \u0219i relevan\u021b\u0103 industrial\u0103<\/h2>\n<p data-start=\"926\" data-end=\"1341\">The <strong data-start=\"930\" data-end=\"966\">test de scurgere a bulelor din ambalajul medical<\/strong> este aplicat pe scar\u0103 larg\u0103 \u00een validarea sistemului de barier\u0103 steril\u0103, controlul calit\u0103\u021bii pungilor \u0219i t\u0103vilor \u0219i inspec\u021bia ambalajelor alimentare \u0219i farmaceutice. Industrii precum <strong data-start=\"1132\" data-end=\"1212\">dispozitive medicale, produse farmaceutice, ambalaje \u0219i agen\u021bii de inspec\u021bie a calit\u0103\u021bii<\/strong> se bazeaz\u0103 pe <strong data-start=\"1221\" data-end=\"1250\">testere de bule de scurgere brute<\/strong> pentru a verifica dac\u0103 ambalajele sigilate termic r\u0103m\u00e2n lipsite de contaminare pe toat\u0103 durata lor de valabilitate.<\/p>\n<h2>Prezentare general\u0103 a ASTM F2096<\/h2>\n<h3><strong>Ce este ASTM F2096?<\/strong><\/h3>\n<p><a href=\"https:\/\/www.astm.org\/f2096-11r19.html\" target=\"_blank\" rel=\"noopener nofollow\"><strong>ASTM F2096<\/strong><\/a> este un standard care descrie procedura de detectare a scurgerilor grosolane \u00een materialele de ambalare poroase \u0219i nepermeabile utiliz\u00e2nd presurizarea intern\u0103. Aceast\u0103 metod\u0103 este cunoscut\u0103 sub numele de <strong>test cu bule<\/strong>.<\/p>\n<h3><strong>Metode de testare descrise de ASTM F2096<\/strong><\/h3>\n<p>Standardul ofer\u0103 o abordare sistematic\u0103 pentru identificarea scurgerilor grosiere prin intermediul unui test cu bule, \u00een care se aplic\u0103 o presiune intern\u0103 materialului de ambalare.<\/p>\n<h2 data-start=\"1343\" data-end=\"1378\">Cum func\u021bioneaz\u0103 testul de scurgere cu bule<\/h2>\n<p data-start=\"1379\" data-end=\"1499\">The <strong data-start=\"1383\" data-end=\"1408\">Test de scurgere cu bule ASTM<\/strong> utilizeaz\u0103 presurizarea intern\u0103 pentru a identifica scurgerile cu o precizie ridicat\u0103. Procesul implic\u0103:<\/p>\n<ol>\n<li data-start=\"1504\" data-end=\"1635\"><strong data-start=\"1504\" data-end=\"1526\">Preg\u0103tirea probei<\/strong> - Un punct de intrare controlat este realizat \u00een ambalaj pentru a introduce sursa de aer \u0219i dispozitivul de monitorizare a presiunii.<\/li>\n<li data-start=\"1639\" data-end=\"1725\"><strong data-start=\"1639\" data-end=\"1653\">Scufundare<\/strong> - Pachetul este scufundat aproximativ 25,4 mm (1 inch) sub ap\u0103.<\/li>\n<li data-start=\"1729\" data-end=\"1854\"><strong data-start=\"1729\" data-end=\"1747\">Presurizare<\/strong> - Aerul este introdus p\u00e2n\u0103 c\u00e2nd ambalajul atinge un nivel de presiune predeterminat \u00een func\u021bie de tipul de material.<\/li>\n<li data-start=\"1858\" data-end=\"1997\"><strong data-start=\"1858\" data-end=\"1873\">Observa\u021bie<\/strong> - Un flux constant de bule de aer dintr-un anumit loc indic\u0103 o scurgere, cum ar fi canale de etan\u0219are, fisuri sau g\u0103uri.<\/li>\n<li data-start=\"2001\" data-end=\"2064\"><strong data-start=\"2001\" data-end=\"2018\">Documenta\u021bie<\/strong> - Orice punct de e\u0219ec este marcat pentru analiz\u0103.<\/li>\n<\/ol>\n<p data-start=\"2066\" data-end=\"2226\">Sensibilitatea acestei metode este de obicei de p\u00e2n\u0103 la <strong data-start=\"2118\" data-end=\"2128\">250 \u03bcm<\/strong>, precizia metodei depinz\u00e2nd de set\u0103rile corecte ale presiunii de testare \u0219i de stabilitatea fluxului de aer.<\/p>\n<h2 data-start=\"2228\" data-end=\"2275\">Metode de testare pentru diferite tipuri de ambalaje<\/h2>\n<p data-start=\"2276\" data-end=\"2340\">\u00cen conformitate cu <strong data-start=\"2289\" data-end=\"2303\">ASTM F2096<\/strong>, exist\u0103 dou\u0103 proceduri principale:<\/p>\n<ul>\n<li data-start=\"2344\" data-end=\"2454\"><strong data-start=\"2344\" data-end=\"2367\">Ambalaje neporoase<\/strong> - Pachetul este umflat direct sub ap\u0103 \u0219i inspectat pe ambele p\u0103r\u021bi pentru scurgeri.<\/li>\n<li data-start=\"2457\" data-end=\"2602\"><strong data-start=\"2457\" data-end=\"2477\">Ambalaje poroase<\/strong> - Se poate aplica un agent de blocare, iar timpul de sta\u021bionare suplimentar sub ap\u0103 permite saturarea materialului \u00eenainte de inspec\u021bie.<\/li>\n<\/ul>\n<p data-start=\"2604\" data-end=\"2696\">Ambele metode sunt <strong data-start=\"2621\" data-end=\"2642\">teste distructive<\/strong>, ceea ce \u00eenseamn\u0103 c\u0103 pachetul testat nu poate fi utilizat ulterior.<\/p>\n<h2>Alte standarde ASTM relevante<\/h2>\n<ul>\n<li><a href=\"https:\/\/www.qualitester.com\/ro\/standards\/astm-d3078\/\" target=\"_blank\" rel=\"noopener\"><strong>ASTM D3078<\/strong><\/a>: Acest standard utilizeaz\u0103 testarea emisiilor de bule pentru ambalajele umplute cu gaz \u0219i lichide, ajut\u00e2nd la identificarea scurgerilor care pot compromite integritatea produsului.<\/li>\n<li><a href=\"https:\/\/www.qualitester.com\/ro\/categorie-produs\/astm\/astm-d4991\/\" target=\"_blank\" rel=\"noopener\"><strong>ASTM D4991<\/strong><\/a>: Similar cu D3078, acest standard se concentreaz\u0103 pe testarea emisiilor de bule pentru recipientele rigide goale.<\/li>\n<li><strong>ASTM F2338<\/strong>: Acest standard utilizeaz\u0103 metode de testare a descompunerii \u00een vid pentru recipiente flexibile \u0219i rigide pentru a evalua integritatea etan\u0219\u0103rii.<\/li>\n<li><strong><a href=\"https:\/\/www.qualitester.com\/ro\/standards\/astm-f2054\/\" target=\"_blank\" rel=\"noopener\">ASTM F2054<\/a>\/<a href=\"https:\/\/www.qualitester.com\/ro\/standards\/astm-f1140\/\" target=\"_blank\" rel=\"noopener\">F1140<\/a><\/strong>: Aceste standarde prezint\u0103 metodele de testare a c\u0103derii sub presiune pentru diferite tipuri de ambalaje, inclusiv forme flexibile, rigide \u0219i tubulare.<\/li>\n<\/ul>\n<h2>Caracteristici tehnice<\/h2>\n<ul>\n<li><strong>Unitate controlat\u0103 de PLC<\/strong>: Echipamentul nostru de testare a scurgerilor cu bule este proiectat cu stabilitate la nivel industrial, av\u00e2nd o unitate controlat\u0103 de PLC pentru performan\u021be constante.<\/li>\n<li><strong>Operare cu ecran tactil HMI<\/strong>: Interfa\u021b\u0103 u\u0219or de utilizat pentru operarea \u0219i monitorizarea u\u0219oar\u0103 a parametrilor de testare.<\/li>\n<li><strong>Aprovizionare stabil\u0103 cu gaz<\/strong>: Asigur\u0103 o alimentare fiabil\u0103 \u0219i constant\u0103 cu gaz \u00een timpul test\u0103rii.<\/li>\n<li><strong>Integrare op\u021bional\u0103<\/strong>: Echipamentul poate fi integrat cu metodele de testare a sc\u0103derii presiunii pentru capacit\u0103\u021bi de testare \u00eembun\u0103t\u0103\u021bite.<\/li>\n<\/ul>\n<h2>Parametrii principali<\/h2>\n<table>\n<tbody>\n<tr>\n<td width=\"130\">Intervalul de testare<\/td>\n<td width=\"207\">0~30KPa (sau dup\u0103 cum este necesar)<\/td>\n<\/tr>\n<tr>\n<td width=\"130\">Camera Acrilic<\/td>\n<td width=\"207\">34*20*15cm LWH<\/td>\n<\/tr>\n<tr>\n<td width=\"130\">Aer comprimat<\/td>\n<td width=\"207\">0,6MPa (Preg\u0103tit de utilizator)<\/td>\n<\/tr>\n<tr>\n<td width=\"130\">Putere<\/td>\n<td width=\"207\">110~220V 50\/60Hz<\/td>\n<\/tr>\n<\/tbody>\n<\/table>\n<p>Echipamentul de testare a scurgerilor de bule este esen\u021bial pentru asigurarea integrit\u0103\u021bii sigiliilor ambalajelor, fiind un instrument indispensabil pentru asigurarea calit\u0103\u021bii \u00een diverse industrii. Aleg\u00e2nd solu\u021biile de testare a scurgerilor de bule ale Cell Instruments, pute\u021bi spori fiabilitatea ambalajelor dvs. \u0219i v\u0103 pute\u021bi proteja produsele.<\/p>\n<h3>\u00centreb\u0103ri frecvente<\/h3>\n<ol>\n<li><strong>Ce tipuri de ambalaje pot fi testate cu echipamente de testare a scurgerilor cu bule?<\/strong>\n<ul>\n<li>Echipamentul este potrivit at\u00e2t pentru materialele de ambalare poroase, c\u00e2t \u0219i pentru cele nepermeabile, inclusiv pentru recipientele flexibile \u0219i rigide.<\/li>\n<\/ul>\n<\/li>\n<li><strong>Cum func\u021bioneaz\u0103 testul cu bule?<\/strong>\n<ul>\n<li>Testul cu bule implic\u0103 aplicarea unei presiuni interne asupra ambalajului \u00een timp ce acesta este scufundat \u00een ap\u0103. Bulele produse la punctul de scurgere indic\u0103 o defec\u021biune a etan\u0219\u0103rii.<\/li>\n<\/ul>\n<\/li>\n<li><strong>Metoda de testare a scurgerilor cu bule este distructiv\u0103?<\/strong>\n<ul>\n<li>Da, testul de scurgere cu bule este o metod\u0103 distructiv\u0103, ceea ce \u00eenseamn\u0103 c\u0103 poate compromite integritatea ambalajului testat.<\/li>\n<\/ul>\n<\/li>\n<li><strong>Echipamentul poate fi personalizat pentru nevoi specifice de testare?<\/strong>\n<ul>\n<li>Da, suntem specializa\u021bi \u00een personalizarea cerin\u021belor de testare pentru a r\u0103spunde nevoilor dumneavoastr\u0103 specifice.<\/li>\n<\/ul>\n<\/li>\n<li><strong>La ce standarde se conformeaz\u0103 echipamentul de testare a scurgerilor de bule?<\/strong>\n<ul>\n<li>Echipamentul nostru respect\u0103 standardele ASTM F2096 \u0219i alte standarde ASTM relevante pentru testarea etan\u0219eit\u0103\u021bii.<\/li>\n<\/ul>\n<\/li>\n<\/ol>","protected":false},"excerpt":{"rendered":"<p>Echipamentul de testare a scurgerilor cu bule este esen\u021bial pentru evaluarea integrit\u0103\u021bii sigiliilor ambalajelor, asigur\u00e2ndu-se c\u0103 produsele r\u0103m\u00e2n protejate \u00een timpul depozit\u0103rii \u0219i transportului. Prin detectarea precis\u0103 a scurgerilor, acest echipament joac\u0103 un rol esen\u021bial \u00een men\u021binerea calit\u0103\u021bii \u0219i siguran\u021bei produselor \u00een diverse industrii, inclusiv \u00een industria farmaceutic\u0103, a dispozitivelor medicale, a ambalajelor alimentare \u0219i multe altele.<\/p>","protected":false},"featured_media":6150,"comment_status":"closed","ping_status":"closed","template":"","meta":{"site-sidebar-layout":"default","site-content-layout":"default","ast-global-header-display":"","ast-main-header-display":"","ast-hfb-above-header-display":"","ast-hfb-below-header-display":"","ast-hfb-mobile-header-display":"","site-post-title":"","ast-breadcrumbs-content":"","ast-featured-img":"","footer-sml-layout":"","theme-transparent-header-meta":"default","adv-header-id-meta":"","stick-header-meta":"","header-above-stick-meta":"","header-main-stick-meta":"","header-below-stick-meta":""},"product_cat":[675,845,17,149,16,112,95],"product_tag":[],"class_list":{"0":"post-5154","1":"product","2":"type-product","3":"status-publish","4":"has-post-thumbnail","6":"product_cat-leak-tester","7":"product_cat-customization","8":"product_cat-package-container-testers","9":"product_cat-pharma-and-medical-testers","10":"product_cat-plastic-packaging-testers","11":"product_cat-astm-f2096","12":"product_cat-products","13":"desktop-align-left","14":"tablet-align-left","15":"mobile-align-left","17":"first","18":"instock","19":"shipping-taxable","20":"product-type-simple"},"_links":{"self":[{"href":"https:\/\/www.qualitester.com\/ro\/wp-json\/wp\/v2\/product\/5154","targetHints":{"allow":["GET"]}}],"collection":[{"href":"https:\/\/www.qualitester.com\/ro\/wp-json\/wp\/v2\/product"}],"about":[{"href":"https:\/\/www.qualitester.com\/ro\/wp-json\/wp\/v2\/types\/product"}],"replies":[{"embeddable":true,"href":"https:\/\/www.qualitester.com\/ro\/wp-json\/wp\/v2\/comments?post=5154"}],"version-history":[{"count":0,"href":"https:\/\/www.qualitester.com\/ro\/wp-json\/wp\/v2\/product\/5154\/revisions"}],"wp:featuredmedia":[{"embeddable":true,"href":"https:\/\/www.qualitester.com\/ro\/wp-json\/wp\/v2\/media\/6150"}],"wp:attachment":[{"href":"https:\/\/www.qualitester.com\/ro\/wp-json\/wp\/v2\/media?parent=5154"}],"wp:term":[{"taxonomy":"product_cat","embeddable":true,"href":"https:\/\/www.qualitester.com\/ro\/wp-json\/wp\/v2\/product_cat?post=5154"},{"taxonomy":"product_tag","embeddable":true,"href":"https:\/\/www.qualitester.com\/ro\/wp-json\/wp\/v2\/product_tag?post=5154"}],"curies":[{"name":"wp","href":"https:\/\/api.w.org\/{rel}","templated":true}]}}