{"id":5149,"date":"2024-10-31T11:42:15","date_gmt":"2024-10-31T03:42:15","guid":{"rendered":"https:\/\/www.qualitester.com\/?post_type=product&#038;p=5149"},"modified":"2024-12-04T16:20:18","modified_gmt":"2024-12-04T08:20:18","slug":"sale-film-friction-peel-tester","status":"publish","type":"product","link":"https:\/\/www.qualitester.com\/ro\/produs\/sale-film-friction-peel-tester\/","title":{"rendered":"FPT-01 Tester de fric\u021biune\/elipire a filmului"},"content":{"rendered":"<h2>Introducerea testerului de fric\u021biune\/pelicul\u0103 a filmului<\/h2>\n<p>Aparatul de testare a frec\u0103rii\/dezprinderii filmelor este un instrument avansat conceput pentru m\u0103surarea precis\u0103 a frec\u0103rii \u0219i a rezisten\u021bei la dezlipire pe o gam\u0103 larg\u0103 de materiale. Cu aplica\u021bii \u00een industrii precum ambalaje, dispozitive medicale, produse farmaceutice \u0219i textile, acest dispozitiv versatil joac\u0103 un rol crucial \u00een controlul calit\u0103\u021bii, dezvoltarea produselor \u0219i cercetare.<\/p>\n<h2>Caracteristicile principale ale testerului de fric\u021biune\/pelicul\u0103 a filmului<\/h2>\n<h3>Testarea COF<\/h3>\n<p>Acest tester m\u0103soar\u0103 cu exactitate coeficien\u021bii de frecare statici \u0219i cinetici, esen\u021biali pentru \u00een\u021belegerea interac\u021biunilor dintre materiale.<\/p>\n<h3>Testarea peelingului<\/h3>\n<p>De asemenea, efectueaz\u0103 teste de for\u021b\u0103 de desprindere delicat\u0103 pe diverse materiale, inclusiv h\u00e2rtii deta\u0219abile, benzi adezive \u0219i folii de protec\u021bie.<\/p>\n<h2>Specifica\u021bii tehnice<\/h2>\n<ul>\n<li>Proiectarea sistemului: Testerul include o pozi\u021bie fix\u0103 a celulei de sarcin\u0103 cu un capac de protec\u021bie, asigur\u00e2nd func\u021bionarea \u00een siguran\u021b\u0103. Mecanismul saniei faciliteaz\u0103 testarea precis\u0103, \u00een care probele sunt fixate \u00een siguran\u021b\u0103, iar for\u021bele de desprindere sunt \u00eenregistrate \u00een timpul separ\u0103rii.<\/li>\n<li>Interfa\u021b\u0103 u\u0219or de utilizat: Dispun\u00e2nd de un sistem controlat de PLC, Testerul de fric\u021biune \/ pelicul\u0103 de film func\u021bioneaz\u0103 prin intermediul unui ecran tactil HMI intuitiv, facilit\u00e2nd navigarea \u0219i operarea utilizatorilor.<\/li>\n<\/ul>\n<h3>Parametru principal<\/h3>\n<table>\n<tbody>\n<tr>\n<td width=\"156\">Gama de for\u021be<\/td>\n<td width=\"152\">5 N ( sau dup\u0103 cum este necesar)<\/td>\n<\/tr>\n<tr>\n<td width=\"156\">Acurate\u021be<\/td>\n<td width=\"152\">\u00b10,5%<\/td>\n<\/tr>\n<tr>\n<td width=\"156\">Rezolu\u021bie<\/td>\n<td width=\"152\">0.001N<\/td>\n<\/tr>\n<tr>\n<td width=\"156\">Domeniu de deplasare<\/td>\n<td width=\"152\">0,1 ~ 95 mm<\/td>\n<\/tr>\n<tr>\n<td width=\"156\">Acurate\u021be<\/td>\n<td width=\"152\">\u00b10,1 mm<\/td>\n<\/tr>\n<tr>\n<td width=\"156\">Intervalul de temperatur\u0103<\/td>\n<td width=\"152\">Ambient ~ 210\u00b0C<\/td>\n<\/tr>\n<tr>\n<td width=\"156\">Acurate\u021be<\/td>\n<td width=\"152\">\u00b10.5\u00b0C<\/td>\n<\/tr>\n<tr>\n<td width=\"156\">Nr. de specimene<\/td>\n<td width=\"152\">2<\/td>\n<\/tr>\n<tr>\n<td width=\"156\">Dimensiunea e\u0219antionului<\/td>\n<td width=\"152\">110*15 mm, L*W<\/td>\n<\/tr>\n<tr>\n<td width=\"156\">Surs\u0103 de alimentare<\/td>\n<td width=\"152\">220V 50Hz<\/td>\n<\/tr>\n<\/tbody>\n<\/table>\n<h2>Conformitatea cu standardele din industrie<\/h2>\n<ul>\n<li><a href=\"https:\/\/www.astm.org\/d1894-14.html\" target=\"_blank\" rel=\"noopener nofollow\"><strong>ASTM D1894<\/strong><\/a>: Coeficientul de frecare pentru materiale plastice<\/li>\n<li><strong>ASTM D3330<\/strong>: Aderen\u021ba la desprindere pentru banda sensibil\u0103 la presiune (180\u00b0)<\/li>\n<li><strong>ISO 8295<\/strong>: Coeficientul de frecare pentru materiale plastice, asigurarea calit\u0103\u021bii materialelor \u00een produc\u021bie.<\/li>\n<li><strong>TAPPI T816<\/strong>: Coeficient de frecare pentru carton ondulat \u0219i carton.<\/li>\n<li><strong>TAPPI T549<\/strong>: Coeficient de frecare pentru h\u00e2rtia de scris \u0219i de imprimat neacoperit\u0103.<\/li>\n<\/ul>\n<h2>Aplica\u021bii ale aparatului de testare a fric\u021biunii\/peliculei de film<\/h2>\n<p>Aparatul de testare a fric\u021biunii\/peliculei filmului este utilizat \u00een diverse sectoare, inclusiv:<\/p>\n<ol>\n<li><strong>Ambalaje<\/strong>: Asigurarea c\u0103 materialele de ambalare \u00eendeplinesc standardele de performan\u021b\u0103.<\/li>\n<li><strong>Adeziv<\/strong>: Testarea adezivilor \u0219i a materialelor de barier\u0103 pentru fiabilitate.<\/li>\n<li><strong>Industria alimentar\u0103<\/strong>: Evaluarea rezisten\u021bei garniturii \u0219i a interac\u021biunii materialelor pentru siguran\u021b\u0103 \u0219i calitate.<\/li>\n<li><strong>Textile<\/strong> <strong>\u0219i de consum<\/strong> <strong>Bunuri<\/strong>: Evaluarea propriet\u0103\u021bilor materialelor pentru a spori durabilitatea \u0219i func\u021bionalitatea produselor.<\/li>\n<\/ol>\n<h2>Avantajele aparatului de testare a fric\u021biunii\/peliculei de film<\/h2>\n<ul>\n<li><strong>Performan\u021b\u0103 \u00eembun\u0103t\u0103\u021bit\u0103 a produsului<\/strong>: Prin m\u0103surarea precis\u0103 a rezisten\u021bei la frecare \u0219i exfoliere, produc\u0103torii pot \u00eembun\u0103t\u0103\u021bi calitatea \u0219i durabilitatea produselor.<\/li>\n<li><strong>Analiza datelor \u00een timp real<\/strong>: Sistemul ofer\u0103 rezultate imediate, inclusiv reprezent\u0103ri grafice ale datelor pentru o interpretare u\u0219oar\u0103.<\/li>\n<li><strong>Caracteristici avansate<\/strong>: Func\u021bionalit\u0103\u021bile suplimentare includ imprimare integrat\u0103 \u0219i software op\u021bional pentru gestionarea complet\u0103 a datelor.<\/li>\n<\/ul>\n<p>The <strong><a href=\"https:\/\/www.qualitester.com\/ro\/produs\/coefficient-of-friction-tester-cof-01\/\" target=\"_blank\" rel=\"noopener\">Fric\u021biunea filmului<\/a>\/Peel Tester<\/strong> este un instrument esen\u021bial pentru orice organiza\u021bie axat\u0103 pe calitatea materialelor \u0219i conformitatea cu standardele industriale. Oferind m\u0103sur\u0103tori precise \u0219i ader\u00e2nd la protocoalele de testare recunoscute, acest tester sprijin\u0103 produc\u0103torii \u00een ob\u021binerea unei performan\u021be optime a produselor. Explora\u021bi ast\u0103zi capacit\u0103\u021bile testerului de fric\u021biune\/elipire a filmului pentru a v\u0103 asigura c\u0103 materialele dvs. \u00eendeplinesc cele mai \u00eenalte standarde de calitate.<\/p>\n<h2>Produse conexe<\/h2>\n<blockquote class=\"wp-embedded-content\" data-secret=\"hdCaSFydsl\"><p><a href=\"https:\/\/www.qualitester.com\/ro\/produs\/coefficient-of-friction-tester-cof-01\/\">COF-01 Tester de coeficient de frecare<\/a><\/p><\/blockquote>\n<p><iframe class=\"wp-embedded-content\" sandbox=\"allow-scripts\" security=\"restricted\" style=\"position: absolute; visibility: hidden;\" title=\"\u300a COF-01 Coefficient of Friction Tester \u300b\u2014Material Quality Tester\" src=\"https:\/\/www.qualitester.com\/product\/coefficient-of-friction-tester-cof-01\/embed\/#?secret=KfrAZiIKcT#?secret=hdCaSFydsl\" data-secret=\"hdCaSFydsl\" width=\"500\" height=\"282\" frameborder=\"0\" marginwidth=\"0\" marginheight=\"0\" scrolling=\"no\"><\/iframe><\/p>","protected":false},"excerpt":{"rendered":"<p>Aparatul de testare a frec\u0103rii\/dezprinderii filmelor este un instrument avansat conceput pentru m\u0103surarea precis\u0103 a frec\u0103rii \u0219i a rezisten\u021bei la dezlipire pe o gam\u0103 larg\u0103 de materiale. Cu aplica\u021bii \u00een industrii precum ambalaje, dispozitive medicale, produse farmaceutice \u0219i textile, acest dispozitiv versatil joac\u0103 un rol crucial \u00een controlul calit\u0103\u021bii, dezvoltarea produselor \u0219i cercetare.<\/p>","protected":false},"featured_media":6139,"comment_status":"closed","ping_status":"closed","template":"","meta":{"site-sidebar-layout":"default","site-content-layout":"default","ast-global-header-display":"","ast-main-header-display":"","ast-hfb-above-header-display":"","ast-hfb-below-header-display":"","ast-hfb-mobile-header-display":"","site-post-title":"","ast-breadcrumbs-content":"","ast-featured-img":"","footer-sml-layout":"","theme-transparent-header-meta":"default","adv-header-id-meta":"","stick-header-meta":"","header-above-stick-meta":"","header-main-stick-meta":"","header-below-stick-meta":""},"product_cat":[945,953,956,955,845,954,957,958,952,959,1063,1062,683,681,106,126,132,170,171,95],"product_tag":[],"class_list":{"0":"post-5149","1":"product","2":"type-product","3":"status-publish","4":"has-post-thumbnail","6":"product_cat-180-peeling-tester","7":"product_cat-bursting-tester","8":"product_cat-cobb-tester","9":"product_cat-crush-tester","10":"product_cat-customization","11":"product_cat-paper-tear-tester","12":"product_cat-plybond-tester","13":"product_cat-puncture-tester","14":"product_cat-rub-tester","15":"product_cat-stiffness-tester","16":"product_cat-tappi-t549","17":"product_cat-tappi-t816","18":"product_cat-coefficient-of-friction-tester","19":"product_cat-peel-tester","20":"product_cat-astm-d1894","21":"product_cat-astm-d3330","22":"product_cat-astm-d4917","23":"product_cat-iso-8295","24":"product_cat-iso-8510-2","25":"product_cat-products","26":"desktop-align-left","27":"tablet-align-left","28":"mobile-align-left","30":"first","31":"instock","32":"shipping-taxable","33":"product-type-simple"},"_links":{"self":[{"href":"https:\/\/www.qualitester.com\/ro\/wp-json\/wp\/v2\/product\/5149","targetHints":{"allow":["GET"]}}],"collection":[{"href":"https:\/\/www.qualitester.com\/ro\/wp-json\/wp\/v2\/product"}],"about":[{"href":"https:\/\/www.qualitester.com\/ro\/wp-json\/wp\/v2\/types\/product"}],"replies":[{"embeddable":true,"href":"https:\/\/www.qualitester.com\/ro\/wp-json\/wp\/v2\/comments?post=5149"}],"version-history":[{"count":0,"href":"https:\/\/www.qualitester.com\/ro\/wp-json\/wp\/v2\/product\/5149\/revisions"}],"wp:featuredmedia":[{"embeddable":true,"href":"https:\/\/www.qualitester.com\/ro\/wp-json\/wp\/v2\/media\/6139"}],"wp:attachment":[{"href":"https:\/\/www.qualitester.com\/ro\/wp-json\/wp\/v2\/media?parent=5149"}],"wp:term":[{"taxonomy":"product_cat","embeddable":true,"href":"https:\/\/www.qualitester.com\/ro\/wp-json\/wp\/v2\/product_cat?post=5149"},{"taxonomy":"product_tag","embeddable":true,"href":"https:\/\/www.qualitester.com\/ro\/wp-json\/wp\/v2\/product_tag?post=5149"}],"curies":[{"name":"wp","href":"https:\/\/api.w.org\/{rel}","templated":true}]}}