{"id":5134,"date":"2024-10-30T17:11:11","date_gmt":"2024-10-30T09:11:11","guid":{"rendered":"https:\/\/www.qualitester.com\/?post_type=product&#038;p=5134"},"modified":"2024-12-05T13:39:49","modified_gmt":"2024-12-05T05:39:49","slug":"sale-bag-compression-tester","status":"publish","type":"product","link":"https:\/\/www.qualitester.com\/ro\/produs\/sale-bag-compression-tester\/","title":{"rendered":"Tester de compresie PCT-01"},"content":{"rendered":"<h2><strong>Introducere la testerul de compresie pentru pungi<\/strong><\/h2>\n<p>Testerul de compresie pentru pungi este un instrument vital pentru asigurarea calit\u0103\u021bii materialelor de ambalare. Deoarece integritatea ambalajului este esen\u021bial\u0103 pentru asigurarea siguran\u021bei \u0219i eficacit\u0103\u021bii produselor, acest instrument joac\u0103 un rol crucial \u00een diverse industrii, inclusiv \u00een industria alimentar\u0103, farmaceutic\u0103, cosmetic\u0103 \u0219i a ambalajelor medicale. Conceput pentru a evalua durabilitatea \u0219i performan\u021ba diferitelor materiale de ambalare, testerul de compresie pentru pungi asigur\u0103 c\u0103 produsele pot rezista rigorilor transportului \u0219i depozit\u0103rii.<\/p>\n<h2><strong>Aplicarea testerului de compresie pentru pungi<\/strong><\/h2>\n<p>Acest instrument versatil \u0219i precis este proiectat pentru a evalua rezisten\u021ba la presiune a unei game largi de materiale de ambalare. Este deosebit de eficient pentru testarea ambalajelor cu film compozit, pungilor de perfuzie, flacoanelor de perfuzie din plastic, pungilor de s\u00e2nge, pungilor de ghea\u021b\u0103 \u0219i a diferitelor recipiente. Prin simularea condi\u021biilor din lumea real\u0103, testerul de compresie pentru pungi ajut\u0103 produc\u0103torii s\u0103 men\u021bin\u0103 integritatea produselor \u0219i conformitatea cu standardele din industrie, reduc\u00e2nd astfel riscul de defec\u021biuni ale ambalajelor care ar putea duce la rechem\u0103ri costisitoare sau la probleme de siguran\u021b\u0103.<\/p>\n<h2><strong>Principiul de testare<\/strong><\/h2>\n<h3><strong>Plasament<\/strong><\/h3>\n<p>Procesul de testare \u00eencepe cu plasarea materialului de prob\u0103 \u00een siguran\u021b\u0103 \u00eentre pl\u0103cile de presiune superioar\u0103 \u0219i inferioar\u0103 ale testerului. Acest lucru asigur\u0103 rezultate precise \u0219i consecvente \u00een timpul testului de compresie.<\/p>\n<h3><strong>Compresie<\/strong><\/h3>\n<p>Odat\u0103 ce e\u0219antionul este \u00een pozi\u021bie, placa de presiune superioar\u0103 este activat\u0103 pentru a se deplasa \u00een jos \u00eempotriva materialului de ambalare. Aceast\u0103 ac\u021biune simuleaz\u0103 presiunile externe pe care ambalajul le poate \u00eent\u00e2mpina \u00een timpul manipul\u0103rii, transportului \u0219i depozit\u0103rii, permi\u021b\u00e2nd o evaluare realist\u0103 a rezisten\u021bei materialului.<\/p>\n<h3><strong>M\u0103surarea for\u021bei<\/strong><\/h3>\n<p>Pe m\u0103sur\u0103 ce are loc compresia, for\u021ba exercitat\u0103 de placa de presiune inferioar\u0103 este m\u0103surat\u0103 \u00een timp real. Aceste date sunt esen\u021biale pentru evaluarea performan\u021bei de spargere a probei \u0219i a capacit\u0103\u021bii sale de a rezista la o presiune constant\u0103. Informa\u021biile ob\u021binute \u00een urma acestor m\u0103sur\u0103tori \u00eei informeaz\u0103 pe produc\u0103tori cu privire la adecvarea diferitelor materiale \u0219i modele \u00een condi\u021bii de stres.<\/p>\n<h2><strong>Metode de testare<\/strong><\/h2>\n<h3><strong>Test de compresie a pachetului<\/strong><\/h3>\n<p>Testul de compresie a pachetului face parte integrant\u0103 din protocolul general de testare. Testerul de compresie pentru pungi ofer\u0103 dou\u0103 moduri principale de testare: for\u021b\u0103 maxim\u0103 de spargere \u0219i rezisten\u021b\u0103 la presiune constant\u0103. Aceste metode furnizeaz\u0103 date esen\u021biale privind rezisten\u021ba diferitelor materiale de ambalare la for\u021be externe, ceea ce este esen\u021bial pentru asigurarea siguran\u021bei produselor \u0219i a conformit\u0103\u021bii cu standardele din industrie.<\/p>\n<h3><strong>Caracteristici tehnice<\/strong><\/h3>\n<ol>\n<li><strong>Ecran tactil HMI u\u0219or de utilizat<\/strong>: Simplific\u0103 setarea parametrilor \u0219i opera\u021biunea de testare pentru o utilizare u\u0219oar\u0103.<\/li>\n<li><strong>Sistem de control PLC de nivel industrial<\/strong>: Asigur\u0103 un control fiabil \u0219i precis \u00een timpul test\u0103rii.<\/li>\n<li><strong>Dou\u0103 moduri de testare<\/strong>: Op\u021biuni pentru for\u021b\u0103 maxim\u0103 de spargere \u0219i rezisten\u021b\u0103 la presiune constant\u0103.<\/li>\n<li><strong>Compensarea automat\u0103 a presiunii constante<\/strong>: Regleaz\u0103 presiunea \u00een mod dinamic pentru a men\u021bine precizia testului.<\/li>\n<li><strong>Date statistice<\/strong>: Colectarea \u0219i analiza automat\u0103 a datelor pentru o raportare simplificat\u0103.<\/li>\n<li><strong>Dispozitiv de colectare a lichidelor<\/strong>: Previne contaminarea \u00een timpul ruperii probei.<\/li>\n<li><strong>Dimensiuni de testare non-standard personalizabile<\/strong>: Adapteaz\u0103 capacit\u0103\u021bile de testare pentru a r\u0103spunde nevoilor specifice.<\/li>\n<li><strong>Port RS232 op\u021bional \u0219i software<\/strong>: Ofer\u0103 op\u021biuni avansate de analiz\u0103 \u0219i integrare a datelor.<\/li>\n<\/ol>\n<h3><strong>Parametrii principali<\/strong><\/h3>\n<table>\n<tbody>\n<tr>\n<td style=\"text-align: center;\" width=\"175\">Interval de m\u0103surare<\/td>\n<td style=\"text-align: center;\" width=\"277\">2000N (alte op\u021bionale)<\/td>\n<\/tr>\n<tr>\n<td style=\"text-align: center;\" width=\"175\">Precizia m\u0103sur\u0103rii<\/td>\n<td style=\"text-align: center;\" width=\"277\">0.5%<\/td>\n<\/tr>\n<tr>\n<td style=\"text-align: center;\" width=\"175\">Interval de timp<\/td>\n<td style=\"text-align: center;\" width=\"277\">0~10000S<\/td>\n<\/tr>\n<tr>\n<td style=\"text-align: center;\" width=\"175\">Dimensiunea platinei<\/td>\n<td style=\"text-align: center;\" width=\"277\">250mm*300mm (poate fi personalizat)<\/td>\n<\/tr>\n<tr>\n<td style=\"text-align: center;\" width=\"175\">Surs\u0103 de alimentare<\/td>\n<td style=\"text-align: center;\" width=\"277\">220V, 50HZ<\/td>\n<\/tr>\n<tr>\n<td style=\"text-align: center;\" width=\"175\">Dimensiune<\/td>\n<td style=\"text-align: center;\" width=\"277\">460mm*410mm*590mm<\/td>\n<\/tr>\n<\/tbody>\n<\/table>\n<h2><strong>\u00centreb\u0103ri frecvente<\/strong><\/h2>\n<ol>\n<li><strong>Ce tipuri de materiale poate evalua Bag Compression Tester?<\/strong>\n<ul>\n<li>Testerul poate evalua o varietate de materiale, inclusiv filme compozite, pungi de plastic \u0219i recipiente utilizate \u00een industria alimentar\u0103, farmaceutic\u0103 \u0219i cosmetic\u0103.<\/li>\n<\/ul>\n<\/li>\n<li><strong>Prin ce difer\u0103 testul de compresie a pachetelor de alte teste de compresie?<\/strong>\n<ul>\n<li>Testul de compresie a ambalajului evalueaz\u0103 \u00een mod specific capacitatea ambalajului de a rezista for\u021belor care pot fi \u00eent\u00e2lnite \u00een timpul transportului \u0219i depozit\u0103rii, concentr\u00e2ndu-se pe aplica\u021bii din lumea real\u0103.<\/li>\n<\/ul>\n<\/li>\n<li><strong>Testerul de compresie pentru pungi poate fi personalizat pentru cerin\u021be de testare specifice?<\/strong>\n<ul>\n<li>Da, testerul de compresie pentru pungi poate fi personalizat pentru a se potrivi dimensiunilor de testare non-standard \u0219i materialelor specifice.<\/li>\n<\/ul>\n<\/li>\n<li><strong>Care este for\u021ba maxim\u0103 pe care o poate m\u0103sura testerul?<\/strong>\n<ul>\n<li>Domeniul de m\u0103surare standard este de 2000N, cu op\u021biuni disponibile pentru capacit\u0103\u021bi mai mari.<\/li>\n<\/ul>\n<\/li>\n<li><strong>Cum \u00eembun\u0103t\u0103\u021be\u0219te colectarea datelor \u00een timp real acurate\u021bea test\u0103rii?<\/strong>\n<ul>\n<li>Colectarea datelor \u00een timp real permite analiza imediat\u0103 a performan\u021belor materialelor supuse stresului, sporind precizia \u0219i fiabilitatea rezultatelor testelor.<\/li>\n<\/ul>\n<\/li>\n<\/ol>\n<p>Testerul de compresie pentru pungi este esen\u021bial pentru \u00eembun\u0103t\u0103\u021birea calit\u0103\u021bii ambalajelor \u0219i pentru asigurarea faptului c\u0103 produsele pot rezista la diverse presiuni \u00een timpul transportului. Investind \u00een acest echipament de testare de ultim\u0103 genera\u021bie, produc\u0103torii pot reduce semnificativ riscul de defec\u021biuni ale ambalajelor, \u00ee\u0219i pot proteja produsele \u0219i \u00ee\u0219i pot men\u021bine reputa\u021bia pe pia\u021b\u0103.<\/p>","protected":false},"excerpt":{"rendered":"<p>Testerul de compresie pentru pungi este un instrument vital pentru asigurarea calit\u0103\u021bii materialelor de ambalare. Deoarece integritatea ambalajului este esen\u021bial\u0103 pentru asigurarea siguran\u021bei \u0219i eficacit\u0103\u021bii produselor, acest instrument joac\u0103 un rol crucial \u00een diverse industrii, inclusiv \u00een industria alimentar\u0103, farmaceutic\u0103, cosmetic\u0103 \u0219i a ambalajelor medicale. Conceput pentru a evalua durabilitatea \u0219i performan\u021ba diferitelor materiale de ambalare, testerul de compresie pentru pungi asigur\u0103 c\u0103 produsele pot rezista rigorilor transportului \u0219i depozit\u0103rii.<\/p>","protected":false},"featured_media":6245,"comment_status":"closed","ping_status":"closed","template":"","meta":{"site-sidebar-layout":"default","site-content-layout":"default","ast-global-header-display":"","ast-main-header-display":"","ast-hfb-above-header-display":"","ast-hfb-below-header-display":"","ast-hfb-mobile-header-display":"","site-post-title":"","ast-breadcrumbs-content":"","ast-featured-img":"","footer-sml-layout":"","theme-transparent-header-meta":"default","adv-header-id-meta":"","stick-header-meta":"","header-above-stick-meta":"","header-main-stick-meta":"","header-below-stick-meta":""},"product_cat":[1069,1068,953,956,955,845,1065,1064,1067,1066,1159,965,954,957,958,952,959,1070,17,149,16,160,161,162,163,164,165,166,167,168,169,170,171,172,173,95],"product_tag":[],"class_list":{"0":"post-5134","1":"product","2":"type-product","3":"status-publish","4":"has-post-thumbnail","6":"product_cat-astm-d4169","7":"product_cat-astm-d642","8":"product_cat-bursting-tester","9":"product_cat-cobb-tester","10":"product_cat-crush-tester","11":"product_cat-customization","12":"product_cat-iso-12048","13":"product_cat-iso-2234","14":"product_cat-iso-2872","15":"product_cat-iso-2874","16":"product_cat-jis-z0212","17":"product_cat-package-compression-tester","18":"product_cat-paper-tear-tester","19":"product_cat-plybond-tester","20":"product_cat-puncture-tester","21":"product_cat-rub-tester","22":"product_cat-stiffness-tester","23":"product_cat-tappi-t804","24":"product_cat-package-container-testers","25":"product_cat-pharma-and-medical-testers","26":"product_cat-plastic-packaging-testers","27":"product_cat-iso-3034","28":"product_cat-iso-37","29":"product_cat-iso-4593","30":"product_cat-iso-5084","31":"product_cat-iso-534","32":"product_cat-iso-6383","33":"product_cat-iso-6710","34":"product_cat-iso-719","35":"product_cat-iso-720","36":"product_cat-iso-7765-1","37":"product_cat-iso-8295","38":"product_cat-iso-8510-2","39":"product_cat-iso-9073-2","40":"product_cat-iso-9187","41":"product_cat-products","42":"desktop-align-left","43":"tablet-align-left","44":"mobile-align-left","46":"first","47":"instock","48":"shipping-taxable","49":"product-type-simple"},"_links":{"self":[{"href":"https:\/\/www.qualitester.com\/ro\/wp-json\/wp\/v2\/product\/5134","targetHints":{"allow":["GET"]}}],"collection":[{"href":"https:\/\/www.qualitester.com\/ro\/wp-json\/wp\/v2\/product"}],"about":[{"href":"https:\/\/www.qualitester.com\/ro\/wp-json\/wp\/v2\/types\/product"}],"replies":[{"embeddable":true,"href":"https:\/\/www.qualitester.com\/ro\/wp-json\/wp\/v2\/comments?post=5134"}],"version-history":[{"count":0,"href":"https:\/\/www.qualitester.com\/ro\/wp-json\/wp\/v2\/product\/5134\/revisions"}],"wp:featuredmedia":[{"embeddable":true,"href":"https:\/\/www.qualitester.com\/ro\/wp-json\/wp\/v2\/media\/6245"}],"wp:attachment":[{"href":"https:\/\/www.qualitester.com\/ro\/wp-json\/wp\/v2\/media?parent=5134"}],"wp:term":[{"taxonomy":"product_cat","embeddable":true,"href":"https:\/\/www.qualitester.com\/ro\/wp-json\/wp\/v2\/product_cat?post=5134"},{"taxonomy":"product_tag","embeddable":true,"href":"https:\/\/www.qualitester.com\/ro\/wp-json\/wp\/v2\/product_tag?post=5134"}],"curies":[{"name":"wp","href":"https:\/\/api.w.org\/{rel}","templated":true}]}}