{"id":5131,"date":"2024-10-30T17:07:00","date_gmt":"2024-10-30T09:07:00","guid":{"rendered":"https:\/\/www.qualitester.com\/?post_type=product&#038;p=5131"},"modified":"2026-04-22T12:02:56","modified_gmt":"2026-04-22T04:02:56","slug":"sale-yogurt-container-lid-film-peel-tester","status":"publish","type":"product","link":"https:\/\/www.qualitester.com\/ro\/produs\/sale-yogurt-container-lid-film-peel-tester\/","title":{"rendered":"CCPT-01 Tester de decojire a paharelor \u0219i recipientelor"},"content":{"rendered":"<h2><strong>Introducere<\/strong><\/h2>\n<p>The <strong>Tester de \u00eendep\u0103rtare a filmului de pe capacul recipientului pentru iaurt<\/strong> este un instrument esen\u021bial pentru m\u0103surarea rezisten\u021bei mecanice de etan\u0219are a capacelor recipientelor de iaurt. Acest tester asigur\u0103 integritatea produsului \u0219i siguran\u021ba consumatorilor prin evaluarea for\u021belor necesare pentru desprinderea capacului de pe recipient. \u00centr-o industrie \u00een care calitatea ambalajelor are un impact direct asupra \u00eencrederii consumatorilor, acest aparat de testare joac\u0103 un rol crucial \u00een sectorul ambalajelor alimentare.<\/p>\n<h2><strong>Prezentare general\u0103 a standardelor<\/strong><\/h2>\n<h3><strong><a href=\"https:\/\/www.qualitester.com\/ro\/standards\/astm-f2824\/\" target=\"_blank\" rel=\"noopener\">ASTM F2824<\/a>: Metoda de testare standard pentru testarea rezisten\u021bei mecanice a garniturilor<\/strong><\/h3>\n<p><a href=\"https:\/\/www.qualitester.com\/ro\/categorie-produs\/astm\/astm-f2824\/\" target=\"_blank\" rel=\"noopener\">ASTM F2824<\/a> este un standard recunoscut care prezint\u0103 metodologia de evaluare a rezisten\u021bei mecanice a etan\u0219\u0103rii recipientelor rotunde \u0219i a recipientelor tip castron echipate cu capace flexibile deta\u0219abile. Acest standard ofer\u0103 instruc\u021biuni detaliate pentru efectuarea testelor de exfoliere, subliniind importan\u021ba efectu\u0103rii testelor \u00een condi\u021bii constante. Unghiul tipic de tragere pentru aceste teste este de 45 de grade; cu toate acestea, metoda permite alte unghiuri pentru a se adapta diferitelor cerin\u021be de testare.<\/p>\n<h3><strong>Alte standarde relevante<\/strong><\/h3>\n<p>\u00cen plus fa\u021b\u0103 de ASTM F2824, standardul <strong>Tester de \u00eendep\u0103rtare a filmului de pe capacul recipientului pentru iaurt<\/strong> ader\u0103 la ISO 17480, care ghideaz\u0103 \u00een continuare testarea rezisten\u021bei sigiliilor mecanice ale materialelor de ambalare. Aceste standarde asigur\u0103 alinierea procesului de testare la m\u0103surile globale de asigurare a calit\u0103\u021bii.<\/p>\n<h2><strong>Aplica\u021bie<\/strong><\/h2>\n<p>The <strong>Tester de \u00eendep\u0103rtare a filmului de pe capacul recipientului pentru iaurt<\/strong> este conceput special pentru recipientele de iaurt, dar este suficient de versatil pentru a g\u0103zdui o varietate de tipuri de ambalaje, inclusiv m\u00e2nc\u0103ruri gata preparate, creme \u0219i alte produse alimentare \u00een recipiente rigide sau semi-rigide. Capacitatea de a testa mai multe forme de recipiente - rotunde, ovale \u0219i dreptunghiulare - asigur\u0103 faptul c\u0103 produc\u0103torii pot men\u021bine standarde ridicate de calitate pentru toate liniile lor de produse.<\/p>\n<h3><strong>Beneficii<\/strong><\/h3>\n<ol>\n<li><strong>Proiectare robust\u0103<\/strong>\n<ul>\n<li>Dispun\u00e2nd de o structur\u0103 intern\u0103 cu trei piloni \u0219i un motor pas cu pas, acest tester garanteaz\u0103 o stabilitate excep\u021bional\u0103 \u00een timpul testelor. Designul s\u0103u permite o gam\u0103 larg\u0103 de aplica\u021bii, f\u0103c\u00e2ndu-l potrivit pentru diferite forme \u0219i dimensiuni de recipiente.<\/li>\n<\/ul>\n<\/li>\n<li><strong>Interfa\u021b\u0103 u\u0219or de utilizat<\/strong>\n<ul>\n<li>PLC (Programmable Logic Controller) integrat \u0219i HMI (Human-Machine Interface) ofer\u0103 un afi\u0219aj color pentru operare intuitiv\u0103, simplific\u00e2nd procesul de testare pentru utilizatori.<\/li>\n<\/ul>\n<\/li>\n<li><strong>Op\u021biuni de testare versatile<\/strong>\n<ul>\n<li>Testerul ofer\u0103 reglarea continu\u0103 a vitezei, permi\u021b\u00e2nd utilizatorilor s\u0103 personalizeze viteza de testare \u00een func\u021bie de nevoile lor. Op\u021biunile de ini\u021biere manual\u0103 (click-to-move) \u0219i automat\u0103 a testelor asigur\u0103 flexibilitate \u00een func\u021bionare.<\/li>\n<\/ul>\n<\/li>\n<li><strong>Caracteristici de siguran\u021b\u0103<\/strong>\n<ul>\n<li>Echipat cu protec\u021bie la suprasarcin\u0103 \u0219i la curs\u0103, testerul protejeaz\u0103 at\u00e2t instrumentul, c\u00e2t \u0219i utilizatorul. De asemenea, accept\u0103 teste cu valoare fix\u0103, permi\u021b\u00e2nd un control precis asupra parametrilor de testare, cum ar fi pozi\u021bia cursei \u0219i timpul de men\u021binere.<\/li>\n<\/ul>\n<\/li>\n<li><strong>Gestionarea datelor<\/strong>\n<ul>\n<li>Afi\u0219ajul curbei for\u021bei \u00een timp real ofer\u0103 feedback imediat cu privire la rezultatele testelor, \u00een timp ce calculele automate ale for\u021belor maxime, minime \u0219i medii sporesc precizia \u0219i utilitatea datelor. Software-ul op\u021bional pentru computer permite analiza \u0219i raportarea detaliat\u0103 a datelor.<\/li>\n<\/ul>\n<\/li>\n<li><strong>Instala\u021bii personalizate<\/strong>\n<ul>\n<li>Disponibilitatea dispozitivelor personalizate, inclusiv a unui mecanism de str\u00e2ngere \u00een vid, asigur\u0103 testarea sigur\u0103 a capacelor recipientelor de iaurt, contribuind la rezultate consecvente \u0219i fiabile.<\/li>\n<\/ul>\n<\/li>\n<\/ol>\n<h3><strong>Specifica\u021bii<\/strong><\/h3>\n<table>\n<tbody>\n<tr>\n<td style=\"text-align: center;\" width=\"123\">Intervalul de testare<\/td>\n<td style=\"text-align: center;\" width=\"201\">500N (sau dup\u0103 cum este necesar)<\/td>\n<\/tr>\n<tr>\n<td style=\"text-align: center;\" width=\"123\">Accident vascular cerebral<\/td>\n<td style=\"text-align: center;\" width=\"201\">260mm<\/td>\n<\/tr>\n<tr>\n<td style=\"text-align: center;\" width=\"123\">Viteza<\/td>\n<td style=\"text-align: center;\" width=\"201\">1\uff5e500mm\/min<\/td>\n<\/tr>\n<tr>\n<td style=\"text-align: center;\" width=\"123\">Presiunea gazului<\/td>\n<td style=\"text-align: center;\" width=\"201\">0,6 MPa<\/td>\n<\/tr>\n<tr>\n<td style=\"text-align: center;\" width=\"123\">Dimensiunea orificiului de gaz<\/td>\n<td style=\"text-align: center;\" width=\"201\">\u04246 mm<\/td>\n<\/tr>\n<tr>\n<td style=\"text-align: center;\" width=\"123\">Putere<\/td>\n<td style=\"text-align: center;\" width=\"201\">AC 110~220V 50\/60Hz<\/td>\n<\/tr>\n<\/tbody>\n<\/table>\n<p>The <strong>Tester de \u00eendep\u0103rtare a filmului de pe capacul recipientului pentru iaurt<\/strong> este un instrument indispensabil pentru produc\u0103torii care se angajeaz\u0103 s\u0103 asigure calitatea \u0219i siguran\u021ba ambalajelor lor de iaurt. Prin aderarea la standardele industriale stabilite, precum ASTM F2824 \u0219i ISO 17480, acest tester sprijin\u0103 procesele riguroase de asigurare a calit\u0103\u021bii, sporind fiabilitatea produselor \u0219i \u00eencrederea consumatorilor.<\/p>\n<h2><strong>\u00centreb\u0103ri frecvente<\/strong><\/h2>\n<ol>\n<li><strong>Ce tipuri de recipiente pot fi testate cu acest instrument?<\/strong>\n<ul>\n<li>Testerul este potrivit pentru diverse recipiente rigide \u0219i semi-rigide, inclusiv forme rotunde, ovale \u0219i dreptunghiulare.<\/li>\n<\/ul>\n<\/li>\n<li><strong>Cum asigur\u0103 testerul m\u0103sur\u0103tori exacte?<\/strong>\n<ul>\n<li>Testerul utilizeaz\u0103 un motor pas cu pas de precizie \u0219i o structur\u0103 intern\u0103 stabil\u0103, asigur\u00e2nd rezultate constante \u00een timpul fiec\u0103rui test.<\/li>\n<\/ul>\n<\/li>\n<li><strong>Poate fi ajustat unghiul de tragere pentru diferite teste?<\/strong>\n<ul>\n<li>Da, \u00een timp ce unghiul standard de testare este de 45 de grade, testerul permite ajust\u0103ri pentru a \u00eendeplini cerin\u021bele specifice de testare.<\/li>\n<\/ul>\n<\/li>\n<li><strong>Care este semnifica\u021bia ASTM F2824 \u00een testarea peelingului?<\/strong>\n<ul>\n<li><a href=\"https:\/\/www.astm.org\/f2824-10r20.html\" target=\"_blank\" rel=\"noopener nofollow\">ASTM F2824<\/a> provides a standardized method for assessing the mechanical seal strength of flexible peelable lids, ensuring reliable and consistent testing across the industry.<\/li>\n<\/ul>\n<\/li>\n<li><strong>Este inclus un software pentru analiza datelor \u0219i care sunt caracteristicile acestuia?<\/strong>\n<ul>\n<li>Software-ul op\u021bional pentru computer este disponibil, oferind capabilit\u0103\u021bi avansate de analiz\u0103 a datelor, inclusiv raportare detaliat\u0103 \u0219i afi\u0219are grafic\u0103 a rezultatelor testelor.<\/li>\n<\/ul>\n<\/li>\n<\/ol>","protected":false},"excerpt":{"rendered":"<p>The <strong>Tester de \u00eendep\u0103rtare a filmului de pe capacul recipientului pentru iaurt<\/strong> este un instrument esen\u021bial pentru m\u0103surarea rezisten\u021bei mecanice de etan\u0219are a capacelor recipientelor de iaurt. Acest tester asigur\u0103 integritatea produsului \u0219i siguran\u021ba consumatorilor prin evaluarea for\u021belor necesare pentru desprinderea capacului de pe recipient. \u00centr-o industrie \u00een care calitatea ambalajelor are un impact direct asupra \u00eencrederii consumatorilor, acest aparat de testare joac\u0103 un rol crucial \u00een sectorul ambalajelor alimentare.<\/p>","protected":false},"featured_media":6236,"comment_status":"closed","ping_status":"closed","template":"","meta":{"site-sidebar-layout":"default","site-content-layout":"default","ast-global-header-display":"","ast-main-header-display":"","ast-hfb-above-header-display":"","ast-hfb-below-header-display":"","ast-hfb-mobile-header-display":"","site-post-title":"","ast-breadcrumbs-content":"","ast-featured-img":"","footer-sml-layout":"","theme-transparent-header-meta":"default","adv-header-id-meta":"","stick-header-meta":"","header-above-stick-meta":"","header-main-stick-meta":"","header-below-stick-meta":""},"product_cat":[681,1160,953,956,955,845,954,957,958,952,959,17,16,95],"product_tag":[],"class_list":{"0":"post-5131","1":"product","2":"type-product","3":"status-publish","4":"has-post-thumbnail","6":"product_cat-peel-tester","7":"product_cat-astm-f2824","8":"product_cat-bursting-tester","9":"product_cat-cobb-tester","10":"product_cat-crush-tester","11":"product_cat-customization","12":"product_cat-paper-tear-tester","13":"product_cat-plybond-tester","14":"product_cat-puncture-tester","15":"product_cat-rub-tester","16":"product_cat-stiffness-tester","17":"product_cat-package-container-testers","18":"product_cat-plastic-packaging-testers","19":"product_cat-products","20":"desktop-align-left","21":"tablet-align-left","22":"mobile-align-left","24":"first","25":"instock","26":"shipping-taxable","27":"product-type-simple"},"_links":{"self":[{"href":"https:\/\/www.qualitester.com\/ro\/wp-json\/wp\/v2\/product\/5131","targetHints":{"allow":["GET"]}}],"collection":[{"href":"https:\/\/www.qualitester.com\/ro\/wp-json\/wp\/v2\/product"}],"about":[{"href":"https:\/\/www.qualitester.com\/ro\/wp-json\/wp\/v2\/types\/product"}],"replies":[{"embeddable":true,"href":"https:\/\/www.qualitester.com\/ro\/wp-json\/wp\/v2\/comments?post=5131"}],"version-history":[{"count":1,"href":"https:\/\/www.qualitester.com\/ro\/wp-json\/wp\/v2\/product\/5131\/revisions"}],"predecessor-version":[{"id":7934,"href":"https:\/\/www.qualitester.com\/ro\/wp-json\/wp\/v2\/product\/5131\/revisions\/7934"}],"wp:featuredmedia":[{"embeddable":true,"href":"https:\/\/www.qualitester.com\/ro\/wp-json\/wp\/v2\/media\/6236"}],"wp:attachment":[{"href":"https:\/\/www.qualitester.com\/ro\/wp-json\/wp\/v2\/media?parent=5131"}],"wp:term":[{"taxonomy":"product_cat","embeddable":true,"href":"https:\/\/www.qualitester.com\/ro\/wp-json\/wp\/v2\/product_cat?post=5131"},{"taxonomy":"product_tag","embeddable":true,"href":"https:\/\/www.qualitester.com\/ro\/wp-json\/wp\/v2\/product_tag?post=5131"}],"curies":[{"name":"wp","href":"https:\/\/api.w.org\/{rel}","templated":true}]}}