{"id":5119,"date":"2024-10-29T16:40:38","date_gmt":"2024-10-29T08:40:38","guid":{"rendered":"https:\/\/www.qualitester.com\/?post_type=product&#038;p=5119"},"modified":"2024-12-05T11:48:42","modified_gmt":"2024-12-05T03:48:42","slug":"sale-injection-vial-cap-open-force-tester","status":"publish","type":"product","link":"https:\/\/www.qualitester.com\/ro\/produs\/sale-injection-vial-cap-open-force-tester\/","title":{"rendered":"LSG-01 Tester de for\u021b\u0103 de deschidere a capacului combinat aluminiu-plastic"},"content":{"rendered":"<h2>Introducere<\/h2>\n<p>The <strong>Tester de for\u021b\u0103 de deschidere a capacului flaconului de injec\u021bie<\/strong> este un instrument specializat conceput pentru a evalua for\u021ba de deschidere necesar\u0103 pentru capacele combinate aluminiu-plastic utilizate \u00een ambalajul farmaceutic. Asigurarea integrit\u0103\u021bii \u0219i fiabilit\u0103\u021bii acestor capace este esen\u021bial\u0103 pentru men\u021binerea siguran\u021bei \u0219i eficacit\u0103\u021bii produselor. Acest tester joac\u0103 un rol vital \u00een controlul calit\u0103\u021bii, ajut\u00e2nd produc\u0103torii s\u0103 \u00eendeplineasc\u0103 cerin\u021bele de reglementare \u0219i s\u0103 sporeasc\u0103 \u00eencrederea consumatorilor.<\/p>\n<h2>Aplica\u021bie<\/h2>\n<p>Dopurile combinate aluminiu-plastic sunt utilizate pe scar\u0103 larg\u0103 \u00een industria ambalajelor pentru sigilarea sticlelor care con\u021bin produse farmaceutice, b\u0103uturi \u0219i cosmetice. Aceste dopuri combin\u0103 \u00een mod eficient rezisten\u021ba \u0219i propriet\u0103\u021bile de barier\u0103 ale aluminiului cu flexibilitatea \u0219i rentabilitatea plasticului. Designul robust asigur\u0103 dovada falsific\u0103rii \u0219i ajut\u0103 la men\u021binerea integrit\u0103\u021bii produsului, f\u0103c\u00e2ndu-le ideale pentru industria farmaceutic\u0103, unde siguran\u021ba \u0219i fiabilitatea sunt primordiale.<\/p>\n<h2>Compozi\u021bia capacelor combinate aluminiu-plastic<\/h2>\n<ul>\n<li><strong>Component\u0103 din aluminiu<\/strong>: \u00cenveli\u0219ul exterior al acestor capace este adesea fabricat din aluminiu, asigur\u00e2nd o \u00eenchidere robust\u0103 \u0219i inviolabil\u0103 cu un finisaj atractiv. Rezisten\u021ba sa ofer\u0103 o protec\u021bie superioar\u0103 \u00eempotriva factorilor de mediu.<\/li>\n<li><strong>Component\u0103 din plastic<\/strong>: Folosit de obicei pentru c\u0103ptu\u0219eala interioar\u0103 sau mecanismul de \u00eenchidere, plasticul asigur\u0103 o \u00eenchidere etan\u0219\u0103, permi\u021b\u00e2nd \u00een acela\u0219i timp o deschidere u\u0219oar\u0103. Aceast\u0103 combina\u021bie de materiale maximizeaz\u0103 func\u021bionalitatea \u0219i confortul utilizatorului.<\/li>\n<\/ul>\n<h2>Metode \u0219i standarde de testare<\/h2>\n<ul>\n<li><a href=\"https:\/\/www.iso.org\/standard\/82226.html\" target=\"_blank\" rel=\"noopener nofollow\"><strong>ISO 8872<\/strong><\/a>: Acest standard prezint\u0103 metodele de testare pentru determinarea for\u021bei de rupere a filei, care este esen\u021bial\u0103 pentru asigurarea u\u0219urin\u021bei de utilizare \u0219i a func\u021bionalit\u0103\u021bii.<\/li>\n<li><a href=\"https:\/\/www.qualitester.com\/ro\/categorie-produs\/iso\/iso-10985\/\" target=\"_blank\" rel=\"noopener\"><strong>ISO 10985<\/strong><\/a>: Specific\u0103 for\u021ba necesar\u0103 pentru \u00eendep\u0103rtarea componentelor din plastic, asigur\u00e2nd c\u0103 capacele sunt sigure \u0219i u\u0219or de utilizat.<\/li>\n<li><strong>Seria ISO 8536<\/strong>: Acoper\u0103 testele de for\u021b\u0103 la trac\u021biune \u0219i la alungire pentru piesele din aluminiu, esen\u021biale pentru evaluarea propriet\u0103\u021bilor mecanice ale materialelor de \u00eenchidere.<\/li>\n<li><strong>Alte standarde relevante<\/strong>:\n<ul>\n<li><strong>ISO 7500-1<\/strong>: Cerin\u021be generale pentru ma\u0219inile de \u00eencercare.<\/li>\n<li><strong>ISO 8362-6 \u0219i ISO 8362-7<\/strong>: Concentra\u021bi-v\u0103 asupra specifica\u021biilor pentru flacoane de injectare \u0219i dispozitive de \u00eenchidere, asigur\u00e2nd compatibilitatea \u0219i performan\u021ba.<\/li>\n<\/ul>\n<\/li>\n<\/ul>\n<h2>\u00cencerc\u0103ri de for\u021b\u0103 pe capacele combinate aluminiu-plastic<\/h2>\n<p>The <strong>Tester de for\u021b\u0103 de deschidere a capacului flaconului de injec\u021bie<\/strong> poate efectua mai multe teste critice, inclusiv:<\/p>\n<ol>\n<li><strong>For\u021ba de smulgere a filei<\/strong>: Evalueaz\u0103 for\u021ba necesar\u0103 pentru a scoate fila, asigur\u00e2nd accesibilitatea utilizatorului.<\/li>\n<li><strong>For\u021ba necesar\u0103 pentru scoaterea componentelor din plastic<\/strong>: M\u0103soar\u0103 integritatea p\u0103r\u021bilor din plastic ale capacului.<\/li>\n<li><strong>For\u021ba de trac\u021biune \u0219i alungire pentru piese din aluminiu<\/strong>: Evalueaz\u0103 rezisten\u021ba \u0219i flexibilitatea componentei din aluminiu, esen\u021biale pentru men\u021binerea integrit\u0103\u021bii sigiliului \u00een timpul manipul\u0103rii.<\/li>\n<\/ol>\n<h2>Caracteristici tehnice ale dispozitivului de testare a for\u021bei de deschidere a capacului flaconului de injec\u021bie<\/h2>\n<ul>\n<li><strong>Sistem de control PLC de nivel industrial<\/strong>: Ofer\u0103 o func\u021bionare stabil\u0103, precis\u0103 \u0219i u\u0219oar\u0103 prin intermediul unei interfe\u021be HMI u\u0219or de utilizat.<\/li>\n<li><strong>Capacit\u0103\u021bi de testare versatile<\/strong>: Compatibil cu diverse accesorii pentru teste de trac\u021biune, compresie, for\u021b\u0103 de rupere, duritate, exfoliere, deschidere, perforare \u0219i \u00eempingere-tragere.<\/li>\n<li><strong>Prelucrarea datelor \u00een timp real<\/strong>: Afi\u0219eaz\u0103 rezultatele testelor \u00een timp real, facilit\u00e2nd analiza imediat\u0103.<\/li>\n<li><strong>Microimprimare pentru conservarea rezultatelor<\/strong>: Echipat cu o imprimant\u0103 dot-matrix pentru a asigura conservarea pe termen lung a rezultatelor testelor.<\/li>\n<li><strong>Caracteristici de siguran\u021b\u0103<\/strong>: Include memoria parametrilor de oprire, protec\u021bie la suprasarcin\u0103, protec\u021bie la limit\u0103 \u0219i revenire automat\u0103 la sf\u00e2r\u0219itul testelor.<\/li>\n<li><strong>Interfa\u021b\u0103 de comunicare<\/strong>: Dispune de o interfa\u021b\u0103 RS232 \u0219i software profesional op\u021bional pentru gestionarea \u00eembun\u0103t\u0103\u021bit\u0103 a datelor.<\/li>\n<\/ul>\n<h2>Aplica\u021bii extinse<\/h2>\n<p>The <strong>Tester de for\u021b\u0103 de deschidere a capacului flaconului de injec\u021bie<\/strong> este potrivit pentru o varietate de teste efectuate \u00een cadrul industriei ambalajelor medicale, asigur\u00e2nd calitatea \u0219i siguran\u021ba materialelor \u0219i componentelor de ambalare. Aplica\u021biile includ:<\/p>\n<ul>\n<li>Teste privind for\u021ba de rupere a flacoanelor.<\/li>\n<li>Teste privind for\u021ba de deschidere a capacului flaconului de perfuzie \u0219i for\u021ba de rupere a filetului.<\/li>\n<li>\u00cencerc\u0103ri de rezisten\u021b\u0103 la sigilare termic\u0103, rezisten\u021b\u0103 la trac\u021biune, rezisten\u021b\u0103 la desprindere \u0219i alungire pentru folii de aluminiu, foi de PVC \u0219i filme compozite.<\/li>\n<\/ul>\n<p>The <strong>Tester de for\u021b\u0103 de deschidere a capacului flaconului de injec\u021bie<\/strong> este esen\u021bial\u0103 pentru produc\u0103torii care doresc s\u0103 garanteze siguran\u021ba \u0219i fiabilitatea capacelor lor combinate din aluminiu \u0219i plastic. Prin aderarea la standardele industriei \u0219i efectuarea de teste riguroase, produc\u0103torii pot asigura integritatea produselor \u0219i pot spori \u00eencrederea consumatorilor. Investi\u021bi \u00een Testerul de for\u021b\u0103 de deschidere a capacului flaconului de injec\u021bie pentru a v\u0103 \u00eembun\u0103t\u0103\u021bi procesele de asigurare a calit\u0103\u021bii.<\/p>\n<h2>\u00centreb\u0103ri frecvente<\/h2>\n<ol>\n<li><strong>Care este scopul dispozitivului de testare a for\u021bei de deschidere a capacului flaconului de injec\u021bie?<\/strong>\n<ul>\n<li>Acesta m\u0103soar\u0103 for\u021ba necesar\u0103 pentru a deschide capacele combinate din aluminiu-plastic, asigur\u00e2nd u\u0219urin\u021ba utiliz\u0103rii \u0219i integritatea produsului.<\/li>\n<\/ul>\n<\/li>\n<li><strong>La ce standarde se conformeaz\u0103 acest tester?<\/strong>\n<ul>\n<li>Testerul este conform cu ISO 8872, ISO 10985 \u0219i ISO 8536, printre altele, asigur\u00e2nd metode de testare riguroase.<\/li>\n<\/ul>\n<\/li>\n<li><strong>Testerul poate fi utilizat pentru diferite tipuri de capace?<\/strong>\n<ul>\n<li>Da, este compatibil cu diferite tipuri de capace, inclusiv cele utilizate \u00een produse farmaceutice, b\u0103uturi \u0219i cosmetice.<\/li>\n<\/ul>\n<\/li>\n<li><strong>Ce caracteristici tehnice \u00eei sporesc utilitatea?<\/strong>\n<ul>\n<li>Dispune de un sistem de control PLC, afi\u0219area datelor \u00een timp real \u0219i o microimprimant\u0103 pentru p\u0103strarea rezultatelor testelor.<\/li>\n<\/ul>\n<\/li>\n<li><strong>Este testerul potrivit at\u00e2t pentru mediul de cercetare, c\u00e2t \u0219i pentru cel de produc\u021bie?<\/strong>\n<ul>\n<li>\u00cen mod absolut, este proiectat pentru versatilitate, fiind potrivit at\u00e2t pentru laborator, c\u00e2t \u0219i pentru testarea pe linia de produc\u021bie.<\/li>\n<\/ul>\n<\/li>\n<\/ol>","protected":false},"excerpt":{"rendered":"<p>Introduction The Injection Vial Cap Open Force Tester is a specialized instrument designed to evaluate the opening force required for aluminum-plastic combination caps used in pharmaceutical packaging. Ensuring the integrity and reliability of these closures is critical for maintaining product safety and efficacy. This tester plays a vital role in quality control, helping manufacturers meet &hellip;<\/p>\n<p class=\"read-more\"> <a class=\"\" href=\"https:\/\/www.qualitester.com\/ro\/produs\/sale-injection-vial-cap-open-force-tester\/\"> <span class=\"screen-reader-text\">LSG-01 Tester de for\u021b\u0103 de deschidere a capacului combinat aluminiu-plastic<\/span> Cite\u0219te mai mult \"<\/a><\/p>","protected":false},"featured_media":6213,"comment_status":"closed","ping_status":"closed","template":"","meta":{"site-sidebar-layout":"default","site-content-layout":"default","ast-global-header-display":"","ast-main-header-display":"","ast-hfb-above-header-display":"","ast-hfb-below-header-display":"","ast-hfb-mobile-header-display":"","site-post-title":"","ast-breadcrumbs-content":"","ast-featured-img":"","footer-sml-layout":"","theme-transparent-header-meta":"default","adv-header-id-meta":"","stick-header-meta":"","header-above-stick-meta":"","header-main-stick-meta":"","header-below-stick-meta":""},"product_cat":[934,845,1050,1049,1051,1052,1048,17,149,16,95],"product_tag":[],"class_list":{"0":"post-5119","1":"product","2":"type-product","3":"status-publish","4":"has-post-thumbnail","6":"product_cat-medical-packaging-tester","7":"product_cat-customization","8":"product_cat-iso-10985","9":"product_cat-iso-7500-1","10":"product_cat-iso-8362-6","11":"product_cat-iso-8362-7","12":"product_cat-iso-8872","13":"product_cat-package-container-testers","14":"product_cat-pharma-and-medical-testers","15":"product_cat-plastic-packaging-testers","16":"product_cat-products","17":"desktop-align-left","18":"tablet-align-left","19":"mobile-align-left","21":"first","22":"instock","23":"shipping-taxable","24":"product-type-simple"},"_links":{"self":[{"href":"https:\/\/www.qualitester.com\/ro\/wp-json\/wp\/v2\/product\/5119","targetHints":{"allow":["GET"]}}],"collection":[{"href":"https:\/\/www.qualitester.com\/ro\/wp-json\/wp\/v2\/product"}],"about":[{"href":"https:\/\/www.qualitester.com\/ro\/wp-json\/wp\/v2\/types\/product"}],"replies":[{"embeddable":true,"href":"https:\/\/www.qualitester.com\/ro\/wp-json\/wp\/v2\/comments?post=5119"}],"version-history":[{"count":0,"href":"https:\/\/www.qualitester.com\/ro\/wp-json\/wp\/v2\/product\/5119\/revisions"}],"wp:featuredmedia":[{"embeddable":true,"href":"https:\/\/www.qualitester.com\/ro\/wp-json\/wp\/v2\/media\/6213"}],"wp:attachment":[{"href":"https:\/\/www.qualitester.com\/ro\/wp-json\/wp\/v2\/media?parent=5119"}],"wp:term":[{"taxonomy":"product_cat","embeddable":true,"href":"https:\/\/www.qualitester.com\/ro\/wp-json\/wp\/v2\/product_cat?post=5119"},{"taxonomy":"product_tag","embeddable":true,"href":"https:\/\/www.qualitester.com\/ro\/wp-json\/wp\/v2\/product_tag?post=5119"}],"curies":[{"name":"wp","href":"https:\/\/api.w.org\/{rel}","templated":true}]}}