{"id":5110,"date":"2024-10-29T16:23:12","date_gmt":"2024-10-29T08:23:12","guid":{"rendered":"https:\/\/www.qualitester.com\/?post_type=product&#038;p=5110"},"modified":"2024-12-05T11:31:23","modified_gmt":"2024-12-05T03:31:23","slug":"sale-soft-gel-capsule-hardness-tester","status":"publish","type":"product","link":"https:\/\/www.qualitester.com\/ro\/produs\/sale-soft-gel-capsule-hardness-tester\/","title":{"rendered":"CHT-01 Tester de duritate a capsulelor cu gel moale"},"content":{"rendered":"<h2><strong>Introducere \u00een dispozitivul de testare a durit\u0103\u021bii capsulelor cu gel moale<\/strong><\/h2>\n<p>\u00cen industria farmaceutic\u0103 \u0219i nutraceutic\u0103, controlul calit\u0103\u021bii este primordial. Este esen\u021bial s\u0103 se asigure c\u0103 capsulele de gel moale \u00ee\u0219i men\u021bin integritatea structural\u0103 prin procesele de ambalare, depozitare \u0219i distribu\u021bie. Caracteristicile <strong>Tester de duritate a capsulelor cu gel moale<\/strong>, \u00een special <strong>CHT-01 Tester de duritate pentru capsule \u0219i capsule moi<\/strong>, este un instrument de \u00eenalt\u0103 precizie conceput pentru a m\u0103sura fermitatea, elasticitatea \u0219i rezisten\u021ba general\u0103 a capsulei. Prin evaluarea unor factori cheie precum duritatea, deformarea \u0219i rezisten\u021ba sigiliului, acest tester ajut\u0103 produc\u0103torii s\u0103 garanteze c\u0103 produsele lor sunt sigure, eficiente \u0219i de \u00eenalt\u0103 calitate.<\/p>\n<h2><strong>De ce s\u0103 testa\u021bi duritatea \u0219i fermitatea capsulelor de gel moale?<\/strong><\/h2>\n<p>Capsulele de gel moale sunt utilizate pe scar\u0103 larg\u0103 pentru a furniza vitamine, minerale \u0219i medicamente \u00eentr-un \u00eenveli\u0219 de gelatin\u0103 stabil \u0219i protector. Pentru aceste capsule, men\u021binerea unui nivel ideal de fermitate este esen\u021bial\u0103 - nu numai pentru protejarea ingredientelor active din interior, ci \u0219i pentru asigurarea unei eliber\u0103ri controlate a con\u021binutului la ingerare. Testarea durit\u0103\u021bii dezv\u0103luie modul \u00een care capsula se va comporta \u00een diverse condi\u021bii, de la ambalare \u0219i transport p\u00e2n\u0103 la experien\u021ba consumatorului. Testul <strong>Tester de duritate a capsulelor cu gel moale<\/strong> este vital\u0103 pentru identificarea oric\u0103ror puncte slabe \u00een pere\u021bii capsulelor sau \u00een garniturile de etan\u0219are, prevenind problemele \u00eenainte ca acestea s\u0103 ajung\u0103 pe pia\u021b\u0103.<\/p>\n<h2><strong>Caracteristici principale ale dispozitivului de testare a durit\u0103\u021bii capsulelor cu gel moale<\/strong><\/h2>\n<ul>\n<li><strong>Capacit\u0103\u021bi de testare de \u00eenalt\u0103 precizie<\/strong><br \/>\nEchipat cu tehnologie avansat\u0103, cum ar fi o unitate de control PLC, un \u0219urub cu bile de precizie \u0219i un motor pas cu pas, acest tester ofer\u0103 rezultate fiabile \u0219i precise care sus\u021bin standardele de calitate riguroase.<\/li>\n<li><strong>Programe de testare versatile<\/strong><br \/>\nOferirea mai multor programe standard-<strong>For\u021ba<\/strong> (aplicarea unei for\u021be specifice \u0219i m\u0103surarea distan\u021bei), <strong>V\u00e2rf<\/strong> (m\u0103surarea for\u021bei maxime pentru ruperea capsulei) \u0219i <strong>Distan\u021ba<\/strong> (m\u0103surarea for\u021bei la o distan\u021b\u0103 fix\u0103) - testerul de duritate a capsulelor Soft Gel permite testarea cuprinz\u0103toare pentru a \u00een\u021belege fiecare fa\u021bet\u0103 a integrit\u0103\u021bii capsulei.<\/li>\n<li><strong>Interfa\u021b\u0103 \u0219i control u\u0219or de utilizat<\/strong><br \/>\nUn ecran tactil HMI de 7 inchi permite utilizatorilor s\u0103 configureze f\u0103r\u0103 efort set\u0103rile, s\u0103 gestioneze programele de testare \u0219i s\u0103 vizualizeze rezultatele. Acest design intuitiv \u00eembun\u0103t\u0103\u021be\u0219te fluxul de lucru \u0219i faciliteaz\u0103 ajust\u0103rile rapide pe baza cerin\u021belor de testare.<\/li>\n<li><strong>Caracteristici \u00eembun\u0103t\u0103\u021bite de eficien\u021b\u0103 \u0219i siguran\u021b\u0103<\/strong><br \/>\nO mas\u0103 rotativ\u0103, statica automat\u0103 pentru colectarea datelor \u0219i protec\u021bia la suprasarcin\u0103 sporesc eficien\u021ba \u0219i siguran\u021ba. Aceste caracteristici simplific\u0103 testarea \u0219i protejeaz\u0103 instrumentul de utilizarea excesiv\u0103, maximiz\u00e2ndu-i durata de via\u021b\u0103 \u0219i fiabilitatea.<\/li>\n<\/ul>\n<h2><strong>Metode de testare detaliate pentru duritatea \u0219i fermitatea capsulelor de gel moale<\/strong><\/h2>\n<ul>\n<li><strong>Test de compresie<\/strong><br \/>\n\u00cen testul de compresie, o sond\u0103 cilindric\u0103 cu diametrul de 10 mm sau cu suprafa\u021ba de 10 mm\u00b2 aplic\u0103 presiune pe capsul\u0103 p\u00e2n\u0103 la deformare sau rupere. Aceasta simuleaz\u0103 solicit\u0103rile fizice cu care capsula s-ar putea confrunta \u00een condi\u021bii reale, cum ar fi ambalarea \u0219i transportul. Prin testarea compresiei, produc\u0103torii ob\u021bin informa\u021bii cu privire la durabilitatea \u0219i rezisten\u021ba capsulei la deteriorare.<\/li>\n<li><strong>Testarea fermit\u0103\u021bii \u0219i a rezisten\u021bei sigiliului<\/strong><br \/>\nTestul de fermitate evalueaz\u0103 c\u00e2t de mult se deformeaz\u0103 o capsul\u0103 sub o anumit\u0103 sarcin\u0103 de compresie, oferind informa\u021bii despre elasticitatea \u0219i rezilien\u021ba acesteia. \u00cen plus, testul de rezisten\u021b\u0103 a sigiliului m\u0103soar\u0103 for\u021ba necesar\u0103 pentru a rupe sigiliul capsulei, asigur\u00e2ndu-se c\u0103 aceasta nu se va rupe prematur \u0219i \u00ee\u0219i va elibera con\u021binutul numai \u00een condi\u021biile prev\u0103zute.<\/li>\n<\/ul>\n<h2><strong>Specifica\u021bii tehnice \u0219i parametri<\/strong><\/h2>\n<table>\n<tbody>\n<tr>\n<td width=\"184\">Intervalul de testare<\/td>\n<td width=\"289\">0~200N (sau dup\u0103 cum este necesar)<\/td>\n<\/tr>\n<tr>\n<td width=\"184\">Accident vascular cerebral<\/td>\n<td width=\"289\">200mm (f\u0103r\u0103 clem\u0103)<\/td>\n<\/tr>\n<tr>\n<td width=\"184\">Viteza<\/td>\n<td width=\"289\">1~300mm\/min (sau dup\u0103 cum este necesar)<\/td>\n<\/tr>\n<tr>\n<td width=\"184\">Acurate\u021bea deplas\u0103rii<\/td>\n<td width=\"289\">0.01mm<\/td>\n<\/tr>\n<tr>\n<td width=\"184\">Acurate\u021be<\/td>\n<td width=\"289\">0,5% F.S.<\/td>\n<\/tr>\n<tr>\n<td width=\"184\">Ie\u0219ire<\/td>\n<td width=\"289\">Ecran, microimprimant\u0103, RS232 (op\u021bional)<\/td>\n<\/tr>\n<tr>\n<td width=\"184\">Putere<\/td>\n<td width=\"289\">110~ 220V 50\/60Hz<\/td>\n<\/tr>\n<\/tbody>\n<\/table>\n<h2><strong>Beneficiile testerului de duritate a capsulelor cu gel moale<\/strong><\/h2>\n<ul>\n<li><strong>Testare cuprinz\u0103toare pentru asigurarea calit\u0103\u021bii<\/strong><br \/>\nCu capacit\u0103\u021bi multi-test, acest tester permite produc\u0103torilor s\u0103 evalueze durabilitatea, uniformitatea \u0219i rezisten\u021ba structural\u0103 a capsulelor. Acest lucru duce la \u00eembun\u0103t\u0103\u021birea calit\u0103\u021bii produselor \u0219i a satisfac\u021biei clien\u021bilor.<\/li>\n<li><strong>Op\u021biuni de fixare personalizabile pentru testare versatil\u0103<\/strong><br \/>\nOferind diverse dispozitive de fixare \u0219i dispozitive, testerul accept\u0103 capsule de diferite dimensiuni \u0219i forme, f\u0103c\u00e2ndu-l versatil pentru o gam\u0103 larg\u0103 de aplica\u021bii cu gel moale.<\/li>\n<li><strong>Construit pentru durabilitate \u00eendelungat\u0103<\/strong><br \/>\nConstruit cu componente robuste \u0219i mecanisme avansate, testerul este construit pentru a oferi o durat\u0103 lung\u0103 de via\u021b\u0103, maximiz\u00e2nd rentabilitatea investi\u021biilor \u0219i reduc\u00e2nd \u00een acela\u0219i timp timpul de inactivitate \u0219i de \u00eentre\u021binere.<\/li>\n<\/ul>\n<h2><strong>Aplica\u021bii ale dispozitivului de testare a durit\u0103\u021bii capsulelor cu gel moale<\/strong><\/h2>\n<p>Acest instrument este esen\u021bial \u00een mediile de produc\u021bie farmaceutic\u0103 \u0219i nutraceutic\u0103, unde capsulele de gel moale care con\u021bin vitamine, minerale \u0219i alte medicamente lichide necesit\u0103 un control strict al calit\u0103\u021bii. Testerul de duritate a capsulelor de gel moale joac\u0103 un rol crucial \u00een asigurarea calit\u0103\u021bii pentru produc\u021bie, ambalare \u0219i manipulare, asigur\u00e2ndu-se c\u0103 capsulele \u00ee\u0219i men\u021bin integritatea \u0219i eficacitatea p\u00e2n\u0103 c\u00e2nd ajung la consumator.<\/p>\n<hr \/>\n<h2><strong>Sec\u021biunea FAQ<\/strong><\/h2>\n<ul>\n<li><strong>Q1<\/strong>: <em>Ce tipuri de capsule pot fi testate cu acest instrument?<\/em><br \/>\n<strong>A<\/strong>: Testerul de duritate a capsulelor de gel moale este ideal pentru testarea capsulelor de gel moale utilizate \u00een produsele farmaceutice \u0219i nutraceutice, inclusiv cele care con\u021bin vitamine \u0219i medicamente lichide.<\/li>\n<li><strong>Q2<\/strong>: <em>Care este semnifica\u021bia testului de fermitate?<\/em><br \/>\n<strong>A<\/strong>: Testarea fermit\u0103\u021bii evalueaz\u0103 rezisten\u021ba \u0219i flexibilitatea peretelui capsulei, contribuind la asigurarea faptului c\u0103 capsulele nu se vor rupe \u00een timpul manipul\u0103rii, depozit\u0103rii sau ambal\u0103rii normale.<\/li>\n<li><strong>Q3<\/strong>: <em>Acest tester poate m\u0103sura elasticitatea?<\/em><br \/>\n<strong>A<\/strong>: Da, cuantific\u0103 elasticitatea capsulei prin m\u0103surarea deform\u0103rii peretelui sub o sarcin\u0103 de compresie specificat\u0103, asigur\u00e2nd c\u0103 capsulele sunt flexibile, dar durabile.<\/li>\n<li><strong>Q4<\/strong>: <em>CHT-01 este personalizabil pentru anumite tipuri de capsule?<\/em><br \/>\n<strong>A<\/strong>: Da, testerul poate fi personalizat cu diverse dispozitive \u0219i dispozitive de fixare pentru a se potrivi diferitelor forme \u0219i dimensiuni de capsule, f\u0103c\u00e2ndu-l potrivit pentru diverse nevoi de testare.<\/li>\n<li><strong>Q5<\/strong>: <em>Ce op\u021biuni de ie\u0219ire sunt disponibile pentru \u00eenregistrarea datelor?<\/em><br \/>\n<strong>A<\/strong>: Testerul afi\u0219eaz\u0103 datele pe ecran, permite imprimarea prin intermediul unei microimprimante \u0219i ofer\u0103 conectivitate RS232 op\u021bional\u0103 pentru exportul de date digitale.<\/li>\n<\/ul>","protected":false},"excerpt":{"rendered":"<p>\u00cen industria farmaceutic\u0103 \u0219i nutraceutic\u0103, controlul calit\u0103\u021bii este primordial. Este esen\u021bial s\u0103 se asigure c\u0103 capsulele de gel moale \u00ee\u0219i men\u021bin integritatea structural\u0103 prin procesele de ambalare, depozitare \u0219i distribu\u021bie. Caracteristicile <strong>Tester de duritate a capsulelor cu gel moale<\/strong>, \u00een special <strong>CHT-01 Tester de duritate pentru capsule \u0219i capsule moi<\/strong>, este un instrument de \u00eenalt\u0103 precizie conceput pentru a m\u0103sura fermitatea, elasticitatea \u0219i rezisten\u021ba general\u0103 a capsulei. Prin evaluarea unor factori cheie precum duritatea, deformarea \u0219i rezisten\u021ba sigiliului, acest tester ajut\u0103 produc\u0103torii s\u0103 garanteze c\u0103 produsele lor sunt sigure, eficiente \u0219i de \u00eenalt\u0103 calitate.<\/p>","protected":false},"featured_media":6205,"comment_status":"closed","ping_status":"closed","template":"","meta":{"site-sidebar-layout":"default","site-content-layout":"default","ast-global-header-display":"","ast-main-header-display":"","ast-hfb-above-header-display":"","ast-hfb-below-header-display":"","ast-hfb-mobile-header-display":"","site-post-title":"","ast-breadcrumbs-content":"","ast-featured-img":"","footer-sml-layout":"","theme-transparent-header-meta":"default","adv-header-id-meta":"","stick-header-meta":"","header-above-stick-meta":"","header-main-stick-meta":"","header-below-stick-meta":""},"product_cat":[845,953,956,955,1054,954,957,958,952,959,149,95],"product_tag":[],"class_list":{"0":"post-5110","1":"product","2":"type-product","3":"status-publish","4":"has-post-thumbnail","6":"product_cat-customization","7":"product_cat-bursting-tester","8":"product_cat-cobb-tester","9":"product_cat-crush-tester","10":"product_cat-hardness-tester","11":"product_cat-paper-tear-tester","12":"product_cat-plybond-tester","13":"product_cat-puncture-tester","14":"product_cat-rub-tester","15":"product_cat-stiffness-tester","16":"product_cat-pharma-and-medical-testers","17":"product_cat-products","18":"desktop-align-left","19":"tablet-align-left","20":"mobile-align-left","22":"first","23":"instock","24":"shipping-taxable","25":"product-type-simple"},"_links":{"self":[{"href":"https:\/\/www.qualitester.com\/ro\/wp-json\/wp\/v2\/product\/5110","targetHints":{"allow":["GET"]}}],"collection":[{"href":"https:\/\/www.qualitester.com\/ro\/wp-json\/wp\/v2\/product"}],"about":[{"href":"https:\/\/www.qualitester.com\/ro\/wp-json\/wp\/v2\/types\/product"}],"replies":[{"embeddable":true,"href":"https:\/\/www.qualitester.com\/ro\/wp-json\/wp\/v2\/comments?post=5110"}],"version-history":[{"count":0,"href":"https:\/\/www.qualitester.com\/ro\/wp-json\/wp\/v2\/product\/5110\/revisions"}],"wp:featuredmedia":[{"embeddable":true,"href":"https:\/\/www.qualitester.com\/ro\/wp-json\/wp\/v2\/media\/6205"}],"wp:attachment":[{"href":"https:\/\/www.qualitester.com\/ro\/wp-json\/wp\/v2\/media?parent=5110"}],"wp:term":[{"taxonomy":"product_cat","embeddable":true,"href":"https:\/\/www.qualitester.com\/ro\/wp-json\/wp\/v2\/product_cat?post=5110"},{"taxonomy":"product_tag","embeddable":true,"href":"https:\/\/www.qualitester.com\/ro\/wp-json\/wp\/v2\/product_tag?post=5110"}],"curies":[{"name":"wp","href":"https:\/\/api.w.org\/{rel}","templated":true}]}}