{"id":4401,"date":"2024-07-23T11:40:39","date_gmt":"2024-07-23T03:40:39","guid":{"rendered":"https:\/\/www.qualitester.com\/?post_type=product&#038;p=4401"},"modified":"2024-12-27T14:18:45","modified_gmt":"2024-12-27T06:18:45","slug":"best-balloon-burst-tester-for-sale","status":"publish","type":"product","link":"https:\/\/www.qualitester.com\/ro\/produs\/best-balloon-burst-tester-for-sale\/","title":{"rendered":"LSST-01 Tester de rezisten\u021b\u0103 la scurgere \u0219i etan\u0219are"},"content":{"rendered":"<p>The <strong>Tester de explozie a balonului<\/strong> este versatil, g\u0103sind aplica\u021bii \u00een diverse sectoare, materiale de ambalare, inclusiv filme \u0219i laminate din plastic, ambalaje pentru dispozitive medicale, ambalaje farmaceutice, ambalaje pentru alimente \u0219i b\u0103uturi, ambalaje pentru bunuri de consum<\/p>\n<h2>Introducere complet\u0103 la aparatul de testare a exploziei balonului<\/h2>\n<p>The <strong>Tester de explozie a balonului<\/strong> este proiectat\u0103 pentru a oferi precizie \u0219i fiabilitate <em><span style=\"text-decoration: underline;\">testarea rezisten\u021bei la rupere pentru o gam\u0103 larg\u0103 de materiale de ambalare<\/span><\/em>s. Este o unitate controlat\u0103 de PLC care ofer\u0103 stabilitate la nivel industrial, completat\u0103 de un ecran tactil HMI u\u0219or de utilizat pentru o operare u\u0219oar\u0103. Testerul este echipat cu statistici \u0219i stocare automat\u0103 a rezultatelor testelor, sporind eficien\u021ba \u0219i gestionarea datelor.<\/p>\n<p><a href=\"https:\/\/www.qualitester.com\/ro\/categorie-produs\/test-items\/bursting-tester\/\"><img fetchpriority=\"high\" decoding=\"async\" class=\"wp-image-4402 size-full aligncenter\" src=\"https:\/\/www.qualitester.com\/wp-content\/uploads\/2024\/07\/astm-f1440-Balloon-Burst-Tester-astm-f2054.jpg\" alt=\"astm f1440 Tester de spargere a balonului astm f2054\" width=\"600\" height=\"600\" srcset=\"https:\/\/www.qualitester.com\/wp-content\/uploads\/2024\/07\/astm-f1440-Balloon-Burst-Tester-astm-f2054.jpg 600w, https:\/\/www.qualitester.com\/wp-content\/uploads\/2024\/07\/astm-f1440-Balloon-Burst-Tester-astm-f2054-300x300.jpg 300w, https:\/\/www.qualitester.com\/wp-content\/uploads\/2024\/07\/astm-f1440-Balloon-Burst-Tester-astm-f2054-150x150.jpg 150w, https:\/\/www.qualitester.com\/wp-content\/uploads\/2024\/07\/astm-f1440-Balloon-Burst-Tester-astm-f2054-100x100.jpg 100w\" sizes=\"(max-width: 600px) 100vw, 600px\" \/><\/a><\/p>\n<h2>Specifica\u021bii tehnice<\/h2>\n<ul>\n<li><strong>Unitate controlat\u0103 de PLC<\/strong>: Asigur\u0103 stabilitate la nivel industrial \u0219i control precis.<\/li>\n<li><strong>Ecran tactil HMI u\u0219or de utilizat<\/strong>: Simplific\u0103 operarea \u0219i reduce timpul de instruire.<\/li>\n<li><strong>Statistici \u0219i stocare automat\u0103 a rezultatelor testelor<\/strong>: Faciliteaz\u0103 gestionarea \u0219i analiza eficient\u0103 a datelor.<\/li>\n<li><strong>Compatibilitate cu diverse corpuri de iluminat<\/strong>: Permite testarea diferitelor forme de ambalaj, inclusiv a ambalajelor cu sigiliu pe trei p\u0103r\u021bi, a ambalajelor \u00eenchise, a ambalajelor doy, a tuburilor, a t\u0103vilor sigilate \u0219i a paharelor.<\/li>\n<li><strong>Trei moduri de testare<\/strong>: Explozie, fluaj \u0219i fluaj p\u00e2n\u0103 la cedare, pentru a satisface diverse cerin\u021be de testare.<\/li>\n<li><strong>Set\u0103ri personalizate de sensibilitate \u0219i prag<\/strong>: Permite personalizarea pentru nevoi specifice de testare.<\/li>\n<li><strong>Domeniu de presiune p\u00e2n\u0103 la 600 KPa<\/strong>: Personalizabil pentru a \u00eendeplini specifica\u021biile unice de testare.<\/li>\n<li><strong>Programare personalizabil\u0103<\/strong>: Ofer\u0103 flexibilitate pentru adaptarea la protocoale de testare specifice.<\/li>\n<\/ul>\n<h2>Metode de testare<\/h2>\n<h3>Principiul test\u0103rii ruperii ambalajelor<\/h3>\n<p><em><span style=\"text-decoration: underline;\">Metoda de testare a spargerii balonului implic\u0103 umflarea unui ambalaj p\u00e2n\u0103 la spargere, m\u0103surarea presiunii \u0219i a volumului la care se produce spargerea.<\/span> <\/em>Acest test este esen\u021bial pentru evaluarea rezisten\u021bei la rupere a materialelor de ambalare, asigur\u00e2ndu-se c\u0103 acestea pot rezista presiunii interne \u00een timpul manipul\u0103rii \u0219i depozit\u0103rii.<\/p>\n<div class=\"ast-oembed-container\" style=\"height: 100%;\"><iframe title=\"Doy pack \u0219i tester de rezisten\u021b\u0103 la etan\u0219are a pachetului cu gura de scurgere Verificarea calit\u0103\u021bii pentru pachetul doy\" width=\"500\" height=\"281\" src=\"https:\/\/www.youtube.com\/embed\/abNWfwlLaVQ?feature=oembed\" frameborder=\"0\" allow=\"accelerometer; autoplay; clipboard-write; encrypted-media; gyroscope; picture-in-picture; web-share\" referrerpolicy=\"strict-origin-when-cross-origin\" allowfullscreen><\/iframe><\/div>\n<h3>Proceduri standard de testare<\/h3>\n<ol>\n<li><strong>Preg\u0103tirea \u0219i condi\u021bionarea probelor<\/strong>: E\u0219antioanele sunt preg\u0103tite \u00een conformitate cu standardele specificate \u0219i condi\u021bionate la mediul adecvat \u00eenainte de testare.<\/li>\n<li><strong>Configurarea testului \u0219i configurarea parametrilor<\/strong>: Testerul de spargere a balonului este configurat cu dispozitivele adecvate, iar parametrii de testare sunt configura\u021bi pe baza tipului de prob\u0103 \u0219i a cerin\u021belor de testare.<\/li>\n<li><strong>Executarea \u00eenregistr\u0103rii testelor \u0219i m\u0103sur\u0103torilor<\/strong>: Ambalajul este umflat p\u00e2n\u0103 se sparge, testerul \u00eenregistr\u00e2nd presiunea de spargere \u0219i volumul.<\/li>\n<li><strong>Interpretarea rezultatelor<\/strong>: Presiunea \u0219i volumul de spargere sunt analizate pentru a evalua rezisten\u021ba \u0219i performan\u021ba materialului, facilit\u00e2nd controlul calit\u0103\u021bii \u0219i compararea materialelor.<\/li>\n<\/ol>\n<h2>Testarea spargerii ambalajelor \u00een standardul ASTM<\/h2>\n<h3><a href=\"https:\/\/www.qualitester.com\/ro\/categorie-produs\/astm\/astm-f1140\/\">ASTM F1140<\/a><\/h3>\n<p style=\"padding-left: 40px;\">-Metode standard de \u00eencercare pentru rezisten\u021ba la defectare prin presurizare intern\u0103 a pachetelor nerestr\u00e2nse<\/p>\n<ul>\n<li><strong>Prezentare general\u0103 a <a href=\"https:\/\/www.astm.org\/f1140_f1140m-13r20e01.html\" target=\"_blank\" rel=\"noopener nofollow\">ASTM F1140<\/a><\/strong>: Acest standard prezint\u0103 metodele de \u00eencercare a rezisten\u021bei la defectarea prin presurizare intern\u0103 a pachetelor nerestr\u00e2nse.<\/li>\n<li><strong>Procedura de testare detaliat\u0103 conform ASTM F1140<\/strong>: Implic\u0103 umflarea ambalajului p\u00e2n\u0103 la spargere \u0219i \u00eenregistrarea presiunii \u0219i a volumului de spargere.<\/li>\n<li><strong>Importan\u021ba conformit\u0103\u021bii cu ASTM F1140<\/strong>: Asigur\u0103 integritatea \u0219i fiabilitatea ambalajului, esen\u021biale pentru siguran\u021ba \u0219i performan\u021ba produsului.<\/li>\n<\/ul>\n<h4><a href=\"https:\/\/www.qualitester.com\/ro\/categorie-produs\/astm\/astm-f2054\/\">ASTM F2054<\/a><\/h4>\n<p style=\"padding-left: 40px;\">-Metoda standard de testare pentru testarea la explozie a garniturilor flexibile de etan\u0219are a pachetelor utiliz\u00e2nd presurizarea intern\u0103 a aerului \u00een cadrul pl\u0103cilor de re\u021binere<\/p>\n<ul>\n<li><strong>Prezentare general\u0103 a <a href=\"https:\/\/www.astm.org\/f2054_f2054m-13r20.html\" target=\"_blank\" rel=\"noopener nofollow\">ASTM F2054<\/a><\/strong>: Acest standard specific\u0103 metoda de \u00eencercare la spargere a garniturilor flexibile de etan\u0219are a ambalajelor utiliz\u00e2nd presurizarea intern\u0103 a aerului \u00een interiorul pl\u0103cilor de re\u021binere.<\/li>\n<li><strong>Procedura de testare detaliat\u0103 conform ASTM F2054<\/strong>: Implic\u0103 plasarea coletului \u00een pl\u0103ci de re\u021binere, umflarea acestuia \u0219i \u00eenregistrarea presiunii \u0219i a volumului de spargere.<\/li>\n<li><strong>Semnifica\u021bia ASTM F2054<\/strong>: Esen\u021bial pentru evaluarea rezisten\u021bei sigiliului \u0219i asigurarea integrit\u0103\u021bii ambalajului, \u00een special pentru ambalajele flexibile.<\/li>\n<\/ul>\n<h2>Avantajele utiliz\u0103rii aparatului nostru de testare a spargerii balonului<\/h2>\n<p><strong>1. Precizie \u0219i fiabilitate<\/strong><\/p>\n<ul>\n<li><strong>Precizie ridicat\u0103 \u00een m\u0103sur\u0103tori<\/strong>: Asigur\u0103 date precise \u0219i fiabile privind rezisten\u021ba la rupere.<\/li>\n<li><strong>Rezultate consecvente \u0219i repetabile<\/strong>: Ofer\u0103 \u00eencredere \u00een rezultatele testelor \u0219i \u00een evaluarea performan\u021belor materialelor.<\/li>\n<\/ul>\n<p><strong>2. Versatilitate<\/strong><\/p>\n<ul>\n<li><em><span style=\"text-decoration: underline;\"><strong>Potrivit pentru o gam\u0103 larg\u0103 de materiale \u0219i tipuri de ambalaje<\/strong>: Se adapteaz\u0103 diferitelor cerin\u021be de testare din diferite industrii.<\/span><\/em><\/li>\n<li><em><span style=\"text-decoration: underline;\"><strong>Parametrii de testare ajustabili pentru diferite cerin\u021be de testare<\/strong>: Ofer\u0103 flexibilitate \u00een testarea diverselor materiale \u0219i ambalaje.<\/span><\/em><\/li>\n<\/ul>\n<p><strong>3. U\u0219urin\u021ba utiliz\u0103rii<\/strong><\/p>\n<ul>\n<li><strong>Interfa\u021b\u0103 software intuitiv\u0103<\/strong>: Simplific\u0103 operarea \u0219i reduce curba de \u00eenv\u0103\u021bare.<\/li>\n<li><strong>Formare minim\u0103 necesar\u0103 pentru operatori<\/strong>: \u00cembun\u0103t\u0103\u021be\u0219te capacitatea de utilizare \u0219i eficien\u021ba.<\/li>\n<\/ul>\n<p><strong>4. Conformitate<\/strong><\/p>\n<ul>\n<li><strong>\u00cendepline\u0219te standardele ASTM F1140 \u0219i ASTM F2054<\/strong>: Asigur\u0103 respectarea standardelor \u0219i reglement\u0103rilor din industrie.<\/li>\n<li><strong>Asigur\u0103 conformitatea cu reglement\u0103rile din industrie \u0219i cu standardele de calitate<\/strong>: Garanteaz\u0103 fiabilitatea \u0219i integritatea rezultatelor testelor.<\/li>\n<\/ul>\n<h3>\u00centreb\u0103ri frecvente<\/h3>\n<h4>Care este scopul unui test de spargere a balonului?<\/h4>\n<p>Testul de spargere a balonului este utilizat pentru a determina testul de spargere a ambalajelor, asigur\u00e2ndu-se c\u0103 acestea pot rezista presiunii interne \u00een timpul manipul\u0103rii, depozit\u0103rii \u0219i transportului.<\/p>\n<h4>Cum m\u0103soar\u0103 testerul de spargere a balonului puterea de spargere?<\/h4>\n<p>Dispozitivul de testare umfl\u0103 ambalajul p\u00e2n\u0103 c\u00e2nd acesta se sparge, \u00eenregistr\u00e2nd presiunea \u0219i volumul de spargere pentru a evalua rezisten\u021ba \u0219i performan\u021ba materialului.<\/p>\n<h4>Ce tipuri de materiale pot fi testate cu aparatul de testare a spargerii balonului?<\/h4>\n<p>Testerul poate evalua o gam\u0103 larg\u0103 de materiale, inclusiv filme din plastic, laminate, ambalaje pentru dispozitive medicale, ambalaje farmaceutice, ambalaje pentru alimente \u0219i b\u0103uturi \u0219i ambalaje pentru bunuri de consum.<!--more--><\/p>\n<h2>Produse conexe<\/h2>\n<figure id=\"attachment_4059\" aria-describedby=\"caption-attachment-4059\" style=\"width: 300px\" class=\"wp-caption alignleft\"><a href=\"https:\/\/www.qualitester.com\/ro\/produs\/lt-01-leak-tester\/\"><img decoding=\"async\" class=\"wp-image-4059 size-medium\" src=\"https:\/\/www.qualitester.com\/wp-content\/uploads\/2023\/07\/LT-01-Leak-Tester-2-300x300.jpg\" alt=\"Tester de scurgere ASTM D3078\" width=\"300\" height=\"300\" srcset=\"https:\/\/www.qualitester.com\/wp-content\/uploads\/2023\/07\/LT-01-Leak-Tester-2-300x300.jpg 300w, https:\/\/www.qualitester.com\/wp-content\/uploads\/2023\/07\/LT-01-Leak-Tester-2-150x150.jpg 150w, https:\/\/www.qualitester.com\/wp-content\/uploads\/2023\/07\/LT-01-Leak-Tester-2-600x600.jpg 600w, https:\/\/www.qualitester.com\/wp-content\/uploads\/2023\/07\/LT-01-Leak-Tester-2-100x100.jpg 100w, https:\/\/www.qualitester.com\/wp-content\/uploads\/2023\/07\/LT-01-Leak-Tester-2.jpg 750w\" sizes=\"(max-width: 300px) 100vw, 300px\" \/><\/a><figcaption id=\"caption-attachment-4059\" class=\"wp-caption-text\"><strong><a href=\"https:\/\/www.qualitester.com\/ro\/produs\/lt-01-leak-tester\/\" target=\"_blank\" rel=\"noopener\">Tester de scurgere LT-01<\/a><\/strong><\/figcaption><\/figure>\n<figure id=\"attachment_3905\" aria-describedby=\"caption-attachment-3905\" style=\"width: 300px\" class=\"wp-caption alignleft\"><a href=\"https:\/\/www.qualitester.com\/ro\/produs\/leak-tester-lt-02\/\"><img decoding=\"async\" class=\"wp-image-3905 size-medium\" src=\"https:\/\/www.qualitester.com\/wp-content\/uploads\/2023\/04\/LT-02-Leak-Tester-01-300x300.jpg\" alt=\"Tester de scurgere ASTM D3078\" width=\"300\" height=\"300\" srcset=\"https:\/\/www.qualitester.com\/wp-content\/uploads\/2023\/04\/LT-02-Leak-Tester-01-300x300.jpg 300w, https:\/\/www.qualitester.com\/wp-content\/uploads\/2023\/04\/LT-02-Leak-Tester-01-150x150.jpg 150w, https:\/\/www.qualitester.com\/wp-content\/uploads\/2023\/04\/LT-02-Leak-Tester-01-600x600.jpg 600w, https:\/\/www.qualitester.com\/wp-content\/uploads\/2023\/04\/LT-02-Leak-Tester-01-100x100.jpg 100w, https:\/\/www.qualitester.com\/wp-content\/uploads\/2023\/04\/LT-02-Leak-Tester-01.jpg 750w\" sizes=\"(max-width: 300px) 100vw, 300px\" \/><\/a><figcaption id=\"caption-attachment-3905\" class=\"wp-caption-text\"><strong><a href=\"https:\/\/www.qualitester.com\/ro\/produs\/leak-tester-lt-02\/\" target=\"_blank\" rel=\"noopener\">Tester de scurgere LT-02<\/a><\/strong><\/figcaption><\/figure>\n<figure id=\"attachment_3694\" aria-describedby=\"caption-attachment-3694\" style=\"width: 300px\" class=\"wp-caption alignleft\"><a href=\"https:\/\/www.qualitester.com\/ro\/produs\/lt-03-seal-strength-testing-machine\/\"><img loading=\"lazy\" decoding=\"async\" class=\"wp-image-3694 size-medium\" src=\"https:\/\/www.qualitester.com\/wp-content\/uploads\/2023\/04\/LT-03-Leak-Tester-04-300x300.jpg\" alt=\"Tester de scurgere ASTM D3078\" width=\"300\" height=\"300\" srcset=\"https:\/\/www.qualitester.com\/wp-content\/uploads\/2023\/04\/LT-03-Leak-Tester-04-300x300.jpg 300w, https:\/\/www.qualitester.com\/wp-content\/uploads\/2023\/04\/LT-03-Leak-Tester-04-150x150.jpg 150w, https:\/\/www.qualitester.com\/wp-content\/uploads\/2023\/04\/LT-03-Leak-Tester-04-600x600.jpg 600w, https:\/\/www.qualitester.com\/wp-content\/uploads\/2023\/04\/LT-03-Leak-Tester-04-100x100.jpg 100w, https:\/\/www.qualitester.com\/wp-content\/uploads\/2023\/04\/LT-03-Leak-Tester-04.jpg 750w\" sizes=\"(max-width: 300px) 100vw, 300px\" \/><\/a><figcaption id=\"caption-attachment-3694\" class=\"wp-caption-text\"><strong><a href=\"https:\/\/www.qualitester.com\/ro\/produs\/lt-03-seal-strength-testing-machine\/\" target=\"_blank\" rel=\"noopener\">Tester de scurgere LT-03<\/a><\/strong><\/figcaption><\/figure>","protected":false},"excerpt":{"rendered":"<p><strong>Tester de explozie a balonului<\/strong> este un instrument esen\u021bial \u00een testarea materialelor \u0219i ambalajelor, conceput pentru a m\u0103sura rezisten\u021ba la rupere a diferitelor materiale de ambalare. Acest echipament avansat este esen\u021bial \u00een asigurarea durabilit\u0103\u021bii \u0219i fiabilit\u0103\u021bii ambalajelor, \u00een special \u00een industrii precum cea farmaceutic\u0103, alimentar\u0103 \u0219i a b\u0103uturilor, a dispozitivelor medicale \u0219i a bunurilor de consum. Aparatul Balloon Burst Tester se remarc\u0103 prin precizie, versatilitate \u0219i conformitate cu standardele industriale, devenind un instrument indispensabil pentru asigurarea calit\u0103\u021bii.<\/p>","protected":false},"featured_media":6136,"comment_status":"closed","ping_status":"closed","template":"","meta":{"site-sidebar-layout":"default","site-content-layout":"default","ast-global-header-display":"","ast-main-header-display":"","ast-hfb-above-header-display":"","ast-hfb-below-header-display":"","ast-hfb-mobile-header-display":"","site-post-title":"","ast-breadcrumbs-content":"","ast-featured-img":"","footer-sml-layout":"","theme-transparent-header-meta":"default","adv-header-id-meta":"","stick-header-meta":"","header-above-stick-meta":"","header-main-stick-meta":"","header-below-stick-meta":""},"product_cat":[845,953,676,675,17,149,16,108,109,95],"product_tag":[994],"class_list":{"0":"post-4401","1":"product","2":"type-product","3":"status-publish","4":"has-post-thumbnail","6":"product_cat-customization","7":"product_cat-bursting-tester","8":"product_cat-seal-strength-tester","9":"product_cat-leak-tester","10":"product_cat-package-container-testers","11":"product_cat-pharma-and-medical-testers","12":"product_cat-plastic-packaging-testers","13":"product_cat-astm-f1140","14":"product_cat-astm-f2054","15":"product_cat-products","16":"product_tag-leak-and-seal-strength-tester","17":"desktop-align-left","18":"tablet-align-left","19":"mobile-align-left","21":"first","22":"instock","23":"shipping-taxable","24":"product-type-simple"},"_links":{"self":[{"href":"https:\/\/www.qualitester.com\/ro\/wp-json\/wp\/v2\/product\/4401","targetHints":{"allow":["GET"]}}],"collection":[{"href":"https:\/\/www.qualitester.com\/ro\/wp-json\/wp\/v2\/product"}],"about":[{"href":"https:\/\/www.qualitester.com\/ro\/wp-json\/wp\/v2\/types\/product"}],"replies":[{"embeddable":true,"href":"https:\/\/www.qualitester.com\/ro\/wp-json\/wp\/v2\/comments?post=4401"}],"version-history":[{"count":0,"href":"https:\/\/www.qualitester.com\/ro\/wp-json\/wp\/v2\/product\/4401\/revisions"}],"wp:featuredmedia":[{"embeddable":true,"href":"https:\/\/www.qualitester.com\/ro\/wp-json\/wp\/v2\/media\/6136"}],"wp:attachment":[{"href":"https:\/\/www.qualitester.com\/ro\/wp-json\/wp\/v2\/media?parent=4401"}],"wp:term":[{"taxonomy":"product_cat","embeddable":true,"href":"https:\/\/www.qualitester.com\/ro\/wp-json\/wp\/v2\/product_cat?post=4401"},{"taxonomy":"product_tag","embeddable":true,"href":"https:\/\/www.qualitester.com\/ro\/wp-json\/wp\/v2\/product_tag?post=4401"}],"curies":[{"name":"wp","href":"https:\/\/api.w.org\/{rel}","templated":true}]}}