{"id":3282,"date":"2023-08-14T08:33:30","date_gmt":"2023-08-14T00:33:30","guid":{"rendered":"https:\/\/www.qualitester.com\/?post_type=product&#038;p=3282"},"modified":"2024-11-27T16:59:18","modified_gmt":"2024-11-27T08:59:18","slug":"heat-seal-data-testing-3-5-point","status":"publish","type":"product","link":"https:\/\/www.qualitester.com\/ro\/produs\/heat-seal-data-testing-3-5-point\/","title":{"rendered":"GHS-02 Tester de etan\u0219are termic\u0103 gradient"},"content":{"rendered":"<h2><strong>Introducere \u00een ma\u0219inile de testare a sigiliilor termice<\/strong><\/h2>\n<p>A <strong>Ma\u0219in\u0103 de testare a sigiliului termic<\/strong> este un dispozitiv esen\u021bial utilizat \u00een industria ambalajelor pentru a evalua propriet\u0103\u021bile de etan\u0219are termic\u0103 ale diferitelor materiale. Aceste materiale pot include filme, laminate \u0219i alte componente barier\u0103 flexibile. Rezisten\u021ba \u0219i integritatea sigiliului termic sunt vitale pentru a se asigura c\u0103 ambalajul ofer\u0103 o protec\u021bie fiabil\u0103 pentru produse precum alimente, produse farmaceutice, electronice \u0219i altele. Sigiliile inexacte sau slabe pot compromite calitatea, siguran\u021ba \u0219i durata de valabilitate a produsului, motiv pentru care testerul de sigilare termic\u0103 joac\u0103 un rol esen\u021bial \u00een asigurarea calit\u0103\u021bii.<\/p>\n<p>Ma\u0219ina func\u021bioneaz\u0103 prin simularea condi\u021biilor \u00een care se formeaz\u0103 sigiliile termice \u00een timpul procesului de ambalare. Prin aplicarea unei combina\u021bii controlate de c\u0103ldur\u0103, presiune \u0219i timp, produc\u0103torii pot determina condi\u021biile optime pentru ob\u021binerea unor sigil\u0103ri puternice \u0219i durabile. Acest proces ajut\u0103 la reglarea fin\u0103 a parametrilor de sigilare, asigur\u00e2nd c\u0103 ambalajul este consistent \u0219i fiabil.<\/p>\n<h2><strong>\u00cen\u021belegerea ASTM F2029-16 (2021): Practici standard pentru realizarea etan\u0219\u0103rilor termice de laborator<\/strong><\/h2>\n<p><strong><a href=\"https:\/\/www.astm.org\/f2029-16r21.html\" target=\"_blank\" rel=\"noopener nofollow\">ASTM F2029<\/a>-16 (2021)<\/strong>, intitulat <em>Practici standard de realizare a sigiliilor termice de laborator pentru determinarea sigilabilit\u0103\u021bii termice a materialelor de protec\u021bie flexibile m\u0103surate prin rezisten\u021ba sigiliului<\/em>, este un standard fundamental pentru testarea sigiliilor termice. Acest standard define\u0219te procedurile de laborator pentru crearea sigiliilor termice \u0219i evaluarea rezisten\u021bei acestora. Acesta garanteaz\u0103 c\u0103 testarea sigiliilor termice se realizeaz\u0103 \u00een condi\u021bii precise \u0219i controlate pentru a produce rezultate precise \u0219i repetabile.<\/p>\n<p>The <strong>metode de testare<\/strong> subliniat \u00een <a href=\"https:\/\/www.qualitester.com\/ro\/categorie-produs\/astm\/astm-f2029\/\" target=\"_blank\" rel=\"noopener\">ASTM F2029<\/a> se concentreaz\u0103 pe determinarea capacit\u0103\u021bii de etan\u0219are termic\u0103 a materialelor prin aplicarea unei temperaturi, a unei presiuni \u0219i a unui timp de a\u0219teptare specifice. Standardul ajut\u0103 produc\u0103torii s\u0103 \u00een\u021beleag\u0103 caracteristicile de etan\u0219are ale materialelor barier\u0103 flexibile, inclusiv modul \u00een care acestea func\u021bioneaz\u0103 \u00een diferite condi\u021bii de etan\u0219are. Acest lucru este esen\u021bial pentru asigurarea integrit\u0103\u021bii materialului \u0219i a capacit\u0103\u021bii sale de a proteja con\u021binutul de factori externi, precum umiditatea, aerul \u0219i contaminan\u021bii.<\/p>\n<h2><strong>Sigilator cu c\u0103ldur\u0103 gradient\u0103: Tehnologie avansat\u0103 pentru teste de precizie<\/strong><\/h2>\n<p>A <strong>Sigilator cu c\u0103ldur\u0103 gradient<\/strong> este o ma\u0219in\u0103 avansat\u0103 de testare a sigil\u0103rii termice care ofer\u0103 posibilitatea de a crea un gradient de temperatur\u0103 controlat \u00een zona de sigilare. Aceast\u0103 caracteristic\u0103 \u00eel diferen\u021biaz\u0103 de aparatele tradi\u021bionale de sigilare termic\u0103, care func\u021bioneaz\u0103 de obicei la o singur\u0103 temperatur\u0103. Termenul \"gradient\" se refer\u0103 la capacitatea ma\u0219inii de a simula condi\u021biile reale de etan\u0219are, \u00een care pot ap\u0103rea varia\u021bii de temperatur\u0103 pe suprafa\u021ba de etan\u0219are.<\/p>\n<p>The <strong>Sigilator cu c\u0103ldur\u0103 gradient<\/strong> permite produc\u0103torilor s\u0103 efectueze simultan mai multe teste la temperaturi diferite, reduc\u00e2nd semnificativ timpii de a\u0219teptare \u00eentre teste. Acest <strong>capacitate multi-sta\u021bie<\/strong> face ca aparatul s\u0103 fie extrem de eficient, \u00een special atunci c\u00e2nd testeaz\u0103 materiale cu cerin\u021be diferite de sigilare termic\u0103. Prin testarea simultan\u0103 la diferite temperaturi, produc\u0103torii pot determina rapid cele mai bune condi\u021bii de sigilare pentru diferite materiale, \u00eembun\u0103t\u0103\u021bind productivitatea general\u0103.<\/p>\n<h4><strong>Principalele beneficii<\/strong>:<\/h4>\n<ul>\n<li><strong>Eficien\u021b\u0103 crescut\u0103<\/strong>: Testarea simultan\u0103 la temperaturi diferite reduce timpul total de testare.<\/li>\n<li><strong>Precizie \u00eembun\u0103t\u0103\u021bit\u0103<\/strong>: Caracteristica gradient asigur\u0103 o reprezentare mai precis\u0103 a condi\u021biilor reale de etan\u0219are, oferind o perspectiv\u0103 mai bun\u0103 asupra comportamentului materialului \u00een condi\u021bii variate de etan\u0219are.<\/li>\n<li><strong>Set\u0103ri personalizabile<\/strong>: Ma\u0219ina poate fi reglat\u0103 pentru a se potrivi diferitelor tipuri de materiale, temperaturi \u0219i presiuni, ceea ce o face versatil\u0103 pentru diferite industrii \u0219i nevoi de testare.<\/li>\n<\/ul>\n<h2><strong>Caracteristici tehnice ale ma\u0219inii de testare a sigiliilor termice (GHS-02 Gradient Heat Seal Tester)<\/strong><\/h2>\n<p>The <strong>GHS-02 Tester de etan\u0219are termic\u0103 gradient<\/strong> este echipat cu mai multe caracteristici de ultim\u0103 or\u0103 care asigur\u0103 o testare precis\u0103, fiabil\u0103 \u0219i eficient\u0103:<\/p>\n<ul>\n<li><strong>Control PLC &amp; HMI cu ecran tactil<\/strong>: Ma\u0219ina este avansat\u0103 <strong>Unitate de control PLC<\/strong> \u0219i <strong>Ecran tactil HMI<\/strong> permit personalizarea u\u0219oar\u0103 a set\u0103rilor \u0219i monitorizarea \u00een timp real, asigur\u00e2nd un control precis asupra temperaturii, presiunii \u0219i timpului de etan\u0219are.<\/li>\n<li><strong>F\u0103lci cu \u00eenc\u0103lzire dubl\u0103<\/strong>: F\u0103lcile de etan\u0219are superioare \u0219i inferioare sunt \u00eenc\u0103lzite independent, ceea ce elimin\u0103 pierderile de c\u0103ldur\u0103 \u0219i asigur\u0103 o temperatur\u0103 constant\u0103 pe parcursul procesului de etan\u0219are.<\/li>\n<li><strong>Controler de temperatur\u0103 PID<\/strong>: The <strong>Controler de temperatur\u0103 PID<\/strong> asigur\u0103 gestionarea optim\u0103 a \u00eenc\u0103lzirii, asigur\u00e2nd c\u0103 temperatura r\u0103m\u00e2ne stabil\u0103 \u0219i precis\u0103 \u00een timpul test\u0103rii.<\/li>\n<li><strong>Senzori de proximitate \u0219i presiune<\/strong>: Ace\u0219ti senzori asigur\u0103 un control precis al presiunii de etan\u0219are \u0219i al timpului de a\u0219teptare, contribuind la ob\u021binerea unor etan\u0219\u0103ri uniforme.<\/li>\n<li><strong>Bar\u0103 de etan\u0219are ghidat\u0103<\/strong>: A <strong>bar\u0103 de etan\u0219are ghidat\u0103 \u00een trei direc\u021bii<\/strong> asigur\u0103 o presiune de etan\u0219are constant\u0103, care este esen\u021bial\u0103 pentru etan\u0219\u0103ri uniforme \u0219i puternice.<\/li>\n<li><strong>Caracteristici de siguran\u021b\u0103 pentru utilizator<\/strong>: GHS-02 este proiectat av\u00e2nd \u00een vedere protec\u021bia utilizatorului, inclusiv o <strong>capac frontal anti-scaldare<\/strong>, a <strong>comutator manual cu piciorul<\/strong>\u0219i alte caracteristici de siguran\u021b\u0103 pentru a asigura siguran\u021ba operatorilor \u00een timpul test\u0103rii.<\/li>\n<li><strong>Op\u021biuni de personalizare<\/strong>: Ma\u0219ina ofer\u0103 personalizare <strong>dimensiunile f\u0103lcilor de etan\u0219are<\/strong>, <strong>modele de suprafe\u021be de etan\u0219are<\/strong>\u0219i multe altele pentru a r\u0103spunde diferitelor nevoi de testare.<\/li>\n<li><strong>Personalizarea temperaturii gradientului<\/strong>: Ma\u0219ina poate fi configurat\u0103 pentru a realiza diferite <strong>gradient de temperatur\u0103<\/strong>, permi\u021b\u00e2nd o mai mare flexibilitate a test\u0103rii.<\/li>\n<li><strong>Port RS232 pentru conectivitate de date<\/strong>: The <strong>Port RS232<\/strong> \u0219i software-ul profesional op\u021bional permit transferul de date f\u0103r\u0103 \u00eentreruperi, facilit\u00e2nd analiza \u0219i stocarea rezultatelor testelor.<\/li>\n<\/ul>\n<h2><strong>Procesul de testare \u0219i fluxul de lucru<\/strong><\/h2>\n<p>Procesul de testare cu ajutorul <strong>Ma\u0219in\u0103 de testare a sigiliului termic<\/strong> este simpl\u0103, dar precis\u0103:<\/p>\n<ol>\n<li><strong>A\u0219eza\u021bi e\u0219antionul<\/strong>: O prob\u0103 din materialul care urmeaz\u0103 s\u0103 fie testat este plasat\u0103 \u00eentre dou\u0103 f\u0103lci de etan\u0219are paralele, \u00eenc\u0103lzite, cu suprafe\u021be plane.<\/li>\n<li><strong>Regla\u021bi set\u0103rile<\/strong>: Utilizatorul stabile\u0219te temperatura, presiunea \u0219i timpul de etan\u0219are dorite \u00een func\u021bie de material \u0219i de condi\u021biile de etan\u0219are dorite.<\/li>\n<li><strong>Sigila\u021bi e\u0219antionul<\/strong>: Odat\u0103 ce temperatura necesar\u0103 este atins\u0103, falca superioar\u0103 de etan\u0219are, ac\u021bionat\u0103 de un cilindru de gaz, este cobor\u00e2t\u0103 pentru a aplica o presiune specificat\u0103 asupra probei pentru timpul desemnat.<\/li>\n<li><strong>Returnare \u0219i evaluare<\/strong>: Dup\u0103 expirarea timpului de etan\u0219are prestabilit, maxilarul superior revine \u00een pozi\u021bia ini\u021bial\u0103, iar proba este \u00eendep\u0103rtat\u0103 pentru evaluare.<\/li>\n<\/ol>\n<h2><strong>Parametrii principali ai ma\u0219inii de testare a sigiliilor termice<\/strong><\/h2>\n<p>The <strong>GHS-02 Tester de etan\u0219are termic\u0103 gradient<\/strong> vine cu un set de parametri preci\u0219i pentru a asigura rezultate exacte:<\/p>\n<table>\n<tbody>\n<tr>\n<td style=\"text-align: center;\" width=\"123\">Temperatur\u0103 de etan\u0219are.<\/td>\n<td style=\"text-align: center;\" width=\"196\">Ambient ~ 250 \u2103<\/td>\n<\/tr>\n<tr>\n<td style=\"text-align: center;\" width=\"123\">Temp. Gradient<\/td>\n<td style=\"text-align: center;\" width=\"196\">\u226420\u2103<\/td>\n<\/tr>\n<tr>\n<td style=\"text-align: center;\" width=\"123\">Devia\u021bie<\/td>\n<td style=\"text-align: center;\" width=\"196\">\u00b10.2\u2103<\/td>\n<\/tr>\n<tr>\n<td style=\"text-align: center;\" width=\"123\">Timp de etan\u0219are<\/td>\n<td style=\"text-align: center;\" width=\"196\">0.1S~9999H<\/td>\n<\/tr>\n<tr>\n<td style=\"text-align: center;\" width=\"123\">Presiunea de etan\u0219are<\/td>\n<td style=\"text-align: center;\" width=\"196\">0,15 ~ 0,7 MPa<\/td>\n<\/tr>\n<tr>\n<td style=\"text-align: center;\" width=\"123\">F\u0103lci de etan\u0219are (mm)<\/td>\n<td style=\"text-align: center;\" width=\"196\">U:40*10 5PCS\/L:330 1PCS<\/td>\n<\/tr>\n<tr>\n<td style=\"text-align: center;\" width=\"123\">Intrare gaz<\/td>\n<td style=\"text-align: center;\" width=\"196\">0,7 MPa cu \u021beav\u0103 \u04246 mm<\/td>\n<\/tr>\n<tr>\n<td style=\"text-align: center;\" width=\"123\">Putere<\/td>\n<td style=\"text-align: center;\" width=\"196\">AC 220V 50Hz<\/td>\n<\/tr>\n<\/tbody>\n<\/table>\n<h2><strong>Respectarea standardelor \u0219i certific\u0103ri<\/strong><\/h2>\n<p>The <strong>Ma\u0219in\u0103 de testare a sigiliului termic<\/strong> este \u00een deplin\u0103 conformitate cu <strong>ASTM F2029-16 (2021)<\/strong>, asigur\u00e2nd c\u0103 aparatul \u00eendepline\u0219te standardele industriale necesare pentru testarea sigil\u0103rii la cald. Aceast\u0103 certificare garanteaz\u0103 c\u0103 aparatul produce rezultate fiabile \u0219i precise, care sunt \u00een concordan\u021b\u0103 cu cele mai recunoscute standarde de sigilare termic\u0103. Produc\u0103torii pot avea \u00eencredere c\u0103 aparatul GHS-02 Gradient Heat Seal Tester furnizeaz\u0103 m\u0103sur\u0103tori precise care contribuie la asigurarea calit\u0103\u021bii \u0219i fiabilit\u0103\u021bii ambalajelor lor.<\/p>\n<h2><strong>De ce s\u0103 alege\u021bi GHS-02 Gradient Heat Seal Tester<\/strong><\/h2>\n<ul>\n<li><strong>Eficien\u021b\u0103<\/strong>: Testa\u021bi simultan mai multe probe la temperaturi diferite, reduc\u00e2nd timpul total de testare \u0219i cresc\u00e2nd productivitatea.<\/li>\n<li><strong>Precizie<\/strong>: Ob\u021bine\u021bi rezultate foarte precise ale testelor cu parametri personalizabili \u0219i control avansat al temperaturii.<\/li>\n<li><strong>Fiabilitate<\/strong>: Conformitatea cu <strong>ASTM F2029<\/strong> asigur\u0103 c\u0103 testarea dvs. respect\u0103 standardele industriale privind rezisten\u021ba \u0219i integritatea sigiliului termic.<\/li>\n<li><strong>Personalizare<\/strong>: Adapta\u021bi set\u0103rile \u0219i caracteristicile ma\u0219inii pentru a v\u0103 satisface nevoile unice de testare, de la dimensiunile f\u0103lcilor de etan\u0219are la presiunea de etan\u0219are.<\/li>\n<\/ul>\n<p>The <strong>Ma\u0219in\u0103 de testare a sigiliului termic<\/strong> este un instrument esen\u021bial pentru produc\u0103torii din industria ambalajelor, asigur\u00e2nd c\u0103 produsele lor sunt sigilate cu rezisten\u021b\u0103 \u0219i integritate optime. Indiferent dac\u0103 ambala\u021bi produse alimentare, farmaceutice sau electronice, Testerul de etan\u0219are cu c\u0103ldur\u0103 gradient GHS-02 ofer\u0103 precizia \u0219i eficien\u021ba de care ave\u021bi nevoie pentru a asigura etan\u0219\u0103ri de cea mai \u00eenalt\u0103 calitate. Cu tehnologia sa avansat\u0103, conformitatea cu <strong>ASTM F2029<\/strong>\u0219i set\u0103rile personalizabile, acest aparat este alegerea ideal\u0103 pentru companiile care doresc s\u0103 \u00ee\u0219i \u00eembun\u0103t\u0103\u021beasc\u0103 procesele de control al calit\u0103\u021bii ambalajelor.<\/p>","protected":false},"excerpt":{"rendered":"<p>A <strong>Ma\u0219in\u0103 de testare a sigiliului termic<\/strong> este un dispozitiv esen\u021bial utilizat \u00een industria ambalajelor pentru a evalua propriet\u0103\u021bile de etan\u0219are termic\u0103 ale diferitelor materiale. Aceste materiale pot include filme, laminate \u0219i alte componente barier\u0103 flexibile. Rezisten\u021ba \u0219i integritatea sigil\u0103rii termice sunt vitale pentru a se asigura c\u0103 ambalajul ofer\u0103 o protec\u021bie fiabil\u0103 pentru produse precum alimente, produse farmaceutice, electronice \u0219i altele.<\/p>","protected":false},"featured_media":5917,"comment_status":"closed","ping_status":"closed","template":"","meta":{"site-sidebar-layout":"default","site-content-layout":"default","ast-global-header-display":"","ast-main-header-display":"","ast-hfb-above-header-display":"","ast-hfb-below-header-display":"","ast-hfb-mobile-header-display":"","site-post-title":"","ast-breadcrumbs-content":"","ast-featured-img":"","footer-sml-layout":"","theme-transparent-header-meta":"default","adv-header-id-meta":"","stick-header-meta":"","header-above-stick-meta":"","header-main-stick-meta":"","header-below-stick-meta":""},"product_cat":[845,677,149,16,142,95],"product_tag":[64,922,504,506,505,909],"class_list":{"0":"post-3282","1":"product","2":"type-product","3":"status-publish","4":"has-post-thumbnail","6":"product_cat-customization","7":"product_cat-heat-seal-tester","8":"product_cat-pharma-and-medical-testers","9":"product_cat-plastic-packaging-testers","10":"product_cat-astm-f2029","11":"product_cat-products","12":"product_tag-astm-f2029","13":"product_tag-gradient-heat-seal-tester","14":"product_tag-heat-sealing-pressure","15":"product_tag-heat-sealing-temperature","16":"product_tag-heat-sealing-time","17":"product_tag-packaging-heat-seal-data","18":"desktop-align-left","19":"tablet-align-left","20":"mobile-align-left","22":"first","23":"instock","24":"shipping-taxable","25":"product-type-simple"},"_links":{"self":[{"href":"https:\/\/www.qualitester.com\/ro\/wp-json\/wp\/v2\/product\/3282","targetHints":{"allow":["GET"]}}],"collection":[{"href":"https:\/\/www.qualitester.com\/ro\/wp-json\/wp\/v2\/product"}],"about":[{"href":"https:\/\/www.qualitester.com\/ro\/wp-json\/wp\/v2\/types\/product"}],"replies":[{"embeddable":true,"href":"https:\/\/www.qualitester.com\/ro\/wp-json\/wp\/v2\/comments?post=3282"}],"version-history":[{"count":0,"href":"https:\/\/www.qualitester.com\/ro\/wp-json\/wp\/v2\/product\/3282\/revisions"}],"wp:featuredmedia":[{"embeddable":true,"href":"https:\/\/www.qualitester.com\/ro\/wp-json\/wp\/v2\/media\/5917"}],"wp:attachment":[{"href":"https:\/\/www.qualitester.com\/ro\/wp-json\/wp\/v2\/media?parent=3282"}],"wp:term":[{"taxonomy":"product_cat","embeddable":true,"href":"https:\/\/www.qualitester.com\/ro\/wp-json\/wp\/v2\/product_cat?post=3282"},{"taxonomy":"product_tag","embeddable":true,"href":"https:\/\/www.qualitester.com\/ro\/wp-json\/wp\/v2\/product_tag?post=3282"}],"curies":[{"name":"wp","href":"https:\/\/api.w.org\/{rel}","templated":true}]}}