{"id":3281,"date":"2023-08-14T08:28:02","date_gmt":"2023-08-14T00:28:02","guid":{"rendered":"https:\/\/www.qualitester.com\/?post_type=product&#038;p=3281"},"modified":"2024-12-05T09:19:19","modified_gmt":"2024-12-05T01:19:19","slug":"heat-seal-material-film-hot-tack-property-test","status":"publish","type":"product","link":"https:\/\/www.qualitester.com\/ro\/produs\/heat-seal-material-film-hot-tack-property-test\/","title":{"rendered":"HTT-01 Tester de lipire la cald"},"content":{"rendered":"<h2><strong>Introducere \u00een testul Hot Tack<\/strong><\/h2>\n<p>The <strong>test de aderen\u021b\u0103 la cald<\/strong> este o metod\u0103 de evaluare critic\u0103 care m\u0103soar\u0103 rezisten\u021ba sigiliilor termice imediat dup\u0103 sigilare \u0219i \u00eenainte ca sigiliul s\u0103 se r\u0103ceasc\u0103. Acest test este esen\u021bial \u00een industriile \u00een care este necesar\u0103 o etan\u0219are rapid\u0103 \u0219i fiabil\u0103, \u00een special \u00een <strong>form\u0103 vertical\u0103 - umplere - etan\u0219are (VFFS)<\/strong> procese. O aderen\u021b\u0103 puternic\u0103 la cald asigur\u0103 c\u0103 sigiliul r\u0103m\u00e2ne intact atunci c\u00e2nd ambalajul este umplut cu produse, prevenind scurgerile \u0219i men\u021bin\u00e2nd integritatea produsului.<\/p>\n<p>Testarea adezivit\u0103\u021bii la cald este utilizat\u0103 pe scar\u0103 larg\u0103 \u00een industrii precum ambalarea alimentelor, produsele farmaceutice, adezivii \u0219i electronicele, unde performan\u021ba ambalajelor are un impact direct asupra siguran\u021bei \u0219i calit\u0103\u021bii produselor.<\/p>\n<h2><strong>Prezentare general\u0103 a test\u0103rii sigiliilor termice<\/strong><\/h2>\n<p><strong>Testarea sigiliilor termice<\/strong> evalueaz\u0103 rezisten\u021ba, durabilitatea \u0219i flexibilitatea general\u0103 a materialelor termoplastice dup\u0103 sigilare. Se asigur\u0103 c\u0103 sigiliile pot rezista condi\u021biilor de manipulare, depozitare \u0219i transport. Factorii cheie care influen\u021beaz\u0103 performan\u021ba sigil\u0103rii termice includ:<\/p>\n<ul>\n<li><strong>Temperatura de etan\u0219are<\/strong><\/li>\n<li><strong>Presiunea<\/strong><\/li>\n<li><strong>Timp de repaus<\/strong><\/li>\n<li><strong>Timp de r\u0103cire<\/strong><\/li>\n<\/ul>\n<p>Controlul precis al acestor parametri este esen\u021bial pentru ob\u021binerea unor sigil\u0103ri consecvente \u0219i fiabile, ceea ce face ca testarea sigil\u0103rii termice s\u0103 fie o piatr\u0103 de temelie a asigur\u0103rii calit\u0103\u021bii \u00een ambalajul flexibil.<\/p>\n<h2><strong><a href=\"https:\/\/www.astm.org\/f1921_f1921m-12r18.html\" rel=\"nofollow noopener\" target=\"_blank\">ASTM F1921<\/a> \u0219i <a href=\"https:\/\/www.astm.org\/f2029-16r21.html\" rel=\"nofollow noopener\" target=\"_blank\">ASTM F2029<\/a> Standarde<\/strong><\/h2>\n<ul>\n<li><a href=\"https:\/\/www.qualitester.com\/ro\/categorie-produs\/astm\/astm-f1921\/\"><strong>ASTM F1921<\/strong><\/a>:<br \/>\nAcest standard prezint\u0103 metodele de testare pentru determinarea <strong>rezisten\u021b\u0103 la etan\u0219are la cald<\/strong> (lipire la cald) a materialelor termoplastice. Acesta ofer\u0103 orient\u0103ri privind condi\u021biile de etan\u0219are, procedurile de testare \u0219i m\u0103surarea for\u021bei necesare pentru separarea etan\u0219\u0103rilor.<\/li>\n<li><a href=\"https:\/\/www.qualitester.com\/ro\/categorie-produs\/astm\/astm-f2029\/\"><strong>ASTM F2029<\/strong><\/a>:<br \/>\nAcest standard descrie <strong>practici pentru realizarea sigiliilor termice<\/strong> \u0219i evaluarea rezisten\u021bei acestora. Se asigur\u0103 c\u0103 materialele termosigilabile \u00eendeplinesc criteriile de performan\u021b\u0103 prin specificarea parametrilor pentru sigilare \u0219i testare.<\/li>\n<\/ul>\n<p>Ambele standarde sunt esen\u021biale pentru men\u021binerea controlului calit\u0103\u021bii \u0219i asigurarea conformit\u0103\u021bii cu reglement\u0103rile din industrie.<\/p>\n<h2><strong>HTT-01 Tester de trac\u021biune \u0219i lipire la cald<\/strong><\/h2>\n<p>The <strong>HTT-01 Tester de trac\u021biune \u0219i lipire la cald<\/strong> este un instrument versatil conceput pentru a evalua at\u00e2t <strong>adeziv fierbinte<\/strong> \u0219i global <strong>rezisten\u021ba etan\u0219\u0103rii<\/strong> a materialelor termoplastice. Acesta ofer\u0103 date fiabile pentru asigurarea calit\u0103\u021bii \u00een aplica\u021biile de ambalare \u0219i ajut\u0103 produc\u0103torii s\u0103 \u00ee\u0219i optimizeze procesele de etan\u0219are.<\/p>\n<p><strong>Aplica\u021bii cheie:<\/strong><\/p>\n<ul>\n<li>Testarea aderen\u021bei la cald pentru ambalajele VFFS.<\/li>\n<li>Evaluarea rezisten\u021bei sigiliului termic pentru benzi flexibile.<\/li>\n<li>Testarea for\u021bei de trac\u021biune \u0219i de exfoliere a materialelor termoplastice.<\/li>\n<\/ul>\n<h2><strong>Principiul \u0219i procesul de testare<\/strong><\/h2>\n<p>Testul de aderen\u021b\u0103 la cald presupune etan\u0219area unei benzi de prob\u0103 \u00eentre dou\u0103 f\u0103lci \u00eenc\u0103lzite \u00een condi\u021bii controlate:<\/p>\n<ol>\n<li><strong>Parametrii de etan\u0219are<\/strong>: Temperatura, timpul de a\u0219teptare, presiunea \u0219i timpul de r\u0103cire sunt stabilite \u00een func\u021bie de specifica\u021biile materialului.<\/li>\n<li><strong>Test de separare<\/strong>: Dup\u0103 sigilare, proba este separat\u0103 la o vitez\u0103 specificat\u0103, iar for\u021ba necesar\u0103 pentru ruperea sigiliului este m\u0103surat\u0103.<\/li>\n<\/ol>\n<p>For\u021ba rezultat\u0103 indic\u0103 <strong>rezisten\u021b\u0103 la aderen\u021b\u0103 la cald<\/strong>, ceea ce este esen\u021bial pentru asigurarea performan\u021bei ambalajului \u00een aplica\u021bii reale.<\/p>\n<h2><strong>Principalele caracteristici tehnice ale HTT-01<\/strong><\/h2>\n<ul>\n<li><strong>Control \u0219i interfa\u021b\u0103 avansate<\/strong>:<br \/>\nHTT-01 dispune de o <strong>Sistem controlat de PLC<\/strong> cu un <strong>Ecran tactil HMI<\/strong> asigur\u00e2nd stabilitatea la nivel industrial \u0219i operarea prietenoas\u0103.<\/li>\n<li><strong>Capacit\u0103\u021bi de testare versatile<\/strong>:<br \/>\nAcesta sus\u021bine <strong>teste de aderen\u021b\u0103 la cald, trac\u021biune \u0219i exfoliere<\/strong>, ceea ce \u00eel face o solu\u021bie multifunc\u021bional\u0103 pentru diverse aplica\u021bii.<\/li>\n<li><strong>Precizia temperaturii<\/strong>:<br \/>\nTesterul utilizeaz\u0103 un <strong>Regulator de temperatur\u0103 Delta P.I.D.<\/strong> \u0219i <strong>Senzor PT100<\/strong> pentru controlul precis al temperaturii, asigur\u00e2nd rezultate repetabile.<\/li>\n<li><strong>Parametri ajustabili<\/strong>:<br \/>\nUtilizatorii pot personaliza temperatura de etan\u0219are, presiunea \u0219i timpul de \u0219edere, cu viteze de testare cuprinse \u00eentre <strong>1 p\u00e2n\u0103 la 2000 mm\/min<\/strong>.<\/li>\n<li><strong>Siguran\u021ba \u0219i gestionarea datelor<\/strong>:<br \/>\nHTT-01 include caracteristici de siguran\u021b\u0103 precum <strong>resetare automat\u0103<\/strong>, <strong>protec\u021bie la suprasarcin\u0103<\/strong>, \u0219i <strong>protec\u021bie la dep\u0103\u0219irea cursei<\/strong>. Datele pot fi gestionate prin intermediul unui <strong>Port RS 232<\/strong> \u0219i software profesional op\u021bional.<\/li>\n<\/ul>\n<h2><strong>Specifica\u021bii tehnice principale<\/strong><\/h2>\n<table>\n<tbody>\n<tr>\n<td width=\"123\">Temperatur\u0103 de etan\u0219are.<\/td>\n<td width=\"251\">Ambient ~ 250 \u2103<\/td>\n<\/tr>\n<tr>\n<td width=\"123\">Precizie temp.<\/td>\n<td width=\"251\">\u00b10.2\u2103<\/td>\n<\/tr>\n<tr>\n<td width=\"123\">Timp de sta\u021bionare<\/td>\n<td width=\"251\">0.1~9999s (sigilare termic\u0103)<\/td>\n<\/tr>\n<tr>\n<td width=\"123\">Timp de sta\u021bionare<\/td>\n<td width=\"251\">0.1~9999s (Hot Tack )<\/td>\n<\/tr>\n<tr>\n<td width=\"123\">Presiunea de etan\u0219are<\/td>\n<td width=\"251\">0.15MPa~0.7MPa<\/td>\n<\/tr>\n<tr>\n<td width=\"123\">F\u0103lci de etan\u0219are<\/td>\n<td width=\"251\">50mmx10mm acoperit cu teflon<\/td>\n<\/tr>\n<tr>\n<td width=\"123\">\u00cenc\u0103lzire cu f\u0103lci<\/td>\n<td width=\"251\">\u00cenc\u0103lzire dubl\u0103<\/td>\n<\/tr>\n<tr>\n<td width=\"123\">Celul\u0103 de \u00eenc\u0103rcare<\/td>\n<td width=\"251\">200N (op\u021bional: 30N50N100N, etc.)<\/td>\n<\/tr>\n<tr>\n<td width=\"123\">Acurate\u021be<\/td>\n<td width=\"251\">0,5 F.S.<\/td>\n<\/tr>\n<tr>\n<td width=\"123\">Rezolu\u021bie<\/td>\n<td width=\"251\">0.01N<\/td>\n<\/tr>\n<tr>\n<td width=\"123\">Putere<\/td>\n<td width=\"251\">220V, 50 HZ<\/td>\n<\/tr>\n<\/tbody>\n<\/table>\n<h2><strong>Semnifica\u021bia testelor de lipire la cald \u0219i de etan\u0219are termic\u0103<\/strong><\/h2>\n<ul>\n<li><strong>Asigurarea calit\u0103\u021bii \u0219i siguran\u021bei<\/strong>:<br \/>\nTestele de aderen\u021b\u0103 la cald \u0219i de etan\u0219are termic\u0103 joac\u0103 un rol vital \u00een men\u021binerea calit\u0103\u021bii \u0219i siguran\u021bei produselor ambalate. Prin evaluarea rezisten\u021bei sigil\u0103rii \u00een diferite etape, produc\u0103torii pot preveni scurgerile \u0219i defec\u021biunile produselor.<\/li>\n<li><strong>Conformitatea industriei<\/strong>:<br \/>\nAderarea la <strong>ASTM F1921<\/strong> \u0219i <strong>ASTM F2029<\/strong> se asigur\u0103 c\u0103 produsele \u00eendeplinesc standardele industriei \u0219i a\u0219tept\u0103rile clien\u021bilor.<\/li>\n<li><strong>Optimizarea proceselor<\/strong>:<br \/>\nDatele colectate \u00een urma testelor de lipire la cald \u0219i sigilare termic\u0103 ajut\u0103 la optimizarea proceselor de ambalare, \u00eembun\u0103t\u0103\u021bind eficien\u021ba \u0219i reduc\u00e2nd de\u0219eurile.<\/li>\n<\/ul>\n<p>The <strong>HTT-01 Tester de trac\u021biune \u0219i lipire la cald<\/strong> este un instrument esen\u021bial pentru asigurarea integrit\u0103\u021bii \u0219i fiabilit\u0103\u021bii sigiliilor termice \u00een ambalajele flexibile. Prin aderarea la <strong>ASTM F1921<\/strong> \u0219i <strong>ASTM F2029<\/strong> acest tester ajut\u0103 produc\u0103torii s\u0103 ob\u021bin\u0103 o calitate constant\u0103 \u0219i s\u0103 \u00eendeplineasc\u0103 cerin\u021bele industriei. Caracteristicile sale avansate, comenzile de precizie \u0219i versatilitatea \u00eel fac un bun valoros \u00een asigurarea calit\u0103\u021bii ambalajelor.<\/p>\n<h2><strong>\u00centreb\u0103ri frecvente<\/strong><\/h2>\n<ol>\n<li><strong>Ce este un test de lipire la cald \u0219i de ce este important?<\/strong><br \/>\nTestul de aderen\u021b\u0103 la cald m\u0103soar\u0103 rezisten\u021ba unui sigiliu termic imediat dup\u0103 sigilare, esen\u021bial pentru men\u021binerea integrit\u0103\u021bii ambalajului \u00een procesele de mare vitez\u0103.<\/li>\n<li><strong>Prin ce difer\u0103 testul de etan\u0219are termic\u0103 de testul de aderen\u021b\u0103 la cald?<\/strong><br \/>\nTestarea sigiliului termic evalueaz\u0103 rezisten\u021ba general\u0103 a sigiliului dup\u0103 r\u0103cire, \u00een timp ce testarea aderen\u021bei la cald evalueaz\u0103 rezisten\u021ba sigiliului \u00eenainte de r\u0103cire.<\/li>\n<li><strong>Ce industrii utilizeaz\u0103 testarea prin lipire la cald \u0219i sigilare termic\u0103?<\/strong><br \/>\nIndustrii precum ambalarea alimentelor, produsele farmaceutice, adezivii \u0219i electronicele se bazeaz\u0103 pe aceste teste pentru a asigura siguran\u021ba \u0219i calitatea produselor.<\/li>\n<li><strong>Ce sunt ASTM F1921 \u0219i ASTM F2029?<\/strong><br \/>\nASTM F1921 ofer\u0103 metode de evaluare a rezisten\u021bei la aderen\u021b\u0103 la cald, \u00een timp ce ASTM F2029 descrie practicile pentru realizarea \u0219i evaluarea sigiliilor termice.<\/li>\n<li><strong>Care sunt principalele caracteristici ale testerului de lipire la cald HTT-01?<\/strong><br \/>\nHTT-01 ofer\u0103 control avansat, capabilit\u0103\u021bi de testare versatile, control precis al temperaturii \u0219i caracteristici robuste de siguran\u021b\u0103, fiind ideal pentru testarea complet\u0103 a sigiliilor termice.<\/li>\n<\/ol>","protected":false},"excerpt":{"rendered":"<p>The <strong>test de aderen\u021b\u0103 la cald<\/strong> este o metod\u0103 de evaluare critic\u0103 care m\u0103soar\u0103 rezisten\u021ba sigiliilor termice imediat dup\u0103 sigilare \u0219i \u00eenainte ca sigiliul s\u0103 se r\u0103ceasc\u0103. Acest test este esen\u021bial \u00een industriile \u00een care este necesar\u0103 o etan\u0219are rapid\u0103 \u0219i fiabil\u0103, \u00een special \u00een <strong>form\u0103 vertical\u0103 - umplere - etan\u0219are (VFFS)<\/strong> procese. O aderen\u021b\u0103 puternic\u0103 la cald asigur\u0103 c\u0103 sigiliul r\u0103m\u00e2ne intact atunci c\u00e2nd ambalajul este umplut cu produse, prevenind scurgerile \u0219i men\u021bin\u00e2nd integritatea produsului.<\/p>","protected":false},"featured_media":5966,"comment_status":"closed","ping_status":"closed","template":"","meta":{"site-sidebar-layout":"default","site-content-layout":"default","ast-global-header-display":"","ast-main-header-display":"","ast-hfb-above-header-display":"","ast-hfb-below-header-display":"","ast-hfb-mobile-header-display":"","site-post-title":"disabled","ast-breadcrumbs-content":"","ast-featured-img":"disabled","footer-sml-layout":"","theme-transparent-header-meta":"default","adv-header-id-meta":"","stick-header-meta":"","header-above-stick-meta":"","header-main-stick-meta":"","header-below-stick-meta":""},"product_cat":[953,956,955,845,954,957,958,952,959,677,678,149,16,141,142,95],"product_tag":[],"class_list":{"0":"post-3281","1":"product","2":"type-product","3":"status-publish","4":"has-post-thumbnail","6":"product_cat-bursting-tester","7":"product_cat-cobb-tester","8":"product_cat-crush-tester","9":"product_cat-customization","10":"product_cat-paper-tear-tester","11":"product_cat-plybond-tester","12":"product_cat-puncture-tester","13":"product_cat-rub-tester","14":"product_cat-stiffness-tester","15":"product_cat-heat-seal-tester","16":"product_cat-hot-tack-tester","17":"product_cat-pharma-and-medical-testers","18":"product_cat-plastic-packaging-testers","19":"product_cat-astm-f1921","20":"product_cat-astm-f2029","21":"product_cat-products","22":"desktop-align-left","23":"tablet-align-left","24":"mobile-align-left","26":"first","27":"instock","28":"shipping-taxable","29":"product-type-simple"},"_links":{"self":[{"href":"https:\/\/www.qualitester.com\/ro\/wp-json\/wp\/v2\/product\/3281","targetHints":{"allow":["GET"]}}],"collection":[{"href":"https:\/\/www.qualitester.com\/ro\/wp-json\/wp\/v2\/product"}],"about":[{"href":"https:\/\/www.qualitester.com\/ro\/wp-json\/wp\/v2\/types\/product"}],"replies":[{"embeddable":true,"href":"https:\/\/www.qualitester.com\/ro\/wp-json\/wp\/v2\/comments?post=3281"}],"version-history":[{"count":0,"href":"https:\/\/www.qualitester.com\/ro\/wp-json\/wp\/v2\/product\/3281\/revisions"}],"wp:featuredmedia":[{"embeddable":true,"href":"https:\/\/www.qualitester.com\/ro\/wp-json\/wp\/v2\/media\/5966"}],"wp:attachment":[{"href":"https:\/\/www.qualitester.com\/ro\/wp-json\/wp\/v2\/media?parent=3281"}],"wp:term":[{"taxonomy":"product_cat","embeddable":true,"href":"https:\/\/www.qualitester.com\/ro\/wp-json\/wp\/v2\/product_cat?post=3281"},{"taxonomy":"product_tag","embeddable":true,"href":"https:\/\/www.qualitester.com\/ro\/wp-json\/wp\/v2\/product_tag?post=3281"}],"curies":[{"name":"wp","href":"https:\/\/api.w.org\/{rel}","templated":true}]}}