{"id":3223,"date":"2023-08-07T08:52:04","date_gmt":"2023-08-07T00:52:04","guid":{"rendered":"https:\/\/www.qualitester.com\/?post_type=product&#038;p=3223"},"modified":"2024-12-04T16:01:26","modified_gmt":"2024-12-04T08:01:26","slug":"how-to-test-the-force-about-ampoule-breaking","status":"publish","type":"product","link":"https:\/\/www.qualitester.com\/ro\/produs\/how-to-test-the-force-about-ampoule-breaking\/","title":{"rendered":"BST-01 Tester de spargere a fiolelor"},"content":{"rendered":"<h2><strong>Introducere \u00een dispozitivul de testare a for\u021bei de rupere a fiolelor<\/strong><\/h2>\n<p>The <strong>tester de for\u021b\u0103 de rupere a fiolei<\/strong> este un instrument esen\u021bial \u00een industria farmaceutic\u0103 \u0219i a ambalajelor medicale, conceput pentru a m\u0103sura for\u021ba necesar\u0103 pentru a rupe g\u00e2tul unei fiole. Fiolele sunt recipiente \u00eenchise ermetic utilizate pentru stocarea substan\u021belor farmaceutice sensibile. For\u021ba de rupere a g\u00e2tului joac\u0103 un rol esen\u021bial \u00een asigurarea siguran\u021bei \u0219i integrit\u0103\u021bii produsului din interior. Un tester precis \u0219i fiabil este esen\u021bial pentru a se asigura c\u0103 fiolele \u00eendeplinesc standardele necesare pentru utilizarea \u0219i manipularea \u00een condi\u021bii de siguran\u021b\u0103.<\/p>\n<h2><strong>\u00cen\u021belegerea ISO 9187: Standard pentru testarea for\u021bei de rupere a fiolelor<\/strong><\/h2>\n<p><a href=\"https:\/\/www.iso.org\/standard\/55920.html\" target=\"_blank\" rel=\"noopener nofollow\">ISO 9187<\/a> este standardul interna\u021bional care specific\u0103 metoda de testare a for\u021bei de rupere a fiolelor. Acesta ofer\u0103 orient\u0103ri detaliate cu privire la modul \u00een care ar trebui s\u0103 se desf\u0103\u0219oare procesul de testare, echipamentul necesar \u0219i parametrii care trebuie m\u0103sura\u021bi pentru a asigura rezultate consecvente \u0219i precise. Prin respectarea ISO 9187, produc\u0103torii pot fi siguri c\u0103 fiolele lor vor \u00eendeplini cerin\u021bele de siguran\u021b\u0103, reduc\u00e2nd riscul de spargere \u00een timpul depozit\u0103rii \u0219i manipul\u0103rii.<\/p>\n<h3><strong>Metoda de testare \u00een conformitate cu <a href=\"https:\/\/www.qualitester.com\/ro\/categorie-produs\/iso\/iso-9187\/\" target=\"_blank\" rel=\"noopener\">ISO 9187<\/a><\/strong><\/h3>\n<p>Testul implic\u0103 plasarea unei fiole pe un dispozitiv de fixare \u0219i aplicarea unei for\u021be \u00een jos pe g\u00e2t cu ajutorul ma\u0219inii de testare. Testul <strong>BST-01 Tester de for\u021b\u0103 de rupere a fiolei<\/strong> utilizeaz\u0103 o celul\u0103 de sarcin\u0103 de \u00eenalt\u0103 precizie pentru a m\u0103sura for\u021ba necesar\u0103 pentru a rupe g\u00e2tul fiolei. Testul asigur\u0103 c\u0103 fiolele nu sunt doar sigure pentru manipulare, ci \u0219i c\u0103 \u00eendeplinesc standardele necesare pentru aplica\u021biile farmaceutice.<\/p>\n<h2><strong>Procesul de testare al dispozitivului de testare a for\u021bei de rupere a fiolelor<\/strong><\/h2>\n<ul>\n<li><strong>Pasul 1<\/strong>: A\u0219eza\u021bi fiola pe suportul dedicat conceput pentru diferite dimensiuni de fiole (1ml, 2ml, 5ml, 10ml, 20ml).<\/li>\n<li><strong>Pasul 2<\/strong>: \u00cencepe\u021bi testul, \u00een care capul de presare se deplaseaz\u0103 \u00een jos la o rat\u0103 constant\u0103 de 10 mm\/min (reglabil\u0103 de la 1-500 mm\/min).<\/li>\n<li><strong>Pasul 3<\/strong>: Celula de sarcin\u0103 de \u00eenalt\u0103 precizie detecteaz\u0103 for\u021ba necesar\u0103 pentru a rupe g\u00e2tul fiolei.<\/li>\n<li><strong>Pasul 4<\/strong>: For\u021ba de rupere este \u00eenregistrat\u0103, iar rezultatele sunt afi\u0219ate pe ecranul tactil HMI sau imprimate prin intermediul microimprimantei integrate.<\/li>\n<\/ul>\n<p>Acest proces asigur\u0103 c\u0103 for\u021ba de rupere a fiolelor este m\u0103surat\u0103 cu exactitate \u00een conformitate cu standardele industriale.<\/p>\n<h2><strong>Caracteristici tehnice ale aparatului de testare a rezisten\u021bei la rupere BST-01 Ampoule<\/strong><\/h2>\n<p>The <strong>BST-01 Tester de rezisten\u021b\u0103 la rupere cu fiole<\/strong> este echipat cu o serie de caracteristici avansate care \u00eei sporesc precizia \u0219i versatilitatea:<\/p>\n<ul>\n<li><strong>Celul\u0103 de \u00eenc\u0103rcare de \u00eenalt\u0103 precizie<\/strong>: Asigur\u0103 m\u0103sur\u0103tori fiabile \u0219i precise ale for\u021bei cu o rezolu\u021bie de 0,1N.<\/li>\n<li><strong>Op\u021biuni multiple de fixare<\/strong>: Dispozitivele de testare pentru fiole de 1 ml, 2 ml, 5 ml, 10 ml \u0219i 20 ml permit testerului s\u0103 se adapteze la diferite dimensiuni de fiole.<\/li>\n<li><strong>Vitez\u0103 de testare reglabil\u0103<\/strong>: Viteza de testare este reglabil\u0103 \u00eentre 1 \u0219i 500 mm\/min, pentru a r\u0103spunde diferitelor cerin\u021be de testare.<\/li>\n<li><strong>Control PLC \u0219i ecran tactil HMI<\/strong>: Pentru operarea u\u0219oar\u0103 \u0219i automatizarea procesului de testare.<\/li>\n<li><strong>Motor pas cu pas cu \u0219urub de precizie cu cap sferic<\/strong>: Ofer\u0103 un control precis al vitezei pentru teste precise.<\/li>\n<li><strong>Caracteristici de siguran\u021b\u0103<\/strong>: Include un capac de protec\u021bie pentru a preveni saltul probei, un tub de colectare pentru probe \u00een fiole sparte \u0219i func\u021bionalitate de \u00eentoarcere automat\u0103.<\/li>\n<li><strong>Conectivitate op\u021bional\u0103<\/strong>: Conectivitate RS 232 pentru integrarea cu software \u0219i sisteme profesionale.<\/li>\n<\/ul>\n<h2><strong>Alte standarde relevante \u0219i conformitate<\/strong><\/h2>\n<p>\u00cen plus fa\u021b\u0103 de <strong>ISO 9187<\/strong>, a <strong>BST-01 Tester de for\u021b\u0103 de rupere a fiolei<\/strong> respect\u0103 mai multe alte standarde industriale, inclusiv:<\/p>\n<ul>\n<li><strong>GB 2637<\/strong>: Un standard na\u021bional chinez pentru testarea fiolelor.<\/li>\n<li><strong>YBB00332002<\/strong>: Un standard chinez pentru fiolele utilizate \u00een ambalarea produselor farmaceutice.<\/li>\n<\/ul>\n<p>Aceste standarde asigur\u0103 versatilitatea dispozitivului \u0219i conformitatea cu cerin\u021bele globale de testare.<\/p>\n<h2><strong>Parametrii principali ai testerului de for\u021b\u0103 de rupere a fiolelor<\/strong><\/h2>\n<table>\n<tbody>\n<tr>\n<td style=\"text-align: center;\" width=\"87\">Intervalul de testare<\/td>\n<td style=\"text-align: center;\" width=\"188\">0~200N (sau dup\u0103 cum este necesar)<\/td>\n<\/tr>\n<tr>\n<td style=\"text-align: center;\" width=\"87\">Viteza<\/td>\n<td style=\"text-align: center;\" width=\"188\">1 ~ 500mm\/min<\/td>\n<\/tr>\n<tr>\n<td style=\"text-align: center;\" width=\"87\">Rezolu\u021bie<\/td>\n<td style=\"text-align: center;\" width=\"188\">0.1N<\/td>\n<\/tr>\n<tr>\n<td style=\"text-align: center;\" width=\"87\">Acurate\u021be<\/td>\n<td style=\"text-align: center;\" width=\"188\">0,5% F.S.<\/td>\n<\/tr>\n<tr>\n<td style=\"text-align: center;\" width=\"87\">Putere<\/td>\n<td style=\"text-align: center;\" width=\"188\">110~ 220V 50\/60Hz<\/td>\n<\/tr>\n<\/tbody>\n<\/table>\n<p>The <strong>BST-01 Tester de for\u021b\u0103 de rupere a fiolei<\/strong> este un dispozitiv fiabil, versatil \u0219i extrem de precis, conceput pentru a \u00eendeplini cerin\u021bele riguroase de testare ale industriei farmaceutice \u0219i a ambalajelor medicale. Prin aderarea la standarde interna\u021bionale, cum ar fi <strong>ISO 9187<\/strong>, testerul asigur\u0103 c\u0103 fiolele sunt sigure pentru utilizare \u0219i \u00eendeplinesc specifica\u021biile necesare privind for\u021ba de rupere. Cu caracteristicile sale avansate, flexibilitatea \u00een testarea diferitelor dimensiuni de fiole \u0219i u\u0219urin\u021ba de utilizare, BST-01 este un instrument indispensabil pentru produc\u0103tori \u0219i laboratoarele de control al calit\u0103\u021bii.<\/p>\n<h4><strong>Sec\u021biunea FAQ<\/strong><\/h4>\n<ol>\n<li><strong>Care este scopul unui tester de for\u021b\u0103 de rupere a fiolelor?<\/strong><br \/>\nTesterul m\u0103soar\u0103 for\u021ba necesar\u0103 pentru a rupe g\u00e2tul unei fiole, asigur\u00e2nd rezisten\u021ba \u0219i siguran\u021ba acesteia \u00een timpul manipul\u0103rii \u0219i utiliz\u0103rii.<\/li>\n<li><strong>Cum se refer\u0103 ISO 9187 la testarea fiolelor?<\/strong><br \/>\nISO 9187 prezint\u0103 metoda \u0219i liniile directoare pentru testarea for\u021bei de rupere a fiolelor, asigur\u00e2nd coeren\u021ba \u0219i fiabilitatea procesului de testare.<\/li>\n<li><strong>Care sunt principalele caracteristici tehnice ale BST-01 Ampoule Break Force Tester?<\/strong><br \/>\nTesterul are o celul\u0103 de sarcin\u0103 de \u00eenalt\u0103 precizie, mai multe dimensiuni de fixare, viteze de testare reglabile, control PLC \u0219i caracteristici de siguran\u021b\u0103 precum capace de protec\u021bie \u0219i tuburi de colectare.<\/li>\n<li><strong>Poate fi utilizat BST-01 pentru testarea altor materiale \u00een afar\u0103 de fiole?<\/strong><br \/>\nDa, BST-01 este versatil \u0219i poate testa alte materiale de ambalare medicale, cum ar fi seringile, capacele \u0219i dopurile.<\/li>\n<li><strong>Care este precizia testerului de for\u021b\u0103 de rupere a fiolelor BST-01?<\/strong><br \/>\nTesterul ofer\u0103 o precizie de 0,5% pe \u00eentreaga scar\u0103 (F.S.), oferind rezultate precise \u0219i fiabile ale testelor.<\/li>\n<\/ol>","protected":false},"excerpt":{"rendered":"<p>The <strong>tester de for\u021b\u0103 de rupere a fiolei<\/strong> este un instrument esen\u021bial \u00een industria farmaceutic\u0103 \u0219i a ambalajelor medicale, conceput pentru a m\u0103sura for\u021ba necesar\u0103 pentru a rupe g\u00e2tul unei fiole. Fiolele sunt recipiente \u00eenchise ermetic utilizate pentru stocarea substan\u021belor farmaceutice sensibile. For\u021ba de rupere a g\u00e2tului joac\u0103 un rol esen\u021bial \u00een asigurarea siguran\u021bei \u0219i integrit\u0103\u021bii produsului din interior. Un tester precis \u0219i fiabil este esen\u021bial pentru a se asigura c\u0103 fiolele \u00eendeplinesc standardele necesare pentru utilizarea \u0219i manipularea \u00een condi\u021bii de siguran\u021b\u0103.<\/p>","protected":false},"featured_media":6120,"comment_status":"closed","ping_status":"closed","template":"","meta":{"site-sidebar-layout":"default","site-content-layout":"default","ast-global-header-display":"","ast-main-header-display":"","ast-hfb-above-header-display":"","ast-hfb-below-header-display":"","ast-hfb-mobile-header-display":"","site-post-title":"","ast-breadcrumbs-content":"","ast-featured-img":"","footer-sml-layout":"","theme-transparent-header-meta":"default","adv-header-id-meta":"","stick-header-meta":"","header-above-stick-meta":"","header-main-stick-meta":"","header-below-stick-meta":""},"product_cat":[933,845,149,173,95],"product_tag":[],"class_list":{"0":"post-3223","1":"product","2":"type-product","3":"status-publish","4":"has-post-thumbnail","6":"product_cat-ampoule-breaking-tester","7":"product_cat-customization","8":"product_cat-pharma-and-medical-testers","9":"product_cat-iso-9187","10":"product_cat-products","11":"desktop-align-left","12":"tablet-align-left","13":"mobile-align-left","15":"first","16":"instock","17":"shipping-taxable","18":"product-type-simple"},"_links":{"self":[{"href":"https:\/\/www.qualitester.com\/ro\/wp-json\/wp\/v2\/product\/3223","targetHints":{"allow":["GET"]}}],"collection":[{"href":"https:\/\/www.qualitester.com\/ro\/wp-json\/wp\/v2\/product"}],"about":[{"href":"https:\/\/www.qualitester.com\/ro\/wp-json\/wp\/v2\/types\/product"}],"replies":[{"embeddable":true,"href":"https:\/\/www.qualitester.com\/ro\/wp-json\/wp\/v2\/comments?post=3223"}],"version-history":[{"count":0,"href":"https:\/\/www.qualitester.com\/ro\/wp-json\/wp\/v2\/product\/3223\/revisions"}],"wp:featuredmedia":[{"embeddable":true,"href":"https:\/\/www.qualitester.com\/ro\/wp-json\/wp\/v2\/media\/6120"}],"wp:attachment":[{"href":"https:\/\/www.qualitester.com\/ro\/wp-json\/wp\/v2\/media?parent=3223"}],"wp:term":[{"taxonomy":"product_cat","embeddable":true,"href":"https:\/\/www.qualitester.com\/ro\/wp-json\/wp\/v2\/product_cat?post=3223"},{"taxonomy":"product_tag","embeddable":true,"href":"https:\/\/www.qualitester.com\/ro\/wp-json\/wp\/v2\/product_tag?post=3223"}],"curies":[{"name":"wp","href":"https:\/\/api.w.org\/{rel}","templated":true}]}}