{"id":2636,"date":"2023-06-29T09:53:14","date_gmt":"2023-06-29T01:53:14","guid":{"rendered":"https:\/\/www.qualitester.com\/?post_type=product&#038;p=2636"},"modified":"2024-12-05T09:38:10","modified_gmt":"2024-12-05T01:38:10","slug":"sld-01-elimendorf-tear-resistance-testing-machine","status":"publish","type":"product","link":"https:\/\/www.qualitester.com\/ro\/produs\/sld-01-elimendorf-tear-resistance-testing-machine\/","title":{"rendered":"SLD-01 Tester de rupere"},"content":{"rendered":"<h2>Introducere \u00een testarea la rupere<\/h2>\n<p>Rezisten\u021ba la rupere, denumit\u0103 \u0219i rezisten\u021b\u0103 la rupere, este o proprietate mecanic\u0103 esen\u021bial\u0103 care m\u0103soar\u0103 c\u00e2t de bine poate rezista un material la for\u021bele de rupere. Aceast\u0103 proprietate este esen\u021bial\u0103 \u00een industriile \u00een care durabilitatea materialelor este critic\u0103, cum ar fi ambalaje, textile, ambalaje pentru dispozitive medicale \u0219i altele. Caracteristicile <strong>ma\u0219in\u0103 de testare a ruperii<\/strong> este un instrument vital pentru ca produc\u0103torii s\u0103 evalueze rezisten\u021ba la rupere a unei game largi de materiale. Acest test furnizeaz\u0103 date valoroase pentru a se asigura c\u0103 produsele \u00eendeplinesc standardele de performan\u021b\u0103, asigur\u00e2ndu-se c\u0103 acestea pot rezista for\u021belor \u00eent\u00e2lnite \u00een timpul manipul\u0103rii, transportului \u0219i utiliz\u0103rii.<\/p>\n<p>The <strong>SLD-01 Tester de rupere<\/strong> este conceput pentru a oferi o m\u0103surare precis\u0103 \u0219i fiabil\u0103 a rezisten\u021bei la rupere \u00een materiale precum h\u00e2rtia, foliile din plastic, textilele \u0219i alte materiale flexibile. Este un instrument esen\u021bial pentru controlul calit\u0103\u021bii \u0219i selectarea materialelor \u00eentr-o varietate de industrii.<\/p>\n<h2>Ce este un test de rezisten\u021b\u0103 la rupere?<\/h2>\n<h3>\u00cen\u021belegerea rezisten\u021bei la rupere<\/h3>\n<p>The <strong>test de rezisten\u021b\u0103 la rupere<\/strong> m\u0103soar\u0103 for\u021ba necesar\u0103 pentru propagarea unei rupturi printr-un material. Acest test ajut\u0103 la determinarea capacit\u0103\u021bii materialului de a rezista for\u021belor de rupere, oferind informa\u021bii valoroase privind durabilitatea \u0219i performan\u021ba acestuia. Rezisten\u021ba la rupere este deosebit de important\u0103 pentru materialele de ambalare, textile \u0219i ambalaje medicale, unde defectarea materialului ar putea compromite integritatea produsului sau siguran\u021ba.<\/p>\n<p>\u00cen acest test, o prob\u0103 de material este supus\u0103 unei for\u021be controlate pentru a propaga o ruptur\u0103, iar energia necesar\u0103 pentru propagarea acestei rupturi este utilizat\u0103 pentru a determina rezisten\u021ba la rupere. Metoda <strong>ma\u0219in\u0103 de testare a ruperii<\/strong> este proiectat s\u0103 m\u0103soare aceast\u0103 for\u021b\u0103 cu mare precizie, asigur\u00e2nd c\u0103 produc\u0103torii pot evalua \u00een mod fiabil rezisten\u021ba la rupere a materialului.<\/p>\n<h2>Standarde cheie pentru ma\u0219inile de testare a ruperii<\/h2>\n<p>The <strong>ma\u0219in\u0103 de testare a ruperii<\/strong> este conceput pentru a respecta mai multe standarde recunoscute la nivel interna\u021bional, asigur\u00e2nd consecven\u021ba \u0219i fiabilitatea rezultatelor testelor. Mai jos sunt prezentate c\u00e2teva dintre cele mai importante standarde pentru testarea rezisten\u021bei la rupere:<\/p>\n<h3>ASTM D1922 - Metoda de testare standard pentru testul cu\u021bitului de propagare<\/h3>\n<p><a href=\"https:\/\/www.qualitester.com\/ro\/categorie-produs\/astm\/astm-d1922\/\" target=\"_blank\" rel=\"noopener\"><strong>ASTM D1922<\/strong><\/a> este unul dintre cele mai frecvent utilizate standarde pentru m\u0103surarea rezisten\u021bei la rupere a h\u00e2rtiei \u0219i a filmelor din plastic. Acest standard prezint\u0103 o metod\u0103 de testare \u00een care se utilizeaz\u0103 un dispozitiv pendul pentru a ini\u021bia \u0219i a propaga o ruptur\u0103 \u00een material.<\/p>\n<ul>\n<li><strong>Metoda de testare:<\/strong> E\u0219antionul este t\u0103iat, iar pendulul este eliberat pentru propagarea ruperii. Energia necesar\u0103 pentru propagarea ruperii este m\u0103surat\u0103 \u0219i utilizat\u0103 pentru a determina rezisten\u021ba la rupere.<\/li>\n<li><strong>Material Focus:<\/strong> Folosit \u00een principal pentru h\u00e2rtie \u0219i folii din plastic.<\/li>\n<li><strong>Relevan\u021b\u0103:<\/strong> Utilizat pe scar\u0103 larg\u0103 \u00een ambalaje \u0219i alte industrii pentru a evalua rezisten\u021ba la rupere a materialelor.<\/li>\n<\/ul>\n<h3>ASTM D1424 - Metoda de testare standard pentru rezisten\u021ba la rupere a h\u00e2rtiei \u0219i cartonului<\/h3>\n<p><a href=\"https:\/\/www.qualitester.com\/ro\/categorie-produs\/astm\/astm-d1424\/\" target=\"_blank\" rel=\"noopener\"><strong>ASTM D1424<\/strong><\/a> este un standard care m\u0103soar\u0103 rezisten\u021ba la rupere a materialelor din carton. Acest test este adesea utilizat \u00een industria ambalajelor pentru a evalua rezisten\u021ba cutiilor de carton \u0219i a altor produse din h\u00e2rtie.<\/p>\n<ul>\n<li><strong>Metoda de testare:<\/strong> Testul de rupere cu pendul este utilizat pentru a m\u0103sura for\u021ba necesar\u0103 pentru propagarea unei ruperi prin material.<\/li>\n<li><strong>Material Focus:<\/strong> Materiale din h\u00e2rtie \u0219i carton.<\/li>\n<li><strong>Relevan\u021b\u0103:<\/strong> Esen\u021bial pentru testarea materialelor de ambalare, \u00een special \u00een produc\u021bia de ambalaje din carton.<\/li>\n<\/ul>\n<h3>ASTM D689 - Ghid standard pentru metodele de testare a ruperii h\u00e2rtiei \u0219i cartonului<\/h3>\n<p><a href=\"https:\/\/www.qualitester.com\/ro\/categorie-produs\/astm\/astm-d689\/\" target=\"_blank\" rel=\"noopener\"><strong>ASTM D689<\/strong><\/a> ofer\u0103 un ghid pentru selectarea metodelor de testare la rupere pentru materialele din h\u00e2rtie \u0219i carton. Acest standard este util \u00een special atunci c\u00e2nd sunt disponibile diferite metode de testare a ruperii \u0219i ajut\u0103 utilizatorii s\u0103 aleag\u0103 testul cel mai adecvat \u00een func\u021bie de tipul de material \u0219i de aplica\u021bie.<\/p>\n<ul>\n<li><strong>Metoda de testare:<\/strong> Ofer\u0103 \u00eendrum\u0103ri privind selectarea celei mai potrivite metode de testare a ruperii.<\/li>\n<li><strong>Material Focus:<\/strong> Materiale din h\u00e2rtie \u0219i carton.<\/li>\n<li><strong>Relevan\u021b\u0103:<\/strong> Contribuie la asigurarea faptului c\u0103 produc\u0103torii selecteaz\u0103 metoda de testare corect\u0103 pentru materialele lor.<\/li>\n<\/ul>\n<h3>ISO 6383 - Folii \u0219i folii din plastic: Determinarea rezisten\u021bei la rupere<\/h3>\n<p><a href=\"https:\/\/www.qualitester.com\/ro\/categorie-produs\/iso\/iso-6383\/\" target=\"_blank\" rel=\"noopener\"><strong>ISO 6383<\/strong><\/a> specific\u0103 o metod\u0103 de m\u0103surare a rezisten\u021bei la rupere a filmelor \u0219i foliilor din plastic. Acest standard este esen\u021bial pentru evaluarea durabilit\u0103\u021bii materialelor de ambalare din plastic, care trebuie s\u0103 reziste la solicit\u0103ri \u00een timpul manipul\u0103rii \u0219i utiliz\u0103rii.<\/p>\n<ul>\n<li><strong>Metoda de testare:<\/strong> Testul implic\u0103 utilizarea unui tester cu pendul pentru a m\u0103sura rezisten\u021ba la rupere a filmelor din plastic.<\/li>\n<li><strong>Material Focus:<\/strong> Filme \u0219i folii din plastic.<\/li>\n<li><strong>Relevan\u021b\u0103:<\/strong> Esen\u021bial pentru testarea rezisten\u021bei la rupere a ambalajelor din plastic.<\/li>\n<\/ul>\n<h3>ISO 1974 - Materiale plastice: Film \u0219i foi - Determinarea rezisten\u021bei la rupere prin metoda pendulului<\/h3>\n<p><a href=\"https:\/\/www.qualitester.com\/ro\/categorie-produs\/iso\/iso-1974\/\" target=\"_blank\" rel=\"noopener\"><strong>ISO 1974<\/strong><\/a> ofer\u0103 o metod\u0103 standardizat\u0103 pentru m\u0103surarea rezisten\u021bei la rupere a foliilor \u0219i foliilor din plastic, similar\u0103 standardelor ASTM, dar cu o abordare global\u0103. Acest test este utilizat pentru a se asigura c\u0103 foliile din plastic \u00eendeplinesc standardele interna\u021bionale de calitate pentru rezisten\u021ba la rupere.<\/p>\n<ul>\n<li><strong>Metoda de testare:<\/strong> Un test de rupere cu pendul este utilizat pentru a m\u0103sura energia necesar\u0103 propag\u0103rii unei ruperi prin folia de plastic.<\/li>\n<li><strong>Material Focus:<\/strong> Utilizat \u00een principal pentru folii \u0219i foi de plastic.<\/li>\n<li><strong>Relevan\u021b\u0103:<\/strong> Important pentru produc\u0103torii de ambalaje din plastic \u0219i produse din folie.<\/li>\n<\/ul>\n<h2>Procesul de testare pentru ma\u0219ina de testare a ruperii (SLD-01 Tester de rupere)<\/h2>\n<h3>Cum func\u021bioneaz\u0103 testerul de rupere SLD-01<\/h3>\n<p>The <strong>SLD-01 Tester de rupere<\/strong> utilizeaz\u0103 un mecanism precis de pendulare pentru a determina rezisten\u021ba la rupere a materialelor. Iat\u0103 cum func\u021bioneaz\u0103 procesul:<\/p>\n<ol>\n<li><strong>Preg\u0103tirea probelor:<\/strong> Se face o t\u0103ietur\u0103 \u00een material, de obicei la 43 mm de margine.<\/li>\n<li><strong>Eliberarea pendulului:<\/strong> Pendulul este eliberat de la o \u00een\u0103l\u021bime fix\u0103 \u0219i propag\u0103 ruperea prin material.<\/li>\n<li><strong>M\u0103surare:<\/strong> Energia pierdut\u0103 de pendul este m\u0103surat\u0103 \u0219i utilizat\u0103 pentru a calcula for\u021ba medie necesar\u0103 pentru propagarea ruperii, oferind o m\u0103surare precis\u0103 a rezisten\u021bei la rupere a materialului.<\/li>\n<\/ol>\n<p>Acest proces este complet automatizat \u0219i controlat de un sistem PLC, asigur\u00e2nd consecven\u021b\u0103 \u0219i precizie pentru fiecare test.<\/p>\n<h2>Caracteristici tehnice ale SLD-01 Tester de rupere<\/h2>\n<ul>\n<li><strong>Control PLC \u0219i ecran tactil HMI:<\/strong> Testerul este echipat cu un controler logic programabil (PLC) de nivel industrial \u0219i cu un ecran tactil cu interfa\u021b\u0103 om-ma\u0219in\u0103 (HMI) pentru un control precis \u0219i o operare u\u0219oar\u0103.<\/li>\n<li><strong>Gam\u0103 larg\u0103 de testare:<\/strong> Accept\u0103 diverse materiale, de la filme sub\u021biri la carton gros, cu set\u0103ri personalizabile pentru diferite materiale.<\/li>\n<li><strong>Prindere pneumatic\u0103 a specimenului:<\/strong> Asigur\u0103 prinderea sigur\u0103 \u0219i consecvent\u0103 a probei pentru rezultate de testare fiabile.<\/li>\n<li><strong>Colectarea automat\u0103 a datelor:<\/strong> Colecteaz\u0103 automat datele de testare \u0219i stocheaz\u0103 rezultatele pentru analiz\u0103.<\/li>\n<li><strong>Microimprimant\u0103:<\/strong> Include o microimprimant\u0103 \u00eencorporat\u0103 pentru tip\u0103rirea imediat\u0103 a rezultatelor testelor.<\/li>\n<li><strong>Port RS-232 \u0219i software op\u021bional:<\/strong> Permite exportul de date \u0219i analiza avansat\u0103 cu software op\u021bional pentru raportare complet\u0103.<\/li>\n<\/ul>\n<h2>Domenii de aplicare pentru ma\u0219ina de testare a ruperii<\/h2>\n<ul>\n<li><strong>Industria ambalajelor:<\/strong> Se asigur\u0103 c\u0103 materialele de ambalare, cum ar fi h\u00e2rtia, foliile din plastic \u0219i cartonul, \u00eendeplinesc standardele de durabilitate.<\/li>\n<li><strong>Ambalarea dispozitivelor medicale:<\/strong> Evalueaz\u0103 rezisten\u021ba la rupere a materialelor de ambalare utilizate \u00een aplica\u021bii medicale pentru a garanta protec\u021bia \u0219i siguran\u021ba.<\/li>\n<li><strong>Textile:<\/strong> Testeaz\u0103 rezisten\u021ba la rupere a \u021bes\u0103turilor pentru a se asigura c\u0103 acestea sunt potrivite pentru \u00eembr\u0103c\u0103minte, tapi\u021berie \u0219i alte aplica\u021bii.<\/li>\n<li><strong>Alimente \u0219i b\u0103uturi:<\/strong> Valideaz\u0103 rezisten\u021ba la rupere a materialelor de ambalare care protejeaz\u0103 produsele alimentare \u0219i b\u0103uturile de contaminare \u0219i deteriorare.<\/li>\n<\/ul>\n<p>The <strong>ma\u0219in\u0103 de testare a ruperii<\/strong> este un instrument esen\u021bial pentru industriile care se bazeaz\u0103 pe durabilitatea materialelor. Indiferent dac\u0103 testa\u021bi h\u00e2rtie, folii de plastic sau textile, aparatul <strong>SLD-01 Tester de rupere<\/strong> ofer\u0103 rezultate precise \u0219i repetabile care asigur\u0103 c\u0103 materialele \u00eendeplinesc standardele de calitate necesare. \u00cen conformitate cu standarde industriale precum <a href=\"https:\/\/www.astm.org\/d1922-15r20.html\" target=\"_blank\" rel=\"noopener nofollow\"><strong>ASTM D1922<\/strong><\/a>, <a href=\"https:\/\/www.astm.org\/d1424-21.html\" target=\"_blank\" rel=\"noopener nofollow\"><strong>ASTM D1424<\/strong><\/a>, <a href=\"https:\/\/www.astm.org\/d0689-17.html\" target=\"_blank\" rel=\"noopener nofollow\"><strong>ASTM D689<\/strong><\/a>, <strong>ISO 6383<\/strong>, \u0219i <strong>ISO 1974<\/strong>, acest tester este ideal pentru produc\u0103torii care au nevoie de date fiabile privind rezisten\u021ba la rupere pentru produsele lor. Asigura\u021bi-v\u0103 c\u0103 materialele dvs. \u00eendeplinesc standardele de performan\u021b\u0103 \u0219i livra\u021bi produse de \u00eenalt\u0103 calitate cu testerul de rupere SLD-01.<\/p>\n<h2>\u00ceNTREB\u0102RI FRECVENTE<\/h2>\n<p><strong>1. Pentru ce materiale poate fi utilizat\u0103 ma\u0219ina de testare a ruperii?<\/strong><br \/>\nMa\u0219ina de testare a ruperii poate fi utilizat\u0103 pentru a testa materiale precum h\u00e2rtia, cartonul, foliile din plastic, textilele \u0219i alte materiale flexibile.<\/p>\n<p><strong>2. Cum func\u021bioneaz\u0103 testul de rezisten\u021b\u0103 la rupere?<\/strong><br \/>\nTestul de rezisten\u021b\u0103 la rupere presupune crearea unei mici fante \u00een material \u0219i utilizarea unui mecanism pendul pentru propagarea ruperii. Energia pierdut\u0103 de pendul este m\u0103surat\u0103 \u0219i utilizat\u0103 pentru a calcula rezisten\u021ba la rupere.<\/p>\n<p><strong>3. Ce este ASTM D1922 \u0219i de ce este important?<\/strong><br \/>\nASTM D1922 este o metod\u0103 standard de testare pentru m\u0103surarea rezisten\u021bei la rupere a h\u00e2rtiei \u0219i a filmelor din plastic. Aceasta garanteaz\u0103 c\u0103 materialele de ambalare \u00eendeplinesc standardele de durabilitate necesare pentru utilizarea \u00een lumea real\u0103.<\/p>\n<p><strong>4. Prin ce se deosebe\u0219te testerul de rupere SLD-01 de alte testere de rupere?<\/strong><br \/>\nTesterul de rupere SLD-01 dispune de un sistem de control PLC, o gam\u0103 larg\u0103 de testare, prindere pneumatic\u0103 a specimenului \u0219i colectare automat\u0103 a datelor, ceea ce \u00eel face mai eficient \u0219i mai precis \u00een compara\u021bie cu alte modele.<\/p>\n<p><strong>5. Ma\u0219ina de testare a ruperii poate fi utilizat\u0103 pentru materiale de ambalare medicale?<\/strong><br \/>\nDa, ma\u0219ina de testare a ruperii este ideal\u0103 pentru testarea materialelor de ambalare medicale pentru a se asigura c\u0103 acestea \u00eendeplinesc standardele de durabilitate \u0219i siguran\u021b\u0103 necesare pentru produsele medicale.<\/p>","protected":false},"excerpt":{"rendered":"<p>Rezisten\u021ba la rupere, denumit\u0103 \u0219i rezisten\u021b\u0103 la rupere, este o proprietate mecanic\u0103 esen\u021bial\u0103 care m\u0103soar\u0103 c\u00e2t de bine poate rezista un material la for\u021bele de rupere. Aceast\u0103 proprietate este esen\u021bial\u0103 \u00een industriile \u00een care durabilitatea materialelor este critic\u0103, cum ar fi ambalaje, textile, ambalaje pentru dispozitive medicale \u0219i altele. Caracteristicile <strong>ma\u0219in\u0103 de testare a ruperii<\/strong> este un instrument vital pentru ca produc\u0103torii s\u0103 evalueze rezisten\u021ba la rupere a unei game largi de materiale. Acest test furnizeaz\u0103 date valoroase pentru a se asigura c\u0103 produsele \u00eendeplinesc standardele de performan\u021b\u0103, asigur\u00e2ndu-se c\u0103 acestea pot rezista for\u021belor \u00eent\u00e2lnite \u00een timpul manipul\u0103rii, transportului \u0219i utiliz\u0103rii.<\/p>","protected":false},"featured_media":5998,"comment_status":"closed","ping_status":"closed","template":"","meta":{"site-sidebar-layout":"default","site-content-layout":"default","ast-global-header-display":"","ast-main-header-display":"","ast-hfb-above-header-display":"","ast-hfb-below-header-display":"","ast-hfb-mobile-header-display":"","site-post-title":"disabled","ast-breadcrumbs-content":"","ast-featured-img":"disabled","footer-sml-layout":"","theme-transparent-header-meta":"default","adv-header-id-meta":"","stick-header-meta":"","header-above-stick-meta":"","header-main-stick-meta":"","header-below-stick-meta":""},"product_cat":[845,680,44,149,16,119,121,137,159,165,95],"product_tag":[],"class_list":{"0":"post-2636","1":"product","2":"type-product","3":"status-publish","4":"has-post-thumbnail","6":"product_cat-customization","7":"product_cat-tear-tester","8":"product_cat-paper-and-board-testers","9":"product_cat-pharma-and-medical-testers","10":"product_cat-plastic-packaging-testers","11":"product_cat-astm-d1424","12":"product_cat-astm-d1922","13":"product_cat-astm-d689","14":"product_cat-iso-1974","15":"product_cat-iso-6383","16":"product_cat-products","17":"desktop-align-left","18":"tablet-align-left","19":"mobile-align-left","21":"first","22":"instock","23":"featured","24":"shipping-taxable","25":"product-type-simple"},"_links":{"self":[{"href":"https:\/\/www.qualitester.com\/ro\/wp-json\/wp\/v2\/product\/2636","targetHints":{"allow":["GET"]}}],"collection":[{"href":"https:\/\/www.qualitester.com\/ro\/wp-json\/wp\/v2\/product"}],"about":[{"href":"https:\/\/www.qualitester.com\/ro\/wp-json\/wp\/v2\/types\/product"}],"replies":[{"embeddable":true,"href":"https:\/\/www.qualitester.com\/ro\/wp-json\/wp\/v2\/comments?post=2636"}],"version-history":[{"count":0,"href":"https:\/\/www.qualitester.com\/ro\/wp-json\/wp\/v2\/product\/2636\/revisions"}],"wp:featuredmedia":[{"embeddable":true,"href":"https:\/\/www.qualitester.com\/ro\/wp-json\/wp\/v2\/media\/5998"}],"wp:attachment":[{"href":"https:\/\/www.qualitester.com\/ro\/wp-json\/wp\/v2\/media?parent=2636"}],"wp:term":[{"taxonomy":"product_cat","embeddable":true,"href":"https:\/\/www.qualitester.com\/ro\/wp-json\/wp\/v2\/product_cat?post=2636"},{"taxonomy":"product_tag","embeddable":true,"href":"https:\/\/www.qualitester.com\/ro\/wp-json\/wp\/v2\/product_tag?post=2636"}],"curies":[{"name":"wp","href":"https:\/\/api.w.org\/{rel}","templated":true}]}}