{"id":2401,"date":"2023-06-12T10:45:15","date_gmt":"2023-06-12T02:45:15","guid":{"rendered":"https:\/\/www.qualitester.com\/?post_type=product&#038;p=2401"},"modified":"2024-12-02T16:37:19","modified_gmt":"2024-12-02T08:37:19","slug":"lt-03-seal-strength-testing-machine","status":"publish","type":"product","link":"https:\/\/www.qualitester.com\/ro\/produs\/lt-03-seal-strength-testing-machine\/","title":{"rendered":"Tester de scurgere LT-03"},"content":{"rendered":"<h2><strong>Introducere<\/strong><\/h2>\n<p>\u00cen industria ambalajelor, men\u021binerea integrit\u0103\u021bii sigiliilor este esen\u021bial\u0103 pentru asigurarea siguran\u021bei \u0219i calit\u0103\u021bii produselor. Echipamentul de testare a rezisten\u021bei sigiliilor este conceput pentru a evalua capacitatea sigiliilor de a rezista condi\u021biilor de mediu, prevenind scurgerile \u0219i contaminarea. Aceast\u0103 testare este esen\u021bial\u0103 pentru industrii precum ambalarea alimentelor, produsele farmaceutice, dispozitivele medicale, cosmeticele \u0219i multe altele, unde performan\u021ba ambalajului afecteaz\u0103 \u00een mod direct calitatea produselor \u0219i siguran\u021ba consumatorilor.<\/p>\n<p>Instrumente celulare' <strong>Echipament de testare a rezisten\u021bei sigiliilor<\/strong> ofer\u0103 o metod\u0103 precis\u0103 \u0219i fiabil\u0103 de evaluare a integrit\u0103\u021bii sigiliilor, asigur\u00e2nd c\u0103 produsele ambalate r\u0103m\u00e2n sigure, protejate \u0219i conforme cu standardele industriei.<\/p>\n<h2><strong>Ce este echipamentul de testare a rezisten\u021bei sigiliilor?<\/strong><\/h2>\n<p>Echipamentul de testare a rezisten\u021bei sigiliilor este utilizat pentru a evalua rezisten\u021ba \u0219i fiabilitatea sigiliilor din materialele de ambalare. Echipamentul evalueaz\u0103 dac\u0103 sigiliile diferitelor tipuri de ambalaje (plastic, h\u00e2rtie, aluminiu etc.) sunt suficient de puternice pentru a preveni scurgerile care ar putea compromite produsul. Acest test este utilizat \u00een mod obi\u0219nuit pentru materialele de ambalare din alimente, produse farmaceutice, dispozitive medicale \u0219i bunuri de consum.<\/p>\n<p>Prin utilizarea tehnologiei avansate de testare, testerul de rezisten\u021b\u0103 a sigiliilor ajut\u0103 la identificarea sigiliilor slabe sau defecte \u00eenainte ca acestea s\u0103 ajung\u0103 la consumatori, asigur\u00e2nd o calitate ridicat\u0103 a produselor \u0219i conformitatea cu standardele de siguran\u021b\u0103.<\/p>\n<h2><strong>Prezentare general\u0103 a ASTM D3078: Standarde de testare a integrit\u0103\u021bii sigiliilor<\/strong><\/h2>\n<h3><strong>Ce este ASTM D3078?<\/strong><\/h3>\n<p><a href=\"https:\/\/www.qualitester.com\/ro\/categorie-produs\/astm\/astm-d3078\/\" target=\"_blank\" rel=\"noopener\"><strong>ASTM D3078<\/strong><\/a> este o metod\u0103 de testare standard dezvoltat\u0103 de ASTM International pentru detectarea scurgerilor \u00een ambalajele sigilate. Aceast\u0103 metod\u0103 aplic\u0103 un vid ambalajului \u0219i monitorizeaz\u0103 prezen\u021ba bulelor care indic\u0103 scurgeri, asigur\u00e2nd integritatea sigiliului. Testul este deosebit de important pentru industria alimentar\u0103 \u0219i farmaceutic\u0103, unde ambalajul trebuie s\u0103 \u00ee\u0219i men\u021bin\u0103 integritatea pentru a preveni contaminarea sau deteriorarea.<\/p>\n<h3><strong>Metoda de testare conform ASTM D3078<\/strong><\/h3>\n<p>The <a href=\"https:\/\/www.astm.org\/d3078-02r21e01.html\" target=\"_blank\" rel=\"noopener nofollow\">ASTM D3078<\/a> descrie un proces \u00een care ambalajul este plasat \u00eentr-o camer\u0103 umplut\u0103 cu ap\u0103. Camera este sigilat\u0103, iar aerul este evacuat p\u00e2n\u0103 c\u00e2nd este atins nivelul de vid prestabilit. Dac\u0103 exist\u0103 o scurgere, diferen\u021ba de presiune a aerului for\u021beaz\u0103 aerul blocat s\u0103 ias\u0103, form\u00e2nd bule vizibile la locul scurgerii. Aceast\u0103 metod\u0103 ofer\u0103 un mijloc eficient \u0219i fiabil de a detecta chiar \u0219i cele mai mici scurgeri.<\/p>\n<h2><strong>Principalele metode de testare \u0219i parametri<\/strong><\/h2>\n<h3><strong>Procesul de testare<\/strong><\/h3>\n<p>Procesul de testare a rezisten\u021bei etan\u0219\u0103rii urmeaz\u0103 o secven\u021b\u0103 simpl\u0103 descris\u0103 de ASTM D3078:<\/p>\n<ol>\n<li><strong>Preg\u0103tirea probelor:<\/strong> Pachetul de probe este plasat \u00eentr-o camer\u0103 transparent\u0103 umplut\u0103 cu ap\u0103.<\/li>\n<li><strong>Aplicare \u00een vid:<\/strong> Unitatea de control extrage aerul p\u00e2n\u0103 c\u00e2nd este atins un nivel de vid prestabilit.<\/li>\n<li><strong>Detectarea scurgerilor:<\/strong> Dac\u0103 un sigiliu este compromis, se vor forma bule la locul scurgerii, indic\u00e2nd e\u0219ecul ambalajului.<\/li>\n<\/ol>\n<h3><strong>Parametrii principali de testare<\/strong><\/h3>\n<table>\n<tbody>\n<tr>\n<td style=\"text-align: center;\" width=\"122\">Intervalul de testare<\/td>\n<td style=\"text-align: center;\" width=\"229\">0~-90 KPa<\/td>\n<\/tr>\n<tr>\n<td style=\"text-align: center;\" width=\"122\">Camer\u0103<\/td>\n<td style=\"text-align: center;\" width=\"229\">Forma cilindrului acrilic<\/td>\n<\/tr>\n<tr>\n<td style=\"text-align: center;\" width=\"122\">Spa\u021biu de testare<\/td>\n<td style=\"text-align: center;\" width=\"229\">\u03a6270*H210mm (interior utilizabil)<\/td>\n<\/tr>\n<tr>\n<td style=\"text-align: center;\" width=\"122\">Aer comprimat<\/td>\n<td style=\"text-align: center;\" width=\"229\">0,7MPa (Preg\u0103tit de utilizator)<\/td>\n<\/tr>\n<tr>\n<td style=\"text-align: center;\" width=\"122\">Putere<\/td>\n<td style=\"text-align: center;\" width=\"229\">110~220V 50\/60Hz<\/td>\n<\/tr>\n<\/tbody>\n<\/table>\n<p>Ace\u0219ti parametri permit utilizatorului s\u0103 testeze o varietate de materiale \u0219i dimensiuni de ambalaj, asigur\u00e2nd flexibilitate \u00een diferite medii de produc\u021bie \u0219i testare.<\/p>\n<h2><strong>Caracteristici tehnice ale echipamentului de testare a rezisten\u021bei sigiliilor<\/strong><\/h2>\n<h3><strong>Func\u021bionare controlat\u0103 de PLC<\/strong><\/h3>\n<p>Echipamentul este controlat de un PLC (Programmable Logic Controller), asigur\u00e2nd rezultate de testare stabile, repetabile \u0219i de \u00eenalt\u0103 calitate. Interfa\u021ba cu utilizatorul este proiectat\u0103 cu un ecran tactil HMI (Human-Machine Interface), asigur\u00e2nd un control intuitiv \u0219i o operare u\u0219oar\u0103.<\/p>\n<h3><strong>Sistem de vidare eficient<\/strong><\/h3>\n<p>Unitatea de testare utilizeaz\u0103 un <strong>Tub Venturi<\/strong> pentru a genera un vid de p\u00e2n\u0103 la -90 KPa, ceea ce \u00eel face un sistem eficient din punct de vedere energetic. Acest nivel de vid este suficient pentru identificarea scurgerilor, chiar \u0219i a celor foarte mici, asigur\u00e2nd teste de \u00eenalt\u0103 calitate f\u0103r\u0103 a fi nevoie de echipamente suplimentare.<\/p>\n<h3><strong>Detectarea vizual\u0103 a scurgerilor<\/strong><\/h3>\n<p>Testul utilizeaz\u0103 o metod\u0103 de observare vizual\u0103 pentru detectarea scurgerilor. Atunci c\u00e2nd exist\u0103 o scurgere, aerul care iese din ambalaj formeaz\u0103 bule vizibile \u00een camera umplut\u0103 cu ap\u0103, permi\u021b\u00e2nd identificarea rapid\u0103. Echipamentul ofer\u0103 rezultate cumulative, facilit\u00e2nd evaluarea mai multor teste \u0219i a eficacit\u0103\u021bii acestora \u00een timp.<\/p>\n<h3><strong>Func\u021bia de salvare a parametrilor<\/strong><\/h3>\n<p>Pentru a optimiza eficien\u021ba test\u0103rii, programul <strong>Tester de rezisten\u021b\u0103 a etan\u0219\u0103rii<\/strong> include o func\u021bie de salvare a parametrilor pentru p\u00e2n\u0103 la 5 set\u0103ri de testare diferite. Aceasta permite utilizatorilor s\u0103 salveze parametri specifici, cum ar fi nivelurile de vid \u0219i timpii de testare, facilit\u00e2nd trecerea de la un tip de prob\u0103 la altul \u0219i de la o condi\u021bie de testare la alta.<\/p>\n<h3><strong>Camer\u0103 personalizabil\u0103 \u0219i caracteristici op\u021bionale<\/strong><\/h3>\n<p>Camera de testare este fabricat\u0103 din acrilic transparent de \u00eenalt\u0103 calitate, permi\u021b\u00e2nd observarea clar\u0103 a procesului de testare. Sunt disponibile dimensiuni \u0219i forme personalizate ale camerei pentru testarea unei variet\u0103\u021bi de formate de ambalaje. Unitatea ofer\u0103, de asemenea, caracteristici op\u021bionale, cum ar fi:<\/p>\n<ul>\n<li><strong>Microimprimant\u0103<\/strong> pentru identificarea probelor \u0219i documentarea rezultatelor testelor.<\/li>\n<li><strong>Adaptarea lingvistic\u0103<\/strong> pentru pie\u021bele interna\u021bionale, asigur\u00e2ndu-se c\u0103 testerul este accesibil pentru utilizatorii din diferite regiuni.<\/li>\n<li><strong>Integrarea pompei de vid<\/strong> pentru a permite niveluri de vid mai ridicate pentru scenarii de testare mai solicitante.<\/li>\n<\/ul>\n<h2><strong>Beneficiile echipamentelor de testare a rezisten\u021bei sigiliilor<\/strong><\/h2>\n<h3><strong>Asigurarea calit\u0103\u021bii<\/strong><\/h3>\n<p>Testarea rezisten\u021bei sigiliilor este esen\u021bial\u0103 pentru a se asigura c\u0103 ambalajele pot rezista solicit\u0103rilor mediului, protej\u00e2nd con\u021binutul de deteriorare, contaminare sau deteriorare. Aceast\u0103 testare este vital\u0103 pentru industria alimentar\u0103, medical\u0103 \u0219i farmaceutic\u0103, unde siguran\u021ba \u0219i integritatea produsului sunt primordiale.<\/p>\n<h3><strong>Personalizare<\/strong><\/h3>\n<p>Echipamentul poate acomoda diferite tipuri de ambalaje, de la pungi mici la containere mari, oferind flexibilitate pentru o gam\u0103 larg\u0103 de industrii. Capacitatea de a salva parametrii de testare pentru diferite materiale face ca echipamentul s\u0103 fie adaptabil la mai multe scenarii de testare.<\/p>\n<h3><strong>Rentabil \u0219i eficient<\/strong><\/h3>\n<p>Cu interfa\u021ba sa u\u0219or de utilizat, func\u021biile automate \u0219i set\u0103rile personalizabile, <strong>Echipament de testare a rezisten\u021bei sigiliilor<\/strong> permite \u00eentreprinderilor s\u0103 efectueze teste \u00een mod eficient, f\u0103r\u0103 a compromite precizia. Capacitatea sa de a salva configura\u021biile de testare \u0219i de a genera rezultate cumulative optimizeaz\u0103 fluxul de lucru, reduc\u00e2nd timpul \u0219i costurile de testare.<\/p>\n<h2><strong>Standarde relevante: ASTM D3078 \u0219i mai departe<\/strong><\/h2>\n<h3><strong>ASTM D3078<\/strong><\/h3>\n<p>Aceast\u0103 metod\u0103 standard este utilizat\u0103 pe scar\u0103 larg\u0103 \u00een industriile \u00een care integritatea sigiliilor ambalajelor este esen\u021bial\u0103. Ea asigur\u0103 c\u0103 ambalajele \u00eendeplinesc standardele de performan\u021b\u0103 necesare pentru prevenirea scurgerilor \u0219i protejarea con\u021binutului de contaminarea extern\u0103.<\/p>\n<h3><strong>ASTM D4991<\/strong><\/h3>\n<p>ASTM D4991 este un alt standard conex care se concentreaz\u0103 pe testarea etan\u0219eit\u0103\u021bii ambalajelor sigilate utiliz\u00e2nd o metod\u0103 diferit\u0103 (penetrarea cu colorant sau sc\u0103derea presiunii). Acest standard este, de asemenea, utilizat al\u0103turi de ASTM D3078 pentru testarea complet\u0103 a etan\u0219eit\u0103\u021bii ambalajelor.<\/p>\n<h2><strong>De ce s\u0103 alege\u021bi echipamentul de testare a rezisten\u021bei sigiliilor Cell Instruments?<\/strong><\/h2>\n<p>Cell Instruments este un nume de \u00eencredere \u00een industria de testare a materialelor. Cu ani de experien\u021b\u0103 \u00een testarea materialelor de ambalare \u0219i solu\u021bii de testare personalizate, oferim echipamente de \u00eenalt\u0103 precizie concepute pentru a satisface nevoile exigente ale diferitelor industrii. Serviciile noastre <strong>Echipament de testare a rezisten\u021bei sigiliilor<\/strong> este proiectat pentru a oferi rezultate fiabile, precise \u0219i eficiente, ajut\u00e2nd \u00eentreprinderile s\u0103 asigure integritatea ambalajelor lor.<\/p>\n<p>Cu flexibilitatea de a testa diferite materiale de ambalare \u0219i capacitatea de a salva mai multe set\u0103ri de testare, echipamentul nostru este conceput pentru a v\u0103 simplifica procesul de testare \u0219i a v\u0103 \u00eembun\u0103t\u0103\u021bi controlul calit\u0103\u021bii.<\/p>\n<p>Asigurarea integrit\u0103\u021bii sigiliului ambalajului este vital\u0103 pentru men\u021binerea siguran\u021bei produselor, a calit\u0103\u021bii \u0219i a conformit\u0103\u021bii cu standardele industriale. Cell Instruments' <strong>Echipament de testare a rezisten\u021bei sigiliilor<\/strong> ofer\u0103 o solu\u021bie eficient\u0103, fiabil\u0103 \u0219i personalizabil\u0103 pentru \u00eentreprinderile care au nevoie de detectarea scurgerilor de \u00eenalt\u0103 precizie. Indiferent dac\u0103 testa\u021bi ambalaje alimentare, sigilii pentru dispozitive medicale sau containere farmaceutice, echipamentul nostru ofer\u0103 precizia \u0219i consecven\u021ba de care ave\u021bi nevoie pentru a v\u0103 asigura c\u0103 produsele dvs. ajung pe pia\u021b\u0103 cu cea mai bun\u0103 calitate.<\/p>\n<h2>Sec\u021biunea FAQ<\/h2>\n<ol>\n<li><strong>Care este standardul ASTM D3078 pentru testarea integrit\u0103\u021bii sigiliilor?<\/strong>\n<ul>\n<li>ASTM D3078 este o metod\u0103 standard de testare pentru detectarea scurgerilor \u00een ambalaje sigilate prin aplicarea vidului. Se asigur\u0103 c\u0103 ambalajul \u00ee\u0219i men\u021bine integritatea prin identificarea oric\u0103ror sigilii slabe care ar putea duce la contaminare sau deteriorare.<\/li>\n<\/ul>\n<\/li>\n<li><strong>Cum func\u021bioneaz\u0103 echipamentul de testare a rezisten\u021bei sigiliilor?<\/strong>\n<ul>\n<li>Echipamentul plaseaz\u0103 proba \u00eentr-o camer\u0103 umplut\u0103 cu ap\u0103, aplic\u0103 un vid \u0219i detecteaz\u0103 scurgerile prin observarea form\u0103rii de bule \u00een camer\u0103 dac\u0103 sigiliul este compromis.<\/li>\n<\/ul>\n<\/li>\n<li><strong>Ce industrii utilizeaz\u0103 testarea rezisten\u021bei sigiliilor?<\/strong>\n<ul>\n<li>Testarea rezisten\u021bei sigiliilor este esen\u021bial\u0103 \u00een industrii precum ambalarea alimentelor, produsele farmaceutice, dispozitivele medicale, cosmeticele \u0219i bunurile de consum, unde integritatea sigiliilor este esen\u021bial\u0103 pentru siguran\u021ba produselor.<\/li>\n<\/ul>\n<\/li>\n<li><strong>Pot testa diferite materiale de ambalare cu acest echipament?<\/strong>\n<ul>\n<li>Da, echipamentul este versatil \u0219i poate testa o varietate de materiale de ambalare, inclusiv materiale plastice, h\u00e2rtie \u0219i aluminiu, cu dimensiuni ale camerei \u0219i niveluri de vid personalizabile.<\/li>\n<\/ul>\n<\/li>\n<li><strong>Care sunt principalele beneficii ale utiliz\u0103rii echipamentelor de testare a rezisten\u021bei sigiliilor Cell Instruments?<\/strong>\n<ul>\n<li>Principalele beneficii includ acurate\u021be ridicat\u0103, caracteristici personalizabile, operare u\u0219oar\u0103 cu o interfa\u021b\u0103 HMI intuitiv\u0103 \u0219i capacitatea de a salva parametrii de testare pentru diferite tipuri de ambalaje.<\/li>\n<\/ul>\n<\/li>\n<\/ol>","protected":false},"excerpt":{"rendered":"<p>\u00cen industria ambalajelor, men\u021binerea integrit\u0103\u021bii sigiliilor este esen\u021bial\u0103 pentru asigurarea siguran\u021bei \u0219i calit\u0103\u021bii produselor. Echipamentul de testare a rezisten\u021bei sigiliilor este conceput pentru a evalua capacitatea sigiliilor de a rezista condi\u021biilor de mediu, prevenind scurgerile \u0219i contaminarea. Aceast\u0103 testare este esen\u021bial\u0103 pentru industrii precum ambalarea alimentelor, produsele farmaceutice, dispozitivele medicale, cosmeticele \u0219i multe altele, unde performan\u021ba ambalajului afecteaz\u0103 \u00een mod direct calitatea produselor \u0219i siguran\u021ba consumatorilor.<\/p>","protected":false},"featured_media":5988,"comment_status":"closed","ping_status":"closed","template":"","meta":{"site-sidebar-layout":"default","site-content-layout":"default","ast-global-header-display":"","ast-main-header-display":"","ast-hfb-above-header-display":"","ast-hfb-below-header-display":"","ast-hfb-mobile-header-display":"","site-post-title":"disabled","ast-breadcrumbs-content":"","ast-featured-img":"disabled","footer-sml-layout":"","theme-transparent-header-meta":"default","adv-header-id-meta":"","stick-header-meta":"","header-above-stick-meta":"","header-main-stick-meta":"","header-below-stick-meta":""},"product_cat":[845,675,17,149,16,105,135,95],"product_tag":[],"class_list":{"0":"post-2401","1":"product","2":"type-product","3":"status-publish","4":"has-post-thumbnail","6":"product_cat-customization","7":"product_cat-leak-tester","8":"product_cat-package-container-testers","9":"product_cat-pharma-and-medical-testers","10":"product_cat-plastic-packaging-testers","11":"product_cat-astm-d3078","12":"product_cat-astm-d4991","13":"product_cat-products","14":"desktop-align-left","15":"tablet-align-left","16":"mobile-align-left","18":"first","19":"instock","20":"shipping-taxable","21":"product-type-simple"},"_links":{"self":[{"href":"https:\/\/www.qualitester.com\/ro\/wp-json\/wp\/v2\/product\/2401","targetHints":{"allow":["GET"]}}],"collection":[{"href":"https:\/\/www.qualitester.com\/ro\/wp-json\/wp\/v2\/product"}],"about":[{"href":"https:\/\/www.qualitester.com\/ro\/wp-json\/wp\/v2\/types\/product"}],"replies":[{"embeddable":true,"href":"https:\/\/www.qualitester.com\/ro\/wp-json\/wp\/v2\/comments?post=2401"}],"version-history":[{"count":0,"href":"https:\/\/www.qualitester.com\/ro\/wp-json\/wp\/v2\/product\/2401\/revisions"}],"wp:featuredmedia":[{"embeddable":true,"href":"https:\/\/www.qualitester.com\/ro\/wp-json\/wp\/v2\/media\/5988"}],"wp:attachment":[{"href":"https:\/\/www.qualitester.com\/ro\/wp-json\/wp\/v2\/media?parent=2401"}],"wp:term":[{"taxonomy":"product_cat","embeddable":true,"href":"https:\/\/www.qualitester.com\/ro\/wp-json\/wp\/v2\/product_cat?post=2401"},{"taxonomy":"product_tag","embeddable":true,"href":"https:\/\/www.qualitester.com\/ro\/wp-json\/wp\/v2\/product_tag?post=2401"}],"curies":[{"name":"wp","href":"https:\/\/api.w.org\/{rel}","templated":true}]}}