{"id":2372,"date":"2023-06-02T13:53:39","date_gmt":"2023-06-02T05:53:39","guid":{"rendered":"https:\/\/www.qualitester.com\/?post_type=product&#038;p=2372"},"modified":"2024-12-04T14:44:01","modified_gmt":"2024-12-04T06:44:01","slug":"gst-01-jelly-gel-strength-test-machine","status":"publish","type":"product","link":"https:\/\/www.qualitester.com\/ro\/produs\/gst-01-jelly-gel-strength-test-machine\/","title":{"rendered":"GST-01 Jelly Gel Strength Tester"},"content":{"rendered":"<div data-elementor-type=\"wp-post\" data-elementor-id=\"2372\" class=\"elementor elementor-2372\" data-elementor-post-type=\"product\">\n\t\t\t\t<div class=\"elementor-element elementor-element-e2b9e15 e-flex e-con-boxed e-con e-parent\" data-id=\"e2b9e15\" data-element_type=\"container\">\n\t\t\t\t\t<div class=\"e-con-inner\">\n\t\t<div class=\"elementor-element elementor-element-d7985d0 e-con-full e-flex e-con e-parent\" data-id=\"d7985d0\" data-element_type=\"container\">\n\t\t\t\t<div class=\"elementor-element elementor-element-9581fe1 elementor-widget elementor-widget-image\" data-id=\"9581fe1\" data-element_type=\"widget\" data-widget_type=\"image.default\">\n\t\t\t\t<div class=\"elementor-widget-container\">\n\t\t\t\t\t\t\t\t\t\t\t\t\t<img fetchpriority=\"high\" decoding=\"async\" width=\"750\" height=\"750\" src=\"https:\/\/www.qualitester.com\/wp-content\/uploads\/2023\/04\/Gel-strength08_\u526f\u672c.png\" class=\"attachment-large size-large wp-image-1599\" alt=\"\" srcset=\"https:\/\/www.qualitester.com\/wp-content\/uploads\/2023\/04\/Gel-strength08_\u526f\u672c.png 750w, https:\/\/www.qualitester.com\/wp-content\/uploads\/2023\/04\/Gel-strength08_\u526f\u672c-300x300.png 300w, https:\/\/www.qualitester.com\/wp-content\/uploads\/2023\/04\/Gel-strength08_\u526f\u672c-150x150.png 150w, https:\/\/www.qualitester.com\/wp-content\/uploads\/2023\/04\/Gel-strength08_\u526f\u672c-600x600.png 600w, https:\/\/www.qualitester.com\/wp-content\/uploads\/2023\/04\/Gel-strength08_\u526f\u672c-100x100.png 100w\" sizes=\"(max-width: 750px) 100vw, 750px\" \/>\t\t\t\t\t\t\t\t\t\t\t\t\t<\/div>\n\t\t\t\t<\/div>\n\t\t\t\t<\/div>\n\t\t<div class=\"elementor-element elementor-element-559656c e-con-full e-flex e-con e-parent\" data-id=\"559656c\" data-element_type=\"container\">\n\t\t\t\t<div class=\"elementor-element elementor-element-ef8a65c elementor-widget elementor-widget-text-editor\" data-id=\"ef8a65c\" data-element_type=\"widget\" data-widget_type=\"text-editor.default\">\n\t\t\t\t<div class=\"elementor-widget-container\">\n\t\t\t\t\t\t\t<p><strong>Aplica\u021bie<\/strong><\/p><p><em>Gel strength can be defined as a measure of the ability of a colloidal dispersion to develop and retain a gel form based on its resistance to shear.<\/em><\/p><p><em>Bloom is the specific measure for the gel strength\/firmness of the gelatin. The Bloom values are determined by measuring the force (in g) required to depress the surface of a 6.67% gelatin gel (after gelling 16-18 hours at 10\u00b0C) to a distance of 4 mm. So, the higher the value, the stronger the firmness of the gel.The Bloom in grams is measured by a specified probe to depress the surface of gel.<\/em><\/p><h6>Elemente de test<\/h6><p><em>WEIGHT: To measure distance at a certain load<\/em><br \/><em>PEAK: To measure gel strength<\/em><br \/><em>DISTANCE: To measure load at a certain distance<\/em><\/p>\t\t\t\t\t\t<\/div>\n\t\t\t\t<\/div>\n\t\t\t\t<\/div>\n\t\t\t\t\t<\/div>\n\t\t\t\t<\/div>\n\t\t<div class=\"elementor-element elementor-element-21d38fb e-flex e-con-boxed e-con e-parent\" data-id=\"21d38fb\" data-element_type=\"container\">\n\t\t\t\t\t<div class=\"e-con-inner\">\n\t\t<div class=\"elementor-element elementor-element-36722a2 e-con-full e-flex e-con e-parent\" data-id=\"36722a2\" data-element_type=\"container\">\n\t\t\t\t<div class=\"elementor-element elementor-element-2c66356 elementor-widget elementor-widget-image\" data-id=\"2c66356\" data-element_type=\"widget\" data-widget_type=\"image.default\">\n\t\t\t\t<div class=\"elementor-widget-container\">\n\t\t\t\t\t\t\t\t\t\t\t\t\t<img decoding=\"async\" width=\"750\" height=\"750\" src=\"https:\/\/www.qualitester.com\/wp-content\/uploads\/2023\/04\/Gel-strength07_\u526f\u672c.png\" class=\"attachment-large size-large wp-image-1598\" alt=\"\" srcset=\"https:\/\/www.qualitester.com\/wp-content\/uploads\/2023\/04\/Gel-strength07_\u526f\u672c.png 750w, https:\/\/www.qualitester.com\/wp-content\/uploads\/2023\/04\/Gel-strength07_\u526f\u672c-300x300.png 300w, https:\/\/www.qualitester.com\/wp-content\/uploads\/2023\/04\/Gel-strength07_\u526f\u672c-150x150.png 150w, https:\/\/www.qualitester.com\/wp-content\/uploads\/2023\/04\/Gel-strength07_\u526f\u672c-600x600.png 600w, https:\/\/www.qualitester.com\/wp-content\/uploads\/2023\/04\/Gel-strength07_\u526f\u672c-100x100.png 100w\" sizes=\"(max-width: 750px) 100vw, 750px\" \/>\t\t\t\t\t\t\t\t\t\t\t\t\t<\/div>\n\t\t\t\t<\/div>\n\t\t\t\t<\/div>\n\t\t<div class=\"elementor-element elementor-element-6eb280f e-con-full e-flex e-con e-parent\" data-id=\"6eb280f\" data-element_type=\"container\">\n\t\t\t\t<div class=\"elementor-element elementor-element-2c2e734 elementor-widget elementor-widget-text-editor\" data-id=\"2c2e734\" data-element_type=\"widget\" data-widget_type=\"text-editor.default\">\n\t\t\t\t<div class=\"elementor-widget-container\">\n\t\t\t\t\t\t\t<h6><strong>Caracteristici tehnice<\/strong><\/h6><p><em>It&#8217;s a PLC controlled unit (industrial level stable) and HMI touch screen operated. Precision ball lead screw mechanism ensures good and steady speed and displacement control. Its specially designed program can be used for different parameters concerning gel strength test.<\/em><\/p><ul><li><em>7 inch HMI touch screen<\/em><\/li><li><em>PLC control unit inside<\/em><\/li><li><em>\u0218urub de precizie cu bile<\/em><\/li><li><em>Vitez\u0103 de testare reglabil\u0103<\/em><\/li><li><em>Multiple fixtures available for other texture analysis<\/em><\/li><li><em>Safety is our concern\u00a0 \u00a0 \u00a0 \u00a0 \u00a0 \u00a0 \u00a0 \u00a0 \u00a0 \u00a0 \u00a0 \u00a0 \u00a0 \u00a0 \u00a0 \u00a0 \u00a0 \u00a0 \u00a0 \u00a0 \u00a0 \u00a0 \u00a0 \u00a0 \u00a0 \u00a0 \u00a0 \u00a0 \u00a0 \u00a0 \u00a0 \u00a0 \u00a0 \u00a0 \u00a0 \u00a0 \u00a0 \u00a0 \u00a0 \u00a0 \u00a0 \u00a0 \u00a0 \u00a0 \u00a0 Travel limit protection; automatic returning; loadcell protection cover<\/em><\/li><li><em>Multiple test items of WEIGHT, PEAK, DISTANCE, are available.\u00a0<\/em><\/li><li><em>Dot matrix type microprinter equipped<\/em><\/li><\/ul>\t\t\t\t\t\t<\/div>\n\t\t\t\t<\/div>\n\t\t\t\t<\/div>\n\t\t\t\t\t<\/div>\n\t\t\t\t<\/div>\n\t\t<div class=\"elementor-element elementor-element-c30d7f2 e-flex e-con-boxed e-con e-parent\" data-id=\"c30d7f2\" data-element_type=\"container\">\n\t\t\t\t\t<div class=\"e-con-inner\">\n\t\t<div class=\"elementor-element elementor-element-3ca2567 e-con-full e-flex e-con e-parent\" data-id=\"3ca2567\" data-element_type=\"container\">\n\t\t\t\t<div class=\"elementor-element elementor-element-a572bbd elementor-widget elementor-widget-image\" data-id=\"a572bbd\" data-element_type=\"widget\" data-widget_type=\"image.default\">\n\t\t\t\t<div class=\"elementor-widget-container\">\n\t\t\t\t\t\t\t\t\t\t\t\t\t<img decoding=\"async\" width=\"750\" height=\"750\" src=\"https:\/\/www.qualitester.com\/wp-content\/uploads\/2023\/04\/Gel-strength03_\u526f\u672c.png\" class=\"attachment-large size-large wp-image-1597\" alt=\"\" srcset=\"https:\/\/www.qualitester.com\/wp-content\/uploads\/2023\/04\/Gel-strength03_\u526f\u672c.png 750w, https:\/\/www.qualitester.com\/wp-content\/uploads\/2023\/04\/Gel-strength03_\u526f\u672c-300x300.png 300w, https:\/\/www.qualitester.com\/wp-content\/uploads\/2023\/04\/Gel-strength03_\u526f\u672c-150x150.png 150w, https:\/\/www.qualitester.com\/wp-content\/uploads\/2023\/04\/Gel-strength03_\u526f\u672c-600x600.png 600w, https:\/\/www.qualitester.com\/wp-content\/uploads\/2023\/04\/Gel-strength03_\u526f\u672c-100x100.png 100w\" sizes=\"(max-width: 750px) 100vw, 750px\" \/>\t\t\t\t\t\t\t\t\t\t\t\t\t<\/div>\n\t\t\t\t<\/div>\n\t\t\t\t<\/div>\n\t\t<div class=\"elementor-element elementor-element-100375d e-con-full e-flex e-con e-parent\" data-id=\"100375d\" data-element_type=\"container\">\n\t\t\t\t<div class=\"elementor-element elementor-element-4d2e9cd elementor-widget elementor-widget-text-editor\" data-id=\"4d2e9cd\" data-element_type=\"widget\" data-widget_type=\"text-editor.default\">\n\t\t\t\t<div class=\"elementor-widget-container\">\n\t\t\t\t\t\t\t<h6><strong>Parametrii principali<\/strong><\/h6><p><em>Test Range\u00a0 \u00a0 \u00a0 \u00a0 \u00a0 \u00a0 \u00a0 \u00a0 \u00a0 \u00a0 \u00a0 \u00a0 \u00a0 \u00a0 \u00a0 \u00a0 \u00a0 \u00a0 \u00a0 \u00a0 \u00a00-50N (or as required)<\/em><\/p><p><em>Stroke\u00a0 \u00a0 \u00a0 \u00a0 \u00a0 \u00a0 \u00a0 \u00a0 \u00a0 \u00a0 \u00a0 \u00a0 \u00a0 \u00a0 \u00a0 \u00a0 \u00a0 \u00a0 \u00a0 \u00a0 \u00a0 \u00a0 \u00a0 \u00a0 \u00a0 1 1<\/em><em style=\"font-weight: inherit; text-align: var(--text-align); background-color: var(--ast-global-color-4); color: var(--ast-global-color-3);\">0mm (without probe)<\/em><\/p><p><em>Test Speed\u00a0 \u00a0 \u00a0 \u00a0 \u00a0 \u00a0 \u00a0 \u00a0 \u00a0 \u00a0 \u00a0 \u00a0 \u00a0 \u00a0 \u00a0 \u00a0 \u00a0 \u00a0 \u00a0 \u00a0 \u00a01~100mm\/min<\/em><\/p><p><em>Displacement Accuracy\u00a0 \u00a0 \u00a0 \u00a0 \u00a0 \u00a0 \u00a0 \u00a0 0.01mm<\/em><\/p><p><em>Accuracy\u00a0 \u00a0 \u00a0 \u00a0 \u00a0 \u00a0 \u00a0 \u00a0 \u00a0 \u00a0 \u00a0 \u00a0 \u00a0 \u00a0 \u00a0 \u00a0 \u00a0 \u00a0 \u00a0 \u00a0 \u00a0 \u00a00.5% F.S.<\/em><\/p><p><em>Control\u00a0 \u00a0 \u00a0 \u00a0 \u00a0 \u00a0 \u00a0 \u00a0 \u00a0 \u00a0 \u00a0 \u00a0 \u00a0 \u00a0 \u00a0 \u00a0 \u00a0 \u00a0 \u00a0 \u00a0 \u00a0 \u00a0 \u00a0 \u00a0PLC and human machine interface<\/em><\/p><p><em>Output\u00a0 \u00a0 \u00a0 \u00a0 \u00a0 \u00a0 \u00a0 \u00a0 \u00a0 \u00a0 \u00a0 \u00a0 \u00a0 \u00a0 \u00a0 \u00a0 \u00a0 \u00a0 \u00a0 \u00a0 \u00a0 \u00a0 \u00a0 \u00a0Screen, Microprinter, RS232(optional)<\/em><\/p><p><em>Power\u00a0 \u00a0 \u00a0 \u00a0 \u00a0 \u00a0 \u00a0 \u00a0 \u00a0 \u00a0 \u00a0 \u00a0 \u00a0 \u00a0 \u00a0 \u00a0 \u00a0 \u00a0 \u00a0 \u00a0 \u00a0 \u00a0 \u00a0 \u00a0 110~220V<\/em><\/p>\t\t\t\t\t\t<\/div>\n\t\t\t\t<\/div>\n\t\t\t\t<\/div>\n\t\t\t\t\t<\/div>\n\t\t\t\t<\/div>\n\t\t<div class=\"elementor-element elementor-element-4034acd e-flex e-con-boxed e-con e-parent\" data-id=\"4034acd\" data-element_type=\"container\">\n\t\t\t\t\t<div class=\"e-con-inner\">\n\t\t\t\t<div class=\"elementor-element elementor-element-c6ca644 elementor-widget elementor-widget-wpforms\" data-id=\"c6ca644\" data-element_type=\"widget\" data-widget_type=\"wpforms.default\">\n\t\t\t\t<div class=\"elementor-widget-container\">\n\t\t\t<div class=\"wpforms-container\" id=\"wpforms-11\"><form id=\"wpforms-form-11\" class=\"wpforms-validate wpforms-form wpforms-ajax-form\" data-formid=\"11\" method=\"post\" enctype=\"multipart\/form-data\" action=\"\/ro\/wp-json\/wp\/v2\/product\/2372\" data-token=\"e79a37c8e1278f1434d715431c5ed954\" data-trp-original-action=\"\/ro\/wp-json\/wp\/v2\/product\/2372\"><noscript class=\"wpforms-error-noscript\">V\u0103 rug\u0103m s\u0103 activa\u021bi JavaScript \u00een browserul dvs. pentru a completa acest formular.<\/noscript><div class=\"wpforms-field-container\"><div id=\"wpforms-11-field_1-container\" class=\"wpforms-field wpforms-field-text\" data-field-id=\"1\"><label class=\"wpforms-field-label\" for=\"wpforms-11-field_1\">Nume \u0219i prenume <span class=\"wpforms-required-label\">*<\/span><\/label><input type=\"text\" id=\"wpforms-11-field_1\" class=\"wpforms-field-medium wpforms-field-required\" name=\"wpforms[fields][1]\" placeholder=\"Nume \u0219i prenume\" required><\/div><div id=\"wpforms-11-field_5-container\" class=\"wpforms-field wpforms-field-text\" data-field-id=\"5\"><label class=\"wpforms-field-label\" for=\"wpforms-11-field_5\">Compania<\/label><input type=\"text\" id=\"wpforms-11-field_5\" class=\"wpforms-field-medium\" name=\"wpforms[fields][5]\" ><\/div><div id=\"wpforms-11-field_4-container\" class=\"wpforms-field wpforms-field-number\" data-field-id=\"4\"><label class=\"wpforms-field-label\" for=\"wpforms-11-field_4\">Telefon<\/label><input type=\"number\" pattern=\"\\d*\" id=\"wpforms-11-field_4\" class=\"wpforms-field-medium\" name=\"wpforms[fields][4]\" placeholder=\"Telefon\" ><\/div><div id=\"wpforms-11-field_3-container\" class=\"wpforms-field wpforms-field-email\" data-field-id=\"3\"><label class=\"wpforms-field-label\" for=\"wpforms-11-field_3\">E-mail <span class=\"wpforms-required-label\">*<\/span><\/label><input type=\"email\" id=\"wpforms-11-field_3\" class=\"wpforms-field-medium wpforms-field-required\" name=\"wpforms[fields][3]\" placeholder=\"E-mail\" spellcheck=\"false\" required><\/div><div id=\"wpforms-11-field_2-container\" class=\"wpforms-field wpforms-field-textarea\" data-field-id=\"2\"><label class=\"wpforms-field-label\" for=\"wpforms-11-field_2\">Mesaj<\/label><textarea id=\"wpforms-11-field_2\" class=\"wpforms-field-large\" name=\"wpforms[fields][2]\" ><\/textarea><\/div><\/div><!-- .wpforms-field-container --><input type=\"hidden\" name=\"wpforms[recaptcha]\" value=\"\"><div class=\"wpforms-submit-container\" ><input type=\"hidden\" name=\"wpforms[id]\" value=\"11\"><input type=\"hidden\" name=\"wpforms[author]\" value=\"3\"><button type=\"submit\" name=\"wpforms[submit]\" id=\"wpforms-submit-11\" class=\"wpforms-submit\" data-alt-text=\"Submitting\" data-submit-text=\"Submit\" aria-live=\"assertive\" value=\"wpforms-submit\">Trimite<\/button><img loading=\"lazy\" decoding=\"async\" src=\"https:\/\/www.qualitester.com\/wp-content\/plugins\/wpforms-lite\/assets\/images\/submit-spin.svg\" class=\"wpforms-submit-spinner\" style=\"display: none;\" width=\"26\" height=\"26\" alt=\"\u00cenc\u0103rcare\"><\/div><input type=\"hidden\" name=\"trp-form-language\" value=\"ro\"\/><\/form><\/div>  <!-- .wpforms-container -->\t\t<\/div>\n\t\t\t\t<\/div>\n\t\t\t\t\t<\/div>\n\t\t\t\t<\/div>\n\t\t\t\t<\/div>","protected":false},"excerpt":{"rendered":"<p>Gel strength tester can detect the texture properties of jelly and other materials and analyze the taste of jelly. It is an essential testing instrument in the food industry.<\/p>","protected":false},"featured_media":3523,"comment_status":"closed","ping_status":"closed","template":"","meta":{"site-sidebar-layout":"default","site-content-layout":"default","ast-global-header-display":"","ast-main-header-display":"","ast-hfb-above-header-display":"","ast-hfb-below-header-display":"","ast-hfb-mobile-header-display":"","site-post-title":"disabled","ast-breadcrumbs-content":"","ast-featured-img":"disabled","footer-sml-layout":"","theme-transparent-header-meta":"default","adv-header-id-meta":"","stick-header-meta":"","header-above-stick-meta":"","header-main-stick-meta":"","header-below-stick-meta":""},"product_cat":[845,929,928,674,672,95],"product_tag":[991],"class_list":{"0":"post-2372","1":"product","2":"type-product","3":"status-publish","4":"has-post-thumbnail","6":"product_cat-customization","7":"product_cat-gel-strength-tester","8":"product_cat-tpa-texture-analyzer","9":"product_cat-test-items","10":"product_cat-applied-materials","11":"product_cat-products","12":"product_tag-gel-strength-tester","13":"desktop-align-left","14":"tablet-align-left","15":"mobile-align-left","17":"first","18":"instock","19":"shipping-taxable","20":"product-type-simple"},"_links":{"self":[{"href":"https:\/\/www.qualitester.com\/ro\/wp-json\/wp\/v2\/product\/2372","targetHints":{"allow":["GET"]}}],"collection":[{"href":"https:\/\/www.qualitester.com\/ro\/wp-json\/wp\/v2\/product"}],"about":[{"href":"https:\/\/www.qualitester.com\/ro\/wp-json\/wp\/v2\/types\/product"}],"replies":[{"embeddable":true,"href":"https:\/\/www.qualitester.com\/ro\/wp-json\/wp\/v2\/comments?post=2372"}],"version-history":[{"count":0,"href":"https:\/\/www.qualitester.com\/ro\/wp-json\/wp\/v2\/product\/2372\/revisions"}],"wp:featuredmedia":[{"embeddable":true,"href":"https:\/\/www.qualitester.com\/ro\/wp-json\/wp\/v2\/media\/3523"}],"wp:attachment":[{"href":"https:\/\/www.qualitester.com\/ro\/wp-json\/wp\/v2\/media?parent=2372"}],"wp:term":[{"taxonomy":"product_cat","embeddable":true,"href":"https:\/\/www.qualitester.com\/ro\/wp-json\/wp\/v2\/product_cat?post=2372"},{"taxonomy":"product_tag","embeddable":true,"href":"https:\/\/www.qualitester.com\/ro\/wp-json\/wp\/v2\/product_tag?post=2372"}],"curies":[{"name":"wp","href":"https:\/\/api.w.org\/{rel}","templated":true}]}}