{"id":2316,"date":"2023-05-31T11:09:30","date_gmt":"2023-05-31T03:09:30","guid":{"rendered":"https:\/\/www.qualitester.com\/?post_type=product&#038;p=2316"},"modified":"2024-12-05T15:56:17","modified_gmt":"2024-12-05T07:56:17","slug":"tst-01-tensile-tester","status":"publish","type":"product","link":"https:\/\/www.qualitester.com\/ro\/produs\/tst-01-tensile-tester\/","title":{"rendered":"Tester de trac\u021biune TST-01"},"content":{"rendered":"<p><img fetchpriority=\"high\" decoding=\"async\" src=\"https:\/\/www.qualitester.com\/wp-content\/uploads\/2023\/04\/Tensile-Tester-TST-01-Front-view-1.jpg\" sizes=\"(max-width: 750px) 100vw, 750px\" srcset=\"https:\/\/www.qualitester.com\/wp-content\/uploads\/2023\/04\/Tensile-Tester-TST-01-Front-view-1.jpg 750w, https:\/\/www.qualitester.com\/wp-content\/uploads\/2023\/04\/Tensile-Tester-TST-01-Front-view-1-300x300.jpg 300w, https:\/\/www.qualitester.com\/wp-content\/uploads\/2023\/04\/Tensile-Tester-TST-01-Front-view-1-150x150.jpg 150w, https:\/\/www.qualitester.com\/wp-content\/uploads\/2023\/04\/Tensile-Tester-TST-01-Front-view-1-600x600.jpg 600w, https:\/\/www.qualitester.com\/wp-content\/uploads\/2023\/04\/Tensile-Tester-TST-01-Front-view-1-100x100.jpg 100w\" alt=\"\" width=\"750\" height=\"750\" \/><\/p>\n<h6><strong>Aplica\u021bie<\/strong><\/h6>\n<p>TST-01Tensile Tester poate fi utilizat pentru a m\u0103sura trac\u021biunea, decojirea, deformarea, ruperea, sigilarea termic\u0103, adezivul, for\u021ba de perforare, for\u021ba de deschidere \u0219i alte performan\u021be ale filmelor din plastic (necesit\u0103 diferite cleme sau dispozitive de fixare), materiale compozite, materiale de ambalare moi, tub flexibil din plastic, adezivi, band\u0103 adeziv\u0103, etichete autocolante, tencuieli medicale, h\u00e2rtie de eliberare, filme de protec\u021bie, capace combinate, folie de aluminiu, diafragm\u0103, foi de spate, \u021bes\u0103turi ne\u021besute, cauciuc, h\u00e2rtie etc.<\/p>\n<p><img decoding=\"async\" src=\"https:\/\/www.qualitester.com\/wp-content\/uploads\/2023\/04\/Tensile-Tester-TST-01-Right-view-1.jpg\" sizes=\"(max-width: 750px) 100vw, 750px\" srcset=\"https:\/\/www.qualitester.com\/wp-content\/uploads\/2023\/04\/Tensile-Tester-TST-01-Right-view-1.jpg 750w, https:\/\/www.qualitester.com\/wp-content\/uploads\/2023\/04\/Tensile-Tester-TST-01-Right-view-1-300x300.jpg 300w, https:\/\/www.qualitester.com\/wp-content\/uploads\/2023\/04\/Tensile-Tester-TST-01-Right-view-1-150x150.jpg 150w, https:\/\/www.qualitester.com\/wp-content\/uploads\/2023\/04\/Tensile-Tester-TST-01-Right-view-1-600x600.jpg 600w, https:\/\/www.qualitester.com\/wp-content\/uploads\/2023\/04\/Tensile-Tester-TST-01-Right-view-1-100x100.jpg 100w\" alt=\"\" width=\"750\" height=\"750\" \/><\/p>\n<h6><strong>Caracteristici tehnice<\/strong><\/h6>\n<p>Este o unitate controlat\u0103 de PLC (stabil\u0103 la nivel industrial) \u0219i operat\u0103 cu ecran tactil HMI. Mecanismul de precizie cu \u0219urub cu bile asigur\u0103 un control bun \u0219i constant al vitezei \u0219i deplas\u0103rii. Programul s\u0103u special conceput poate fi utilizat pentru testarea ruperii, tensiunii, alungirii, rezisten\u021bei sigiliului, exfolierii la 90\u00b0, exfolierii la 180\u00b0, ruperii.<\/p>\n<ul>\n<li>Operare cu ecran tactil TFT de 7 inch<\/li>\n<li>Control PLC<\/li>\n<li>\u0218urub de precizie cu bile<\/li>\n<li>Viteza de testare reglabil\u0103.<\/li>\n<li>Mai multe corpuri disponibile<\/li>\n<li>Dispozitiv de limitare \u0219i func\u021bie de revenire automat\u0103<\/li>\n<li>Mai multe elemente de testare disponibile.<\/li>\n<li>Microimprimant\u0103 (op\u021bional)<\/li>\n<\/ul>\n<p><img decoding=\"async\" src=\"https:\/\/www.qualitester.com\/wp-content\/uploads\/2023\/04\/Tensile-Tester-TST-01.jpg\" sizes=\"(max-width: 750px) 100vw, 750px\" srcset=\"https:\/\/www.qualitester.com\/wp-content\/uploads\/2023\/04\/Tensile-Tester-TST-01.jpg 750w, https:\/\/www.qualitester.com\/wp-content\/uploads\/2023\/04\/Tensile-Tester-TST-01-300x300.jpg 300w, https:\/\/www.qualitester.com\/wp-content\/uploads\/2023\/04\/Tensile-Tester-TST-01-150x150.jpg 150w, https:\/\/www.qualitester.com\/wp-content\/uploads\/2023\/04\/Tensile-Tester-TST-01-600x600.jpg 600w, https:\/\/www.qualitester.com\/wp-content\/uploads\/2023\/04\/Tensile-Tester-TST-01-100x100.jpg 100w\" alt=\"\" width=\"750\" height=\"750\" \/><\/p>\n<h6><strong>Parametrii principali<\/strong><\/h6>\n<p>Interval de testare 0-500N (standard, 50N, 100N, 200N sunt op\u021bionale)<\/p>\n<p>Curs\u0103 800 mm (alte curse disponibile)<\/p>\n<p>Viteza de testare 1 ~ 500mm\/min<\/p>\n<p>Precizia deplas\u0103rii 0,01 mm<\/p>\n<p>Precizie 0,5% F.S.<\/p>\n<p>L\u0103\u021bimea e\u0219antionului 27mm (alte op\u021bionale)<\/p>\n<p>PLC de control \u0219i interfa\u021ba om-ma\u0219in\u0103<\/p>\n<p>Ecran de ie\u0219ire date, microimprimant\u0103 (op\u021bional), RS232 (op\u021bional)<\/p>\n<h6><strong>Standarde majore<\/strong><\/h6>\n<p>ISO 37, ASTM D882, ASTM E4, ASTM D3330, ASTM F904, ASTM F88, ASTM D1938, JIS P8113<\/p>","protected":false},"excerpt":{"rendered":"<p>TST-01 poate fi utilizat pentru m\u0103surarea diferitelor propriet\u0103\u021bi fizice \u0219i mecanice ale materialelor.<\/p>","protected":false},"featured_media":6313,"comment_status":"closed","ping_status":"closed","template":"","meta":{"site-sidebar-layout":"default","site-content-layout":"default","ast-global-header-display":"","ast-main-header-display":"","ast-hfb-above-header-display":"","ast-hfb-below-header-display":"","ast-hfb-mobile-header-display":"","site-post-title":"disabled","ast-breadcrumbs-content":"","ast-featured-img":"disabled","footer-sml-layout":"","theme-transparent-header-meta":"default","adv-header-id-meta":"","stick-header-meta":"","header-above-stick-meta":"","header-main-stick-meta":"","header-below-stick-meta":""},"product_cat":[945,944,933,845,934,965,954,958,938,674,681,682,680,679,672,673,17,44,149,16,99,122,126,110,139,145,146,100,161,95],"product_tag":[],"class_list":{"0":"post-2316","1":"product","2":"type-product","3":"status-publish","4":"has-post-thumbnail","6":"product_cat-180-peeling-tester","7":"product_cat-90-peeling-tester","8":"product_cat-ampoule-breaking-tester","9":"product_cat-customization","10":"product_cat-medical-packaging-tester","11":"product_cat-package-compression-tester","12":"product_cat-paper-tear-tester","13":"product_cat-puncture-tester","14":"product_cat-textile-tester","15":"product_cat-test-items","16":"product_cat-peel-tester","17":"product_cat-protrusion-tester","18":"product_cat-tear-tester","19":"product_cat-tensile-tester","20":"product_cat-applied-materials","21":"product_cat-adhesive-tester","22":"product_cat-package-container-testers","23":"product_cat-paper-and-board-testers","24":"product_cat-pharma-and-medical-testers","25":"product_cat-plastic-packaging-testers","26":"product_cat-astm","27":"product_cat-astm-d1938","28":"product_cat-astm-d3330","29":"product_cat-astm-d882","30":"product_cat-astm-e4","31":"product_cat-astm-f88","32":"product_cat-astm-f904","33":"product_cat-iso","34":"product_cat-iso-37","35":"product_cat-products","36":"desktop-align-left","37":"tablet-align-left","38":"mobile-align-left","40":"first","41":"instock","42":"shipping-taxable","43":"product-type-simple"},"_links":{"self":[{"href":"https:\/\/www.qualitester.com\/ro\/wp-json\/wp\/v2\/product\/2316","targetHints":{"allow":["GET"]}}],"collection":[{"href":"https:\/\/www.qualitester.com\/ro\/wp-json\/wp\/v2\/product"}],"about":[{"href":"https:\/\/www.qualitester.com\/ro\/wp-json\/wp\/v2\/types\/product"}],"replies":[{"embeddable":true,"href":"https:\/\/www.qualitester.com\/ro\/wp-json\/wp\/v2\/comments?post=2316"}],"version-history":[{"count":0,"href":"https:\/\/www.qualitester.com\/ro\/wp-json\/wp\/v2\/product\/2316\/revisions"}],"wp:featuredmedia":[{"embeddable":true,"href":"https:\/\/www.qualitester.com\/ro\/wp-json\/wp\/v2\/media\/6313"}],"wp:attachment":[{"href":"https:\/\/www.qualitester.com\/ro\/wp-json\/wp\/v2\/media?parent=2316"}],"wp:term":[{"taxonomy":"product_cat","embeddable":true,"href":"https:\/\/www.qualitester.com\/ro\/wp-json\/wp\/v2\/product_cat?post=2316"},{"taxonomy":"product_tag","embeddable":true,"href":"https:\/\/www.qualitester.com\/ro\/wp-json\/wp\/v2\/product_tag?post=2316"}],"curies":[{"name":"wp","href":"https:\/\/api.w.org\/{rel}","templated":true}]}}