{"id":2268,"date":"2023-05-18T10:57:00","date_gmt":"2023-05-18T02:57:00","guid":{"rendered":"https:\/\/www.qualitester.com\/?post_type=product&#038;p=2268"},"modified":"2025-04-08T16:16:55","modified_gmt":"2025-04-08T08:16:55","slug":"lt-01-leak-tester","status":"publish","type":"product","link":"https:\/\/www.qualitester.com\/ro\/produs\/lt-01-leak-tester\/","title":{"rendered":"Tester de scurgere LT-01"},"content":{"rendered":"<h2 data-start=\"1173\" data-end=\"1228\"><strong data-start=\"1173\" data-end=\"1228\">\u00cen\u021belegerea testerului de scurgeri \u00een vid pentru ambalaje\u00a0<\/strong><\/h2>\n<p class=\"\" data-start=\"1230\" data-end=\"1607\">The <strong data-start=\"1234\" data-end=\"1271\">tester de scurgeri \u00een vid pentru ambalaje <\/strong>este conceput pentru a detecta scurgeri \u00een ambalaje flexibile sigilate prin observarea sc\u0103p\u0103rii aerului sau a gazului atunci c\u00e2nd este aplicat un vid. Aceast\u0103 tehnic\u0103 se bazeaz\u0103 pe <strong data-start=\"1410\" data-end=\"1435\">presiune diferen\u021bial\u0103<\/strong>, \u00een care presiunea din interiorul ambalajului contrasteaz\u0103 cu mediul de vid din camer\u0103. Dac\u0103 exist\u0103 o scurgere, aerul sau vaporii de produs ies sub forma unui flux vizibil de bule.<\/p>\n<p class=\"\" data-start=\"1609\" data-end=\"1973\">Instrumente celulare' <strong data-start=\"1627\" data-end=\"1648\">Tester de scurgere LT-01<\/strong> ofer\u0103 o metod\u0103 fiabil\u0103 \u0219i economic\u0103 de realizare a acestei proceduri. Aceasta utilizeaz\u0103 un <strong data-start=\"1728\" data-end=\"1744\">Tub Venturi<\/strong> pentru a crea un vid de p\u00e2n\u0103 la -90 kPa, ceea ce permite condi\u021bii de vid stabile \u0219i reglabile f\u0103r\u0103 a fi nevoie de o surs\u0103 de energie electric\u0103. De asemenea, acesta ofer\u0103 o <strong data-start=\"1897\" data-end=\"1929\">camer\u0103 acrilic\u0103 personalizabil\u0103<\/strong> pentru a se potrivi diferitelor dimensiuni \u0219i forme ale ambalajelor.<\/p>\n<div class=\"ast-oembed-container\" style=\"height: 100%;\"><iframe title=\"Cell INSTRUMENTS tester de etan\u0219eitate \u00een vid cu trei modele\" width=\"500\" height=\"281\" src=\"https:\/\/www.youtube.com\/embed\/UcL0JjOEm04?feature=oembed\" frameborder=\"0\" allow=\"accelerometer; autoplay; clipboard-write; encrypted-media; gyroscope; picture-in-picture; web-share\" referrerpolicy=\"strict-origin-when-cross-origin\" allowfullscreen><\/iframe><\/div>\n<hr class=\"\" data-start=\"1975\" data-end=\"1978\" \/>\n<h2 data-start=\"1980\" data-end=\"2027\"><strong data-start=\"1980\" data-end=\"2027\">Metoda de testare a scurgerilor \u00een vid ASTM \u0219i conformitatea<\/strong><\/h2>\n<p class=\"\" data-start=\"2029\" data-end=\"2304\">Pentru a asigura rezultate consecvente \u0219i precise, testerul de etan\u0219eitate \u00een vid trebuie s\u0103 respecte <strong data-start=\"2118\" data-end=\"2143\">Test de scurgere \u00een vid ASTM<\/strong> metoda descris\u0103 \u00een <a href=\"https:\/\/www.qualitester.com\/ro\/standards\/astm-d3078\/\" target=\"_blank\" rel=\"noopener\"><strong data-start=\"2163\" data-end=\"2177\">ASTM D3078<\/strong><\/a>. Acest standard interna\u021bional define\u0219te modul de realizare a detect\u0103rii scurgerilor prin <strong data-start=\"2253\" data-end=\"2280\">testarea emisiilor de bule<\/strong> pentru ambalaje flexibile.<\/p>\n<p class=\"\" data-start=\"2306\" data-end=\"2364\">\u00cen conformitate cu <strong data-start=\"2319\" data-end=\"2333\">ASTM D3078<\/strong>, iat\u0103 cum func\u021bioneaz\u0103 procesul:<\/p>\n<ul data-start=\"2366\" data-end=\"2855\">\n<li class=\"\" data-start=\"2366\" data-end=\"2442\">\n<p class=\"\" data-start=\"2368\" data-end=\"2442\">Pachetul este scufundat \u00een ap\u0103 \u00een interiorul unui <strong data-start=\"2411\" data-end=\"2441\">camer\u0103 de vid transparent\u0103<\/strong>.<\/p>\n<\/li>\n<li class=\"\" data-start=\"2443\" data-end=\"2547\">\n<p class=\"\" data-start=\"2445\" data-end=\"2547\">Se aplic\u0103 un vid, care cre\u0219te de obicei cu o rat\u0103 de 1 in. Hg\/sec p\u00e2n\u0103 c\u00e2nd se atinge nivelul \u021bint\u0103.<\/p>\n<\/li>\n<li class=\"\" data-start=\"2548\" data-end=\"2630\">\n<p class=\"\" data-start=\"2550\" data-end=\"2630\">Pe m\u0103sur\u0103 ce presiunea scade, <strong data-start=\"2573\" data-end=\"2629\">orice scurgere se manifest\u0103 ca un flux continuu de bule<\/strong>.<\/p>\n<\/li>\n<li class=\"\" data-start=\"2631\" data-end=\"2755\">\n<p class=\"\" data-start=\"2633\" data-end=\"2755\">Vidul este men\u021binut pentru o perioad\u0103 de timp specificat\u0103 (de obicei 30 de secunde), dup\u0103 care ambalajul este inspectat pentru verificarea p\u0103trunderii fluidului de testare.<\/p>\n<\/li>\n<li class=\"\" data-start=\"2756\" data-end=\"2855\">\n<p class=\"\" data-start=\"2758\" data-end=\"2855\">Ambalajele care emit bule sau prezint\u0103 semne de contaminare cu fluide interne sunt considerate defecte.<\/p>\n<\/li>\n<\/ul>\n<p class=\"\" data-start=\"2857\" data-end=\"3010\">Aceast\u0103 metod\u0103 este eficient\u0103 pentru identificarea g\u0103urilor, a sigiliilor slabe sau a \u00eenchiderilor necorespunz\u0103toare care ar putea permite aerului, umidit\u0103\u021bii sau contaminan\u021bilor s\u0103 p\u0103trund\u0103 \u00een ambalaj.<\/p>\n<hr class=\"\" data-start=\"3012\" data-end=\"3015\" \/>\n<h2 data-start=\"3017\" data-end=\"3061\"><strong data-start=\"3017\" data-end=\"3061\">Caracteristicile principale ale testerului de scurgeri \u00een vid LT-01<\/strong><\/h2>\n<p class=\"\" data-start=\"3063\" data-end=\"3232\">The <strong data-start=\"3067\" data-end=\"3088\">Tester de scurgere LT-01<\/strong> de Cell Instruments este proiectat pentru a simplifica detectarea scurgerilor, oferind \u00een acela\u0219i timp <strong data-start=\"3166\" data-end=\"3194\">precizie \u0219i durabilitate<\/strong>. Mai jos sunt prezentate c\u00e2teva dintre principalele sale caracteristici:<\/p>\n<ul data-start=\"3234\" data-end=\"3668\">\n<li class=\"\" data-start=\"3234\" data-end=\"3310\">\n<p class=\"\" data-start=\"3236\" data-end=\"3310\"><strong data-start=\"3236\" data-end=\"3252\">Model manual<\/strong>: Conceput pentru simplitate \u0219i opera\u021biuni de testare cu costuri reduse.<\/p>\n<\/li>\n<li class=\"\" data-start=\"3311\" data-end=\"3374\">\n<p class=\"\" data-start=\"3313\" data-end=\"3374\"><strong data-start=\"3313\" data-end=\"3329\">Intervalul de vid<\/strong>: 0 p\u00e2n\u0103 la -90 kPa, reglabil prin regulatorul de aer.<\/p>\n<\/li>\n<li class=\"\" data-start=\"3375\" data-end=\"3470\">\n<p class=\"\" data-start=\"3377\" data-end=\"3470\"><strong data-start=\"3377\" data-end=\"3410\">Crearea vidului pe baz\u0103 de Venturi<\/strong>: Elimin\u0103 nevoia de electricitate, folosind aer comprimat.<\/p>\n<\/li>\n<li class=\"\" data-start=\"3471\" data-end=\"3553\">\n<p class=\"\" data-start=\"3473\" data-end=\"3553\"><strong data-start=\"3473\" data-end=\"3503\">Camer\u0103 transparent\u0103 puternic\u0103<\/strong>: Monitorizare vizual\u0103 u\u0219oar\u0103 \u0219i construc\u021bie durabil\u0103.<\/p>\n<\/li>\n<li class=\"\" data-start=\"3554\" data-end=\"3668\">\n<p class=\"\" data-start=\"3556\" data-end=\"3668\"><strong data-start=\"3556\" data-end=\"3580\">Dimensiuni personalizate ale camerei<\/strong>: Disponibil \u00een forme cilindrice sau cubice pentru a se potrivi cu o gam\u0103 larg\u0103 de tipuri de pachete.<\/p>\n<\/li>\n<\/ul>\n<p class=\"\" data-start=\"3670\" data-end=\"3829\">\u00cen plus, LT-01 poate fi actualizat cu un <strong data-start=\"3713\" data-end=\"3728\">pomp\u0103 de vid<\/strong> pentru a \u00eendeplini metode de testare mai stricte, cum ar fi <strong data-start=\"3770\" data-end=\"3784\">ASTM D4991<\/strong>, extinz\u00e2ndu-\u0219i \u00een continuare capacit\u0103\u021bile de testare.<\/p>\n<hr class=\"\" data-start=\"4580\" data-end=\"4583\" \/>\n<h2 data-start=\"4585\" data-end=\"4637\"><strong data-start=\"4585\" data-end=\"4637\">Aplica\u021bii ale Testerului de scurgere \u00een vid pentru <\/strong><strong data-start=\"1173\" data-end=\"1228\">Containere<\/strong><\/h2>\n<p class=\"\" data-start=\"4639\" data-end=\"4730\">The <strong data-start=\"4643\" data-end=\"4679\">tester de scurgeri \u00een vid pentru c<\/strong><strong data-start=\"1173\" data-end=\"1228\">ontainere <\/strong>este utilizat pe scar\u0103 larg\u0103 \u00een diverse industrii, cum ar fi:<\/p>\n<ul data-start=\"4732\" data-end=\"5065\">\n<li class=\"\" data-start=\"4732\" data-end=\"4823\">\n<p class=\"\" data-start=\"4734\" data-end=\"4823\"><strong data-start=\"4734\" data-end=\"4753\">Alimente \u0219i b\u0103uturi<\/strong>: Pentru a verifica integritatea sigiliului \u00een pungi, plicule\u021be \u0219i filme flexibile.<\/p>\n<\/li>\n<li class=\"\" data-start=\"4824\" data-end=\"4902\">\n<p class=\"\" data-start=\"4826\" data-end=\"4902\"><strong data-start=\"4826\" data-end=\"4845\">Produse farmaceutice<\/strong>: Pentru a se asigura c\u0103 sistemele de barier\u0103 sterile r\u0103m\u00e2n necompromise.<\/p>\n<\/li>\n<li class=\"\" data-start=\"4903\" data-end=\"4983\">\n<p class=\"\" data-start=\"4905\" data-end=\"4983\"><strong data-start=\"4905\" data-end=\"4924\">Dispozitive medicale<\/strong>: Pentru detectarea scurgerilor \u00een ambalajele sterile \u0219i \u00een ambalajele componentelor.<\/p>\n<\/li>\n<li class=\"\" data-start=\"4984\" data-end=\"5065\">\n<p class=\"\" data-start=\"4986\" data-end=\"5065\"><strong data-start=\"4986\" data-end=\"5013\">Electronic\u0103 \u0219i produse chimice<\/strong>: Pentru a men\u021bine umiditatea \u0219i propriet\u0103\u021bile de barier\u0103 de vapori.<\/p>\n<\/li>\n<\/ul>\n<p class=\"\" data-start=\"5067\" data-end=\"5190\">Detectarea fiabil\u0103 a scurgerilor este esen\u021bial\u0103 pentru <strong data-start=\"5108\" data-end=\"5154\">prevenirea retragerilor de produse, reducerea risipei<\/strong>, \u0219i consolidarea <strong data-start=\"5170\" data-end=\"5189\">siguran\u021ba consumatorilor<\/strong>.<\/p>\n<hr class=\"\" data-start=\"3831\" data-end=\"3834\" \/>\n<h2 data-start=\"3836\" data-end=\"3896\"><strong data-start=\"3836\" data-end=\"3896\">De ce s\u0103 alege\u021bi un tester de scurgere \u00een vid de la Cell Instruments<\/strong><\/h2>\n<p class=\"\" data-start=\"3898\" data-end=\"4002\">Alegerea unui <strong data-start=\"3909\" data-end=\"3934\">tester de etan\u0219eitate \u00een vid<\/strong> de la Cell Instruments ofer\u0103 avantaje dincolo de conformitatea standard:<\/p>\n<ul data-start=\"4004\" data-end=\"4429\">\n<li class=\"\" data-start=\"4004\" data-end=\"4093\">\n<p class=\"\" data-start=\"4006\" data-end=\"4093\"><strong data-start=\"4006\" data-end=\"4032\">Solu\u021bii personalizabile<\/strong>: Camere \u0219i configura\u021bii personalizate pentru diverse formate de ambalaje.<\/p>\n<\/li>\n<li class=\"\" data-start=\"4094\" data-end=\"4204\">\n<p class=\"\" data-start=\"4096\" data-end=\"4204\"><strong data-start=\"4096\" data-end=\"4130\">Suport pentru mai multe standarde<\/strong>: \u00cen plus fa\u021b\u0103 de <a href=\"https:\/\/www.astm.org\/d3078-02r21e01.html\" target=\"_blank\" rel=\"noopener nofollow\">ASTM D3078<\/a>, unit\u0103\u021bile pot fi adaptate pentru <a href=\"https:\/\/www.astm.org\/d4991-07r15.html\" target=\"_blank\" rel=\"noopener nofollow\">ASTM D4991<\/a> \u0219i nu numai.<\/p>\n<\/li>\n<li class=\"\" data-start=\"4205\" data-end=\"4330\">\n<p class=\"\" data-start=\"4207\" data-end=\"4330\"><strong data-start=\"4207\" data-end=\"4229\">Expertiza \u00een domeniu<\/strong>: Experien\u021b\u0103 dovedit\u0103 \u00een <strong data-start=\"4252\" data-end=\"4329\">testarea ambalajelor medicale, alimentare, farmaceutice, adezive \u0219i electronice<\/strong>.<\/p>\n<\/li>\n<li class=\"\" data-start=\"4331\" data-end=\"4429\">\n<p class=\"\" data-start=\"4333\" data-end=\"4429\"><strong data-start=\"4333\" data-end=\"4360\">Nu necesit\u0103 electricitate<\/strong>: Con\u0219tient de mediul \u00eenconjur\u0103tor \u0219i mai sigur \u00een diverse contexte de produc\u021bie.<\/p>\n<\/li>\n<\/ul>\n<p class=\"\" data-start=\"4431\" data-end=\"4578\">Aceste beneficii fac din LT-01 o alegere excelent\u0103 pentru companiile care doresc s\u0103 \u00eembun\u0103t\u0103\u021beasc\u0103 <strong data-start=\"4514\" data-end=\"4543\">asigurarea calit\u0103\u021bii pachetelor<\/strong> \u0219i s\u0103 se \u00eent\u00e2lneasc\u0103 <strong data-start=\"4553\" data-end=\"4577\">standarde de reglementare<\/strong>.<\/p>","protected":false},"excerpt":{"rendered":"<p class=\"\" data-start=\"473\" data-end=\"983\">Asigurarea integrit\u0103\u021bii ambalajelor este esen\u021bial\u0103 pentru men\u021binerea siguran\u021bei produselor, prelungirea duratei de valabilitate \u0219i respectarea standardelor interna\u021bionale. Unul dintre instrumentele cele mai eficiente \u0219i adoptate pe scar\u0103 larg\u0103 \u00een acest scop este <strong data-start=\"694\" data-end=\"730\">tester de scurgeri \u00een vid pentru ambalaje<\/strong>. Utilizat \u00een industrii precum cea alimentar\u0103, medical\u0103, farmaceutic\u0103, electronic\u0103 \u0219i de inspec\u021bie a calit\u0103\u021bii, acest instrument de testare evalueaz\u0103 rezisten\u021ba sigiliului \u0219i etan\u0219eitatea ambalajelor flexibile pentru a detecta orice scurgeri poten\u021biale care ar putea compromite calitatea produsului.<\/p>\n<p class=\"\" data-start=\"985\" data-end=\"1166\">S\u0103 explor\u0103m modul \u00een care func\u021bioneaz\u0103 acest instrument, relevan\u021ba sa pentru standardele globale, cum ar fi <strong data-start=\"1068\" data-end=\"1082\">ASTM D3078<\/strong>, \u0219i de ce modelul LT-01 de la Cell Instruments este solu\u021bia ideal\u0103 pentru nevoile dumneavoastr\u0103 de testare.<\/p>","protected":false},"featured_media":5980,"comment_status":"closed","ping_status":"closed","template":"","meta":{"site-sidebar-layout":"default","site-content-layout":"default","ast-global-header-display":"","ast-main-header-display":"","ast-hfb-above-header-display":"","ast-hfb-below-header-display":"","ast-hfb-mobile-header-display":"","site-post-title":"disabled","ast-breadcrumbs-content":"","ast-featured-img":"disabled","footer-sml-layout":"","theme-transparent-header-meta":"default","adv-header-id-meta":"","stick-header-meta":"","header-above-stick-meta":"","header-main-stick-meta":"","header-below-stick-meta":""},"product_cat":[845,675,17,149,16,105,135,95],"product_tag":[],"class_list":{"0":"post-2268","1":"product","2":"type-product","3":"status-publish","4":"has-post-thumbnail","6":"product_cat-customization","7":"product_cat-leak-tester","8":"product_cat-package-container-testers","9":"product_cat-pharma-and-medical-testers","10":"product_cat-plastic-packaging-testers","11":"product_cat-astm-d3078","12":"product_cat-astm-d4991","13":"product_cat-products","14":"desktop-align-left","15":"tablet-align-left","16":"mobile-align-left","18":"first","19":"instock","20":"shipping-taxable","21":"product-type-simple"},"_links":{"self":[{"href":"https:\/\/www.qualitester.com\/ro\/wp-json\/wp\/v2\/product\/2268","targetHints":{"allow":["GET"]}}],"collection":[{"href":"https:\/\/www.qualitester.com\/ro\/wp-json\/wp\/v2\/product"}],"about":[{"href":"https:\/\/www.qualitester.com\/ro\/wp-json\/wp\/v2\/types\/product"}],"replies":[{"embeddable":true,"href":"https:\/\/www.qualitester.com\/ro\/wp-json\/wp\/v2\/comments?post=2268"}],"version-history":[{"count":0,"href":"https:\/\/www.qualitester.com\/ro\/wp-json\/wp\/v2\/product\/2268\/revisions"}],"wp:featuredmedia":[{"embeddable":true,"href":"https:\/\/www.qualitester.com\/ro\/wp-json\/wp\/v2\/media\/5980"}],"wp:attachment":[{"href":"https:\/\/www.qualitester.com\/ro\/wp-json\/wp\/v2\/media?parent=2268"}],"wp:term":[{"taxonomy":"product_cat","embeddable":true,"href":"https:\/\/www.qualitester.com\/ro\/wp-json\/wp\/v2\/product_cat?post=2268"},{"taxonomy":"product_tag","embeddable":true,"href":"https:\/\/www.qualitester.com\/ro\/wp-json\/wp\/v2\/product_tag?post=2268"}],"curies":[{"name":"wp","href":"https:\/\/api.w.org\/{rel}","templated":true}]}}