{"id":1799,"date":"2023-04-27T07:55:53","date_gmt":"2023-04-26T23:55:53","guid":{"rendered":"https:\/\/www.qualitester.com\/?post_type=product&#038;p=1799"},"modified":"2024-12-04T14:39:32","modified_gmt":"2024-12-04T06:39:32","slug":"stretch-film-peel-cling-tester-spc-01","status":"publish","type":"product","link":"https:\/\/www.qualitester.com\/ro\/produs\/stretch-film-peel-cling-tester-spc-01\/","title":{"rendered":"SPC-01 Film Stretch Peel Cling Tester"},"content":{"rendered":"<h2>Introducerea testerului de lipire a cojii<\/h2>\n<p>ASTM D5458 Peel Cling Tester m\u0103soar\u0103 aderen\u021ba \u00eentre dou\u0103 straturi de film \u0219i ajut\u0103 la determinarea propriet\u0103\u021bii materialului de folie stretch de a adera la acesta. \u00cen domeniul materialelor de ambalare, asigurarea siguran\u021bei \u0219i stabilit\u0103\u021bii produselor este extrem de important\u0103 \u00een diverse industrii. Printre aceste materiale, folia stretch, cunoscut\u0103 \u0219i sub denumirea de folie adeziv\u0103, joac\u0103 un rol crucial \u00een ambalarea \u0219i protejarea \u00een siguran\u021b\u0103 a m\u0103rfurilor \u00een timpul transportului \u0219i depozit\u0103rii. Evaluarea calit\u0103\u021bii peliculei aderente a foliei stretch este esen\u021bial\u0103 pentru evaluarea for\u021bei de aderen\u021b\u0103 \u0219i a performan\u021bei sale generale.<\/p>\n<p><img fetchpriority=\"high\" decoding=\"async\" class=\"wp-image-4157 size-woocommerce_single aligncenter\" src=\"https:\/\/www.qualitester.com\/wp-content\/uploads\/2023\/04\/stretch-film-peel-cling-testser-600x600.jpg\" alt=\"tester de lipire peel pentru folie de plastic prin astm d5458\" width=\"600\" height=\"600\" srcset=\"https:\/\/www.qualitester.com\/wp-content\/uploads\/2023\/04\/stretch-film-peel-cling-testser-600x600.jpg 600w, https:\/\/www.qualitester.com\/wp-content\/uploads\/2023\/04\/stretch-film-peel-cling-testser-300x300.jpg 300w, https:\/\/www.qualitester.com\/wp-content\/uploads\/2023\/04\/stretch-film-peel-cling-testser-150x150.jpg 150w, https:\/\/www.qualitester.com\/wp-content\/uploads\/2023\/04\/stretch-film-peel-cling-testser-100x100.jpg 100w, https:\/\/www.qualitester.com\/wp-content\/uploads\/2023\/04\/stretch-film-peel-cling-testser.jpg 750w\" sizes=\"(max-width: 600px) 100vw, 600px\" \/><\/p>\n<h2>De ce este important\u0103 testarea Peel Cling?<\/h2>\n<p>Testarea aderen\u021bei prin desprindere este esen\u021bial\u0103 pentru folia stretch, deoarece evalueaz\u0103 capacitatea foliei de a adera la sine \u0219i de a men\u021bine integritatea produselor ambalate.<\/p>\n<h3>Stabilitatea \u00eenc\u0103rc\u0103turii<\/h3>\n<p>Principala func\u021bie a foliei stretch este de a stabiliza \u00eenc\u0103rc\u0103turile \u00een timpul transportului \u0219i depozit\u0103rii. Dac\u0103 folia nu se aga\u021b\u0103 bine de ea \u00eens\u0103\u0219i, aceasta poate duce la deplasarea \u00eenc\u0103rc\u0103turii, ceea ce poate cauza deteriorarea bunurilor sau chiar accidente \u00een timpul transportului.<\/p>\n<h3>Protec\u021bia produselor<\/h3>\n<p>\u00cembr\u0103c\u0103mintea adecvat\u0103 asigur\u0103 c\u0103 bunurile ambalate sunt \u021binute \u00eempreun\u0103 \u00een siguran\u021b\u0103, protej\u00e2ndu-le de praf, umiditate \u0219i al\u021bi factori externi care le-ar putea deteriora sau contamina.<\/p>\n<h3>Manipulare eficient\u0103<\/h3>\n<p>O folie stretch cu propriet\u0103\u021bi bune de aderen\u021b\u0103 faciliteaz\u0103 manipularea \u0219i transportul \u00eenc\u0103rc\u0103turilor paletizate, reduc\u00e2nd riscul de alunecare sau separare \u00een timpul manipul\u0103rii.<\/p>\n<h3>Reducerea costurilor<\/h3>\n<p>Propriet\u0103\u021bile eficiente de aderen\u021b\u0103 \u00eenseamn\u0103 c\u0103 este nevoie de mai pu\u021bin\u0103 folie pentru a ambala o \u00eenc\u0103rc\u0103tur\u0103 \u00een siguran\u021b\u0103. Acest lucru nu numai c\u0103 reduce costurile materialelor, dar minimizeaz\u0103 \u0219i impactul asupra mediului asociat cu excesul de ambalaje.<\/p>\n<h3>Satisfac\u021bia clien\u021bilor<\/h3>\n<p>Asigurarea c\u0103 produsele ajung la destina\u021bie intacte \u0219i nedeteriorate este esen\u021bial\u0103 pentru satisfac\u021bia clien\u021bilor. Testarea adecvat\u0103 a aderen\u021bei ajut\u0103 produc\u0103torii s\u0103 men\u021bin\u0103 calitatea produselor lor de-a lungul lan\u021bului de aprovizionare.<\/p>\n<p><img decoding=\"async\" class=\"wp-image-4156 size-woocommerce_single aligncenter\" src=\"https:\/\/www.qualitester.com\/wp-content\/uploads\/2023\/04\/astm-d5458-peel-cling-testing-machine-for-sale-600x600.jpg\" alt=\"tester de lipire peel pentru folie de plastic prin astm d5458\" width=\"600\" height=\"600\" srcset=\"https:\/\/www.qualitester.com\/wp-content\/uploads\/2023\/04\/astm-d5458-peel-cling-testing-machine-for-sale-600x600.jpg 600w, https:\/\/www.qualitester.com\/wp-content\/uploads\/2023\/04\/astm-d5458-peel-cling-testing-machine-for-sale-300x300.jpg 300w, https:\/\/www.qualitester.com\/wp-content\/uploads\/2023\/04\/astm-d5458-peel-cling-testing-machine-for-sale-150x150.jpg 150w, https:\/\/www.qualitester.com\/wp-content\/uploads\/2023\/04\/astm-d5458-peel-cling-testing-machine-for-sale-100x100.jpg 100w, https:\/\/www.qualitester.com\/wp-content\/uploads\/2023\/04\/astm-d5458-peel-cling-testing-machine-for-sale.jpg 750w\" sizes=\"(max-width: 600px) 100vw, 600px\" \/><\/p>\n<h2>Aplicarea testului Peel Cling \u00een testarea materialelor<\/h2>\n<p>Peel Cling Tester serve\u0219te ca un instrument vital \u00een evaluarea for\u021bei de aderen\u021b\u0103 \u00eentre dou\u0103 straturi de folie stretch. Prin furnizarea de m\u0103sur\u0103tori precise, acest tester contribuie \u00een mod semnificativ la \u00eembun\u0103t\u0103\u021birea calit\u0103\u021bii \u0219i siguran\u021bei produselor \u00een diverse sectoare, inclusiv ambalaje, produse alimentare, medicale \u0219i altele.<\/p>\n<h2>Conformitatea cu standardele<\/h2>\n<ul>\n<li>The <a title=\"ASTM D5458 tester de lipire a cojii\" href=\"https:\/\/www.astm.org\/d5458-95r20.html\" target=\"_blank\" rel=\"noopener nofollow\"><span style=\"color: #3366ff;\"><strong>ASTM D5458<\/strong><\/span><\/a> Standard Test Method for Stretch Wrap Peel Cling ofer\u0103 o abordare standardizat\u0103 pentru a cuantifica puterea de aderen\u021b\u0103 \u00eentre straturile de film. Aceast\u0103 metod\u0103 ajut\u0103 la determinarea stratului superior de aderen\u021b\u0103, fie el extern sau intern.<\/li>\n<\/ul>\n<h2>Caracteristici tehnice ale dispozitivului de testare a lipirii peelului<\/h2>\n<ol>\n<li>Interfa\u021b\u0103 u\u0219or de utilizat: Un ecran tactil TFT de 7 inchi asigur\u0103 operarea \u0219i interac\u021biunea u\u0219oar\u0103.<\/li>\n<li>Performan\u021b\u0103 fiabil\u0103: Unitatea intern\u0103 de control PLC garanteaz\u0103 o performan\u021b\u0103 constant\u0103 \u0219i fiabil\u0103.<\/li>\n<li>Precizie \u0219i acurate\u021be: Utilizeaz\u0103 un mecanism cu \u0219urub cu bile de precizie pentru m\u0103sur\u0103tori precise ale vitezei \u0219i deplas\u0103rii.<\/li>\n<li>Vitez\u0103 de testare reglabil\u0103: Permite flexibilitate \u00een parametrii de testare pentru a se potrivi cerin\u021belor specifice de testare.<\/li>\n<li>Interferen\u021be minimizate: Conexiunile diferite ale celulelor de sarcin\u0103 elimin\u0103 interferen\u021bele cauzate de fric\u021biune \u0219i gravita\u021bie, asigur\u00e2nd rezultate precise.<\/li>\n<li>Func\u021bionalitate \u00eembun\u0103t\u0103\u021bit\u0103: Echipat cu un dispozitiv de limitare \u0219i func\u021bie de \u00eentoarcere automat\u0103 pentru un confort sporit.<\/li>\n<li>Afi\u0219are date \u00een timp real: Ofer\u0103 afi\u0219area \u00een timp real a curbelor de testare \u0219i \u00eenregistreaz\u0103 valorile de v\u00e2rf pentru analiz\u0103.<\/li>\n<li>Utilizare versatil\u0103: Suport\u0103 rate de alungire de 50%, 100% \u0219i 200%, satisf\u0103c\u00e2nd o gam\u0103 larg\u0103 de nevoi de testare.<\/li>\n<li>Documenta\u021bie: Include o microimprimant\u0103 \u00eencorporat\u0103 pentru documentarea convenabil\u0103 a rezultatelor testelor.<\/li>\n<li>Caracteristici op\u021bionale: Ofer\u0103 op\u021biunea de a ad\u0103uga o func\u021bie de coeficient de frecare pentru capabilit\u0103\u021bi de testare complete.<\/li>\n<\/ol>\n<p>Calitatea aderen\u021bei foliei stretch este esen\u021bial\u0103 pentru asigurarea integrit\u0103\u021bii \u0219i stabilit\u0103\u021bii produselor ambalate \u00een timpul transportului \u0219i depozit\u0103rii. Peel Cling Tester reprezint\u0103 o solu\u021bie fiabil\u0103 pentru evaluarea precis\u0103 a for\u021bei de aderen\u021b\u0103, contribuind astfel la \u00eembun\u0103t\u0103\u021birea calit\u0103\u021bii \u0219i siguran\u021bei produselor \u00een diverse industrii.<\/p>\n<h2>Cum se testeaz\u0103 for\u021ba de aderen\u021b\u0103 a peliculei stretch?<\/h2>\n<div class=\"ast-oembed-container\" style=\"height: 100%;\"><iframe title=\"Instrument de testare a lipirii peliculei stretch | ASTM D5458\" width=\"500\" height=\"281\" src=\"https:\/\/www.youtube.com\/embed\/gRpUEGeIRNw?feature=oembed\" frameborder=\"0\" allow=\"accelerometer; autoplay; clipboard-write; encrypted-media; gyroscope; picture-in-picture; web-share\" referrerpolicy=\"strict-origin-when-cross-origin\" allowfullscreen><\/iframe><\/div>\n<h2>\u00centreb\u0103ri frecvente<\/h2>\n<ol>\n<li>Care sunt industriile care beneficiaz\u0103 cel mai mult de <strong>testarea peel cling<\/strong>?<br \/>\nTestarea lipirii prin desprindere este nepre\u021buit\u0103 \u00een industrii precum cea a ambalajelor, alimentar\u0103, medical\u0103 \u0219i farmaceutic\u0103, unde securizarea bunurilor \u00een timpul transportului este esen\u021bial\u0103.<\/li>\n<li>Poate <strong>Tester de lipire peel<\/strong> s\u0103 se adapteze cerin\u021belor de testare personalizate?<br \/>\nDa, Peel Cling Tester ofer\u0103 parametri ajustabili, ceea ce \u00eel face potrivit pentru diverse nevoi de testare, inclusiv automatizare personalizat\u0103.<\/li>\n<li>Testele de lipire a cojii sunt conforme cu standardele interna\u021bionale?<br \/>\n\u00cen mod absolut, testele de aderen\u021b\u0103 la peeling, efectuate de Peel Cling Tester, respect\u0103 standardele interna\u021bionale, cum ar fi ASTM D5458, asigur\u00e2nd rezultate precise \u0219i fiabile.<\/li>\n<li>Cum contribuie testarea peel cling la controlul calit\u0103\u021bii?<br \/>\nTestarea lipirii prin desprindere serve\u0219te ca m\u0103sur\u0103 vital\u0103 de control al calit\u0103\u021bii, asigur\u00e2nd aderen\u021ba \u0219i performan\u021ba foliei stretch \u00een securizarea eficient\u0103 a produselor ambalate.<\/li>\n<li>\u00cen ce fel ajut\u0103 Peel Cling Tester la reducerea costurilor pentru \u00eentreprinderi?<br \/>\nPrin evaluarea precis\u0103 a for\u021bei de aderen\u021b\u0103, Peel Cling Tester ajut\u0103 companiile s\u0103-\u0219i optimizeze procesele de ambalare, minimiz\u00e2nd risipa de material \u0219i asigur\u00e2nd utilizarea eficient\u0103 a resurselor.<\/li>\n<\/ol>\n<h2>Instrumente de testare conexe<\/h2>\n<p><img decoding=\"async\" class=\"alignnone wp-image-4121 size-woocommerce_single\" src=\"https:\/\/www.qualitester.com\/wp-content\/uploads\/2023\/04\/TST-01-Tensile-Tester-puncture-test-1-1-600x600.jpg\" alt=\"ASTM D5748 Tester de perforare a filmului Stretch Wrap\" width=\"600\" height=\"600\" srcset=\"https:\/\/www.qualitester.com\/wp-content\/uploads\/2023\/04\/TST-01-Tensile-Tester-puncture-test-1-1-600x600.jpg 600w, https:\/\/www.qualitester.com\/wp-content\/uploads\/2023\/04\/TST-01-Tensile-Tester-puncture-test-1-1-300x300.jpg 300w, https:\/\/www.qualitester.com\/wp-content\/uploads\/2023\/04\/TST-01-Tensile-Tester-puncture-test-1-1-150x150.jpg 150w, https:\/\/www.qualitester.com\/wp-content\/uploads\/2023\/04\/TST-01-Tensile-Tester-puncture-test-1-1-100x100.jpg 100w, https:\/\/www.qualitester.com\/wp-content\/uploads\/2023\/04\/TST-01-Tensile-Tester-puncture-test-1-1.jpg 750w\" sizes=\"(max-width: 600px) 100vw, 600px\" \/><\/p>\n<p>TST-01 <a title=\"Tester de perforare ASTM D5748\" href=\"https:\/\/www.qualitester.com\/ro\/produs\/tensile-tester-tst-01\/\" target=\"_blank\" rel=\"noopener\"><span style=\"color: #3366ff;\">Tester de trac\u021biune<\/span><\/a> pentru proeminen\u021b\u0103 <strong>Rezisten\u021ba la perforare a foliei Stretch Wrap<\/strong><\/p>","protected":false},"excerpt":{"rendered":"<p>Folia stretch, cunoscut\u0103 \u0219i sub denumirea de folie adeziv\u0103, joac\u0103 un rol crucial \u00een \u00eempachetarea \u0219i protejarea sigur\u0103 a bunurilor \u00een timpul transportului \u0219i depozit\u0103rii. Evaluarea calit\u0103\u021bii peliculei aderente a foliei stretch este esen\u021bial\u0103 pentru evaluarea puterii de aderen\u021b\u0103 \u0219i a performan\u021bei sale generale.<\/p>","protected":false},"featured_media":6101,"comment_status":"closed","ping_status":"closed","template":"","meta":{"site-sidebar-layout":"default","site-content-layout":"default","ast-global-header-display":"","ast-main-header-display":"","ast-hfb-above-header-display":"","ast-hfb-below-header-display":"","ast-hfb-mobile-header-display":"","site-post-title":"disabled","ast-breadcrumbs-content":"","ast-featured-img":"disabled","footer-sml-layout":"","theme-transparent-header-meta":"default","adv-header-id-meta":"","stick-header-meta":"","header-above-stick-meta":"","header-main-stick-meta":"","header-below-stick-meta":""},"product_cat":[845,681,16,390,95],"product_tag":[],"class_list":{"0":"post-1799","1":"product","2":"type-product","3":"status-publish","4":"has-post-thumbnail","6":"product_cat-customization","7":"product_cat-peel-tester","8":"product_cat-plastic-packaging-testers","9":"product_cat-astm-d5458","10":"product_cat-products","11":"desktop-align-left","12":"tablet-align-left","13":"mobile-align-left","15":"first","16":"instock","17":"shipping-taxable","18":"product-type-simple"},"_links":{"self":[{"href":"https:\/\/www.qualitester.com\/ro\/wp-json\/wp\/v2\/product\/1799","targetHints":{"allow":["GET"]}}],"collection":[{"href":"https:\/\/www.qualitester.com\/ro\/wp-json\/wp\/v2\/product"}],"about":[{"href":"https:\/\/www.qualitester.com\/ro\/wp-json\/wp\/v2\/types\/product"}],"replies":[{"embeddable":true,"href":"https:\/\/www.qualitester.com\/ro\/wp-json\/wp\/v2\/comments?post=1799"}],"version-history":[{"count":0,"href":"https:\/\/www.qualitester.com\/ro\/wp-json\/wp\/v2\/product\/1799\/revisions"}],"wp:featuredmedia":[{"embeddable":true,"href":"https:\/\/www.qualitester.com\/ro\/wp-json\/wp\/v2\/media\/6101"}],"wp:attachment":[{"href":"https:\/\/www.qualitester.com\/ro\/wp-json\/wp\/v2\/media?parent=1799"}],"wp:term":[{"taxonomy":"product_cat","embeddable":true,"href":"https:\/\/www.qualitester.com\/ro\/wp-json\/wp\/v2\/product_cat?post=1799"},{"taxonomy":"product_tag","embeddable":true,"href":"https:\/\/www.qualitester.com\/ro\/wp-json\/wp\/v2\/product_tag?post=1799"}],"curies":[{"name":"wp","href":"https:\/\/api.w.org\/{rel}","templated":true}]}}