{"id":1728,"date":"2023-04-26T13:58:32","date_gmt":"2023-04-26T05:58:32","guid":{"rendered":"https:\/\/www.qualitester.com\/?post_type=product&#038;p=1728"},"modified":"2024-12-02T16:27:43","modified_gmt":"2024-12-02T08:27:43","slug":"leak-tester-lt-02","status":"publish","type":"product","link":"https:\/\/www.qualitester.com\/ro\/produs\/leak-tester-lt-02\/","title":{"rendered":"Tester de scurgere LT-02"},"content":{"rendered":"<h2><strong>Introducere \u00een Testerul de scurgere a pachetelor<\/strong><\/h2>\n<p>Asigurarea integrit\u0103\u021bii sigiliilor ambalajelor este esen\u021bial\u0103 pentru protejarea produselor de contaminare, deteriorare \u0219i degradare. Un aparat fiabil de testare a etan\u0219eit\u0103\u021bii ambalajelor, cum ar fi <strong>Tester de scurgere LT-02<\/strong> joac\u0103 un rol vital \u00een industrii care variaz\u0103 de la ambalarea alimentelor la produsele farmaceutice, oferind informa\u021bii esen\u021biale privind calitatea ambalajelor. Acest instrument avansat de testare a scurgerilor \u00eei ajut\u0103 pe produc\u0103tori s\u0103 detecteze \u0219i s\u0103 abordeze defectele de ambalare din timp, asigur\u00e2ndu-se c\u0103 produsele r\u0103m\u00e2n sigure, proaspete \u0219i conforme cu standardele industriei.<\/p>\n<p>A <strong>tester de etan\u0219eitate pentru ambalaje<\/strong> verific\u0103 dac\u0103 sigiliul unui ambalaj este etan\u0219, prevenind scurgerile care ar putea compromite con\u021binutul. Acest lucru este deosebit de important \u00een sectoarele \u00een care integritatea sigiliului este esen\u021bial\u0103 pentru men\u021binerea calit\u0103\u021bii \u0219i siguran\u021bei produselor.<\/p>\n<h2><strong>ASTM D3078: Standard pentru testarea scurgerilor<\/strong><\/h2>\n<h3><strong>Introducere \u00een ASTM D3078<\/strong><\/h3>\n<p>The <a href=\"https:\/\/www.astm.org\/d3078-02r21e01.html\" target=\"_blank\" rel=\"noopener nofollow\"><strong>ASTM D3078<\/strong><\/a> este un standard recunoscut pe scar\u0103 larg\u0103 care descrie metodele de detectare a scurgerilor grosolane \u00een ambalajele flexibile care con\u021bin gaz \u00een spa\u021biul de cap. Acest standard este deosebit de util pentru testarea materialelor de ambalare flexibile utilizate \u00een aplica\u021bii alimentare, farmaceutice \u0219i dispozitive medicale, unde asigurarea integrit\u0103\u021bii sigiliului este esen\u021bial\u0103 pentru siguran\u021ba produsului.<\/p>\n<h3><strong>Metodologia de testare conform ASTM D3078<\/strong><\/h3>\n<p>\u00cen conformitate cu <a href=\"https:\/\/www.qualitester.com\/ro\/categorie-produs\/astm\/astm-d3078\/\" target=\"_blank\" rel=\"noopener\"><strong>ASTM D3078<\/strong><\/a>, testul de etan\u0219eitate al pachetului se efectueaz\u0103 prin scufundarea e\u0219antionului de testare \u00eentr-o camer\u0103 umplut\u0103 cu ap\u0103. Camera este apoi sigilat\u0103 \u0219i se aplic\u0103 un vid pentru a crea diferen\u021be de presiune. Dac\u0103 ambalajul are o scurgere, aerul va ie\u0219i prin deschidere, provoc\u00e2nd formarea de bule \u00een ap\u0103. Aceast\u0103 metod\u0103 faciliteaz\u0103 identificarea vizual\u0103 a scurgerilor, chiar \u0219i a celor care sunt prea mici pentru a fi detectate prin alte mijloace.<\/p>\n<p>Acest standard asigur\u0103 c\u0103 materialele de ambalare pot fi evaluate \u00een mod eficient \u00een ceea ce prive\u0219te scurgerile, oferind produc\u0103torilor o modalitate fiabil\u0103 de a garanta protec\u021bia produselor \u0219i conformitatea cu normele de siguran\u021b\u0103.<\/p>\n<h2><strong>Cum func\u021bioneaz\u0103 testerul de scurgeri de ambalaje<\/strong><\/h2>\n<h3><strong>Configurarea \u0219i procedura de testare<\/strong><\/h3>\n<p>Pentru a efectua un test de etan\u0219eitate utiliz\u00e2nd <strong>Tester de scurgere LT-02<\/strong>, proba de testare este plasat\u0103 \u00eentr-o camer\u0103 acrilic\u0103 transparent\u0103 umplut\u0103 cu ap\u0103. Camera este sigilat\u0103, iar unitatea de control \u00eencepe s\u0103 evacueze aerul p\u00e2n\u0103 c\u00e2nd este atins\u0103 presiunea de vid necesar\u0103. Ambalajul este apoi testat pentru detectarea scurgerilor, care sunt indicate de apari\u021bia bulelor pe m\u0103sur\u0103 ce aerul se scurge din orice mici deschideri ale sigiliului.<\/p>\n<h3><strong>Caracteristici tehnice ale testerului de scurgeri LT-02<\/strong><\/h3>\n<ul>\n<li><strong>Capabilit\u0103\u021bi de vid \u00eenalt<\/strong>: LT-02 poate atinge o presiune de vid de p\u00e2n\u0103 la <strong>-90KPa<\/strong> folosind un tub Venturi. Acest lucru \u00eel face capabil s\u0103 detecteze chiar \u0219i scurgeri foarte mici \u00eentr-o gam\u0103 larg\u0103 de materiale de ambalare.<\/li>\n<li><strong>Timp de testare reglabil<\/strong>: Timpul de testare poate fi personalizat pentru a se potrivi cerin\u021belor specifice ale ambalajului testat. Aceast\u0103 caracteristic\u0103 asigur\u0103 faptul c\u0103 at\u00e2t ambalajele mici, c\u00e2t \u0219i cele mari pot fi testate eficient.<\/li>\n<li><strong>Comutator de presiune \u00een vid SMC<\/strong>: LT-02 utilizeaz\u0103 un presostat de vid SMC de \u00eenalt\u0103 calitate, care asigur\u0103 un control precis \u0219i fiabil asupra nivelurilor de vid \u00een timpul testului.<\/li>\n<li><strong>Camer\u0103 de testare personalizabil\u0103<\/strong>: Camera este fabricat\u0103 din acril durabil, transparent \u0219i poate fi personalizat\u0103 \u00een ceea ce prive\u0219te dimensiunea \u0219i forma pentru a se potrivi diferitelor formate de ambalaj, inclusiv forme cilindrice \u0219i cubice.<\/li>\n<li><strong>Niveluri op\u021bionale de vid mai ridicate<\/strong>: LT-02 este compatibil cu o pomp\u0103 de vid pentru niveluri de vid mai ridicate, \u00een conformitate cu <strong>ASTM D4991<\/strong>, pentru cerin\u021be de testare mai stricte.<\/li>\n<\/ul>\n<h2><strong>Aplica\u021bii ale test\u0103rii etan\u0219eit\u0103\u021bii pachetelor<\/strong><\/h2>\n<h3><strong>Aplica\u021bii industriale<\/strong><\/h3>\n<ul>\n<li><strong>Industria alimentar\u0103<\/strong>: LT-02 este esen\u021bial pentru asigurarea integrit\u0103\u021bii ambalajelor \u00een industria alimentar\u0103, prevenind contaminarea, deteriorarea sau degradarea produselor perisabile.<\/li>\n<li><strong>Produse farmaceutice \u0219i dispozitive medicale<\/strong>: Pentru produsele care necesit\u0103 ambalaje sterile, cum ar fi medicamentele sau dispozitivele medicale, LT-02 asigur\u0103 c\u0103 sigiliile ambalajelor sunt lipsite de scurgeri, protej\u00e2nd \u00eempotriva contamin\u0103rii.<\/li>\n<li><strong>Produc\u0103tori de ambalaje<\/strong>: LT-02 este, de asemenea, utilizat pe scar\u0103 larg\u0103 de produc\u0103torii de ambalaje pentru a testa \u0219i a verifica performan\u021ba produselor lor \u00eenainte ca acestea s\u0103 fie livrate clien\u021bilor.<\/li>\n<\/ul>\n<h3><strong>Testarea ambalajelor durabile<\/strong><\/h3>\n<p>Av\u00e2nd \u00een vedere cererea tot mai mare de solu\u021bii de ambalare durabile \u0219i ecologice, LT-02 poate ajuta la testarea materialelor alternative pentru rezisten\u021ba la scurgeri, asigur\u00e2ndu-se c\u0103 aceste noi tipuri de ambalaje \u00eendeplinesc acelea\u0219i standarde de siguran\u021b\u0103 \u0219i protec\u021bie ca materialele de ambalare tradi\u021bionale.<\/p>\n<h2><strong>Beneficiile utiliz\u0103rii unui tester de scurgeri de ambalaje<\/strong><\/h2>\n<ul>\n<li><strong>Acurate\u021be \u0219i fiabilitate<\/strong>: LT-02 ofer\u0103 rezultate precise \u0219i fiabile, asigur\u00e2nd c\u0103 orice defecte ale sigiliilor ambalajelor sunt detectate \u0219i abordate la timp \u00een procesul de produc\u021bie.<\/li>\n<li><strong>Cost-eficacitate<\/strong>: Prin detectarea defectelor de ambalare \u00eenainte ca produsele s\u0103 ajung\u0103 pe pia\u021b\u0103, produc\u0103torii pot evita rechem\u0103rile costisitoare ale produselor, nemul\u021bumirea clien\u021bilor \u0219i deteriorarea bunurilor.<\/li>\n<li><strong>Conformitatea cu standardele din industrie<\/strong>: LT-02 \u00eent\u00e2lne\u0219te <strong>ASTM D3078<\/strong> \u0219i alte standarde relevante de testare a ambalajelor, ajut\u00e2nd produc\u0103torii s\u0103 respecte cerin\u021bele de reglementare pentru siguran\u021ba produselor \u0219i calitatea ambalajelor.<\/li>\n<\/ul>\n<h2><strong>Specifica\u021bii tehnice ale testerului de scurgeri LT-02<\/strong><\/h2>\n<table>\n<tbody>\n<tr>\n<td style=\"text-align: center;\" width=\"129\">Intervalul de testare<\/td>\n<td style=\"text-align: center;\" width=\"229\">0~-90 KPa<\/td>\n<\/tr>\n<tr>\n<td style=\"text-align: center;\" width=\"129\">Camer\u0103<\/td>\n<td width=\"229\">Forma cilindrului acrilic<\/td>\n<\/tr>\n<tr>\n<td style=\"text-align: center;\" width=\"129\">Spa\u021biu de testare<\/td>\n<td style=\"text-align: center;\" width=\"229\">\u03a6270*H210mm (interior utilizabil)<\/td>\n<\/tr>\n<tr>\n<td style=\"text-align: center;\" width=\"129\">Aer comprimat<\/td>\n<td style=\"text-align: center;\" width=\"229\">0,7MPa (Preg\u0103tit de utilizator)<\/td>\n<\/tr>\n<tr>\n<td style=\"text-align: center;\" width=\"129\">Putere<\/td>\n<td style=\"text-align: center;\" width=\"229\">110V, sau 220V 50\/60Hz<\/td>\n<\/tr>\n<\/tbody>\n<\/table>\n<h2><strong>\u00centreb\u0103ri frecvente (FAQ)<\/strong><\/h2>\n<ul>\n<li><strong>Ce este ASTM D3078 \u0219i cum se refer\u0103 la testarea scurgerilor de ambalaje?<\/strong><br \/>\n<strong>ASTM D3078<\/strong> este o metod\u0103 standard de testare pentru detectarea scurgerilor grosiere \u00een ambalaje flexibile prin utilizarea emisiei de bule \u00eentr-o camer\u0103 cu ap\u0103. Aceasta este utilizat\u0103 pe scar\u0103 larg\u0103 \u00een ambalarea produselor alimentare, farmaceutice \u0219i a dispozitivelor medicale.<\/li>\n<li><strong>Cum detecteaz\u0103 scurgerile testerul de scurgeri LT-02?<\/strong><br \/>\nLT-02 utilizeaz\u0103 o camer\u0103 de vid umplut\u0103 cu ap\u0103. Pe m\u0103sur\u0103 ce aerul iese din orice scurgeri din ambalaj, se formeaz\u0103 bule, facilit\u00e2nd identificarea vizual\u0103 a scurgerilor.<\/li>\n<li><strong>Ce industrii beneficiaz\u0103 de utilizarea unui tester de scurgeri de ambalaje?<\/strong><br \/>\nIndustrii precum ambalarea alimentelor, produsele farmaceutice, dispozitivele medicale \u0219i produc\u0103torii de ambalaje beneficiaz\u0103 de utilizarea testelor de etan\u0219eitate a ambalajelor pentru a asigura calitatea \u0219i conformitatea produselor.<\/li>\n<li><strong>LT-02 poate fi utilizat pentru pachete de dimensiuni diferite?<\/strong><br \/>\nDa, LT-02 are dimensiuni ale camerei personalizabile pentru a se potrivi cu o gam\u0103 larg\u0103 de formate de ambalaje, de la recipiente mici pentru alimente la ambalaje medicale mai mari.<\/li>\n<li><strong>Cum se instaleaz\u0103 testerul de scurgeri LT-02 pentru utilizare?<\/strong><br \/>\nConfigurarea LT-02 este simpl\u0103. Pur \u0219i simplu plasa\u021bi ambalajul \u00een interiorul camerei, sigila\u021bi-l \u0219i regla\u021bi set\u0103rile de vid \u0219i de timp de testare dup\u0103 cum este necesar. Dispozitivul va efectua apoi testul \u0219i va oferi feedback vizual dac\u0103 este detectat\u0103 o scurgere.<\/li>\n<\/ul>\n<p>The <strong>Tester de scurgere a pachetului LT-02<\/strong> de la Cell Instruments este un instrument esen\u021bial pentru asigurarea integrit\u0103\u021bii sigiliilor de ambalare \u00een mai multe industrii. Indiferent dac\u0103 sunte\u021bi implicat \u00een ambalarea produselor alimentare, farmaceutice sau \u00een fabricarea ambalajelor, LT-02 ofer\u0103 teste de etan\u0219eitate precise, fiabile \u0219i eficiente \u00een conformitate cu <strong>ASTM D3078<\/strong> \u0219i alte standarde relevante. Datorit\u0103 caracteristicilor sale personalizabile, capacit\u0103\u021bilor de vid ridicat \u0219i oper\u0103rii u\u0219or de utilizat, LT-02 ajut\u0103 la protejarea calit\u0103\u021bii produselor, la reducerea costurilor de produc\u021bie \u0219i la men\u021binerea conformit\u0103\u021bii cu cerin\u021bele de reglementare.<\/p>\n<p>Alege\u021bi <strong>Tester de scurgere a pachetului LT-02<\/strong> pentru nevoile dumneavoastr\u0103 de testare a etan\u0219eit\u0103\u021bii \u0219i asigura\u021bi-v\u0103 c\u0103 ambalajul dumneavoastr\u0103 ofer\u0103 cel mai \u00eenalt nivel de protec\u021bie pentru produsele dumneavoastr\u0103.<\/p>","protected":false},"excerpt":{"rendered":"<p>Asigurarea integrit\u0103\u021bii sigiliilor ambalajelor este esen\u021bial\u0103 pentru protejarea produselor de contaminare, deteriorare \u0219i degradare. Un aparat fiabil de testare a etan\u0219eit\u0103\u021bii ambalajelor, cum ar fi <strong>Tester de scurgere LT-02<\/strong> joac\u0103 un rol vital \u00een industrii care variaz\u0103 de la ambalarea alimentelor la produsele farmaceutice, oferind informa\u021bii esen\u021biale privind calitatea ambalajelor. Acest instrument avansat de testare a scurgerilor \u00eei ajut\u0103 pe produc\u0103tori s\u0103 detecteze \u0219i s\u0103 abordeze defectele de ambalare din timp, asigur\u00e2ndu-se c\u0103 produsele r\u0103m\u00e2n sigure, proaspete \u0219i conforme cu standardele industriei.<\/p>","protected":false},"featured_media":5984,"comment_status":"closed","ping_status":"closed","template":"","meta":{"site-sidebar-layout":"default","site-content-layout":"default","ast-global-header-display":"","ast-main-header-display":"","ast-hfb-above-header-display":"","ast-hfb-below-header-display":"","ast-hfb-mobile-header-display":"","site-post-title":"disabled","ast-breadcrumbs-content":"","ast-featured-img":"disabled","footer-sml-layout":"","theme-transparent-header-meta":"default","adv-header-id-meta":"","stick-header-meta":"","header-above-stick-meta":"","header-main-stick-meta":"","header-below-stick-meta":""},"product_cat":[845,674,675,17,149,16,105,135,95],"product_tag":[],"class_list":{"0":"post-1728","1":"product","2":"type-product","3":"status-publish","4":"has-post-thumbnail","6":"product_cat-customization","7":"product_cat-test-items","8":"product_cat-leak-tester","9":"product_cat-package-container-testers","10":"product_cat-pharma-and-medical-testers","11":"product_cat-plastic-packaging-testers","12":"product_cat-astm-d3078","13":"product_cat-astm-d4991","14":"product_cat-products","15":"desktop-align-left","16":"tablet-align-left","17":"mobile-align-left","19":"first","20":"instock","21":"shipping-taxable","22":"product-type-simple"},"_links":{"self":[{"href":"https:\/\/www.qualitester.com\/ro\/wp-json\/wp\/v2\/product\/1728","targetHints":{"allow":["GET"]}}],"collection":[{"href":"https:\/\/www.qualitester.com\/ro\/wp-json\/wp\/v2\/product"}],"about":[{"href":"https:\/\/www.qualitester.com\/ro\/wp-json\/wp\/v2\/types\/product"}],"replies":[{"embeddable":true,"href":"https:\/\/www.qualitester.com\/ro\/wp-json\/wp\/v2\/comments?post=1728"}],"version-history":[{"count":0,"href":"https:\/\/www.qualitester.com\/ro\/wp-json\/wp\/v2\/product\/1728\/revisions"}],"wp:featuredmedia":[{"embeddable":true,"href":"https:\/\/www.qualitester.com\/ro\/wp-json\/wp\/v2\/media\/5984"}],"wp:attachment":[{"href":"https:\/\/www.qualitester.com\/ro\/wp-json\/wp\/v2\/media?parent=1728"}],"wp:term":[{"taxonomy":"product_cat","embeddable":true,"href":"https:\/\/www.qualitester.com\/ro\/wp-json\/wp\/v2\/product_cat?post=1728"},{"taxonomy":"product_tag","embeddable":true,"href":"https:\/\/www.qualitester.com\/ro\/wp-json\/wp\/v2\/product_tag?post=1728"}],"curies":[{"name":"wp","href":"https:\/\/api.w.org\/{rel}","templated":true}]}}