{"id":1463,"date":"2023-04-20T13:07:14","date_gmt":"2023-04-20T05:07:14","guid":{"rendered":"https:\/\/www.qualitester.com\/?post_type=product&#038;p=1463"},"modified":"2024-12-04T10:45:38","modified_gmt":"2024-12-04T02:45:38","slug":"carbon-dioxide-volume-tester-clrt-01","status":"publish","type":"product","link":"https:\/\/www.qualitester.com\/ro\/produs\/carbon-dioxide-volume-tester-clrt-01\/","title":{"rendered":"CLRT-01 Tester de volum al dioxidului de carbon"},"content":{"rendered":"<p>The <strong>Tester automat de volum de gaz<\/strong> este un instrument de ultim\u0103 genera\u021bie conceput pentru m\u0103surarea precis\u0103 a volumelor de gaz \u00een recipiente sigilate. Este esen\u021bial pentru industrii precum cea alimentar\u0103 \u0219i a b\u0103uturilor, farmaceutic\u0103 \u0219i a dispozitivelor medicale, unde m\u0103sur\u0103torile exacte ale volumului de gaz asigur\u0103 calitatea, siguran\u021ba \u0219i consecven\u021ba produselor. Acest instrument automatizeaz\u0103 procesul manual tradi\u021bional, oferind rezultate rapide \u0219i fiabile, respect\u00e2nd \u00een acela\u0219i timp standarde industriale precum <strong>ASTM F1115<\/strong>.<\/p>\n<h2><strong>\u00cen\u021belegerea ASTM F1115 \u0219i rolul s\u0103u \u00een testarea volumului de gaz<\/strong><\/h2>\n<h3><strong>Ce este <a href=\"https:\/\/www.astm.org\/f1115-16.html\" target=\"_blank\" rel=\"noopener nofollow\">ASTM F1115<\/a>?<\/strong><\/h3>\n<p>ASTM F1115 este o metod\u0103 de testare standard utilizat\u0103 pentru m\u0103surarea volumelor de gaz \u00een recipiente sigilate. Acesta este adoptat pe scar\u0103 larg\u0103 \u00een industriile care se bazeaz\u0103 pe volume de gaz controlate, cum ar fi b\u0103uturile carbogazoase, ambalajul farmaceutic \u0219i sigilarea dispozitivelor medicale. Standardul garanteaz\u0103 c\u0103 produc\u0103torii \u00eendeplinesc cerin\u021bele specifice privind consisten\u021ba \u0219i precizia volumului de gaz, care sunt esen\u021biale at\u00e2t pentru integritatea produsului, c\u00e2t \u0219i pentru siguran\u021ba consumatorilor.<\/p>\n<h3><strong>Metode de testare \u00een ASTM F1115<\/strong><\/h3>\n<p>The <a href=\"https:\/\/www.qualitester.com\/ro\/categorie-produs\/astm\/astm-f1115\/\" target=\"_blank\" rel=\"noopener\">ASTM F1115<\/a> Metoda de testare presupune sigilarea unui recipient, m\u0103surarea presiunii interne \u0219i luarea \u00een considerare a fluctua\u021biilor de temperatur\u0103 pentru a calcula cu precizie volumul de gaz. Procesul este controlat \u0219i necesit\u0103 instrumente de \u00eenalt\u0103 precizie pentru a asigura repetabilitatea \u0219i acurate\u021bea. Metoda <strong>Tester automat de volum de gaz<\/strong> integreaz\u0103 senzori avansa\u021bi pentru a m\u0103sura cu precizie presiunea \u0219i temperatura, asigur\u00e2nd conformitatea cu standardele ASTM F1115.<\/p>\n<h3><strong>Principalele cerin\u021be ale ASTM F1115<\/strong><\/h3>\n<ul>\n<li><strong>M\u0103surare de precizie:<\/strong> Senzorii exac\u021bi sunt esen\u021biali at\u00e2t pentru m\u0103surarea presiunii, c\u00e2t \u0219i a temperaturii pentru a asigura conformitatea cu ASTM F1115.<\/li>\n<li><strong>Volum de gaz constant:<\/strong> Standardul necesit\u0103 un control atent al condi\u021biilor de testare, cum ar fi temperatura, presiunea \u0219i integritatea probei, pentru a men\u021bine consecven\u021ba rezultatelor testelor.<\/li>\n<li><strong>Siguran\u021b\u0103 \u0219i fiabilitate:<\/strong> Metoda ASTM F1115 este conceput\u0103 pentru a asigura siguran\u021ba produselor ambalate, prevenind suprapresurizarea sau scurgerile.<\/li>\n<\/ul>\n<h3><strong>De ce este important ASTM F1115<\/strong><\/h3>\n<p>Conformitatea cu <strong>ASTM F1115<\/strong> asigur\u0103 c\u0103 produsele \u00eendeplinesc standardele de reglementare \u0219i de control al calit\u0103\u021bii. Produc\u0103torii pot avea \u00eencredere \u00een rezultatele testului de volum de gaz pentru a men\u021bine calitatea constant\u0103 a produselor, a reduce defectele \u0219i a garanta siguran\u021ba produselor lor pe pia\u021b\u0103.<\/p>\n<h2><strong>Caracteristici tehnice ale testerului automat de volum de gaz<\/strong><\/h2>\n<ul>\n<li><strong>Proces automatizat:<\/strong> Testerul automatizeaz\u0103 \u00eentregul proces de m\u0103surare a volumului de gaz: perforarea recipientului, eliberarea presiunii, agitarea probei \u0219i \u00eenregistrarea rezultatelor. Acest lucru reduce nevoia de interven\u021bie manual\u0103 \u0219i cre\u0219te eficien\u021ba test\u0103rii.<\/li>\n<li><strong>Senzori de \u00eenalt\u0103 precizie:<\/strong> Echipat cu senzori avansa\u021bi de temperatur\u0103 \u0219i presiune, testerul asigur\u0103 c\u0103 m\u0103sur\u0103torile \u00eendeplinesc standardele ridicate cerute de ASTM F1115.<\/li>\n<li><strong>Interfa\u021b\u0103 u\u0219or de utilizat:<\/strong> Instrumentul dispune de un sistem de control PLC de grad industrial cu o interfa\u021b\u0103 cu ecran tactil, facilit\u00e2nd operarea \u0219i monitorizarea rezultatelor.<\/li>\n<li><strong>Set\u0103ri personalizabile:<\/strong> Parametrii precum viteza de agitare, viteza de str\u0103pungere \u0219i durata testului pot fi ajusta\u021bi pentru a \u00eendeplini cerin\u021bele specifice de testare, oferind flexibilitate pentru diferite aplica\u021bii.<\/li>\n<li><strong>Caracteristici op\u021bionale:<\/strong> Testerul poate fi echipat cu o microimprimant\u0103 pentru documentarea rezultatelor testelor sau conectat la un software extern prin intermediul unui port RS 232 pentru analiza datelor.<\/li>\n<\/ul>\n<h2><strong>Aplica\u021bii \u0219i cazuri de utilizare<\/strong><\/h2>\n<p>The <strong>Tester automat de volum de gaz<\/strong> este ideal pentru industriile care necesit\u0103 m\u0103surarea precis\u0103 a volumelor de gaz, inclusiv:<\/p>\n<ul>\n<li><strong>Industria b\u0103uturilor:<\/strong> Folosit pentru m\u0103surarea nivelului de carbonatare \u00een sticle \u0219i cutii pentru a asigura o efervescen\u021b\u0103 constant\u0103.<\/li>\n<li><strong>Produse farmaceutice \u0219i dispozitive medicale:<\/strong> Verific\u0103 integritatea recipientelor \u0219i ambalajelor sigilate, asigur\u00e2nd consisten\u021ba volumului de gaz \u00een sistemele de administrare a medicamentelor.<\/li>\n<li><strong>Industria ambalajelor:<\/strong> Asigur\u0103 un volum adecvat de gaz \u00een diferite tipuri de ambalaje, inclusiv alimente, b\u0103uturi \u0219i recipiente pentru dispozitive medicale.<\/li>\n<\/ul>\n<h2><strong>De ce s\u0103 alege\u021bi testerul automat de volum de gaz?<\/strong><\/h2>\n<ul>\n<li><strong>\u00cen conformitate cu ASTM F1115:<\/strong> Testerul este pe deplin conform cu ASTM F1115, oferind rezultate precise \u0219i fiabile care \u00eendeplinesc standardele din industrie.<\/li>\n<li><strong>Precizie \u0219i consecven\u021b\u0103:<\/strong> Acesta ofer\u0103 m\u0103sur\u0103tori repetabile \u0219i precise cu senzori de \u00eenalt\u0103 precizie, asigur\u00e2nd consecven\u021ba proceselor de produc\u021bie.<\/li>\n<li><strong>Eficien\u021b\u0103 crescut\u0103:<\/strong> Procesul automatizat economise\u0219te timp \u0219i reduce munca manual\u0103, permi\u021b\u00e2nd testarea mai rapid\u0103 \u0219i luarea mai rapid\u0103 a deciziilor \u00een mediile de produc\u021bie.<\/li>\n<\/ul>\n<h2><strong>Parametrii principali<\/strong><\/h2>\n<table>\n<tbody>\n<tr>\n<td style=\"text-align: center;\" width=\"114\">Intervalul de testare<\/td>\n<td style=\"text-align: center;\" width=\"205\">0~1MPa<\/td>\n<\/tr>\n<tr>\n<td style=\"text-align: center;\" width=\"114\">Rezolu\u021bie<\/td>\n<td style=\"text-align: center;\" width=\"205\">0,01KPa<\/td>\n<\/tr>\n<tr>\n<td style=\"text-align: center;\" width=\"114\">Viteza de scuturare<\/td>\n<td style=\"text-align: center;\" width=\"205\">Reglabil<\/td>\n<\/tr>\n<tr>\n<td style=\"text-align: center;\" width=\"114\">Viteza de str\u0103pungere<\/td>\n<td style=\"text-align: center;\" width=\"205\">5mm\/s (altele disponibile)<\/td>\n<\/tr>\n<tr>\n<td style=\"text-align: center;\" width=\"114\">\u00cen\u0103l\u021bimea e\u0219antionului<\/td>\n<td style=\"text-align: center;\" width=\"205\">\u2264 350mm (altele disponibile)<\/td>\n<\/tr>\n<tr>\n<td style=\"text-align: center;\" width=\"114\">Interval de temperatur\u0103<\/td>\n<td style=\"text-align: center;\" width=\"205\">0 ~ 30 \u2103<\/td>\n<\/tr>\n<tr>\n<td style=\"text-align: center;\" width=\"114\">Timp de agitare<\/td>\n<td style=\"text-align: center;\" width=\"205\">40s (altele disponibile)<\/td>\n<\/tr>\n<tr>\n<td style=\"text-align: center;\" width=\"114\">Rezolu\u021bie<\/td>\n<td style=\"text-align: center;\" width=\"205\">0.1 \u2103<\/td>\n<\/tr>\n<\/tbody>\n<\/table>\n<h2><strong>\u00centreb\u0103ri frecvente<\/strong><\/h2>\n<ol>\n<li><strong>Ce industrii beneficiaz\u0103 de utilizarea testerului automat de volum de gaz?<\/strong>\n<ul>\n<li>Testerul este ideal pentru industria b\u0103uturilor, farmaceutic\u0103, a ambalajelor \u0219i a dispozitivelor medicale, unde m\u0103sur\u0103torile precise ale volumului de gaz sunt esen\u021biale.<\/li>\n<\/ul>\n<\/li>\n<li><strong>Cum asigur\u0103 m\u0103sur\u0103torile exacte testerul automat de volum de gaz?<\/strong>\n<ul>\n<li>Acesta utilizeaz\u0103 senzori de presiune \u0219i temperatur\u0103 de \u00eenalt\u0103 precizie, asigur\u00e2nd c\u0103 m\u0103sur\u0103torile sunt precise \u0219i repetabile \u00een conformitate cu standardele ASTM F1115.<\/li>\n<\/ul>\n<\/li>\n<li><strong>Testerul automat de volum de gaz poate fi personalizat pentru cerin\u021be de testare specifice?<\/strong>\n<ul>\n<li>Da, testerul ofer\u0103 set\u0103ri personalizabile pentru viteza de scuturare, viteza de perforare \u0219i durata testului, permi\u021b\u00e2nd flexibilitate pentru diferite protocoale de testare.<\/li>\n<\/ul>\n<\/li>\n<li><strong>Testerul automat de volum de gaz este conform cu standardele din industrie?<\/strong>\n<ul>\n<li>Da, este \u00een conformitate cu ASTM F1115 \u0219i alte standarde relevante, asigur\u00e2nd rezultate consecvente \u0219i de \u00eenalt\u0103 calitate.<\/li>\n<\/ul>\n<\/li>\n<li><strong>Cum pot fi documentate rezultatele testelor?<\/strong>\n<ul>\n<li>Rezultatele pot fi imprimate cu ajutorul microimprimantei op\u021bionale sau exportate prin intermediul unui port RS 232 pentru analize ulterioare cu un software extern.<\/li>\n<\/ul>\n<\/li>\n<\/ol>","protected":false},"excerpt":{"rendered":"<p>The <strong>Tester automat de volum de gaz<\/strong> este un instrument de ultim\u0103 genera\u021bie conceput pentru m\u0103surarea precis\u0103 a volumelor de gaz \u00een recipiente sigilate. Este esen\u021bial pentru industrii precum cea alimentar\u0103 \u0219i a b\u0103uturilor, farmaceutic\u0103 \u0219i a dispozitivelor medicale, unde m\u0103sur\u0103torile exacte ale volumului de gaz asigur\u0103 calitatea, siguran\u021ba \u0219i consecven\u021ba produselor. Acest instrument automatizeaz\u0103 procesul manual tradi\u021bional, oferind rezultate rapide \u0219i fiabile, respect\u00e2nd \u00een acela\u0219i timp standarde industriale precum <strong>ASTM F1115<\/strong>.<\/p>","protected":false},"featured_media":6014,"comment_status":"closed","ping_status":"closed","template":"","meta":{"site-sidebar-layout":"default","site-content-layout":"default","ast-global-header-display":"","ast-main-header-display":"","ast-hfb-above-header-display":"","ast-hfb-below-header-display":"","ast-hfb-mobile-header-display":"","site-post-title":"","ast-breadcrumbs-content":"","ast-featured-img":"","footer-sml-layout":"","theme-transparent-header-meta":"default","adv-header-id-meta":"","stick-header-meta":"","header-above-stick-meta":"","header-main-stick-meta":"","header-below-stick-meta":""},"product_cat":[932,845,17,140,95],"product_tag":[],"class_list":{"0":"post-1463","1":"product","2":"type-product","3":"status-publish","4":"has-post-thumbnail","6":"product_cat-co2-volume-tester","7":"product_cat-customization","8":"product_cat-package-container-testers","9":"product_cat-astm-f1115","10":"product_cat-products","11":"desktop-align-left","12":"tablet-align-left","13":"mobile-align-left","15":"first","16":"instock","17":"shipping-taxable","18":"product-type-simple"},"_links":{"self":[{"href":"https:\/\/www.qualitester.com\/ro\/wp-json\/wp\/v2\/product\/1463","targetHints":{"allow":["GET"]}}],"collection":[{"href":"https:\/\/www.qualitester.com\/ro\/wp-json\/wp\/v2\/product"}],"about":[{"href":"https:\/\/www.qualitester.com\/ro\/wp-json\/wp\/v2\/types\/product"}],"replies":[{"embeddable":true,"href":"https:\/\/www.qualitester.com\/ro\/wp-json\/wp\/v2\/comments?post=1463"}],"version-history":[{"count":0,"href":"https:\/\/www.qualitester.com\/ro\/wp-json\/wp\/v2\/product\/1463\/revisions"}],"wp:featuredmedia":[{"embeddable":true,"href":"https:\/\/www.qualitester.com\/ro\/wp-json\/wp\/v2\/media\/6014"}],"wp:attachment":[{"href":"https:\/\/www.qualitester.com\/ro\/wp-json\/wp\/v2\/media?parent=1463"}],"wp:term":[{"taxonomy":"product_cat","embeddable":true,"href":"https:\/\/www.qualitester.com\/ro\/wp-json\/wp\/v2\/product_cat?post=1463"},{"taxonomy":"product_tag","embeddable":true,"href":"https:\/\/www.qualitester.com\/ro\/wp-json\/wp\/v2\/product_tag?post=1463"}],"curies":[{"name":"wp","href":"https:\/\/api.w.org\/{rel}","templated":true}]}}